{"id":7467,"date":"2025-09-26T22:29:07","date_gmt":"2025-09-26T20:29:07","guid":{"rendered":"https:\/\/gardenersfriend.eu\/product\/toxan-poison-liquide-pour-souris-et-rats\/"},"modified":"2026-04-23T15:17:55","modified_gmt":"2026-04-23T13:17:55","slug":"toxan-poison-liquide-pour-souris-et-rats","status":"publish","type":"product","link":"https:\/\/gardenersfriend.eu\/fr\/produit\/toxan-poison-liquide-pour-souris-et-rats\/","title":{"rendered":"Toxan &#8211; Poison liquide pour souris et rats"},"content":{"rendered":"<h2>Toxan<\/h2>\n<p><strong>Toxan<\/strong> est un poison liquide de lutte contre les rongeurs contenant 0,005 % de bromadiolone, un anticoagulant de deuxi\u00e8me g\u00e9n\u00e9ration \u00e0 dose unique, et une substance am\u00e8re qui r\u00e9duit le risque d&rsquo;ingestion par les organismes ind\u00e9sirables. Il est destin\u00e9 \u00e0 \u00eatre utilis\u00e9 lorsque l&rsquo;acc\u00e8s \u00e0 l&rsquo;eau est limit\u00e9 et que la nourriture naturelle des rongeurs est en concurrence avec les app\u00e2ts solides. Efficace contre les souris et les rats, il peut \u00eatre utilis\u00e9 dans les habitations, les fermes, les entrep\u00f4ts, les \u00e9levages, les ateliers de production et les boulangeries. Dosage : 100 ml dans des abreuvoirs sp\u00e9ciaux plac\u00e9s dans des points d&rsquo;app\u00e2t tous les 3-4 m\u00e8tres pour les souris et tous les 15 m\u00e8tres pour les rats. Le produit devrait \u00e9liminer les rongeurs en 35 jours. Remarque : il s&rsquo;agit d&rsquo;un produit biocide &#8211; \u00e0 utiliser avec une extr\u00eame prudence.     <\/p>\n<h3>Description et sp\u00e9cifications du produit &#8211; Toxan P\u0142yn Fregata &#8211; rodenticide pour rats et souris<\/h3>\n<h3>Toxan liquide<\/h3>\n<p><strong>Ingr\u00e9dient actif :<\/strong> 0,005% de bromadiolone (anticoagulant unidose de deuxi\u00e8me g\u00e9n\u00e9ration). Le produit contient \u00e9galement une substance fortement am\u00e8re qui r\u00e9duit le risque d&rsquo;ingestion par les organismes non cibl\u00e9s. <\/p>\n<p><strong>Liquid Toxan<\/strong> &#8211; Un agent liquide de lutte contre les rongeurs. Le Toxan liquide est utilis\u00e9 de pr\u00e9f\u00e9rence dans les zones o\u00f9 l&rsquo;approvisionnement en eau est limit\u00e9 et o\u00f9 leur nourriture naturelle est trop comp\u00e9titive par rapport aux app\u00e2ts solides sous forme de granul\u00e9s, de flocons, de p\u00e2tes ou de cubes. <\/p>\n<h3>Liquid Toxan cible les nuisibles :<\/h3>\n<p>&#x2714;&#xfe0f; Souris<br \/>\n&#x2714;&#xfe0f; Rats<\/p>\n<h3>Toxan liquide Application :<\/h3>\n<p>&#x2714;&#xfe0f; dans le domaine r\u00e9sidentiel,<br \/>\n&#x2714;&#xfe0f; ferme,<br \/>\n&#x2714;&#xfe0f; entrep\u00f4t,<br \/>\n&#x2714;&#xfe0f; b\u00e9tail,<br \/>\n&#x2714;&#xfe0f; production,<br \/>\n&#x2714;&#xfe0f; boulangeries<\/p>\n<h3>Toxan liquide Dosage :<\/h3>\n<p>Le produit doit \u00eatre plac\u00e9 dans des r\u00e9cipients de 100 ml uniquement, ins\u00e9r\u00e9s dans des stations d&rsquo;app\u00e2t scell\u00e9es, s\u00e9curis\u00e9es et inviolables, con\u00e7ues pour les formulations liquides.<\/p>\n<p>Les mangeoires doivent \u00eatre plac\u00e9es tous les 3-4 m\u00e8tres pour les souris et tous les 15 m\u00e8tres pour les rats. Lorsque vous utilisez le produit \u00e0 l&rsquo;int\u00e9rieur et autour des b\u00e2timents, les points d&rsquo;app\u00e2t doivent \u00eatre plac\u00e9s le long des murs et dans les zones d&rsquo;activit\u00e9 des rongeurs. <\/p>\n<h3>L&rsquo;utilisation de ce produit devrait permettre d&rsquo;\u00e9liminer les rongeurs en 35 jours.<\/h3>\n<p><strong>AVERTISSEMENT !!! <\/strong>Ce produit biocide doit \u00eatre utilis\u00e9 avec une extr\u00eame prudence. Lisez l&rsquo;\u00e9tiquette et la notice avant de l&rsquo;utiliser. <\/p>\n<p><strong>Pour plus d&rsquo;informations, veuillez vous r\u00e9f\u00e9rer \u00e0 l&rsquo;\u00e9tiquette jointe aux fichiers de t\u00e9l\u00e9chargement : <a title=\"Toxan_FR\" href=\"https:\/\/gardenersfriend.eu\/wp-content\/uploads\/2026\/02\/TOXAN-FR.pdf\">Toxan_FR<\/a><\/strong><\/p>\n<p><strong>Voir plus de nos produits : <a title=\"Ami des jardiniers Tous les produits\" href=\"https:\/\/gardenersfriend.eu\/fr\/boutique\/\">Tous les produits<\/a><\/strong><\/p>\n\n<h5>Informations l\u00e9gales<\/h5>\n<p>\nConseils\u00a0! Utilisez les pesticides avec pr\u00e9caution.\n\nAvant utilisation, veuillez lire attentivement l\u2019\u00e9tiquette et les informations relatives au produit.\n\nUtilisation autoris\u00e9e par les particuliers.\n\nException\u00a0: L\u2019acheteur belge d\u00e9clare qu\u2019au moment de l\u2019achat, il est pleinement capable juridiquement et qu\u2019il poss\u00e8de les qualifications requises pour l\u2019achat de produits phytosanitaires.\n\nConform\u00e9ment \u00e0 l\u2019article\u00a0[num\u00e9ro de l\u2019article] Conform\u00e9ment \u00e0 l'article 28 de la loi du 8 mars 2013 relative aux produits phytopharmaceutiques (Journal officiel 2020, article 2097), \u00e0 compter du 26 novembre 2015, les produits phytopharmaceutiques destin\u00e9s aux professionnels peuvent \u00eatre vendus aux personnes qui\u00a0:\n\n1) ont suivi une formation \u00e0 l'utilisation des produits phytopharmaceutiques en R\u00e9publique de Pologne, attest\u00e9e par une attestation de r\u00e9ussite\u00a0; ou\n\n2) ont suivi une formation au conseil en produits phytopharmaceutiques en R\u00e9publique de Pologne, attest\u00e9e par une attestation de r\u00e9ussite\u00a0; ou\n\n3) ont suivi une formation \u00e0 la production v\u00e9g\u00e9tale int\u00e9gr\u00e9e, attest\u00e9e par une attestation de r\u00e9ussite\u00a0; ou\n\n4) ont suivi, au plus t\u00f4t cinq ans avant l'achat de ces produits, la formation requise pour les professionnels dans un autre \u00c9tat membre de l'Union europ\u00e9enne ou dans un pays partie \u00e0 l'Accord sur l'Espace \u00e9conomique europ\u00e9en, conform\u00e9ment \u00e0 la r\u00e9glementation en vigueur dans ce pays, et attest\u00e9e par une attestation de r\u00e9ussite\u00a0; ou ont pr\u00e9sent\u00e9 un autre document d\u00e9livr\u00e9 conform\u00e9ment \u00e0 la r\u00e9glementation en vigueur dans ce pays. Ils confirment avoir obtenu l'autorisation d'acheter des produits phytosanitaires destin\u00e9s aux professionnels.\n\nImportant\u00a0!\n\nSeules les personnes \u00e2g\u00e9es de plus de 18\u00a0ans peuvent utiliser des produits phytosanitaires.\n\nLes produits phytosanitaires doivent \u00eatre utilis\u00e9s avec pr\u00e9caution.\n\nAvant chaque utilisation, veuillez lire attentivement les informations figurant sur l'\u00e9tiquette et la notice.\n<\/p>\n","protected":false},"excerpt":{"rendered":"<p>Toxan est un poison liquide pour rongeurs contenant 0,005 % de bromadiolone, un anticoagulant de deuxi\u00e8me g\u00e9n\u00e9ration \u00e0 usage unique et une substance am\u00e8re qui r\u00e9duit le risque d&rsquo;ingestion par des organismes ind\u00e9sirables.<\/p>\n","protected":false},"featured_media":7463,"comment_status":"open","ping_status":"closed","template":"","meta":{"_uag_custom_page_level_css":"","site-sidebar-layout":"default","site-content-layout":"","ast-site-content-layout":"default","site-content-style":"default","site-sidebar-style":"default","ast-global-header-display":"","ast-banner-title-visibility":"","ast-main-header-display":"","ast-hfb-above-header-display":"","ast-hfb-below-header-display":"","ast-hfb-mobile-header-display":"","site-post-title":"","ast-breadcrumbs-content":"","ast-featured-img":"","footer-sml-layout":"","ast-disable-related-posts":"","theme-transparent-header-meta":"default","adv-header-id-meta":"","stick-header-meta":"","header-above-stick-meta":"","header-main-stick-meta":"","header-below-stick-meta":"","astra-migrate-meta-layouts":"default","ast-page-background-enabled":"default","ast-page-background-meta":{"desktop":{"background-color":"var(--ast-global-color-4)","background-image":"","background-repeat":"repeat","background-position":"center center","background-size":"auto","background-attachment":"scroll","background-type":"","background-media":"","overlay-type":"","overlay-color":"","overlay-opacity":"","overlay-gradient":""},"tablet":{"background-color":"","background-image":"","background-repeat":"repeat","background-position":"center center","background-size":"auto","background-attachment":"scroll","background-type":"","background-media":"","overlay-type":"","overlay-color":"","overlay-opacity":"","overlay-gradient":""},"mobile":{"background-color":"","background-image":"","background-repeat":"repeat","background-position":"center center","background-size":"auto","background-attachment":"scroll","background-type":"","background-media":"","overlay-type":"","overlay-color":"","overlay-opacity":"","overlay-gradient":""}},"ast-content-background-meta":{"desktop":{"background-color":"var(--ast-global-color-5)","background-image":"","background-repeat":"repeat","background-position":"center center","background-size":"auto","background-attachment":"scroll","background-type":"","background-media":"","overlay-type":"","overlay-color":"","overlay-opacity":"","overlay-gradient":""},"tablet":{"background-color":"var(--ast-global-color-5)","background-image":"","background-repeat":"repeat","background-position":"center center","background-size":"auto","background-attachment":"scroll","background-type":"","background-media":"","overlay-type":"","overlay-color":"","overlay-opacity":"","overlay-gradient":""},"mobile":{"background-color":"var(--ast-global-color-5)","background-image":"","background-repeat":"repeat","background-position":"center center","background-size":"auto","background-attachment":"scroll","background-type":"","background-media":"","overlay-type":"","overlay-color":"","overlay-opacity":"","overlay-gradient":""}}},"product_brand":[],"product_cat":[201],"product_tag":[203],"class_list":{"0":"post-7467","1":"product","2":"type-product","3":"status-publish","4":"has-post-thumbnail","6":"product_cat-pesticides","7":"product_tag-pesticides","8":"desktop-align-left","9":"tablet-align-left","10":"mobile-align-left","12":"first","13":"instock","14":"taxable","15":"shipping-taxable","16":"purchasable","17":"product-type-variable","18":"has-default-attributes"},"yoast_head":"<!-- This site is optimized with the Yoast SEO plugin v27.4 - https:\/\/yoast.com\/product\/yoast-seo-wordpress\/ -->\n<title>Toxan - Poison liquide pour souris et rats - Gardeners Friend<\/title>\n<meta name=\"description\" content=\"Toxan est un poison liquide pour rongeurs contenant 0,005 % de bromadiolone, un anticoagulant de deuxi\u00e8me g\u00e9n\u00e9ration \u00e0 usage unique et une substance am\u00e8re qui r\u00e9duit le risque d&#039;ingestion par des organismes ind\u00e9sirables.\" \/>\n<meta name=\"robots\" content=\"index, follow, max-snippet:-1, max-image-preview:large, max-video-preview:-1\" \/>\n<link rel=\"canonical\" href=\"https:\/\/gardenersfriend.eu\/fr\/produit\/toxan-poison-liquide-pour-souris-et-rats\/\" \/>\n<meta property=\"og:locale\" content=\"fr_FR\" \/>\n<meta property=\"og:type\" content=\"article\" \/>\n<meta property=\"og:title\" content=\"Toxan - Poison liquide pour souris et rats - Gardeners Friend\" \/>\n<meta property=\"og:description\" content=\"Toxan est un poison liquide pour rongeurs contenant 0,005 % de bromadiolone, un anticoagulant de deuxi\u00e8me g\u00e9n\u00e9ration \u00e0 usage unique et une substance am\u00e8re qui r\u00e9duit le risque d&#039;ingestion par des organismes ind\u00e9sirables.\" \/>\n<meta property=\"og:url\" content=\"https:\/\/gardenersfriend.eu\/fr\/produit\/toxan-poison-liquide-pour-souris-et-rats\/\" \/>\n<meta property=\"og:site_name\" content=\"Gardeners Friend\" \/>\n<meta property=\"article:publisher\" content=\"https:\/\/www.facebook.com\/people\/Gardeners-Friend-Store\/61566268054378\/\" \/>\n<meta property=\"article:modified_time\" content=\"2026-04-23T13:17:55+00:00\" \/>\n<meta property=\"og:image\" content=\"https:\/\/gardenersfriend.eu\/wp-content\/uploads\/2025\/09\/Toxan-1L.jpg\" \/>\n\t<meta property=\"og:image:width\" content=\"680\" \/>\n\t<meta property=\"og:image:height\" content=\"680\" \/>\n\t<meta property=\"og:image:type\" content=\"image\/jpeg\" \/>\n<meta name=\"twitter:card\" content=\"summary_large_image\" \/>\n<meta name=\"twitter:label1\" content=\"Dur\u00e9e de lecture estim\u00e9e\" \/>\n\t<meta name=\"twitter:data1\" content=\"2 minutes\" \/>\n<script type=\"application\/ld+json\" class=\"yoast-schema-graph\">{\"@context\":\"https:\\\/\\\/schema.org\",\"@graph\":[{\"@type\":\"WebPage\",\"@id\":\"https:\\\/\\\/gardenersfriend.eu\\\/fr\\\/produit\\\/toxan-poison-liquide-pour-souris-et-rats\\\/\",\"url\":\"https:\\\/\\\/gardenersfriend.eu\\\/fr\\\/produit\\\/toxan-poison-liquide-pour-souris-et-rats\\\/\",\"name\":\"Toxan - Poison liquide pour souris et rats - Gardeners Friend\",\"isPartOf\":{\"@id\":\"https:\\\/\\\/gardenersfriend.eu\\\/fr\\\/#website\"},\"primaryImageOfPage\":{\"@id\":\"https:\\\/\\\/gardenersfriend.eu\\\/fr\\\/produit\\\/toxan-poison-liquide-pour-souris-et-rats\\\/#primaryimage\"},\"image\":{\"@id\":\"https:\\\/\\\/gardenersfriend.eu\\\/fr\\\/produit\\\/toxan-poison-liquide-pour-souris-et-rats\\\/#primaryimage\"},\"thumbnailUrl\":\"https:\\\/\\\/gardenersfriend.eu\\\/wp-content\\\/uploads\\\/2025\\\/09\\\/Toxan-1L.jpg\",\"datePublished\":\"2025-09-26T20:29:07+00:00\",\"dateModified\":\"2026-04-23T13:17:55+00:00\",\"description\":\"Toxan est un poison liquide pour rongeurs contenant 0,005 % de bromadiolone, un anticoagulant de deuxi\u00e8me g\u00e9n\u00e9ration \u00e0 usage unique et une substance am\u00e8re qui r\u00e9duit le risque d'ingestion par des organismes ind\u00e9sirables.\",\"breadcrumb\":{\"@id\":\"https:\\\/\\\/gardenersfriend.eu\\\/fr\\\/produit\\\/toxan-poison-liquide-pour-souris-et-rats\\\/#breadcrumb\"},\"inLanguage\":\"fr-FR\",\"potentialAction\":[{\"@type\":\"ReadAction\",\"target\":[\"https:\\\/\\\/gardenersfriend.eu\\\/fr\\\/produit\\\/toxan-poison-liquide-pour-souris-et-rats\\\/\"]}]},{\"@type\":\"ImageObject\",\"inLanguage\":\"fr-FR\",\"@id\":\"https:\\\/\\\/gardenersfriend.eu\\\/fr\\\/produit\\\/toxan-poison-liquide-pour-souris-et-rats\\\/#primaryimage\",\"url\":\"https:\\\/\\\/gardenersfriend.eu\\\/wp-content\\\/uploads\\\/2025\\\/09\\\/Toxan-1L.jpg\",\"contentUrl\":\"https:\\\/\\\/gardenersfriend.eu\\\/wp-content\\\/uploads\\\/2025\\\/09\\\/Toxan-1L.jpg\",\"width\":680,\"height\":680,\"caption\":\"Toxan 1L\"},{\"@type\":\"BreadcrumbList\",\"@id\":\"https:\\\/\\\/gardenersfriend.eu\\\/fr\\\/produit\\\/toxan-poison-liquide-pour-souris-et-rats\\\/#breadcrumb\",\"itemListElement\":[{\"@type\":\"ListItem\",\"position\":1,\"name\":\"Strona g\u0142\u00f3wna\",\"item\":\"https:\\\/\\\/gardenersfriend.eu\\\/fr\\\/\"},{\"@type\":\"ListItem\",\"position\":2,\"name\":\"Boutique\",\"item\":\"https:\\\/\\\/gardenersfriend.eu\\\/shop\\\/\"},{\"@type\":\"ListItem\",\"position\":3,\"name\":\"Toxan &#8211; Poison liquide pour souris et rats\"}]},{\"@type\":\"WebSite\",\"@id\":\"https:\\\/\\\/gardenersfriend.eu\\\/fr\\\/#website\",\"url\":\"https:\\\/\\\/gardenersfriend.eu\\\/fr\\\/\",\"name\":\"Gardeners Friend\",\"description\":\"herbicides, fertilisers, roundup\",\"publisher\":{\"@id\":\"https:\\\/\\\/gardenersfriend.eu\\\/fr\\\/#organization\"},\"potentialAction\":[{\"@type\":\"SearchAction\",\"target\":{\"@type\":\"EntryPoint\",\"urlTemplate\":\"https:\\\/\\\/gardenersfriend.eu\\\/fr\\\/?s={search_term_string}\"},\"query-input\":{\"@type\":\"PropertyValueSpecification\",\"valueRequired\":true,\"valueName\":\"search_term_string\"}}],\"inLanguage\":\"fr-FR\"},{\"@type\":\"Organization\",\"@id\":\"https:\\\/\\\/gardenersfriend.eu\\\/fr\\\/#organization\",\"name\":\"Gardeners Friend\",\"url\":\"https:\\\/\\\/gardenersfriend.eu\\\/fr\\\/\",\"logo\":{\"@type\":\"ImageObject\",\"inLanguage\":\"fr-FR\",\"@id\":\"https:\\\/\\\/gardenersfriend.eu\\\/fr\\\/#\\\/schema\\\/logo\\\/image\\\/\",\"url\":\"https:\\\/\\\/gardenersfriend.eu\\\/wp-content\\\/uploads\\\/2025\\\/09\\\/gf_accepted_big_logo.png\",\"contentUrl\":\"https:\\\/\\\/gardenersfriend.eu\\\/wp-content\\\/uploads\\\/2025\\\/09\\\/gf_accepted_big_logo.png\",\"width\":2000,\"height\":1000,\"caption\":\"Gardeners Friend\"},\"image\":{\"@id\":\"https:\\\/\\\/gardenersfriend.eu\\\/fr\\\/#\\\/schema\\\/logo\\\/image\\\/\"},\"sameAs\":[\"https:\\\/\\\/www.facebook.com\\\/people\\\/Gardeners-Friend-Store\\\/61566268054378\\\/\",\"https:\\\/\\\/www.instagram.com\\\/gardeners_friend_store\\\/\"]}]}<\/script>\n<!-- \/ Yoast SEO plugin. -->","yoast_head_json":{"title":"Toxan - Poison liquide pour souris et rats - Gardeners Friend","description":"Toxan est un poison liquide pour rongeurs contenant 0,005 % de bromadiolone, un anticoagulant de deuxi\u00e8me g\u00e9n\u00e9ration \u00e0 usage unique et une substance am\u00e8re qui r\u00e9duit le risque d'ingestion par des organismes ind\u00e9sirables.","robots":{"index":"index","follow":"follow","max-snippet":"max-snippet:-1","max-image-preview":"max-image-preview:large","max-video-preview":"max-video-preview:-1"},"canonical":"https:\/\/gardenersfriend.eu\/fr\/produit\/toxan-poison-liquide-pour-souris-et-rats\/","og_locale":"fr_FR","og_type":"article","og_title":"Toxan - Poison liquide pour souris et rats - Gardeners Friend","og_description":"Toxan est un poison liquide pour rongeurs contenant 0,005 % de bromadiolone, un anticoagulant de deuxi\u00e8me g\u00e9n\u00e9ration \u00e0 usage unique et une substance am\u00e8re qui r\u00e9duit le risque d'ingestion par des organismes ind\u00e9sirables.","og_url":"https:\/\/gardenersfriend.eu\/fr\/produit\/toxan-poison-liquide-pour-souris-et-rats\/","og_site_name":"Gardeners Friend","article_publisher":"https:\/\/www.facebook.com\/people\/Gardeners-Friend-Store\/61566268054378\/","article_modified_time":"2026-04-23T13:17:55+00:00","og_image":[{"width":680,"height":680,"url":"https:\/\/gardenersfriend.eu\/wp-content\/uploads\/2025\/09\/Toxan-1L.jpg","type":"image\/jpeg"}],"twitter_card":"summary_large_image","twitter_misc":{"Dur\u00e9e de lecture estim\u00e9e":"2 minutes"},"schema":{"@context":"https:\/\/schema.org","@graph":[{"@type":"WebPage","@id":"https:\/\/gardenersfriend.eu\/fr\/produit\/toxan-poison-liquide-pour-souris-et-rats\/","url":"https:\/\/gardenersfriend.eu\/fr\/produit\/toxan-poison-liquide-pour-souris-et-rats\/","name":"Toxan - Poison liquide pour souris et rats - Gardeners Friend","isPartOf":{"@id":"https:\/\/gardenersfriend.eu\/fr\/#website"},"primaryImageOfPage":{"@id":"https:\/\/gardenersfriend.eu\/fr\/produit\/toxan-poison-liquide-pour-souris-et-rats\/#primaryimage"},"image":{"@id":"https:\/\/gardenersfriend.eu\/fr\/produit\/toxan-poison-liquide-pour-souris-et-rats\/#primaryimage"},"thumbnailUrl":"https:\/\/gardenersfriend.eu\/wp-content\/uploads\/2025\/09\/Toxan-1L.jpg","datePublished":"2025-09-26T20:29:07+00:00","dateModified":"2026-04-23T13:17:55+00:00","description":"Toxan est un poison liquide pour rongeurs contenant 0,005 % de bromadiolone, un anticoagulant de deuxi\u00e8me g\u00e9n\u00e9ration \u00e0 usage unique et une substance am\u00e8re qui r\u00e9duit le risque d'ingestion par des organismes ind\u00e9sirables.","breadcrumb":{"@id":"https:\/\/gardenersfriend.eu\/fr\/produit\/toxan-poison-liquide-pour-souris-et-rats\/#breadcrumb"},"inLanguage":"fr-FR","potentialAction":[{"@type":"ReadAction","target":["https:\/\/gardenersfriend.eu\/fr\/produit\/toxan-poison-liquide-pour-souris-et-rats\/"]}]},{"@type":"ImageObject","inLanguage":"fr-FR","@id":"https:\/\/gardenersfriend.eu\/fr\/produit\/toxan-poison-liquide-pour-souris-et-rats\/#primaryimage","url":"https:\/\/gardenersfriend.eu\/wp-content\/uploads\/2025\/09\/Toxan-1L.jpg","contentUrl":"https:\/\/gardenersfriend.eu\/wp-content\/uploads\/2025\/09\/Toxan-1L.jpg","width":680,"height":680,"caption":"Toxan 1L"},{"@type":"BreadcrumbList","@id":"https:\/\/gardenersfriend.eu\/fr\/produit\/toxan-poison-liquide-pour-souris-et-rats\/#breadcrumb","itemListElement":[{"@type":"ListItem","position":1,"name":"Strona g\u0142\u00f3wna","item":"https:\/\/gardenersfriend.eu\/fr\/"},{"@type":"ListItem","position":2,"name":"Boutique","item":"https:\/\/gardenersfriend.eu\/shop\/"},{"@type":"ListItem","position":3,"name":"Toxan &#8211; Poison liquide pour souris et rats"}]},{"@type":"WebSite","@id":"https:\/\/gardenersfriend.eu\/fr\/#website","url":"https:\/\/gardenersfriend.eu\/fr\/","name":"Gardeners Friend","description":"herbicides, fertilisers, roundup","publisher":{"@id":"https:\/\/gardenersfriend.eu\/fr\/#organization"},"potentialAction":[{"@type":"SearchAction","target":{"@type":"EntryPoint","urlTemplate":"https:\/\/gardenersfriend.eu\/fr\/?s={search_term_string}"},"query-input":{"@type":"PropertyValueSpecification","valueRequired":true,"valueName":"search_term_string"}}],"inLanguage":"fr-FR"},{"@type":"Organization","@id":"https:\/\/gardenersfriend.eu\/fr\/#organization","name":"Gardeners Friend","url":"https:\/\/gardenersfriend.eu\/fr\/","logo":{"@type":"ImageObject","inLanguage":"fr-FR","@id":"https:\/\/gardenersfriend.eu\/fr\/#\/schema\/logo\/image\/","url":"https:\/\/gardenersfriend.eu\/wp-content\/uploads\/2025\/09\/gf_accepted_big_logo.png","contentUrl":"https:\/\/gardenersfriend.eu\/wp-content\/uploads\/2025\/09\/gf_accepted_big_logo.png","width":2000,"height":1000,"caption":"Gardeners Friend"},"image":{"@id":"https:\/\/gardenersfriend.eu\/fr\/#\/schema\/logo\/image\/"},"sameAs":["https:\/\/www.facebook.com\/people\/Gardeners-Friend-Store\/61566268054378\/","https:\/\/www.instagram.com\/gardeners_friend_store\/"]}]}},"uagb_featured_image_src":{"full":["https:\/\/gardenersfriend.eu\/wp-content\/uploads\/2025\/09\/Toxan-1L.jpg",680,680,false],"thumbnail":["https:\/\/gardenersfriend.eu\/wp-content\/uploads\/2025\/09\/Toxan-1L-150x150.jpg",150,150,true],"medium":["https:\/\/gardenersfriend.eu\/wp-content\/uploads\/2025\/09\/Toxan-1L-300x300.jpg",300,300,true],"medium_large":["https:\/\/gardenersfriend.eu\/wp-content\/uploads\/2025\/09\/Toxan-1L.jpg",680,680,false],"large":["https:\/\/gardenersfriend.eu\/wp-content\/uploads\/2025\/09\/Toxan-1L.jpg",680,680,false],"1536x1536":["https:\/\/gardenersfriend.eu\/wp-content\/uploads\/2025\/09\/Toxan-1L.jpg",680,680,false],"2048x2048":["https:\/\/gardenersfriend.eu\/wp-content\/uploads\/2025\/09\/Toxan-1L.jpg",680,680,false],"woocommerce_thumbnail":["https:\/\/gardenersfriend.eu\/wp-content\/uploads\/2025\/09\/Toxan-1L-300x300.jpg",300,300,true],"woocommerce_single":["https:\/\/gardenersfriend.eu\/wp-content\/uploads\/2025\/09\/Toxan-1L-600x600.jpg",600,600,true],"woocommerce_gallery_thumbnail":["https:\/\/gardenersfriend.eu\/wp-content\/uploads\/2025\/09\/Toxan-1L-100x100.jpg",100,100,true]},"uagb_author_info":{"display_name":"admin","author_link":"https:\/\/gardenersfriend.eu\/fr\/author\/"},"uagb_comment_info":0,"uagb_excerpt":"Toxan est un poison liquide pour rongeurs contenant 0,005 % de bromadiolone, un anticoagulant de deuxi\u00e8me g\u00e9n\u00e9ration \u00e0 usage unique et une substance am\u00e8re qui r\u00e9duit le risque d'ingestion par des organismes ind\u00e9sirables.","jetpack_sharing_enabled":true,"_links":{"self":[{"href":"https:\/\/gardenersfriend.eu\/fr\/wp-json\/wp\/v2\/product\/7467","targetHints":{"allow":["GET"]}}],"collection":[{"href":"https:\/\/gardenersfriend.eu\/fr\/wp-json\/wp\/v2\/product"}],"about":[{"href":"https:\/\/gardenersfriend.eu\/fr\/wp-json\/wp\/v2\/types\/product"}],"replies":[{"embeddable":true,"href":"https:\/\/gardenersfriend.eu\/fr\/wp-json\/wp\/v2\/comments?post=7467"}],"wp:featuredmedia":[{"embeddable":true,"href":"https:\/\/gardenersfriend.eu\/fr\/wp-json\/wp\/v2\/media\/7463"}],"wp:attachment":[{"href":"https:\/\/gardenersfriend.eu\/fr\/wp-json\/wp\/v2\/media?parent=7467"}],"wp:term":[{"taxonomy":"product_brand","embeddable":true,"href":"https:\/\/gardenersfriend.eu\/fr\/wp-json\/wp\/v2\/product_brand?post=7467"},{"taxonomy":"product_cat","embeddable":true,"href":"https:\/\/gardenersfriend.eu\/fr\/wp-json\/wp\/v2\/product_cat?post=7467"},{"taxonomy":"product_tag","embeddable":true,"href":"https:\/\/gardenersfriend.eu\/fr\/wp-json\/wp\/v2\/product_tag?post=7467"}],"curies":[{"name":"wp","href":"https:\/\/api.w.org\/{rel}","templated":true}]}}