{"id":7973,"date":"2025-10-29T19:21:15","date_gmt":"2025-10-29T18:21:15","guid":{"rendered":"https:\/\/gardenersfriend.eu\/product\/rodeo-plus-360-sl-herbicide-a-base-de-glyphosate\/"},"modified":"2026-03-19T20:50:42","modified_gmt":"2026-03-19T19:50:42","slug":"rodeo-plus-360-sl-herbicide-a-base-de-glyphosate","status":"publish","type":"product","link":"https:\/\/gardenersfriend.eu\/fr\/produit\/rodeo-plus-360-sl-herbicide-a-base-de-glyphosate\/","title":{"rendered":"Rodeo Plus 360 SL Herbicide \u00e0 base de glyphosate"},"content":{"rendered":"<h2>Rodeo Plus 360 SL (substitut de Roundup 360)<\/h2>\n<p>Rodeo Plus 360 SL est un herbicide non s\u00e9lectif \u00e0 action syst\u00e9mique, pour application foliaire, sous forme de concentr\u00e9 pour la pr\u00e9paration d&rsquo;une solution aqueuse (SL).<\/p>\n<h3>Contenu en substances actives de Rodeo Plus 360 SL :<\/h3>\n<ul>\n<li>glyphosate (compos\u00e9 du groupe des aminophosphonates) sous forme de sel de potassium &#8211; 360 g\/l (28,7 %)<\/li>\n<\/ul>\n<h3>Avantages de l&rsquo;utilisation du pulv\u00e9risateur Rodeo Plus 360 SL :<\/h3>\n<ul>\n<li>Produit phytopharmaceutique destin\u00e9 \u00e0 \u00eatre utilis\u00e9 dans de nombreux groupes de cultures.<\/li>\n<li>Un produit liquide pour l&rsquo;application foliaire.<\/li>\n<li>Il est absorb\u00e9 par les parties vertes de la plante.<\/li>\n<li>Les premiers sympt\u00f4mes des effets du produit sont visibles apr\u00e8s 7 \u00e0 10 jours.<\/li>\n<\/ul>\n<h3>Sur quelles mauvaises herbes fonctionne-t-il ?<\/h3>\n<p>Le produit contient la substance active glyphosate, qui inhibe l&rsquo;action de l&rsquo;enzyme EPSPS synthase, une enzyme cl\u00e9 de la voie m\u00e9tabolique de l&rsquo;acide shikimique impliqu\u00e9e dans la biosynth\u00e8se des acides amin\u00e9s aromatiques. Dans la plante, il inhibe la synth\u00e8se des prot\u00e9ines essentielles \u00e0 la croissance de la plante. Le produit est absorb\u00e9 par les parties vertes de la plante (feuilles, pousses vertes et \u00e9corces non ligneuses), puis se propage dans la plante et atteint les parties souterraines (racines, stolons, etc.), provoquant leur mort. Les premiers sympt\u00f4mes de l&rsquo;action du produit (jaunissement et fl\u00e9trissement) sont visibles 7 \u00e0 10 jours apr\u00e8s l&rsquo;application. La mort compl\u00e8te de la plante survient apr\u00e8s environ 3 semaines. Une temp\u00e9rature et une humidit\u00e9 \u00e9lev\u00e9es, ainsi qu&rsquo;un fort ensoleillement, acc\u00e9l\u00e8rent l&rsquo;effet du produit.     <\/p>\n<p><strong>Dose de protection des plantes : 1,5-2,0 l\/ha (mauvaises herbes au stade de plantules) :<\/strong><\/p>\n<p><strong>Mauvaises herbes moyennement sensibles : l&rsquo;\u00e9chinochloa pied-de-coq.<\/strong><\/p>\n<p><strong>Adventices sensibles : <\/strong>moutarde des champs, mouron des oiseaux, amarante blanche, renou\u00e9e tachet\u00e9e, bourse \u00e0 pasteur, salsifis des champs.<\/p>\n<p><strong>Dose de produit phytosanitaire 3,0 l\/ha :<\/strong><br \/>\n<strong>Mauvaises herbes de sensibilit\u00e9 interm\u00e9diaire :<\/strong> ortie royale, amarante blanche, chiendent, liseron, s\u00e9taire des champs.<br \/>\n<strong>Adventices sensibles : <\/strong>petit g\u00e9ranium, \u00e9chinochloa pied-de-coq, mouron des oiseaux, v\u00e9ronique de Perse, \u00e9peautre du Canada, renou\u00e9e tachet\u00e9e, s\u00e9ne\u00e7on vulgaire, bourse-\u00e0-pasteur, p\u00e2turin des pr\u00e9s, p\u00e2turin annuel des pr\u00e9s.<\/p>\n<p class=\"p1\"><strong>\u00c9tiquette : <\/strong><a title=\"RODEO PLUS 360 SL\" href=\"https:\/\/gardenersfriend.eu\/wp-content\/uploads\/2026\/02\/Rodeo-Plus-360-sl-EN.pdf\" target=\"_blank\" rel=\"noopener\">RODEO PLUS 360 SL<\/a><\/p>\n<p class=\"p1\"><strong>Site de production :<\/strong> <a title=\"Page Bayer\" href=\"https:\/\/www.bayer.com\/\" target=\"_blank\" rel=\"noopener\">Bayer<\/a><\/p>\n<p><strong>Autre herbicide : <\/strong><a href=\"https:\/\/gardenersfriend.eu\/fr\/product-category\/tous-les-produits\/herbicide\/\">herbicide<\/a><\/p>\n<h5 style=\"color: #bcbcbc;\">Legal Information<\/h5>\n<p style=\"color: #bcbcbc;\">\nHints! Use pesticides carefully. \nBefore use read the label and product information.\nUse by non-professional users permitted.\nException: The buyer from Belgium declares that\nat the time of purchase he has full legal capacity\nand has the appropriate qualifications required from\npersons purchasing plant protection products.\n\nPursuant to Art. 28 of the Act of March 8, 2013 on plant protection products (Journal of Laws 2020, item 2097), from November 26, 2015, plant protection products intended for professional users may be sold to people who:\n\nPoint 1 - have completed training in the use of plant protection products in the Republic of Poland confirmed by a certificate of completion of this training, or\n\nPoint 2 - have completed training in advising on plant protection products in the Republic of Poland confirmed by a certificate of completion of this training, or\n\nPoint 3 - have completed training in integrated crop production confirmed by a certificate of completion of this training, or\n\nPoint 4 - not earlier than 5 years, prior to the purchase of these funds, have completed the training required from professional users in another Member State of the European Union or in a country being a party to the Agreement on the European Economic Area, on the basis of the provisions in force in that country, confirmed by a document of completion of this training, or they have presented another document issued under the regulations in force in that country, confirming that they obtained authorization to purchase plant protection products intended for professional users.\n\nImportent!\n\nOnly people over 18 years of age can use plant protection products.\n\nPlant protection products should be used safely.\n\nBefore each use, read the information provided on the label and product information.\n\n\n<\/p>\n","protected":false},"excerpt":{"rendered":"<p>Rodeo 360 SL est un herbicide non s\u00e9lectif pour application foliaire. Forme d&rsquo;un concentr\u00e9 pour la pr\u00e9paration d&rsquo;une solution aqueuse (SL). Substance active : glyphosate  <\/p>\n","protected":false},"featured_media":7957,"comment_status":"open","ping_status":"closed","template":"","meta":{"_uag_custom_page_level_css":"","site-sidebar-layout":"default","site-content-layout":"","ast-site-content-layout":"default","site-content-style":"default","site-sidebar-style":"default","ast-global-header-display":"","ast-banner-title-visibility":"","ast-main-header-display":"","ast-hfb-above-header-display":"","ast-hfb-below-header-display":"","ast-hfb-mobile-header-display":"","site-post-title":"","ast-breadcrumbs-content":"","ast-featured-img":"","footer-sml-layout":"","ast-disable-related-posts":"","theme-transparent-header-meta":"default","adv-header-id-meta":"","stick-header-meta":"","header-above-stick-meta":"","header-main-stick-meta":"","header-below-stick-meta":"","astra-migrate-meta-layouts":"default","ast-page-background-enabled":"default","ast-page-background-meta":{"desktop":{"background-color":"var(--ast-global-color-4)","background-image":"","background-repeat":"repeat","background-position":"center center","background-size":"auto","background-attachment":"scroll","background-type":"","background-media":"","overlay-type":"","overlay-color":"","overlay-opacity":"","overlay-gradient":""},"tablet":{"background-color":"","background-image":"","background-repeat":"repeat","background-position":"center center","background-size":"auto","background-attachment":"scroll","background-type":"","background-media":"","overlay-type":"","overlay-color":"","overlay-opacity":"","overlay-gradient":""},"mobile":{"background-color":"","background-image":"","background-repeat":"repeat","background-position":"center center","background-size":"auto","background-attachment":"scroll","background-type":"","background-media":"","overlay-type":"","overlay-color":"","overlay-opacity":"","overlay-gradient":""}},"ast-content-background-meta":{"desktop":{"background-color":"var(--ast-global-color-5)","background-image":"","background-repeat":"repeat","background-position":"center center","background-size":"auto","background-attachment":"scroll","background-type":"","background-media":"","overlay-type":"","overlay-color":"","overlay-opacity":"","overlay-gradient":""},"tablet":{"background-color":"var(--ast-global-color-5)","background-image":"","background-repeat":"repeat","background-position":"center center","background-size":"auto","background-attachment":"scroll","background-type":"","background-media":"","overlay-type":"","overlay-color":"","overlay-opacity":"","overlay-gradient":""},"mobile":{"background-color":"var(--ast-global-color-5)","background-image":"","background-repeat":"repeat","background-position":"center center","background-size":"auto","background-attachment":"scroll","background-type":"","background-media":"","overlay-type":"","overlay-color":"","overlay-opacity":"","overlay-gradient":""}}},"product_brand":[],"product_cat":[177,87],"product_tag":[],"class_list":{"0":"post-7973","1":"product","2":"type-product","3":"status-publish","4":"has-post-thumbnail","6":"product_cat-herbicide","7":"product_cat-tous-les-produits","8":"desktop-align-left","9":"tablet-align-left","10":"mobile-align-left","12":"first","13":"instock","14":"taxable","15":"shipping-taxable","16":"purchasable","17":"product-type-variable","18":"has-default-attributes"},"yoast_head":"<!-- This site is optimized with the Yoast SEO plugin v27.4 - https:\/\/yoast.com\/product\/yoast-seo-wordpress\/ -->\n<title>Rodeo Plus 360 SL Herbicide \u00e0 base de glyphosate - Gardeners Friend<\/title>\n<meta name=\"description\" content=\"Rodeo Plus 360 - herbicide non s\u00e9lectif pour application foliaire. Forme d&#039;un concentr\u00e9 pour la pr\u00e9paration d&#039;une solution aqueuse (SL). Substance active : glyphosate\" \/>\n<meta name=\"robots\" content=\"index, follow, max-snippet:-1, max-image-preview:large, max-video-preview:-1\" \/>\n<link rel=\"canonical\" href=\"https:\/\/gardenersfriend.eu\/fr\/produit\/rodeo-plus-360-sl-herbicide-a-base-de-glyphosate\/\" \/>\n<meta property=\"og:locale\" content=\"fr_FR\" \/>\n<meta property=\"og:type\" content=\"article\" \/>\n<meta property=\"og:title\" content=\"Rodeo Plus 360 SL Herbicide \u00e0 base de glyphosate - Gardeners Friend\" \/>\n<meta property=\"og:description\" content=\"Rodeo Plus 360 - herbicide non s\u00e9lectif pour application foliaire. Forme d&#039;un concentr\u00e9 pour la pr\u00e9paration d&#039;une solution aqueuse (SL). Substance active : glyphosate\" \/>\n<meta property=\"og:url\" content=\"https:\/\/gardenersfriend.eu\/fr\/produit\/rodeo-plus-360-sl-herbicide-a-base-de-glyphosate\/\" \/>\n<meta property=\"og:site_name\" content=\"Gardeners Friend\" \/>\n<meta property=\"article:publisher\" content=\"https:\/\/www.facebook.com\/people\/Gardeners-Friend-Store\/61566268054378\/\" \/>\n<meta property=\"article:modified_time\" content=\"2026-03-19T19:50:42+00:00\" \/>\n<meta property=\"og:image\" content=\"https:\/\/gardenersfriend.eu\/wp-content\/uploads\/2025\/10\/rodeo_360_plus_5l.jpg\" \/>\n\t<meta property=\"og:image:width\" content=\"600\" \/>\n\t<meta property=\"og:image:height\" content=\"600\" \/>\n\t<meta property=\"og:image:type\" content=\"image\/jpeg\" \/>\n<meta name=\"twitter:card\" content=\"summary_large_image\" \/>\n<meta name=\"twitter:label1\" content=\"Dur\u00e9e de lecture estim\u00e9e\" \/>\n\t<meta name=\"twitter:data1\" content=\"2 minutes\" \/>\n<script type=\"application\/ld+json\" class=\"yoast-schema-graph\">{\"@context\":\"https:\\\/\\\/schema.org\",\"@graph\":[{\"@type\":\"WebPage\",\"@id\":\"https:\\\/\\\/gardenersfriend.eu\\\/fr\\\/produit\\\/rodeo-plus-360-sl-herbicide-a-base-de-glyphosate\\\/\",\"url\":\"https:\\\/\\\/gardenersfriend.eu\\\/fr\\\/produit\\\/rodeo-plus-360-sl-herbicide-a-base-de-glyphosate\\\/\",\"name\":\"Rodeo Plus 360 SL Herbicide \u00e0 base de glyphosate - Gardeners Friend\",\"isPartOf\":{\"@id\":\"https:\\\/\\\/gardenersfriend.eu\\\/fr\\\/#website\"},\"primaryImageOfPage\":{\"@id\":\"https:\\\/\\\/gardenersfriend.eu\\\/fr\\\/produit\\\/rodeo-plus-360-sl-herbicide-a-base-de-glyphosate\\\/#primaryimage\"},\"image\":{\"@id\":\"https:\\\/\\\/gardenersfriend.eu\\\/fr\\\/produit\\\/rodeo-plus-360-sl-herbicide-a-base-de-glyphosate\\\/#primaryimage\"},\"thumbnailUrl\":\"https:\\\/\\\/gardenersfriend.eu\\\/wp-content\\\/uploads\\\/2025\\\/10\\\/rodeo_360_plus_5l.jpg\",\"datePublished\":\"2025-10-29T18:21:15+00:00\",\"dateModified\":\"2026-03-19T19:50:42+00:00\",\"description\":\"Rodeo Plus 360 - herbicide non s\u00e9lectif pour application foliaire. Forme d'un concentr\u00e9 pour la pr\u00e9paration d'une solution aqueuse (SL). Substance active : glyphosate\",\"breadcrumb\":{\"@id\":\"https:\\\/\\\/gardenersfriend.eu\\\/fr\\\/produit\\\/rodeo-plus-360-sl-herbicide-a-base-de-glyphosate\\\/#breadcrumb\"},\"inLanguage\":\"fr-FR\",\"potentialAction\":[{\"@type\":\"ReadAction\",\"target\":[\"https:\\\/\\\/gardenersfriend.eu\\\/fr\\\/produit\\\/rodeo-plus-360-sl-herbicide-a-base-de-glyphosate\\\/\"]}]},{\"@type\":\"ImageObject\",\"inLanguage\":\"fr-FR\",\"@id\":\"https:\\\/\\\/gardenersfriend.eu\\\/fr\\\/produit\\\/rodeo-plus-360-sl-herbicide-a-base-de-glyphosate\\\/#primaryimage\",\"url\":\"https:\\\/\\\/gardenersfriend.eu\\\/wp-content\\\/uploads\\\/2025\\\/10\\\/rodeo_360_plus_5l.jpg\",\"contentUrl\":\"https:\\\/\\\/gardenersfriend.eu\\\/wp-content\\\/uploads\\\/2025\\\/10\\\/rodeo_360_plus_5l.jpg\",\"width\":600,\"height\":600,\"caption\":\"Rodeo 360 Plus 5L\"},{\"@type\":\"BreadcrumbList\",\"@id\":\"https:\\\/\\\/gardenersfriend.eu\\\/fr\\\/produit\\\/rodeo-plus-360-sl-herbicide-a-base-de-glyphosate\\\/#breadcrumb\",\"itemListElement\":[{\"@type\":\"ListItem\",\"position\":1,\"name\":\"Strona g\u0142\u00f3wna\",\"item\":\"https:\\\/\\\/gardenersfriend.eu\\\/fr\\\/\"},{\"@type\":\"ListItem\",\"position\":2,\"name\":\"Boutique\",\"item\":\"https:\\\/\\\/gardenersfriend.eu\\\/shop\\\/\"},{\"@type\":\"ListItem\",\"position\":3,\"name\":\"Rodeo Plus 360 SL Herbicide \u00e0 base de glyphosate\"}]},{\"@type\":\"WebSite\",\"@id\":\"https:\\\/\\\/gardenersfriend.eu\\\/fr\\\/#website\",\"url\":\"https:\\\/\\\/gardenersfriend.eu\\\/fr\\\/\",\"name\":\"Gardeners Friend\",\"description\":\"herbicides, fertilisers, roundup\",\"publisher\":{\"@id\":\"https:\\\/\\\/gardenersfriend.eu\\\/fr\\\/#organization\"},\"potentialAction\":[{\"@type\":\"SearchAction\",\"target\":{\"@type\":\"EntryPoint\",\"urlTemplate\":\"https:\\\/\\\/gardenersfriend.eu\\\/fr\\\/?s={search_term_string}\"},\"query-input\":{\"@type\":\"PropertyValueSpecification\",\"valueRequired\":true,\"valueName\":\"search_term_string\"}}],\"inLanguage\":\"fr-FR\"},{\"@type\":\"Organization\",\"@id\":\"https:\\\/\\\/gardenersfriend.eu\\\/fr\\\/#organization\",\"name\":\"Gardeners Friend\",\"url\":\"https:\\\/\\\/gardenersfriend.eu\\\/fr\\\/\",\"logo\":{\"@type\":\"ImageObject\",\"inLanguage\":\"fr-FR\",\"@id\":\"https:\\\/\\\/gardenersfriend.eu\\\/fr\\\/#\\\/schema\\\/logo\\\/image\\\/\",\"url\":\"https:\\\/\\\/gardenersfriend.eu\\\/wp-content\\\/uploads\\\/2025\\\/09\\\/gf_accepted_big_logo.png\",\"contentUrl\":\"https:\\\/\\\/gardenersfriend.eu\\\/wp-content\\\/uploads\\\/2025\\\/09\\\/gf_accepted_big_logo.png\",\"width\":2000,\"height\":1000,\"caption\":\"Gardeners Friend\"},\"image\":{\"@id\":\"https:\\\/\\\/gardenersfriend.eu\\\/fr\\\/#\\\/schema\\\/logo\\\/image\\\/\"},\"sameAs\":[\"https:\\\/\\\/www.facebook.com\\\/people\\\/Gardeners-Friend-Store\\\/61566268054378\\\/\",\"https:\\\/\\\/www.instagram.com\\\/gardeners_friend_store\\\/\"]}]}<\/script>\n<!-- \/ Yoast SEO plugin. -->","yoast_head_json":{"title":"Rodeo Plus 360 SL Herbicide \u00e0 base de glyphosate - Gardeners Friend","description":"Rodeo Plus 360 - herbicide non s\u00e9lectif pour application foliaire. Forme d'un concentr\u00e9 pour la pr\u00e9paration d'une solution aqueuse (SL). Substance active : glyphosate","robots":{"index":"index","follow":"follow","max-snippet":"max-snippet:-1","max-image-preview":"max-image-preview:large","max-video-preview":"max-video-preview:-1"},"canonical":"https:\/\/gardenersfriend.eu\/fr\/produit\/rodeo-plus-360-sl-herbicide-a-base-de-glyphosate\/","og_locale":"fr_FR","og_type":"article","og_title":"Rodeo Plus 360 SL Herbicide \u00e0 base de glyphosate - Gardeners Friend","og_description":"Rodeo Plus 360 - herbicide non s\u00e9lectif pour application foliaire. Forme d'un concentr\u00e9 pour la pr\u00e9paration d'une solution aqueuse (SL). Substance active : glyphosate","og_url":"https:\/\/gardenersfriend.eu\/fr\/produit\/rodeo-plus-360-sl-herbicide-a-base-de-glyphosate\/","og_site_name":"Gardeners Friend","article_publisher":"https:\/\/www.facebook.com\/people\/Gardeners-Friend-Store\/61566268054378\/","article_modified_time":"2026-03-19T19:50:42+00:00","og_image":[{"width":600,"height":600,"url":"https:\/\/gardenersfriend.eu\/wp-content\/uploads\/2025\/10\/rodeo_360_plus_5l.jpg","type":"image\/jpeg"}],"twitter_card":"summary_large_image","twitter_misc":{"Dur\u00e9e de lecture estim\u00e9e":"2 minutes"},"schema":{"@context":"https:\/\/schema.org","@graph":[{"@type":"WebPage","@id":"https:\/\/gardenersfriend.eu\/fr\/produit\/rodeo-plus-360-sl-herbicide-a-base-de-glyphosate\/","url":"https:\/\/gardenersfriend.eu\/fr\/produit\/rodeo-plus-360-sl-herbicide-a-base-de-glyphosate\/","name":"Rodeo Plus 360 SL Herbicide \u00e0 base de glyphosate - Gardeners Friend","isPartOf":{"@id":"https:\/\/gardenersfriend.eu\/fr\/#website"},"primaryImageOfPage":{"@id":"https:\/\/gardenersfriend.eu\/fr\/produit\/rodeo-plus-360-sl-herbicide-a-base-de-glyphosate\/#primaryimage"},"image":{"@id":"https:\/\/gardenersfriend.eu\/fr\/produit\/rodeo-plus-360-sl-herbicide-a-base-de-glyphosate\/#primaryimage"},"thumbnailUrl":"https:\/\/gardenersfriend.eu\/wp-content\/uploads\/2025\/10\/rodeo_360_plus_5l.jpg","datePublished":"2025-10-29T18:21:15+00:00","dateModified":"2026-03-19T19:50:42+00:00","description":"Rodeo Plus 360 - herbicide non s\u00e9lectif pour application foliaire. Forme d'un concentr\u00e9 pour la pr\u00e9paration d'une solution aqueuse (SL). Substance active : glyphosate","breadcrumb":{"@id":"https:\/\/gardenersfriend.eu\/fr\/produit\/rodeo-plus-360-sl-herbicide-a-base-de-glyphosate\/#breadcrumb"},"inLanguage":"fr-FR","potentialAction":[{"@type":"ReadAction","target":["https:\/\/gardenersfriend.eu\/fr\/produit\/rodeo-plus-360-sl-herbicide-a-base-de-glyphosate\/"]}]},{"@type":"ImageObject","inLanguage":"fr-FR","@id":"https:\/\/gardenersfriend.eu\/fr\/produit\/rodeo-plus-360-sl-herbicide-a-base-de-glyphosate\/#primaryimage","url":"https:\/\/gardenersfriend.eu\/wp-content\/uploads\/2025\/10\/rodeo_360_plus_5l.jpg","contentUrl":"https:\/\/gardenersfriend.eu\/wp-content\/uploads\/2025\/10\/rodeo_360_plus_5l.jpg","width":600,"height":600,"caption":"Rodeo 360 Plus 5L"},{"@type":"BreadcrumbList","@id":"https:\/\/gardenersfriend.eu\/fr\/produit\/rodeo-plus-360-sl-herbicide-a-base-de-glyphosate\/#breadcrumb","itemListElement":[{"@type":"ListItem","position":1,"name":"Strona g\u0142\u00f3wna","item":"https:\/\/gardenersfriend.eu\/fr\/"},{"@type":"ListItem","position":2,"name":"Boutique","item":"https:\/\/gardenersfriend.eu\/shop\/"},{"@type":"ListItem","position":3,"name":"Rodeo Plus 360 SL Herbicide \u00e0 base de glyphosate"}]},{"@type":"WebSite","@id":"https:\/\/gardenersfriend.eu\/fr\/#website","url":"https:\/\/gardenersfriend.eu\/fr\/","name":"Gardeners Friend","description":"herbicides, fertilisers, roundup","publisher":{"@id":"https:\/\/gardenersfriend.eu\/fr\/#organization"},"potentialAction":[{"@type":"SearchAction","target":{"@type":"EntryPoint","urlTemplate":"https:\/\/gardenersfriend.eu\/fr\/?s={search_term_string}"},"query-input":{"@type":"PropertyValueSpecification","valueRequired":true,"valueName":"search_term_string"}}],"inLanguage":"fr-FR"},{"@type":"Organization","@id":"https:\/\/gardenersfriend.eu\/fr\/#organization","name":"Gardeners Friend","url":"https:\/\/gardenersfriend.eu\/fr\/","logo":{"@type":"ImageObject","inLanguage":"fr-FR","@id":"https:\/\/gardenersfriend.eu\/fr\/#\/schema\/logo\/image\/","url":"https:\/\/gardenersfriend.eu\/wp-content\/uploads\/2025\/09\/gf_accepted_big_logo.png","contentUrl":"https:\/\/gardenersfriend.eu\/wp-content\/uploads\/2025\/09\/gf_accepted_big_logo.png","width":2000,"height":1000,"caption":"Gardeners Friend"},"image":{"@id":"https:\/\/gardenersfriend.eu\/fr\/#\/schema\/logo\/image\/"},"sameAs":["https:\/\/www.facebook.com\/people\/Gardeners-Friend-Store\/61566268054378\/","https:\/\/www.instagram.com\/gardeners_friend_store\/"]}]}},"uagb_featured_image_src":{"full":["https:\/\/gardenersfriend.eu\/wp-content\/uploads\/2025\/10\/rodeo_360_plus_5l.jpg",600,600,false],"thumbnail":["https:\/\/gardenersfriend.eu\/wp-content\/uploads\/2025\/10\/rodeo_360_plus_5l-150x150.jpg",150,150,true],"medium":["https:\/\/gardenersfriend.eu\/wp-content\/uploads\/2025\/10\/rodeo_360_plus_5l-300x300.jpg",300,300,true],"medium_large":["https:\/\/gardenersfriend.eu\/wp-content\/uploads\/2025\/10\/rodeo_360_plus_5l.jpg",600,600,false],"large":["https:\/\/gardenersfriend.eu\/wp-content\/uploads\/2025\/10\/rodeo_360_plus_5l.jpg",600,600,false],"1536x1536":["https:\/\/gardenersfriend.eu\/wp-content\/uploads\/2025\/10\/rodeo_360_plus_5l.jpg",600,600,false],"2048x2048":["https:\/\/gardenersfriend.eu\/wp-content\/uploads\/2025\/10\/rodeo_360_plus_5l.jpg",600,600,false],"woocommerce_thumbnail":["https:\/\/gardenersfriend.eu\/wp-content\/uploads\/2025\/10\/rodeo_360_plus_5l-300x300.jpg",300,300,true],"woocommerce_single":["https:\/\/gardenersfriend.eu\/wp-content\/uploads\/2025\/10\/rodeo_360_plus_5l.jpg",600,600,false],"woocommerce_gallery_thumbnail":["https:\/\/gardenersfriend.eu\/wp-content\/uploads\/2025\/10\/rodeo_360_plus_5l-100x100.jpg",100,100,true]},"uagb_author_info":{"display_name":"admin","author_link":"https:\/\/gardenersfriend.eu\/fr\/author\/"},"uagb_comment_info":0,"uagb_excerpt":"Rodeo 360 SL est un herbicide non s\u00e9lectif pour application foliaire. Forme d'un concentr\u00e9 pour la pr\u00e9paration d'une solution aqueuse (SL). Substance active : glyphosate","jetpack_sharing_enabled":true,"_links":{"self":[{"href":"https:\/\/gardenersfriend.eu\/fr\/wp-json\/wp\/v2\/product\/7973","targetHints":{"allow":["GET"]}}],"collection":[{"href":"https:\/\/gardenersfriend.eu\/fr\/wp-json\/wp\/v2\/product"}],"about":[{"href":"https:\/\/gardenersfriend.eu\/fr\/wp-json\/wp\/v2\/types\/product"}],"replies":[{"embeddable":true,"href":"https:\/\/gardenersfriend.eu\/fr\/wp-json\/wp\/v2\/comments?post=7973"}],"wp:featuredmedia":[{"embeddable":true,"href":"https:\/\/gardenersfriend.eu\/fr\/wp-json\/wp\/v2\/media\/7957"}],"wp:attachment":[{"href":"https:\/\/gardenersfriend.eu\/fr\/wp-json\/wp\/v2\/media?parent=7973"}],"wp:term":[{"taxonomy":"product_brand","embeddable":true,"href":"https:\/\/gardenersfriend.eu\/fr\/wp-json\/wp\/v2\/product_brand?post=7973"},{"taxonomy":"product_cat","embeddable":true,"href":"https:\/\/gardenersfriend.eu\/fr\/wp-json\/wp\/v2\/product_cat?post=7973"},{"taxonomy":"product_tag","embeddable":true,"href":"https:\/\/gardenersfriend.eu\/fr\/wp-json\/wp\/v2\/product_tag?post=7973"}],"curies":[{"name":"wp","href":"https:\/\/api.w.org\/{rel}","templated":true}]}}