{"id":7988,"date":"2025-10-28T02:15:40","date_gmt":"2025-10-28T01:15:40","guid":{"rendered":"https:\/\/gardenersfriend.eu\/product\/agrosar-360-sl-herbicide-a-base-de-glyphosate\/"},"modified":"2026-03-19T21:18:32","modified_gmt":"2026-03-19T20:18:32","slug":"agrosar-360-sl-herbicide-a-base-de-glyphosate","status":"publish","type":"product","link":"https:\/\/gardenersfriend.eu\/fr\/produit\/agrosar-360-sl-herbicide-a-base-de-glyphosate\/","title":{"rendered":"Agrosar 360 SL Herbicide \u00e0 base de glyphosate"},"content":{"rendered":"<h2 class=\"p1\">Agrosar 360 SL<\/h2>\n<p class=\"p1\">Agrosar 360 SL est un herbicide efficace pour lutter contre le chiendent, le pavot des champs, le buffle des champs et d&rsquo;autres mauvaises herbes monochtolates et dicotyl\u00e9es nuisibles, avec une application \u00e9tendue. Agrosar est un herbicide syst\u00e9mique non s\u00e9lectif pour application foliaire. Il est tr\u00e8s efficace pour lutter contre les mauvaises herbes monocotyl\u00e9dones et dicotyl\u00e9dones et a une large gamme d&rsquo;applications : sur les champs de chaume, avant la culture pour lutter contre les mauvaises herbes, et avant la r\u00e9colte pour faciliter la r\u00e9colte. Le produit est disponible sous forme de concentr\u00e9 pour la pr\u00e9paration d&rsquo;une solution aqueuse.   <\/p>\n<h4 class=\"p1\">Action d&rsquo;Agrosar 360 SL sur les mauvaises herbes<\/h4>\n<p>L&rsquo;agent est absorb\u00e9 par les parties vertes de la plante (feuilles, pousses vertes et \u00e9corces non corrod\u00e9es), puis circule dans la plante et atteint les parties souterraines (racines, stolons, etc.), provoquant leur mort. Les premiers sympt\u00f4mes de l&rsquo;action de l&rsquo;agent (jaunissement et fl\u00e9trissement) sont visibles 7 \u00e0 10 jours apr\u00e8s l&rsquo;application. Apr\u00e8s 2 \u00e0 3 semaines, la plante meurt compl\u00e8tement. Des facteurs tels que des temp\u00e9ratures \u00e9lev\u00e9es, l&rsquo;humidit\u00e9 et un fort ensoleillement acc\u00e9l\u00e8rent l&rsquo;action de l&rsquo;agent.   <\/p>\n<h4>Substance active :<\/h4>\n<ul>\n<li>glyphosate (compos\u00e9 du groupe des aminophosphonates) &#8211; 360 g\/l (30,9 %)<\/li>\n<\/ul>\n<h4>Agrosar 360 SL est utilis\u00e9 pour le contr\u00f4le des mauvaises herbes.<\/h4>\n<ul>\n<li>Colza d&rsquo;hiver, bl\u00e9 d&rsquo;hiver, pommiers, groseilles \u00e0 maquereau, groseilles \u00e0 grappes, cassis, groseilles rouges et blanches, poires, p\u00eaches, cerises, abricots, prunes, cerises.<\/li>\n<li>p\u00e9pini\u00e8res foresti\u00e8res &#8211; plants de conif\u00e8res et d&rsquo;arbres \u00e0 feuilles caduques<\/li>\n<li>r\u00e9g\u00e9n\u00e9ration, boisement &#8211; pin sylvestre, essences foresti\u00e8res de feuillus<\/li>\n<li>jardins et parcelles<\/li>\n<\/ul>\n<h4>Agrosar 360 SL &#8211; contr\u00f4le des mauvaises herbes :<\/h4>\n<p>le pied-de-coq, le mouron des oiseaux, le ch\u00e9nopode blanc, le pavot des champs, l&rsquo;herbe \u00e0 mai inodore, l&rsquo;\u00e9peautre du Canada, le liseron des champs (syn. liseron), s\u00e9ne\u00e7on vulgaire, bourse-\u00e0-pasteur, p\u00e2turin annuel, violette des champs, chiendent, gaillet, plantain \u00e0 feuilles \u00e9troites, plantain commun, armoise, bleuet, moutarde des champs, agripaume, ortie royale, tr\u00e8fle blanc, dactyle, verge d&rsquo;or du Canada, folle avoine, sanguine, ombelle verte, camomille commune, tabouret des champs, amarante rugueuse, rumex obtus, oseille commune, oxalis jaune, s\u00e9taire des champs, s\u00e9taire verte, vesce des oiseaux, vesce \u00e0 feuilles \u00e9troites, ascl\u00e9piade des champs, pissenlit, digitaire, v\u00e9ronique \u00e0 trois feuilles, renou\u00e9e commune, hornwort, oseille des champs, petit g\u00e9ranium, g\u00e9ranium rouge, ch\u00e9lidoine, renoncule rampante, tr\u00e8fle des champs, achill\u00e9e millefeuille, chardon des champs, sureau terrestre, ortie commune, liseron des champs, v\u00e9ronique de Perse, \u00e9pilobe glanduleux.<\/p>\n<h4>D\u00e9lai de gr\u00e2ce d&rsquo;Agrosar 360 SL :<\/h4>\n<p>Pomme, groseille \u00e0 maquereau, groseille \u00e0 maquereau, cassis, groseille blanche, poire, p\u00eache, cerise, abricot, prune, cerise acide &#8211; 7 jours<\/p>\n<p>Les produits phytosanitaires doivent \u00eatre utilis\u00e9s en toute s\u00e9curit\u00e9. Avant toute utilisation, lisez l&rsquo;\u00e9tiquette et la description du produit. Les produits phytopharmaceutiques \u00e0 usage professionnel ne peuvent \u00eatre achet\u00e9s que par des personnes majeures et poss\u00e9dant les qualifications requises pour les acheteurs de produits phytopharmaceutiques, telles que d\u00e9finies dans la loi sur les produits phytopharmaceutiques. Le non-respect de ces exigences constitue une infraction au r\u00e8glement du magasin.  <\/p>\n<p class=\"p1\"><strong>\u00c9tiquette : <\/strong><a title=\"Agrosar 360 SL\" href=\"https:\/\/gardenersfriend.eu\/wp-content\/uploads\/2026\/02\/etykieta_agrosar_360_sl_FR.pdf\" target=\"_blank\" rel=\"noopener\">Agrosar 360 SL_FR<\/a><\/p>\n<p class=\"p1\"><strong>Site de production :<\/strong> <a title=\"Page Qemetica\" href=\"https:\/\/qemetica-agro.pl\/pl\" target=\"_blank\" rel=\"noopener\">Qemetica<\/a><\/p>\n<p><strong>Autre herbicide : <\/strong><a href=\"https:\/\/gardenersfriend.eu\/fr\/product-category\/tous-les-produits\/herbicide\/\">herbicide<\/a><\/p>\n<h5 style=\"color: #bcbcbc;\">Legal Information<\/h5>\n<p style=\"color: #bcbcbc;\">\nHints! Use pesticides carefully. \nBefore use read the label and product information.\nUse by non-professional users permitted.\nException: The buyer from Belgium declares that\nat the time of purchase he has full legal capacity\nand has the appropriate qualifications required from\npersons purchasing plant protection products.\n\nPursuant to Art. 28 of the Act of March 8, 2013 on plant protection products (Journal of Laws 2020, item 2097), from November 26, 2015, plant protection products intended for professional users may be sold to people who:\n\nPoint 1 - have completed training in the use of plant protection products in the Republic of Poland confirmed by a certificate of completion of this training, or\n\nPoint 2 - have completed training in advising on plant protection products in the Republic of Poland confirmed by a certificate of completion of this training, or\n\nPoint 3 - have completed training in integrated crop production confirmed by a certificate of completion of this training, or\n\nPoint 4 - not earlier than 5 years, prior to the purchase of these funds, have completed the training required from professional users in another Member State of the European Union or in a country being a party to the Agreement on the European Economic Area, on the basis of the provisions in force in that country, confirmed by a document of completion of this training, or they have presented another document issued under the regulations in force in that country, confirming that they obtained authorization to purchase plant protection products intended for professional users.\n\nImportent!\n\nOnly people over 18 years of age can use plant protection products.\n\nPlant protection products should be used safely.\n\nBefore each use, read the information provided on the label and product information.\n\n\n<\/p>\n","protected":false},"excerpt":{"rendered":"<p>\u00c9liminez rapidement les mauvaises herbes avec l&rsquo;herbicide \u00e0 base de glyphosate Agrosar 360 SL. Efficace sur les mauvaises herbes tenaces, y compris le chiendent et le pavot des champs, avec des r\u00e9sultats visibles en quelques jours. <\/p>\n","protected":false},"featured_media":7929,"comment_status":"open","ping_status":"closed","template":"","meta":{"_uag_custom_page_level_css":"","site-sidebar-layout":"default","site-content-layout":"","ast-site-content-layout":"default","site-content-style":"default","site-sidebar-style":"default","ast-global-header-display":"","ast-banner-title-visibility":"","ast-main-header-display":"","ast-hfb-above-header-display":"","ast-hfb-below-header-display":"","ast-hfb-mobile-header-display":"","site-post-title":"","ast-breadcrumbs-content":"","ast-featured-img":"","footer-sml-layout":"","ast-disable-related-posts":"","theme-transparent-header-meta":"default","adv-header-id-meta":"","stick-header-meta":"","header-above-stick-meta":"","header-main-stick-meta":"","header-below-stick-meta":"","astra-migrate-meta-layouts":"default","ast-page-background-enabled":"default","ast-page-background-meta":{"desktop":{"background-color":"var(--ast-global-color-4)","background-image":"","background-repeat":"repeat","background-position":"center center","background-size":"auto","background-attachment":"scroll","background-type":"","background-media":"","overlay-type":"","overlay-color":"","overlay-opacity":"","overlay-gradient":""},"tablet":{"background-color":"","background-image":"","background-repeat":"repeat","background-position":"center center","background-size":"auto","background-attachment":"scroll","background-type":"","background-media":"","overlay-type":"","overlay-color":"","overlay-opacity":"","overlay-gradient":""},"mobile":{"background-color":"","background-image":"","background-repeat":"repeat","background-position":"center center","background-size":"auto","background-attachment":"scroll","background-type":"","background-media":"","overlay-type":"","overlay-color":"","overlay-opacity":"","overlay-gradient":""}},"ast-content-background-meta":{"desktop":{"background-color":"var(--ast-global-color-5)","background-image":"","background-repeat":"repeat","background-position":"center center","background-size":"auto","background-attachment":"scroll","background-type":"","background-media":"","overlay-type":"","overlay-color":"","overlay-opacity":"","overlay-gradient":""},"tablet":{"background-color":"var(--ast-global-color-5)","background-image":"","background-repeat":"repeat","background-position":"center center","background-size":"auto","background-attachment":"scroll","background-type":"","background-media":"","overlay-type":"","overlay-color":"","overlay-opacity":"","overlay-gradient":""},"mobile":{"background-color":"var(--ast-global-color-5)","background-image":"","background-repeat":"repeat","background-position":"center center","background-size":"auto","background-attachment":"scroll","background-type":"","background-media":"","overlay-type":"","overlay-color":"","overlay-opacity":"","overlay-gradient":""}}},"product_brand":[],"product_cat":[177,87],"product_tag":[],"class_list":{"0":"post-7988","1":"product","2":"type-product","3":"status-publish","4":"has-post-thumbnail","6":"product_cat-herbicide","7":"product_cat-tous-les-produits","8":"desktop-align-left","9":"tablet-align-left","10":"mobile-align-left","12":"first","13":"instock","14":"taxable","15":"shipping-taxable","16":"purchasable","17":"product-type-variable","18":"has-default-attributes"},"yoast_head":"<!-- This site is optimized with the Yoast SEO plugin v27.4 - https:\/\/yoast.com\/product\/yoast-seo-wordpress\/ -->\n<title>Agrosar 360 SL Herbicide \u00e0 base de glyphosate - Gardeners Friend<\/title>\n<meta name=\"description\" content=\"\u00c9liminez rapidement les mauvaises herbes avec l&#039;herbicide \u00e0 base de glyphosate Agrosar 360 SL. Efficace sur les mauvaises herbes tenaces, y compris le chiendent et le pavot des champs, avec des r\u00e9sultats visibles en quelques jours.\" \/>\n<meta name=\"robots\" content=\"index, follow, max-snippet:-1, max-image-preview:large, max-video-preview:-1\" \/>\n<link rel=\"canonical\" href=\"https:\/\/gardenersfriend.eu\/fr\/produit\/agrosar-360-sl-herbicide-a-base-de-glyphosate\/\" \/>\n<meta property=\"og:locale\" content=\"fr_FR\" \/>\n<meta property=\"og:type\" content=\"article\" \/>\n<meta property=\"og:title\" content=\"Agrosar 360 SL Herbicide \u00e0 base de glyphosate - Gardeners Friend\" \/>\n<meta property=\"og:description\" content=\"\u00c9liminez rapidement les mauvaises herbes avec l&#039;herbicide \u00e0 base de glyphosate Agrosar 360 SL. Efficace sur les mauvaises herbes tenaces, y compris le chiendent et le pavot des champs, avec des r\u00e9sultats visibles en quelques jours.\" \/>\n<meta property=\"og:url\" content=\"https:\/\/gardenersfriend.eu\/fr\/produit\/agrosar-360-sl-herbicide-a-base-de-glyphosate\/\" \/>\n<meta property=\"og:site_name\" content=\"Gardeners Friend\" \/>\n<meta property=\"article:publisher\" content=\"https:\/\/www.facebook.com\/people\/Gardeners-Friend-Store\/61566268054378\/\" \/>\n<meta property=\"article:modified_time\" content=\"2026-03-19T20:18:32+00:00\" \/>\n<meta property=\"og:image\" content=\"https:\/\/gardenersfriend.eu\/wp-content\/uploads\/2025\/10\/AGROSAR_360_SL_1L_glifosat.jpg.webp\" \/>\n\t<meta property=\"og:image:width\" content=\"1200\" \/>\n\t<meta property=\"og:image:height\" content=\"1200\" \/>\n\t<meta property=\"og:image:type\" content=\"image\/webp\" \/>\n<meta name=\"twitter:card\" content=\"summary_large_image\" \/>\n<meta name=\"twitter:label1\" content=\"Dur\u00e9e de lecture estim\u00e9e\" \/>\n\t<meta name=\"twitter:data1\" content=\"3 minutes\" \/>\n<script type=\"application\/ld+json\" class=\"yoast-schema-graph\">{\"@context\":\"https:\\\/\\\/schema.org\",\"@graph\":[{\"@type\":\"WebPage\",\"@id\":\"https:\\\/\\\/gardenersfriend.eu\\\/fr\\\/produit\\\/agrosar-360-sl-herbicide-a-base-de-glyphosate\\\/\",\"url\":\"https:\\\/\\\/gardenersfriend.eu\\\/fr\\\/produit\\\/agrosar-360-sl-herbicide-a-base-de-glyphosate\\\/\",\"name\":\"Agrosar 360 SL Herbicide \u00e0 base de glyphosate - Gardeners Friend\",\"isPartOf\":{\"@id\":\"https:\\\/\\\/gardenersfriend.eu\\\/fr\\\/#website\"},\"primaryImageOfPage\":{\"@id\":\"https:\\\/\\\/gardenersfriend.eu\\\/fr\\\/produit\\\/agrosar-360-sl-herbicide-a-base-de-glyphosate\\\/#primaryimage\"},\"image\":{\"@id\":\"https:\\\/\\\/gardenersfriend.eu\\\/fr\\\/produit\\\/agrosar-360-sl-herbicide-a-base-de-glyphosate\\\/#primaryimage\"},\"thumbnailUrl\":\"https:\\\/\\\/gardenersfriend.eu\\\/wp-content\\\/uploads\\\/2025\\\/10\\\/AGROSAR_360_SL_1L_glifosat.jpg.webp\",\"datePublished\":\"2025-10-28T01:15:40+00:00\",\"dateModified\":\"2026-03-19T20:18:32+00:00\",\"description\":\"\u00c9liminez rapidement les mauvaises herbes avec l'herbicide \u00e0 base de glyphosate Agrosar 360 SL. Efficace sur les mauvaises herbes tenaces, y compris le chiendent et le pavot des champs, avec des r\u00e9sultats visibles en quelques jours.\",\"breadcrumb\":{\"@id\":\"https:\\\/\\\/gardenersfriend.eu\\\/fr\\\/produit\\\/agrosar-360-sl-herbicide-a-base-de-glyphosate\\\/#breadcrumb\"},\"inLanguage\":\"fr-FR\",\"potentialAction\":[{\"@type\":\"ReadAction\",\"target\":[\"https:\\\/\\\/gardenersfriend.eu\\\/fr\\\/produit\\\/agrosar-360-sl-herbicide-a-base-de-glyphosate\\\/\"]}]},{\"@type\":\"ImageObject\",\"inLanguage\":\"fr-FR\",\"@id\":\"https:\\\/\\\/gardenersfriend.eu\\\/fr\\\/produit\\\/agrosar-360-sl-herbicide-a-base-de-glyphosate\\\/#primaryimage\",\"url\":\"https:\\\/\\\/gardenersfriend.eu\\\/wp-content\\\/uploads\\\/2025\\\/10\\\/AGROSAR_360_SL_1L_glifosat.jpg.webp\",\"contentUrl\":\"https:\\\/\\\/gardenersfriend.eu\\\/wp-content\\\/uploads\\\/2025\\\/10\\\/AGROSAR_360_SL_1L_glifosat.jpg.webp\",\"width\":1200,\"height\":1200,\"caption\":\"AGROSAR 360 SL 1L\"},{\"@type\":\"BreadcrumbList\",\"@id\":\"https:\\\/\\\/gardenersfriend.eu\\\/fr\\\/produit\\\/agrosar-360-sl-herbicide-a-base-de-glyphosate\\\/#breadcrumb\",\"itemListElement\":[{\"@type\":\"ListItem\",\"position\":1,\"name\":\"Strona g\u0142\u00f3wna\",\"item\":\"https:\\\/\\\/gardenersfriend.eu\\\/fr\\\/\"},{\"@type\":\"ListItem\",\"position\":2,\"name\":\"Boutique\",\"item\":\"https:\\\/\\\/gardenersfriend.eu\\\/shop\\\/\"},{\"@type\":\"ListItem\",\"position\":3,\"name\":\"Agrosar 360 SL Herbicide \u00e0 base de glyphosate\"}]},{\"@type\":\"WebSite\",\"@id\":\"https:\\\/\\\/gardenersfriend.eu\\\/fr\\\/#website\",\"url\":\"https:\\\/\\\/gardenersfriend.eu\\\/fr\\\/\",\"name\":\"Gardeners Friend\",\"description\":\"herbicides, fertilisers, roundup\",\"publisher\":{\"@id\":\"https:\\\/\\\/gardenersfriend.eu\\\/fr\\\/#organization\"},\"potentialAction\":[{\"@type\":\"SearchAction\",\"target\":{\"@type\":\"EntryPoint\",\"urlTemplate\":\"https:\\\/\\\/gardenersfriend.eu\\\/fr\\\/?s={search_term_string}\"},\"query-input\":{\"@type\":\"PropertyValueSpecification\",\"valueRequired\":true,\"valueName\":\"search_term_string\"}}],\"inLanguage\":\"fr-FR\"},{\"@type\":\"Organization\",\"@id\":\"https:\\\/\\\/gardenersfriend.eu\\\/fr\\\/#organization\",\"name\":\"Gardeners Friend\",\"url\":\"https:\\\/\\\/gardenersfriend.eu\\\/fr\\\/\",\"logo\":{\"@type\":\"ImageObject\",\"inLanguage\":\"fr-FR\",\"@id\":\"https:\\\/\\\/gardenersfriend.eu\\\/fr\\\/#\\\/schema\\\/logo\\\/image\\\/\",\"url\":\"https:\\\/\\\/gardenersfriend.eu\\\/wp-content\\\/uploads\\\/2025\\\/09\\\/gf_accepted_big_logo.png\",\"contentUrl\":\"https:\\\/\\\/gardenersfriend.eu\\\/wp-content\\\/uploads\\\/2025\\\/09\\\/gf_accepted_big_logo.png\",\"width\":2000,\"height\":1000,\"caption\":\"Gardeners Friend\"},\"image\":{\"@id\":\"https:\\\/\\\/gardenersfriend.eu\\\/fr\\\/#\\\/schema\\\/logo\\\/image\\\/\"},\"sameAs\":[\"https:\\\/\\\/www.facebook.com\\\/people\\\/Gardeners-Friend-Store\\\/61566268054378\\\/\",\"https:\\\/\\\/www.instagram.com\\\/gardeners_friend_store\\\/\"]}]}<\/script>\n<!-- \/ Yoast SEO plugin. -->","yoast_head_json":{"title":"Agrosar 360 SL Herbicide \u00e0 base de glyphosate - Gardeners Friend","description":"\u00c9liminez rapidement les mauvaises herbes avec l'herbicide \u00e0 base de glyphosate Agrosar 360 SL. Efficace sur les mauvaises herbes tenaces, y compris le chiendent et le pavot des champs, avec des r\u00e9sultats visibles en quelques jours.","robots":{"index":"index","follow":"follow","max-snippet":"max-snippet:-1","max-image-preview":"max-image-preview:large","max-video-preview":"max-video-preview:-1"},"canonical":"https:\/\/gardenersfriend.eu\/fr\/produit\/agrosar-360-sl-herbicide-a-base-de-glyphosate\/","og_locale":"fr_FR","og_type":"article","og_title":"Agrosar 360 SL Herbicide \u00e0 base de glyphosate - Gardeners Friend","og_description":"\u00c9liminez rapidement les mauvaises herbes avec l'herbicide \u00e0 base de glyphosate Agrosar 360 SL. Efficace sur les mauvaises herbes tenaces, y compris le chiendent et le pavot des champs, avec des r\u00e9sultats visibles en quelques jours.","og_url":"https:\/\/gardenersfriend.eu\/fr\/produit\/agrosar-360-sl-herbicide-a-base-de-glyphosate\/","og_site_name":"Gardeners Friend","article_publisher":"https:\/\/www.facebook.com\/people\/Gardeners-Friend-Store\/61566268054378\/","article_modified_time":"2026-03-19T20:18:32+00:00","og_image":[{"width":1200,"height":1200,"url":"https:\/\/gardenersfriend.eu\/wp-content\/uploads\/2025\/10\/AGROSAR_360_SL_1L_glifosat.jpg.webp","type":"image\/webp"}],"twitter_card":"summary_large_image","twitter_misc":{"Dur\u00e9e de lecture estim\u00e9e":"3 minutes"},"schema":{"@context":"https:\/\/schema.org","@graph":[{"@type":"WebPage","@id":"https:\/\/gardenersfriend.eu\/fr\/produit\/agrosar-360-sl-herbicide-a-base-de-glyphosate\/","url":"https:\/\/gardenersfriend.eu\/fr\/produit\/agrosar-360-sl-herbicide-a-base-de-glyphosate\/","name":"Agrosar 360 SL Herbicide \u00e0 base de glyphosate - Gardeners Friend","isPartOf":{"@id":"https:\/\/gardenersfriend.eu\/fr\/#website"},"primaryImageOfPage":{"@id":"https:\/\/gardenersfriend.eu\/fr\/produit\/agrosar-360-sl-herbicide-a-base-de-glyphosate\/#primaryimage"},"image":{"@id":"https:\/\/gardenersfriend.eu\/fr\/produit\/agrosar-360-sl-herbicide-a-base-de-glyphosate\/#primaryimage"},"thumbnailUrl":"https:\/\/gardenersfriend.eu\/wp-content\/uploads\/2025\/10\/AGROSAR_360_SL_1L_glifosat.jpg.webp","datePublished":"2025-10-28T01:15:40+00:00","dateModified":"2026-03-19T20:18:32+00:00","description":"\u00c9liminez rapidement les mauvaises herbes avec l'herbicide \u00e0 base de glyphosate Agrosar 360 SL. Efficace sur les mauvaises herbes tenaces, y compris le chiendent et le pavot des champs, avec des r\u00e9sultats visibles en quelques jours.","breadcrumb":{"@id":"https:\/\/gardenersfriend.eu\/fr\/produit\/agrosar-360-sl-herbicide-a-base-de-glyphosate\/#breadcrumb"},"inLanguage":"fr-FR","potentialAction":[{"@type":"ReadAction","target":["https:\/\/gardenersfriend.eu\/fr\/produit\/agrosar-360-sl-herbicide-a-base-de-glyphosate\/"]}]},{"@type":"ImageObject","inLanguage":"fr-FR","@id":"https:\/\/gardenersfriend.eu\/fr\/produit\/agrosar-360-sl-herbicide-a-base-de-glyphosate\/#primaryimage","url":"https:\/\/gardenersfriend.eu\/wp-content\/uploads\/2025\/10\/AGROSAR_360_SL_1L_glifosat.jpg.webp","contentUrl":"https:\/\/gardenersfriend.eu\/wp-content\/uploads\/2025\/10\/AGROSAR_360_SL_1L_glifosat.jpg.webp","width":1200,"height":1200,"caption":"AGROSAR 360 SL 1L"},{"@type":"BreadcrumbList","@id":"https:\/\/gardenersfriend.eu\/fr\/produit\/agrosar-360-sl-herbicide-a-base-de-glyphosate\/#breadcrumb","itemListElement":[{"@type":"ListItem","position":1,"name":"Strona g\u0142\u00f3wna","item":"https:\/\/gardenersfriend.eu\/fr\/"},{"@type":"ListItem","position":2,"name":"Boutique","item":"https:\/\/gardenersfriend.eu\/shop\/"},{"@type":"ListItem","position":3,"name":"Agrosar 360 SL Herbicide \u00e0 base de glyphosate"}]},{"@type":"WebSite","@id":"https:\/\/gardenersfriend.eu\/fr\/#website","url":"https:\/\/gardenersfriend.eu\/fr\/","name":"Gardeners Friend","description":"herbicides, fertilisers, roundup","publisher":{"@id":"https:\/\/gardenersfriend.eu\/fr\/#organization"},"potentialAction":[{"@type":"SearchAction","target":{"@type":"EntryPoint","urlTemplate":"https:\/\/gardenersfriend.eu\/fr\/?s={search_term_string}"},"query-input":{"@type":"PropertyValueSpecification","valueRequired":true,"valueName":"search_term_string"}}],"inLanguage":"fr-FR"},{"@type":"Organization","@id":"https:\/\/gardenersfriend.eu\/fr\/#organization","name":"Gardeners Friend","url":"https:\/\/gardenersfriend.eu\/fr\/","logo":{"@type":"ImageObject","inLanguage":"fr-FR","@id":"https:\/\/gardenersfriend.eu\/fr\/#\/schema\/logo\/image\/","url":"https:\/\/gardenersfriend.eu\/wp-content\/uploads\/2025\/09\/gf_accepted_big_logo.png","contentUrl":"https:\/\/gardenersfriend.eu\/wp-content\/uploads\/2025\/09\/gf_accepted_big_logo.png","width":2000,"height":1000,"caption":"Gardeners Friend"},"image":{"@id":"https:\/\/gardenersfriend.eu\/fr\/#\/schema\/logo\/image\/"},"sameAs":["https:\/\/www.facebook.com\/people\/Gardeners-Friend-Store\/61566268054378\/","https:\/\/www.instagram.com\/gardeners_friend_store\/"]}]}},"uagb_featured_image_src":{"full":["https:\/\/gardenersfriend.eu\/wp-content\/uploads\/2025\/10\/AGROSAR_360_SL_1L_glifosat.jpg.webp",1200,1200,false],"thumbnail":["https:\/\/gardenersfriend.eu\/wp-content\/uploads\/2025\/10\/AGROSAR_360_SL_1L_glifosat.jpg-150x150.webp",150,150,true],"medium":["https:\/\/gardenersfriend.eu\/wp-content\/uploads\/2025\/10\/AGROSAR_360_SL_1L_glifosat.jpg-300x300.webp",300,300,true],"medium_large":["https:\/\/gardenersfriend.eu\/wp-content\/uploads\/2025\/10\/AGROSAR_360_SL_1L_glifosat.jpg-768x768.webp",768,768,true],"large":["https:\/\/gardenersfriend.eu\/wp-content\/uploads\/2025\/10\/AGROSAR_360_SL_1L_glifosat.jpg-1024x1024.webp",1024,1024,true],"1536x1536":["https:\/\/gardenersfriend.eu\/wp-content\/uploads\/2025\/10\/AGROSAR_360_SL_1L_glifosat.jpg.webp",1200,1200,false],"2048x2048":["https:\/\/gardenersfriend.eu\/wp-content\/uploads\/2025\/10\/AGROSAR_360_SL_1L_glifosat.jpg.webp",1200,1200,false],"woocommerce_thumbnail":["https:\/\/gardenersfriend.eu\/wp-content\/uploads\/2025\/10\/AGROSAR_360_SL_1L_glifosat.jpg-300x300.webp",300,300,true],"woocommerce_single":["https:\/\/gardenersfriend.eu\/wp-content\/uploads\/2025\/10\/AGROSAR_360_SL_1L_glifosat.jpg-600x600.webp",600,600,true],"woocommerce_gallery_thumbnail":["https:\/\/gardenersfriend.eu\/wp-content\/uploads\/2025\/10\/AGROSAR_360_SL_1L_glifosat.jpg-100x100.webp",100,100,true]},"uagb_author_info":{"display_name":"admin","author_link":"https:\/\/gardenersfriend.eu\/fr\/author\/"},"uagb_comment_info":0,"uagb_excerpt":"\u00c9liminez rapidement les mauvaises herbes avec l'herbicide \u00e0 base de glyphosate Agrosar 360 SL. Efficace sur les mauvaises herbes tenaces, y compris le chiendent et le pavot des champs, avec des r\u00e9sultats visibles en quelques jours.","jetpack_sharing_enabled":true,"_links":{"self":[{"href":"https:\/\/gardenersfriend.eu\/fr\/wp-json\/wp\/v2\/product\/7988","targetHints":{"allow":["GET"]}}],"collection":[{"href":"https:\/\/gardenersfriend.eu\/fr\/wp-json\/wp\/v2\/product"}],"about":[{"href":"https:\/\/gardenersfriend.eu\/fr\/wp-json\/wp\/v2\/types\/product"}],"replies":[{"embeddable":true,"href":"https:\/\/gardenersfriend.eu\/fr\/wp-json\/wp\/v2\/comments?post=7988"}],"wp:featuredmedia":[{"embeddable":true,"href":"https:\/\/gardenersfriend.eu\/fr\/wp-json\/wp\/v2\/media\/7929"}],"wp:attachment":[{"href":"https:\/\/gardenersfriend.eu\/fr\/wp-json\/wp\/v2\/media?parent=7988"}],"wp:term":[{"taxonomy":"product_brand","embeddable":true,"href":"https:\/\/gardenersfriend.eu\/fr\/wp-json\/wp\/v2\/product_brand?post=7988"},{"taxonomy":"product_cat","embeddable":true,"href":"https:\/\/gardenersfriend.eu\/fr\/wp-json\/wp\/v2\/product_cat?post=7988"},{"taxonomy":"product_tag","embeddable":true,"href":"https:\/\/gardenersfriend.eu\/fr\/wp-json\/wp\/v2\/product_tag?post=7988"}],"curies":[{"name":"wp","href":"https:\/\/api.w.org\/{rel}","templated":true}]}}