{"id":8536,"date":"2026-01-30T00:35:45","date_gmt":"2026-01-29T23:35:45","guid":{"rendered":"https:\/\/gardenersfriend.eu\/product\/ratimor-pate-de-brodifacoum\/"},"modified":"2026-04-23T15:18:18","modified_gmt":"2026-04-23T13:18:18","slug":"ratimor-pate-de-brodifacoum","status":"publish","type":"product","link":"https:\/\/gardenersfriend.eu\/fr\/produit\/ratimor-pate-de-brodifacoum\/","title":{"rendered":"Ratimor P\u00e2te de brodifacoum"},"content":{"rendered":"<h2>Ratimor Brodifacoum &#8211; une pr\u00e9paration antiparasitaire efficace sous forme de p\u00e2te<\/h2>\n<p>Ratimor Brodifacoum Paste est un app\u00e2t exceptionnellement efficace pour lutter contre les rongeurs, en particulier les souris et les rats. Sa consistance molle et ses ingr\u00e9dients sp\u00e9cialement s\u00e9lectionn\u00e9s rendent le produit jusqu&rsquo;\u00e0 50 % plus attractif pour les rongeurs que la nourriture standard. La p\u00e2te est pr\u00eate \u00e0 l&#8217;emploi et tr\u00e8s efficace pour un usage domestique et professionnel &#8211; dans l&rsquo;industrie alimentaire et des boissons.  <\/p>\n<p>Ce produit est con\u00e7u pour lutter contre les rats bruns et les souris domestiques \u00e0 l&rsquo;int\u00e9rieur et \u00e0 l&rsquo;ext\u00e9rieur des b\u00e2timents. Il est id\u00e9al pour les entrep\u00f4ts, les installations industrielles, les fermes, les h\u00f4tels, les restaurants et les propri\u00e9t\u00e9s r\u00e9sidentielles. Son ar\u00f4me intense attire efficacement les rongeurs, m\u00eame dans les endroits o\u00f9 ils ont acc\u00e8s \u00e0 d&rsquo;autres aliments. Sa formule unique, \u00e0 laquelle ont \u00e9t\u00e9 ajout\u00e9s des stabilisateurs, emp\u00eache l&rsquo;oxydation et garantit une fra\u00eecheur durable. Les rongeurs reviennent volontiers vers l&rsquo;app\u00e2t, ce qui augmente consid\u00e9rablement son efficacit\u00e9. La p\u00e2te Ratimor Brodifacoum est une solution \u00e9conomique et s\u00fbre qui permet de r\u00e9tablir efficacement la propret\u00e9 et l&rsquo;hygi\u00e8ne dans toutes les installations.     <\/p>\n<h3>Composition du produit :<\/h3>\n<ul>\n<li>Brodifacoum 0,029 g\/kg (0,0029%)<\/li>\n<li>Bitrex (emp\u00eache l&rsquo;ingestion accidentelle)<\/li>\n<\/ul>\n<h3>Comment la substance active Brodifacoum agit-elle ?<\/h3>\n<p>Le brodifacoum est un puissant inhibiteur de la vitamine K qui bloque la coagulation du sang chez les rongeurs. Il agit lentement et efficacement, emp\u00eachant toute suspicion au sein de la population de rongeurs. Apr\u00e8s avoir consomm\u00e9 l&rsquo;app\u00e2t, les rongeurs commencent \u00e0 saigner de l&rsquo;int\u00e9rieur et meurent g\u00e9n\u00e9ralement dans les 2 \u00e0 3 jours qui suivent. L&rsquo;action retard\u00e9e emp\u00eache les autres rongeurs d&rsquo;associer l&rsquo;app\u00e2t \u00e0 une menace, ce qui garantit une efficacit\u00e9 maximale de la lutte contre les rongeurs.   <\/p>\n<h3>Avantages du raticide Ratimor<\/h3>\n<ul>\n<li>Tr\u00e8s efficace &#8211; agit apr\u00e8s une seule dose<\/li>\n<li>Action rapide &#8211; premiers r\u00e9sultats visibles dans les 2 jours suivant la consommation<\/li>\n<li>Pr\u00eat \u00e0 l&#8217;emploi &#8211; aucune pr\u00e9paration requise, disponible en sachets pratiques.<\/li>\n<li>Tr\u00e8s attractif &#8211; contient des ar\u00f4mes et des graisses s\u00e9lectionn\u00e9s qui attirent les rongeurs<\/li>\n<li>R\u00e9sistant aux conditions climatiques &#8211; la p\u00e2te souple conserve l&rsquo;humidit\u00e9 et la fra\u00eecheur pendant longtemps.<\/li>\n<li>Utilisation s\u00fbre &#8211; contient la substance am\u00e8re Bitrex, qui emp\u00eache l&rsquo;ingestion accidentelle par les personnes et les animaux domestiques.<\/li>\n<li>Produit original &#8211; emball\u00e9 en usine par le fabricant, non emball\u00e9, avec une date de p\u00e9remption imprim\u00e9e.<\/li>\n<li>Qualit\u00e9 professionnelle &#8211; le choix des sp\u00e9cialistes DDD, des coop\u00e9ratives d&rsquo;habitation et des exploitations agricoles<\/li>\n<\/ul>\n<h3>Comment utiliser la p\u00e2te Ratimor Brodifacoum<\/h3>\n<p>Avant de commencer la lutte contre les nuisibles, identifiez soigneusement les zones d&rsquo;activit\u00e9 des rongeurs &#8211; pistes, terriers, nids, excr\u00e9ments ou voies de migration. Placez ensuite la p\u00e2te dans des stations d&rsquo;app\u00e2tage sp\u00e9ciales ou sur des plateaux (en plastique ou en carton) hors de port\u00e9e des enfants et des animaux domestiques. <\/p>\n<p>Pour les rats, utilisez des postes d&rsquo;app\u00e2tage contenant 10 \u00e0 60 g d&rsquo;app\u00e2t, en les espa\u00e7ant tous les 10 m\u00e8tres (faible infestation) ou tous les 5 m\u00e8tres (forte infestation). Pour les souris, utilisez des postes d&rsquo;app\u00e2tage contenant jusqu&rsquo;\u00e0 10-20 g d&rsquo;app\u00e2t, en les espa\u00e7ant tous les 5 m\u00e8tres (faible infestation) ou tous les 2 m\u00e8tres (forte infestation). <\/p>\n<p>V\u00e9rifiez r\u00e9guli\u00e8rement les points d&rsquo;app\u00e2t et r\u00e9approvisionnez-les si n\u00e9cessaire. Apr\u00e8s l&rsquo;op\u00e9ration de contr\u00f4le, \u00e9liminez les r\u00e9sidus de produit et les rongeurs morts en toute s\u00e9curit\u00e9 et conform\u00e9ment \u00e0 la r\u00e9glementation. <\/p>\n<h3>Dosage recommand\u00e9 :<\/h3>\n<ul>\n<li>Souris : jusqu&rsquo;\u00e0 20 g tous les 2 \u00e0 5 m<\/li>\n<li>Rats : jusqu&rsquo;\u00e0 60 g tous les 5-10 m<\/li>\n<\/ul>\n<p>La p\u00e2te Ratimor Brodifacoum est un produit de qualit\u00e9 sup\u00e9rieure qui allie efficacit\u00e9, s\u00e9curit\u00e9 et facilit\u00e9 d&rsquo;utilisation. Test\u00e9 par des professionnels, il \u00e9limine efficacement les rongeurs aussi bien \u00e0 la maison que dans les grandes installations industrielles. C&rsquo;est un choix fiable et \u00e9conomique pour tous ceux qui privil\u00e9gient l&rsquo;efficacit\u00e9 et la s\u00e9curit\u00e9.  <\/p>\n<p>Attention !<br \/>\nProduit biocide \u00e0 usage professionnel &#8211; en achetant, vous d\u00e9clarez \u00eatre un utilisateur professionnel. Les produits biocides doivent \u00eatre utilis\u00e9s avec une extr\u00eame prudence. Avant toute utilisation, lisez l&rsquo;\u00e9tiquette et la notice d&rsquo;information afin de minimiser les risques pour l&rsquo;homme et l&rsquo;environnement. Les d\u00e9chets d&#8217;emballage doivent \u00eatre \u00e9limin\u00e9s conform\u00e9ment aux r\u00e9glementations locales, r\u00e9gionales, nationales et internationales. Les emballages vides ne doivent pas \u00eatre utilis\u00e9s \u00e0 d&rsquo;autres fins (y compris comme mati\u00e8res premi\u00e8res secondaires).    <\/p>\n<p class=\"p1\"><strong>\u00c9tiquette : <\/strong><a title=\"Ratimor\" href=\"https:\/\/gardenersfriend.eu\/wp-content\/uploads\/2026\/02\/Ratimor_FR.pdf\" target=\"_blank\" rel=\"noopener\">Ratimor_Paste_FR<\/a><\/p>\n<p class=\"p1\"><strong>Site producteur :<\/strong> <a title=\"Barclay Crop Protection\" href=\"https:\/\/pl.unichem.si\/\" target=\"_blank\" rel=\"noopener\">Unichem<\/a><\/p>\n\n<h5>Informations l\u00e9gales<\/h5>\n<p>\nConseils\u00a0! Utilisez les pesticides avec pr\u00e9caution.\n\nAvant utilisation, veuillez lire attentivement l\u2019\u00e9tiquette et les informations relatives au produit.\n\nUtilisation autoris\u00e9e par les particuliers.\n\nException\u00a0: L\u2019acheteur belge d\u00e9clare qu\u2019au moment de l\u2019achat, il est pleinement capable juridiquement et qu\u2019il poss\u00e8de les qualifications requises pour l\u2019achat de produits phytosanitaires.\n\nConform\u00e9ment \u00e0 l\u2019article\u00a0[num\u00e9ro de l\u2019article] Conform\u00e9ment \u00e0 l'article 28 de la loi du 8 mars 2013 relative aux produits phytopharmaceutiques (Journal officiel 2020, article 2097), \u00e0 compter du 26 novembre 2015, les produits phytopharmaceutiques destin\u00e9s aux professionnels peuvent \u00eatre vendus aux personnes qui\u00a0:\n\n1) ont suivi une formation \u00e0 l'utilisation des produits phytopharmaceutiques en R\u00e9publique de Pologne, attest\u00e9e par une attestation de r\u00e9ussite\u00a0; ou\n\n2) ont suivi une formation au conseil en produits phytopharmaceutiques en R\u00e9publique de Pologne, attest\u00e9e par une attestation de r\u00e9ussite\u00a0; ou\n\n3) ont suivi une formation \u00e0 la production v\u00e9g\u00e9tale int\u00e9gr\u00e9e, attest\u00e9e par une attestation de r\u00e9ussite\u00a0; ou\n\n4) ont suivi, au plus t\u00f4t cinq ans avant l'achat de ces produits, la formation requise pour les professionnels dans un autre \u00c9tat membre de l'Union europ\u00e9enne ou dans un pays partie \u00e0 l'Accord sur l'Espace \u00e9conomique europ\u00e9en, conform\u00e9ment \u00e0 la r\u00e9glementation en vigueur dans ce pays, et attest\u00e9e par une attestation de r\u00e9ussite\u00a0; ou ont pr\u00e9sent\u00e9 un autre document d\u00e9livr\u00e9 conform\u00e9ment \u00e0 la r\u00e9glementation en vigueur dans ce pays. Ils confirment avoir obtenu l'autorisation d'acheter des produits phytosanitaires destin\u00e9s aux professionnels.\n\nImportant\u00a0!\n\nSeules les personnes \u00e2g\u00e9es de plus de 18\u00a0ans peuvent utiliser des produits phytosanitaires.\n\nLes produits phytosanitaires doivent \u00eatre utilis\u00e9s avec pr\u00e9caution.\n\nAvant chaque utilisation, veuillez lire attentivement les informations figurant sur l'\u00e9tiquette et la notice.\n<\/p>\n","protected":false},"excerpt":{"rendered":"<p>Ratimor &#8211; pr\u00e9paration antiparasitaire efficace sous forme de p\u00e2te est un app\u00e2t exceptionnellement efficace pour lutter contre les rongeurs, en particulier les souris et les rats.<\/p>\n","protected":false},"featured_media":8482,"comment_status":"open","ping_status":"closed","template":"","meta":{"_uag_custom_page_level_css":"","site-sidebar-layout":"default","site-content-layout":"","ast-site-content-layout":"default","site-content-style":"default","site-sidebar-style":"default","ast-global-header-display":"","ast-banner-title-visibility":"","ast-main-header-display":"","ast-hfb-above-header-display":"","ast-hfb-below-header-display":"","ast-hfb-mobile-header-display":"","site-post-title":"","ast-breadcrumbs-content":"","ast-featured-img":"","footer-sml-layout":"","ast-disable-related-posts":"","theme-transparent-header-meta":"default","adv-header-id-meta":"","stick-header-meta":"","header-above-stick-meta":"","header-main-stick-meta":"","header-below-stick-meta":"","astra-migrate-meta-layouts":"default","ast-page-background-enabled":"default","ast-page-background-meta":{"desktop":{"background-color":"var(--ast-global-color-4)","background-image":"","background-repeat":"repeat","background-position":"center center","background-size":"auto","background-attachment":"scroll","background-type":"","background-media":"","overlay-type":"","overlay-color":"","overlay-opacity":"","overlay-gradient":""},"tablet":{"background-color":"","background-image":"","background-repeat":"repeat","background-position":"center center","background-size":"auto","background-attachment":"scroll","background-type":"","background-media":"","overlay-type":"","overlay-color":"","overlay-opacity":"","overlay-gradient":""},"mobile":{"background-color":"","background-image":"","background-repeat":"repeat","background-position":"center center","background-size":"auto","background-attachment":"scroll","background-type":"","background-media":"","overlay-type":"","overlay-color":"","overlay-opacity":"","overlay-gradient":""}},"ast-content-background-meta":{"desktop":{"background-color":"var(--ast-global-color-5)","background-image":"","background-repeat":"repeat","background-position":"center center","background-size":"auto","background-attachment":"scroll","background-type":"","background-media":"","overlay-type":"","overlay-color":"","overlay-opacity":"","overlay-gradient":""},"tablet":{"background-color":"var(--ast-global-color-5)","background-image":"","background-repeat":"repeat","background-position":"center center","background-size":"auto","background-attachment":"scroll","background-type":"","background-media":"","overlay-type":"","overlay-color":"","overlay-opacity":"","overlay-gradient":""},"mobile":{"background-color":"var(--ast-global-color-5)","background-image":"","background-repeat":"repeat","background-position":"center center","background-size":"auto","background-attachment":"scroll","background-type":"","background-media":"","overlay-type":"","overlay-color":"","overlay-opacity":"","overlay-gradient":""}}},"product_brand":[],"product_cat":[201,28],"product_tag":[],"class_list":{"0":"post-8536","1":"product","2":"type-product","3":"status-publish","4":"has-post-thumbnail","6":"product_cat-pesticides","7":"product_cat-all-products","8":"desktop-align-left","9":"tablet-align-left","10":"mobile-align-left","12":"first","13":"instock","14":"taxable","15":"shipping-taxable","16":"purchasable","17":"product-type-variable","18":"has-default-attributes"},"yoast_head":"<!-- This site is optimized with the Yoast SEO plugin v27.4 - https:\/\/yoast.com\/product\/yoast-seo-wordpress\/ -->\n<title>Ratimor P\u00e2te de brodifacoum - Gardeners Friend<\/title>\n<meta name=\"description\" content=\"Ratimor - pr\u00e9paration antiparasitaire efficace sous forme de p\u00e2te est un app\u00e2t exceptionnellement efficace pour lutter contre les rongeurs, en particulier les souris et les rats.\" \/>\n<meta name=\"robots\" content=\"index, follow, max-snippet:-1, max-image-preview:large, max-video-preview:-1\" \/>\n<link rel=\"canonical\" href=\"https:\/\/gardenersfriend.eu\/fr\/produit\/ratimor-pate-de-brodifacoum\/\" \/>\n<meta property=\"og:locale\" content=\"fr_FR\" \/>\n<meta property=\"og:type\" content=\"article\" \/>\n<meta property=\"og:title\" content=\"Ratimor P\u00e2te de brodifacoum - Gardeners Friend\" \/>\n<meta property=\"og:description\" content=\"Ratimor - pr\u00e9paration antiparasitaire efficace sous forme de p\u00e2te est un app\u00e2t exceptionnellement efficace pour lutter contre les rongeurs, en particulier les souris et les rats.\" \/>\n<meta property=\"og:url\" content=\"https:\/\/gardenersfriend.eu\/fr\/produit\/ratimor-pate-de-brodifacoum\/\" \/>\n<meta property=\"og:site_name\" content=\"Gardeners Friend\" \/>\n<meta property=\"article:publisher\" content=\"https:\/\/www.facebook.com\/people\/Gardeners-Friend-Store\/61566268054378\/\" \/>\n<meta property=\"article:modified_time\" content=\"2026-04-23T13:18:18+00:00\" \/>\n<meta property=\"og:image\" content=\"https:\/\/gardenersfriend.eu\/wp-content\/uploads\/2026\/01\/Ratimor_Paste_1kg.jpg\" \/>\n\t<meta property=\"og:image:width\" content=\"403\" \/>\n\t<meta property=\"og:image:height\" content=\"700\" \/>\n\t<meta property=\"og:image:type\" content=\"image\/jpeg\" \/>\n<meta name=\"twitter:card\" content=\"summary_large_image\" \/>\n<meta name=\"twitter:label1\" content=\"Dur\u00e9e de lecture estim\u00e9e\" \/>\n\t<meta name=\"twitter:data1\" content=\"4 minutes\" \/>\n<script type=\"application\/ld+json\" class=\"yoast-schema-graph\">{\"@context\":\"https:\\\/\\\/schema.org\",\"@graph\":[{\"@type\":\"WebPage\",\"@id\":\"https:\\\/\\\/gardenersfriend.eu\\\/fr\\\/produit\\\/ratimor-pate-de-brodifacoum\\\/\",\"url\":\"https:\\\/\\\/gardenersfriend.eu\\\/fr\\\/produit\\\/ratimor-pate-de-brodifacoum\\\/\",\"name\":\"Ratimor P\u00e2te de brodifacoum - Gardeners Friend\",\"isPartOf\":{\"@id\":\"https:\\\/\\\/gardenersfriend.eu\\\/fr\\\/#website\"},\"primaryImageOfPage\":{\"@id\":\"https:\\\/\\\/gardenersfriend.eu\\\/fr\\\/produit\\\/ratimor-pate-de-brodifacoum\\\/#primaryimage\"},\"image\":{\"@id\":\"https:\\\/\\\/gardenersfriend.eu\\\/fr\\\/produit\\\/ratimor-pate-de-brodifacoum\\\/#primaryimage\"},\"thumbnailUrl\":\"https:\\\/\\\/gardenersfriend.eu\\\/wp-content\\\/uploads\\\/2026\\\/01\\\/Ratimor_Paste_1kg.jpg\",\"datePublished\":\"2026-01-29T23:35:45+00:00\",\"dateModified\":\"2026-04-23T13:18:18+00:00\",\"description\":\"Ratimor - pr\u00e9paration antiparasitaire efficace sous forme de p\u00e2te est un app\u00e2t exceptionnellement efficace pour lutter contre les rongeurs, en particulier les souris et les rats.\",\"breadcrumb\":{\"@id\":\"https:\\\/\\\/gardenersfriend.eu\\\/fr\\\/produit\\\/ratimor-pate-de-brodifacoum\\\/#breadcrumb\"},\"inLanguage\":\"fr-FR\",\"potentialAction\":[{\"@type\":\"ReadAction\",\"target\":[\"https:\\\/\\\/gardenersfriend.eu\\\/fr\\\/produit\\\/ratimor-pate-de-brodifacoum\\\/\"]}]},{\"@type\":\"ImageObject\",\"inLanguage\":\"fr-FR\",\"@id\":\"https:\\\/\\\/gardenersfriend.eu\\\/fr\\\/produit\\\/ratimor-pate-de-brodifacoum\\\/#primaryimage\",\"url\":\"https:\\\/\\\/gardenersfriend.eu\\\/wp-content\\\/uploads\\\/2026\\\/01\\\/Ratimor_Paste_1kg.jpg\",\"contentUrl\":\"https:\\\/\\\/gardenersfriend.eu\\\/wp-content\\\/uploads\\\/2026\\\/01\\\/Ratimor_Paste_1kg.jpg\",\"width\":403,\"height\":700,\"caption\":\"P\u00e2te de Ratimor\"},{\"@type\":\"BreadcrumbList\",\"@id\":\"https:\\\/\\\/gardenersfriend.eu\\\/fr\\\/produit\\\/ratimor-pate-de-brodifacoum\\\/#breadcrumb\",\"itemListElement\":[{\"@type\":\"ListItem\",\"position\":1,\"name\":\"Strona g\u0142\u00f3wna\",\"item\":\"https:\\\/\\\/gardenersfriend.eu\\\/fr\\\/\"},{\"@type\":\"ListItem\",\"position\":2,\"name\":\"Boutique\",\"item\":\"https:\\\/\\\/gardenersfriend.eu\\\/shop\\\/\"},{\"@type\":\"ListItem\",\"position\":3,\"name\":\"Ratimor P\u00e2te de brodifacoum\"}]},{\"@type\":\"WebSite\",\"@id\":\"https:\\\/\\\/gardenersfriend.eu\\\/fr\\\/#website\",\"url\":\"https:\\\/\\\/gardenersfriend.eu\\\/fr\\\/\",\"name\":\"Gardeners Friend\",\"description\":\"herbicides, fertilisers, roundup\",\"publisher\":{\"@id\":\"https:\\\/\\\/gardenersfriend.eu\\\/fr\\\/#organization\"},\"potentialAction\":[{\"@type\":\"SearchAction\",\"target\":{\"@type\":\"EntryPoint\",\"urlTemplate\":\"https:\\\/\\\/gardenersfriend.eu\\\/fr\\\/?s={search_term_string}\"},\"query-input\":{\"@type\":\"PropertyValueSpecification\",\"valueRequired\":true,\"valueName\":\"search_term_string\"}}],\"inLanguage\":\"fr-FR\"},{\"@type\":\"Organization\",\"@id\":\"https:\\\/\\\/gardenersfriend.eu\\\/fr\\\/#organization\",\"name\":\"Gardeners Friend\",\"url\":\"https:\\\/\\\/gardenersfriend.eu\\\/fr\\\/\",\"logo\":{\"@type\":\"ImageObject\",\"inLanguage\":\"fr-FR\",\"@id\":\"https:\\\/\\\/gardenersfriend.eu\\\/fr\\\/#\\\/schema\\\/logo\\\/image\\\/\",\"url\":\"https:\\\/\\\/gardenersfriend.eu\\\/wp-content\\\/uploads\\\/2025\\\/09\\\/gf_accepted_big_logo.png\",\"contentUrl\":\"https:\\\/\\\/gardenersfriend.eu\\\/wp-content\\\/uploads\\\/2025\\\/09\\\/gf_accepted_big_logo.png\",\"width\":2000,\"height\":1000,\"caption\":\"Gardeners Friend\"},\"image\":{\"@id\":\"https:\\\/\\\/gardenersfriend.eu\\\/fr\\\/#\\\/schema\\\/logo\\\/image\\\/\"},\"sameAs\":[\"https:\\\/\\\/www.facebook.com\\\/people\\\/Gardeners-Friend-Store\\\/61566268054378\\\/\",\"https:\\\/\\\/www.instagram.com\\\/gardeners_friend_store\\\/\"]}]}<\/script>\n<!-- \/ Yoast SEO plugin. -->","yoast_head_json":{"title":"Ratimor P\u00e2te de brodifacoum - Gardeners Friend","description":"Ratimor - pr\u00e9paration antiparasitaire efficace sous forme de p\u00e2te est un app\u00e2t exceptionnellement efficace pour lutter contre les rongeurs, en particulier les souris et les rats.","robots":{"index":"index","follow":"follow","max-snippet":"max-snippet:-1","max-image-preview":"max-image-preview:large","max-video-preview":"max-video-preview:-1"},"canonical":"https:\/\/gardenersfriend.eu\/fr\/produit\/ratimor-pate-de-brodifacoum\/","og_locale":"fr_FR","og_type":"article","og_title":"Ratimor P\u00e2te de brodifacoum - Gardeners Friend","og_description":"Ratimor - pr\u00e9paration antiparasitaire efficace sous forme de p\u00e2te est un app\u00e2t exceptionnellement efficace pour lutter contre les rongeurs, en particulier les souris et les rats.","og_url":"https:\/\/gardenersfriend.eu\/fr\/produit\/ratimor-pate-de-brodifacoum\/","og_site_name":"Gardeners Friend","article_publisher":"https:\/\/www.facebook.com\/people\/Gardeners-Friend-Store\/61566268054378\/","article_modified_time":"2026-04-23T13:18:18+00:00","og_image":[{"width":403,"height":700,"url":"https:\/\/gardenersfriend.eu\/wp-content\/uploads\/2026\/01\/Ratimor_Paste_1kg.jpg","type":"image\/jpeg"}],"twitter_card":"summary_large_image","twitter_misc":{"Dur\u00e9e de lecture estim\u00e9e":"4 minutes"},"schema":{"@context":"https:\/\/schema.org","@graph":[{"@type":"WebPage","@id":"https:\/\/gardenersfriend.eu\/fr\/produit\/ratimor-pate-de-brodifacoum\/","url":"https:\/\/gardenersfriend.eu\/fr\/produit\/ratimor-pate-de-brodifacoum\/","name":"Ratimor P\u00e2te de brodifacoum - Gardeners Friend","isPartOf":{"@id":"https:\/\/gardenersfriend.eu\/fr\/#website"},"primaryImageOfPage":{"@id":"https:\/\/gardenersfriend.eu\/fr\/produit\/ratimor-pate-de-brodifacoum\/#primaryimage"},"image":{"@id":"https:\/\/gardenersfriend.eu\/fr\/produit\/ratimor-pate-de-brodifacoum\/#primaryimage"},"thumbnailUrl":"https:\/\/gardenersfriend.eu\/wp-content\/uploads\/2026\/01\/Ratimor_Paste_1kg.jpg","datePublished":"2026-01-29T23:35:45+00:00","dateModified":"2026-04-23T13:18:18+00:00","description":"Ratimor - pr\u00e9paration antiparasitaire efficace sous forme de p\u00e2te est un app\u00e2t exceptionnellement efficace pour lutter contre les rongeurs, en particulier les souris et les rats.","breadcrumb":{"@id":"https:\/\/gardenersfriend.eu\/fr\/produit\/ratimor-pate-de-brodifacoum\/#breadcrumb"},"inLanguage":"fr-FR","potentialAction":[{"@type":"ReadAction","target":["https:\/\/gardenersfriend.eu\/fr\/produit\/ratimor-pate-de-brodifacoum\/"]}]},{"@type":"ImageObject","inLanguage":"fr-FR","@id":"https:\/\/gardenersfriend.eu\/fr\/produit\/ratimor-pate-de-brodifacoum\/#primaryimage","url":"https:\/\/gardenersfriend.eu\/wp-content\/uploads\/2026\/01\/Ratimor_Paste_1kg.jpg","contentUrl":"https:\/\/gardenersfriend.eu\/wp-content\/uploads\/2026\/01\/Ratimor_Paste_1kg.jpg","width":403,"height":700,"caption":"P\u00e2te de Ratimor"},{"@type":"BreadcrumbList","@id":"https:\/\/gardenersfriend.eu\/fr\/produit\/ratimor-pate-de-brodifacoum\/#breadcrumb","itemListElement":[{"@type":"ListItem","position":1,"name":"Strona g\u0142\u00f3wna","item":"https:\/\/gardenersfriend.eu\/fr\/"},{"@type":"ListItem","position":2,"name":"Boutique","item":"https:\/\/gardenersfriend.eu\/shop\/"},{"@type":"ListItem","position":3,"name":"Ratimor P\u00e2te de brodifacoum"}]},{"@type":"WebSite","@id":"https:\/\/gardenersfriend.eu\/fr\/#website","url":"https:\/\/gardenersfriend.eu\/fr\/","name":"Gardeners Friend","description":"herbicides, fertilisers, roundup","publisher":{"@id":"https:\/\/gardenersfriend.eu\/fr\/#organization"},"potentialAction":[{"@type":"SearchAction","target":{"@type":"EntryPoint","urlTemplate":"https:\/\/gardenersfriend.eu\/fr\/?s={search_term_string}"},"query-input":{"@type":"PropertyValueSpecification","valueRequired":true,"valueName":"search_term_string"}}],"inLanguage":"fr-FR"},{"@type":"Organization","@id":"https:\/\/gardenersfriend.eu\/fr\/#organization","name":"Gardeners Friend","url":"https:\/\/gardenersfriend.eu\/fr\/","logo":{"@type":"ImageObject","inLanguage":"fr-FR","@id":"https:\/\/gardenersfriend.eu\/fr\/#\/schema\/logo\/image\/","url":"https:\/\/gardenersfriend.eu\/wp-content\/uploads\/2025\/09\/gf_accepted_big_logo.png","contentUrl":"https:\/\/gardenersfriend.eu\/wp-content\/uploads\/2025\/09\/gf_accepted_big_logo.png","width":2000,"height":1000,"caption":"Gardeners Friend"},"image":{"@id":"https:\/\/gardenersfriend.eu\/fr\/#\/schema\/logo\/image\/"},"sameAs":["https:\/\/www.facebook.com\/people\/Gardeners-Friend-Store\/61566268054378\/","https:\/\/www.instagram.com\/gardeners_friend_store\/"]}]}},"uagb_featured_image_src":{"full":["https:\/\/gardenersfriend.eu\/wp-content\/uploads\/2026\/01\/Ratimor_Paste_1kg.jpg",403,700,false],"thumbnail":["https:\/\/gardenersfriend.eu\/wp-content\/uploads\/2026\/01\/Ratimor_Paste_1kg-150x150.jpg",150,150,true],"medium":["https:\/\/gardenersfriend.eu\/wp-content\/uploads\/2026\/01\/Ratimor_Paste_1kg-173x300.jpg",173,300,true],"medium_large":["https:\/\/gardenersfriend.eu\/wp-content\/uploads\/2026\/01\/Ratimor_Paste_1kg.jpg",403,700,false],"large":["https:\/\/gardenersfriend.eu\/wp-content\/uploads\/2026\/01\/Ratimor_Paste_1kg.jpg",403,700,false],"1536x1536":["https:\/\/gardenersfriend.eu\/wp-content\/uploads\/2026\/01\/Ratimor_Paste_1kg.jpg",403,700,false],"2048x2048":["https:\/\/gardenersfriend.eu\/wp-content\/uploads\/2026\/01\/Ratimor_Paste_1kg.jpg",403,700,false],"woocommerce_thumbnail":["https:\/\/gardenersfriend.eu\/wp-content\/uploads\/2026\/01\/Ratimor_Paste_1kg-300x300.jpg",300,300,true],"woocommerce_single":["https:\/\/gardenersfriend.eu\/wp-content\/uploads\/2026\/01\/Ratimor_Paste_1kg.jpg",403,700,false],"woocommerce_gallery_thumbnail":["https:\/\/gardenersfriend.eu\/wp-content\/uploads\/2026\/01\/Ratimor_Paste_1kg-100x100.jpg",100,100,true]},"uagb_author_info":{"display_name":"admin","author_link":"https:\/\/gardenersfriend.eu\/fr\/author\/"},"uagb_comment_info":0,"uagb_excerpt":"Ratimor - pr\u00e9paration antiparasitaire efficace sous forme de p\u00e2te est un app\u00e2t exceptionnellement efficace pour lutter contre les rongeurs, en particulier les souris et les rats.","jetpack_sharing_enabled":true,"_links":{"self":[{"href":"https:\/\/gardenersfriend.eu\/fr\/wp-json\/wp\/v2\/product\/8536","targetHints":{"allow":["GET"]}}],"collection":[{"href":"https:\/\/gardenersfriend.eu\/fr\/wp-json\/wp\/v2\/product"}],"about":[{"href":"https:\/\/gardenersfriend.eu\/fr\/wp-json\/wp\/v2\/types\/product"}],"replies":[{"embeddable":true,"href":"https:\/\/gardenersfriend.eu\/fr\/wp-json\/wp\/v2\/comments?post=8536"}],"wp:featuredmedia":[{"embeddable":true,"href":"https:\/\/gardenersfriend.eu\/fr\/wp-json\/wp\/v2\/media\/8482"}],"wp:attachment":[{"href":"https:\/\/gardenersfriend.eu\/fr\/wp-json\/wp\/v2\/media?parent=8536"}],"wp:term":[{"taxonomy":"product_brand","embeddable":true,"href":"https:\/\/gardenersfriend.eu\/fr\/wp-json\/wp\/v2\/product_brand?post=8536"},{"taxonomy":"product_cat","embeddable":true,"href":"https:\/\/gardenersfriend.eu\/fr\/wp-json\/wp\/v2\/product_cat?post=8536"},{"taxonomy":"product_tag","embeddable":true,"href":"https:\/\/gardenersfriend.eu\/fr\/wp-json\/wp\/v2\/product_tag?post=8536"}],"curies":[{"name":"wp","href":"https:\/\/api.w.org\/{rel}","templated":true}]}}