{"id":8561,"date":"2026-01-21T10:12:17","date_gmt":"2026-01-21T09:12:17","guid":{"rendered":"https:\/\/gardenersfriend.eu\/product\/gallup-special-360-sl\/"},"modified":"2026-04-23T15:18:17","modified_gmt":"2026-04-23T13:18:17","slug":"gallup-special-360-sl","status":"publish","type":"product","link":"https:\/\/gardenersfriend.eu\/fr\/produit\/gallup-special-360-sl\/","title":{"rendered":"Gallup Special 360 SL"},"content":{"rendered":"<h2 class=\"p1\">Gallup Special 360 SL<\/h2>\n<p class=\"p1\">Gallup Special 360 est un herbicide s\u00e9lectif \u00e0 action syst\u00e9mique sous forme de concentr\u00e9, contr\u00f4lant toutes les plantes vertes.<\/p>\n<p class=\"p1\"><strong>Gallup Special<\/strong> est un herbicide s\u00e9lectif \u00e0 action syst\u00e9mique, appliqu\u00e9 par voie foliaire, sous forme de concentr\u00e9 pour solution aqueuse (SL). Selon la classification HRAC, la substance active glyphosate appartient au groupe 9, qui est une enzyme cl\u00e9 de la voie m\u00e9tabolique de l&rsquo;acide shikimique impliqu\u00e9e dans la biosynth\u00e8se des acides amin\u00e9s aromatiques. Dans la plante, il inhibe la synth\u00e8se des prot\u00e9ines essentielles \u00e0 la croissance de la plante. Gallup Special 360 SL est appliqu\u00e9 apr\u00e8s la r\u00e9colte, avant la culture post-r\u00e9colte, dans les vergers de pommiers et dans les zones non utilis\u00e9es. Le produit est destin\u00e9 \u00e0 \u00eatre utilis\u00e9 avec des pulv\u00e9risateurs automoteurs ou mont\u00e9s sur tracteur, ainsi qu&rsquo;avec des pulv\u00e9risateurs portatifs. Les premiers sympt\u00f4mes de l&rsquo;action du produit (jaunissement et fl\u00e9trissement) sont visibles 7 \u00e0 10 jours apr\u00e8s l&rsquo;application. La mort compl\u00e8te de la plante survient apr\u00e8s environ 3 semaines. Les temp\u00e9ratures \u00e9lev\u00e9es, l&rsquo;humidit\u00e9 et la forte lumi\u00e8re du soleil acc\u00e9l\u00e8rent l&rsquo;effet du produit.       <\/p>\n<p class=\"p1\">Lorsque vous utilisez un produit \u00e0 base de glyphosate, il est important de prendre en compte les effets \u00e0 long terme du traitement. L&rsquo;AS Premium, un adjuvant d\u00e9di\u00e9 au glyphosate, r\u00e9duit consid\u00e9rablement la repousse des mauvaises herbes. Ce produit am\u00e9liore la p\u00e9n\u00e9tration et le transport de l&rsquo;ingr\u00e9dient actif dans les plantes.<br \/>\n<strong>AS Premium pr\u00e9sente des propri\u00e9t\u00e9s de conditionnement de l&rsquo;eau :<\/strong><\/p>\n<ul>\n<li>influence sur l&rsquo;augmentation de l&rsquo;adh\u00e9rence des gouttelettes,<\/li>\n<li>propri\u00e9t\u00e9s de mouillage,<\/li>\n<li>r\u00e9duire la duret\u00e9 de l&rsquo;eau,<\/li>\n<li>la r\u00e9gulation du pH de la bouillie<\/li>\n<\/ul>\n<h3>Teneur en substances actives du produit phytopharmaceutique Gallup Special 360 SL :<\/h3>\n<ul>\n<li>glyphosate (compos\u00e9 du groupe des aminophosphonates) &#8211; 360 g\/l (31 %) sous forme de sel d&rsquo;isopropylamine.<\/li>\n<\/ul>\n<h3>Avantages de la pulv\u00e9risation sp\u00e9ciale Gallup :<\/h3>\n<ul>\n<li>Tr\u00e8s efficace,<\/li>\n<li>une action rapide,<\/li>\n<li>la meilleure fa\u00e7on de lutter contre les mauvaises herbes,<\/li>\n<li>d\u00e9truit toutes les esp\u00e8ces de mauvaises herbes annuelles et vivaces, y compris le tr\u00e8s g\u00eanant chiendent,<\/li>\n<li>l&rsquo;\u00e9limination effective des jach\u00e8res et des terres non cultiv\u00e9es,<\/li>\n<li>facilit\u00e9 et large gamme d&rsquo;utilisation<\/li>\n<\/ul>\n<h3>Gallup Special &#8211; sur quelles mauvaises herbes fonctionne-t-il ?<\/h3>\n<p>Selon la classification HRAC, la substance active glyphosate est class\u00e9e dans le groupe 9, une enzyme cl\u00e9 de la voie m\u00e9tabolique de l&rsquo;acide shikimique impliqu\u00e9e dans la biosynth\u00e8se des acides amin\u00e9s aromatiques. Dans la plante, il inhibe la synth\u00e8se des prot\u00e9ines essentielles \u00e0 la croissance de la plante. L&rsquo;agent est absorb\u00e9 par les parties vertes de la plante (feuilles, pousses vertes et \u00e9corces non ligneuses), puis se d\u00e9place dans la plante et atteint ses parties souterraines (racines, stolons, etc.), provoquant leur mort. Les premiers sympt\u00f4mes de l&rsquo;action de l&rsquo;agent (jaunissement et fl\u00e9trissement) sont visibles 7 \u00e0 10 jours apr\u00e8s l&rsquo;application. La mort compl\u00e8te de la plante survient apr\u00e8s environ 3 semaines. Une temp\u00e9rature et une humidit\u00e9 \u00e9lev\u00e9es, ainsi qu&rsquo;un fort ensoleillement, acc\u00e9l\u00e8rent l&rsquo;action de l&rsquo;agent.     <\/p>\n<p class=\"p1\"><strong>\u00c9tiquette : <\/strong><a title=\"Gallup Special 360 SL\" href=\"https:\/\/gardenersfriend.eu\/wp-content\/uploads\/2026\/02\/Gallup_Special_360_FR.pdf\" target=\"_blank\" rel=\"noopener\">Gallup Special 360 SL_FR<\/a><\/p>\n<p class=\"p1\"><strong>Site du producteur :<\/strong> <a title=\"Barclay Crop Protection\" href=\"https:\/\/www.barclay.ie\/\" target=\"_blank\" rel=\"noopener\">Barclay Crop Protection<\/a><\/p>\n\n<h5>Informations l\u00e9gales<\/h5>\n<p>\nConseils\u00a0! Utilisez les pesticides avec pr\u00e9caution.\n\nAvant utilisation, veuillez lire attentivement l\u2019\u00e9tiquette et les informations relatives au produit.\n\nUtilisation autoris\u00e9e par les particuliers.\n\nException\u00a0: L\u2019acheteur belge d\u00e9clare qu\u2019au moment de l\u2019achat, il est pleinement capable juridiquement et qu\u2019il poss\u00e8de les qualifications requises pour l\u2019achat de produits phytosanitaires.\n\nConform\u00e9ment \u00e0 l\u2019article\u00a0[num\u00e9ro de l\u2019article] Conform\u00e9ment \u00e0 l'article 28 de la loi du 8 mars 2013 relative aux produits phytopharmaceutiques (Journal officiel 2020, article 2097), \u00e0 compter du 26 novembre 2015, les produits phytopharmaceutiques destin\u00e9s aux professionnels peuvent \u00eatre vendus aux personnes qui\u00a0:\n\n1) ont suivi une formation \u00e0 l'utilisation des produits phytopharmaceutiques en R\u00e9publique de Pologne, attest\u00e9e par une attestation de r\u00e9ussite\u00a0; ou\n\n2) ont suivi une formation au conseil en produits phytopharmaceutiques en R\u00e9publique de Pologne, attest\u00e9e par une attestation de r\u00e9ussite\u00a0; ou\n\n3) ont suivi une formation \u00e0 la production v\u00e9g\u00e9tale int\u00e9gr\u00e9e, attest\u00e9e par une attestation de r\u00e9ussite\u00a0; ou\n\n4) ont suivi, au plus t\u00f4t cinq ans avant l'achat de ces produits, la formation requise pour les professionnels dans un autre \u00c9tat membre de l'Union europ\u00e9enne ou dans un pays partie \u00e0 l'Accord sur l'Espace \u00e9conomique europ\u00e9en, conform\u00e9ment \u00e0 la r\u00e9glementation en vigueur dans ce pays, et attest\u00e9e par une attestation de r\u00e9ussite\u00a0; ou ont pr\u00e9sent\u00e9 un autre document d\u00e9livr\u00e9 conform\u00e9ment \u00e0 la r\u00e9glementation en vigueur dans ce pays. Ils confirment avoir obtenu l'autorisation d'acheter des produits phytosanitaires destin\u00e9s aux professionnels.\n\nImportant\u00a0!\n\nSeules les personnes \u00e2g\u00e9es de plus de 18\u00a0ans peuvent utiliser des produits phytosanitaires.\n\nLes produits phytosanitaires doivent \u00eatre utilis\u00e9s avec pr\u00e9caution.\n\nAvant chaque utilisation, veuillez lire attentivement les informations figurant sur l'\u00e9tiquette et la notice.\n<\/p>\n","protected":false},"excerpt":{"rendered":"<p>Gallup Special 360 SL Herbicide s\u00e9lectif \u00e0 action syst\u00e9mique sous forme de concentr\u00e9, contr\u00f4lant toutes les plantes vertes.<\/p>\n","protected":false},"featured_media":8413,"comment_status":"open","ping_status":"closed","template":"","meta":{"_uag_custom_page_level_css":"","site-sidebar-layout":"default","site-content-layout":"","ast-site-content-layout":"default","site-content-style":"default","site-sidebar-style":"default","ast-global-header-display":"","ast-banner-title-visibility":"","ast-main-header-display":"","ast-hfb-above-header-display":"","ast-hfb-below-header-display":"","ast-hfb-mobile-header-display":"","site-post-title":"","ast-breadcrumbs-content":"","ast-featured-img":"","footer-sml-layout":"","ast-disable-related-posts":"","theme-transparent-header-meta":"default","adv-header-id-meta":"","stick-header-meta":"","header-above-stick-meta":"","header-main-stick-meta":"","header-below-stick-meta":"","astra-migrate-meta-layouts":"default","ast-page-background-enabled":"default","ast-page-background-meta":{"desktop":{"background-color":"var(--ast-global-color-4)","background-image":"","background-repeat":"repeat","background-position":"center center","background-size":"auto","background-attachment":"scroll","background-type":"","background-media":"","overlay-type":"","overlay-color":"","overlay-opacity":"","overlay-gradient":""},"tablet":{"background-color":"","background-image":"","background-repeat":"repeat","background-position":"center center","background-size":"auto","background-attachment":"scroll","background-type":"","background-media":"","overlay-type":"","overlay-color":"","overlay-opacity":"","overlay-gradient":""},"mobile":{"background-color":"","background-image":"","background-repeat":"repeat","background-position":"center center","background-size":"auto","background-attachment":"scroll","background-type":"","background-media":"","overlay-type":"","overlay-color":"","overlay-opacity":"","overlay-gradient":""}},"ast-content-background-meta":{"desktop":{"background-color":"var(--ast-global-color-5)","background-image":"","background-repeat":"repeat","background-position":"center center","background-size":"auto","background-attachment":"scroll","background-type":"","background-media":"","overlay-type":"","overlay-color":"","overlay-opacity":"","overlay-gradient":""},"tablet":{"background-color":"var(--ast-global-color-5)","background-image":"","background-repeat":"repeat","background-position":"center center","background-size":"auto","background-attachment":"scroll","background-type":"","background-media":"","overlay-type":"","overlay-color":"","overlay-opacity":"","overlay-gradient":""},"mobile":{"background-color":"var(--ast-global-color-5)","background-image":"","background-repeat":"repeat","background-position":"center center","background-size":"auto","background-attachment":"scroll","background-type":"","background-media":"","overlay-type":"","overlay-color":"","overlay-opacity":"","overlay-gradient":""}}},"product_brand":[],"product_cat":[177,87],"product_tag":[],"class_list":{"0":"post-8561","1":"product","2":"type-product","3":"status-publish","4":"has-post-thumbnail","6":"product_cat-herbicide","7":"product_cat-tous-les-produits","8":"desktop-align-left","9":"tablet-align-left","10":"mobile-align-left","12":"first","13":"instock","14":"taxable","15":"shipping-taxable","16":"purchasable","17":"product-type-variable","18":"has-default-attributes"},"yoast_head":"<!-- This site is optimized with the Yoast SEO plugin v27.4 - https:\/\/yoast.com\/product\/yoast-seo-wordpress\/ -->\n<title>Gallup Special 360 SL - Gardeners Friend<\/title>\n<meta name=\"description\" content=\"Gallup Special 360 SL Herbicide s\u00e9lectif \u00e0 action syst\u00e9mique sous forme de concentr\u00e9, contr\u00f4lant toutes les plantes vertes.\" \/>\n<meta name=\"robots\" content=\"index, follow, max-snippet:-1, max-image-preview:large, max-video-preview:-1\" \/>\n<link rel=\"canonical\" href=\"https:\/\/gardenersfriend.eu\/fr\/produit\/gallup-special-360-sl\/\" \/>\n<meta property=\"og:locale\" content=\"fr_FR\" \/>\n<meta property=\"og:type\" content=\"article\" \/>\n<meta property=\"og:title\" content=\"Gallup Special 360 SL - Gardeners Friend\" \/>\n<meta property=\"og:description\" content=\"Gallup Special 360 SL Herbicide s\u00e9lectif \u00e0 action syst\u00e9mique sous forme de concentr\u00e9, contr\u00f4lant toutes les plantes vertes.\" \/>\n<meta property=\"og:url\" content=\"https:\/\/gardenersfriend.eu\/fr\/produit\/gallup-special-360-sl\/\" \/>\n<meta property=\"og:site_name\" content=\"Gardeners Friend\" \/>\n<meta property=\"article:publisher\" content=\"https:\/\/www.facebook.com\/people\/Gardeners-Friend-Store\/61566268054378\/\" \/>\n<meta property=\"article:modified_time\" content=\"2026-04-23T13:18:17+00:00\" \/>\n<meta property=\"og:image\" content=\"https:\/\/gardenersfriend.eu\/wp-content\/uploads\/2026\/01\/gallup_special_360_5L.jpg\" \/>\n\t<meta property=\"og:image:width\" content=\"600\" \/>\n\t<meta property=\"og:image:height\" content=\"600\" \/>\n\t<meta property=\"og:image:type\" content=\"image\/jpeg\" \/>\n<meta name=\"twitter:card\" content=\"summary_large_image\" \/>\n<meta name=\"twitter:label1\" content=\"Dur\u00e9e de lecture estim\u00e9e\" \/>\n\t<meta name=\"twitter:data1\" content=\"3 minutes\" \/>\n<script type=\"application\/ld+json\" class=\"yoast-schema-graph\">{\"@context\":\"https:\\\/\\\/schema.org\",\"@graph\":[{\"@type\":\"WebPage\",\"@id\":\"https:\\\/\\\/gardenersfriend.eu\\\/fr\\\/produit\\\/gallup-special-360-sl\\\/\",\"url\":\"https:\\\/\\\/gardenersfriend.eu\\\/fr\\\/produit\\\/gallup-special-360-sl\\\/\",\"name\":\"Gallup Special 360 SL - Gardeners Friend\",\"isPartOf\":{\"@id\":\"https:\\\/\\\/gardenersfriend.eu\\\/fr\\\/#website\"},\"primaryImageOfPage\":{\"@id\":\"https:\\\/\\\/gardenersfriend.eu\\\/fr\\\/produit\\\/gallup-special-360-sl\\\/#primaryimage\"},\"image\":{\"@id\":\"https:\\\/\\\/gardenersfriend.eu\\\/fr\\\/produit\\\/gallup-special-360-sl\\\/#primaryimage\"},\"thumbnailUrl\":\"https:\\\/\\\/gardenersfriend.eu\\\/wp-content\\\/uploads\\\/2026\\\/01\\\/gallup_special_360_5L.jpg\",\"datePublished\":\"2026-01-21T09:12:17+00:00\",\"dateModified\":\"2026-04-23T13:18:17+00:00\",\"description\":\"Gallup Special 360 SL Herbicide s\u00e9lectif \u00e0 action syst\u00e9mique sous forme de concentr\u00e9, contr\u00f4lant toutes les plantes vertes.\",\"breadcrumb\":{\"@id\":\"https:\\\/\\\/gardenersfriend.eu\\\/fr\\\/produit\\\/gallup-special-360-sl\\\/#breadcrumb\"},\"inLanguage\":\"fr-FR\",\"potentialAction\":[{\"@type\":\"ReadAction\",\"target\":[\"https:\\\/\\\/gardenersfriend.eu\\\/fr\\\/produit\\\/gallup-special-360-sl\\\/\"]}]},{\"@type\":\"ImageObject\",\"inLanguage\":\"fr-FR\",\"@id\":\"https:\\\/\\\/gardenersfriend.eu\\\/fr\\\/produit\\\/gallup-special-360-sl\\\/#primaryimage\",\"url\":\"https:\\\/\\\/gardenersfriend.eu\\\/wp-content\\\/uploads\\\/2026\\\/01\\\/gallup_special_360_5L.jpg\",\"contentUrl\":\"https:\\\/\\\/gardenersfriend.eu\\\/wp-content\\\/uploads\\\/2026\\\/01\\\/gallup_special_360_5L.jpg\",\"width\":600,\"height\":600,\"caption\":\"Gallup Special 360 SL 5L\"},{\"@type\":\"BreadcrumbList\",\"@id\":\"https:\\\/\\\/gardenersfriend.eu\\\/fr\\\/produit\\\/gallup-special-360-sl\\\/#breadcrumb\",\"itemListElement\":[{\"@type\":\"ListItem\",\"position\":1,\"name\":\"Strona g\u0142\u00f3wna\",\"item\":\"https:\\\/\\\/gardenersfriend.eu\\\/fr\\\/\"},{\"@type\":\"ListItem\",\"position\":2,\"name\":\"Boutique\",\"item\":\"https:\\\/\\\/gardenersfriend.eu\\\/shop\\\/\"},{\"@type\":\"ListItem\",\"position\":3,\"name\":\"Gallup Special 360 SL\"}]},{\"@type\":\"WebSite\",\"@id\":\"https:\\\/\\\/gardenersfriend.eu\\\/fr\\\/#website\",\"url\":\"https:\\\/\\\/gardenersfriend.eu\\\/fr\\\/\",\"name\":\"Gardeners Friend\",\"description\":\"herbicides, fertilisers, roundup\",\"publisher\":{\"@id\":\"https:\\\/\\\/gardenersfriend.eu\\\/fr\\\/#organization\"},\"potentialAction\":[{\"@type\":\"SearchAction\",\"target\":{\"@type\":\"EntryPoint\",\"urlTemplate\":\"https:\\\/\\\/gardenersfriend.eu\\\/fr\\\/?s={search_term_string}\"},\"query-input\":{\"@type\":\"PropertyValueSpecification\",\"valueRequired\":true,\"valueName\":\"search_term_string\"}}],\"inLanguage\":\"fr-FR\"},{\"@type\":\"Organization\",\"@id\":\"https:\\\/\\\/gardenersfriend.eu\\\/fr\\\/#organization\",\"name\":\"Gardeners Friend\",\"url\":\"https:\\\/\\\/gardenersfriend.eu\\\/fr\\\/\",\"logo\":{\"@type\":\"ImageObject\",\"inLanguage\":\"fr-FR\",\"@id\":\"https:\\\/\\\/gardenersfriend.eu\\\/fr\\\/#\\\/schema\\\/logo\\\/image\\\/\",\"url\":\"https:\\\/\\\/gardenersfriend.eu\\\/wp-content\\\/uploads\\\/2025\\\/09\\\/gf_accepted_big_logo.png\",\"contentUrl\":\"https:\\\/\\\/gardenersfriend.eu\\\/wp-content\\\/uploads\\\/2025\\\/09\\\/gf_accepted_big_logo.png\",\"width\":2000,\"height\":1000,\"caption\":\"Gardeners Friend\"},\"image\":{\"@id\":\"https:\\\/\\\/gardenersfriend.eu\\\/fr\\\/#\\\/schema\\\/logo\\\/image\\\/\"},\"sameAs\":[\"https:\\\/\\\/www.facebook.com\\\/people\\\/Gardeners-Friend-Store\\\/61566268054378\\\/\",\"https:\\\/\\\/www.instagram.com\\\/gardeners_friend_store\\\/\"]}]}<\/script>\n<!-- \/ Yoast SEO plugin. -->","yoast_head_json":{"title":"Gallup Special 360 SL - Gardeners Friend","description":"Gallup Special 360 SL Herbicide s\u00e9lectif \u00e0 action syst\u00e9mique sous forme de concentr\u00e9, contr\u00f4lant toutes les plantes vertes.","robots":{"index":"index","follow":"follow","max-snippet":"max-snippet:-1","max-image-preview":"max-image-preview:large","max-video-preview":"max-video-preview:-1"},"canonical":"https:\/\/gardenersfriend.eu\/fr\/produit\/gallup-special-360-sl\/","og_locale":"fr_FR","og_type":"article","og_title":"Gallup Special 360 SL - Gardeners Friend","og_description":"Gallup Special 360 SL Herbicide s\u00e9lectif \u00e0 action syst\u00e9mique sous forme de concentr\u00e9, contr\u00f4lant toutes les plantes vertes.","og_url":"https:\/\/gardenersfriend.eu\/fr\/produit\/gallup-special-360-sl\/","og_site_name":"Gardeners Friend","article_publisher":"https:\/\/www.facebook.com\/people\/Gardeners-Friend-Store\/61566268054378\/","article_modified_time":"2026-04-23T13:18:17+00:00","og_image":[{"width":600,"height":600,"url":"https:\/\/gardenersfriend.eu\/wp-content\/uploads\/2026\/01\/gallup_special_360_5L.jpg","type":"image\/jpeg"}],"twitter_card":"summary_large_image","twitter_misc":{"Dur\u00e9e de lecture estim\u00e9e":"3 minutes"},"schema":{"@context":"https:\/\/schema.org","@graph":[{"@type":"WebPage","@id":"https:\/\/gardenersfriend.eu\/fr\/produit\/gallup-special-360-sl\/","url":"https:\/\/gardenersfriend.eu\/fr\/produit\/gallup-special-360-sl\/","name":"Gallup Special 360 SL - Gardeners Friend","isPartOf":{"@id":"https:\/\/gardenersfriend.eu\/fr\/#website"},"primaryImageOfPage":{"@id":"https:\/\/gardenersfriend.eu\/fr\/produit\/gallup-special-360-sl\/#primaryimage"},"image":{"@id":"https:\/\/gardenersfriend.eu\/fr\/produit\/gallup-special-360-sl\/#primaryimage"},"thumbnailUrl":"https:\/\/gardenersfriend.eu\/wp-content\/uploads\/2026\/01\/gallup_special_360_5L.jpg","datePublished":"2026-01-21T09:12:17+00:00","dateModified":"2026-04-23T13:18:17+00:00","description":"Gallup Special 360 SL Herbicide s\u00e9lectif \u00e0 action syst\u00e9mique sous forme de concentr\u00e9, contr\u00f4lant toutes les plantes vertes.","breadcrumb":{"@id":"https:\/\/gardenersfriend.eu\/fr\/produit\/gallup-special-360-sl\/#breadcrumb"},"inLanguage":"fr-FR","potentialAction":[{"@type":"ReadAction","target":["https:\/\/gardenersfriend.eu\/fr\/produit\/gallup-special-360-sl\/"]}]},{"@type":"ImageObject","inLanguage":"fr-FR","@id":"https:\/\/gardenersfriend.eu\/fr\/produit\/gallup-special-360-sl\/#primaryimage","url":"https:\/\/gardenersfriend.eu\/wp-content\/uploads\/2026\/01\/gallup_special_360_5L.jpg","contentUrl":"https:\/\/gardenersfriend.eu\/wp-content\/uploads\/2026\/01\/gallup_special_360_5L.jpg","width":600,"height":600,"caption":"Gallup Special 360 SL 5L"},{"@type":"BreadcrumbList","@id":"https:\/\/gardenersfriend.eu\/fr\/produit\/gallup-special-360-sl\/#breadcrumb","itemListElement":[{"@type":"ListItem","position":1,"name":"Strona g\u0142\u00f3wna","item":"https:\/\/gardenersfriend.eu\/fr\/"},{"@type":"ListItem","position":2,"name":"Boutique","item":"https:\/\/gardenersfriend.eu\/shop\/"},{"@type":"ListItem","position":3,"name":"Gallup Special 360 SL"}]},{"@type":"WebSite","@id":"https:\/\/gardenersfriend.eu\/fr\/#website","url":"https:\/\/gardenersfriend.eu\/fr\/","name":"Gardeners Friend","description":"herbicides, fertilisers, roundup","publisher":{"@id":"https:\/\/gardenersfriend.eu\/fr\/#organization"},"potentialAction":[{"@type":"SearchAction","target":{"@type":"EntryPoint","urlTemplate":"https:\/\/gardenersfriend.eu\/fr\/?s={search_term_string}"},"query-input":{"@type":"PropertyValueSpecification","valueRequired":true,"valueName":"search_term_string"}}],"inLanguage":"fr-FR"},{"@type":"Organization","@id":"https:\/\/gardenersfriend.eu\/fr\/#organization","name":"Gardeners Friend","url":"https:\/\/gardenersfriend.eu\/fr\/","logo":{"@type":"ImageObject","inLanguage":"fr-FR","@id":"https:\/\/gardenersfriend.eu\/fr\/#\/schema\/logo\/image\/","url":"https:\/\/gardenersfriend.eu\/wp-content\/uploads\/2025\/09\/gf_accepted_big_logo.png","contentUrl":"https:\/\/gardenersfriend.eu\/wp-content\/uploads\/2025\/09\/gf_accepted_big_logo.png","width":2000,"height":1000,"caption":"Gardeners Friend"},"image":{"@id":"https:\/\/gardenersfriend.eu\/fr\/#\/schema\/logo\/image\/"},"sameAs":["https:\/\/www.facebook.com\/people\/Gardeners-Friend-Store\/61566268054378\/","https:\/\/www.instagram.com\/gardeners_friend_store\/"]}]}},"uagb_featured_image_src":{"full":["https:\/\/gardenersfriend.eu\/wp-content\/uploads\/2026\/01\/gallup_special_360_5L.jpg",600,600,false],"thumbnail":["https:\/\/gardenersfriend.eu\/wp-content\/uploads\/2026\/01\/gallup_special_360_5L-150x150.jpg",150,150,true],"medium":["https:\/\/gardenersfriend.eu\/wp-content\/uploads\/2026\/01\/gallup_special_360_5L-300x300.jpg",300,300,true],"medium_large":["https:\/\/gardenersfriend.eu\/wp-content\/uploads\/2026\/01\/gallup_special_360_5L.jpg",600,600,false],"large":["https:\/\/gardenersfriend.eu\/wp-content\/uploads\/2026\/01\/gallup_special_360_5L.jpg",600,600,false],"1536x1536":["https:\/\/gardenersfriend.eu\/wp-content\/uploads\/2026\/01\/gallup_special_360_5L.jpg",600,600,false],"2048x2048":["https:\/\/gardenersfriend.eu\/wp-content\/uploads\/2026\/01\/gallup_special_360_5L.jpg",600,600,false],"woocommerce_thumbnail":["https:\/\/gardenersfriend.eu\/wp-content\/uploads\/2026\/01\/gallup_special_360_5L-300x300.jpg",300,300,true],"woocommerce_single":["https:\/\/gardenersfriend.eu\/wp-content\/uploads\/2026\/01\/gallup_special_360_5L.jpg",600,600,false],"woocommerce_gallery_thumbnail":["https:\/\/gardenersfriend.eu\/wp-content\/uploads\/2026\/01\/gallup_special_360_5L-100x100.jpg",100,100,true]},"uagb_author_info":{"display_name":"admin","author_link":"https:\/\/gardenersfriend.eu\/fr\/author\/"},"uagb_comment_info":0,"uagb_excerpt":"Gallup Special 360 SL Herbicide s\u00e9lectif \u00e0 action syst\u00e9mique sous forme de concentr\u00e9, contr\u00f4lant toutes les plantes vertes.","jetpack_sharing_enabled":true,"_links":{"self":[{"href":"https:\/\/gardenersfriend.eu\/fr\/wp-json\/wp\/v2\/product\/8561","targetHints":{"allow":["GET"]}}],"collection":[{"href":"https:\/\/gardenersfriend.eu\/fr\/wp-json\/wp\/v2\/product"}],"about":[{"href":"https:\/\/gardenersfriend.eu\/fr\/wp-json\/wp\/v2\/types\/product"}],"replies":[{"embeddable":true,"href":"https:\/\/gardenersfriend.eu\/fr\/wp-json\/wp\/v2\/comments?post=8561"}],"wp:featuredmedia":[{"embeddable":true,"href":"https:\/\/gardenersfriend.eu\/fr\/wp-json\/wp\/v2\/media\/8413"}],"wp:attachment":[{"href":"https:\/\/gardenersfriend.eu\/fr\/wp-json\/wp\/v2\/media?parent=8561"}],"wp:term":[{"taxonomy":"product_brand","embeddable":true,"href":"https:\/\/gardenersfriend.eu\/fr\/wp-json\/wp\/v2\/product_brand?post=8561"},{"taxonomy":"product_cat","embeddable":true,"href":"https:\/\/gardenersfriend.eu\/fr\/wp-json\/wp\/v2\/product_cat?post=8561"},{"taxonomy":"product_tag","embeddable":true,"href":"https:\/\/gardenersfriend.eu\/fr\/wp-json\/wp\/v2\/product_tag?post=8561"}],"curies":[{"name":"wp","href":"https:\/\/api.w.org\/{rel}","templated":true}]}}