{"id":8566,"date":"2026-01-30T01:39:33","date_gmt":"2026-01-30T00:39:33","guid":{"rendered":"https:\/\/gardenersfriend.eu\/product\/decis-mega-50-ew\/"},"modified":"2026-04-23T15:18:23","modified_gmt":"2026-04-23T13:18:23","slug":"decis-mega-50-ew","status":"publish","type":"product","link":"https:\/\/gardenersfriend.eu\/fr\/produit\/decis-mega-50-ew\/","title":{"rendered":"Decis Mega 50 EW"},"content":{"rendered":"<h2>Decis Mega 50 EW insecticide<\/h2>\n<h3>Application :<\/h3>\n<p>Decis Mega 50 EW est un insecticide stomacal et de contact utilis\u00e9 pour lutter contre les ravageurs piqueurs et piqueurs-suceurs. Il a un effet neutre sur les plantes cultiv\u00e9es, n&rsquo;agissant qu&rsquo;en surface. <\/p>\n<p>Selon l&rsquo;\u00e9tiquette, vous pouvez utiliser le produit pour \u00e9liminer les insectes dans les cultures agricoles, les vergers et les plates-bandes de l\u00e9gumes et de fleurs de la maison. Il est efficace pour prot\u00e9ger les esp\u00e8ces v\u00e9g\u00e9tales telles que : <\/p>\n<ul>\n<li>Colza d&rsquo;hiver<\/li>\n<li>cassis<\/li>\n<li>betterave sucri\u00e8re<\/li>\n<li>orge de printemps<\/li>\n<li>chou pomm\u00e9<\/li>\n<li>fraise<\/li>\n<\/ul>\n<h3>Action Decis Mega 50 EW :<\/h3>\n<p>Le produit phytosanitaire Decis Mega 50 EW est accompagn\u00e9 d&rsquo;une \u00e9tiquette qu&rsquo;il convient de lire avant utilisation. Vous la trouverez \u00e9galement sur la page produit de notre magasin de jardinage. La deltam\u00e9thrine, un produit chimique organique du groupe des pyr\u00e9thrino\u00efdes synth\u00e9tiques, est responsable de l&rsquo;action insecticide du produit. L&rsquo;ingr\u00e9dient actif est con\u00e7u pour lutter contre les insectes piqueurs-suceurs. Elle p\u00e9n\u00e8tre la membrane cellulaire des neurones des parasites et bloque leurs canaux sodiques. La deltam\u00e9thrine bloque les enzymes neurotransmetteurs, ce qui entra\u00eene une paralysie compl\u00e8te des insectes vis\u00e9s.     <\/p>\n<h3>Pr\u00e9paration du Decis Mega 50 EW \u00e0 l&rsquo;utilisation :<\/h3>\n<p>Pour assurer une protection efficace de vos plantes, pr\u00e9parez correctement l&rsquo;insecticide avant de l&rsquo;utiliser. Selon l&rsquo;\u00e9tiquette, la dose de Decis Mega 50 EW pour 100 litres d&rsquo;eau est de 15 \u00e0 25 millilitres. Cette dose devrait \u00eatre suffisante pour pulv\u00e9riser un champ d&rsquo;un hectare. Apr\u00e8s avoir mesur\u00e9 le concentr\u00e9, versez-le dans la cuve du pulv\u00e9risateur avec l&rsquo;agitateur enclench\u00e9, qui a \u00e9t\u00e9 remplie \u00e0 peu pr\u00e8s \u00e0 moiti\u00e9 avec de l&rsquo;eau. Vous trouverez le mat\u00e9riel n\u00e9cessaire chez Agro Garden Center.    <\/p>\n<p>Avant de jeter le contenant d&rsquo;insecticide, rincez-le avec de l&rsquo;eau (id\u00e9alement trois fois) et versez le m\u00e9lange obtenu dans la solution d&rsquo;application pr\u00e9par\u00e9e pr\u00e9c\u00e9demment. Lors de la pulv\u00e9risation de Decis Mega 50 EW, l&rsquo;agitateur du pulv\u00e9risateur doit fonctionner en permanence. Si votre pulv\u00e9risateur n&rsquo;est pas \u00e9quip\u00e9 d&rsquo;un agitateur automatique, m\u00e9langez le m\u00e9lange m\u00e9caniquement. Si vous ne le faites pas, vous risquez d&rsquo;obtenir une solution moins active. En cas de doute sur l&rsquo;utilisation du produit, consultez l&rsquo;\u00e9tiquette du fabricant, \u00e9galement disponible sur le site de notre magasin de jardinage.    <\/p>\n<h3>Decis Mega 50 EW dans la protection des plantes :<\/h3>\n<p>Avec des insecticides sp\u00e9cialis\u00e9s, vous pouvez am\u00e9liorer de mani\u00e8re significative la qualit\u00e9 de vos cultures et augmenter le rendement ! Decis Mega 50 EW prot\u00e8ge efficacement les esp\u00e8ces mentionn\u00e9es sur l&rsquo;\u00e9tiquette contre les ravageurs courants en Pologne. Les plus courants sont les pucerons, les doryphores et les t\u00e9tranyques, contre lesquels les cultivateurs professionnels et amateurs luttent r\u00e9guli\u00e8rement. L&rsquo;utilisation d&rsquo;un produit Bayer, que nous proposons dans notre jardinerie, est le meilleur moyen de les combattre.   <\/p>\n<p>Decis Mega 50 EW est destin\u00e9 uniquement aux utilisateurs professionnels. Le non-respect de l&rsquo;\u00e9tiquette du produit phytopharmaceutique utilis\u00e9 peut entra\u00eener des dommages aux plantes. Conservez l&#8217;emballage \u00e0 l&rsquo;ombre et \u00e0 temp\u00e9rature ambiante, hors de port\u00e9e des enfants. Le concentr\u00e9 est irritant pour la peau, il faut donc \u00eatre tr\u00e8s prudent lors de la pr\u00e9paration de la solution. Notre jardinerie vous propose une large gamme de produits insecticides professionnels, ainsi qu&rsquo;une gamme d&rsquo;accessoires pour les cultivateurs.    <\/p>\n<p><strong>\u00c9tiquette : <a title=\"D\u00e9cis_Mega_50\" href=\"https:\/\/gardenersfriend.eu\/wp-content\/uploads\/2026\/02\/Decis_Mega_50_EW_FR.pdf\">Decis_Mega_50_FR<\/a><\/strong><\/p>\n<p><strong>Voir plus de nos produits : <a title=\"Ami des jardiniers Tous les produits\" href=\"https:\/\/gardenersfriend.eu\/fr\/tous-les-produits\/\">Tous les produits<\/a><\/strong><\/p>\n\n<h5>Informations l\u00e9gales<\/h5>\n<p>\nConseils\u00a0! Utilisez les pesticides avec pr\u00e9caution.\n\nAvant utilisation, veuillez lire attentivement l\u2019\u00e9tiquette et les informations relatives au produit.\n\nUtilisation autoris\u00e9e par les particuliers.\n\nException\u00a0: L\u2019acheteur belge d\u00e9clare qu\u2019au moment de l\u2019achat, il est pleinement capable juridiquement et qu\u2019il poss\u00e8de les qualifications requises pour l\u2019achat de produits phytosanitaires.\n\nConform\u00e9ment \u00e0 l\u2019article\u00a0[num\u00e9ro de l\u2019article] Conform\u00e9ment \u00e0 l'article 28 de la loi du 8 mars 2013 relative aux produits phytopharmaceutiques (Journal officiel 2020, article 2097), \u00e0 compter du 26 novembre 2015, les produits phytopharmaceutiques destin\u00e9s aux professionnels peuvent \u00eatre vendus aux personnes qui\u00a0:\n\n1) ont suivi une formation \u00e0 l'utilisation des produits phytopharmaceutiques en R\u00e9publique de Pologne, attest\u00e9e par une attestation de r\u00e9ussite\u00a0; ou\n\n2) ont suivi une formation au conseil en produits phytopharmaceutiques en R\u00e9publique de Pologne, attest\u00e9e par une attestation de r\u00e9ussite\u00a0; ou\n\n3) ont suivi une formation \u00e0 la production v\u00e9g\u00e9tale int\u00e9gr\u00e9e, attest\u00e9e par une attestation de r\u00e9ussite\u00a0; ou\n\n4) ont suivi, au plus t\u00f4t cinq ans avant l'achat de ces produits, la formation requise pour les professionnels dans un autre \u00c9tat membre de l'Union europ\u00e9enne ou dans un pays partie \u00e0 l'Accord sur l'Espace \u00e9conomique europ\u00e9en, conform\u00e9ment \u00e0 la r\u00e9glementation en vigueur dans ce pays, et attest\u00e9e par une attestation de r\u00e9ussite\u00a0; ou ont pr\u00e9sent\u00e9 un autre document d\u00e9livr\u00e9 conform\u00e9ment \u00e0 la r\u00e9glementation en vigueur dans ce pays. Ils confirment avoir obtenu l'autorisation d'acheter des produits phytosanitaires destin\u00e9s aux professionnels.\n\nImportant\u00a0!\n\nSeules les personnes \u00e2g\u00e9es de plus de 18\u00a0ans peuvent utiliser des produits phytosanitaires.\n\nLes produits phytosanitaires doivent \u00eatre utilis\u00e9s avec pr\u00e9caution.\n\nAvant chaque utilisation, veuillez lire attentivement les informations figurant sur l'\u00e9tiquette et la notice.\n<\/p>\n","protected":false},"excerpt":{"rendered":"<p>Decis Mega 50 est un insecticide stomacal et de contact utilis\u00e9 pour lutter contre les ravageurs piqueurs et piqueurs-suceurs. Il a un effet neutre sur les plantes cultiv\u00e9es, n&rsquo;agissant qu&rsquo;en surface. <\/p>\n","protected":false},"featured_media":8511,"comment_status":"open","ping_status":"closed","template":"","meta":{"_uag_custom_page_level_css":"","site-sidebar-layout":"default","site-content-layout":"","ast-site-content-layout":"default","site-content-style":"default","site-sidebar-style":"default","ast-global-header-display":"","ast-banner-title-visibility":"","ast-main-header-display":"","ast-hfb-above-header-display":"","ast-hfb-below-header-display":"","ast-hfb-mobile-header-display":"","site-post-title":"","ast-breadcrumbs-content":"","ast-featured-img":"","footer-sml-layout":"","ast-disable-related-posts":"","theme-transparent-header-meta":"default","adv-header-id-meta":"","stick-header-meta":"","header-above-stick-meta":"","header-main-stick-meta":"","header-below-stick-meta":"","astra-migrate-meta-layouts":"default","ast-page-background-enabled":"default","ast-page-background-meta":{"desktop":{"background-color":"var(--ast-global-color-4)","background-image":"","background-repeat":"repeat","background-position":"center center","background-size":"auto","background-attachment":"scroll","background-type":"","background-media":"","overlay-type":"","overlay-color":"","overlay-opacity":"","overlay-gradient":""},"tablet":{"background-color":"","background-image":"","background-repeat":"repeat","background-position":"center center","background-size":"auto","background-attachment":"scroll","background-type":"","background-media":"","overlay-type":"","overlay-color":"","overlay-opacity":"","overlay-gradient":""},"mobile":{"background-color":"","background-image":"","background-repeat":"repeat","background-position":"center center","background-size":"auto","background-attachment":"scroll","background-type":"","background-media":"","overlay-type":"","overlay-color":"","overlay-opacity":"","overlay-gradient":""}},"ast-content-background-meta":{"desktop":{"background-color":"var(--ast-global-color-5)","background-image":"","background-repeat":"repeat","background-position":"center center","background-size":"auto","background-attachment":"scroll","background-type":"","background-media":"","overlay-type":"","overlay-color":"","overlay-opacity":"","overlay-gradient":""},"tablet":{"background-color":"var(--ast-global-color-5)","background-image":"","background-repeat":"repeat","background-position":"center center","background-size":"auto","background-attachment":"scroll","background-type":"","background-media":"","overlay-type":"","overlay-color":"","overlay-opacity":"","overlay-gradient":""},"mobile":{"background-color":"var(--ast-global-color-5)","background-image":"","background-repeat":"repeat","background-position":"center center","background-size":"auto","background-attachment":"scroll","background-type":"","background-media":"","overlay-type":"","overlay-color":"","overlay-opacity":"","overlay-gradient":""}}},"product_brand":[],"product_cat":[180,28],"product_tag":[],"class_list":{"0":"post-8566","1":"product","2":"type-product","3":"status-publish","4":"has-post-thumbnail","6":"product_cat-insecticide","7":"product_cat-all-products","8":"desktop-align-left","9":"tablet-align-left","10":"mobile-align-left","12":"first","13":"instock","14":"taxable","15":"shipping-taxable","16":"purchasable","17":"product-type-variable","18":"has-default-attributes"},"yoast_head":"<!-- This site is optimized with the Yoast SEO plugin v27.4 - https:\/\/yoast.com\/product\/yoast-seo-wordpress\/ -->\n<title>Decis Mega 50 EW - Gardeners Friend<\/title>\n<meta name=\"description\" content=\"Decis Mega 50 est un insecticide stomacal et de contact utilis\u00e9 pour lutter contre les ravageurs piqueurs et piqueurs-suceurs. Il a un effet neutre sur les plantes cultiv\u00e9es, n&#039;agissant qu&#039;en surface.\" \/>\n<meta name=\"robots\" content=\"index, follow, max-snippet:-1, max-image-preview:large, max-video-preview:-1\" \/>\n<link rel=\"canonical\" href=\"https:\/\/gardenersfriend.eu\/fr\/produit\/decis-mega-50-ew\/\" \/>\n<meta property=\"og:locale\" content=\"fr_FR\" \/>\n<meta property=\"og:type\" content=\"article\" \/>\n<meta property=\"og:title\" content=\"Decis Mega 50 EW - Gardeners Friend\" \/>\n<meta property=\"og:description\" content=\"Decis Mega 50 est un insecticide stomacal et de contact utilis\u00e9 pour lutter contre les ravageurs piqueurs et piqueurs-suceurs. Il a un effet neutre sur les plantes cultiv\u00e9es, n&#039;agissant qu&#039;en surface.\" \/>\n<meta property=\"og:url\" content=\"https:\/\/gardenersfriend.eu\/fr\/produit\/decis-mega-50-ew\/\" \/>\n<meta property=\"og:site_name\" content=\"Gardeners Friend\" \/>\n<meta property=\"article:publisher\" content=\"https:\/\/www.facebook.com\/people\/Gardeners-Friend-Store\/61566268054378\/\" \/>\n<meta property=\"article:modified_time\" content=\"2026-04-23T13:18:23+00:00\" \/>\n<meta property=\"og:image\" content=\"https:\/\/gardenersfriend.eu\/wp-content\/uploads\/2026\/01\/Decis-Mega-50-ew-1l.jpg\" \/>\n\t<meta property=\"og:image:width\" content=\"787\" \/>\n\t<meta property=\"og:image:height\" content=\"1181\" \/>\n\t<meta property=\"og:image:type\" content=\"image\/jpeg\" \/>\n<meta name=\"twitter:card\" content=\"summary_large_image\" \/>\n<meta name=\"twitter:label1\" content=\"Dur\u00e9e de lecture estim\u00e9e\" \/>\n\t<meta name=\"twitter:data1\" content=\"3 minutes\" \/>\n<script type=\"application\/ld+json\" class=\"yoast-schema-graph\">{\"@context\":\"https:\\\/\\\/schema.org\",\"@graph\":[{\"@type\":\"WebPage\",\"@id\":\"https:\\\/\\\/gardenersfriend.eu\\\/fr\\\/produit\\\/decis-mega-50-ew\\\/\",\"url\":\"https:\\\/\\\/gardenersfriend.eu\\\/fr\\\/produit\\\/decis-mega-50-ew\\\/\",\"name\":\"Decis Mega 50 EW - Gardeners Friend\",\"isPartOf\":{\"@id\":\"https:\\\/\\\/gardenersfriend.eu\\\/fr\\\/#website\"},\"primaryImageOfPage\":{\"@id\":\"https:\\\/\\\/gardenersfriend.eu\\\/fr\\\/produit\\\/decis-mega-50-ew\\\/#primaryimage\"},\"image\":{\"@id\":\"https:\\\/\\\/gardenersfriend.eu\\\/fr\\\/produit\\\/decis-mega-50-ew\\\/#primaryimage\"},\"thumbnailUrl\":\"https:\\\/\\\/gardenersfriend.eu\\\/wp-content\\\/uploads\\\/2026\\\/01\\\/Decis-Mega-50-ew-1l.jpg\",\"datePublished\":\"2026-01-30T00:39:33+00:00\",\"dateModified\":\"2026-04-23T13:18:23+00:00\",\"description\":\"Decis Mega 50 est un insecticide stomacal et de contact utilis\u00e9 pour lutter contre les ravageurs piqueurs et piqueurs-suceurs. Il a un effet neutre sur les plantes cultiv\u00e9es, n'agissant qu'en surface.\",\"breadcrumb\":{\"@id\":\"https:\\\/\\\/gardenersfriend.eu\\\/fr\\\/produit\\\/decis-mega-50-ew\\\/#breadcrumb\"},\"inLanguage\":\"fr-FR\",\"potentialAction\":[{\"@type\":\"ReadAction\",\"target\":[\"https:\\\/\\\/gardenersfriend.eu\\\/fr\\\/produit\\\/decis-mega-50-ew\\\/\"]}]},{\"@type\":\"ImageObject\",\"inLanguage\":\"fr-FR\",\"@id\":\"https:\\\/\\\/gardenersfriend.eu\\\/fr\\\/produit\\\/decis-mega-50-ew\\\/#primaryimage\",\"url\":\"https:\\\/\\\/gardenersfriend.eu\\\/wp-content\\\/uploads\\\/2026\\\/01\\\/Decis-Mega-50-ew-1l.jpg\",\"contentUrl\":\"https:\\\/\\\/gardenersfriend.eu\\\/wp-content\\\/uploads\\\/2026\\\/01\\\/Decis-Mega-50-ew-1l.jpg\",\"width\":787,\"height\":1181,\"caption\":\"Decis Mega 50\"},{\"@type\":\"BreadcrumbList\",\"@id\":\"https:\\\/\\\/gardenersfriend.eu\\\/fr\\\/produit\\\/decis-mega-50-ew\\\/#breadcrumb\",\"itemListElement\":[{\"@type\":\"ListItem\",\"position\":1,\"name\":\"Strona g\u0142\u00f3wna\",\"item\":\"https:\\\/\\\/gardenersfriend.eu\\\/fr\\\/\"},{\"@type\":\"ListItem\",\"position\":2,\"name\":\"Boutique\",\"item\":\"https:\\\/\\\/gardenersfriend.eu\\\/shop\\\/\"},{\"@type\":\"ListItem\",\"position\":3,\"name\":\"Decis Mega 50 EW\"}]},{\"@type\":\"WebSite\",\"@id\":\"https:\\\/\\\/gardenersfriend.eu\\\/fr\\\/#website\",\"url\":\"https:\\\/\\\/gardenersfriend.eu\\\/fr\\\/\",\"name\":\"Gardeners Friend\",\"description\":\"herbicides, fertilisers, roundup\",\"publisher\":{\"@id\":\"https:\\\/\\\/gardenersfriend.eu\\\/fr\\\/#organization\"},\"potentialAction\":[{\"@type\":\"SearchAction\",\"target\":{\"@type\":\"EntryPoint\",\"urlTemplate\":\"https:\\\/\\\/gardenersfriend.eu\\\/fr\\\/?s={search_term_string}\"},\"query-input\":{\"@type\":\"PropertyValueSpecification\",\"valueRequired\":true,\"valueName\":\"search_term_string\"}}],\"inLanguage\":\"fr-FR\"},{\"@type\":\"Organization\",\"@id\":\"https:\\\/\\\/gardenersfriend.eu\\\/fr\\\/#organization\",\"name\":\"Gardeners Friend\",\"url\":\"https:\\\/\\\/gardenersfriend.eu\\\/fr\\\/\",\"logo\":{\"@type\":\"ImageObject\",\"inLanguage\":\"fr-FR\",\"@id\":\"https:\\\/\\\/gardenersfriend.eu\\\/fr\\\/#\\\/schema\\\/logo\\\/image\\\/\",\"url\":\"https:\\\/\\\/gardenersfriend.eu\\\/wp-content\\\/uploads\\\/2025\\\/09\\\/gf_accepted_big_logo.png\",\"contentUrl\":\"https:\\\/\\\/gardenersfriend.eu\\\/wp-content\\\/uploads\\\/2025\\\/09\\\/gf_accepted_big_logo.png\",\"width\":2000,\"height\":1000,\"caption\":\"Gardeners Friend\"},\"image\":{\"@id\":\"https:\\\/\\\/gardenersfriend.eu\\\/fr\\\/#\\\/schema\\\/logo\\\/image\\\/\"},\"sameAs\":[\"https:\\\/\\\/www.facebook.com\\\/people\\\/Gardeners-Friend-Store\\\/61566268054378\\\/\",\"https:\\\/\\\/www.instagram.com\\\/gardeners_friend_store\\\/\"]}]}<\/script>\n<!-- \/ Yoast SEO plugin. -->","yoast_head_json":{"title":"Decis Mega 50 EW - Gardeners Friend","description":"Decis Mega 50 est un insecticide stomacal et de contact utilis\u00e9 pour lutter contre les ravageurs piqueurs et piqueurs-suceurs. Il a un effet neutre sur les plantes cultiv\u00e9es, n'agissant qu'en surface.","robots":{"index":"index","follow":"follow","max-snippet":"max-snippet:-1","max-image-preview":"max-image-preview:large","max-video-preview":"max-video-preview:-1"},"canonical":"https:\/\/gardenersfriend.eu\/fr\/produit\/decis-mega-50-ew\/","og_locale":"fr_FR","og_type":"article","og_title":"Decis Mega 50 EW - Gardeners Friend","og_description":"Decis Mega 50 est un insecticide stomacal et de contact utilis\u00e9 pour lutter contre les ravageurs piqueurs et piqueurs-suceurs. Il a un effet neutre sur les plantes cultiv\u00e9es, n'agissant qu'en surface.","og_url":"https:\/\/gardenersfriend.eu\/fr\/produit\/decis-mega-50-ew\/","og_site_name":"Gardeners Friend","article_publisher":"https:\/\/www.facebook.com\/people\/Gardeners-Friend-Store\/61566268054378\/","article_modified_time":"2026-04-23T13:18:23+00:00","og_image":[{"width":787,"height":1181,"url":"https:\/\/gardenersfriend.eu\/wp-content\/uploads\/2026\/01\/Decis-Mega-50-ew-1l.jpg","type":"image\/jpeg"}],"twitter_card":"summary_large_image","twitter_misc":{"Dur\u00e9e de lecture estim\u00e9e":"3 minutes"},"schema":{"@context":"https:\/\/schema.org","@graph":[{"@type":"WebPage","@id":"https:\/\/gardenersfriend.eu\/fr\/produit\/decis-mega-50-ew\/","url":"https:\/\/gardenersfriend.eu\/fr\/produit\/decis-mega-50-ew\/","name":"Decis Mega 50 EW - Gardeners Friend","isPartOf":{"@id":"https:\/\/gardenersfriend.eu\/fr\/#website"},"primaryImageOfPage":{"@id":"https:\/\/gardenersfriend.eu\/fr\/produit\/decis-mega-50-ew\/#primaryimage"},"image":{"@id":"https:\/\/gardenersfriend.eu\/fr\/produit\/decis-mega-50-ew\/#primaryimage"},"thumbnailUrl":"https:\/\/gardenersfriend.eu\/wp-content\/uploads\/2026\/01\/Decis-Mega-50-ew-1l.jpg","datePublished":"2026-01-30T00:39:33+00:00","dateModified":"2026-04-23T13:18:23+00:00","description":"Decis Mega 50 est un insecticide stomacal et de contact utilis\u00e9 pour lutter contre les ravageurs piqueurs et piqueurs-suceurs. Il a un effet neutre sur les plantes cultiv\u00e9es, n'agissant qu'en surface.","breadcrumb":{"@id":"https:\/\/gardenersfriend.eu\/fr\/produit\/decis-mega-50-ew\/#breadcrumb"},"inLanguage":"fr-FR","potentialAction":[{"@type":"ReadAction","target":["https:\/\/gardenersfriend.eu\/fr\/produit\/decis-mega-50-ew\/"]}]},{"@type":"ImageObject","inLanguage":"fr-FR","@id":"https:\/\/gardenersfriend.eu\/fr\/produit\/decis-mega-50-ew\/#primaryimage","url":"https:\/\/gardenersfriend.eu\/wp-content\/uploads\/2026\/01\/Decis-Mega-50-ew-1l.jpg","contentUrl":"https:\/\/gardenersfriend.eu\/wp-content\/uploads\/2026\/01\/Decis-Mega-50-ew-1l.jpg","width":787,"height":1181,"caption":"Decis Mega 50"},{"@type":"BreadcrumbList","@id":"https:\/\/gardenersfriend.eu\/fr\/produit\/decis-mega-50-ew\/#breadcrumb","itemListElement":[{"@type":"ListItem","position":1,"name":"Strona g\u0142\u00f3wna","item":"https:\/\/gardenersfriend.eu\/fr\/"},{"@type":"ListItem","position":2,"name":"Boutique","item":"https:\/\/gardenersfriend.eu\/shop\/"},{"@type":"ListItem","position":3,"name":"Decis Mega 50 EW"}]},{"@type":"WebSite","@id":"https:\/\/gardenersfriend.eu\/fr\/#website","url":"https:\/\/gardenersfriend.eu\/fr\/","name":"Gardeners Friend","description":"herbicides, fertilisers, roundup","publisher":{"@id":"https:\/\/gardenersfriend.eu\/fr\/#organization"},"potentialAction":[{"@type":"SearchAction","target":{"@type":"EntryPoint","urlTemplate":"https:\/\/gardenersfriend.eu\/fr\/?s={search_term_string}"},"query-input":{"@type":"PropertyValueSpecification","valueRequired":true,"valueName":"search_term_string"}}],"inLanguage":"fr-FR"},{"@type":"Organization","@id":"https:\/\/gardenersfriend.eu\/fr\/#organization","name":"Gardeners Friend","url":"https:\/\/gardenersfriend.eu\/fr\/","logo":{"@type":"ImageObject","inLanguage":"fr-FR","@id":"https:\/\/gardenersfriend.eu\/fr\/#\/schema\/logo\/image\/","url":"https:\/\/gardenersfriend.eu\/wp-content\/uploads\/2025\/09\/gf_accepted_big_logo.png","contentUrl":"https:\/\/gardenersfriend.eu\/wp-content\/uploads\/2025\/09\/gf_accepted_big_logo.png","width":2000,"height":1000,"caption":"Gardeners Friend"},"image":{"@id":"https:\/\/gardenersfriend.eu\/fr\/#\/schema\/logo\/image\/"},"sameAs":["https:\/\/www.facebook.com\/people\/Gardeners-Friend-Store\/61566268054378\/","https:\/\/www.instagram.com\/gardeners_friend_store\/"]}]}},"uagb_featured_image_src":{"full":["https:\/\/gardenersfriend.eu\/wp-content\/uploads\/2026\/01\/Decis-Mega-50-ew-1l.jpg",787,1181,false],"thumbnail":["https:\/\/gardenersfriend.eu\/wp-content\/uploads\/2026\/01\/Decis-Mega-50-ew-1l-150x150.jpg",150,150,true],"medium":["https:\/\/gardenersfriend.eu\/wp-content\/uploads\/2026\/01\/Decis-Mega-50-ew-1l-200x300.jpg",200,300,true],"medium_large":["https:\/\/gardenersfriend.eu\/wp-content\/uploads\/2026\/01\/Decis-Mega-50-ew-1l-768x1152.jpg",768,1152,true],"large":["https:\/\/gardenersfriend.eu\/wp-content\/uploads\/2026\/01\/Decis-Mega-50-ew-1l-682x1024.jpg",682,1024,true],"1536x1536":["https:\/\/gardenersfriend.eu\/wp-content\/uploads\/2026\/01\/Decis-Mega-50-ew-1l.jpg",787,1181,false],"2048x2048":["https:\/\/gardenersfriend.eu\/wp-content\/uploads\/2026\/01\/Decis-Mega-50-ew-1l.jpg",787,1181,false],"woocommerce_thumbnail":["https:\/\/gardenersfriend.eu\/wp-content\/uploads\/2026\/01\/Decis-Mega-50-ew-1l-300x300.jpg",300,300,true],"woocommerce_single":["https:\/\/gardenersfriend.eu\/wp-content\/uploads\/2026\/01\/Decis-Mega-50-ew-1l-600x900.jpg",600,900,true],"woocommerce_gallery_thumbnail":["https:\/\/gardenersfriend.eu\/wp-content\/uploads\/2026\/01\/Decis-Mega-50-ew-1l-100x100.jpg",100,100,true]},"uagb_author_info":{"display_name":"admin","author_link":"https:\/\/gardenersfriend.eu\/fr\/author\/"},"uagb_comment_info":0,"uagb_excerpt":"Decis Mega 50 est un insecticide stomacal et de contact utilis\u00e9 pour lutter contre les ravageurs piqueurs et piqueurs-suceurs. Il a un effet neutre sur les plantes cultiv\u00e9es, n'agissant qu'en surface.","jetpack_sharing_enabled":true,"_links":{"self":[{"href":"https:\/\/gardenersfriend.eu\/fr\/wp-json\/wp\/v2\/product\/8566","targetHints":{"allow":["GET"]}}],"collection":[{"href":"https:\/\/gardenersfriend.eu\/fr\/wp-json\/wp\/v2\/product"}],"about":[{"href":"https:\/\/gardenersfriend.eu\/fr\/wp-json\/wp\/v2\/types\/product"}],"replies":[{"embeddable":true,"href":"https:\/\/gardenersfriend.eu\/fr\/wp-json\/wp\/v2\/comments?post=8566"}],"wp:featuredmedia":[{"embeddable":true,"href":"https:\/\/gardenersfriend.eu\/fr\/wp-json\/wp\/v2\/media\/8511"}],"wp:attachment":[{"href":"https:\/\/gardenersfriend.eu\/fr\/wp-json\/wp\/v2\/media?parent=8566"}],"wp:term":[{"taxonomy":"product_brand","embeddable":true,"href":"https:\/\/gardenersfriend.eu\/fr\/wp-json\/wp\/v2\/product_brand?post=8566"},{"taxonomy":"product_cat","embeddable":true,"href":"https:\/\/gardenersfriend.eu\/fr\/wp-json\/wp\/v2\/product_cat?post=8566"},{"taxonomy":"product_tag","embeddable":true,"href":"https:\/\/gardenersfriend.eu\/fr\/wp-json\/wp\/v2\/product_tag?post=8566"}],"curies":[{"name":"wp","href":"https:\/\/api.w.org\/{rel}","templated":true}]}}