{"id":8662,"date":"2026-02-02T21:26:38","date_gmt":"2026-02-02T20:26:38","guid":{"rendered":"https:\/\/gardenersfriend.eu\/product\/toxan-poison-granule-pour-souris-et-rats\/"},"modified":"2026-04-23T15:18:33","modified_gmt":"2026-04-23T13:18:33","slug":"toxan-poison-granule-pour-souris-et-rats","status":"publish","type":"product","link":"https:\/\/gardenersfriend.eu\/fr\/produit\/toxan-poison-granule-pour-souris-et-rats\/","title":{"rendered":"Toxan &#8211; poison granul\u00e9 pour souris et rats"},"content":{"rendered":"<h2>Granul\u00e9s de toxines<\/h2>\n<h3>Description de l&rsquo;action :<\/h3>\n<p>Toxan est un rodenticide granulaire con\u00e7u pour lutter contre les souris et les rats.<\/p>\n<p>Le produit est pr\u00eat \u00e0 l&#8217;emploi. Il contient un app\u00e2t tr\u00e8s attractif et des agents momifiants qui emp\u00eachent la d\u00e9composition des rongeurs morts. Le benzoate de d\u00e9natonium, substance am\u00e8re contenue dans le produit, emp\u00eache l&rsquo;ingestion accidentelle par l&rsquo;homme ou les animaux domestiques.  <\/p>\n<h3>Comment l&rsquo;utiliser :<\/h3>\n<p>L&rsquo;app\u00e2t Toxan doit \u00eatre plac\u00e9 dans les zones o\u00f9 les rongeurs sont pr\u00e9sents. Versez 100 g de produit dans un r\u00e9cipient peu profond pour la lutte contre les rats ou 25 g pour la lutte contre les souris. Continuez \u00e0 utiliser le produit jusqu&rsquo;\u00e0 ce que les nuisibles soient compl\u00e8tement \u00e9limin\u00e9s. R\u00e9p\u00e9tez le traitement si les rongeurs r\u00e9apparaissent.   <\/p>\n<p>Les effets sont visibles apr\u00e8s 4 \u00e0 6 jours.<\/p>\n<p><strong>Pr\u00e9cautions :<\/strong><\/p>\n<p>Les granul\u00e9s Toxan peuvent \u00eatre nocifs pour les humains et les animaux s&rsquo;ils sont consomm\u00e9s en grandes quantit\u00e9s. Conservez le produit hors de port\u00e9e des enfants et des animaux domestiques. Ne pas stocker le produit avec des produits chimiques susceptibles d&rsquo;alt\u00e9rer l&rsquo;odeur de l&rsquo;app\u00e2t.  <\/p>\n<p><strong>Ingr\u00e9dient actif :<\/strong><\/p>\n<p>0,004% (0,04g\/kg) bromadiolone<\/p>\n<p><strong>Pour plus d&rsquo;informations, veuillez vous r\u00e9f\u00e9rer \u00e0 l&rsquo;\u00e9tiquette jointe aux fichiers de t\u00e9l\u00e9chargement : <a title=\"Toxan_FR\" href=\"https:\/\/gardenersfriend.eu\/wp-content\/uploads\/2026\/02\/Toxan-granulate-label-fr.pdf\">Toxan_granulate_FR<\/a><\/strong><\/p>\n<p><strong>Voir plus de nos produits : <a title=\"Ami des jardiniers Tous les produits\" href=\"https:\/\/gardenersfriend.eu\/fr\/boutique\/\">Tous les produits<\/a><\/strong><\/p>\n<p><strong>Site de production : <a title=\"Site de la soci\u00e9t\u00e9 Fregata\" href=\"https:\/\/www.fregata.gda.pl\/\" target=\"_blank\" rel=\"noopener\">Fregata<\/a><\/strong><\/p>\n\n<h5>Informations l\u00e9gales<\/h5>\n<p>\nConseils\u00a0! Utilisez les pesticides avec pr\u00e9caution.\n\nAvant utilisation, veuillez lire attentivement l\u2019\u00e9tiquette et les informations relatives au produit.\n\nUtilisation autoris\u00e9e par les particuliers.\n\nException\u00a0: L\u2019acheteur belge d\u00e9clare qu\u2019au moment de l\u2019achat, il est pleinement capable juridiquement et qu\u2019il poss\u00e8de les qualifications requises pour l\u2019achat de produits phytosanitaires.\n\nConform\u00e9ment \u00e0 l\u2019article\u00a0[num\u00e9ro de l\u2019article] Conform\u00e9ment \u00e0 l'article 28 de la loi du 8 mars 2013 relative aux produits phytopharmaceutiques (Journal officiel 2020, article 2097), \u00e0 compter du 26 novembre 2015, les produits phytopharmaceutiques destin\u00e9s aux professionnels peuvent \u00eatre vendus aux personnes qui\u00a0:\n\n1) ont suivi une formation \u00e0 l'utilisation des produits phytopharmaceutiques en R\u00e9publique de Pologne, attest\u00e9e par une attestation de r\u00e9ussite\u00a0; ou\n\n2) ont suivi une formation au conseil en produits phytopharmaceutiques en R\u00e9publique de Pologne, attest\u00e9e par une attestation de r\u00e9ussite\u00a0; ou\n\n3) ont suivi une formation \u00e0 la production v\u00e9g\u00e9tale int\u00e9gr\u00e9e, attest\u00e9e par une attestation de r\u00e9ussite\u00a0; ou\n\n4) ont suivi, au plus t\u00f4t cinq ans avant l'achat de ces produits, la formation requise pour les professionnels dans un autre \u00c9tat membre de l'Union europ\u00e9enne ou dans un pays partie \u00e0 l'Accord sur l'Espace \u00e9conomique europ\u00e9en, conform\u00e9ment \u00e0 la r\u00e9glementation en vigueur dans ce pays, et attest\u00e9e par une attestation de r\u00e9ussite\u00a0; ou ont pr\u00e9sent\u00e9 un autre document d\u00e9livr\u00e9 conform\u00e9ment \u00e0 la r\u00e9glementation en vigueur dans ce pays. Ils confirment avoir obtenu l'autorisation d'acheter des produits phytosanitaires destin\u00e9s aux professionnels.\n\nImportant\u00a0!\n\nSeules les personnes \u00e2g\u00e9es de plus de 18\u00a0ans peuvent utiliser des produits phytosanitaires.\n\nLes produits phytosanitaires doivent \u00eatre utilis\u00e9s avec pr\u00e9caution.\n\nAvant chaque utilisation, veuillez lire attentivement les informations figurant sur l'\u00e9tiquette et la notice.\n<\/p>\n","protected":false},"excerpt":{"rendered":"<p>Toxan granulate est un rodenticide en granul\u00e9s con\u00e7u pour lutter contre les souris et les rats.<\/p>\n","protected":false},"featured_media":8617,"comment_status":"open","ping_status":"closed","template":"","meta":{"_uag_custom_page_level_css":"","site-sidebar-layout":"default","site-content-layout":"","ast-site-content-layout":"default","site-content-style":"default","site-sidebar-style":"default","ast-global-header-display":"","ast-banner-title-visibility":"","ast-main-header-display":"","ast-hfb-above-header-display":"","ast-hfb-below-header-display":"","ast-hfb-mobile-header-display":"","site-post-title":"","ast-breadcrumbs-content":"","ast-featured-img":"","footer-sml-layout":"","ast-disable-related-posts":"","theme-transparent-header-meta":"default","adv-header-id-meta":"","stick-header-meta":"","header-above-stick-meta":"","header-main-stick-meta":"","header-below-stick-meta":"","astra-migrate-meta-layouts":"default","ast-page-background-enabled":"default","ast-page-background-meta":{"desktop":{"background-color":"var(--ast-global-color-4)","background-image":"","background-repeat":"repeat","background-position":"center center","background-size":"auto","background-attachment":"scroll","background-type":"","background-media":"","overlay-type":"","overlay-color":"","overlay-opacity":"","overlay-gradient":""},"tablet":{"background-color":"","background-image":"","background-repeat":"repeat","background-position":"center center","background-size":"auto","background-attachment":"scroll","background-type":"","background-media":"","overlay-type":"","overlay-color":"","overlay-opacity":"","overlay-gradient":""},"mobile":{"background-color":"","background-image":"","background-repeat":"repeat","background-position":"center center","background-size":"auto","background-attachment":"scroll","background-type":"","background-media":"","overlay-type":"","overlay-color":"","overlay-opacity":"","overlay-gradient":""}},"ast-content-background-meta":{"desktop":{"background-color":"var(--ast-global-color-5)","background-image":"","background-repeat":"repeat","background-position":"center center","background-size":"auto","background-attachment":"scroll","background-type":"","background-media":"","overlay-type":"","overlay-color":"","overlay-opacity":"","overlay-gradient":""},"tablet":{"background-color":"var(--ast-global-color-5)","background-image":"","background-repeat":"repeat","background-position":"center center","background-size":"auto","background-attachment":"scroll","background-type":"","background-media":"","overlay-type":"","overlay-color":"","overlay-opacity":"","overlay-gradient":""},"mobile":{"background-color":"var(--ast-global-color-5)","background-image":"","background-repeat":"repeat","background-position":"center center","background-size":"auto","background-attachment":"scroll","background-type":"","background-media":"","overlay-type":"","overlay-color":"","overlay-opacity":"","overlay-gradient":""}}},"product_brand":[],"product_cat":[201,28],"product_tag":[],"class_list":{"0":"post-8662","1":"product","2":"type-product","3":"status-publish","4":"has-post-thumbnail","6":"product_cat-pesticides","7":"product_cat-all-products","8":"desktop-align-left","9":"tablet-align-left","10":"mobile-align-left","12":"first","13":"instock","14":"taxable","15":"shipping-taxable","16":"purchasable","17":"product-type-variable","18":"has-default-attributes"},"yoast_head":"<!-- This site is optimized with the Yoast SEO plugin v27.4 - https:\/\/yoast.com\/product\/yoast-seo-wordpress\/ -->\n<title>Toxan - poison granul\u00e9 pour souris et rats - Gardeners Friend<\/title>\n<meta name=\"description\" content=\"Toxan granulate est un rodenticide granul\u00e9 con\u00e7u pour lutter contre les souris et les rats.\" \/>\n<meta name=\"robots\" content=\"index, follow, max-snippet:-1, max-image-preview:large, max-video-preview:-1\" \/>\n<link rel=\"canonical\" href=\"https:\/\/gardenersfriend.eu\/fr\/produit\/toxan-poison-granule-pour-souris-et-rats\/\" \/>\n<meta property=\"og:locale\" content=\"fr_FR\" \/>\n<meta property=\"og:type\" content=\"article\" \/>\n<meta property=\"og:title\" content=\"Toxan - poison granul\u00e9 pour souris et rats - Gardeners Friend\" \/>\n<meta property=\"og:description\" content=\"Toxan granulate est un rodenticide granul\u00e9 con\u00e7u pour lutter contre les souris et les rats.\" \/>\n<meta property=\"og:url\" content=\"https:\/\/gardenersfriend.eu\/fr\/produit\/toxan-poison-granule-pour-souris-et-rats\/\" \/>\n<meta property=\"og:site_name\" content=\"Gardeners Friend\" \/>\n<meta property=\"article:publisher\" content=\"https:\/\/www.facebook.com\/people\/Gardeners-Friend-Store\/61566268054378\/\" \/>\n<meta property=\"article:modified_time\" content=\"2026-04-23T13:18:33+00:00\" \/>\n<meta property=\"og:image\" content=\"https:\/\/gardenersfriend.eu\/wp-content\/uploads\/2026\/02\/TOXAN_GRANULAT_1KG.png\" \/>\n\t<meta property=\"og:image:width\" content=\"433\" \/>\n\t<meta property=\"og:image:height\" content=\"577\" \/>\n\t<meta property=\"og:image:type\" content=\"image\/png\" \/>\n<meta name=\"twitter:card\" content=\"summary_large_image\" \/>\n<meta name=\"twitter:label1\" content=\"Dur\u00e9e de lecture estim\u00e9e\" \/>\n\t<meta name=\"twitter:data1\" content=\"1 minute\" \/>\n<script type=\"application\/ld+json\" class=\"yoast-schema-graph\">{\"@context\":\"https:\\\/\\\/schema.org\",\"@graph\":[{\"@type\":\"WebPage\",\"@id\":\"https:\\\/\\\/gardenersfriend.eu\\\/fr\\\/produit\\\/toxan-poison-granule-pour-souris-et-rats\\\/\",\"url\":\"https:\\\/\\\/gardenersfriend.eu\\\/fr\\\/produit\\\/toxan-poison-granule-pour-souris-et-rats\\\/\",\"name\":\"Toxan - poison granul\u00e9 pour souris et rats - Gardeners Friend\",\"isPartOf\":{\"@id\":\"https:\\\/\\\/gardenersfriend.eu\\\/fr\\\/#website\"},\"primaryImageOfPage\":{\"@id\":\"https:\\\/\\\/gardenersfriend.eu\\\/fr\\\/produit\\\/toxan-poison-granule-pour-souris-et-rats\\\/#primaryimage\"},\"image\":{\"@id\":\"https:\\\/\\\/gardenersfriend.eu\\\/fr\\\/produit\\\/toxan-poison-granule-pour-souris-et-rats\\\/#primaryimage\"},\"thumbnailUrl\":\"https:\\\/\\\/gardenersfriend.eu\\\/wp-content\\\/uploads\\\/2026\\\/02\\\/TOXAN_GRANULAT_1KG.png\",\"datePublished\":\"2026-02-02T20:26:38+00:00\",\"dateModified\":\"2026-04-23T13:18:33+00:00\",\"description\":\"Toxan granulate est un rodenticide granul\u00e9 con\u00e7u pour lutter contre les souris et les rats.\",\"breadcrumb\":{\"@id\":\"https:\\\/\\\/gardenersfriend.eu\\\/fr\\\/produit\\\/toxan-poison-granule-pour-souris-et-rats\\\/#breadcrumb\"},\"inLanguage\":\"fr-FR\",\"potentialAction\":[{\"@type\":\"ReadAction\",\"target\":[\"https:\\\/\\\/gardenersfriend.eu\\\/fr\\\/produit\\\/toxan-poison-granule-pour-souris-et-rats\\\/\"]}]},{\"@type\":\"ImageObject\",\"inLanguage\":\"fr-FR\",\"@id\":\"https:\\\/\\\/gardenersfriend.eu\\\/fr\\\/produit\\\/toxan-poison-granule-pour-souris-et-rats\\\/#primaryimage\",\"url\":\"https:\\\/\\\/gardenersfriend.eu\\\/wp-content\\\/uploads\\\/2026\\\/02\\\/TOXAN_GRANULAT_1KG.png\",\"contentUrl\":\"https:\\\/\\\/gardenersfriend.eu\\\/wp-content\\\/uploads\\\/2026\\\/02\\\/TOXAN_GRANULAT_1KG.png\",\"width\":433,\"height\":577,\"caption\":\"TOXAN GRANULES 1KG\"},{\"@type\":\"BreadcrumbList\",\"@id\":\"https:\\\/\\\/gardenersfriend.eu\\\/fr\\\/produit\\\/toxan-poison-granule-pour-souris-et-rats\\\/#breadcrumb\",\"itemListElement\":[{\"@type\":\"ListItem\",\"position\":1,\"name\":\"Strona g\u0142\u00f3wna\",\"item\":\"https:\\\/\\\/gardenersfriend.eu\\\/fr\\\/\"},{\"@type\":\"ListItem\",\"position\":2,\"name\":\"Boutique\",\"item\":\"https:\\\/\\\/gardenersfriend.eu\\\/shop\\\/\"},{\"@type\":\"ListItem\",\"position\":3,\"name\":\"Toxan &#8211; poison granul\u00e9 pour souris et rats\"}]},{\"@type\":\"WebSite\",\"@id\":\"https:\\\/\\\/gardenersfriend.eu\\\/fr\\\/#website\",\"url\":\"https:\\\/\\\/gardenersfriend.eu\\\/fr\\\/\",\"name\":\"Gardeners Friend\",\"description\":\"herbicides, fertilisers, roundup\",\"publisher\":{\"@id\":\"https:\\\/\\\/gardenersfriend.eu\\\/fr\\\/#organization\"},\"potentialAction\":[{\"@type\":\"SearchAction\",\"target\":{\"@type\":\"EntryPoint\",\"urlTemplate\":\"https:\\\/\\\/gardenersfriend.eu\\\/fr\\\/?s={search_term_string}\"},\"query-input\":{\"@type\":\"PropertyValueSpecification\",\"valueRequired\":true,\"valueName\":\"search_term_string\"}}],\"inLanguage\":\"fr-FR\"},{\"@type\":\"Organization\",\"@id\":\"https:\\\/\\\/gardenersfriend.eu\\\/fr\\\/#organization\",\"name\":\"Gardeners Friend\",\"url\":\"https:\\\/\\\/gardenersfriend.eu\\\/fr\\\/\",\"logo\":{\"@type\":\"ImageObject\",\"inLanguage\":\"fr-FR\",\"@id\":\"https:\\\/\\\/gardenersfriend.eu\\\/fr\\\/#\\\/schema\\\/logo\\\/image\\\/\",\"url\":\"https:\\\/\\\/gardenersfriend.eu\\\/wp-content\\\/uploads\\\/2025\\\/09\\\/gf_accepted_big_logo.png\",\"contentUrl\":\"https:\\\/\\\/gardenersfriend.eu\\\/wp-content\\\/uploads\\\/2025\\\/09\\\/gf_accepted_big_logo.png\",\"width\":2000,\"height\":1000,\"caption\":\"Gardeners Friend\"},\"image\":{\"@id\":\"https:\\\/\\\/gardenersfriend.eu\\\/fr\\\/#\\\/schema\\\/logo\\\/image\\\/\"},\"sameAs\":[\"https:\\\/\\\/www.facebook.com\\\/people\\\/Gardeners-Friend-Store\\\/61566268054378\\\/\",\"https:\\\/\\\/www.instagram.com\\\/gardeners_friend_store\\\/\"]}]}<\/script>\n<!-- \/ Yoast SEO plugin. -->","yoast_head_json":{"title":"Toxan - poison granul\u00e9 pour souris et rats - Gardeners Friend","description":"Toxan granulate est un rodenticide granul\u00e9 con\u00e7u pour lutter contre les souris et les rats.","robots":{"index":"index","follow":"follow","max-snippet":"max-snippet:-1","max-image-preview":"max-image-preview:large","max-video-preview":"max-video-preview:-1"},"canonical":"https:\/\/gardenersfriend.eu\/fr\/produit\/toxan-poison-granule-pour-souris-et-rats\/","og_locale":"fr_FR","og_type":"article","og_title":"Toxan - poison granul\u00e9 pour souris et rats - Gardeners Friend","og_description":"Toxan granulate est un rodenticide granul\u00e9 con\u00e7u pour lutter contre les souris et les rats.","og_url":"https:\/\/gardenersfriend.eu\/fr\/produit\/toxan-poison-granule-pour-souris-et-rats\/","og_site_name":"Gardeners Friend","article_publisher":"https:\/\/www.facebook.com\/people\/Gardeners-Friend-Store\/61566268054378\/","article_modified_time":"2026-04-23T13:18:33+00:00","og_image":[{"width":433,"height":577,"url":"https:\/\/gardenersfriend.eu\/wp-content\/uploads\/2026\/02\/TOXAN_GRANULAT_1KG.png","type":"image\/png"}],"twitter_card":"summary_large_image","twitter_misc":{"Dur\u00e9e de lecture estim\u00e9e":"1 minute"},"schema":{"@context":"https:\/\/schema.org","@graph":[{"@type":"WebPage","@id":"https:\/\/gardenersfriend.eu\/fr\/produit\/toxan-poison-granule-pour-souris-et-rats\/","url":"https:\/\/gardenersfriend.eu\/fr\/produit\/toxan-poison-granule-pour-souris-et-rats\/","name":"Toxan - poison granul\u00e9 pour souris et rats - Gardeners Friend","isPartOf":{"@id":"https:\/\/gardenersfriend.eu\/fr\/#website"},"primaryImageOfPage":{"@id":"https:\/\/gardenersfriend.eu\/fr\/produit\/toxan-poison-granule-pour-souris-et-rats\/#primaryimage"},"image":{"@id":"https:\/\/gardenersfriend.eu\/fr\/produit\/toxan-poison-granule-pour-souris-et-rats\/#primaryimage"},"thumbnailUrl":"https:\/\/gardenersfriend.eu\/wp-content\/uploads\/2026\/02\/TOXAN_GRANULAT_1KG.png","datePublished":"2026-02-02T20:26:38+00:00","dateModified":"2026-04-23T13:18:33+00:00","description":"Toxan granulate est un rodenticide granul\u00e9 con\u00e7u pour lutter contre les souris et les rats.","breadcrumb":{"@id":"https:\/\/gardenersfriend.eu\/fr\/produit\/toxan-poison-granule-pour-souris-et-rats\/#breadcrumb"},"inLanguage":"fr-FR","potentialAction":[{"@type":"ReadAction","target":["https:\/\/gardenersfriend.eu\/fr\/produit\/toxan-poison-granule-pour-souris-et-rats\/"]}]},{"@type":"ImageObject","inLanguage":"fr-FR","@id":"https:\/\/gardenersfriend.eu\/fr\/produit\/toxan-poison-granule-pour-souris-et-rats\/#primaryimage","url":"https:\/\/gardenersfriend.eu\/wp-content\/uploads\/2026\/02\/TOXAN_GRANULAT_1KG.png","contentUrl":"https:\/\/gardenersfriend.eu\/wp-content\/uploads\/2026\/02\/TOXAN_GRANULAT_1KG.png","width":433,"height":577,"caption":"TOXAN GRANULES 1KG"},{"@type":"BreadcrumbList","@id":"https:\/\/gardenersfriend.eu\/fr\/produit\/toxan-poison-granule-pour-souris-et-rats\/#breadcrumb","itemListElement":[{"@type":"ListItem","position":1,"name":"Strona g\u0142\u00f3wna","item":"https:\/\/gardenersfriend.eu\/fr\/"},{"@type":"ListItem","position":2,"name":"Boutique","item":"https:\/\/gardenersfriend.eu\/shop\/"},{"@type":"ListItem","position":3,"name":"Toxan &#8211; poison granul\u00e9 pour souris et rats"}]},{"@type":"WebSite","@id":"https:\/\/gardenersfriend.eu\/fr\/#website","url":"https:\/\/gardenersfriend.eu\/fr\/","name":"Gardeners Friend","description":"herbicides, fertilisers, roundup","publisher":{"@id":"https:\/\/gardenersfriend.eu\/fr\/#organization"},"potentialAction":[{"@type":"SearchAction","target":{"@type":"EntryPoint","urlTemplate":"https:\/\/gardenersfriend.eu\/fr\/?s={search_term_string}"},"query-input":{"@type":"PropertyValueSpecification","valueRequired":true,"valueName":"search_term_string"}}],"inLanguage":"fr-FR"},{"@type":"Organization","@id":"https:\/\/gardenersfriend.eu\/fr\/#organization","name":"Gardeners Friend","url":"https:\/\/gardenersfriend.eu\/fr\/","logo":{"@type":"ImageObject","inLanguage":"fr-FR","@id":"https:\/\/gardenersfriend.eu\/fr\/#\/schema\/logo\/image\/","url":"https:\/\/gardenersfriend.eu\/wp-content\/uploads\/2025\/09\/gf_accepted_big_logo.png","contentUrl":"https:\/\/gardenersfriend.eu\/wp-content\/uploads\/2025\/09\/gf_accepted_big_logo.png","width":2000,"height":1000,"caption":"Gardeners Friend"},"image":{"@id":"https:\/\/gardenersfriend.eu\/fr\/#\/schema\/logo\/image\/"},"sameAs":["https:\/\/www.facebook.com\/people\/Gardeners-Friend-Store\/61566268054378\/","https:\/\/www.instagram.com\/gardeners_friend_store\/"]}]}},"uagb_featured_image_src":{"full":["https:\/\/gardenersfriend.eu\/wp-content\/uploads\/2026\/02\/TOXAN_GRANULAT_1KG.png",433,577,false],"thumbnail":["https:\/\/gardenersfriend.eu\/wp-content\/uploads\/2026\/02\/TOXAN_GRANULAT_1KG-150x150.png",150,150,true],"medium":["https:\/\/gardenersfriend.eu\/wp-content\/uploads\/2026\/02\/TOXAN_GRANULAT_1KG-225x300.png",225,300,true],"medium_large":["https:\/\/gardenersfriend.eu\/wp-content\/uploads\/2026\/02\/TOXAN_GRANULAT_1KG.png",433,577,false],"large":["https:\/\/gardenersfriend.eu\/wp-content\/uploads\/2026\/02\/TOXAN_GRANULAT_1KG.png",433,577,false],"1536x1536":["https:\/\/gardenersfriend.eu\/wp-content\/uploads\/2026\/02\/TOXAN_GRANULAT_1KG.png",433,577,false],"2048x2048":["https:\/\/gardenersfriend.eu\/wp-content\/uploads\/2026\/02\/TOXAN_GRANULAT_1KG.png",433,577,false],"woocommerce_thumbnail":["https:\/\/gardenersfriend.eu\/wp-content\/uploads\/2026\/02\/TOXAN_GRANULAT_1KG-300x300.png",300,300,true],"woocommerce_single":["https:\/\/gardenersfriend.eu\/wp-content\/uploads\/2026\/02\/TOXAN_GRANULAT_1KG.png",433,577,false],"woocommerce_gallery_thumbnail":["https:\/\/gardenersfriend.eu\/wp-content\/uploads\/2026\/02\/TOXAN_GRANULAT_1KG-100x100.png",100,100,true]},"uagb_author_info":{"display_name":"admin","author_link":"https:\/\/gardenersfriend.eu\/fr\/author\/"},"uagb_comment_info":0,"uagb_excerpt":"Toxan granulate est un rodenticide en granul\u00e9s con\u00e7u pour lutter contre les souris et les rats.","jetpack_sharing_enabled":true,"_links":{"self":[{"href":"https:\/\/gardenersfriend.eu\/fr\/wp-json\/wp\/v2\/product\/8662","targetHints":{"allow":["GET"]}}],"collection":[{"href":"https:\/\/gardenersfriend.eu\/fr\/wp-json\/wp\/v2\/product"}],"about":[{"href":"https:\/\/gardenersfriend.eu\/fr\/wp-json\/wp\/v2\/types\/product"}],"replies":[{"embeddable":true,"href":"https:\/\/gardenersfriend.eu\/fr\/wp-json\/wp\/v2\/comments?post=8662"}],"wp:featuredmedia":[{"embeddable":true,"href":"https:\/\/gardenersfriend.eu\/fr\/wp-json\/wp\/v2\/media\/8617"}],"wp:attachment":[{"href":"https:\/\/gardenersfriend.eu\/fr\/wp-json\/wp\/v2\/media?parent=8662"}],"wp:term":[{"taxonomy":"product_brand","embeddable":true,"href":"https:\/\/gardenersfriend.eu\/fr\/wp-json\/wp\/v2\/product_brand?post=8662"},{"taxonomy":"product_cat","embeddable":true,"href":"https:\/\/gardenersfriend.eu\/fr\/wp-json\/wp\/v2\/product_cat?post=8662"},{"taxonomy":"product_tag","embeddable":true,"href":"https:\/\/gardenersfriend.eu\/fr\/wp-json\/wp\/v2\/product_tag?post=8662"}],"curies":[{"name":"wp","href":"https:\/\/api.w.org\/{rel}","templated":true}]}}