{"id":8834,"date":"2026-02-19T04:57:39","date_gmt":"2026-02-19T03:57:39","guid":{"rendered":"https:\/\/gardenersfriend.eu\/product\/colle-forte-pour-pieges-a-souris-et-a-rats-10-pieces\/"},"modified":"2026-04-15T05:37:13","modified_gmt":"2026-04-15T03:37:13","slug":"colle-forte-pour-pieges-a-souris-et-a-rats-10-pieces","status":"publish","type":"product","link":"https:\/\/gardenersfriend.eu\/fr\/produit\/colle-forte-pour-pieges-a-souris-et-a-rats-10-pieces\/","title":{"rendered":"Colle forte pour pi\u00e8ges \u00e0 souris et \u00e0 rats &#8211; 10 pi\u00e8ces"},"content":{"rendered":"<h2>Pi\u00e8ge \u00e0 souris et \u00e0 rats<\/h2>\n<p>Triplez la quantit\u00e9 de colle &#8211; 32 g ! Nos pi\u00e8ges capturent les rongeurs, pas les mouches. <\/p>\n<h3>Contr\u00f4le efficace et s\u00fbr des petits rongeurs :<\/h3>\n<ul>\n<li>Le pi\u00e8ge \u00e0 souris est une solution innovante pour pi\u00e9ger les petits rongeurs tels que les souris et les rats. La formule unique de la colle offre une grande viscosit\u00e9, attirant et retenant efficacement les rongeurs. <\/li>\n<li>Le pi\u00e8ge est non toxique et ne contient aucune substance mortelle, ce qui le rend sans danger pour les personnes et les animaux domestiques. Il peut \u00e9galement \u00eatre utilis\u00e9 dans des endroits o\u00f9 l&rsquo;utilisation de poisons n&rsquo;est pas recommand\u00e9e.<\/li>\n<\/ul>\n<h3>Diverses configurations de pi\u00e8ges :<\/h3>\n<p>Le pi\u00e8ge \u00e0 souris peut \u00eatre pli\u00e9 en diff\u00e9rentes formes pour r\u00e9pondre \u00e0 diff\u00e9rents besoins. Il peut ainsi \u00eatre utilis\u00e9 dans divers endroits et situations, ce qui accro\u00eet son efficacit\u00e9 pour attraper les rongeurs. <\/p>\n<h3>Comment cela fonctionne-t-il ?<\/h3>\n<ul>\n<li>Le pi\u00e8ge \u00e0 souris fonctionne gr\u00e2ce \u00e0 l&rsquo;application d&rsquo;un adh\u00e9sif dont l&rsquo;odeur s\u00e9duisante attire les rongeurs. Une fois qu&rsquo;ils se posent sur la surface adh\u00e9sive, les rongeurs sont immobilis\u00e9s, ce qui les emp\u00eache d&rsquo;aller plus loin. <\/li>\n<li>Cette m\u00e9thode est extr\u00eamement efficace car elle ne n\u00e9cessite pas l&rsquo;utilisation de poisons ou de pi\u00e8ges m\u00e9caniques qui pourraient pr\u00e9senter un risque pour les autres animaux ou les enfants.<\/li>\n<\/ul>\n<h3>R\u00e9sistance aux conditions climatiques :<\/h3>\n<p>Gr\u00e2ce \u00e0 sa formule adh\u00e9sive sp\u00e9ciale, le pi\u00e8ge r\u00e9siste aux intemp\u00e9ries, ce qui signifie qu&rsquo;il peut \u00eatre utilis\u00e9 \u00e0 l&rsquo;int\u00e9rieur comme \u00e0 l&rsquo;ext\u00e9rieur. L&rsquo;adh\u00e9sif ne s\u00e8che pas rapidement, ce qui garantit une efficacit\u00e9 durable, m\u00eame dans les zones \u00e0 forte humidit\u00e9 ou \u00e0 temp\u00e9rature variable. <\/p>\n<h3>Dimensions du pi\u00e8ge d\u00e9pli\u00e9 :<\/h3>\n<ul>\n<li><strong>Longueur<\/strong>: 25 cm<\/li>\n<li><strong>Largeur<\/strong>: 17 cm<\/li>\n<\/ul>\n<h3>Lib\u00e9ration de rongeurs :<\/h3>\n<ul>\n<li>Pour lib\u00e9rer le rongeur, il suffit de verser de l&rsquo;huile v\u00e9g\u00e9tale sur la zone de contact de l&rsquo;adh\u00e9sif. L&rsquo;huile dissout l&rsquo;adh\u00e9sif, ce qui permet de lib\u00e9rer le rongeur en toute s\u00e9curit\u00e9. <\/li>\n<li>Il est recommand\u00e9 de rel\u00e2cher le rongeur loin du site de capture pour \u00e9viter qu&rsquo;il ne revienne. Des gants de protection doivent \u00eatre port\u00e9s tout au long du processus pour garantir la s\u00e9curit\u00e9 et l&rsquo;hygi\u00e8ne. <\/li>\n<\/ul>\n<h3>Large \u00e9ventail d&rsquo;applications :<\/h3>\n<p>La sourici\u00e8re est polyvalente et peut \u00eatre utilis\u00e9e dans de nombreux endroits, tels que les maisons, les entrep\u00f4ts, les bureaux et les salles de service. C&rsquo;est une solution id\u00e9ale pour lutter contre les rongeurs dans les zones o\u00f9 les pi\u00e8ges chimiques ou m\u00e9caniques ne conviennent pas. <\/p>\n<p><strong>Nos autres pesticides :<\/strong> <a title=\"Ami des jardiniers - Collection Pesticides\" href=\"https:\/\/gardenersfriend.eu\/fr\/product-category\/tous-les-produits\/pesticides\/\">Nos pesticides<\/a><\/p>\n","protected":false},"excerpt":{"rendered":"<p>Pi\u00e8ge \u00e0 souris et \u00e0 rats Triple la quantit\u00e9 de colle &#8211; 32g. Nos pi\u00e8ges attrapent les rongeurs, pas les mouches. Contr\u00f4le efficace et s\u00fbr des petits rongeurs  <\/p>\n","protected":false},"featured_media":8805,"comment_status":"open","ping_status":"closed","template":"","meta":{"_uag_custom_page_level_css":"","site-sidebar-layout":"default","site-content-layout":"","ast-site-content-layout":"default","site-content-style":"default","site-sidebar-style":"default","ast-global-header-display":"","ast-banner-title-visibility":"","ast-main-header-display":"","ast-hfb-above-header-display":"","ast-hfb-below-header-display":"","ast-hfb-mobile-header-display":"","site-post-title":"","ast-breadcrumbs-content":"","ast-featured-img":"","footer-sml-layout":"","ast-disable-related-posts":"","theme-transparent-header-meta":"default","adv-header-id-meta":"","stick-header-meta":"","header-above-stick-meta":"","header-main-stick-meta":"","header-below-stick-meta":"","astra-migrate-meta-layouts":"default","ast-page-background-enabled":"default","ast-page-background-meta":{"desktop":{"background-color":"var(--ast-global-color-4)","background-image":"","background-repeat":"repeat","background-position":"center center","background-size":"auto","background-attachment":"scroll","background-type":"","background-media":"","overlay-type":"","overlay-color":"","overlay-opacity":"","overlay-gradient":""},"tablet":{"background-color":"","background-image":"","background-repeat":"repeat","background-position":"center center","background-size":"auto","background-attachment":"scroll","background-type":"","background-media":"","overlay-type":"","overlay-color":"","overlay-opacity":"","overlay-gradient":""},"mobile":{"background-color":"","background-image":"","background-repeat":"repeat","background-position":"center center","background-size":"auto","background-attachment":"scroll","background-type":"","background-media":"","overlay-type":"","overlay-color":"","overlay-opacity":"","overlay-gradient":""}},"ast-content-background-meta":{"desktop":{"background-color":"var(--ast-global-color-5)","background-image":"","background-repeat":"repeat","background-position":"center center","background-size":"auto","background-attachment":"scroll","background-type":"","background-media":"","overlay-type":"","overlay-color":"","overlay-opacity":"","overlay-gradient":""},"tablet":{"background-color":"var(--ast-global-color-5)","background-image":"","background-repeat":"repeat","background-position":"center center","background-size":"auto","background-attachment":"scroll","background-type":"","background-media":"","overlay-type":"","overlay-color":"","overlay-opacity":"","overlay-gradient":""},"mobile":{"background-color":"var(--ast-global-color-5)","background-image":"","background-repeat":"repeat","background-position":"center center","background-size":"auto","background-attachment":"scroll","background-type":"","background-media":"","overlay-type":"","overlay-color":"","overlay-opacity":"","overlay-gradient":""}}},"product_brand":[],"product_cat":[204,87],"product_tag":[],"class_list":{"0":"post-8834","1":"product","2":"type-product","3":"status-publish","4":"has-post-thumbnail","6":"product_cat-pesticides","7":"product_cat-tous-les-produits","8":"product_shipping_class-tous","9":"desktop-align-left","10":"tablet-align-left","11":"mobile-align-left","13":"first","14":"instock","15":"taxable","16":"shipping-taxable","17":"purchasable","18":"product-type-simple"},"yoast_head":"<!-- This site is optimized with the Yoast SEO plugin v27.4 - https:\/\/yoast.com\/product\/yoast-seo-wordpress\/ -->\n<title>Colle forte pour pi\u00e8ges \u00e0 souris et \u00e0 rats - 10 pi\u00e8ces - Gardeners Friend<\/title>\n<meta name=\"description\" content=\"Pi\u00e8ge \u00e0 souris et \u00e0 rats Triple la quantit\u00e9 de colle - 32g. Nos pi\u00e8ges attrapent les rongeurs, pas les mouches. Contr\u00f4le efficace et s\u00fbr des petits rongeurs\" \/>\n<meta name=\"robots\" content=\"index, follow, max-snippet:-1, max-image-preview:large, max-video-preview:-1\" \/>\n<link rel=\"canonical\" href=\"https:\/\/gardenersfriend.eu\/fr\/produit\/colle-forte-pour-pieges-a-souris-et-a-rats-10-pieces\/\" \/>\n<meta property=\"og:locale\" content=\"fr_FR\" \/>\n<meta property=\"og:type\" content=\"article\" \/>\n<meta property=\"og:title\" content=\"Colle forte pour pi\u00e8ges \u00e0 souris et \u00e0 rats - 10 pi\u00e8ces - Gardeners Friend\" \/>\n<meta property=\"og:description\" content=\"Pi\u00e8ge \u00e0 souris et \u00e0 rats Triple la quantit\u00e9 de colle - 32g. Nos pi\u00e8ges attrapent les rongeurs, pas les mouches. Contr\u00f4le efficace et s\u00fbr des petits rongeurs\" \/>\n<meta property=\"og:url\" content=\"https:\/\/gardenersfriend.eu\/fr\/produit\/colle-forte-pour-pieges-a-souris-et-a-rats-10-pieces\/\" \/>\n<meta property=\"og:site_name\" content=\"Gardeners Friend\" \/>\n<meta property=\"article:publisher\" content=\"https:\/\/www.facebook.com\/people\/Gardeners-Friend-Store\/61566268054378\/\" \/>\n<meta property=\"article:modified_time\" content=\"2026-04-15T03:37:13+00:00\" \/>\n<meta property=\"og:image\" content=\"https:\/\/gardenersfriend.eu\/wp-content\/uploads\/2026\/02\/MouseAndRatTrapGlue1.jpg\" \/>\n\t<meta property=\"og:image:width\" content=\"993\" \/>\n\t<meta property=\"og:image:height\" content=\"997\" \/>\n\t<meta property=\"og:image:type\" content=\"image\/jpeg\" \/>\n<meta name=\"twitter:card\" content=\"summary_large_image\" \/>\n<meta name=\"twitter:label1\" content=\"Dur\u00e9e de lecture estim\u00e9e\" \/>\n\t<meta name=\"twitter:data1\" content=\"2 minutes\" \/>\n<script type=\"application\/ld+json\" class=\"yoast-schema-graph\">{\"@context\":\"https:\\\/\\\/schema.org\",\"@graph\":[{\"@type\":\"WebPage\",\"@id\":\"https:\\\/\\\/gardenersfriend.eu\\\/fr\\\/produit\\\/colle-forte-pour-pieges-a-souris-et-a-rats-10-pieces\\\/\",\"url\":\"https:\\\/\\\/gardenersfriend.eu\\\/fr\\\/produit\\\/colle-forte-pour-pieges-a-souris-et-a-rats-10-pieces\\\/\",\"name\":\"Colle forte pour pi\u00e8ges \u00e0 souris et \u00e0 rats - 10 pi\u00e8ces - Gardeners Friend\",\"isPartOf\":{\"@id\":\"https:\\\/\\\/gardenersfriend.eu\\\/fr\\\/#website\"},\"primaryImageOfPage\":{\"@id\":\"https:\\\/\\\/gardenersfriend.eu\\\/fr\\\/produit\\\/colle-forte-pour-pieges-a-souris-et-a-rats-10-pieces\\\/#primaryimage\"},\"image\":{\"@id\":\"https:\\\/\\\/gardenersfriend.eu\\\/fr\\\/produit\\\/colle-forte-pour-pieges-a-souris-et-a-rats-10-pieces\\\/#primaryimage\"},\"thumbnailUrl\":\"https:\\\/\\\/gardenersfriend.eu\\\/wp-content\\\/uploads\\\/2026\\\/02\\\/MouseAndRatTrapGlue1.jpg\",\"datePublished\":\"2026-02-19T03:57:39+00:00\",\"dateModified\":\"2026-04-15T03:37:13+00:00\",\"description\":\"Pi\u00e8ge \u00e0 souris et \u00e0 rats Triple la quantit\u00e9 de colle - 32g. Nos pi\u00e8ges attrapent les rongeurs, pas les mouches. Contr\u00f4le efficace et s\u00fbr des petits rongeurs\",\"breadcrumb\":{\"@id\":\"https:\\\/\\\/gardenersfriend.eu\\\/fr\\\/produit\\\/colle-forte-pour-pieges-a-souris-et-a-rats-10-pieces\\\/#breadcrumb\"},\"inLanguage\":\"fr-FR\",\"potentialAction\":[{\"@type\":\"ReadAction\",\"target\":[\"https:\\\/\\\/gardenersfriend.eu\\\/fr\\\/produit\\\/colle-forte-pour-pieges-a-souris-et-a-rats-10-pieces\\\/\"]}]},{\"@type\":\"ImageObject\",\"inLanguage\":\"fr-FR\",\"@id\":\"https:\\\/\\\/gardenersfriend.eu\\\/fr\\\/produit\\\/colle-forte-pour-pieges-a-souris-et-a-rats-10-pieces\\\/#primaryimage\",\"url\":\"https:\\\/\\\/gardenersfriend.eu\\\/wp-content\\\/uploads\\\/2026\\\/02\\\/MouseAndRatTrapGlue1.jpg\",\"contentUrl\":\"https:\\\/\\\/gardenersfriend.eu\\\/wp-content\\\/uploads\\\/2026\\\/02\\\/MouseAndRatTrapGlue1.jpg\",\"width\":993,\"height\":997,\"caption\":\"Colle pour pi\u00e8ges \u00e0 souris et \u00e0 rats\"},{\"@type\":\"BreadcrumbList\",\"@id\":\"https:\\\/\\\/gardenersfriend.eu\\\/fr\\\/produit\\\/colle-forte-pour-pieges-a-souris-et-a-rats-10-pieces\\\/#breadcrumb\",\"itemListElement\":[{\"@type\":\"ListItem\",\"position\":1,\"name\":\"Strona g\u0142\u00f3wna\",\"item\":\"https:\\\/\\\/gardenersfriend.eu\\\/fr\\\/\"},{\"@type\":\"ListItem\",\"position\":2,\"name\":\"Boutique\",\"item\":\"https:\\\/\\\/gardenersfriend.eu\\\/shop\\\/\"},{\"@type\":\"ListItem\",\"position\":3,\"name\":\"Colle forte pour pi\u00e8ges \u00e0 souris et \u00e0 rats &#8211; 10 pi\u00e8ces\"}]},{\"@type\":\"WebSite\",\"@id\":\"https:\\\/\\\/gardenersfriend.eu\\\/fr\\\/#website\",\"url\":\"https:\\\/\\\/gardenersfriend.eu\\\/fr\\\/\",\"name\":\"Gardeners Friend\",\"description\":\"herbicides, fertilisers, roundup\",\"publisher\":{\"@id\":\"https:\\\/\\\/gardenersfriend.eu\\\/fr\\\/#organization\"},\"potentialAction\":[{\"@type\":\"SearchAction\",\"target\":{\"@type\":\"EntryPoint\",\"urlTemplate\":\"https:\\\/\\\/gardenersfriend.eu\\\/fr\\\/?s={search_term_string}\"},\"query-input\":{\"@type\":\"PropertyValueSpecification\",\"valueRequired\":true,\"valueName\":\"search_term_string\"}}],\"inLanguage\":\"fr-FR\"},{\"@type\":\"Organization\",\"@id\":\"https:\\\/\\\/gardenersfriend.eu\\\/fr\\\/#organization\",\"name\":\"Gardeners Friend\",\"url\":\"https:\\\/\\\/gardenersfriend.eu\\\/fr\\\/\",\"logo\":{\"@type\":\"ImageObject\",\"inLanguage\":\"fr-FR\",\"@id\":\"https:\\\/\\\/gardenersfriend.eu\\\/fr\\\/#\\\/schema\\\/logo\\\/image\\\/\",\"url\":\"https:\\\/\\\/gardenersfriend.eu\\\/wp-content\\\/uploads\\\/2025\\\/09\\\/gf_accepted_big_logo.png\",\"contentUrl\":\"https:\\\/\\\/gardenersfriend.eu\\\/wp-content\\\/uploads\\\/2025\\\/09\\\/gf_accepted_big_logo.png\",\"width\":2000,\"height\":1000,\"caption\":\"Gardeners Friend\"},\"image\":{\"@id\":\"https:\\\/\\\/gardenersfriend.eu\\\/fr\\\/#\\\/schema\\\/logo\\\/image\\\/\"},\"sameAs\":[\"https:\\\/\\\/www.facebook.com\\\/people\\\/Gardeners-Friend-Store\\\/61566268054378\\\/\",\"https:\\\/\\\/www.instagram.com\\\/gardeners_friend_store\\\/\"]}]}<\/script>\n<!-- \/ Yoast SEO plugin. -->","yoast_head_json":{"title":"Colle forte pour pi\u00e8ges \u00e0 souris et \u00e0 rats - 10 pi\u00e8ces - Gardeners Friend","description":"Pi\u00e8ge \u00e0 souris et \u00e0 rats Triple la quantit\u00e9 de colle - 32g. Nos pi\u00e8ges attrapent les rongeurs, pas les mouches. Contr\u00f4le efficace et s\u00fbr des petits rongeurs","robots":{"index":"index","follow":"follow","max-snippet":"max-snippet:-1","max-image-preview":"max-image-preview:large","max-video-preview":"max-video-preview:-1"},"canonical":"https:\/\/gardenersfriend.eu\/fr\/produit\/colle-forte-pour-pieges-a-souris-et-a-rats-10-pieces\/","og_locale":"fr_FR","og_type":"article","og_title":"Colle forte pour pi\u00e8ges \u00e0 souris et \u00e0 rats - 10 pi\u00e8ces - Gardeners Friend","og_description":"Pi\u00e8ge \u00e0 souris et \u00e0 rats Triple la quantit\u00e9 de colle - 32g. Nos pi\u00e8ges attrapent les rongeurs, pas les mouches. Contr\u00f4le efficace et s\u00fbr des petits rongeurs","og_url":"https:\/\/gardenersfriend.eu\/fr\/produit\/colle-forte-pour-pieges-a-souris-et-a-rats-10-pieces\/","og_site_name":"Gardeners Friend","article_publisher":"https:\/\/www.facebook.com\/people\/Gardeners-Friend-Store\/61566268054378\/","article_modified_time":"2026-04-15T03:37:13+00:00","og_image":[{"width":993,"height":997,"url":"https:\/\/gardenersfriend.eu\/wp-content\/uploads\/2026\/02\/MouseAndRatTrapGlue1.jpg","type":"image\/jpeg"}],"twitter_card":"summary_large_image","twitter_misc":{"Dur\u00e9e de lecture estim\u00e9e":"2 minutes"},"schema":{"@context":"https:\/\/schema.org","@graph":[{"@type":"WebPage","@id":"https:\/\/gardenersfriend.eu\/fr\/produit\/colle-forte-pour-pieges-a-souris-et-a-rats-10-pieces\/","url":"https:\/\/gardenersfriend.eu\/fr\/produit\/colle-forte-pour-pieges-a-souris-et-a-rats-10-pieces\/","name":"Colle forte pour pi\u00e8ges \u00e0 souris et \u00e0 rats - 10 pi\u00e8ces - Gardeners Friend","isPartOf":{"@id":"https:\/\/gardenersfriend.eu\/fr\/#website"},"primaryImageOfPage":{"@id":"https:\/\/gardenersfriend.eu\/fr\/produit\/colle-forte-pour-pieges-a-souris-et-a-rats-10-pieces\/#primaryimage"},"image":{"@id":"https:\/\/gardenersfriend.eu\/fr\/produit\/colle-forte-pour-pieges-a-souris-et-a-rats-10-pieces\/#primaryimage"},"thumbnailUrl":"https:\/\/gardenersfriend.eu\/wp-content\/uploads\/2026\/02\/MouseAndRatTrapGlue1.jpg","datePublished":"2026-02-19T03:57:39+00:00","dateModified":"2026-04-15T03:37:13+00:00","description":"Pi\u00e8ge \u00e0 souris et \u00e0 rats Triple la quantit\u00e9 de colle - 32g. Nos pi\u00e8ges attrapent les rongeurs, pas les mouches. Contr\u00f4le efficace et s\u00fbr des petits rongeurs","breadcrumb":{"@id":"https:\/\/gardenersfriend.eu\/fr\/produit\/colle-forte-pour-pieges-a-souris-et-a-rats-10-pieces\/#breadcrumb"},"inLanguage":"fr-FR","potentialAction":[{"@type":"ReadAction","target":["https:\/\/gardenersfriend.eu\/fr\/produit\/colle-forte-pour-pieges-a-souris-et-a-rats-10-pieces\/"]}]},{"@type":"ImageObject","inLanguage":"fr-FR","@id":"https:\/\/gardenersfriend.eu\/fr\/produit\/colle-forte-pour-pieges-a-souris-et-a-rats-10-pieces\/#primaryimage","url":"https:\/\/gardenersfriend.eu\/wp-content\/uploads\/2026\/02\/MouseAndRatTrapGlue1.jpg","contentUrl":"https:\/\/gardenersfriend.eu\/wp-content\/uploads\/2026\/02\/MouseAndRatTrapGlue1.jpg","width":993,"height":997,"caption":"Colle pour pi\u00e8ges \u00e0 souris et \u00e0 rats"},{"@type":"BreadcrumbList","@id":"https:\/\/gardenersfriend.eu\/fr\/produit\/colle-forte-pour-pieges-a-souris-et-a-rats-10-pieces\/#breadcrumb","itemListElement":[{"@type":"ListItem","position":1,"name":"Strona g\u0142\u00f3wna","item":"https:\/\/gardenersfriend.eu\/fr\/"},{"@type":"ListItem","position":2,"name":"Boutique","item":"https:\/\/gardenersfriend.eu\/shop\/"},{"@type":"ListItem","position":3,"name":"Colle forte pour pi\u00e8ges \u00e0 souris et \u00e0 rats &#8211; 10 pi\u00e8ces"}]},{"@type":"WebSite","@id":"https:\/\/gardenersfriend.eu\/fr\/#website","url":"https:\/\/gardenersfriend.eu\/fr\/","name":"Gardeners Friend","description":"herbicides, fertilisers, roundup","publisher":{"@id":"https:\/\/gardenersfriend.eu\/fr\/#organization"},"potentialAction":[{"@type":"SearchAction","target":{"@type":"EntryPoint","urlTemplate":"https:\/\/gardenersfriend.eu\/fr\/?s={search_term_string}"},"query-input":{"@type":"PropertyValueSpecification","valueRequired":true,"valueName":"search_term_string"}}],"inLanguage":"fr-FR"},{"@type":"Organization","@id":"https:\/\/gardenersfriend.eu\/fr\/#organization","name":"Gardeners Friend","url":"https:\/\/gardenersfriend.eu\/fr\/","logo":{"@type":"ImageObject","inLanguage":"fr-FR","@id":"https:\/\/gardenersfriend.eu\/fr\/#\/schema\/logo\/image\/","url":"https:\/\/gardenersfriend.eu\/wp-content\/uploads\/2025\/09\/gf_accepted_big_logo.png","contentUrl":"https:\/\/gardenersfriend.eu\/wp-content\/uploads\/2025\/09\/gf_accepted_big_logo.png","width":2000,"height":1000,"caption":"Gardeners Friend"},"image":{"@id":"https:\/\/gardenersfriend.eu\/fr\/#\/schema\/logo\/image\/"},"sameAs":["https:\/\/www.facebook.com\/people\/Gardeners-Friend-Store\/61566268054378\/","https:\/\/www.instagram.com\/gardeners_friend_store\/"]}]}},"uagb_featured_image_src":{"full":["https:\/\/gardenersfriend.eu\/wp-content\/uploads\/2026\/02\/MouseAndRatTrapGlue1.jpg",993,997,false],"thumbnail":["https:\/\/gardenersfriend.eu\/wp-content\/uploads\/2026\/02\/MouseAndRatTrapGlue1-150x150.jpg",150,150,true],"medium":["https:\/\/gardenersfriend.eu\/wp-content\/uploads\/2026\/02\/MouseAndRatTrapGlue1-300x300.jpg",300,300,true],"medium_large":["https:\/\/gardenersfriend.eu\/wp-content\/uploads\/2026\/02\/MouseAndRatTrapGlue1-768x771.jpg",768,771,true],"large":["https:\/\/gardenersfriend.eu\/wp-content\/uploads\/2026\/02\/MouseAndRatTrapGlue1.jpg",993,997,false],"1536x1536":["https:\/\/gardenersfriend.eu\/wp-content\/uploads\/2026\/02\/MouseAndRatTrapGlue1.jpg",993,997,false],"2048x2048":["https:\/\/gardenersfriend.eu\/wp-content\/uploads\/2026\/02\/MouseAndRatTrapGlue1.jpg",993,997,false],"woocommerce_thumbnail":["https:\/\/gardenersfriend.eu\/wp-content\/uploads\/2026\/02\/MouseAndRatTrapGlue1-300x300.jpg",300,300,true],"woocommerce_single":["https:\/\/gardenersfriend.eu\/wp-content\/uploads\/2026\/02\/MouseAndRatTrapGlue1-600x602.jpg",600,602,true],"woocommerce_gallery_thumbnail":["https:\/\/gardenersfriend.eu\/wp-content\/uploads\/2026\/02\/MouseAndRatTrapGlue1-100x100.jpg",100,100,true]},"uagb_author_info":{"display_name":"admin","author_link":"https:\/\/gardenersfriend.eu\/fr\/author\/"},"uagb_comment_info":0,"uagb_excerpt":"Pi\u00e8ge \u00e0 souris et \u00e0 rats Triple la quantit\u00e9 de colle - 32g. Nos pi\u00e8ges attrapent les rongeurs, pas les mouches. Contr\u00f4le efficace et s\u00fbr des petits rongeurs","jetpack_sharing_enabled":true,"_links":{"self":[{"href":"https:\/\/gardenersfriend.eu\/fr\/wp-json\/wp\/v2\/product\/8834","targetHints":{"allow":["GET"]}}],"collection":[{"href":"https:\/\/gardenersfriend.eu\/fr\/wp-json\/wp\/v2\/product"}],"about":[{"href":"https:\/\/gardenersfriend.eu\/fr\/wp-json\/wp\/v2\/types\/product"}],"replies":[{"embeddable":true,"href":"https:\/\/gardenersfriend.eu\/fr\/wp-json\/wp\/v2\/comments?post=8834"}],"wp:featuredmedia":[{"embeddable":true,"href":"https:\/\/gardenersfriend.eu\/fr\/wp-json\/wp\/v2\/media\/8805"}],"wp:attachment":[{"href":"https:\/\/gardenersfriend.eu\/fr\/wp-json\/wp\/v2\/media?parent=8834"}],"wp:term":[{"taxonomy":"product_brand","embeddable":true,"href":"https:\/\/gardenersfriend.eu\/fr\/wp-json\/wp\/v2\/product_brand?post=8834"},{"taxonomy":"product_cat","embeddable":true,"href":"https:\/\/gardenersfriend.eu\/fr\/wp-json\/wp\/v2\/product_cat?post=8834"},{"taxonomy":"product_tag","embeddable":true,"href":"https:\/\/gardenersfriend.eu\/fr\/wp-json\/wp\/v2\/product_tag?post=8834"}],"curies":[{"name":"wp","href":"https:\/\/api.w.org\/{rel}","templated":true}]}}