{"id":7063,"date":"2025-09-16T12:57:17","date_gmt":"2025-09-16T10:57:17","guid":{"rendered":"https:\/\/gardenersfriend.eu\/?post_type=product&#038;p=7063"},"modified":"2026-02-19T09:15:10","modified_gmt":"2026-02-19T08:15:10","slug":"concime-autunnale-per-il-prato-per-un-inverno-sicuro","status":"publish","type":"product","link":"https:\/\/gardenersfriend.eu\/it\/prodotto\/concime-autunnale-per-il-prato-per-un-inverno-sicuro\/","title":{"rendered":"Concime autunnale per il prato per un inverno sicuro"},"content":{"rendered":"<h2><strong>Fertilizzante autunnale per prati per un inverno sicuro &#8211; Mr. Green Grass<\/strong><\/h2>\n<p>&nbsp;<\/p>\n<p>&#x2714;&#xfe0f; <strong>Protegge il tuo prato per tutto l&#8217;inverno<\/strong><\/p>\n<p>&#x2714;&#xfe0f; <strong>Rafforza il tuo manto erboso contro le gelate pi\u00f9 intense<\/strong><\/p>\n<p>&#x2714;&#xfe0f; <strong>Favorisce la crescita primaverile<\/strong><\/p>\n<p>&#x2714;&#xfe0f; <strong>\u00c8 ecologico<\/strong><\/p>\n<p>&#x2714;&#xfe0f; <strong>Molto apprezzato dagli utenti<\/strong><\/p>\n<p>Il concime autunnale a lunga durata per prati Mr. Green Grass\u00ae &#8211; Safe Winter &#8211; offre un supporto completo al tuo prato durante l&#8217;autunno, preparandolo per l&#8217;inverno in arrivo. Questo prodotto non solo protegge il manto erboso dai prossimi mesi invernali, ma rafforza anche il prato, aumentandone la resistenza alle gelate estreme. <\/p>\n<p>Inoltre, stimola la ramificazione, contribuendo a una crescita rigogliosa e sana dell&#8217;erba in primavera. Ingredienti chiave come il potassio e il fosforo non solo aumentano la resistenza al freddo e alle malattie, ma favoriscono anche un approccio ecologico alla cura del prato. <\/p>\n<p>La tecnologia Enhanced GRF (Gradual Release Fertilizer) utilizzata nei nostri fertilizzanti autunnali garantisce un rilascio sostenuto e controllato dei nutrienti, assicurandone la disponibilit\u00e0 nel momento pi\u00f9 opportuno. Questo processo \u00e8 regolato dall&#8217;umidit\u00e0 e dalla temperatura del suolo, indipendentemente da altre condizioni come il pH o l&#8217;attivit\u00e0 microbica. Si basa su una membrana polimerica che permette all&#8217;acqua di penetrare e sciogliere i nutrienti e che, una volta esauriti, permette al rivestimento di biodegradarsi nel terreno.  <\/p>\n<p>&#x26a0;&#xfe0f; I fertilizzanti tradizionali spesso lisciviano rapidamente, il che pu\u00f2 portare a carenze di nutrienti durante i periodi di intensa crescita dell&#8217;erba. Il nostro prodotto, fornendo continuamente nutrienti, elimina questo problema. La tecnologia GRF avanzata rende il fertilizzante &#8220;Safe Winter&#8221; eccezionalmente efficace ed efficiente, adattandolo perfettamente alle esigenze del tuo prato.  <\/p>\n<h3><\/h3>\n<h3>&#x23f0; <strong>Applicazione<\/strong><\/h3>\n<p>Fertilizzante autunnale &#8211; Inverno sicuro &#8211; Mr. Green Grass\u00ae \u00e8 il quarto passo della cura. Applicalo una volta da settembre a novembre, preferibilmente subito dopo lo sfalcio, a un&#8217;altezza di 5 cm. <\/p>\n<p>Distribuiscilo in modo uniforme con una seminatrice rotante alla dose di 3-4 kg per 100 m\u00b2 (30-40 g\/m\u00b2). Nota: non spargere mai il fertilizzante a mano per non causare una crescita irregolare o addirittura bruciare l&#8217;erba! <\/p>\n<p>Innaffia abbondantemente il prato dopo l&#8217;applicazione. Ricorda che alcuni granuli rimarranno visibili: questi rilasceranno sostanze nutritive durante l&#8217;inverno. All&#8217;arrivo della primavera, per continuare a curare il prato, procedi con la fase uno e applica il Fertilizzante di Primavera Precoce &#8211; Rigenerazione Rapida &#8211; Mr. Green Grass\u00ae.  <\/p>\n<p>&nbsp;<\/p>\n<h3><strong>&#x2696;&#xfe0f; Quanto fertilizzante acquistare  <\/strong><\/h3>\n<h3><strong>Area del prato &#8211; Requisiti<\/strong><\/h3>\n<p>&#x2733;&#xfe0f; Area da 60 a 120 m\u00b2 &#8211; 3 kg<\/p>\n<p>&#x2733;&#xfe0f; Area da 120 a 180 m\u00b2 &#8211; 5 kg<\/p>\n<p>&#x2733;&#xfe0f; Area da 180 a 250 m\u00b2 &#8211; 8 kg<\/p>\n<p>&#x2733;&#xfe0f; Area da 250 a 300 m\u00b2 &#8211; 10 kg<\/p>\n<p>&#x2733;&#xfe0f; Area da 300 a 350 m\u00b2 &#8211; 13 kg<\/p>\n<p>&#x2733;&#xfe0f; Area da 350 a 400 m\u00b2 &#8211; 15 kg<\/p>\n<p>&nbsp;<\/p>\n<h3><strong>Parametri:<\/strong><\/h3>\n<p><strong>Utilizzo<\/strong><br \/>\nSettembre \/ Ottobre \/ Novembre<\/p>\n<p><strong>Confezione<\/strong><br \/>\n3 kg, 5 kg, 10 kg<\/p>\n<p><strong>Azoto [N]<\/strong><br \/>\n12% (6,3% azoto nitrico, 5,7% azoto ammonico)<\/p>\n<p><strong>Fosforo solubile in acqua [P2O5]<\/strong><br \/>\n10%<\/p>\n<p><strong>Potassio [K2O] solubile in acqua<\/strong><br \/>\n15%<\/p>\n<p><strong>Magnesio totale [MgO]<\/strong><br \/>\n2,2%<\/p>\n<p><strong>Boro [B]<\/strong><br \/>\n0,002%<\/p>\n<p><strong>Rame [Cu]<\/strong><br \/>\n0,08%<\/p>\n<p><strong>Ferro [Fe]<\/strong><br \/>\n0,32%<\/p>\n<p>&nbsp;<\/p>\n<p><strong>Recensioni dei clienti dalla Polonia:<\/strong><br \/>\n<a title=\"https:\/\/mrgreengrass.pl\/nawoz-jesienny-do-trawy\/#opinie\" href=\"https:\/\/mrgreengrass.pl\/nawoz-jesienny-do-trawy\/#opinie\">https:\/\/mrgreengrass.pl\/nawoz-jesienny-do-trawy\/#opinie<\/a><\/p>\n<p><strong>Vedi anche: erbicida per piante dicotiledoni:<\/strong><\/p>\n<p><a title=\"Trio Chwastox\" href=\"https:\/\/gardenersfriend.eu\/it\/prodotto\/chwastox-390-trio-sl-erbicida\/\">Trio Chwastox 390<\/a><\/p>\n","protected":false},"excerpt":{"rendered":"<p>Fertilizzante autunnale a lunga durata &#8211; Safe Winter &#8211; Mr. Green Grass\u00ae \u00e8 un supporto completo per il tuo prato durante l&#8217;autunno, preparandolo all&#8217;arrivo dell&#8217;inverno.<\/p>\n","protected":false},"featured_media":7033,"comment_status":"open","ping_status":"closed","template":"","meta":{"_uag_custom_page_level_css":"","site-sidebar-layout":"default","site-content-layout":"","ast-site-content-layout":"default","site-content-style":"default","site-sidebar-style":"default","ast-global-header-display":"","ast-banner-title-visibility":"","ast-main-header-display":"","ast-hfb-above-header-display":"","ast-hfb-below-header-display":"","ast-hfb-mobile-header-display":"","site-post-title":"","ast-breadcrumbs-content":"","ast-featured-img":"","footer-sml-layout":"","ast-disable-related-posts":"","theme-transparent-header-meta":"default","adv-header-id-meta":"","stick-header-meta":"","header-above-stick-meta":"","header-main-stick-meta":"","header-below-stick-meta":"","astra-migrate-meta-layouts":"set","ast-page-background-enabled":"default","ast-page-background-meta":{"desktop":{"background-color":"var(--ast-global-color-4)","background-image":"","background-repeat":"repeat","background-position":"center center","background-size":"auto","background-attachment":"scroll","background-type":"","background-media":"","overlay-type":"","overlay-color":"","overlay-opacity":"","overlay-gradient":""},"tablet":{"background-color":"","background-image":"","background-repeat":"repeat","background-position":"center center","background-size":"auto","background-attachment":"scroll","background-type":"","background-media":"","overlay-type":"","overlay-color":"","overlay-opacity":"","overlay-gradient":""},"mobile":{"background-color":"","background-image":"","background-repeat":"repeat","background-position":"center center","background-size":"auto","background-attachment":"scroll","background-type":"","background-media":"","overlay-type":"","overlay-color":"","overlay-opacity":"","overlay-gradient":""}},"ast-content-background-meta":{"desktop":{"background-color":"var(--ast-global-color-5)","background-image":"","background-repeat":"repeat","background-position":"center center","background-size":"auto","background-attachment":"scroll","background-type":"","background-media":"","overlay-type":"","overlay-color":"","overlay-opacity":"","overlay-gradient":""},"tablet":{"background-color":"var(--ast-global-color-5)","background-image":"","background-repeat":"repeat","background-position":"center center","background-size":"auto","background-attachment":"scroll","background-type":"","background-media":"","overlay-type":"","overlay-color":"","overlay-opacity":"","overlay-gradient":""},"mobile":{"background-color":"var(--ast-global-color-5)","background-image":"","background-repeat":"repeat","background-position":"center center","background-size":"auto","background-attachment":"scroll","background-type":"","background-media":"","overlay-type":"","overlay-color":"","overlay-opacity":"","overlay-gradient":""}}},"product_brand":[173],"product_cat":[171,97],"product_tag":[],"class_list":{"0":"post-7063","1":"product","2":"type-product","3":"status-publish","4":"has-post-thumbnail","6":"product_brand-mr-green-grass","7":"product_cat-fertilizzante","8":"product_cat-tutti-i-prodotti","9":"product_shipping_class-tutti","10":"desktop-align-left","11":"tablet-align-left","12":"mobile-align-left","14":"first","15":"instock","16":"taxable","17":"shipping-taxable","18":"purchasable","19":"product-type-variable","20":"has-default-attributes"},"yoast_head":"<!-- This site is optimized with the Yoast SEO plugin v27.4 - https:\/\/yoast.com\/product\/yoast-seo-wordpress\/ -->\n<title>Concime autunnale per il prato per un inverno sicuro - Gardeners Friend<\/title>\n<meta name=\"description\" content=\"Concime autunnale a lunga durata - Safe Winter \u00e8 un supporto completo per il tuo prato durante l&#039;autunno, preparandolo all&#039;arrivo dell&#039;inverno.\" \/>\n<meta name=\"robots\" content=\"index, follow, max-snippet:-1, max-image-preview:large, max-video-preview:-1\" \/>\n<link rel=\"canonical\" href=\"https:\/\/gardenersfriend.eu\/it\/prodotto\/concime-autunnale-per-il-prato-per-un-inverno-sicuro\/\" \/>\n<meta property=\"og:locale\" content=\"it_IT\" \/>\n<meta property=\"og:type\" content=\"article\" \/>\n<meta property=\"og:title\" content=\"Concime autunnale per il prato per un inverno sicuro - Gardeners Friend\" \/>\n<meta property=\"og:description\" content=\"Concime autunnale a lunga durata - Safe Winter \u00e8 un supporto completo per il tuo prato durante l&#039;autunno, preparandolo all&#039;arrivo dell&#039;inverno.\" \/>\n<meta property=\"og:url\" content=\"https:\/\/gardenersfriend.eu\/it\/prodotto\/concime-autunnale-per-il-prato-per-un-inverno-sicuro\/\" \/>\n<meta property=\"og:site_name\" content=\"Gardeners Friend\" \/>\n<meta property=\"article:publisher\" content=\"https:\/\/www.facebook.com\/people\/Gardeners-Friend-Store\/61566268054378\/\" \/>\n<meta property=\"article:modified_time\" content=\"2026-02-19T08:15:10+00:00\" \/>\n<meta property=\"og:image\" content=\"https:\/\/gardenersfriend.eu\/wp-content\/uploads\/2025\/09\/mr_green_grass_1.jpg\" \/>\n\t<meta property=\"og:image:width\" content=\"1100\" \/>\n\t<meta property=\"og:image:height\" content=\"1100\" \/>\n\t<meta property=\"og:image:type\" content=\"image\/jpeg\" \/>\n<meta name=\"twitter:card\" content=\"summary_large_image\" \/>\n<meta name=\"twitter:label1\" content=\"Tempo di lettura stimato\" \/>\n\t<meta name=\"twitter:data1\" content=\"3 minuti\" \/>\n<script type=\"application\/ld+json\" class=\"yoast-schema-graph\">{\"@context\":\"https:\\\/\\\/schema.org\",\"@graph\":[{\"@type\":\"WebPage\",\"@id\":\"https:\\\/\\\/gardenersfriend.eu\\\/it\\\/prodotto\\\/concime-autunnale-per-il-prato-per-un-inverno-sicuro\\\/\",\"url\":\"https:\\\/\\\/gardenersfriend.eu\\\/it\\\/prodotto\\\/concime-autunnale-per-il-prato-per-un-inverno-sicuro\\\/\",\"name\":\"Concime autunnale per il prato per un inverno sicuro - Gardeners Friend\",\"isPartOf\":{\"@id\":\"https:\\\/\\\/gardenersfriend.eu\\\/it\\\/#website\"},\"primaryImageOfPage\":{\"@id\":\"https:\\\/\\\/gardenersfriend.eu\\\/it\\\/prodotto\\\/concime-autunnale-per-il-prato-per-un-inverno-sicuro\\\/#primaryimage\"},\"image\":{\"@id\":\"https:\\\/\\\/gardenersfriend.eu\\\/it\\\/prodotto\\\/concime-autunnale-per-il-prato-per-un-inverno-sicuro\\\/#primaryimage\"},\"thumbnailUrl\":\"https:\\\/\\\/gardenersfriend.eu\\\/wp-content\\\/uploads\\\/2025\\\/09\\\/mr_green_grass_1.jpg\",\"datePublished\":\"2025-09-16T10:57:17+00:00\",\"dateModified\":\"2026-02-19T08:15:10+00:00\",\"description\":\"Concime autunnale a lunga durata - Safe Winter \u00e8 un supporto completo per il tuo prato durante l'autunno, preparandolo all'arrivo dell'inverno.\",\"breadcrumb\":{\"@id\":\"https:\\\/\\\/gardenersfriend.eu\\\/it\\\/prodotto\\\/concime-autunnale-per-il-prato-per-un-inverno-sicuro\\\/#breadcrumb\"},\"inLanguage\":\"it-IT\",\"potentialAction\":[{\"@type\":\"ReadAction\",\"target\":[\"https:\\\/\\\/gardenersfriend.eu\\\/it\\\/prodotto\\\/concime-autunnale-per-il-prato-per-un-inverno-sicuro\\\/\"]}]},{\"@type\":\"ImageObject\",\"inLanguage\":\"it-IT\",\"@id\":\"https:\\\/\\\/gardenersfriend.eu\\\/it\\\/prodotto\\\/concime-autunnale-per-il-prato-per-un-inverno-sicuro\\\/#primaryimage\",\"url\":\"https:\\\/\\\/gardenersfriend.eu\\\/wp-content\\\/uploads\\\/2025\\\/09\\\/mr_green_grass_1.jpg\",\"contentUrl\":\"https:\\\/\\\/gardenersfriend.eu\\\/wp-content\\\/uploads\\\/2025\\\/09\\\/mr_green_grass_1.jpg\",\"width\":1100,\"height\":1100,\"caption\":\"Concime autunnale per il prato per un inverno sicuro\"},{\"@type\":\"BreadcrumbList\",\"@id\":\"https:\\\/\\\/gardenersfriend.eu\\\/it\\\/prodotto\\\/concime-autunnale-per-il-prato-per-un-inverno-sicuro\\\/#breadcrumb\",\"itemListElement\":[{\"@type\":\"ListItem\",\"position\":1,\"name\":\"Strona g\u0142\u00f3wna\",\"item\":\"https:\\\/\\\/gardenersfriend.eu\\\/it\\\/\"},{\"@type\":\"ListItem\",\"position\":2,\"name\":\"Negozio\",\"item\":\"https:\\\/\\\/gardenersfriend.eu\\\/it\\\/negozio\\\/\"},{\"@type\":\"ListItem\",\"position\":3,\"name\":\"Concime autunnale per il prato per un inverno sicuro\"}]},{\"@type\":\"WebSite\",\"@id\":\"https:\\\/\\\/gardenersfriend.eu\\\/it\\\/#website\",\"url\":\"https:\\\/\\\/gardenersfriend.eu\\\/it\\\/\",\"name\":\"Gardeners Friend\",\"description\":\"herbicides, fertilisers, roundup\",\"publisher\":{\"@id\":\"https:\\\/\\\/gardenersfriend.eu\\\/it\\\/#organization\"},\"potentialAction\":[{\"@type\":\"SearchAction\",\"target\":{\"@type\":\"EntryPoint\",\"urlTemplate\":\"https:\\\/\\\/gardenersfriend.eu\\\/it\\\/?s={search_term_string}\"},\"query-input\":{\"@type\":\"PropertyValueSpecification\",\"valueRequired\":true,\"valueName\":\"search_term_string\"}}],\"inLanguage\":\"it-IT\"},{\"@type\":\"Organization\",\"@id\":\"https:\\\/\\\/gardenersfriend.eu\\\/it\\\/#organization\",\"name\":\"Gardeners Friend\",\"url\":\"https:\\\/\\\/gardenersfriend.eu\\\/it\\\/\",\"logo\":{\"@type\":\"ImageObject\",\"inLanguage\":\"it-IT\",\"@id\":\"https:\\\/\\\/gardenersfriend.eu\\\/it\\\/#\\\/schema\\\/logo\\\/image\\\/\",\"url\":\"https:\\\/\\\/gardenersfriend.eu\\\/wp-content\\\/uploads\\\/2025\\\/09\\\/gf_accepted_big_logo.png\",\"contentUrl\":\"https:\\\/\\\/gardenersfriend.eu\\\/wp-content\\\/uploads\\\/2025\\\/09\\\/gf_accepted_big_logo.png\",\"width\":2000,\"height\":1000,\"caption\":\"Gardeners Friend\"},\"image\":{\"@id\":\"https:\\\/\\\/gardenersfriend.eu\\\/it\\\/#\\\/schema\\\/logo\\\/image\\\/\"},\"sameAs\":[\"https:\\\/\\\/www.facebook.com\\\/people\\\/Gardeners-Friend-Store\\\/61566268054378\\\/\",\"https:\\\/\\\/www.instagram.com\\\/gardeners_friend_store\\\/\"]}]}<\/script>\n<!-- \/ Yoast SEO plugin. -->","yoast_head_json":{"title":"Concime autunnale per il prato per un inverno sicuro - Gardeners Friend","description":"Concime autunnale a lunga durata - Safe Winter \u00e8 un supporto completo per il tuo prato durante l'autunno, preparandolo all'arrivo dell'inverno.","robots":{"index":"index","follow":"follow","max-snippet":"max-snippet:-1","max-image-preview":"max-image-preview:large","max-video-preview":"max-video-preview:-1"},"canonical":"https:\/\/gardenersfriend.eu\/it\/prodotto\/concime-autunnale-per-il-prato-per-un-inverno-sicuro\/","og_locale":"it_IT","og_type":"article","og_title":"Concime autunnale per il prato per un inverno sicuro - Gardeners Friend","og_description":"Concime autunnale a lunga durata - Safe Winter \u00e8 un supporto completo per il tuo prato durante l'autunno, preparandolo all'arrivo dell'inverno.","og_url":"https:\/\/gardenersfriend.eu\/it\/prodotto\/concime-autunnale-per-il-prato-per-un-inverno-sicuro\/","og_site_name":"Gardeners Friend","article_publisher":"https:\/\/www.facebook.com\/people\/Gardeners-Friend-Store\/61566268054378\/","article_modified_time":"2026-02-19T08:15:10+00:00","og_image":[{"width":1100,"height":1100,"url":"https:\/\/gardenersfriend.eu\/wp-content\/uploads\/2025\/09\/mr_green_grass_1.jpg","type":"image\/jpeg"}],"twitter_card":"summary_large_image","twitter_misc":{"Tempo di lettura stimato":"3 minuti"},"schema":{"@context":"https:\/\/schema.org","@graph":[{"@type":"WebPage","@id":"https:\/\/gardenersfriend.eu\/it\/prodotto\/concime-autunnale-per-il-prato-per-un-inverno-sicuro\/","url":"https:\/\/gardenersfriend.eu\/it\/prodotto\/concime-autunnale-per-il-prato-per-un-inverno-sicuro\/","name":"Concime autunnale per il prato per un inverno sicuro - Gardeners Friend","isPartOf":{"@id":"https:\/\/gardenersfriend.eu\/it\/#website"},"primaryImageOfPage":{"@id":"https:\/\/gardenersfriend.eu\/it\/prodotto\/concime-autunnale-per-il-prato-per-un-inverno-sicuro\/#primaryimage"},"image":{"@id":"https:\/\/gardenersfriend.eu\/it\/prodotto\/concime-autunnale-per-il-prato-per-un-inverno-sicuro\/#primaryimage"},"thumbnailUrl":"https:\/\/gardenersfriend.eu\/wp-content\/uploads\/2025\/09\/mr_green_grass_1.jpg","datePublished":"2025-09-16T10:57:17+00:00","dateModified":"2026-02-19T08:15:10+00:00","description":"Concime autunnale a lunga durata - Safe Winter \u00e8 un supporto completo per il tuo prato durante l'autunno, preparandolo all'arrivo dell'inverno.","breadcrumb":{"@id":"https:\/\/gardenersfriend.eu\/it\/prodotto\/concime-autunnale-per-il-prato-per-un-inverno-sicuro\/#breadcrumb"},"inLanguage":"it-IT","potentialAction":[{"@type":"ReadAction","target":["https:\/\/gardenersfriend.eu\/it\/prodotto\/concime-autunnale-per-il-prato-per-un-inverno-sicuro\/"]}]},{"@type":"ImageObject","inLanguage":"it-IT","@id":"https:\/\/gardenersfriend.eu\/it\/prodotto\/concime-autunnale-per-il-prato-per-un-inverno-sicuro\/#primaryimage","url":"https:\/\/gardenersfriend.eu\/wp-content\/uploads\/2025\/09\/mr_green_grass_1.jpg","contentUrl":"https:\/\/gardenersfriend.eu\/wp-content\/uploads\/2025\/09\/mr_green_grass_1.jpg","width":1100,"height":1100,"caption":"Concime autunnale per il prato per un inverno sicuro"},{"@type":"BreadcrumbList","@id":"https:\/\/gardenersfriend.eu\/it\/prodotto\/concime-autunnale-per-il-prato-per-un-inverno-sicuro\/#breadcrumb","itemListElement":[{"@type":"ListItem","position":1,"name":"Strona g\u0142\u00f3wna","item":"https:\/\/gardenersfriend.eu\/it\/"},{"@type":"ListItem","position":2,"name":"Negozio","item":"https:\/\/gardenersfriend.eu\/it\/negozio\/"},{"@type":"ListItem","position":3,"name":"Concime autunnale per il prato per un inverno sicuro"}]},{"@type":"WebSite","@id":"https:\/\/gardenersfriend.eu\/it\/#website","url":"https:\/\/gardenersfriend.eu\/it\/","name":"Gardeners Friend","description":"herbicides, fertilisers, roundup","publisher":{"@id":"https:\/\/gardenersfriend.eu\/it\/#organization"},"potentialAction":[{"@type":"SearchAction","target":{"@type":"EntryPoint","urlTemplate":"https:\/\/gardenersfriend.eu\/it\/?s={search_term_string}"},"query-input":{"@type":"PropertyValueSpecification","valueRequired":true,"valueName":"search_term_string"}}],"inLanguage":"it-IT"},{"@type":"Organization","@id":"https:\/\/gardenersfriend.eu\/it\/#organization","name":"Gardeners Friend","url":"https:\/\/gardenersfriend.eu\/it\/","logo":{"@type":"ImageObject","inLanguage":"it-IT","@id":"https:\/\/gardenersfriend.eu\/it\/#\/schema\/logo\/image\/","url":"https:\/\/gardenersfriend.eu\/wp-content\/uploads\/2025\/09\/gf_accepted_big_logo.png","contentUrl":"https:\/\/gardenersfriend.eu\/wp-content\/uploads\/2025\/09\/gf_accepted_big_logo.png","width":2000,"height":1000,"caption":"Gardeners Friend"},"image":{"@id":"https:\/\/gardenersfriend.eu\/it\/#\/schema\/logo\/image\/"},"sameAs":["https:\/\/www.facebook.com\/people\/Gardeners-Friend-Store\/61566268054378\/","https:\/\/www.instagram.com\/gardeners_friend_store\/"]}]}},"uagb_featured_image_src":{"full":["https:\/\/gardenersfriend.eu\/wp-content\/uploads\/2025\/09\/mr_green_grass_1.jpg",1100,1100,false],"thumbnail":["https:\/\/gardenersfriend.eu\/wp-content\/uploads\/2025\/09\/mr_green_grass_1-150x150.jpg",150,150,true],"medium":["https:\/\/gardenersfriend.eu\/wp-content\/uploads\/2025\/09\/mr_green_grass_1-300x300.jpg",300,300,true],"medium_large":["https:\/\/gardenersfriend.eu\/wp-content\/uploads\/2025\/09\/mr_green_grass_1-768x768.jpg",768,768,true],"large":["https:\/\/gardenersfriend.eu\/wp-content\/uploads\/2025\/09\/mr_green_grass_1-1024x1024.jpg",1024,1024,true],"1536x1536":["https:\/\/gardenersfriend.eu\/wp-content\/uploads\/2025\/09\/mr_green_grass_1.jpg",1100,1100,false],"2048x2048":["https:\/\/gardenersfriend.eu\/wp-content\/uploads\/2025\/09\/mr_green_grass_1.jpg",1100,1100,false],"woocommerce_thumbnail":["https:\/\/gardenersfriend.eu\/wp-content\/uploads\/2025\/09\/mr_green_grass_1-300x300.jpg",300,300,true],"woocommerce_single":["https:\/\/gardenersfriend.eu\/wp-content\/uploads\/2025\/09\/mr_green_grass_1-600x600.jpg",600,600,true],"woocommerce_gallery_thumbnail":["https:\/\/gardenersfriend.eu\/wp-content\/uploads\/2025\/09\/mr_green_grass_1-100x100.jpg",100,100,true]},"uagb_author_info":{"display_name":"admin","author_link":"https:\/\/gardenersfriend.eu\/it\/author\/"},"uagb_comment_info":0,"uagb_excerpt":"Fertilizzante autunnale a lunga durata - Safe Winter - Mr. Green Grass\u00ae \u00e8 un supporto completo per il tuo prato durante l'autunno, preparandolo all'arrivo dell'inverno.","jetpack_sharing_enabled":true,"_links":{"self":[{"href":"https:\/\/gardenersfriend.eu\/it\/wp-json\/wp\/v2\/product\/7063","targetHints":{"allow":["GET"]}}],"collection":[{"href":"https:\/\/gardenersfriend.eu\/it\/wp-json\/wp\/v2\/product"}],"about":[{"href":"https:\/\/gardenersfriend.eu\/it\/wp-json\/wp\/v2\/types\/product"}],"replies":[{"embeddable":true,"href":"https:\/\/gardenersfriend.eu\/it\/wp-json\/wp\/v2\/comments?post=7063"}],"wp:featuredmedia":[{"embeddable":true,"href":"https:\/\/gardenersfriend.eu\/it\/wp-json\/wp\/v2\/media\/7033"}],"wp:attachment":[{"href":"https:\/\/gardenersfriend.eu\/it\/wp-json\/wp\/v2\/media?parent=7063"}],"wp:term":[{"taxonomy":"product_brand","embeddable":true,"href":"https:\/\/gardenersfriend.eu\/it\/wp-json\/wp\/v2\/product_brand?post=7063"},{"taxonomy":"product_cat","embeddable":true,"href":"https:\/\/gardenersfriend.eu\/it\/wp-json\/wp\/v2\/product_cat?post=7063"},{"taxonomy":"product_tag","embeddable":true,"href":"https:\/\/gardenersfriend.eu\/it\/wp-json\/wp\/v2\/product_tag?post=7063"}],"curies":[{"name":"wp","href":"https:\/\/api.w.org\/{rel}","templated":true}]}}