{"id":7273,"date":"2025-09-18T00:09:21","date_gmt":"2025-09-17T22:09:21","guid":{"rendered":"https:\/\/gardenersfriend.eu\/product\/insetticida-karate-zeon-050-cs\/"},"modified":"2026-04-23T15:17:46","modified_gmt":"2026-04-23T13:17:46","slug":"insetticida-karate-zeon-050-cs","status":"publish","type":"product","link":"https:\/\/gardenersfriend.eu\/it\/prodotto\/insetticida-karate-zeon-050-cs\/","title":{"rendered":"Insetticida Karate Zeon 050 CS"},"content":{"rendered":"<h2>Karate Zeon 050 CS<\/h2>\n<p>Karate Zeon 050 CS \u00e8 un insetticida sotto forma di capsula in sospensione liquida (CS), utilizzato per proteggere le colture agricole, i frutteti e gli ortaggi da parassiti pungenti e succhiatori. L&#8217;agente ha un&#8217;azione di contatto e stomatica e controlla efficacemente parassiti come larve e coleotteri della patata del Colorado, afidi, tonchi, coleotteri del polline e altri. \u00c8 destinato all&#8217;uso su patate, colza invernale, grano invernale, orzo primaverile, mais, cipolle, cavoli, aronia, luppolo, lino e canapa. Il principio attivo \u00e8 la lambda-cialotrina (50 g\/l). Karate Zeon si applica con irroratori da campo, da frutteto o a mano. Il periodo di attesa varia da 7 a 28 giorni, a seconda della coltura.     <\/p>\n<h3><\/h3>\n<h3>Descrizione e specifiche del prodotto<\/h3>\n<p>&nbsp;<\/p>\n<h4>Karate Zeon 050 CS &#8211; Insetticida per piante agricole, da frutto e da orto<br \/>\nQuali sono i vantaggi dell&#8217;uso dell&#8217;insetticida Karate Zeon 050 CS?<\/h4>\n<p>&#x2714;&#xfe0f; Per il controllo di parassiti pungenti e succhiatori.<br \/>\n&#x2714;&#xfe0f; Ha un ampio spettro d&#8217;azione, sia sulle colture che sugli insetti bersaglio.<br \/>\n&#x2714;&#xfe0f; Ha un&#8217;azione di contatto e di stomaco.<br \/>\n&#x2714;&#xfe0f; Elimina efficacemente gli insetti indesiderati.<\/p>\n<p><strong>Karate Zeon CS<\/strong> \u00e8 un prodotto fitosanitario del gruppo degli insetticidi. Si presenta sotto forma di sospensione di capsule in un liquido solubile in acqua (CS). <\/p>\n<p>Karate Zeon \u00e8 stato progettato per controllare i parassiti pungenti e succhiatori di patate, colza invernale, grano invernale, orzo primaverile, mais, mais dolce, barbabietola da zucchero, cipolle, cavoli, aronia, luppolo, lino (una coltura destinata esclusivamente all&#8217;industria tessile) e canapa (una coltura destinata esclusivamente all&#8217;industria tessile).<\/p>\n<p>L&#8217;insetticida Karate Zeon \u00e8 destinato all&#8217;uso con irroratrici da campo semoventi o montate su trattore, irroratrici da frutteto semoventi o montate su trattore o irroratrici manuali.<\/p>\n<h4>Qual \u00e8 il contenuto di sostanze attive nell&#8217;insetticida Karate Zeon?<\/h4>\n<p>&#x2714;&#xfe0f; Lambda-cialotrina (un composto del gruppo dei piretroidi) &#8211; 50 g\/l (4,81%)<\/p>\n<h4>Come funziona il prodotto fitosanitario Karate Zeon 050 CS?<\/h4>\n<p>Ha un&#8217;azione di contatto e stomachevole. Agisce sulla superficie della pianta. <\/p>\n<h4>Su quali colture si pu\u00f2 usare l&#8217;insetticida Karate Zeon?<\/h4>\n<p>&#x2714;&#xfe0f;potatoes<\/p>\n<p>&#x2714;&#xfe0f;winter semi di colza<\/p>\n<p>&#x2714;&#xfe0f;winter semi di colza<\/p>\n<p>&#x2714;&#xfe0f;winter grano<\/p>\n<p>&#x2714;&#xfe0f;spring orzo<\/p>\n<p>&#x2714;&#xfe0f;corn<\/p>\n<p>&#x2714;&#xfe0f;sweet mais<\/p>\n<p>&#x2714;&#xfe0f;sugar barbabietola<\/p>\n<p>&#x2714;&#xfe0f;onions<\/p>\n<p>&#x2714;&#xfe0f;head cavolo<\/p>\n<p>&#x2714;&#xfe0f;chokeberry<\/p>\n<p>&#x2714;&#xfe0f;hops<\/p>\n<p>&#x2714;&#xfe0f;common lino (coltivato esclusivamente per l&#8217;industria tessile)<\/p>\n<p>&#x2714;&#xfe0f;hemp (coltivato esclusivamente per l&#8217;industria tessile)<\/p>\n<h4><\/h4>\n<h4>Quali insetti combatte Karate Zeon?<\/h4>\n<p>&#x2714;&#xfe0f;Colorado larve e coleotteri della patata<\/p>\n<p>&#x2714;&#xfe0f;Aphids<\/p>\n<p>&#x2714;&#xfe0f;Weevils &#8211; tonchio delle rape<\/p>\n<p>&#x2714;&#xfe0f;lily gramigna<\/p>\n<p>&#x2714;&#xfe0f;Rapeseed scarabeo del polline<\/p>\n<p>&#x2714;&#xfe0f;Cabbage moscerino<\/p>\n<p>&#x2714;&#xfe0f;Flea coleotteri: coleotteri di terra, coleottero delle pulci della colza, coleottero delle pulci del luppolo, coleottero delle pulci del lino<\/p>\n<p>&#x2714;&#xfe0f;flax scarabeo dalle zampe lunghe<\/p>\n<p>&#x2714;&#xfe0f;Rapeseed ticchiolatura<\/p>\n<p>&#x2714;&#xfe0f;Equestrian coleotteri<\/p>\n<p>&#x2714;&#xfe0f;European piralide del mais<\/p>\n<p>&#x2714;&#xfe0f;rowan borraggine<\/p>\n<p>&#x2714;&#xfe0f;Gray scarabeo<\/p>\n<p>&#x2714;&#xfe0f;Onion tarlo<\/p>\n<p>&#x2714;&#xfe0f;cabbage tarlo<\/p>\n<p>&#x2714;&#xfe0f;Cabbage bruchi di scarabeo bianco<\/p>\n<p>&#x2714;&#xfe0f; coleottero bianco della rapa<\/p>\n<p>&#x2714;&#xfe0f;diamondback falena<\/p>\n<p>&#x2714;&#xfe0f;Rose rullo fogliare<\/p>\n<p>&#x2714;&#xfe0f; rullo di foglie di giglio<\/p>\n<p>&#x2714;&#xfe0f;Thrips &#8211; tripidi del lino, tripidi del cavolo, tripidi del tabacco.<\/p>\n<h4>Come si usa l&#8217;insetticida Karate Zeon 050 CS?<\/h4>\n<p>Informazioni dettagliate sul dosaggio e sull&#8217;uso del prodotto fitosanitario Karate Zeon 050 CS sono disponibili nella sezione &#8220;Dosaggio&#8221; e nell&#8217;etichetta del prodotto fitosanitario allegata nei file scaricabili.<\/p>\n<h4>Qual \u00e8 il periodo di prevenzione e di attesa quando si utilizza il prodotto di protezione Karate Zeon 050 CS?<\/h4>\n<p>Durante il periodo di prevenzione, cio\u00e8 dall&#8217;applicazione dell&#8217;agente fino al giorno in cui persone e animali possono entrare nell&#8217;area in cui \u00e8 stato applicato l&#8217;agente, non entrare finch\u00e9 il liquido non si \u00e8 completamente asciugato sulla superficie della pianta.<\/p>\n<p>Il periodo di attesa, ovvero il periodo che va dall&#8217;ultima applicazione dell&#8217;agente al giorno del raccolto:<\/p>\n<p>&#8211; Colza invernale, frumento invernale, orzo primaverile &#8211; 28 giorni,<br \/>\n&#8211; Luppolo, barbabietola da zucchero &#8211; 14 giorni,<br \/>\n&#8211; Patate, mais, mais dolce, aronia, melo, cipolla, cavolo &#8211; 7 giorni,<br \/>\n&#8211; Lino e canapa &#8211; non applicabile (colture destinate esclusivamente all&#8217;industria tessile).<\/p>\n<p>Il periodo di ritiro del mangime non si applica a Karate Zeon 050 CS.<\/p>\n<h4>Qual \u00e8 l&#8217;effetto sulle piante quando si utilizza l&#8217;insetticida Karate Zeon?<\/h4>\n<p>In caso di liquidazione anticipata della piantagione, le colture successive possono essere seminate o piantate 30 giorni dopo l&#8217;ultimo trattamento con Karate Zeon 050 CS.<\/p>\n<h4>Quali sono le raccomandazioni per l&#8217;utilizzo del fluido di lavoro con Karate Zeon 050 CS?<\/h4>\n<p>&#x2714;&#xfe0f; Il prodotto \u00e8 pi\u00f9 efficace a temperature inferiori a 20\u00b0C. A temperature pi\u00f9 elevate, applica il prodotto alla fine della giornata. <\/p>\n<p>&#x2714;&#xfe0f; Quando irrori piante (ad esempio, cavoli, cipolle) o parassiti (ad esempio, afidi del cavolo) ricoperti da un rivestimento ceroso, aggiungi un agente umettante alla soluzione da spruzzare.<\/p>\n<p>&#x2714;&#xfe0f; Quando applichi il prodotto contro i parassiti (in particolare i parassiti succhiatori), applica la soluzione spray in modo accurato per assicurarti che tutte le parti della pianta siano coperte dalla soluzione spray.<\/p>\n<p>&#x2714;&#xfe0f; Quando applichi il prodotto, evita:<br \/>\n&#8211; la deriva della soluzione irrorante sulle colture adiacenti,<br \/>\n&#8211; la sovrapposizione della soluzione irrorante alle intersezioni delle strisce di trattamento e delle capezzagne.<\/p>\n<p><strong>Per maggiori informazioni, consulta l&#8217;etichetta allegata ai file di download: <a title=\"Etichetta Karate Zeon 050 CS\" href=\"https:\/\/gardenersfriend.eu\/wp-content\/uploads\/2026\/02\/label_karate_zeon_IT.pdf\">Label_Karate_Zeon_050_CS_IT<\/a><\/strong><\/p>\n<p><strong>Scopri i nostri prodotti: <a title=\"Amico dei giardinieri Tutti i prodotti\" href=\"https:\/\/gardenersfriend.eu\/it\/negozio\/\">Tutti i prodotti<\/a><\/strong><\/p>\n\n<h5>Informazioni legali<\/h5>\n<p>\nSuggerimenti! Usare i pesticidi con cautela.\nPrima dell'uso, leggere l'etichetta e le informazioni sul prodotto.\nL'uso da parte di utenti non professionisti \u00e8 consentito.\nEccezione: l'acquirente residente in Belgio dichiara che\nal momento dell'acquisto possiede la piena capacit\u00e0 giuridica\ne le qualifiche appropriate richieste a\nchi acquista prodotti fitosanitari.\n\nAi sensi dell'art. Ai sensi dell'articolo 28 della legge dell'8 marzo 2013 sui prodotti fitosanitari (Gazzetta Ufficiale 2020, n. 2097), a partire dal 26 novembre 2015, i prodotti fitosanitari destinati agli utilizzatori professionali possono essere venduti a persone che:\n\nPunto 1 - abbiano completato un corso di formazione sull'uso dei prodotti fitosanitari nella Repubblica di Polonia, attestato da un certificato di completamento del corso, oppure\n\nPunto 2 - abbiano completato un corso di formazione sulla consulenza in materia di prodotti fitosanitari nella Repubblica di Polonia, attestato da un certificato di completamento del corso, oppure\n\nPunto 3 - abbiano completato un corso di formazione sulla produzione agricola integrata, attestato da un certificato di completamento del corso, oppure\n\nPunto 4 - non pi\u00f9 di 5 anni prima dell'acquisto di tali prodotti, abbiano completato la formazione richiesta agli utilizzatori professionali in un altro Stato membro dell'Unione europea o in un Paese aderente all'Accordo sullo Spazio economico europeo, sulla base delle disposizioni vigenti in tale Paese, attestata da un documento di completamento del corso, oppure abbiano presentato un altro documento rilasciato ai sensi delle normative vigenti in tale Paese. confermano di aver ottenuto l'autorizzazione all'acquisto di prodotti fitosanitari destinati all'uso professionale.\n\nImportante!\nSolo le persone di et\u00e0 superiore ai 18 anni possono utilizzare i prodotti fitosanitari.\nI prodotti fitosanitari devono essere utilizzati in modo sicuro.\nPrima di ogni utilizzo, leggere le informazioni riportate sull'etichetta e sul foglietto illustrativo.\n<\/p>\n","protected":false},"excerpt":{"rendered":"<p>Karate Zeon \u00e8 un insetticida in forma di sospensione liquida, utilizzato per proteggere le piante agricole, frutticole e orticole da parassiti pungenti e succhiatori.<\/p>\n","protected":false},"featured_media":7221,"comment_status":"open","ping_status":"closed","template":"","meta":{"_uag_custom_page_level_css":"","site-sidebar-layout":"default","site-content-layout":"","ast-site-content-layout":"default","site-content-style":"default","site-sidebar-style":"default","ast-global-header-display":"","ast-banner-title-visibility":"","ast-main-header-display":"","ast-hfb-above-header-display":"","ast-hfb-below-header-display":"","ast-hfb-mobile-header-display":"","site-post-title":"","ast-breadcrumbs-content":"","ast-featured-img":"","footer-sml-layout":"","ast-disable-related-posts":"","theme-transparent-header-meta":"default","adv-header-id-meta":"","stick-header-meta":"","header-above-stick-meta":"","header-main-stick-meta":"","header-below-stick-meta":"","astra-migrate-meta-layouts":"default","ast-page-background-enabled":"default","ast-page-background-meta":{"desktop":{"background-color":"var(--ast-global-color-4)","background-image":"","background-repeat":"repeat","background-position":"center center","background-size":"auto","background-attachment":"scroll","background-type":"","background-media":"","overlay-type":"","overlay-color":"","overlay-opacity":"","overlay-gradient":""},"tablet":{"background-color":"","background-image":"","background-repeat":"repeat","background-position":"center center","background-size":"auto","background-attachment":"scroll","background-type":"","background-media":"","overlay-type":"","overlay-color":"","overlay-opacity":"","overlay-gradient":""},"mobile":{"background-color":"","background-image":"","background-repeat":"repeat","background-position":"center center","background-size":"auto","background-attachment":"scroll","background-type":"","background-media":"","overlay-type":"","overlay-color":"","overlay-opacity":"","overlay-gradient":""}},"ast-content-background-meta":{"desktop":{"background-color":"var(--ast-global-color-5)","background-image":"","background-repeat":"repeat","background-position":"center center","background-size":"auto","background-attachment":"scroll","background-type":"","background-media":"","overlay-type":"","overlay-color":"","overlay-opacity":"","overlay-gradient":""},"tablet":{"background-color":"var(--ast-global-color-5)","background-image":"","background-repeat":"repeat","background-position":"center center","background-size":"auto","background-attachment":"scroll","background-type":"","background-media":"","overlay-type":"","overlay-color":"","overlay-opacity":"","overlay-gradient":""},"mobile":{"background-color":"var(--ast-global-color-5)","background-image":"","background-repeat":"repeat","background-position":"center center","background-size":"auto","background-attachment":"scroll","background-type":"","background-media":"","overlay-type":"","overlay-color":"","overlay-opacity":"","overlay-gradient":""}}},"product_brand":[],"product_cat":[180],"product_tag":[],"class_list":{"0":"post-7273","1":"product","2":"type-product","3":"status-publish","4":"has-post-thumbnail","6":"product_cat-insecticide","7":"product_shipping_class-all","8":"desktop-align-left","9":"tablet-align-left","10":"mobile-align-left","12":"first","13":"instock","14":"taxable","15":"shipping-taxable","16":"purchasable","17":"product-type-variable","18":"has-default-attributes"},"yoast_head":"<!-- This site is optimized with the Yoast SEO plugin v27.4 - https:\/\/yoast.com\/product\/yoast-seo-wordpress\/ -->\n<title>Insetticida Karate Zeon 050 CS - Gardeners Friend<\/title>\n<meta name=\"description\" content=\"Karate Zeon \u00e8 un insetticida in forma di sospensione liquida, utilizzato per proteggere le piante agricole, frutticole e orticole da parassiti pungenti e succhiatori.\" \/>\n<meta name=\"robots\" content=\"index, follow, max-snippet:-1, max-image-preview:large, max-video-preview:-1\" \/>\n<link rel=\"canonical\" href=\"https:\/\/gardenersfriend.eu\/it\/prodotto\/insetticida-karate-zeon-050-cs\/\" \/>\n<meta property=\"og:locale\" content=\"it_IT\" \/>\n<meta property=\"og:type\" content=\"article\" \/>\n<meta property=\"og:title\" content=\"Insetticida Karate Zeon 050 CS - Gardeners Friend\" \/>\n<meta property=\"og:description\" content=\"Karate Zeon \u00e8 un insetticida in forma di sospensione liquida, utilizzato per proteggere le piante agricole, frutticole e orticole da parassiti pungenti e succhiatori.\" \/>\n<meta property=\"og:url\" content=\"https:\/\/gardenersfriend.eu\/it\/prodotto\/insetticida-karate-zeon-050-cs\/\" \/>\n<meta property=\"og:site_name\" content=\"Gardeners Friend\" \/>\n<meta property=\"article:publisher\" content=\"https:\/\/www.facebook.com\/people\/Gardeners-Friend-Store\/61566268054378\/\" \/>\n<meta property=\"article:modified_time\" content=\"2026-04-23T13:17:46+00:00\" \/>\n<meta property=\"og:image\" content=\"https:\/\/gardenersfriend.eu\/wp-content\/uploads\/2025\/09\/karate_zeon_05_cs_250ml.jpg\" \/>\n\t<meta property=\"og:image:width\" content=\"250\" \/>\n\t<meta property=\"og:image:height\" content=\"250\" \/>\n\t<meta property=\"og:image:type\" content=\"image\/jpeg\" \/>\n<meta name=\"twitter:card\" content=\"summary_large_image\" \/>\n<meta name=\"twitter:label1\" content=\"Tempo di lettura stimato\" \/>\n\t<meta name=\"twitter:data1\" content=\"5 minuti\" \/>\n<script type=\"application\/ld+json\" class=\"yoast-schema-graph\">{\"@context\":\"https:\\\/\\\/schema.org\",\"@graph\":[{\"@type\":\"WebPage\",\"@id\":\"https:\\\/\\\/gardenersfriend.eu\\\/it\\\/prodotto\\\/insetticida-karate-zeon-050-cs\\\/\",\"url\":\"https:\\\/\\\/gardenersfriend.eu\\\/it\\\/prodotto\\\/insetticida-karate-zeon-050-cs\\\/\",\"name\":\"Insetticida Karate Zeon 050 CS - Gardeners Friend\",\"isPartOf\":{\"@id\":\"https:\\\/\\\/gardenersfriend.eu\\\/it\\\/#website\"},\"primaryImageOfPage\":{\"@id\":\"https:\\\/\\\/gardenersfriend.eu\\\/it\\\/prodotto\\\/insetticida-karate-zeon-050-cs\\\/#primaryimage\"},\"image\":{\"@id\":\"https:\\\/\\\/gardenersfriend.eu\\\/it\\\/prodotto\\\/insetticida-karate-zeon-050-cs\\\/#primaryimage\"},\"thumbnailUrl\":\"https:\\\/\\\/gardenersfriend.eu\\\/wp-content\\\/uploads\\\/2025\\\/09\\\/karate_zeon_05_cs_250ml.jpg\",\"datePublished\":\"2025-09-17T22:09:21+00:00\",\"dateModified\":\"2026-04-23T13:17:46+00:00\",\"description\":\"Karate Zeon \u00e8 un insetticida in forma di sospensione liquida, utilizzato per proteggere le piante agricole, frutticole e orticole da parassiti pungenti e succhiatori.\",\"breadcrumb\":{\"@id\":\"https:\\\/\\\/gardenersfriend.eu\\\/it\\\/prodotto\\\/insetticida-karate-zeon-050-cs\\\/#breadcrumb\"},\"inLanguage\":\"it-IT\",\"potentialAction\":[{\"@type\":\"ReadAction\",\"target\":[\"https:\\\/\\\/gardenersfriend.eu\\\/it\\\/prodotto\\\/insetticida-karate-zeon-050-cs\\\/\"]}]},{\"@type\":\"ImageObject\",\"inLanguage\":\"it-IT\",\"@id\":\"https:\\\/\\\/gardenersfriend.eu\\\/it\\\/prodotto\\\/insetticida-karate-zeon-050-cs\\\/#primaryimage\",\"url\":\"https:\\\/\\\/gardenersfriend.eu\\\/wp-content\\\/uploads\\\/2025\\\/09\\\/karate_zeon_05_cs_250ml.jpg\",\"contentUrl\":\"https:\\\/\\\/gardenersfriend.eu\\\/wp-content\\\/uploads\\\/2025\\\/09\\\/karate_zeon_05_cs_250ml.jpg\",\"width\":250,\"height\":250,\"caption\":\"Karate Zeon 05 CS 250ML Gardeners Friend\"},{\"@type\":\"BreadcrumbList\",\"@id\":\"https:\\\/\\\/gardenersfriend.eu\\\/it\\\/prodotto\\\/insetticida-karate-zeon-050-cs\\\/#breadcrumb\",\"itemListElement\":[{\"@type\":\"ListItem\",\"position\":1,\"name\":\"Strona g\u0142\u00f3wna\",\"item\":\"https:\\\/\\\/gardenersfriend.eu\\\/it\\\/\"},{\"@type\":\"ListItem\",\"position\":2,\"name\":\"Negozio\",\"item\":\"https:\\\/\\\/gardenersfriend.eu\\\/it\\\/negozio\\\/\"},{\"@type\":\"ListItem\",\"position\":3,\"name\":\"Insetticida Karate Zeon 050 CS\"}]},{\"@type\":\"WebSite\",\"@id\":\"https:\\\/\\\/gardenersfriend.eu\\\/it\\\/#website\",\"url\":\"https:\\\/\\\/gardenersfriend.eu\\\/it\\\/\",\"name\":\"Gardeners Friend\",\"description\":\"herbicides, fertilisers, roundup\",\"publisher\":{\"@id\":\"https:\\\/\\\/gardenersfriend.eu\\\/it\\\/#organization\"},\"potentialAction\":[{\"@type\":\"SearchAction\",\"target\":{\"@type\":\"EntryPoint\",\"urlTemplate\":\"https:\\\/\\\/gardenersfriend.eu\\\/it\\\/?s={search_term_string}\"},\"query-input\":{\"@type\":\"PropertyValueSpecification\",\"valueRequired\":true,\"valueName\":\"search_term_string\"}}],\"inLanguage\":\"it-IT\"},{\"@type\":\"Organization\",\"@id\":\"https:\\\/\\\/gardenersfriend.eu\\\/it\\\/#organization\",\"name\":\"Gardeners Friend\",\"url\":\"https:\\\/\\\/gardenersfriend.eu\\\/it\\\/\",\"logo\":{\"@type\":\"ImageObject\",\"inLanguage\":\"it-IT\",\"@id\":\"https:\\\/\\\/gardenersfriend.eu\\\/it\\\/#\\\/schema\\\/logo\\\/image\\\/\",\"url\":\"https:\\\/\\\/gardenersfriend.eu\\\/wp-content\\\/uploads\\\/2025\\\/09\\\/gf_accepted_big_logo.png\",\"contentUrl\":\"https:\\\/\\\/gardenersfriend.eu\\\/wp-content\\\/uploads\\\/2025\\\/09\\\/gf_accepted_big_logo.png\",\"width\":2000,\"height\":1000,\"caption\":\"Gardeners Friend\"},\"image\":{\"@id\":\"https:\\\/\\\/gardenersfriend.eu\\\/it\\\/#\\\/schema\\\/logo\\\/image\\\/\"},\"sameAs\":[\"https:\\\/\\\/www.facebook.com\\\/people\\\/Gardeners-Friend-Store\\\/61566268054378\\\/\",\"https:\\\/\\\/www.instagram.com\\\/gardeners_friend_store\\\/\"]}]}<\/script>\n<!-- \/ Yoast SEO plugin. -->","yoast_head_json":{"title":"Insetticida Karate Zeon 050 CS - Gardeners Friend","description":"Karate Zeon \u00e8 un insetticida in forma di sospensione liquida, utilizzato per proteggere le piante agricole, frutticole e orticole da parassiti pungenti e succhiatori.","robots":{"index":"index","follow":"follow","max-snippet":"max-snippet:-1","max-image-preview":"max-image-preview:large","max-video-preview":"max-video-preview:-1"},"canonical":"https:\/\/gardenersfriend.eu\/it\/prodotto\/insetticida-karate-zeon-050-cs\/","og_locale":"it_IT","og_type":"article","og_title":"Insetticida Karate Zeon 050 CS - Gardeners Friend","og_description":"Karate Zeon \u00e8 un insetticida in forma di sospensione liquida, utilizzato per proteggere le piante agricole, frutticole e orticole da parassiti pungenti e succhiatori.","og_url":"https:\/\/gardenersfriend.eu\/it\/prodotto\/insetticida-karate-zeon-050-cs\/","og_site_name":"Gardeners Friend","article_publisher":"https:\/\/www.facebook.com\/people\/Gardeners-Friend-Store\/61566268054378\/","article_modified_time":"2026-04-23T13:17:46+00:00","og_image":[{"width":250,"height":250,"url":"https:\/\/gardenersfriend.eu\/wp-content\/uploads\/2025\/09\/karate_zeon_05_cs_250ml.jpg","type":"image\/jpeg"}],"twitter_card":"summary_large_image","twitter_misc":{"Tempo di lettura stimato":"5 minuti"},"schema":{"@context":"https:\/\/schema.org","@graph":[{"@type":"WebPage","@id":"https:\/\/gardenersfriend.eu\/it\/prodotto\/insetticida-karate-zeon-050-cs\/","url":"https:\/\/gardenersfriend.eu\/it\/prodotto\/insetticida-karate-zeon-050-cs\/","name":"Insetticida Karate Zeon 050 CS - Gardeners Friend","isPartOf":{"@id":"https:\/\/gardenersfriend.eu\/it\/#website"},"primaryImageOfPage":{"@id":"https:\/\/gardenersfriend.eu\/it\/prodotto\/insetticida-karate-zeon-050-cs\/#primaryimage"},"image":{"@id":"https:\/\/gardenersfriend.eu\/it\/prodotto\/insetticida-karate-zeon-050-cs\/#primaryimage"},"thumbnailUrl":"https:\/\/gardenersfriend.eu\/wp-content\/uploads\/2025\/09\/karate_zeon_05_cs_250ml.jpg","datePublished":"2025-09-17T22:09:21+00:00","dateModified":"2026-04-23T13:17:46+00:00","description":"Karate Zeon \u00e8 un insetticida in forma di sospensione liquida, utilizzato per proteggere le piante agricole, frutticole e orticole da parassiti pungenti e succhiatori.","breadcrumb":{"@id":"https:\/\/gardenersfriend.eu\/it\/prodotto\/insetticida-karate-zeon-050-cs\/#breadcrumb"},"inLanguage":"it-IT","potentialAction":[{"@type":"ReadAction","target":["https:\/\/gardenersfriend.eu\/it\/prodotto\/insetticida-karate-zeon-050-cs\/"]}]},{"@type":"ImageObject","inLanguage":"it-IT","@id":"https:\/\/gardenersfriend.eu\/it\/prodotto\/insetticida-karate-zeon-050-cs\/#primaryimage","url":"https:\/\/gardenersfriend.eu\/wp-content\/uploads\/2025\/09\/karate_zeon_05_cs_250ml.jpg","contentUrl":"https:\/\/gardenersfriend.eu\/wp-content\/uploads\/2025\/09\/karate_zeon_05_cs_250ml.jpg","width":250,"height":250,"caption":"Karate Zeon 05 CS 250ML Gardeners Friend"},{"@type":"BreadcrumbList","@id":"https:\/\/gardenersfriend.eu\/it\/prodotto\/insetticida-karate-zeon-050-cs\/#breadcrumb","itemListElement":[{"@type":"ListItem","position":1,"name":"Strona g\u0142\u00f3wna","item":"https:\/\/gardenersfriend.eu\/it\/"},{"@type":"ListItem","position":2,"name":"Negozio","item":"https:\/\/gardenersfriend.eu\/it\/negozio\/"},{"@type":"ListItem","position":3,"name":"Insetticida Karate Zeon 050 CS"}]},{"@type":"WebSite","@id":"https:\/\/gardenersfriend.eu\/it\/#website","url":"https:\/\/gardenersfriend.eu\/it\/","name":"Gardeners Friend","description":"herbicides, fertilisers, roundup","publisher":{"@id":"https:\/\/gardenersfriend.eu\/it\/#organization"},"potentialAction":[{"@type":"SearchAction","target":{"@type":"EntryPoint","urlTemplate":"https:\/\/gardenersfriend.eu\/it\/?s={search_term_string}"},"query-input":{"@type":"PropertyValueSpecification","valueRequired":true,"valueName":"search_term_string"}}],"inLanguage":"it-IT"},{"@type":"Organization","@id":"https:\/\/gardenersfriend.eu\/it\/#organization","name":"Gardeners Friend","url":"https:\/\/gardenersfriend.eu\/it\/","logo":{"@type":"ImageObject","inLanguage":"it-IT","@id":"https:\/\/gardenersfriend.eu\/it\/#\/schema\/logo\/image\/","url":"https:\/\/gardenersfriend.eu\/wp-content\/uploads\/2025\/09\/gf_accepted_big_logo.png","contentUrl":"https:\/\/gardenersfriend.eu\/wp-content\/uploads\/2025\/09\/gf_accepted_big_logo.png","width":2000,"height":1000,"caption":"Gardeners Friend"},"image":{"@id":"https:\/\/gardenersfriend.eu\/it\/#\/schema\/logo\/image\/"},"sameAs":["https:\/\/www.facebook.com\/people\/Gardeners-Friend-Store\/61566268054378\/","https:\/\/www.instagram.com\/gardeners_friend_store\/"]}]}},"uagb_featured_image_src":{"full":["https:\/\/gardenersfriend.eu\/wp-content\/uploads\/2025\/09\/karate_zeon_05_cs_250ml.jpg",250,250,false],"thumbnail":["https:\/\/gardenersfriend.eu\/wp-content\/uploads\/2025\/09\/karate_zeon_05_cs_250ml-150x150.jpg",150,150,true],"medium":["https:\/\/gardenersfriend.eu\/wp-content\/uploads\/2025\/09\/karate_zeon_05_cs_250ml.jpg",250,250,false],"medium_large":["https:\/\/gardenersfriend.eu\/wp-content\/uploads\/2025\/09\/karate_zeon_05_cs_250ml.jpg",250,250,false],"large":["https:\/\/gardenersfriend.eu\/wp-content\/uploads\/2025\/09\/karate_zeon_05_cs_250ml.jpg",250,250,false],"1536x1536":["https:\/\/gardenersfriend.eu\/wp-content\/uploads\/2025\/09\/karate_zeon_05_cs_250ml.jpg",250,250,false],"2048x2048":["https:\/\/gardenersfriend.eu\/wp-content\/uploads\/2025\/09\/karate_zeon_05_cs_250ml.jpg",250,250,false],"woocommerce_thumbnail":["https:\/\/gardenersfriend.eu\/wp-content\/uploads\/2025\/09\/karate_zeon_05_cs_250ml.jpg",250,250,false],"woocommerce_single":["https:\/\/gardenersfriend.eu\/wp-content\/uploads\/2025\/09\/karate_zeon_05_cs_250ml.jpg",250,250,false],"woocommerce_gallery_thumbnail":["https:\/\/gardenersfriend.eu\/wp-content\/uploads\/2025\/09\/karate_zeon_05_cs_250ml-100x100.jpg",100,100,true]},"uagb_author_info":{"display_name":"admin","author_link":"https:\/\/gardenersfriend.eu\/it\/author\/"},"uagb_comment_info":0,"uagb_excerpt":"Karate Zeon \u00e8 un insetticida in forma di sospensione liquida, utilizzato per proteggere le piante agricole, frutticole e orticole da parassiti pungenti e succhiatori.","jetpack_sharing_enabled":true,"_links":{"self":[{"href":"https:\/\/gardenersfriend.eu\/it\/wp-json\/wp\/v2\/product\/7273","targetHints":{"allow":["GET"]}}],"collection":[{"href":"https:\/\/gardenersfriend.eu\/it\/wp-json\/wp\/v2\/product"}],"about":[{"href":"https:\/\/gardenersfriend.eu\/it\/wp-json\/wp\/v2\/types\/product"}],"replies":[{"embeddable":true,"href":"https:\/\/gardenersfriend.eu\/it\/wp-json\/wp\/v2\/comments?post=7273"}],"wp:featuredmedia":[{"embeddable":true,"href":"https:\/\/gardenersfriend.eu\/it\/wp-json\/wp\/v2\/media\/7221"}],"wp:attachment":[{"href":"https:\/\/gardenersfriend.eu\/it\/wp-json\/wp\/v2\/media?parent=7273"}],"wp:term":[{"taxonomy":"product_brand","embeddable":true,"href":"https:\/\/gardenersfriend.eu\/it\/wp-json\/wp\/v2\/product_brand?post=7273"},{"taxonomy":"product_cat","embeddable":true,"href":"https:\/\/gardenersfriend.eu\/it\/wp-json\/wp\/v2\/product_cat?post=7273"},{"taxonomy":"product_tag","embeddable":true,"href":"https:\/\/gardenersfriend.eu\/it\/wp-json\/wp\/v2\/product_tag?post=7273"}],"curies":[{"name":"wp","href":"https:\/\/api.w.org\/{rel}","templated":true}]}}