{"id":7468,"date":"2025-09-26T22:29:07","date_gmt":"2025-09-26T20:29:07","guid":{"rendered":"https:\/\/gardenersfriend.eu\/product\/toxan-veleno-liquido-per-topi-e-ratti\/"},"modified":"2026-04-23T15:17:58","modified_gmt":"2026-04-23T13:17:58","slug":"toxan-veleno-liquido-per-topi-e-ratti","status":"publish","type":"product","link":"https:\/\/gardenersfriend.eu\/it\/prodotto\/toxan-veleno-liquido-per-topi-e-ratti\/","title":{"rendered":"Toxan &#8211; Veleno liquido per topi e ratti"},"content":{"rendered":"<h2>Toxan<\/h2>\n<p><strong>Toxan<\/strong> \u00e8 un veleno liquido per il controllo dei roditori che contiene lo 0,005% di bromadiolone, un anticoagulante di seconda generazione a dose singola, e una sostanza amara che riduce il rischio di ingestione da parte di organismi indesiderati. \u00c8 destinato all&#8217;uso nei casi in cui l&#8217;accesso all&#8217;acqua \u00e8 limitato e il cibo naturale dei roditori compete con le esche solide. Efficace contro topi e ratti, \u00e8 adatto all&#8217;uso in ambienti residenziali, aziende agricole, magazzini, allevamenti, produzione e panifici. Dosaggio: 100 ml in speciali abbeveratoi posizionati in stazioni esca ogni 3-4 metri per i topi e ogni 15 metri per i ratti. Il prodotto dovrebbe eliminare i roditori entro 35 giorni. Nota: si tratta di un prodotto biocida, da usare con estrema cautela.     <\/p>\n<h3>Descrizione e specifiche del prodotto &#8211; Toxan P\u0142yn Fregata &#8211; rodenticida per ratti e topi<\/h3>\n<h3>Toxan Liquido<\/h3>\n<p><strong>Principio attivo:<\/strong> 0,005% di bromadiolone (anticoagulante monodose di seconda generazione). Il prodotto contiene anche una sostanza fortemente amara che riduce il rischio di ingestione da parte di organismi non bersaglio. <\/p>\n<p><strong>Toxan liquido<\/strong> &#8211; Un agente liquido per il controllo dei roditori. Il Toxan liquido \u00e8 ideale nelle aree con una limitata disponibilit\u00e0 di acqua e dove il loro cibo naturale \u00e8 troppo competitivo con le esche solide sotto forma di granuli, fiocchi, paste o cubetti. <\/p>\n<h3>Il Toxan liquido colpisce i parassiti:<\/h3>\n<p>&#x2714;&#xfe0f; Topi<br \/>\n&#x2714;&#xfe0f; Ratti<\/p>\n<h3>Toxan liquido Applicazione:<\/h3>\n<p>&#x2714;&#xfe0f; in ambito residenziale,<br \/>\n&#x2714;&#xfe0f; agriturismo,<br \/>\n&#x2714;&#xfe0f; magazzino,<br \/>\n&#x2714;&#xfe0f; bestiame,<br \/>\n&#x2714;&#xfe0f; produzione,<br \/>\n&#x2714;&#xfe0f; panetterie<\/p>\n<h3>Dosaggio del Toxan liquido:<\/h3>\n<p>Il prodotto deve essere collocato esclusivamente in contenitori da 100 ml, inseriti in stazioni esca sigillate, sicure e a prova di manomissione, progettate per formulazioni liquide.<\/p>\n<p>Le mangiatoie devono essere posizionate ogni 3-4 metri per i topi e ogni 15 metri per i ratti. Quando si utilizza il prodotto all&#8217;interno e intorno agli edifici, le stazioni esca devono essere posizionate lungo le pareti dell&#8217;edificio e nelle aree di attivit\u00e0 dei roditori. <\/p>\n<h3>L&#8217;uso di questo prodotto dovrebbe eliminare i roditori entro 35 giorni.<\/h3>\n<p><strong>ATTENZIONE!!! <\/strong>Questo biocida deve essere utilizzato con estrema cautela. Leggi l&#8217;etichetta e il foglio informativo prima dell&#8217;uso. <\/p>\n<p><strong>Per maggiori informazioni, consulta l&#8217;etichetta allegata ai file di download: <a title=\"Toxan_EN\" href=\"https:\/\/gardenersfriend.eu\/wp-content\/uploads\/2026\/02\/TOXAN-IT.pdf\">Toxan_IT<\/a><\/strong><\/p>\n<p><strong>Scopri i nostri prodotti: <a title=\"Amico dei giardinieri Tutti i prodotti\" href=\"https:\/\/gardenersfriend.eu\/it\/negozio\/\">Tutti i prodotti<\/a><\/strong><\/p>\n\n<h5>Informazioni legali<\/h5>\n<p>\nSuggerimenti! Usare i pesticidi con cautela.\nPrima dell'uso, leggere l'etichetta e le informazioni sul prodotto.\nL'uso da parte di utenti non professionisti \u00e8 consentito.\nEccezione: l'acquirente residente in Belgio dichiara che\nal momento dell'acquisto possiede la piena capacit\u00e0 giuridica\ne le qualifiche appropriate richieste a\nchi acquista prodotti fitosanitari.\n\nAi sensi dell'art. Ai sensi dell'articolo 28 della legge dell'8 marzo 2013 sui prodotti fitosanitari (Gazzetta Ufficiale 2020, n. 2097), a partire dal 26 novembre 2015, i prodotti fitosanitari destinati agli utilizzatori professionali possono essere venduti a persone che:\n\nPunto 1 - abbiano completato un corso di formazione sull'uso dei prodotti fitosanitari nella Repubblica di Polonia, attestato da un certificato di completamento del corso, oppure\n\nPunto 2 - abbiano completato un corso di formazione sulla consulenza in materia di prodotti fitosanitari nella Repubblica di Polonia, attestato da un certificato di completamento del corso, oppure\n\nPunto 3 - abbiano completato un corso di formazione sulla produzione agricola integrata, attestato da un certificato di completamento del corso, oppure\n\nPunto 4 - non pi\u00f9 di 5 anni prima dell'acquisto di tali prodotti, abbiano completato la formazione richiesta agli utilizzatori professionali in un altro Stato membro dell'Unione europea o in un Paese aderente all'Accordo sullo Spazio economico europeo, sulla base delle disposizioni vigenti in tale Paese, attestata da un documento di completamento del corso, oppure abbiano presentato un altro documento rilasciato ai sensi delle normative vigenti in tale Paese. confermano di aver ottenuto l'autorizzazione all'acquisto di prodotti fitosanitari destinati all'uso professionale.\n\nImportante!\nSolo le persone di et\u00e0 superiore ai 18 anni possono utilizzare i prodotti fitosanitari.\nI prodotti fitosanitari devono essere utilizzati in modo sicuro.\nPrima di ogni utilizzo, leggere le informazioni riportate sull'etichetta e sul foglietto illustrativo.\n<\/p>\n","protected":false},"excerpt":{"rendered":"<p>Toxan \u00e8 un veleno liquido per roditori contenente lo 0,005% di bromadiolone, un anticoagulante di seconda generazione e una sostanza amara che riduce il rischio di ingestione da parte di organismi indesiderati.<\/p>\n","protected":false},"featured_media":7465,"comment_status":"open","ping_status":"closed","template":"","meta":{"_uag_custom_page_level_css":"","site-sidebar-layout":"default","site-content-layout":"","ast-site-content-layout":"default","site-content-style":"default","site-sidebar-style":"default","ast-global-header-display":"","ast-banner-title-visibility":"","ast-main-header-display":"","ast-hfb-above-header-display":"","ast-hfb-below-header-display":"","ast-hfb-mobile-header-display":"","site-post-title":"","ast-breadcrumbs-content":"","ast-featured-img":"","footer-sml-layout":"","ast-disable-related-posts":"","theme-transparent-header-meta":"default","adv-header-id-meta":"","stick-header-meta":"","header-above-stick-meta":"","header-main-stick-meta":"","header-below-stick-meta":"","astra-migrate-meta-layouts":"default","ast-page-background-enabled":"default","ast-page-background-meta":{"desktop":{"background-color":"var(--ast-global-color-4)","background-image":"","background-repeat":"repeat","background-position":"center center","background-size":"auto","background-attachment":"scroll","background-type":"","background-media":"","overlay-type":"","overlay-color":"","overlay-opacity":"","overlay-gradient":""},"tablet":{"background-color":"","background-image":"","background-repeat":"repeat","background-position":"center center","background-size":"auto","background-attachment":"scroll","background-type":"","background-media":"","overlay-type":"","overlay-color":"","overlay-opacity":"","overlay-gradient":""},"mobile":{"background-color":"","background-image":"","background-repeat":"repeat","background-position":"center center","background-size":"auto","background-attachment":"scroll","background-type":"","background-media":"","overlay-type":"","overlay-color":"","overlay-opacity":"","overlay-gradient":""}},"ast-content-background-meta":{"desktop":{"background-color":"var(--ast-global-color-5)","background-image":"","background-repeat":"repeat","background-position":"center center","background-size":"auto","background-attachment":"scroll","background-type":"","background-media":"","overlay-type":"","overlay-color":"","overlay-opacity":"","overlay-gradient":""},"tablet":{"background-color":"var(--ast-global-color-5)","background-image":"","background-repeat":"repeat","background-position":"center center","background-size":"auto","background-attachment":"scroll","background-type":"","background-media":"","overlay-type":"","overlay-color":"","overlay-opacity":"","overlay-gradient":""},"mobile":{"background-color":"var(--ast-global-color-5)","background-image":"","background-repeat":"repeat","background-position":"center center","background-size":"auto","background-attachment":"scroll","background-type":"","background-media":"","overlay-type":"","overlay-color":"","overlay-opacity":"","overlay-gradient":""}}},"product_brand":[],"product_cat":[201],"product_tag":[203],"class_list":{"0":"post-7468","1":"product","2":"type-product","3":"status-publish","4":"has-post-thumbnail","6":"product_cat-pesticides","7":"product_tag-pesticides","8":"desktop-align-left","9":"tablet-align-left","10":"mobile-align-left","12":"first","13":"instock","14":"taxable","15":"shipping-taxable","16":"purchasable","17":"product-type-variable","18":"has-default-attributes"},"yoast_head":"<!-- This site is optimized with the Yoast SEO plugin v27.4 - https:\/\/yoast.com\/product\/yoast-seo-wordpress\/ -->\n<title>Toxan - Veleno liquido per topi e ratti - Gardeners Friend<\/title>\n<meta name=\"description\" content=\"Toxan \u00e8 un veleno liquido per roditori contenente lo 0,005% di bromadiolone, un anticoagulante di seconda generazione e una sostanza amara che riduce il rischio di ingestione da parte di organismi indesiderati.\" \/>\n<meta name=\"robots\" content=\"index, follow, max-snippet:-1, max-image-preview:large, max-video-preview:-1\" \/>\n<link rel=\"canonical\" href=\"https:\/\/gardenersfriend.eu\/it\/prodotto\/toxan-veleno-liquido-per-topi-e-ratti\/\" \/>\n<meta property=\"og:locale\" content=\"it_IT\" \/>\n<meta property=\"og:type\" content=\"article\" \/>\n<meta property=\"og:title\" content=\"Toxan - Veleno liquido per topi e ratti - Gardeners Friend\" \/>\n<meta property=\"og:description\" content=\"Toxan \u00e8 un veleno liquido per roditori contenente lo 0,005% di bromadiolone, un anticoagulante di seconda generazione e una sostanza amara che riduce il rischio di ingestione da parte di organismi indesiderati.\" \/>\n<meta property=\"og:url\" content=\"https:\/\/gardenersfriend.eu\/it\/prodotto\/toxan-veleno-liquido-per-topi-e-ratti\/\" \/>\n<meta property=\"og:site_name\" content=\"Gardeners Friend\" \/>\n<meta property=\"article:publisher\" content=\"https:\/\/www.facebook.com\/people\/Gardeners-Friend-Store\/61566268054378\/\" \/>\n<meta property=\"article:modified_time\" content=\"2026-04-23T13:17:58+00:00\" \/>\n<meta property=\"og:image\" content=\"https:\/\/gardenersfriend.eu\/wp-content\/uploads\/2025\/09\/Toxan-1L.jpg\" \/>\n\t<meta property=\"og:image:width\" content=\"680\" \/>\n\t<meta property=\"og:image:height\" content=\"680\" \/>\n\t<meta property=\"og:image:type\" content=\"image\/jpeg\" \/>\n<meta name=\"twitter:card\" content=\"summary_large_image\" \/>\n<meta name=\"twitter:label1\" content=\"Tempo di lettura stimato\" \/>\n\t<meta name=\"twitter:data1\" content=\"2 minuti\" \/>\n<script type=\"application\/ld+json\" class=\"yoast-schema-graph\">{\"@context\":\"https:\\\/\\\/schema.org\",\"@graph\":[{\"@type\":\"WebPage\",\"@id\":\"https:\\\/\\\/gardenersfriend.eu\\\/it\\\/prodotto\\\/toxan-veleno-liquido-per-topi-e-ratti\\\/\",\"url\":\"https:\\\/\\\/gardenersfriend.eu\\\/it\\\/prodotto\\\/toxan-veleno-liquido-per-topi-e-ratti\\\/\",\"name\":\"Toxan - Veleno liquido per topi e ratti - Gardeners Friend\",\"isPartOf\":{\"@id\":\"https:\\\/\\\/gardenersfriend.eu\\\/it\\\/#website\"},\"primaryImageOfPage\":{\"@id\":\"https:\\\/\\\/gardenersfriend.eu\\\/it\\\/prodotto\\\/toxan-veleno-liquido-per-topi-e-ratti\\\/#primaryimage\"},\"image\":{\"@id\":\"https:\\\/\\\/gardenersfriend.eu\\\/it\\\/prodotto\\\/toxan-veleno-liquido-per-topi-e-ratti\\\/#primaryimage\"},\"thumbnailUrl\":\"https:\\\/\\\/gardenersfriend.eu\\\/wp-content\\\/uploads\\\/2025\\\/09\\\/Toxan-1L.jpg\",\"datePublished\":\"2025-09-26T20:29:07+00:00\",\"dateModified\":\"2026-04-23T13:17:58+00:00\",\"description\":\"Toxan \u00e8 un veleno liquido per roditori contenente lo 0,005% di bromadiolone, un anticoagulante di seconda generazione e una sostanza amara che riduce il rischio di ingestione da parte di organismi indesiderati.\",\"breadcrumb\":{\"@id\":\"https:\\\/\\\/gardenersfriend.eu\\\/it\\\/prodotto\\\/toxan-veleno-liquido-per-topi-e-ratti\\\/#breadcrumb\"},\"inLanguage\":\"it-IT\",\"potentialAction\":[{\"@type\":\"ReadAction\",\"target\":[\"https:\\\/\\\/gardenersfriend.eu\\\/it\\\/prodotto\\\/toxan-veleno-liquido-per-topi-e-ratti\\\/\"]}]},{\"@type\":\"ImageObject\",\"inLanguage\":\"it-IT\",\"@id\":\"https:\\\/\\\/gardenersfriend.eu\\\/it\\\/prodotto\\\/toxan-veleno-liquido-per-topi-e-ratti\\\/#primaryimage\",\"url\":\"https:\\\/\\\/gardenersfriend.eu\\\/wp-content\\\/uploads\\\/2025\\\/09\\\/Toxan-1L.jpg\",\"contentUrl\":\"https:\\\/\\\/gardenersfriend.eu\\\/wp-content\\\/uploads\\\/2025\\\/09\\\/Toxan-1L.jpg\",\"width\":680,\"height\":680,\"caption\":\"Toxan 1L\"},{\"@type\":\"BreadcrumbList\",\"@id\":\"https:\\\/\\\/gardenersfriend.eu\\\/it\\\/prodotto\\\/toxan-veleno-liquido-per-topi-e-ratti\\\/#breadcrumb\",\"itemListElement\":[{\"@type\":\"ListItem\",\"position\":1,\"name\":\"Strona g\u0142\u00f3wna\",\"item\":\"https:\\\/\\\/gardenersfriend.eu\\\/it\\\/\"},{\"@type\":\"ListItem\",\"position\":2,\"name\":\"Negozio\",\"item\":\"https:\\\/\\\/gardenersfriend.eu\\\/it\\\/negozio\\\/\"},{\"@type\":\"ListItem\",\"position\":3,\"name\":\"Toxan &#8211; Veleno liquido per topi e ratti\"}]},{\"@type\":\"WebSite\",\"@id\":\"https:\\\/\\\/gardenersfriend.eu\\\/it\\\/#website\",\"url\":\"https:\\\/\\\/gardenersfriend.eu\\\/it\\\/\",\"name\":\"Gardeners Friend\",\"description\":\"herbicides, fertilisers, roundup\",\"publisher\":{\"@id\":\"https:\\\/\\\/gardenersfriend.eu\\\/it\\\/#organization\"},\"potentialAction\":[{\"@type\":\"SearchAction\",\"target\":{\"@type\":\"EntryPoint\",\"urlTemplate\":\"https:\\\/\\\/gardenersfriend.eu\\\/it\\\/?s={search_term_string}\"},\"query-input\":{\"@type\":\"PropertyValueSpecification\",\"valueRequired\":true,\"valueName\":\"search_term_string\"}}],\"inLanguage\":\"it-IT\"},{\"@type\":\"Organization\",\"@id\":\"https:\\\/\\\/gardenersfriend.eu\\\/it\\\/#organization\",\"name\":\"Gardeners Friend\",\"url\":\"https:\\\/\\\/gardenersfriend.eu\\\/it\\\/\",\"logo\":{\"@type\":\"ImageObject\",\"inLanguage\":\"it-IT\",\"@id\":\"https:\\\/\\\/gardenersfriend.eu\\\/it\\\/#\\\/schema\\\/logo\\\/image\\\/\",\"url\":\"https:\\\/\\\/gardenersfriend.eu\\\/wp-content\\\/uploads\\\/2025\\\/09\\\/gf_accepted_big_logo.png\",\"contentUrl\":\"https:\\\/\\\/gardenersfriend.eu\\\/wp-content\\\/uploads\\\/2025\\\/09\\\/gf_accepted_big_logo.png\",\"width\":2000,\"height\":1000,\"caption\":\"Gardeners Friend\"},\"image\":{\"@id\":\"https:\\\/\\\/gardenersfriend.eu\\\/it\\\/#\\\/schema\\\/logo\\\/image\\\/\"},\"sameAs\":[\"https:\\\/\\\/www.facebook.com\\\/people\\\/Gardeners-Friend-Store\\\/61566268054378\\\/\",\"https:\\\/\\\/www.instagram.com\\\/gardeners_friend_store\\\/\"]}]}<\/script>\n<!-- \/ Yoast SEO plugin. -->","yoast_head_json":{"title":"Toxan - Veleno liquido per topi e ratti - Gardeners Friend","description":"Toxan \u00e8 un veleno liquido per roditori contenente lo 0,005% di bromadiolone, un anticoagulante di seconda generazione e una sostanza amara che riduce il rischio di ingestione da parte di organismi indesiderati.","robots":{"index":"index","follow":"follow","max-snippet":"max-snippet:-1","max-image-preview":"max-image-preview:large","max-video-preview":"max-video-preview:-1"},"canonical":"https:\/\/gardenersfriend.eu\/it\/prodotto\/toxan-veleno-liquido-per-topi-e-ratti\/","og_locale":"it_IT","og_type":"article","og_title":"Toxan - Veleno liquido per topi e ratti - Gardeners Friend","og_description":"Toxan \u00e8 un veleno liquido per roditori contenente lo 0,005% di bromadiolone, un anticoagulante di seconda generazione e una sostanza amara che riduce il rischio di ingestione da parte di organismi indesiderati.","og_url":"https:\/\/gardenersfriend.eu\/it\/prodotto\/toxan-veleno-liquido-per-topi-e-ratti\/","og_site_name":"Gardeners Friend","article_publisher":"https:\/\/www.facebook.com\/people\/Gardeners-Friend-Store\/61566268054378\/","article_modified_time":"2026-04-23T13:17:58+00:00","og_image":[{"width":680,"height":680,"url":"https:\/\/gardenersfriend.eu\/wp-content\/uploads\/2025\/09\/Toxan-1L.jpg","type":"image\/jpeg"}],"twitter_card":"summary_large_image","twitter_misc":{"Tempo di lettura stimato":"2 minuti"},"schema":{"@context":"https:\/\/schema.org","@graph":[{"@type":"WebPage","@id":"https:\/\/gardenersfriend.eu\/it\/prodotto\/toxan-veleno-liquido-per-topi-e-ratti\/","url":"https:\/\/gardenersfriend.eu\/it\/prodotto\/toxan-veleno-liquido-per-topi-e-ratti\/","name":"Toxan - Veleno liquido per topi e ratti - Gardeners Friend","isPartOf":{"@id":"https:\/\/gardenersfriend.eu\/it\/#website"},"primaryImageOfPage":{"@id":"https:\/\/gardenersfriend.eu\/it\/prodotto\/toxan-veleno-liquido-per-topi-e-ratti\/#primaryimage"},"image":{"@id":"https:\/\/gardenersfriend.eu\/it\/prodotto\/toxan-veleno-liquido-per-topi-e-ratti\/#primaryimage"},"thumbnailUrl":"https:\/\/gardenersfriend.eu\/wp-content\/uploads\/2025\/09\/Toxan-1L.jpg","datePublished":"2025-09-26T20:29:07+00:00","dateModified":"2026-04-23T13:17:58+00:00","description":"Toxan \u00e8 un veleno liquido per roditori contenente lo 0,005% di bromadiolone, un anticoagulante di seconda generazione e una sostanza amara che riduce il rischio di ingestione da parte di organismi indesiderati.","breadcrumb":{"@id":"https:\/\/gardenersfriend.eu\/it\/prodotto\/toxan-veleno-liquido-per-topi-e-ratti\/#breadcrumb"},"inLanguage":"it-IT","potentialAction":[{"@type":"ReadAction","target":["https:\/\/gardenersfriend.eu\/it\/prodotto\/toxan-veleno-liquido-per-topi-e-ratti\/"]}]},{"@type":"ImageObject","inLanguage":"it-IT","@id":"https:\/\/gardenersfriend.eu\/it\/prodotto\/toxan-veleno-liquido-per-topi-e-ratti\/#primaryimage","url":"https:\/\/gardenersfriend.eu\/wp-content\/uploads\/2025\/09\/Toxan-1L.jpg","contentUrl":"https:\/\/gardenersfriend.eu\/wp-content\/uploads\/2025\/09\/Toxan-1L.jpg","width":680,"height":680,"caption":"Toxan 1L"},{"@type":"BreadcrumbList","@id":"https:\/\/gardenersfriend.eu\/it\/prodotto\/toxan-veleno-liquido-per-topi-e-ratti\/#breadcrumb","itemListElement":[{"@type":"ListItem","position":1,"name":"Strona g\u0142\u00f3wna","item":"https:\/\/gardenersfriend.eu\/it\/"},{"@type":"ListItem","position":2,"name":"Negozio","item":"https:\/\/gardenersfriend.eu\/it\/negozio\/"},{"@type":"ListItem","position":3,"name":"Toxan &#8211; Veleno liquido per topi e ratti"}]},{"@type":"WebSite","@id":"https:\/\/gardenersfriend.eu\/it\/#website","url":"https:\/\/gardenersfriend.eu\/it\/","name":"Gardeners Friend","description":"herbicides, fertilisers, roundup","publisher":{"@id":"https:\/\/gardenersfriend.eu\/it\/#organization"},"potentialAction":[{"@type":"SearchAction","target":{"@type":"EntryPoint","urlTemplate":"https:\/\/gardenersfriend.eu\/it\/?s={search_term_string}"},"query-input":{"@type":"PropertyValueSpecification","valueRequired":true,"valueName":"search_term_string"}}],"inLanguage":"it-IT"},{"@type":"Organization","@id":"https:\/\/gardenersfriend.eu\/it\/#organization","name":"Gardeners Friend","url":"https:\/\/gardenersfriend.eu\/it\/","logo":{"@type":"ImageObject","inLanguage":"it-IT","@id":"https:\/\/gardenersfriend.eu\/it\/#\/schema\/logo\/image\/","url":"https:\/\/gardenersfriend.eu\/wp-content\/uploads\/2025\/09\/gf_accepted_big_logo.png","contentUrl":"https:\/\/gardenersfriend.eu\/wp-content\/uploads\/2025\/09\/gf_accepted_big_logo.png","width":2000,"height":1000,"caption":"Gardeners Friend"},"image":{"@id":"https:\/\/gardenersfriend.eu\/it\/#\/schema\/logo\/image\/"},"sameAs":["https:\/\/www.facebook.com\/people\/Gardeners-Friend-Store\/61566268054378\/","https:\/\/www.instagram.com\/gardeners_friend_store\/"]}]}},"uagb_featured_image_src":{"full":["https:\/\/gardenersfriend.eu\/wp-content\/uploads\/2025\/09\/Toxan-1L.jpg",680,680,false],"thumbnail":["https:\/\/gardenersfriend.eu\/wp-content\/uploads\/2025\/09\/Toxan-1L-150x150.jpg",150,150,true],"medium":["https:\/\/gardenersfriend.eu\/wp-content\/uploads\/2025\/09\/Toxan-1L-300x300.jpg",300,300,true],"medium_large":["https:\/\/gardenersfriend.eu\/wp-content\/uploads\/2025\/09\/Toxan-1L.jpg",680,680,false],"large":["https:\/\/gardenersfriend.eu\/wp-content\/uploads\/2025\/09\/Toxan-1L.jpg",680,680,false],"1536x1536":["https:\/\/gardenersfriend.eu\/wp-content\/uploads\/2025\/09\/Toxan-1L.jpg",680,680,false],"2048x2048":["https:\/\/gardenersfriend.eu\/wp-content\/uploads\/2025\/09\/Toxan-1L.jpg",680,680,false],"woocommerce_thumbnail":["https:\/\/gardenersfriend.eu\/wp-content\/uploads\/2025\/09\/Toxan-1L-300x300.jpg",300,300,true],"woocommerce_single":["https:\/\/gardenersfriend.eu\/wp-content\/uploads\/2025\/09\/Toxan-1L-600x600.jpg",600,600,true],"woocommerce_gallery_thumbnail":["https:\/\/gardenersfriend.eu\/wp-content\/uploads\/2025\/09\/Toxan-1L-100x100.jpg",100,100,true]},"uagb_author_info":{"display_name":"admin","author_link":"https:\/\/gardenersfriend.eu\/it\/author\/"},"uagb_comment_info":0,"uagb_excerpt":"Toxan \u00e8 un veleno liquido per roditori contenente lo 0,005% di bromadiolone, un anticoagulante di seconda generazione e una sostanza amara che riduce il rischio di ingestione da parte di organismi indesiderati.","jetpack_sharing_enabled":true,"_links":{"self":[{"href":"https:\/\/gardenersfriend.eu\/it\/wp-json\/wp\/v2\/product\/7468","targetHints":{"allow":["GET"]}}],"collection":[{"href":"https:\/\/gardenersfriend.eu\/it\/wp-json\/wp\/v2\/product"}],"about":[{"href":"https:\/\/gardenersfriend.eu\/it\/wp-json\/wp\/v2\/types\/product"}],"replies":[{"embeddable":true,"href":"https:\/\/gardenersfriend.eu\/it\/wp-json\/wp\/v2\/comments?post=7468"}],"wp:featuredmedia":[{"embeddable":true,"href":"https:\/\/gardenersfriend.eu\/it\/wp-json\/wp\/v2\/media\/7465"}],"wp:attachment":[{"href":"https:\/\/gardenersfriend.eu\/it\/wp-json\/wp\/v2\/media?parent=7468"}],"wp:term":[{"taxonomy":"product_brand","embeddable":true,"href":"https:\/\/gardenersfriend.eu\/it\/wp-json\/wp\/v2\/product_brand?post=7468"},{"taxonomy":"product_cat","embeddable":true,"href":"https:\/\/gardenersfriend.eu\/it\/wp-json\/wp\/v2\/product_cat?post=7468"},{"taxonomy":"product_tag","embeddable":true,"href":"https:\/\/gardenersfriend.eu\/it\/wp-json\/wp\/v2\/product_tag?post=7468"}],"curies":[{"name":"wp","href":"https:\/\/api.w.org\/{rel}","templated":true}]}}