{"id":8530,"date":"2026-01-30T00:35:45","date_gmt":"2026-01-29T23:35:45","guid":{"rendered":"https:\/\/gardenersfriend.eu\/product\/ratimor-brodifacoum-in-pasta\/"},"modified":"2026-04-23T15:18:16","modified_gmt":"2026-04-23T13:18:16","slug":"ratimor-brodifacoum-in-pasta","status":"publish","type":"product","link":"https:\/\/gardenersfriend.eu\/it\/prodotto\/ratimor-brodifacoum-in-pasta\/","title":{"rendered":"Ratimor Brodifacoum in pasta"},"content":{"rendered":"<h2>Ratimor Brodifacoum &#8211; un efficace preparato disinfestante in forma di pasta<\/h2>\n<p>Ratimor Brodifacoum in pasta \u00e8 un&#8217;esca eccezionalmente efficace per il controllo dei roditori, in particolare topi e ratti. La sua consistenza morbida e gli ingredienti appositamente selezionati rendono il prodotto fino al 50% pi\u00f9 attraente per i roditori rispetto agli alimenti standard. La pasta \u00e8 pronta all&#8217;uso ed \u00e8 altamente efficace sia per uso domestico che per uso professionale &#8211; nell&#8217;industria alimentare e delle bevande.  <\/p>\n<p>Questo prodotto \u00e8 stato progettato per controllare i ratti marroni e i topi d&#8217;appartamento all&#8217;interno e all&#8217;esterno degli edifici. \u00c8 ideale per magazzini, impianti industriali, aziende agricole, hotel, ristoranti e propriet\u00e0 residenziali. Il suo aroma intenso attira efficacemente i roditori anche nelle aree in cui hanno accesso ad altri alimenti. La formula unica con stabilizzatori aggiunti previene l&#8217;ossidazione, garantendo una freschezza duratura. I roditori ritornano prontamente all&#8217;esca, aumentandone significativamente l&#8217;efficacia. Ratimor Brodifacoum in pasta \u00e8 una soluzione economica e sicura che aiuta a ripristinare efficacemente la pulizia e l&#8217;igiene in qualsiasi struttura.     <\/p>\n<h3>Composizione del prodotto:<\/h3>\n<ul>\n<li>Brodifacoum 0,029 g\/kg (0,0029%)<\/li>\n<li>Bitrex (previene l&#8217;ingestione accidentale)<\/li>\n<\/ul>\n<h3>Come funziona il principio attivo Brodifacoum?<\/h3>\n<p>Il brodifacoum \u00e8 un potente inibitore della vitamina K che blocca la coagulazione del sangue nei roditori. Agisce in modo lento ed efficace, prevenendo i sospetti della popolazione di roditori. Dopo aver consumato l&#8217;esca, i roditori iniziano a sanguinare internamente e la morte avviene in genere entro 2-3 giorni. L&#8217;azione ritardata impedisce agli altri roditori di associare l&#8217;esca a una minaccia, garantendo la massima efficacia nel controllo dei roditori.   <\/p>\n<h3>Vantaggi del veleno per topi Ratimor<\/h3>\n<ul>\n<li>Altamente efficace &#8211; funziona dopo una sola dose<\/li>\n<li>Ad azione rapida &#8211; i primi risultati sono visibili entro 2 giorni dall&#8217;assunzione<\/li>\n<li>Pronto all&#8217;uso &#8211; non richiede alcuna preparazione, disponibile in comode bustine<\/li>\n<li>Altamente attrattivo &#8211; contiene aromi e grassi selezionati che attirano i roditori<\/li>\n<li>Resistente agli agenti atmosferici: la pasta morbida mantiene l&#8217;umidit\u00e0 e la freschezza per molto tempo.<\/li>\n<li>Sicuro da usare: contiene la sostanza amara Bitrex, che impedisce l&#8217;ingestione accidentale da parte di persone e animali domestici.<\/li>\n<li>Prodotto originale &#8211; confezionato in fabbrica dal produttore, non imballato, con una data di scadenza stampata<\/li>\n<li>Qualit\u00e0 professionale: la scelta di specialisti DDD, cooperative edilizie e aziende agricole.<\/li>\n<\/ul>\n<h3>Come utilizzare la pasta di Brodifacoum Ratimor<\/h3>\n<p>Prima di iniziare la disinfestazione, individua con attenzione le aree in cui i roditori sono attivi: tracce, tane, nidi, escrementi o rotte migratorie. Quindi, posiziona la pasta in apposite stazioni esca o in vassoi (di plastica o cartone) fuori dalla portata di bambini e animali domestici. <\/p>\n<p>Per i ratti, utilizza stazioni con esche da 10-60 g, distanziandole ogni 10 metri (bassa infestazione) o ogni 5 metri (alta infestazione). Per i topi, utilizza stazioni con esche da 10-20 g, distanziandole ogni 5 metri (bassa infestazione) o ogni 2 metri (alta infestazione). <\/p>\n<p>Controlla regolarmente i punti esca e riforniscili se necessario. Dopo l&#8217;operazione di controllo, smaltisci i residui di prodotto e i roditori morti in modo sicuro e secondo le norme vigenti. <\/p>\n<h3>Dosaggio consigliato:<\/h3>\n<ul>\n<li>Topi: fino a 20 g ogni 2-5 m<\/li>\n<li>Ratti: fino a 60 g ogni 5-10 m<\/li>\n<\/ul>\n<p>Ratimor Brodifacoum in pasta \u00e8 un prodotto di alta qualit\u00e0 che combina efficacia, sicurezza e facilit\u00e0 d&#8217;uso. Testato da professionisti, elimina efficacemente i roditori sia in casa che nelle grandi strutture industriali. \u00c8 una scelta affidabile ed economica per tutti coloro che tengono all&#8217;efficienza e alla sicurezza.  <\/p>\n<p>Attenzione!<br \/>\nProdotto biocida per uso professionale &#8211; con l&#8217;acquisto dichiari di essere un utente professionale. I biocidi devono essere utilizzati con estrema cautela. Prima dell&#8217;uso, leggi l&#8217;etichetta e il foglio informativo per ridurre al minimo i rischi per le persone e l&#8217;ambiente. I rifiuti dell&#8217;imballaggio devono essere smaltiti in conformit\u00e0 alle normative locali, regionali, nazionali e internazionali. Gli imballaggi vuoti non devono essere utilizzati per altri scopi (anche come materie prime secondarie).    <\/p>\n<p class=\"p1\"><strong>Etichetta: <\/strong><a title=\"Ratimor\" href=\"https:\/\/gardenersfriend.eu\/wp-content\/uploads\/2026\/02\/Ratimor_IT.pdf\" target=\"_blank\" rel=\"noopener\">Ratimor_Paste_IT<\/a><\/p>\n<p class=\"p1\"><strong>Sito produttore:<\/strong> <a title=\"Barclay Crop Protection\" href=\"https:\/\/pl.unichem.si\/\" target=\"_blank\" rel=\"noopener\">Unichem<\/a><\/p>\n\n<h5>Informazioni legali<\/h5>\n<p>\nSuggerimenti! Usare i pesticidi con cautela.\nPrima dell'uso, leggere l'etichetta e le informazioni sul prodotto.\nL'uso da parte di utenti non professionisti \u00e8 consentito.\nEccezione: l'acquirente residente in Belgio dichiara che\nal momento dell'acquisto possiede la piena capacit\u00e0 giuridica\ne le qualifiche appropriate richieste a\nchi acquista prodotti fitosanitari.\n\nAi sensi dell'art. Ai sensi dell'articolo 28 della legge dell'8 marzo 2013 sui prodotti fitosanitari (Gazzetta Ufficiale 2020, n. 2097), a partire dal 26 novembre 2015, i prodotti fitosanitari destinati agli utilizzatori professionali possono essere venduti a persone che:\n\nPunto 1 - abbiano completato un corso di formazione sull'uso dei prodotti fitosanitari nella Repubblica di Polonia, attestato da un certificato di completamento del corso, oppure\n\nPunto 2 - abbiano completato un corso di formazione sulla consulenza in materia di prodotti fitosanitari nella Repubblica di Polonia, attestato da un certificato di completamento del corso, oppure\n\nPunto 3 - abbiano completato un corso di formazione sulla produzione agricola integrata, attestato da un certificato di completamento del corso, oppure\n\nPunto 4 - non pi\u00f9 di 5 anni prima dell'acquisto di tali prodotti, abbiano completato la formazione richiesta agli utilizzatori professionali in un altro Stato membro dell'Unione europea o in un Paese aderente all'Accordo sullo Spazio economico europeo, sulla base delle disposizioni vigenti in tale Paese, attestata da un documento di completamento del corso, oppure abbiano presentato un altro documento rilasciato ai sensi delle normative vigenti in tale Paese. confermano di aver ottenuto l'autorizzazione all'acquisto di prodotti fitosanitari destinati all'uso professionale.\n\nImportante!\nSolo le persone di et\u00e0 superiore ai 18 anni possono utilizzare i prodotti fitosanitari.\nI prodotti fitosanitari devono essere utilizzati in modo sicuro.\nPrima di ogni utilizzo, leggere le informazioni riportate sull'etichetta e sul foglietto illustrativo.\n<\/p>\n","protected":false},"excerpt":{"rendered":"<p>Ratimor &#8211; un efficace preparato per la disinfestazione sotto forma di pasta \u00e8 un&#8217;esca eccezionalmente efficace per il controllo dei roditori, in particolare topi e ratti.<\/p>\n","protected":false},"featured_media":8484,"comment_status":"open","ping_status":"closed","template":"","meta":{"_uag_custom_page_level_css":"","site-sidebar-layout":"default","site-content-layout":"","ast-site-content-layout":"default","site-content-style":"default","site-sidebar-style":"default","ast-global-header-display":"","ast-banner-title-visibility":"","ast-main-header-display":"","ast-hfb-above-header-display":"","ast-hfb-below-header-display":"","ast-hfb-mobile-header-display":"","site-post-title":"","ast-breadcrumbs-content":"","ast-featured-img":"","footer-sml-layout":"","ast-disable-related-posts":"","theme-transparent-header-meta":"default","adv-header-id-meta":"","stick-header-meta":"","header-above-stick-meta":"","header-main-stick-meta":"","header-below-stick-meta":"","astra-migrate-meta-layouts":"default","ast-page-background-enabled":"default","ast-page-background-meta":{"desktop":{"background-color":"var(--ast-global-color-4)","background-image":"","background-repeat":"repeat","background-position":"center center","background-size":"auto","background-attachment":"scroll","background-type":"","background-media":"","overlay-type":"","overlay-color":"","overlay-opacity":"","overlay-gradient":""},"tablet":{"background-color":"","background-image":"","background-repeat":"repeat","background-position":"center center","background-size":"auto","background-attachment":"scroll","background-type":"","background-media":"","overlay-type":"","overlay-color":"","overlay-opacity":"","overlay-gradient":""},"mobile":{"background-color":"","background-image":"","background-repeat":"repeat","background-position":"center center","background-size":"auto","background-attachment":"scroll","background-type":"","background-media":"","overlay-type":"","overlay-color":"","overlay-opacity":"","overlay-gradient":""}},"ast-content-background-meta":{"desktop":{"background-color":"var(--ast-global-color-5)","background-image":"","background-repeat":"repeat","background-position":"center center","background-size":"auto","background-attachment":"scroll","background-type":"","background-media":"","overlay-type":"","overlay-color":"","overlay-opacity":"","overlay-gradient":""},"tablet":{"background-color":"var(--ast-global-color-5)","background-image":"","background-repeat":"repeat","background-position":"center center","background-size":"auto","background-attachment":"scroll","background-type":"","background-media":"","overlay-type":"","overlay-color":"","overlay-opacity":"","overlay-gradient":""},"mobile":{"background-color":"var(--ast-global-color-5)","background-image":"","background-repeat":"repeat","background-position":"center center","background-size":"auto","background-attachment":"scroll","background-type":"","background-media":"","overlay-type":"","overlay-color":"","overlay-opacity":"","overlay-gradient":""}}},"product_brand":[],"product_cat":[201,28],"product_tag":[],"class_list":{"0":"post-8530","1":"product","2":"type-product","3":"status-publish","4":"has-post-thumbnail","6":"product_cat-pesticides","7":"product_cat-all-products","8":"desktop-align-left","9":"tablet-align-left","10":"mobile-align-left","12":"first","13":"instock","14":"taxable","15":"shipping-taxable","16":"purchasable","17":"product-type-variable","18":"has-default-attributes"},"yoast_head":"<!-- This site is optimized with the Yoast SEO plugin v27.4 - https:\/\/yoast.com\/product\/yoast-seo-wordpress\/ -->\n<title>Ratimor Brodifacoum in pasta - Gardeners Friend<\/title>\n<meta name=\"description\" content=\"Ratimor - un efficace preparato per la disinfestazione sotto forma di pasta \u00e8 un&#039;esca eccezionalmente efficace per il controllo dei roditori, in particolare topi e ratti.\" \/>\n<meta name=\"robots\" content=\"index, follow, max-snippet:-1, max-image-preview:large, max-video-preview:-1\" \/>\n<link rel=\"canonical\" href=\"https:\/\/gardenersfriend.eu\/it\/prodotto\/ratimor-brodifacoum-in-pasta\/\" \/>\n<meta property=\"og:locale\" content=\"it_IT\" \/>\n<meta property=\"og:type\" content=\"article\" \/>\n<meta property=\"og:title\" content=\"Ratimor Brodifacoum in pasta - Gardeners Friend\" \/>\n<meta property=\"og:description\" content=\"Ratimor - un efficace preparato per la disinfestazione sotto forma di pasta \u00e8 un&#039;esca eccezionalmente efficace per il controllo dei roditori, in particolare topi e ratti.\" \/>\n<meta property=\"og:url\" content=\"https:\/\/gardenersfriend.eu\/it\/prodotto\/ratimor-brodifacoum-in-pasta\/\" \/>\n<meta property=\"og:site_name\" content=\"Gardeners Friend\" \/>\n<meta property=\"article:publisher\" content=\"https:\/\/www.facebook.com\/people\/Gardeners-Friend-Store\/61566268054378\/\" \/>\n<meta property=\"article:modified_time\" content=\"2026-04-23T13:18:16+00:00\" \/>\n<meta property=\"og:image\" content=\"https:\/\/gardenersfriend.eu\/wp-content\/uploads\/2026\/01\/Ratimor_Paste_1kg.jpg\" \/>\n\t<meta property=\"og:image:width\" content=\"403\" \/>\n\t<meta property=\"og:image:height\" content=\"700\" \/>\n\t<meta property=\"og:image:type\" content=\"image\/jpeg\" \/>\n<meta name=\"twitter:card\" content=\"summary_large_image\" \/>\n<meta name=\"twitter:label1\" content=\"Tempo di lettura stimato\" \/>\n\t<meta name=\"twitter:data1\" content=\"3 minuti\" \/>\n<script type=\"application\/ld+json\" class=\"yoast-schema-graph\">{\"@context\":\"https:\\\/\\\/schema.org\",\"@graph\":[{\"@type\":\"WebPage\",\"@id\":\"https:\\\/\\\/gardenersfriend.eu\\\/it\\\/prodotto\\\/ratimor-brodifacoum-in-pasta\\\/\",\"url\":\"https:\\\/\\\/gardenersfriend.eu\\\/it\\\/prodotto\\\/ratimor-brodifacoum-in-pasta\\\/\",\"name\":\"Ratimor Brodifacoum in pasta - Gardeners Friend\",\"isPartOf\":{\"@id\":\"https:\\\/\\\/gardenersfriend.eu\\\/it\\\/#website\"},\"primaryImageOfPage\":{\"@id\":\"https:\\\/\\\/gardenersfriend.eu\\\/it\\\/prodotto\\\/ratimor-brodifacoum-in-pasta\\\/#primaryimage\"},\"image\":{\"@id\":\"https:\\\/\\\/gardenersfriend.eu\\\/it\\\/prodotto\\\/ratimor-brodifacoum-in-pasta\\\/#primaryimage\"},\"thumbnailUrl\":\"https:\\\/\\\/gardenersfriend.eu\\\/wp-content\\\/uploads\\\/2026\\\/01\\\/Ratimor_Paste_1kg.jpg\",\"datePublished\":\"2026-01-29T23:35:45+00:00\",\"dateModified\":\"2026-04-23T13:18:16+00:00\",\"description\":\"Ratimor - un efficace preparato per la disinfestazione sotto forma di pasta \u00e8 un'esca eccezionalmente efficace per il controllo dei roditori, in particolare topi e ratti.\",\"breadcrumb\":{\"@id\":\"https:\\\/\\\/gardenersfriend.eu\\\/it\\\/prodotto\\\/ratimor-brodifacoum-in-pasta\\\/#breadcrumb\"},\"inLanguage\":\"it-IT\",\"potentialAction\":[{\"@type\":\"ReadAction\",\"target\":[\"https:\\\/\\\/gardenersfriend.eu\\\/it\\\/prodotto\\\/ratimor-brodifacoum-in-pasta\\\/\"]}]},{\"@type\":\"ImageObject\",\"inLanguage\":\"it-IT\",\"@id\":\"https:\\\/\\\/gardenersfriend.eu\\\/it\\\/prodotto\\\/ratimor-brodifacoum-in-pasta\\\/#primaryimage\",\"url\":\"https:\\\/\\\/gardenersfriend.eu\\\/wp-content\\\/uploads\\\/2026\\\/01\\\/Ratimor_Paste_1kg.jpg\",\"contentUrl\":\"https:\\\/\\\/gardenersfriend.eu\\\/wp-content\\\/uploads\\\/2026\\\/01\\\/Ratimor_Paste_1kg.jpg\",\"width\":403,\"height\":700,\"caption\":\"Pasta Ratimor\"},{\"@type\":\"BreadcrumbList\",\"@id\":\"https:\\\/\\\/gardenersfriend.eu\\\/it\\\/prodotto\\\/ratimor-brodifacoum-in-pasta\\\/#breadcrumb\",\"itemListElement\":[{\"@type\":\"ListItem\",\"position\":1,\"name\":\"Strona g\u0142\u00f3wna\",\"item\":\"https:\\\/\\\/gardenersfriend.eu\\\/it\\\/\"},{\"@type\":\"ListItem\",\"position\":2,\"name\":\"Negozio\",\"item\":\"https:\\\/\\\/gardenersfriend.eu\\\/it\\\/negozio\\\/\"},{\"@type\":\"ListItem\",\"position\":3,\"name\":\"Ratimor Brodifacoum in pasta\"}]},{\"@type\":\"WebSite\",\"@id\":\"https:\\\/\\\/gardenersfriend.eu\\\/it\\\/#website\",\"url\":\"https:\\\/\\\/gardenersfriend.eu\\\/it\\\/\",\"name\":\"Gardeners Friend\",\"description\":\"herbicides, fertilisers, roundup\",\"publisher\":{\"@id\":\"https:\\\/\\\/gardenersfriend.eu\\\/it\\\/#organization\"},\"potentialAction\":[{\"@type\":\"SearchAction\",\"target\":{\"@type\":\"EntryPoint\",\"urlTemplate\":\"https:\\\/\\\/gardenersfriend.eu\\\/it\\\/?s={search_term_string}\"},\"query-input\":{\"@type\":\"PropertyValueSpecification\",\"valueRequired\":true,\"valueName\":\"search_term_string\"}}],\"inLanguage\":\"it-IT\"},{\"@type\":\"Organization\",\"@id\":\"https:\\\/\\\/gardenersfriend.eu\\\/it\\\/#organization\",\"name\":\"Gardeners Friend\",\"url\":\"https:\\\/\\\/gardenersfriend.eu\\\/it\\\/\",\"logo\":{\"@type\":\"ImageObject\",\"inLanguage\":\"it-IT\",\"@id\":\"https:\\\/\\\/gardenersfriend.eu\\\/it\\\/#\\\/schema\\\/logo\\\/image\\\/\",\"url\":\"https:\\\/\\\/gardenersfriend.eu\\\/wp-content\\\/uploads\\\/2025\\\/09\\\/gf_accepted_big_logo.png\",\"contentUrl\":\"https:\\\/\\\/gardenersfriend.eu\\\/wp-content\\\/uploads\\\/2025\\\/09\\\/gf_accepted_big_logo.png\",\"width\":2000,\"height\":1000,\"caption\":\"Gardeners Friend\"},\"image\":{\"@id\":\"https:\\\/\\\/gardenersfriend.eu\\\/it\\\/#\\\/schema\\\/logo\\\/image\\\/\"},\"sameAs\":[\"https:\\\/\\\/www.facebook.com\\\/people\\\/Gardeners-Friend-Store\\\/61566268054378\\\/\",\"https:\\\/\\\/www.instagram.com\\\/gardeners_friend_store\\\/\"]}]}<\/script>\n<!-- \/ Yoast SEO plugin. -->","yoast_head_json":{"title":"Ratimor Brodifacoum in pasta - Gardeners Friend","description":"Ratimor - un efficace preparato per la disinfestazione sotto forma di pasta \u00e8 un'esca eccezionalmente efficace per il controllo dei roditori, in particolare topi e ratti.","robots":{"index":"index","follow":"follow","max-snippet":"max-snippet:-1","max-image-preview":"max-image-preview:large","max-video-preview":"max-video-preview:-1"},"canonical":"https:\/\/gardenersfriend.eu\/it\/prodotto\/ratimor-brodifacoum-in-pasta\/","og_locale":"it_IT","og_type":"article","og_title":"Ratimor Brodifacoum in pasta - Gardeners Friend","og_description":"Ratimor - un efficace preparato per la disinfestazione sotto forma di pasta \u00e8 un'esca eccezionalmente efficace per il controllo dei roditori, in particolare topi e ratti.","og_url":"https:\/\/gardenersfriend.eu\/it\/prodotto\/ratimor-brodifacoum-in-pasta\/","og_site_name":"Gardeners Friend","article_publisher":"https:\/\/www.facebook.com\/people\/Gardeners-Friend-Store\/61566268054378\/","article_modified_time":"2026-04-23T13:18:16+00:00","og_image":[{"width":403,"height":700,"url":"https:\/\/gardenersfriend.eu\/wp-content\/uploads\/2026\/01\/Ratimor_Paste_1kg.jpg","type":"image\/jpeg"}],"twitter_card":"summary_large_image","twitter_misc":{"Tempo di lettura stimato":"3 minuti"},"schema":{"@context":"https:\/\/schema.org","@graph":[{"@type":"WebPage","@id":"https:\/\/gardenersfriend.eu\/it\/prodotto\/ratimor-brodifacoum-in-pasta\/","url":"https:\/\/gardenersfriend.eu\/it\/prodotto\/ratimor-brodifacoum-in-pasta\/","name":"Ratimor Brodifacoum in pasta - Gardeners Friend","isPartOf":{"@id":"https:\/\/gardenersfriend.eu\/it\/#website"},"primaryImageOfPage":{"@id":"https:\/\/gardenersfriend.eu\/it\/prodotto\/ratimor-brodifacoum-in-pasta\/#primaryimage"},"image":{"@id":"https:\/\/gardenersfriend.eu\/it\/prodotto\/ratimor-brodifacoum-in-pasta\/#primaryimage"},"thumbnailUrl":"https:\/\/gardenersfriend.eu\/wp-content\/uploads\/2026\/01\/Ratimor_Paste_1kg.jpg","datePublished":"2026-01-29T23:35:45+00:00","dateModified":"2026-04-23T13:18:16+00:00","description":"Ratimor - un efficace preparato per la disinfestazione sotto forma di pasta \u00e8 un'esca eccezionalmente efficace per il controllo dei roditori, in particolare topi e ratti.","breadcrumb":{"@id":"https:\/\/gardenersfriend.eu\/it\/prodotto\/ratimor-brodifacoum-in-pasta\/#breadcrumb"},"inLanguage":"it-IT","potentialAction":[{"@type":"ReadAction","target":["https:\/\/gardenersfriend.eu\/it\/prodotto\/ratimor-brodifacoum-in-pasta\/"]}]},{"@type":"ImageObject","inLanguage":"it-IT","@id":"https:\/\/gardenersfriend.eu\/it\/prodotto\/ratimor-brodifacoum-in-pasta\/#primaryimage","url":"https:\/\/gardenersfriend.eu\/wp-content\/uploads\/2026\/01\/Ratimor_Paste_1kg.jpg","contentUrl":"https:\/\/gardenersfriend.eu\/wp-content\/uploads\/2026\/01\/Ratimor_Paste_1kg.jpg","width":403,"height":700,"caption":"Pasta Ratimor"},{"@type":"BreadcrumbList","@id":"https:\/\/gardenersfriend.eu\/it\/prodotto\/ratimor-brodifacoum-in-pasta\/#breadcrumb","itemListElement":[{"@type":"ListItem","position":1,"name":"Strona g\u0142\u00f3wna","item":"https:\/\/gardenersfriend.eu\/it\/"},{"@type":"ListItem","position":2,"name":"Negozio","item":"https:\/\/gardenersfriend.eu\/it\/negozio\/"},{"@type":"ListItem","position":3,"name":"Ratimor Brodifacoum in pasta"}]},{"@type":"WebSite","@id":"https:\/\/gardenersfriend.eu\/it\/#website","url":"https:\/\/gardenersfriend.eu\/it\/","name":"Gardeners Friend","description":"herbicides, fertilisers, roundup","publisher":{"@id":"https:\/\/gardenersfriend.eu\/it\/#organization"},"potentialAction":[{"@type":"SearchAction","target":{"@type":"EntryPoint","urlTemplate":"https:\/\/gardenersfriend.eu\/it\/?s={search_term_string}"},"query-input":{"@type":"PropertyValueSpecification","valueRequired":true,"valueName":"search_term_string"}}],"inLanguage":"it-IT"},{"@type":"Organization","@id":"https:\/\/gardenersfriend.eu\/it\/#organization","name":"Gardeners Friend","url":"https:\/\/gardenersfriend.eu\/it\/","logo":{"@type":"ImageObject","inLanguage":"it-IT","@id":"https:\/\/gardenersfriend.eu\/it\/#\/schema\/logo\/image\/","url":"https:\/\/gardenersfriend.eu\/wp-content\/uploads\/2025\/09\/gf_accepted_big_logo.png","contentUrl":"https:\/\/gardenersfriend.eu\/wp-content\/uploads\/2025\/09\/gf_accepted_big_logo.png","width":2000,"height":1000,"caption":"Gardeners Friend"},"image":{"@id":"https:\/\/gardenersfriend.eu\/it\/#\/schema\/logo\/image\/"},"sameAs":["https:\/\/www.facebook.com\/people\/Gardeners-Friend-Store\/61566268054378\/","https:\/\/www.instagram.com\/gardeners_friend_store\/"]}]}},"uagb_featured_image_src":{"full":["https:\/\/gardenersfriend.eu\/wp-content\/uploads\/2026\/01\/Ratimor_Paste_1kg.jpg",403,700,false],"thumbnail":["https:\/\/gardenersfriend.eu\/wp-content\/uploads\/2026\/01\/Ratimor_Paste_1kg-150x150.jpg",150,150,true],"medium":["https:\/\/gardenersfriend.eu\/wp-content\/uploads\/2026\/01\/Ratimor_Paste_1kg-173x300.jpg",173,300,true],"medium_large":["https:\/\/gardenersfriend.eu\/wp-content\/uploads\/2026\/01\/Ratimor_Paste_1kg.jpg",403,700,false],"large":["https:\/\/gardenersfriend.eu\/wp-content\/uploads\/2026\/01\/Ratimor_Paste_1kg.jpg",403,700,false],"1536x1536":["https:\/\/gardenersfriend.eu\/wp-content\/uploads\/2026\/01\/Ratimor_Paste_1kg.jpg",403,700,false],"2048x2048":["https:\/\/gardenersfriend.eu\/wp-content\/uploads\/2026\/01\/Ratimor_Paste_1kg.jpg",403,700,false],"woocommerce_thumbnail":["https:\/\/gardenersfriend.eu\/wp-content\/uploads\/2026\/01\/Ratimor_Paste_1kg-300x300.jpg",300,300,true],"woocommerce_single":["https:\/\/gardenersfriend.eu\/wp-content\/uploads\/2026\/01\/Ratimor_Paste_1kg.jpg",403,700,false],"woocommerce_gallery_thumbnail":["https:\/\/gardenersfriend.eu\/wp-content\/uploads\/2026\/01\/Ratimor_Paste_1kg-100x100.jpg",100,100,true]},"uagb_author_info":{"display_name":"admin","author_link":"https:\/\/gardenersfriend.eu\/it\/author\/"},"uagb_comment_info":0,"uagb_excerpt":"Ratimor - un efficace preparato per la disinfestazione sotto forma di pasta \u00e8 un'esca eccezionalmente efficace per il controllo dei roditori, in particolare topi e ratti.","jetpack_sharing_enabled":true,"_links":{"self":[{"href":"https:\/\/gardenersfriend.eu\/it\/wp-json\/wp\/v2\/product\/8530","targetHints":{"allow":["GET"]}}],"collection":[{"href":"https:\/\/gardenersfriend.eu\/it\/wp-json\/wp\/v2\/product"}],"about":[{"href":"https:\/\/gardenersfriend.eu\/it\/wp-json\/wp\/v2\/types\/product"}],"replies":[{"embeddable":true,"href":"https:\/\/gardenersfriend.eu\/it\/wp-json\/wp\/v2\/comments?post=8530"}],"wp:featuredmedia":[{"embeddable":true,"href":"https:\/\/gardenersfriend.eu\/it\/wp-json\/wp\/v2\/media\/8484"}],"wp:attachment":[{"href":"https:\/\/gardenersfriend.eu\/it\/wp-json\/wp\/v2\/media?parent=8530"}],"wp:term":[{"taxonomy":"product_brand","embeddable":true,"href":"https:\/\/gardenersfriend.eu\/it\/wp-json\/wp\/v2\/product_brand?post=8530"},{"taxonomy":"product_cat","embeddable":true,"href":"https:\/\/gardenersfriend.eu\/it\/wp-json\/wp\/v2\/product_cat?post=8530"},{"taxonomy":"product_tag","embeddable":true,"href":"https:\/\/gardenersfriend.eu\/it\/wp-json\/wp\/v2\/product_tag?post=8530"}],"curies":[{"name":"wp","href":"https:\/\/api.w.org\/{rel}","templated":true}]}}