{"id":8554,"date":"2026-01-30T01:39:33","date_gmt":"2026-01-30T00:39:33","guid":{"rendered":"https:\/\/gardenersfriend.eu\/product\/decis-mega-50-ew\/"},"modified":"2026-04-23T15:18:26","modified_gmt":"2026-04-23T13:18:26","slug":"decis-mega-50-ew","status":"publish","type":"product","link":"https:\/\/gardenersfriend.eu\/it\/prodotto\/decis-mega-50-ew\/","title":{"rendered":"Decis Mega 50 EW"},"content":{"rendered":"<h2>Insetticida Decis Mega 50 EW<\/h2>\n<h3>Applicazione:<\/h3>\n<p>Decis Mega 50 EW \u00e8 un insetticida stomatico e di contatto utilizzato per controllare i parassiti mordaci e perforanti. Ha un effetto neutro sulle piante coltivate, agendo solo sulla superficie. <\/p>\n<p>Secondo l&#8217;etichetta, puoi usare il prodotto per eliminare gli insetti nelle colture agricole, nei frutteti e nelle aiuole domestiche. \u00c8 efficace per proteggere specie vegetali come: <\/p>\n<ul>\n<li>Colza invernale<\/li>\n<li>ribes nero<\/li>\n<li>barbabietola da zucchero<\/li>\n<li>orzo primaverile<\/li>\n<li>cavolo a testa<\/li>\n<li>fragola<\/li>\n<\/ul>\n<h3>Azione Decis Mega 50 EW:<\/h3>\n<p>Il prodotto fitosanitario Decis Mega 50 EW \u00e8 dotato di un&#8217;etichetta che deve essere letta prima dell&#8217;uso. Puoi trovarla anche nella pagina del prodotto nel nostro negozio di giardinaggio. La deltametrina, una sostanza chimica organica del gruppo dei piretroidi sintetici, \u00e8 responsabile dell&#8217;azione insetticida del prodotto. L&#8217;ingrediente attivo \u00e8 progettato per controllare i parassiti che mordono. Penetra nella membrana cellulare dei neuroni dei parassiti e blocca i loro canali del sodio. La deltametrina blocca gli enzimi neurotrasmettitoriali, provocando la paralisi completa degli insetti bersaglio.     <\/p>\n<h3>Preparare Decis Mega 50 EW per l&#8217;uso:<\/h3>\n<p>Per garantire una protezione efficace alle tue piante, prepara l&#8217;insetticida in modo corretto prima dell&#8217;uso. Secondo l&#8217;etichetta, la dose di Decis Mega 50 EW per 100 litri d&#8217;acqua \u00e8 di 15-25 millilitri. Questa dose dovrebbe essere sufficiente per irrorare un campo di un ettaro. Dopo aver misurato il concentrato, versalo nel serbatoio dell&#8217;irroratrice con l&#8217;agitatore inserito, riempito per circa met\u00e0 di acqua. Puoi trovare l&#8217;attrezzatura necessaria presso Agro Garden Center.    <\/p>\n<p>Prima di gettare il contenitore dell&#8217;insetticida, sciacqualo con acqua (possibilmente tre volte) e versa la miscela risultante nella soluzione di applicazione precedentemente preparata. Durante l&#8217;irrorazione della coltura con Decis Mega 50 EW, l&#8217;agitatore dell&#8217;irroratrice deve essere sempre in funzione. Se l&#8217;irroratrice non dispone di un agitatore automatico, mescola la miscela meccanicamente. In caso contrario, la soluzione potrebbe risultare poco attiva. Se hai dei dubbi su come utilizzare il prodotto, controlla l&#8217;etichetta del produttore, disponibile anche sul sito del nostro negozio di giardinaggio.    <\/p>\n<h3>Decis Mega 50 EW nella protezione delle piante:<\/h3>\n<p>Con gli insetticidi specializzati puoi migliorare significativamente la qualit\u00e0 delle tue colture e aumentarne la resa! Decis Mega 50 EW \u00e8 efficace nel proteggere le specie elencate sull&#8217;etichetta dai parassiti comuni in Polonia. I pi\u00f9 comuni sono gli afidi, i coleotteri del Colorado e gli acari, con i quali sia i coltivatori professionisti che i dilettanti hanno regolarmente a che fare. Utilizzare un prodotto Bayer, che offriamo nel nostro garden center, \u00e8 il modo migliore per combatterli.   <\/p>\n<p>Decis Mega 50 EW \u00e8 destinato esclusivamente agli utenti professionali. Il mancato rispetto dell&#8217;etichetta del prodotto fitosanitario utilizzato pu\u00f2 causare danni alle piante. Conserva la confezione in un luogo ombreggiato a temperatura ambiente, fuori dalla portata dei bambini. Il concentrato \u00e8 irritante per la pelle, quindi fai molta attenzione quando prepari la soluzione. Il nostro garden center offre un&#8217;ampia gamma di prodotti insetticidi professionali, oltre a una serie di accessori per i coltivatori.    <\/p>\n<p><strong>Etichetta: <a title=\"Decis_Mega_50\" href=\"https:\/\/gardenersfriend.eu\/wp-content\/uploads\/2026\/02\/Decis_Mega_50_EW_IT.pdf\">Decis_Mega_50_IT<\/a><\/strong><\/p>\n<p><strong>Scopri i nostri prodotti: <a title=\"Amico dei giardinieri Tutti i prodotti\" href=\"https:\/\/gardenersfriend.eu\/it\/tutti-i-prodotti\/\">Tutti i prodotti<\/a><\/strong><\/p>\n\n<h5>Informazioni legali<\/h5>\n<p>\nSuggerimenti! Usare i pesticidi con cautela.\nPrima dell'uso, leggere l'etichetta e le informazioni sul prodotto.\nL'uso da parte di utenti non professionisti \u00e8 consentito.\nEccezione: l'acquirente residente in Belgio dichiara che\nal momento dell'acquisto possiede la piena capacit\u00e0 giuridica\ne le qualifiche appropriate richieste a\nchi acquista prodotti fitosanitari.\n\nAi sensi dell'art. Ai sensi dell'articolo 28 della legge dell'8 marzo 2013 sui prodotti fitosanitari (Gazzetta Ufficiale 2020, n. 2097), a partire dal 26 novembre 2015, i prodotti fitosanitari destinati agli utilizzatori professionali possono essere venduti a persone che:\n\nPunto 1 - abbiano completato un corso di formazione sull'uso dei prodotti fitosanitari nella Repubblica di Polonia, attestato da un certificato di completamento del corso, oppure\n\nPunto 2 - abbiano completato un corso di formazione sulla consulenza in materia di prodotti fitosanitari nella Repubblica di Polonia, attestato da un certificato di completamento del corso, oppure\n\nPunto 3 - abbiano completato un corso di formazione sulla produzione agricola integrata, attestato da un certificato di completamento del corso, oppure\n\nPunto 4 - non pi\u00f9 di 5 anni prima dell'acquisto di tali prodotti, abbiano completato la formazione richiesta agli utilizzatori professionali in un altro Stato membro dell'Unione europea o in un Paese aderente all'Accordo sullo Spazio economico europeo, sulla base delle disposizioni vigenti in tale Paese, attestata da un documento di completamento del corso, oppure abbiano presentato un altro documento rilasciato ai sensi delle normative vigenti in tale Paese. confermano di aver ottenuto l'autorizzazione all'acquisto di prodotti fitosanitari destinati all'uso professionale.\n\nImportante!\nSolo le persone di et\u00e0 superiore ai 18 anni possono utilizzare i prodotti fitosanitari.\nI prodotti fitosanitari devono essere utilizzati in modo sicuro.\nPrima di ogni utilizzo, leggere le informazioni riportate sull'etichetta e sul foglietto illustrativo.\n<\/p>\n","protected":false},"excerpt":{"rendered":"<p>Decis Mega 50 \u00e8 un insetticida stomatico e di contatto utilizzato per controllare i parassiti mordaci e perforanti. Ha un effetto neutro sulle piante coltivate, agendo solo sulla superficie. <\/p>\n","protected":false},"featured_media":8513,"comment_status":"open","ping_status":"closed","template":"","meta":{"_uag_custom_page_level_css":"","site-sidebar-layout":"default","site-content-layout":"","ast-site-content-layout":"default","site-content-style":"default","site-sidebar-style":"default","ast-global-header-display":"","ast-banner-title-visibility":"","ast-main-header-display":"","ast-hfb-above-header-display":"","ast-hfb-below-header-display":"","ast-hfb-mobile-header-display":"","site-post-title":"","ast-breadcrumbs-content":"","ast-featured-img":"","footer-sml-layout":"","ast-disable-related-posts":"","theme-transparent-header-meta":"default","adv-header-id-meta":"","stick-header-meta":"","header-above-stick-meta":"","header-main-stick-meta":"","header-below-stick-meta":"","astra-migrate-meta-layouts":"default","ast-page-background-enabled":"default","ast-page-background-meta":{"desktop":{"background-color":"var(--ast-global-color-4)","background-image":"","background-repeat":"repeat","background-position":"center center","background-size":"auto","background-attachment":"scroll","background-type":"","background-media":"","overlay-type":"","overlay-color":"","overlay-opacity":"","overlay-gradient":""},"tablet":{"background-color":"","background-image":"","background-repeat":"repeat","background-position":"center center","background-size":"auto","background-attachment":"scroll","background-type":"","background-media":"","overlay-type":"","overlay-color":"","overlay-opacity":"","overlay-gradient":""},"mobile":{"background-color":"","background-image":"","background-repeat":"repeat","background-position":"center center","background-size":"auto","background-attachment":"scroll","background-type":"","background-media":"","overlay-type":"","overlay-color":"","overlay-opacity":"","overlay-gradient":""}},"ast-content-background-meta":{"desktop":{"background-color":"var(--ast-global-color-5)","background-image":"","background-repeat":"repeat","background-position":"center center","background-size":"auto","background-attachment":"scroll","background-type":"","background-media":"","overlay-type":"","overlay-color":"","overlay-opacity":"","overlay-gradient":""},"tablet":{"background-color":"var(--ast-global-color-5)","background-image":"","background-repeat":"repeat","background-position":"center center","background-size":"auto","background-attachment":"scroll","background-type":"","background-media":"","overlay-type":"","overlay-color":"","overlay-opacity":"","overlay-gradient":""},"mobile":{"background-color":"var(--ast-global-color-5)","background-image":"","background-repeat":"repeat","background-position":"center center","background-size":"auto","background-attachment":"scroll","background-type":"","background-media":"","overlay-type":"","overlay-color":"","overlay-opacity":"","overlay-gradient":""}}},"product_brand":[],"product_cat":[180,28],"product_tag":[],"class_list":{"0":"post-8554","1":"product","2":"type-product","3":"status-publish","4":"has-post-thumbnail","6":"product_cat-insecticide","7":"product_cat-all-products","8":"desktop-align-left","9":"tablet-align-left","10":"mobile-align-left","12":"first","13":"instock","14":"taxable","15":"shipping-taxable","16":"purchasable","17":"product-type-variable","18":"has-default-attributes"},"yoast_head":"<!-- This site is optimized with the Yoast SEO plugin v27.4 - https:\/\/yoast.com\/product\/yoast-seo-wordpress\/ -->\n<title>Decis Mega 50 EW - Gardeners Friend<\/title>\n<meta name=\"description\" content=\"Decis Mega 50 \u00e8 un insetticida stomatico e di contatto utilizzato per controllare i parassiti mordaci e perforanti. Ha un effetto neutro sulle piante coltivate, agendo solo sulla superficie.\" \/>\n<meta name=\"robots\" content=\"index, follow, max-snippet:-1, max-image-preview:large, max-video-preview:-1\" \/>\n<link rel=\"canonical\" href=\"https:\/\/gardenersfriend.eu\/it\/prodotto\/decis-mega-50-ew\/\" \/>\n<meta property=\"og:locale\" content=\"it_IT\" \/>\n<meta property=\"og:type\" content=\"article\" \/>\n<meta property=\"og:title\" content=\"Decis Mega 50 EW - Gardeners Friend\" \/>\n<meta property=\"og:description\" content=\"Decis Mega 50 \u00e8 un insetticida stomatico e di contatto utilizzato per controllare i parassiti mordaci e perforanti. Ha un effetto neutro sulle piante coltivate, agendo solo sulla superficie.\" \/>\n<meta property=\"og:url\" content=\"https:\/\/gardenersfriend.eu\/it\/prodotto\/decis-mega-50-ew\/\" \/>\n<meta property=\"og:site_name\" content=\"Gardeners Friend\" \/>\n<meta property=\"article:publisher\" content=\"https:\/\/www.facebook.com\/people\/Gardeners-Friend-Store\/61566268054378\/\" \/>\n<meta property=\"article:modified_time\" content=\"2026-04-23T13:18:26+00:00\" \/>\n<meta property=\"og:image\" content=\"https:\/\/gardenersfriend.eu\/wp-content\/uploads\/2026\/01\/Decis-Mega-50-ew-1l.jpg\" \/>\n\t<meta property=\"og:image:width\" content=\"787\" \/>\n\t<meta property=\"og:image:height\" content=\"1181\" \/>\n\t<meta property=\"og:image:type\" content=\"image\/jpeg\" \/>\n<meta name=\"twitter:card\" content=\"summary_large_image\" \/>\n<meta name=\"twitter:label1\" content=\"Tempo di lettura stimato\" \/>\n\t<meta name=\"twitter:data1\" content=\"2 minuti\" \/>\n<script type=\"application\/ld+json\" class=\"yoast-schema-graph\">{\"@context\":\"https:\\\/\\\/schema.org\",\"@graph\":[{\"@type\":\"WebPage\",\"@id\":\"https:\\\/\\\/gardenersfriend.eu\\\/it\\\/prodotto\\\/decis-mega-50-ew\\\/\",\"url\":\"https:\\\/\\\/gardenersfriend.eu\\\/it\\\/prodotto\\\/decis-mega-50-ew\\\/\",\"name\":\"Decis Mega 50 EW - Gardeners Friend\",\"isPartOf\":{\"@id\":\"https:\\\/\\\/gardenersfriend.eu\\\/it\\\/#website\"},\"primaryImageOfPage\":{\"@id\":\"https:\\\/\\\/gardenersfriend.eu\\\/it\\\/prodotto\\\/decis-mega-50-ew\\\/#primaryimage\"},\"image\":{\"@id\":\"https:\\\/\\\/gardenersfriend.eu\\\/it\\\/prodotto\\\/decis-mega-50-ew\\\/#primaryimage\"},\"thumbnailUrl\":\"https:\\\/\\\/gardenersfriend.eu\\\/wp-content\\\/uploads\\\/2026\\\/01\\\/Decis-Mega-50-ew-1l.jpg\",\"datePublished\":\"2026-01-30T00:39:33+00:00\",\"dateModified\":\"2026-04-23T13:18:26+00:00\",\"description\":\"Decis Mega 50 \u00e8 un insetticida stomatico e di contatto utilizzato per controllare i parassiti mordaci e perforanti. Ha un effetto neutro sulle piante coltivate, agendo solo sulla superficie.\",\"breadcrumb\":{\"@id\":\"https:\\\/\\\/gardenersfriend.eu\\\/it\\\/prodotto\\\/decis-mega-50-ew\\\/#breadcrumb\"},\"inLanguage\":\"it-IT\",\"potentialAction\":[{\"@type\":\"ReadAction\",\"target\":[\"https:\\\/\\\/gardenersfriend.eu\\\/it\\\/prodotto\\\/decis-mega-50-ew\\\/\"]}]},{\"@type\":\"ImageObject\",\"inLanguage\":\"it-IT\",\"@id\":\"https:\\\/\\\/gardenersfriend.eu\\\/it\\\/prodotto\\\/decis-mega-50-ew\\\/#primaryimage\",\"url\":\"https:\\\/\\\/gardenersfriend.eu\\\/wp-content\\\/uploads\\\/2026\\\/01\\\/Decis-Mega-50-ew-1l.jpg\",\"contentUrl\":\"https:\\\/\\\/gardenersfriend.eu\\\/wp-content\\\/uploads\\\/2026\\\/01\\\/Decis-Mega-50-ew-1l.jpg\",\"width\":787,\"height\":1181,\"caption\":\"Decis Mega 50\"},{\"@type\":\"BreadcrumbList\",\"@id\":\"https:\\\/\\\/gardenersfriend.eu\\\/it\\\/prodotto\\\/decis-mega-50-ew\\\/#breadcrumb\",\"itemListElement\":[{\"@type\":\"ListItem\",\"position\":1,\"name\":\"Strona g\u0142\u00f3wna\",\"item\":\"https:\\\/\\\/gardenersfriend.eu\\\/it\\\/\"},{\"@type\":\"ListItem\",\"position\":2,\"name\":\"Negozio\",\"item\":\"https:\\\/\\\/gardenersfriend.eu\\\/it\\\/negozio\\\/\"},{\"@type\":\"ListItem\",\"position\":3,\"name\":\"Decis Mega 50 EW\"}]},{\"@type\":\"WebSite\",\"@id\":\"https:\\\/\\\/gardenersfriend.eu\\\/it\\\/#website\",\"url\":\"https:\\\/\\\/gardenersfriend.eu\\\/it\\\/\",\"name\":\"Gardeners Friend\",\"description\":\"herbicides, fertilisers, roundup\",\"publisher\":{\"@id\":\"https:\\\/\\\/gardenersfriend.eu\\\/it\\\/#organization\"},\"potentialAction\":[{\"@type\":\"SearchAction\",\"target\":{\"@type\":\"EntryPoint\",\"urlTemplate\":\"https:\\\/\\\/gardenersfriend.eu\\\/it\\\/?s={search_term_string}\"},\"query-input\":{\"@type\":\"PropertyValueSpecification\",\"valueRequired\":true,\"valueName\":\"search_term_string\"}}],\"inLanguage\":\"it-IT\"},{\"@type\":\"Organization\",\"@id\":\"https:\\\/\\\/gardenersfriend.eu\\\/it\\\/#organization\",\"name\":\"Gardeners Friend\",\"url\":\"https:\\\/\\\/gardenersfriend.eu\\\/it\\\/\",\"logo\":{\"@type\":\"ImageObject\",\"inLanguage\":\"it-IT\",\"@id\":\"https:\\\/\\\/gardenersfriend.eu\\\/it\\\/#\\\/schema\\\/logo\\\/image\\\/\",\"url\":\"https:\\\/\\\/gardenersfriend.eu\\\/wp-content\\\/uploads\\\/2025\\\/09\\\/gf_accepted_big_logo.png\",\"contentUrl\":\"https:\\\/\\\/gardenersfriend.eu\\\/wp-content\\\/uploads\\\/2025\\\/09\\\/gf_accepted_big_logo.png\",\"width\":2000,\"height\":1000,\"caption\":\"Gardeners Friend\"},\"image\":{\"@id\":\"https:\\\/\\\/gardenersfriend.eu\\\/it\\\/#\\\/schema\\\/logo\\\/image\\\/\"},\"sameAs\":[\"https:\\\/\\\/www.facebook.com\\\/people\\\/Gardeners-Friend-Store\\\/61566268054378\\\/\",\"https:\\\/\\\/www.instagram.com\\\/gardeners_friend_store\\\/\"]}]}<\/script>\n<!-- \/ Yoast SEO plugin. -->","yoast_head_json":{"title":"Decis Mega 50 EW - Gardeners Friend","description":"Decis Mega 50 \u00e8 un insetticida stomatico e di contatto utilizzato per controllare i parassiti mordaci e perforanti. Ha un effetto neutro sulle piante coltivate, agendo solo sulla superficie.","robots":{"index":"index","follow":"follow","max-snippet":"max-snippet:-1","max-image-preview":"max-image-preview:large","max-video-preview":"max-video-preview:-1"},"canonical":"https:\/\/gardenersfriend.eu\/it\/prodotto\/decis-mega-50-ew\/","og_locale":"it_IT","og_type":"article","og_title":"Decis Mega 50 EW - Gardeners Friend","og_description":"Decis Mega 50 \u00e8 un insetticida stomatico e di contatto utilizzato per controllare i parassiti mordaci e perforanti. Ha un effetto neutro sulle piante coltivate, agendo solo sulla superficie.","og_url":"https:\/\/gardenersfriend.eu\/it\/prodotto\/decis-mega-50-ew\/","og_site_name":"Gardeners Friend","article_publisher":"https:\/\/www.facebook.com\/people\/Gardeners-Friend-Store\/61566268054378\/","article_modified_time":"2026-04-23T13:18:26+00:00","og_image":[{"width":787,"height":1181,"url":"https:\/\/gardenersfriend.eu\/wp-content\/uploads\/2026\/01\/Decis-Mega-50-ew-1l.jpg","type":"image\/jpeg"}],"twitter_card":"summary_large_image","twitter_misc":{"Tempo di lettura stimato":"2 minuti"},"schema":{"@context":"https:\/\/schema.org","@graph":[{"@type":"WebPage","@id":"https:\/\/gardenersfriend.eu\/it\/prodotto\/decis-mega-50-ew\/","url":"https:\/\/gardenersfriend.eu\/it\/prodotto\/decis-mega-50-ew\/","name":"Decis Mega 50 EW - Gardeners Friend","isPartOf":{"@id":"https:\/\/gardenersfriend.eu\/it\/#website"},"primaryImageOfPage":{"@id":"https:\/\/gardenersfriend.eu\/it\/prodotto\/decis-mega-50-ew\/#primaryimage"},"image":{"@id":"https:\/\/gardenersfriend.eu\/it\/prodotto\/decis-mega-50-ew\/#primaryimage"},"thumbnailUrl":"https:\/\/gardenersfriend.eu\/wp-content\/uploads\/2026\/01\/Decis-Mega-50-ew-1l.jpg","datePublished":"2026-01-30T00:39:33+00:00","dateModified":"2026-04-23T13:18:26+00:00","description":"Decis Mega 50 \u00e8 un insetticida stomatico e di contatto utilizzato per controllare i parassiti mordaci e perforanti. Ha un effetto neutro sulle piante coltivate, agendo solo sulla superficie.","breadcrumb":{"@id":"https:\/\/gardenersfriend.eu\/it\/prodotto\/decis-mega-50-ew\/#breadcrumb"},"inLanguage":"it-IT","potentialAction":[{"@type":"ReadAction","target":["https:\/\/gardenersfriend.eu\/it\/prodotto\/decis-mega-50-ew\/"]}]},{"@type":"ImageObject","inLanguage":"it-IT","@id":"https:\/\/gardenersfriend.eu\/it\/prodotto\/decis-mega-50-ew\/#primaryimage","url":"https:\/\/gardenersfriend.eu\/wp-content\/uploads\/2026\/01\/Decis-Mega-50-ew-1l.jpg","contentUrl":"https:\/\/gardenersfriend.eu\/wp-content\/uploads\/2026\/01\/Decis-Mega-50-ew-1l.jpg","width":787,"height":1181,"caption":"Decis Mega 50"},{"@type":"BreadcrumbList","@id":"https:\/\/gardenersfriend.eu\/it\/prodotto\/decis-mega-50-ew\/#breadcrumb","itemListElement":[{"@type":"ListItem","position":1,"name":"Strona g\u0142\u00f3wna","item":"https:\/\/gardenersfriend.eu\/it\/"},{"@type":"ListItem","position":2,"name":"Negozio","item":"https:\/\/gardenersfriend.eu\/it\/negozio\/"},{"@type":"ListItem","position":3,"name":"Decis Mega 50 EW"}]},{"@type":"WebSite","@id":"https:\/\/gardenersfriend.eu\/it\/#website","url":"https:\/\/gardenersfriend.eu\/it\/","name":"Gardeners Friend","description":"herbicides, fertilisers, roundup","publisher":{"@id":"https:\/\/gardenersfriend.eu\/it\/#organization"},"potentialAction":[{"@type":"SearchAction","target":{"@type":"EntryPoint","urlTemplate":"https:\/\/gardenersfriend.eu\/it\/?s={search_term_string}"},"query-input":{"@type":"PropertyValueSpecification","valueRequired":true,"valueName":"search_term_string"}}],"inLanguage":"it-IT"},{"@type":"Organization","@id":"https:\/\/gardenersfriend.eu\/it\/#organization","name":"Gardeners Friend","url":"https:\/\/gardenersfriend.eu\/it\/","logo":{"@type":"ImageObject","inLanguage":"it-IT","@id":"https:\/\/gardenersfriend.eu\/it\/#\/schema\/logo\/image\/","url":"https:\/\/gardenersfriend.eu\/wp-content\/uploads\/2025\/09\/gf_accepted_big_logo.png","contentUrl":"https:\/\/gardenersfriend.eu\/wp-content\/uploads\/2025\/09\/gf_accepted_big_logo.png","width":2000,"height":1000,"caption":"Gardeners Friend"},"image":{"@id":"https:\/\/gardenersfriend.eu\/it\/#\/schema\/logo\/image\/"},"sameAs":["https:\/\/www.facebook.com\/people\/Gardeners-Friend-Store\/61566268054378\/","https:\/\/www.instagram.com\/gardeners_friend_store\/"]}]}},"uagb_featured_image_src":{"full":["https:\/\/gardenersfriend.eu\/wp-content\/uploads\/2026\/01\/Decis-Mega-50-ew-1l.jpg",787,1181,false],"thumbnail":["https:\/\/gardenersfriend.eu\/wp-content\/uploads\/2026\/01\/Decis-Mega-50-ew-1l-150x150.jpg",150,150,true],"medium":["https:\/\/gardenersfriend.eu\/wp-content\/uploads\/2026\/01\/Decis-Mega-50-ew-1l-200x300.jpg",200,300,true],"medium_large":["https:\/\/gardenersfriend.eu\/wp-content\/uploads\/2026\/01\/Decis-Mega-50-ew-1l-768x1152.jpg",768,1152,true],"large":["https:\/\/gardenersfriend.eu\/wp-content\/uploads\/2026\/01\/Decis-Mega-50-ew-1l-682x1024.jpg",682,1024,true],"1536x1536":["https:\/\/gardenersfriend.eu\/wp-content\/uploads\/2026\/01\/Decis-Mega-50-ew-1l.jpg",787,1181,false],"2048x2048":["https:\/\/gardenersfriend.eu\/wp-content\/uploads\/2026\/01\/Decis-Mega-50-ew-1l.jpg",787,1181,false],"woocommerce_thumbnail":["https:\/\/gardenersfriend.eu\/wp-content\/uploads\/2026\/01\/Decis-Mega-50-ew-1l-300x300.jpg",300,300,true],"woocommerce_single":["https:\/\/gardenersfriend.eu\/wp-content\/uploads\/2026\/01\/Decis-Mega-50-ew-1l-600x900.jpg",600,900,true],"woocommerce_gallery_thumbnail":["https:\/\/gardenersfriend.eu\/wp-content\/uploads\/2026\/01\/Decis-Mega-50-ew-1l-100x100.jpg",100,100,true]},"uagb_author_info":{"display_name":"admin","author_link":"https:\/\/gardenersfriend.eu\/it\/author\/"},"uagb_comment_info":0,"uagb_excerpt":"Decis Mega 50 \u00e8 un insetticida stomatico e di contatto utilizzato per controllare i parassiti mordaci e perforanti. Ha un effetto neutro sulle piante coltivate, agendo solo sulla superficie.","jetpack_sharing_enabled":true,"_links":{"self":[{"href":"https:\/\/gardenersfriend.eu\/it\/wp-json\/wp\/v2\/product\/8554","targetHints":{"allow":["GET"]}}],"collection":[{"href":"https:\/\/gardenersfriend.eu\/it\/wp-json\/wp\/v2\/product"}],"about":[{"href":"https:\/\/gardenersfriend.eu\/it\/wp-json\/wp\/v2\/types\/product"}],"replies":[{"embeddable":true,"href":"https:\/\/gardenersfriend.eu\/it\/wp-json\/wp\/v2\/comments?post=8554"}],"wp:featuredmedia":[{"embeddable":true,"href":"https:\/\/gardenersfriend.eu\/it\/wp-json\/wp\/v2\/media\/8513"}],"wp:attachment":[{"href":"https:\/\/gardenersfriend.eu\/it\/wp-json\/wp\/v2\/media?parent=8554"}],"wp:term":[{"taxonomy":"product_brand","embeddable":true,"href":"https:\/\/gardenersfriend.eu\/it\/wp-json\/wp\/v2\/product_brand?post=8554"},{"taxonomy":"product_cat","embeddable":true,"href":"https:\/\/gardenersfriend.eu\/it\/wp-json\/wp\/v2\/product_cat?post=8554"},{"taxonomy":"product_tag","embeddable":true,"href":"https:\/\/gardenersfriend.eu\/it\/wp-json\/wp\/v2\/product_tag?post=8554"}],"curies":[{"name":"wp","href":"https:\/\/api.w.org\/{rel}","templated":true}]}}