{"id":8832,"date":"2026-02-19T04:57:39","date_gmt":"2026-02-19T03:57:39","guid":{"rendered":"https:\/\/gardenersfriend.eu\/product\/trappola-per-topi-e-ratti-colla-forte-10-pezzi\/"},"modified":"2026-04-15T05:37:11","modified_gmt":"2026-04-15T03:37:11","slug":"trappola-per-topi-e-ratti-colla-forte-10-pezzi","status":"publish","type":"product","link":"https:\/\/gardenersfriend.eu\/it\/prodotto\/trappola-per-topi-e-ratti-colla-forte-10-pezzi\/","title":{"rendered":"Trappola per topi e ratti colla forte &#8211; 10 pezzi"},"content":{"rendered":"<h2>Trappola per topi e ratti<\/h2>\n<p>Il triplo della quantit\u00e0 di colla: 32 g! Le nostre trappole catturano i roditori, non le mosche. <\/p>\n<h3>Controllo efficace e sicuro dei piccoli roditori:<\/h3>\n<ul>\n<li>La trappola per topi \u00e8 una soluzione innovativa per catturare piccoli roditori come topi e ratti. L&#8217;esclusiva formula della colla garantisce un&#8217;elevata viscosit\u00e0, attirando e trattenendo efficacemente i roditori. <\/li>\n<li>La trappola \u00e8 atossica e non contiene sostanze letali, il che la rende sicura per le persone e gli animali domestici e pu\u00f2 essere utilizzata anche in luoghi dove l&#8217;uso di veleni \u00e8 sconsigliato.<\/li>\n<\/ul>\n<h3>Varie configurazioni di trappole:<\/h3>\n<p>La trappola per topi pu\u00f2 essere piegata in varie forme per adattarsi alle diverse esigenze. In questo modo pu\u00f2 essere utilizzata in una variet\u00e0 di luoghi e situazioni, aumentando la sua efficacia nella cattura dei roditori. <\/p>\n<h3>Come funziona?<\/h3>\n<ul>\n<li>La trappola per topi funziona applicando un adesivo con un profumo allettante che attira i roditori. Una volta atterrati sulla superficie adesiva, i roditori vengono immobilizzati, impedendo loro di muoversi ulteriormente. <\/li>\n<li>Questo metodo \u00e8 estremamente efficace perch\u00e9 non richiede l&#8217;uso di veleni o trappole meccaniche che potrebbero rappresentare un rischio per altri animali o per i bambini.<\/li>\n<\/ul>\n<h3>Resistenza alle condizioni atmosferiche:<\/h3>\n<p>Grazie alla speciale formula adesiva, la trappola \u00e8 resistente alle intemperie e pu\u00f2 quindi essere utilizzata sia in ambienti interni che esterni. L&#8217;adesivo non si asciuga rapidamente, assicurando un&#8217;efficacia duratura, anche in aree con elevata umidit\u00e0 o temperature variabili. <\/p>\n<h3>Dimensioni della trappola dispiegata:<\/h3>\n<ul>\n<li><strong>Lunghezza<\/strong>: 25 cm<\/li>\n<li><strong>Larghezza<\/strong>: 17 cm<\/li>\n<\/ul>\n<h3>Rilascio di roditori:<\/h3>\n<ul>\n<li>Per liberare il roditore, basta versare dell&#8217;olio vegetale sull&#8217;area di contatto con l&#8217;adesivo. L&#8217;olio scioglie l&#8217;adesivo e permette di liberare il roditore in tutta sicurezza. <\/li>\n<li>Si raccomanda di rilasciare il roditore lontano dal luogo di cattura per evitare che ritorni. \u00c8 necessario indossare guanti protettivi durante l&#8217;intero processo per garantire sicurezza e igiene. <\/li>\n<\/ul>\n<h3>Ampia gamma di applicazioni:<\/h3>\n<p>La trappola per topi \u00e8 versatile e pu\u00f2 essere utilizzata in diversi luoghi, come case, magazzini, uffici e ripostigli. \u00c8 una soluzione ideale per il controllo dei roditori nelle aree in cui le trappole chimiche o meccaniche non sono adatte. <\/p>\n<p><strong>I nostri altri pesticidi:<\/strong> <a title=\"Amico dei giardinieri - Collezione di pesticidi\" href=\"https:\/\/gardenersfriend.eu\/it\/product-category\/tutti-i-prodotti\/pesticidi\/\">I nostri pesticidi<\/a><\/p>\n","protected":false},"excerpt":{"rendered":"<p>Trappola per topi e ratti Tripla quantit\u00e0 di colla &#8211; 32 g. Le nostre trappole catturano i roditori, non le mosche. Controllo efficace e sicuro dei piccoli roditori  <\/p>\n","protected":false},"featured_media":8807,"comment_status":"open","ping_status":"closed","template":"","meta":{"_uag_custom_page_level_css":"","site-sidebar-layout":"default","site-content-layout":"","ast-site-content-layout":"default","site-content-style":"default","site-sidebar-style":"default","ast-global-header-display":"","ast-banner-title-visibility":"","ast-main-header-display":"","ast-hfb-above-header-display":"","ast-hfb-below-header-display":"","ast-hfb-mobile-header-display":"","site-post-title":"","ast-breadcrumbs-content":"","ast-featured-img":"","footer-sml-layout":"","ast-disable-related-posts":"","theme-transparent-header-meta":"default","adv-header-id-meta":"","stick-header-meta":"","header-above-stick-meta":"","header-main-stick-meta":"","header-below-stick-meta":"","astra-migrate-meta-layouts":"default","ast-page-background-enabled":"default","ast-page-background-meta":{"desktop":{"background-color":"var(--ast-global-color-4)","background-image":"","background-repeat":"repeat","background-position":"center center","background-size":"auto","background-attachment":"scroll","background-type":"","background-media":"","overlay-type":"","overlay-color":"","overlay-opacity":"","overlay-gradient":""},"tablet":{"background-color":"","background-image":"","background-repeat":"repeat","background-position":"center center","background-size":"auto","background-attachment":"scroll","background-type":"","background-media":"","overlay-type":"","overlay-color":"","overlay-opacity":"","overlay-gradient":""},"mobile":{"background-color":"","background-image":"","background-repeat":"repeat","background-position":"center center","background-size":"auto","background-attachment":"scroll","background-type":"","background-media":"","overlay-type":"","overlay-color":"","overlay-opacity":"","overlay-gradient":""}},"ast-content-background-meta":{"desktop":{"background-color":"var(--ast-global-color-5)","background-image":"","background-repeat":"repeat","background-position":"center center","background-size":"auto","background-attachment":"scroll","background-type":"","background-media":"","overlay-type":"","overlay-color":"","overlay-opacity":"","overlay-gradient":""},"tablet":{"background-color":"var(--ast-global-color-5)","background-image":"","background-repeat":"repeat","background-position":"center center","background-size":"auto","background-attachment":"scroll","background-type":"","background-media":"","overlay-type":"","overlay-color":"","overlay-opacity":"","overlay-gradient":""},"mobile":{"background-color":"var(--ast-global-color-5)","background-image":"","background-repeat":"repeat","background-position":"center center","background-size":"auto","background-attachment":"scroll","background-type":"","background-media":"","overlay-type":"","overlay-color":"","overlay-opacity":"","overlay-gradient":""}}},"product_brand":[],"product_cat":[206,97],"product_tag":[],"class_list":{"0":"post-8832","1":"product","2":"type-product","3":"status-publish","4":"has-post-thumbnail","6":"product_cat-pesticidi","7":"product_cat-tutti-i-prodotti","8":"product_shipping_class-tutti","9":"desktop-align-left","10":"tablet-align-left","11":"mobile-align-left","13":"first","14":"instock","15":"taxable","16":"shipping-taxable","17":"purchasable","18":"product-type-simple"},"yoast_head":"<!-- This site is optimized with the Yoast SEO plugin v27.4 - https:\/\/yoast.com\/product\/yoast-seo-wordpress\/ -->\n<title>Trappola per topi e ratti colla forte - 10 pezzi - Gardeners Friend<\/title>\n<meta name=\"description\" content=\"Trappola per topi e ratti Tripla quantit\u00e0 di colla - 32 g. Le nostre trappole catturano i roditori, non le mosche. Controllo efficace e sicuro dei piccoli roditori\" \/>\n<meta name=\"robots\" content=\"index, follow, max-snippet:-1, max-image-preview:large, max-video-preview:-1\" \/>\n<link rel=\"canonical\" href=\"https:\/\/gardenersfriend.eu\/it\/prodotto\/trappola-per-topi-e-ratti-colla-forte-10-pezzi\/\" \/>\n<meta property=\"og:locale\" content=\"it_IT\" \/>\n<meta property=\"og:type\" content=\"article\" \/>\n<meta property=\"og:title\" content=\"Trappola per topi e ratti colla forte - 10 pezzi - Gardeners Friend\" \/>\n<meta property=\"og:description\" content=\"Trappola per topi e ratti Tripla quantit\u00e0 di colla - 32 g. Le nostre trappole catturano i roditori, non le mosche. Controllo efficace e sicuro dei piccoli roditori\" \/>\n<meta property=\"og:url\" content=\"https:\/\/gardenersfriend.eu\/it\/prodotto\/trappola-per-topi-e-ratti-colla-forte-10-pezzi\/\" \/>\n<meta property=\"og:site_name\" content=\"Gardeners Friend\" \/>\n<meta property=\"article:publisher\" content=\"https:\/\/www.facebook.com\/people\/Gardeners-Friend-Store\/61566268054378\/\" \/>\n<meta property=\"article:modified_time\" content=\"2026-04-15T03:37:11+00:00\" \/>\n<meta property=\"og:image\" content=\"https:\/\/gardenersfriend.eu\/wp-content\/uploads\/2026\/02\/MouseAndRatTrapGlue1.jpg\" \/>\n\t<meta property=\"og:image:width\" content=\"993\" \/>\n\t<meta property=\"og:image:height\" content=\"997\" \/>\n\t<meta property=\"og:image:type\" content=\"image\/jpeg\" \/>\n<meta name=\"twitter:card\" content=\"summary_large_image\" \/>\n<meta name=\"twitter:label1\" content=\"Tempo di lettura stimato\" \/>\n\t<meta name=\"twitter:data1\" content=\"2 minuti\" \/>\n<script type=\"application\/ld+json\" class=\"yoast-schema-graph\">{\"@context\":\"https:\\\/\\\/schema.org\",\"@graph\":[{\"@type\":\"WebPage\",\"@id\":\"https:\\\/\\\/gardenersfriend.eu\\\/it\\\/prodotto\\\/trappola-per-topi-e-ratti-colla-forte-10-pezzi\\\/\",\"url\":\"https:\\\/\\\/gardenersfriend.eu\\\/it\\\/prodotto\\\/trappola-per-topi-e-ratti-colla-forte-10-pezzi\\\/\",\"name\":\"Trappola per topi e ratti colla forte - 10 pezzi - Gardeners Friend\",\"isPartOf\":{\"@id\":\"https:\\\/\\\/gardenersfriend.eu\\\/it\\\/#website\"},\"primaryImageOfPage\":{\"@id\":\"https:\\\/\\\/gardenersfriend.eu\\\/it\\\/prodotto\\\/trappola-per-topi-e-ratti-colla-forte-10-pezzi\\\/#primaryimage\"},\"image\":{\"@id\":\"https:\\\/\\\/gardenersfriend.eu\\\/it\\\/prodotto\\\/trappola-per-topi-e-ratti-colla-forte-10-pezzi\\\/#primaryimage\"},\"thumbnailUrl\":\"https:\\\/\\\/gardenersfriend.eu\\\/wp-content\\\/uploads\\\/2026\\\/02\\\/MouseAndRatTrapGlue1.jpg\",\"datePublished\":\"2026-02-19T03:57:39+00:00\",\"dateModified\":\"2026-04-15T03:37:11+00:00\",\"description\":\"Trappola per topi e ratti Tripla quantit\u00e0 di colla - 32 g. Le nostre trappole catturano i roditori, non le mosche. Controllo efficace e sicuro dei piccoli roditori\",\"breadcrumb\":{\"@id\":\"https:\\\/\\\/gardenersfriend.eu\\\/it\\\/prodotto\\\/trappola-per-topi-e-ratti-colla-forte-10-pezzi\\\/#breadcrumb\"},\"inLanguage\":\"it-IT\",\"potentialAction\":[{\"@type\":\"ReadAction\",\"target\":[\"https:\\\/\\\/gardenersfriend.eu\\\/it\\\/prodotto\\\/trappola-per-topi-e-ratti-colla-forte-10-pezzi\\\/\"]}]},{\"@type\":\"ImageObject\",\"inLanguage\":\"it-IT\",\"@id\":\"https:\\\/\\\/gardenersfriend.eu\\\/it\\\/prodotto\\\/trappola-per-topi-e-ratti-colla-forte-10-pezzi\\\/#primaryimage\",\"url\":\"https:\\\/\\\/gardenersfriend.eu\\\/wp-content\\\/uploads\\\/2026\\\/02\\\/MouseAndRatTrapGlue1.jpg\",\"contentUrl\":\"https:\\\/\\\/gardenersfriend.eu\\\/wp-content\\\/uploads\\\/2026\\\/02\\\/MouseAndRatTrapGlue1.jpg\",\"width\":993,\"height\":997,\"caption\":\"Colla per trappole per topi e ratti\"},{\"@type\":\"BreadcrumbList\",\"@id\":\"https:\\\/\\\/gardenersfriend.eu\\\/it\\\/prodotto\\\/trappola-per-topi-e-ratti-colla-forte-10-pezzi\\\/#breadcrumb\",\"itemListElement\":[{\"@type\":\"ListItem\",\"position\":1,\"name\":\"Strona g\u0142\u00f3wna\",\"item\":\"https:\\\/\\\/gardenersfriend.eu\\\/it\\\/\"},{\"@type\":\"ListItem\",\"position\":2,\"name\":\"Negozio\",\"item\":\"https:\\\/\\\/gardenersfriend.eu\\\/it\\\/negozio\\\/\"},{\"@type\":\"ListItem\",\"position\":3,\"name\":\"Trappola per topi e ratti colla forte &#8211; 10 pezzi\"}]},{\"@type\":\"WebSite\",\"@id\":\"https:\\\/\\\/gardenersfriend.eu\\\/it\\\/#website\",\"url\":\"https:\\\/\\\/gardenersfriend.eu\\\/it\\\/\",\"name\":\"Gardeners Friend\",\"description\":\"herbicides, fertilisers, roundup\",\"publisher\":{\"@id\":\"https:\\\/\\\/gardenersfriend.eu\\\/it\\\/#organization\"},\"potentialAction\":[{\"@type\":\"SearchAction\",\"target\":{\"@type\":\"EntryPoint\",\"urlTemplate\":\"https:\\\/\\\/gardenersfriend.eu\\\/it\\\/?s={search_term_string}\"},\"query-input\":{\"@type\":\"PropertyValueSpecification\",\"valueRequired\":true,\"valueName\":\"search_term_string\"}}],\"inLanguage\":\"it-IT\"},{\"@type\":\"Organization\",\"@id\":\"https:\\\/\\\/gardenersfriend.eu\\\/it\\\/#organization\",\"name\":\"Gardeners Friend\",\"url\":\"https:\\\/\\\/gardenersfriend.eu\\\/it\\\/\",\"logo\":{\"@type\":\"ImageObject\",\"inLanguage\":\"it-IT\",\"@id\":\"https:\\\/\\\/gardenersfriend.eu\\\/it\\\/#\\\/schema\\\/logo\\\/image\\\/\",\"url\":\"https:\\\/\\\/gardenersfriend.eu\\\/wp-content\\\/uploads\\\/2025\\\/09\\\/gf_accepted_big_logo.png\",\"contentUrl\":\"https:\\\/\\\/gardenersfriend.eu\\\/wp-content\\\/uploads\\\/2025\\\/09\\\/gf_accepted_big_logo.png\",\"width\":2000,\"height\":1000,\"caption\":\"Gardeners Friend\"},\"image\":{\"@id\":\"https:\\\/\\\/gardenersfriend.eu\\\/it\\\/#\\\/schema\\\/logo\\\/image\\\/\"},\"sameAs\":[\"https:\\\/\\\/www.facebook.com\\\/people\\\/Gardeners-Friend-Store\\\/61566268054378\\\/\",\"https:\\\/\\\/www.instagram.com\\\/gardeners_friend_store\\\/\"]}]}<\/script>\n<!-- \/ Yoast SEO plugin. -->","yoast_head_json":{"title":"Trappola per topi e ratti colla forte - 10 pezzi - Gardeners Friend","description":"Trappola per topi e ratti Tripla quantit\u00e0 di colla - 32 g. Le nostre trappole catturano i roditori, non le mosche. Controllo efficace e sicuro dei piccoli roditori","robots":{"index":"index","follow":"follow","max-snippet":"max-snippet:-1","max-image-preview":"max-image-preview:large","max-video-preview":"max-video-preview:-1"},"canonical":"https:\/\/gardenersfriend.eu\/it\/prodotto\/trappola-per-topi-e-ratti-colla-forte-10-pezzi\/","og_locale":"it_IT","og_type":"article","og_title":"Trappola per topi e ratti colla forte - 10 pezzi - Gardeners Friend","og_description":"Trappola per topi e ratti Tripla quantit\u00e0 di colla - 32 g. Le nostre trappole catturano i roditori, non le mosche. Controllo efficace e sicuro dei piccoli roditori","og_url":"https:\/\/gardenersfriend.eu\/it\/prodotto\/trappola-per-topi-e-ratti-colla-forte-10-pezzi\/","og_site_name":"Gardeners Friend","article_publisher":"https:\/\/www.facebook.com\/people\/Gardeners-Friend-Store\/61566268054378\/","article_modified_time":"2026-04-15T03:37:11+00:00","og_image":[{"width":993,"height":997,"url":"https:\/\/gardenersfriend.eu\/wp-content\/uploads\/2026\/02\/MouseAndRatTrapGlue1.jpg","type":"image\/jpeg"}],"twitter_card":"summary_large_image","twitter_misc":{"Tempo di lettura stimato":"2 minuti"},"schema":{"@context":"https:\/\/schema.org","@graph":[{"@type":"WebPage","@id":"https:\/\/gardenersfriend.eu\/it\/prodotto\/trappola-per-topi-e-ratti-colla-forte-10-pezzi\/","url":"https:\/\/gardenersfriend.eu\/it\/prodotto\/trappola-per-topi-e-ratti-colla-forte-10-pezzi\/","name":"Trappola per topi e ratti colla forte - 10 pezzi - Gardeners Friend","isPartOf":{"@id":"https:\/\/gardenersfriend.eu\/it\/#website"},"primaryImageOfPage":{"@id":"https:\/\/gardenersfriend.eu\/it\/prodotto\/trappola-per-topi-e-ratti-colla-forte-10-pezzi\/#primaryimage"},"image":{"@id":"https:\/\/gardenersfriend.eu\/it\/prodotto\/trappola-per-topi-e-ratti-colla-forte-10-pezzi\/#primaryimage"},"thumbnailUrl":"https:\/\/gardenersfriend.eu\/wp-content\/uploads\/2026\/02\/MouseAndRatTrapGlue1.jpg","datePublished":"2026-02-19T03:57:39+00:00","dateModified":"2026-04-15T03:37:11+00:00","description":"Trappola per topi e ratti Tripla quantit\u00e0 di colla - 32 g. Le nostre trappole catturano i roditori, non le mosche. Controllo efficace e sicuro dei piccoli roditori","breadcrumb":{"@id":"https:\/\/gardenersfriend.eu\/it\/prodotto\/trappola-per-topi-e-ratti-colla-forte-10-pezzi\/#breadcrumb"},"inLanguage":"it-IT","potentialAction":[{"@type":"ReadAction","target":["https:\/\/gardenersfriend.eu\/it\/prodotto\/trappola-per-topi-e-ratti-colla-forte-10-pezzi\/"]}]},{"@type":"ImageObject","inLanguage":"it-IT","@id":"https:\/\/gardenersfriend.eu\/it\/prodotto\/trappola-per-topi-e-ratti-colla-forte-10-pezzi\/#primaryimage","url":"https:\/\/gardenersfriend.eu\/wp-content\/uploads\/2026\/02\/MouseAndRatTrapGlue1.jpg","contentUrl":"https:\/\/gardenersfriend.eu\/wp-content\/uploads\/2026\/02\/MouseAndRatTrapGlue1.jpg","width":993,"height":997,"caption":"Colla per trappole per topi e ratti"},{"@type":"BreadcrumbList","@id":"https:\/\/gardenersfriend.eu\/it\/prodotto\/trappola-per-topi-e-ratti-colla-forte-10-pezzi\/#breadcrumb","itemListElement":[{"@type":"ListItem","position":1,"name":"Strona g\u0142\u00f3wna","item":"https:\/\/gardenersfriend.eu\/it\/"},{"@type":"ListItem","position":2,"name":"Negozio","item":"https:\/\/gardenersfriend.eu\/it\/negozio\/"},{"@type":"ListItem","position":3,"name":"Trappola per topi e ratti colla forte &#8211; 10 pezzi"}]},{"@type":"WebSite","@id":"https:\/\/gardenersfriend.eu\/it\/#website","url":"https:\/\/gardenersfriend.eu\/it\/","name":"Gardeners Friend","description":"herbicides, fertilisers, roundup","publisher":{"@id":"https:\/\/gardenersfriend.eu\/it\/#organization"},"potentialAction":[{"@type":"SearchAction","target":{"@type":"EntryPoint","urlTemplate":"https:\/\/gardenersfriend.eu\/it\/?s={search_term_string}"},"query-input":{"@type":"PropertyValueSpecification","valueRequired":true,"valueName":"search_term_string"}}],"inLanguage":"it-IT"},{"@type":"Organization","@id":"https:\/\/gardenersfriend.eu\/it\/#organization","name":"Gardeners Friend","url":"https:\/\/gardenersfriend.eu\/it\/","logo":{"@type":"ImageObject","inLanguage":"it-IT","@id":"https:\/\/gardenersfriend.eu\/it\/#\/schema\/logo\/image\/","url":"https:\/\/gardenersfriend.eu\/wp-content\/uploads\/2025\/09\/gf_accepted_big_logo.png","contentUrl":"https:\/\/gardenersfriend.eu\/wp-content\/uploads\/2025\/09\/gf_accepted_big_logo.png","width":2000,"height":1000,"caption":"Gardeners Friend"},"image":{"@id":"https:\/\/gardenersfriend.eu\/it\/#\/schema\/logo\/image\/"},"sameAs":["https:\/\/www.facebook.com\/people\/Gardeners-Friend-Store\/61566268054378\/","https:\/\/www.instagram.com\/gardeners_friend_store\/"]}]}},"uagb_featured_image_src":{"full":["https:\/\/gardenersfriend.eu\/wp-content\/uploads\/2026\/02\/MouseAndRatTrapGlue1.jpg",993,997,false],"thumbnail":["https:\/\/gardenersfriend.eu\/wp-content\/uploads\/2026\/02\/MouseAndRatTrapGlue1-150x150.jpg",150,150,true],"medium":["https:\/\/gardenersfriend.eu\/wp-content\/uploads\/2026\/02\/MouseAndRatTrapGlue1-300x300.jpg",300,300,true],"medium_large":["https:\/\/gardenersfriend.eu\/wp-content\/uploads\/2026\/02\/MouseAndRatTrapGlue1-768x771.jpg",768,771,true],"large":["https:\/\/gardenersfriend.eu\/wp-content\/uploads\/2026\/02\/MouseAndRatTrapGlue1.jpg",993,997,false],"1536x1536":["https:\/\/gardenersfriend.eu\/wp-content\/uploads\/2026\/02\/MouseAndRatTrapGlue1.jpg",993,997,false],"2048x2048":["https:\/\/gardenersfriend.eu\/wp-content\/uploads\/2026\/02\/MouseAndRatTrapGlue1.jpg",993,997,false],"woocommerce_thumbnail":["https:\/\/gardenersfriend.eu\/wp-content\/uploads\/2026\/02\/MouseAndRatTrapGlue1-300x300.jpg",300,300,true],"woocommerce_single":["https:\/\/gardenersfriend.eu\/wp-content\/uploads\/2026\/02\/MouseAndRatTrapGlue1-600x602.jpg",600,602,true],"woocommerce_gallery_thumbnail":["https:\/\/gardenersfriend.eu\/wp-content\/uploads\/2026\/02\/MouseAndRatTrapGlue1-100x100.jpg",100,100,true]},"uagb_author_info":{"display_name":"admin","author_link":"https:\/\/gardenersfriend.eu\/it\/author\/"},"uagb_comment_info":0,"uagb_excerpt":"Trappola per topi e ratti Tripla quantit\u00e0 di colla - 32 g. Le nostre trappole catturano i roditori, non le mosche. Controllo efficace e sicuro dei piccoli roditori","jetpack_sharing_enabled":true,"_links":{"self":[{"href":"https:\/\/gardenersfriend.eu\/it\/wp-json\/wp\/v2\/product\/8832","targetHints":{"allow":["GET"]}}],"collection":[{"href":"https:\/\/gardenersfriend.eu\/it\/wp-json\/wp\/v2\/product"}],"about":[{"href":"https:\/\/gardenersfriend.eu\/it\/wp-json\/wp\/v2\/types\/product"}],"replies":[{"embeddable":true,"href":"https:\/\/gardenersfriend.eu\/it\/wp-json\/wp\/v2\/comments?post=8832"}],"wp:featuredmedia":[{"embeddable":true,"href":"https:\/\/gardenersfriend.eu\/it\/wp-json\/wp\/v2\/media\/8807"}],"wp:attachment":[{"href":"https:\/\/gardenersfriend.eu\/it\/wp-json\/wp\/v2\/media?parent=8832"}],"wp:term":[{"taxonomy":"product_brand","embeddable":true,"href":"https:\/\/gardenersfriend.eu\/it\/wp-json\/wp\/v2\/product_brand?post=8832"},{"taxonomy":"product_cat","embeddable":true,"href":"https:\/\/gardenersfriend.eu\/it\/wp-json\/wp\/v2\/product_cat?post=8832"},{"taxonomy":"product_tag","embeddable":true,"href":"https:\/\/gardenersfriend.eu\/it\/wp-json\/wp\/v2\/product_tag?post=8832"}],"curies":[{"name":"wp","href":"https:\/\/api.w.org\/{rel}","templated":true}]}}