{"id":2354,"date":"2024-09-21T22:46:03","date_gmt":"2024-09-21T20:46:03","guid":{"rendered":"https:\/\/gardenersfriend.eu\/product\/roundup-360-plus-glyfosaat-herbicide-20l\/"},"modified":"2026-03-19T20:47:18","modified_gmt":"2026-03-19T19:47:18","slug":"roundup-360-plus-glyfosaat-herbicide-20l","status":"publish","type":"product","link":"https:\/\/gardenersfriend.eu\/nl\/product\/roundup-360-plus-glyfosaat-herbicide-20l\/","title":{"rendered":"Roundup 360 20L Plus Glyfosaat Herbicide"},"content":{"rendered":"<h5>Algemene informatie:<\/h5>\n<p><span style=\"font-size: 1.4em;\">Roundup 360 Plus 20L een herbicide in de vorm van een concentraat voor de bereiding van een waterige oplossing, toegepast op het blad, bedoeld voor de bestrijding van kweekgras en eenjarige en meerjarige eenzaadlobbige en tweezaadlobbige onkruiden in akkerbouwvelden.<\/span><\/p>\n<h5><strong><i>ROUNDUP\u00ae 360 PLUS 20L<\/i><\/strong><\/h5>\n<p><span lang=\"en-us\" xml:lang=\"en-us\"><strong>Type:<\/strong> Herbicide (Onkruidverdelger)<\/span><\/p>\n<p><span lang=\"en-us\" xml:lang=\"en-us\"><strong>Producent:<\/strong> Bayer Groep<\/span><\/p>\n<p><span lang=\"en-us\" xml:lang=\"en-us\"><strong>Capaciteit:<\/strong> 1L \/ 5L \/ 20L\/ 200L<\/span><\/p>\n<p><span lang=\"en-us\" xml:lang=\"en-us\"><strong><u>Werkzame stof:<\/u> <\/strong>glyfosaat een verbinding uit de groep van amino-fosforzuren in de vorm van een kaliumzout &#8211; 360 g \/ l (28,77%)<\/span><\/p>\n<p><span lang=\"en-us\" xml:lang=\"en-us\"><strong>Vorm:<\/strong> Concentraat<\/span><\/p>\n<p><strong><span lang=\"en-us\">Werkingsmechanisme: <\/span><\/strong><span lang=\"en-us\">Roundup 360 20L<\/span><span lang=\"en-us\"> a<\/span><span lang=\"en-us\"> herbicide in concentraatvorm voor het maken van een waterige oplossing voor bladtoepassing met veld- en handspuiten<\/span><\/p>\n<p><span lang=\"en-us\" xml:lang=\"en-us\"><strong>Teelt van:<\/strong> ma\u00efs, aardappelen, wortelen, peterselie, uien, prei (uit zaad), suikerbieten, wintertarwe v\u00f3\u00f3r de oogst, wintertriticale, rogge, zomertarwe, zomergerst en winterkoolzaad, op stoppelland, braakland en bouwland<\/span><\/p>\n<p><span lang=\"en-us\" xml:lang=\"en-us\"><strong>Controle:<\/strong> kweekgras, eenjarige en meerjarige eenzaadlobbige en tweezaadlobbige onkruiden<\/span> <span lang=\"en-us\" xml:lang=\"en-us\">I. In het voorjaar, na het zaaien of planten en v\u00f3\u00f3r het opkomen van het gewas om opkomend onkruid te bestrijden. <\/span><\/p>\n<p><strong>Lees over veiligheid:<\/strong> <a href=\"https:\/\/www.bayer.com\/en\/is-glyphosate-safe\">https:\/\/www.bayer.com\/en\/is-glyphosate-safe<\/a><\/p>\n<p>Misschien ben je ge\u00efnteresseerd in een andere maat van het product?<\/p>\n<p><strong>Klik op:<\/strong>  <a href=\"https:\/\/gardenersfriend.eu\/nl\/product\/roundup-360-plus-glyfosaat-herbicide-5l\/\">Roundup 360 Plus Glyfosaat Herbicide 5L<\/a><\/p>\n<p><strong>Label: <\/strong><a title=\"Roundup 360 plus etiket nl\" href=\"https:\/\/gardenersfriend.eu\/wp-content\/uploads\/2026\/02\/roundup_360_plus_label_NL.pdf\" target=\"_blank\" rel=\"noopener\">Roundup_360_Plus_NL<\/a><\/p>\n<h5 style=\"color: #bcbcbc;\">Legal Information<\/h5>\n<p style=\"color: #bcbcbc;\">\nHints! Use pesticides carefully. \nBefore use read the label and product information.\nUse by non-professional users permitted.\nException: The buyer from Belgium declares that\nat the time of purchase he has full legal capacity\nand has the appropriate qualifications required from\npersons purchasing plant protection products.\n\nPursuant to Art. 28 of the Act of March 8, 2013 on plant protection products (Journal of Laws 2020, item 2097), from November 26, 2015, plant protection products intended for professional users may be sold to people who:\n\nPoint 1 - have completed training in the use of plant protection products in the Republic of Poland confirmed by a certificate of completion of this training, or\n\nPoint 2 - have completed training in advising on plant protection products in the Republic of Poland confirmed by a certificate of completion of this training, or\n\nPoint 3 - have completed training in integrated crop production confirmed by a certificate of completion of this training, or\n\nPoint 4 - not earlier than 5 years, prior to the purchase of these funds, have completed the training required from professional users in another Member State of the European Union or in a country being a party to the Agreement on the European Economic Area, on the basis of the provisions in force in that country, confirmed by a document of completion of this training, or they have presented another document issued under the regulations in force in that country, confirming that they obtained authorization to purchase plant protection products intended for professional users.\n\nImportent!\n\nOnly people over 18 years of age can use plant protection products.\n\nPlant protection products should be used safely.\n\nBefore each use, read the information provided on the label and product information.\n\n\n<\/p>\n","protected":false},"excerpt":{"rendered":"<p>Roundup 360 20L &#8211; Een herbicide in de vorm van een concentraat voor de bereiding van een waterige oplossing, toegepast op het blad, bedoeld voor de bestrijding van kweekgras en eenjarige en meerjarige eenzaadlobbige en tweezaadlobbige onkruiden in akkerbouwvelden.<\/p>\n","protected":false},"featured_media":2160,"comment_status":"open","ping_status":"closed","template":"","meta":{"_uag_custom_page_level_css":"","site-sidebar-layout":"default","site-content-layout":"","ast-site-content-layout":"default","site-content-style":"default","site-sidebar-style":"default","ast-global-header-display":"","ast-banner-title-visibility":"","ast-main-header-display":"","ast-hfb-above-header-display":"","ast-hfb-below-header-display":"","ast-hfb-mobile-header-display":"","site-post-title":"","ast-breadcrumbs-content":"","ast-featured-img":"","footer-sml-layout":"","ast-disable-related-posts":"","theme-transparent-header-meta":"default","adv-header-id-meta":"","stick-header-meta":"","header-above-stick-meta":"","header-main-stick-meta":"","header-below-stick-meta":"","astra-migrate-meta-layouts":"default","ast-page-background-enabled":"default","ast-page-background-meta":{"desktop":{"background-color":"var(--ast-global-color-4)","background-image":"","background-repeat":"repeat","background-position":"center center","background-size":"auto","background-attachment":"scroll","background-type":"","background-media":"","overlay-type":"","overlay-color":"","overlay-opacity":"","overlay-gradient":""},"tablet":{"background-color":"","background-image":"","background-repeat":"repeat","background-position":"center center","background-size":"auto","background-attachment":"scroll","background-type":"","background-media":"","overlay-type":"","overlay-color":"","overlay-opacity":"","overlay-gradient":""},"mobile":{"background-color":"","background-image":"","background-repeat":"repeat","background-position":"center center","background-size":"auto","background-attachment":"scroll","background-type":"","background-media":"","overlay-type":"","overlay-color":"","overlay-opacity":"","overlay-gradient":""}},"ast-content-background-meta":{"desktop":{"background-color":"var(--ast-global-color-5)","background-image":"","background-repeat":"repeat","background-position":"center center","background-size":"auto","background-attachment":"scroll","background-type":"","background-media":"","overlay-type":"","overlay-color":"","overlay-opacity":"","overlay-gradient":""},"tablet":{"background-color":"var(--ast-global-color-5)","background-image":"","background-repeat":"repeat","background-position":"center center","background-size":"auto","background-attachment":"scroll","background-type":"","background-media":"","overlay-type":"","overlay-color":"","overlay-opacity":"","overlay-gradient":""},"mobile":{"background-color":"var(--ast-global-color-5)","background-image":"","background-repeat":"repeat","background-position":"center center","background-size":"auto","background-attachment":"scroll","background-type":"","background-media":"","overlay-type":"","overlay-color":"","overlay-opacity":"","overlay-gradient":""}}},"product_brand":[],"product_cat":[82,178,83],"product_tag":[],"class_list":{"0":"post-2354","1":"product","2":"type-product","3":"status-publish","4":"has-post-thumbnail","6":"product_cat-alle-producten","7":"product_cat-herbicide","8":"product_cat-nieuwe-aankomst","9":"product_shipping_class-alle","10":"desktop-align-left","11":"tablet-align-left","12":"mobile-align-left","14":"first","15":"instock","16":"taxable","17":"shipping-taxable","18":"purchasable","19":"product-type-simple"},"yoast_head":"<!-- This site is optimized with the Yoast SEO plugin v27.4 - https:\/\/yoast.com\/product\/yoast-seo-wordpress\/ -->\n<title>Roundup 360 20L Plus Glyfosaat Herbicide - Gardeners Friend<\/title>\n<meta name=\"description\" content=\"Roundup 360 20L - Een herbicide in de vorm van een concentraat voor de bereiding van een waterige oplossing, toegepast op het blad\" \/>\n<meta name=\"robots\" content=\"index, follow, max-snippet:-1, max-image-preview:large, max-video-preview:-1\" \/>\n<link rel=\"canonical\" href=\"https:\/\/gardenersfriend.eu\/nl\/product\/roundup-360-plus-glyfosaat-herbicide-20l\/\" \/>\n<meta property=\"og:locale\" content=\"nl_NL\" \/>\n<meta property=\"og:type\" content=\"article\" \/>\n<meta property=\"og:title\" content=\"Roundup 360 20L Plus Glyfosaat Herbicide - Gardeners Friend\" \/>\n<meta property=\"og:description\" content=\"Roundup 360 20L - Een herbicide in de vorm van een concentraat voor de bereiding van een waterige oplossing, toegepast op het blad\" \/>\n<meta property=\"og:url\" content=\"https:\/\/gardenersfriend.eu\/nl\/product\/roundup-360-plus-glyfosaat-herbicide-20l\/\" \/>\n<meta property=\"og:site_name\" content=\"Gardeners Friend\" \/>\n<meta property=\"article:publisher\" content=\"https:\/\/www.facebook.com\/people\/Gardeners-Friend-Store\/61566268054378\/\" \/>\n<meta property=\"article:modified_time\" content=\"2026-03-19T19:47:18+00:00\" \/>\n<meta property=\"og:image\" content=\"https:\/\/gardenersfriend.eu\/wp-content\/uploads\/2024\/09\/360-20-4-kopia-scaled-e1745942594914.jpg\" \/>\n\t<meta property=\"og:image:width\" content=\"1920\" \/>\n\t<meta property=\"og:image:height\" content=\"2560\" \/>\n\t<meta property=\"og:image:type\" content=\"image\/jpeg\" \/>\n<meta name=\"twitter:card\" content=\"summary_large_image\" \/>\n<meta name=\"twitter:label1\" content=\"Geschatte leestijd\" \/>\n\t<meta name=\"twitter:data1\" content=\"1 minuut\" \/>\n<script type=\"application\/ld+json\" class=\"yoast-schema-graph\">{\"@context\":\"https:\\\/\\\/schema.org\",\"@graph\":[{\"@type\":\"WebPage\",\"@id\":\"https:\\\/\\\/gardenersfriend.eu\\\/nl\\\/product\\\/roundup-360-plus-glyfosaat-herbicide-20l\\\/\",\"url\":\"https:\\\/\\\/gardenersfriend.eu\\\/nl\\\/product\\\/roundup-360-plus-glyfosaat-herbicide-20l\\\/\",\"name\":\"Roundup 360 20L Plus Glyfosaat Herbicide - Gardeners Friend\",\"isPartOf\":{\"@id\":\"https:\\\/\\\/gardenersfriend.eu\\\/nl\\\/#website\"},\"primaryImageOfPage\":{\"@id\":\"https:\\\/\\\/gardenersfriend.eu\\\/nl\\\/product\\\/roundup-360-plus-glyfosaat-herbicide-20l\\\/#primaryimage\"},\"image\":{\"@id\":\"https:\\\/\\\/gardenersfriend.eu\\\/nl\\\/product\\\/roundup-360-plus-glyfosaat-herbicide-20l\\\/#primaryimage\"},\"thumbnailUrl\":\"https:\\\/\\\/gardenersfriend.eu\\\/wp-content\\\/uploads\\\/2024\\\/09\\\/360-20-4-kopia-scaled-e1745942594914.jpg\",\"datePublished\":\"2024-09-21T20:46:03+00:00\",\"dateModified\":\"2026-03-19T19:47:18+00:00\",\"description\":\"Roundup 360 20L - Een herbicide in de vorm van een concentraat voor de bereiding van een waterige oplossing, toegepast op het blad\",\"breadcrumb\":{\"@id\":\"https:\\\/\\\/gardenersfriend.eu\\\/nl\\\/product\\\/roundup-360-plus-glyfosaat-herbicide-20l\\\/#breadcrumb\"},\"inLanguage\":\"nl-NL\",\"potentialAction\":[{\"@type\":\"ReadAction\",\"target\":[\"https:\\\/\\\/gardenersfriend.eu\\\/nl\\\/product\\\/roundup-360-plus-glyfosaat-herbicide-20l\\\/\"]}]},{\"@type\":\"ImageObject\",\"inLanguage\":\"nl-NL\",\"@id\":\"https:\\\/\\\/gardenersfriend.eu\\\/nl\\\/product\\\/roundup-360-plus-glyfosaat-herbicide-20l\\\/#primaryimage\",\"url\":\"https:\\\/\\\/gardenersfriend.eu\\\/wp-content\\\/uploads\\\/2024\\\/09\\\/360-20-4-kopia-scaled-e1745942594914.jpg\",\"contentUrl\":\"https:\\\/\\\/gardenersfriend.eu\\\/wp-content\\\/uploads\\\/2024\\\/09\\\/360-20-4-kopia-scaled-e1745942594914.jpg\",\"width\":1920,\"height\":2560,\"caption\":\"roundup 360 20L beste herbicide\"},{\"@type\":\"BreadcrumbList\",\"@id\":\"https:\\\/\\\/gardenersfriend.eu\\\/nl\\\/product\\\/roundup-360-plus-glyfosaat-herbicide-20l\\\/#breadcrumb\",\"itemListElement\":[{\"@type\":\"ListItem\",\"position\":1,\"name\":\"Strona g\u0142\u00f3wna\",\"item\":\"https:\\\/\\\/gardenersfriend.eu\\\/nl\\\/\"},{\"@type\":\"ListItem\",\"position\":2,\"name\":\"Winkel\",\"item\":\"https:\\\/\\\/gardenersfriend.eu\\\/shop\\\/\"},{\"@type\":\"ListItem\",\"position\":3,\"name\":\"Roundup 360 20L Plus Glyfosaat Herbicide\"}]},{\"@type\":\"WebSite\",\"@id\":\"https:\\\/\\\/gardenersfriend.eu\\\/nl\\\/#website\",\"url\":\"https:\\\/\\\/gardenersfriend.eu\\\/nl\\\/\",\"name\":\"Gardeners Friend\",\"description\":\"herbicides, fertilisers, roundup\",\"publisher\":{\"@id\":\"https:\\\/\\\/gardenersfriend.eu\\\/nl\\\/#organization\"},\"potentialAction\":[{\"@type\":\"SearchAction\",\"target\":{\"@type\":\"EntryPoint\",\"urlTemplate\":\"https:\\\/\\\/gardenersfriend.eu\\\/nl\\\/?s={search_term_string}\"},\"query-input\":{\"@type\":\"PropertyValueSpecification\",\"valueRequired\":true,\"valueName\":\"search_term_string\"}}],\"inLanguage\":\"nl-NL\"},{\"@type\":\"Organization\",\"@id\":\"https:\\\/\\\/gardenersfriend.eu\\\/nl\\\/#organization\",\"name\":\"Gardeners Friend\",\"url\":\"https:\\\/\\\/gardenersfriend.eu\\\/nl\\\/\",\"logo\":{\"@type\":\"ImageObject\",\"inLanguage\":\"nl-NL\",\"@id\":\"https:\\\/\\\/gardenersfriend.eu\\\/nl\\\/#\\\/schema\\\/logo\\\/image\\\/\",\"url\":\"https:\\\/\\\/gardenersfriend.eu\\\/wp-content\\\/uploads\\\/2025\\\/09\\\/gf_accepted_big_logo.png\",\"contentUrl\":\"https:\\\/\\\/gardenersfriend.eu\\\/wp-content\\\/uploads\\\/2025\\\/09\\\/gf_accepted_big_logo.png\",\"width\":2000,\"height\":1000,\"caption\":\"Gardeners Friend\"},\"image\":{\"@id\":\"https:\\\/\\\/gardenersfriend.eu\\\/nl\\\/#\\\/schema\\\/logo\\\/image\\\/\"},\"sameAs\":[\"https:\\\/\\\/www.facebook.com\\\/people\\\/Gardeners-Friend-Store\\\/61566268054378\\\/\",\"https:\\\/\\\/www.instagram.com\\\/gardeners_friend_store\\\/\"]}]}<\/script>\n<!-- \/ Yoast SEO plugin. -->","yoast_head_json":{"title":"Roundup 360 20L Plus Glyfosaat Herbicide - Gardeners Friend","description":"Roundup 360 20L - Een herbicide in de vorm van een concentraat voor de bereiding van een waterige oplossing, toegepast op het blad","robots":{"index":"index","follow":"follow","max-snippet":"max-snippet:-1","max-image-preview":"max-image-preview:large","max-video-preview":"max-video-preview:-1"},"canonical":"https:\/\/gardenersfriend.eu\/nl\/product\/roundup-360-plus-glyfosaat-herbicide-20l\/","og_locale":"nl_NL","og_type":"article","og_title":"Roundup 360 20L Plus Glyfosaat Herbicide - Gardeners Friend","og_description":"Roundup 360 20L - Een herbicide in de vorm van een concentraat voor de bereiding van een waterige oplossing, toegepast op het blad","og_url":"https:\/\/gardenersfriend.eu\/nl\/product\/roundup-360-plus-glyfosaat-herbicide-20l\/","og_site_name":"Gardeners Friend","article_publisher":"https:\/\/www.facebook.com\/people\/Gardeners-Friend-Store\/61566268054378\/","article_modified_time":"2026-03-19T19:47:18+00:00","og_image":[{"width":1920,"height":2560,"url":"https:\/\/gardenersfriend.eu\/wp-content\/uploads\/2024\/09\/360-20-4-kopia-scaled-e1745942594914.jpg","type":"image\/jpeg"}],"twitter_card":"summary_large_image","twitter_misc":{"Geschatte leestijd":"1 minuut"},"schema":{"@context":"https:\/\/schema.org","@graph":[{"@type":"WebPage","@id":"https:\/\/gardenersfriend.eu\/nl\/product\/roundup-360-plus-glyfosaat-herbicide-20l\/","url":"https:\/\/gardenersfriend.eu\/nl\/product\/roundup-360-plus-glyfosaat-herbicide-20l\/","name":"Roundup 360 20L Plus Glyfosaat Herbicide - Gardeners Friend","isPartOf":{"@id":"https:\/\/gardenersfriend.eu\/nl\/#website"},"primaryImageOfPage":{"@id":"https:\/\/gardenersfriend.eu\/nl\/product\/roundup-360-plus-glyfosaat-herbicide-20l\/#primaryimage"},"image":{"@id":"https:\/\/gardenersfriend.eu\/nl\/product\/roundup-360-plus-glyfosaat-herbicide-20l\/#primaryimage"},"thumbnailUrl":"https:\/\/gardenersfriend.eu\/wp-content\/uploads\/2024\/09\/360-20-4-kopia-scaled-e1745942594914.jpg","datePublished":"2024-09-21T20:46:03+00:00","dateModified":"2026-03-19T19:47:18+00:00","description":"Roundup 360 20L - Een herbicide in de vorm van een concentraat voor de bereiding van een waterige oplossing, toegepast op het blad","breadcrumb":{"@id":"https:\/\/gardenersfriend.eu\/nl\/product\/roundup-360-plus-glyfosaat-herbicide-20l\/#breadcrumb"},"inLanguage":"nl-NL","potentialAction":[{"@type":"ReadAction","target":["https:\/\/gardenersfriend.eu\/nl\/product\/roundup-360-plus-glyfosaat-herbicide-20l\/"]}]},{"@type":"ImageObject","inLanguage":"nl-NL","@id":"https:\/\/gardenersfriend.eu\/nl\/product\/roundup-360-plus-glyfosaat-herbicide-20l\/#primaryimage","url":"https:\/\/gardenersfriend.eu\/wp-content\/uploads\/2024\/09\/360-20-4-kopia-scaled-e1745942594914.jpg","contentUrl":"https:\/\/gardenersfriend.eu\/wp-content\/uploads\/2024\/09\/360-20-4-kopia-scaled-e1745942594914.jpg","width":1920,"height":2560,"caption":"roundup 360 20L beste herbicide"},{"@type":"BreadcrumbList","@id":"https:\/\/gardenersfriend.eu\/nl\/product\/roundup-360-plus-glyfosaat-herbicide-20l\/#breadcrumb","itemListElement":[{"@type":"ListItem","position":1,"name":"Strona g\u0142\u00f3wna","item":"https:\/\/gardenersfriend.eu\/nl\/"},{"@type":"ListItem","position":2,"name":"Winkel","item":"https:\/\/gardenersfriend.eu\/shop\/"},{"@type":"ListItem","position":3,"name":"Roundup 360 20L Plus Glyfosaat Herbicide"}]},{"@type":"WebSite","@id":"https:\/\/gardenersfriend.eu\/nl\/#website","url":"https:\/\/gardenersfriend.eu\/nl\/","name":"Gardeners Friend","description":"herbicides, fertilisers, roundup","publisher":{"@id":"https:\/\/gardenersfriend.eu\/nl\/#organization"},"potentialAction":[{"@type":"SearchAction","target":{"@type":"EntryPoint","urlTemplate":"https:\/\/gardenersfriend.eu\/nl\/?s={search_term_string}"},"query-input":{"@type":"PropertyValueSpecification","valueRequired":true,"valueName":"search_term_string"}}],"inLanguage":"nl-NL"},{"@type":"Organization","@id":"https:\/\/gardenersfriend.eu\/nl\/#organization","name":"Gardeners Friend","url":"https:\/\/gardenersfriend.eu\/nl\/","logo":{"@type":"ImageObject","inLanguage":"nl-NL","@id":"https:\/\/gardenersfriend.eu\/nl\/#\/schema\/logo\/image\/","url":"https:\/\/gardenersfriend.eu\/wp-content\/uploads\/2025\/09\/gf_accepted_big_logo.png","contentUrl":"https:\/\/gardenersfriend.eu\/wp-content\/uploads\/2025\/09\/gf_accepted_big_logo.png","width":2000,"height":1000,"caption":"Gardeners Friend"},"image":{"@id":"https:\/\/gardenersfriend.eu\/nl\/#\/schema\/logo\/image\/"},"sameAs":["https:\/\/www.facebook.com\/people\/Gardeners-Friend-Store\/61566268054378\/","https:\/\/www.instagram.com\/gardeners_friend_store\/"]}]}},"uagb_featured_image_src":{"full":["https:\/\/gardenersfriend.eu\/wp-content\/uploads\/2024\/09\/360-20-4-kopia-scaled-e1745942594914.jpg",1920,2560,false],"thumbnail":["https:\/\/gardenersfriend.eu\/wp-content\/uploads\/2024\/09\/360-20-4-kopia-150x150.jpg",150,150,true],"medium":["https:\/\/gardenersfriend.eu\/wp-content\/uploads\/2024\/09\/360-20-4-kopia-225x300.jpg",225,300,true],"medium_large":["https:\/\/gardenersfriend.eu\/wp-content\/uploads\/2024\/09\/360-20-4-kopia-768x1024.jpg",768,1024,true],"large":["https:\/\/gardenersfriend.eu\/wp-content\/uploads\/2024\/09\/360-20-4-kopia-768x1024.jpg",768,1024,true],"1536x1536":["https:\/\/gardenersfriend.eu\/wp-content\/uploads\/2024\/09\/360-20-4-kopia-1152x1536.jpg",1152,1536,true],"2048x2048":["https:\/\/gardenersfriend.eu\/wp-content\/uploads\/2024\/09\/360-20-4-kopia-1536x2048.jpg",1536,2048,true],"woocommerce_thumbnail":["https:\/\/gardenersfriend.eu\/wp-content\/uploads\/2024\/09\/360-20-4-kopia-scaled-300x300.jpg",300,300,true],"woocommerce_single":["https:\/\/gardenersfriend.eu\/wp-content\/uploads\/2024\/09\/360-20-4-kopia-scaled-600x800.jpg",600,800,true],"woocommerce_gallery_thumbnail":["https:\/\/gardenersfriend.eu\/wp-content\/uploads\/2024\/09\/360-20-4-kopia-scaled-100x100.jpg",100,100,true]},"uagb_author_info":{"display_name":"admin","author_link":"https:\/\/gardenersfriend.eu\/nl\/author\/"},"uagb_comment_info":0,"uagb_excerpt":"Roundup 360 20L - Een herbicide in de vorm van een concentraat voor de bereiding van een waterige oplossing, toegepast op het blad, bedoeld voor de bestrijding van kweekgras en eenjarige en meerjarige eenzaadlobbige en tweezaadlobbige onkruiden in akkerbouwvelden.","jetpack_sharing_enabled":true,"_links":{"self":[{"href":"https:\/\/gardenersfriend.eu\/nl\/wp-json\/wp\/v2\/product\/2354","targetHints":{"allow":["GET"]}}],"collection":[{"href":"https:\/\/gardenersfriend.eu\/nl\/wp-json\/wp\/v2\/product"}],"about":[{"href":"https:\/\/gardenersfriend.eu\/nl\/wp-json\/wp\/v2\/types\/product"}],"replies":[{"embeddable":true,"href":"https:\/\/gardenersfriend.eu\/nl\/wp-json\/wp\/v2\/comments?post=2354"}],"wp:featuredmedia":[{"embeddable":true,"href":"https:\/\/gardenersfriend.eu\/nl\/wp-json\/wp\/v2\/media\/2160"}],"wp:attachment":[{"href":"https:\/\/gardenersfriend.eu\/nl\/wp-json\/wp\/v2\/media?parent=2354"}],"wp:term":[{"taxonomy":"product_brand","embeddable":true,"href":"https:\/\/gardenersfriend.eu\/nl\/wp-json\/wp\/v2\/product_brand?post=2354"},{"taxonomy":"product_cat","embeddable":true,"href":"https:\/\/gardenersfriend.eu\/nl\/wp-json\/wp\/v2\/product_cat?post=2354"},{"taxonomy":"product_tag","embeddable":true,"href":"https:\/\/gardenersfriend.eu\/nl\/wp-json\/wp\/v2\/product_tag?post=2354"}],"curies":[{"name":"wp","href":"https:\/\/api.w.org\/{rel}","templated":true}]}}