{"id":7992,"date":"2025-10-28T02:15:40","date_gmt":"2025-10-28T01:15:40","guid":{"rendered":"https:\/\/gardenersfriend.eu\/product\/agrosar-360-sl-glyfosaatherbicide\/"},"modified":"2026-03-19T21:18:33","modified_gmt":"2026-03-19T20:18:33","slug":"agrosar-360-sl-glyfosaatherbicide","status":"publish","type":"product","link":"https:\/\/gardenersfriend.eu\/nl\/product\/agrosar-360-sl-glyfosaatherbicide\/","title":{"rendered":"Agrosar 360 SL glyfosaatherbicide"},"content":{"rendered":"<h2 class=\"p1\">Agrosar 360 SL<\/h2>\n<p class=\"p1\">Agrosar 360 SL is een effectief herbicide voor de bestrijding van kweekgras, veldpapaver, veldbuffel en andere schadelijke monochtolate en dicotylaat onkruiden met een brede toepassing. Agrosar is een niet-selectief, systemisch herbicide voor bladtoepassing. Het is zeer effectief in het bestrijden van zowel monocotyledonale als dicotyledonale onkruiden en heeft een breed toepassingsgebied: op stoppelvelden, v\u00f3\u00f3r de teelt om onkruid te bestrijden en v\u00f3\u00f3r de oogst om het oogsten te vergemakkelijken. Het product is verkrijgbaar als concentraat voor het bereiden van een waterige oplossing.   <\/p>\n<h4 class=\"p1\">Agrosar 360 SL werking op onkruid<\/h4>\n<p>Het middel wordt geabsorbeerd door de groene delen van de plant (bladeren, groene scheuten en niet gecorrodeerde schors), verspreidt zich dan door de hele plant en bereikt de ondergrondse delen (wortels, uitlopers, enz.), waardoor ze afsterven. De eerste symptomen van de werking van het middel (vergeling en verwelking) worden 7-10 dagen na toepassing zichtbaar. Na 2-3 weken sterft de plant volledig af. Factoren zoals een hoge temperatuur, vochtigheid en sterk zonlicht versnellen de werking van het middel.   <\/p>\n<h4>Werkzame stof:<\/h4>\n<ul>\n<li>glyfosaat (een verbinding uit de aminofosfonaatgroep) &#8211; 360 g\/l (30,9%)<\/li>\n<\/ul>\n<h4>Agrosar 360 SL wordt gebruikt voor onkruidbestrijding<\/h4>\n<ul>\n<li>winterkoolzaad, wintertarwe, appelbomen, kruisbessen, appelbessen, zwarte, rode en witte aalbessen, peren, perziken, kersen, abrikozen, pruimen, kersen<\/li>\n<li>boskwekerijen &#8211; zaailingen van naald- en loofbomen<\/li>\n<li>regeneratie, bebossing &#8211; grove den, boomsoorten van loofbomen<\/li>\n<li>tuinen en percelen<\/li>\n<\/ul>\n<h4>Agrosar 360 SL &#8211; onkruidbestrijding:<\/h4>\n<p>boerenlandgras, gewoon kuikenkruid, ganzenvoet, veldpapaver, geurloos meikruid, Canadese emmer, winde (syn. bindweed), gewoon hondsdrafkruid, gewoon herderstasje, eenjarig beemdgras, veldviooltje, kweekgras, kleefkruid, ridderzuring, weegbree, bijvoet, korenbloem, veldmosterd, gewoon naaldkruid, paarse dovenetel, witte klaver, kropaar, Canadese guldenroede, wilde haver, bloedwortel, groene schermbloem, gewone kamille, gewone stinkhoorn, ruwe amarant, stompe doemdok, veldzuring, gele ossenalis, akkerwikke, groene vossenstaart, vogelwikke, smalbladige wikke, akkermelkwikke, paardenbloem gewoon raaigras, driebladige speedwell, gewoon duizendknoopkruid, gewoon hoornblad, veldzuring, kleine kraanvogel, rode kraanvogel, grote karekiet, kruipende boterbloem, akkerklaver, gewoon duizendblad, akkerdistel, zevenblad, gewone brandnetel, akkerwinde, Perzische speedwell, klierwilg.<\/p>\n<h4>Agrosar 360 SL aflossingsvrije periode:<\/h4>\n<p>Appel, kruisbes, appelbes, zwarte bes, rode bes, witte bes, peer, perzik, kers, abrikoos, pruim, zure kers &#8211; 7 dagen<\/p>\n<p>Gewasbeschermingsmiddelen moeten veilig worden gebruikt. Lees voor gebruik het etiket en de productbeschrijving. Gewasbeschermingsmiddelen voor professioneel gebruik mogen alleen worden gekocht door volwassenen en personen met de vereiste kwalificaties voor kopers van gewasbeschermingsmiddelen, zoals gedefinieerd in de Wet gewasbeschermingsmiddelen. Het niet voldoen aan deze eisen is een overtreding van de winkelvoorschriften.  <\/p>\n<p class=\"p1\"><strong>Label: <\/strong><a title=\"Agrosar 360 SL\" href=\"https:\/\/gardenersfriend.eu\/wp-content\/uploads\/2026\/02\/etykieta_agrosar_360_sl_NL.pdf\" target=\"_blank\" rel=\"noopener\">Agrosar 360 SL_NL<\/a><\/p>\n<p class=\"p1\"><strong>Website van producent:<\/strong> <a title=\"Qemetica Pagina\" href=\"https:\/\/qemetica-agro.pl\/pl\" target=\"_blank\" rel=\"noopener\">Qemetica<\/a><\/p>\n<p><strong>Ander herbicide: <\/strong><a href=\"https:\/\/gardenersfriend.eu\/nl\/product-category\/alle-producten\/herbicide\/\">herbicide<\/a><\/p>\n<h5 style=\"color: #bcbcbc;\">Legal Information<\/h5>\n<p style=\"color: #bcbcbc;\">\nHints! Use pesticides carefully. \nBefore use read the label and product information.\nUse by non-professional users permitted.\nException: The buyer from Belgium declares that\nat the time of purchase he has full legal capacity\nand has the appropriate qualifications required from\npersons purchasing plant protection products.\n\nPursuant to Art. 28 of the Act of March 8, 2013 on plant protection products (Journal of Laws 2020, item 2097), from November 26, 2015, plant protection products intended for professional users may be sold to people who:\n\nPoint 1 - have completed training in the use of plant protection products in the Republic of Poland confirmed by a certificate of completion of this training, or\n\nPoint 2 - have completed training in advising on plant protection products in the Republic of Poland confirmed by a certificate of completion of this training, or\n\nPoint 3 - have completed training in integrated crop production confirmed by a certificate of completion of this training, or\n\nPoint 4 - not earlier than 5 years, prior to the purchase of these funds, have completed the training required from professional users in another Member State of the European Union or in a country being a party to the Agreement on the European Economic Area, on the basis of the provisions in force in that country, confirmed by a document of completion of this training, or they have presented another document issued under the regulations in force in that country, confirming that they obtained authorization to purchase plant protection products intended for professional users.\n\nImportent!\n\nOnly people over 18 years of age can use plant protection products.\n\nPlant protection products should be used safely.\n\nBefore each use, read the information provided on the label and product information.\n\n\n<\/p>\n","protected":false},"excerpt":{"rendered":"<p>Dood onkruid snel met Agrosar 360 SL Glyfosaat Herbicide. Effectief op taai onkruid, inclusief kweekgras en veldpapaver, met zichtbare resultaten in dagen. <\/p>\n","protected":false},"featured_media":7928,"comment_status":"open","ping_status":"closed","template":"","meta":{"_uag_custom_page_level_css":"","site-sidebar-layout":"default","site-content-layout":"","ast-site-content-layout":"default","site-content-style":"default","site-sidebar-style":"default","ast-global-header-display":"","ast-banner-title-visibility":"","ast-main-header-display":"","ast-hfb-above-header-display":"","ast-hfb-below-header-display":"","ast-hfb-mobile-header-display":"","site-post-title":"","ast-breadcrumbs-content":"","ast-featured-img":"","footer-sml-layout":"","ast-disable-related-posts":"","theme-transparent-header-meta":"default","adv-header-id-meta":"","stick-header-meta":"","header-above-stick-meta":"","header-main-stick-meta":"","header-below-stick-meta":"","astra-migrate-meta-layouts":"default","ast-page-background-enabled":"default","ast-page-background-meta":{"desktop":{"background-color":"var(--ast-global-color-4)","background-image":"","background-repeat":"repeat","background-position":"center center","background-size":"auto","background-attachment":"scroll","background-type":"","background-media":"","overlay-type":"","overlay-color":"","overlay-opacity":"","overlay-gradient":""},"tablet":{"background-color":"","background-image":"","background-repeat":"repeat","background-position":"center center","background-size":"auto","background-attachment":"scroll","background-type":"","background-media":"","overlay-type":"","overlay-color":"","overlay-opacity":"","overlay-gradient":""},"mobile":{"background-color":"","background-image":"","background-repeat":"repeat","background-position":"center center","background-size":"auto","background-attachment":"scroll","background-type":"","background-media":"","overlay-type":"","overlay-color":"","overlay-opacity":"","overlay-gradient":""}},"ast-content-background-meta":{"desktop":{"background-color":"var(--ast-global-color-5)","background-image":"","background-repeat":"repeat","background-position":"center center","background-size":"auto","background-attachment":"scroll","background-type":"","background-media":"","overlay-type":"","overlay-color":"","overlay-opacity":"","overlay-gradient":""},"tablet":{"background-color":"var(--ast-global-color-5)","background-image":"","background-repeat":"repeat","background-position":"center center","background-size":"auto","background-attachment":"scroll","background-type":"","background-media":"","overlay-type":"","overlay-color":"","overlay-opacity":"","overlay-gradient":""},"mobile":{"background-color":"var(--ast-global-color-5)","background-image":"","background-repeat":"repeat","background-position":"center center","background-size":"auto","background-attachment":"scroll","background-type":"","background-media":"","overlay-type":"","overlay-color":"","overlay-opacity":"","overlay-gradient":""}}},"product_brand":[],"product_cat":[82,178],"product_tag":[],"class_list":{"0":"post-7992","1":"product","2":"type-product","3":"status-publish","4":"has-post-thumbnail","6":"product_cat-alle-producten","7":"product_cat-herbicide","8":"desktop-align-left","9":"tablet-align-left","10":"mobile-align-left","12":"first","13":"instock","14":"taxable","15":"shipping-taxable","16":"purchasable","17":"product-type-variable","18":"has-default-attributes"},"yoast_head":"<!-- This site is optimized with the Yoast SEO plugin v27.4 - https:\/\/yoast.com\/product\/yoast-seo-wordpress\/ -->\n<title>Agrosar 360 SL glyfosaatherbicide - Gardeners Friend<\/title>\n<meta name=\"description\" content=\"Dood onkruid snel met Agrosar 360 SL Glyfosaat Herbicide. Effectief op taai onkruid, inclusief kweekgras en veldpapaver, met zichtbare resultaten in dagen.\" \/>\n<meta name=\"robots\" content=\"index, follow, max-snippet:-1, max-image-preview:large, max-video-preview:-1\" \/>\n<link rel=\"canonical\" href=\"https:\/\/gardenersfriend.eu\/nl\/product\/agrosar-360-sl-glyfosaatherbicide\/\" \/>\n<meta property=\"og:locale\" content=\"nl_NL\" \/>\n<meta property=\"og:type\" content=\"article\" \/>\n<meta property=\"og:title\" content=\"Agrosar 360 SL glyfosaatherbicide - Gardeners Friend\" \/>\n<meta property=\"og:description\" content=\"Dood onkruid snel met Agrosar 360 SL Glyfosaat Herbicide. Effectief op taai onkruid, inclusief kweekgras en veldpapaver, met zichtbare resultaten in dagen.\" \/>\n<meta property=\"og:url\" content=\"https:\/\/gardenersfriend.eu\/nl\/product\/agrosar-360-sl-glyfosaatherbicide\/\" \/>\n<meta property=\"og:site_name\" content=\"Gardeners Friend\" \/>\n<meta property=\"article:publisher\" content=\"https:\/\/www.facebook.com\/people\/Gardeners-Friend-Store\/61566268054378\/\" \/>\n<meta property=\"article:modified_time\" content=\"2026-03-19T20:18:33+00:00\" \/>\n<meta property=\"og:image\" content=\"https:\/\/gardenersfriend.eu\/wp-content\/uploads\/2025\/10\/AGROSAR_360_SL_1L_glifosat.jpg.webp\" \/>\n\t<meta property=\"og:image:width\" content=\"1200\" \/>\n\t<meta property=\"og:image:height\" content=\"1200\" \/>\n\t<meta property=\"og:image:type\" content=\"image\/webp\" \/>\n<meta name=\"twitter:card\" content=\"summary_large_image\" \/>\n<meta name=\"twitter:label1\" content=\"Geschatte leestijd\" \/>\n\t<meta name=\"twitter:data1\" content=\"2 minuten\" \/>\n<script type=\"application\/ld+json\" class=\"yoast-schema-graph\">{\"@context\":\"https:\\\/\\\/schema.org\",\"@graph\":[{\"@type\":\"WebPage\",\"@id\":\"https:\\\/\\\/gardenersfriend.eu\\\/nl\\\/product\\\/agrosar-360-sl-glyfosaatherbicide\\\/\",\"url\":\"https:\\\/\\\/gardenersfriend.eu\\\/nl\\\/product\\\/agrosar-360-sl-glyfosaatherbicide\\\/\",\"name\":\"Agrosar 360 SL glyfosaatherbicide - Gardeners Friend\",\"isPartOf\":{\"@id\":\"https:\\\/\\\/gardenersfriend.eu\\\/nl\\\/#website\"},\"primaryImageOfPage\":{\"@id\":\"https:\\\/\\\/gardenersfriend.eu\\\/nl\\\/product\\\/agrosar-360-sl-glyfosaatherbicide\\\/#primaryimage\"},\"image\":{\"@id\":\"https:\\\/\\\/gardenersfriend.eu\\\/nl\\\/product\\\/agrosar-360-sl-glyfosaatherbicide\\\/#primaryimage\"},\"thumbnailUrl\":\"https:\\\/\\\/gardenersfriend.eu\\\/wp-content\\\/uploads\\\/2025\\\/10\\\/AGROSAR_360_SL_1L_glifosat.jpg.webp\",\"datePublished\":\"2025-10-28T01:15:40+00:00\",\"dateModified\":\"2026-03-19T20:18:33+00:00\",\"description\":\"Dood onkruid snel met Agrosar 360 SL Glyfosaat Herbicide. Effectief op taai onkruid, inclusief kweekgras en veldpapaver, met zichtbare resultaten in dagen.\",\"breadcrumb\":{\"@id\":\"https:\\\/\\\/gardenersfriend.eu\\\/nl\\\/product\\\/agrosar-360-sl-glyfosaatherbicide\\\/#breadcrumb\"},\"inLanguage\":\"nl-NL\",\"potentialAction\":[{\"@type\":\"ReadAction\",\"target\":[\"https:\\\/\\\/gardenersfriend.eu\\\/nl\\\/product\\\/agrosar-360-sl-glyfosaatherbicide\\\/\"]}]},{\"@type\":\"ImageObject\",\"inLanguage\":\"nl-NL\",\"@id\":\"https:\\\/\\\/gardenersfriend.eu\\\/nl\\\/product\\\/agrosar-360-sl-glyfosaatherbicide\\\/#primaryimage\",\"url\":\"https:\\\/\\\/gardenersfriend.eu\\\/wp-content\\\/uploads\\\/2025\\\/10\\\/AGROSAR_360_SL_1L_glifosat.jpg.webp\",\"contentUrl\":\"https:\\\/\\\/gardenersfriend.eu\\\/wp-content\\\/uploads\\\/2025\\\/10\\\/AGROSAR_360_SL_1L_glifosat.jpg.webp\",\"width\":1200,\"height\":1200,\"caption\":\"AGROSAR 360 SL 1L\"},{\"@type\":\"BreadcrumbList\",\"@id\":\"https:\\\/\\\/gardenersfriend.eu\\\/nl\\\/product\\\/agrosar-360-sl-glyfosaatherbicide\\\/#breadcrumb\",\"itemListElement\":[{\"@type\":\"ListItem\",\"position\":1,\"name\":\"Strona g\u0142\u00f3wna\",\"item\":\"https:\\\/\\\/gardenersfriend.eu\\\/nl\\\/\"},{\"@type\":\"ListItem\",\"position\":2,\"name\":\"Winkel\",\"item\":\"https:\\\/\\\/gardenersfriend.eu\\\/shop\\\/\"},{\"@type\":\"ListItem\",\"position\":3,\"name\":\"Agrosar 360 SL glyfosaatherbicide\"}]},{\"@type\":\"WebSite\",\"@id\":\"https:\\\/\\\/gardenersfriend.eu\\\/nl\\\/#website\",\"url\":\"https:\\\/\\\/gardenersfriend.eu\\\/nl\\\/\",\"name\":\"Gardeners Friend\",\"description\":\"herbicides, fertilisers, roundup\",\"publisher\":{\"@id\":\"https:\\\/\\\/gardenersfriend.eu\\\/nl\\\/#organization\"},\"potentialAction\":[{\"@type\":\"SearchAction\",\"target\":{\"@type\":\"EntryPoint\",\"urlTemplate\":\"https:\\\/\\\/gardenersfriend.eu\\\/nl\\\/?s={search_term_string}\"},\"query-input\":{\"@type\":\"PropertyValueSpecification\",\"valueRequired\":true,\"valueName\":\"search_term_string\"}}],\"inLanguage\":\"nl-NL\"},{\"@type\":\"Organization\",\"@id\":\"https:\\\/\\\/gardenersfriend.eu\\\/nl\\\/#organization\",\"name\":\"Gardeners Friend\",\"url\":\"https:\\\/\\\/gardenersfriend.eu\\\/nl\\\/\",\"logo\":{\"@type\":\"ImageObject\",\"inLanguage\":\"nl-NL\",\"@id\":\"https:\\\/\\\/gardenersfriend.eu\\\/nl\\\/#\\\/schema\\\/logo\\\/image\\\/\",\"url\":\"https:\\\/\\\/gardenersfriend.eu\\\/wp-content\\\/uploads\\\/2025\\\/09\\\/gf_accepted_big_logo.png\",\"contentUrl\":\"https:\\\/\\\/gardenersfriend.eu\\\/wp-content\\\/uploads\\\/2025\\\/09\\\/gf_accepted_big_logo.png\",\"width\":2000,\"height\":1000,\"caption\":\"Gardeners Friend\"},\"image\":{\"@id\":\"https:\\\/\\\/gardenersfriend.eu\\\/nl\\\/#\\\/schema\\\/logo\\\/image\\\/\"},\"sameAs\":[\"https:\\\/\\\/www.facebook.com\\\/people\\\/Gardeners-Friend-Store\\\/61566268054378\\\/\",\"https:\\\/\\\/www.instagram.com\\\/gardeners_friend_store\\\/\"]}]}<\/script>\n<!-- \/ Yoast SEO plugin. -->","yoast_head_json":{"title":"Agrosar 360 SL glyfosaatherbicide - Gardeners Friend","description":"Dood onkruid snel met Agrosar 360 SL Glyfosaat Herbicide. Effectief op taai onkruid, inclusief kweekgras en veldpapaver, met zichtbare resultaten in dagen.","robots":{"index":"index","follow":"follow","max-snippet":"max-snippet:-1","max-image-preview":"max-image-preview:large","max-video-preview":"max-video-preview:-1"},"canonical":"https:\/\/gardenersfriend.eu\/nl\/product\/agrosar-360-sl-glyfosaatherbicide\/","og_locale":"nl_NL","og_type":"article","og_title":"Agrosar 360 SL glyfosaatherbicide - Gardeners Friend","og_description":"Dood onkruid snel met Agrosar 360 SL Glyfosaat Herbicide. Effectief op taai onkruid, inclusief kweekgras en veldpapaver, met zichtbare resultaten in dagen.","og_url":"https:\/\/gardenersfriend.eu\/nl\/product\/agrosar-360-sl-glyfosaatherbicide\/","og_site_name":"Gardeners Friend","article_publisher":"https:\/\/www.facebook.com\/people\/Gardeners-Friend-Store\/61566268054378\/","article_modified_time":"2026-03-19T20:18:33+00:00","og_image":[{"width":1200,"height":1200,"url":"https:\/\/gardenersfriend.eu\/wp-content\/uploads\/2025\/10\/AGROSAR_360_SL_1L_glifosat.jpg.webp","type":"image\/webp"}],"twitter_card":"summary_large_image","twitter_misc":{"Geschatte leestijd":"2 minuten"},"schema":{"@context":"https:\/\/schema.org","@graph":[{"@type":"WebPage","@id":"https:\/\/gardenersfriend.eu\/nl\/product\/agrosar-360-sl-glyfosaatherbicide\/","url":"https:\/\/gardenersfriend.eu\/nl\/product\/agrosar-360-sl-glyfosaatherbicide\/","name":"Agrosar 360 SL glyfosaatherbicide - Gardeners Friend","isPartOf":{"@id":"https:\/\/gardenersfriend.eu\/nl\/#website"},"primaryImageOfPage":{"@id":"https:\/\/gardenersfriend.eu\/nl\/product\/agrosar-360-sl-glyfosaatherbicide\/#primaryimage"},"image":{"@id":"https:\/\/gardenersfriend.eu\/nl\/product\/agrosar-360-sl-glyfosaatherbicide\/#primaryimage"},"thumbnailUrl":"https:\/\/gardenersfriend.eu\/wp-content\/uploads\/2025\/10\/AGROSAR_360_SL_1L_glifosat.jpg.webp","datePublished":"2025-10-28T01:15:40+00:00","dateModified":"2026-03-19T20:18:33+00:00","description":"Dood onkruid snel met Agrosar 360 SL Glyfosaat Herbicide. Effectief op taai onkruid, inclusief kweekgras en veldpapaver, met zichtbare resultaten in dagen.","breadcrumb":{"@id":"https:\/\/gardenersfriend.eu\/nl\/product\/agrosar-360-sl-glyfosaatherbicide\/#breadcrumb"},"inLanguage":"nl-NL","potentialAction":[{"@type":"ReadAction","target":["https:\/\/gardenersfriend.eu\/nl\/product\/agrosar-360-sl-glyfosaatherbicide\/"]}]},{"@type":"ImageObject","inLanguage":"nl-NL","@id":"https:\/\/gardenersfriend.eu\/nl\/product\/agrosar-360-sl-glyfosaatherbicide\/#primaryimage","url":"https:\/\/gardenersfriend.eu\/wp-content\/uploads\/2025\/10\/AGROSAR_360_SL_1L_glifosat.jpg.webp","contentUrl":"https:\/\/gardenersfriend.eu\/wp-content\/uploads\/2025\/10\/AGROSAR_360_SL_1L_glifosat.jpg.webp","width":1200,"height":1200,"caption":"AGROSAR 360 SL 1L"},{"@type":"BreadcrumbList","@id":"https:\/\/gardenersfriend.eu\/nl\/product\/agrosar-360-sl-glyfosaatherbicide\/#breadcrumb","itemListElement":[{"@type":"ListItem","position":1,"name":"Strona g\u0142\u00f3wna","item":"https:\/\/gardenersfriend.eu\/nl\/"},{"@type":"ListItem","position":2,"name":"Winkel","item":"https:\/\/gardenersfriend.eu\/shop\/"},{"@type":"ListItem","position":3,"name":"Agrosar 360 SL glyfosaatherbicide"}]},{"@type":"WebSite","@id":"https:\/\/gardenersfriend.eu\/nl\/#website","url":"https:\/\/gardenersfriend.eu\/nl\/","name":"Gardeners Friend","description":"herbicides, fertilisers, roundup","publisher":{"@id":"https:\/\/gardenersfriend.eu\/nl\/#organization"},"potentialAction":[{"@type":"SearchAction","target":{"@type":"EntryPoint","urlTemplate":"https:\/\/gardenersfriend.eu\/nl\/?s={search_term_string}"},"query-input":{"@type":"PropertyValueSpecification","valueRequired":true,"valueName":"search_term_string"}}],"inLanguage":"nl-NL"},{"@type":"Organization","@id":"https:\/\/gardenersfriend.eu\/nl\/#organization","name":"Gardeners Friend","url":"https:\/\/gardenersfriend.eu\/nl\/","logo":{"@type":"ImageObject","inLanguage":"nl-NL","@id":"https:\/\/gardenersfriend.eu\/nl\/#\/schema\/logo\/image\/","url":"https:\/\/gardenersfriend.eu\/wp-content\/uploads\/2025\/09\/gf_accepted_big_logo.png","contentUrl":"https:\/\/gardenersfriend.eu\/wp-content\/uploads\/2025\/09\/gf_accepted_big_logo.png","width":2000,"height":1000,"caption":"Gardeners Friend"},"image":{"@id":"https:\/\/gardenersfriend.eu\/nl\/#\/schema\/logo\/image\/"},"sameAs":["https:\/\/www.facebook.com\/people\/Gardeners-Friend-Store\/61566268054378\/","https:\/\/www.instagram.com\/gardeners_friend_store\/"]}]}},"uagb_featured_image_src":{"full":["https:\/\/gardenersfriend.eu\/wp-content\/uploads\/2025\/10\/AGROSAR_360_SL_1L_glifosat.jpg.webp",1200,1200,false],"thumbnail":["https:\/\/gardenersfriend.eu\/wp-content\/uploads\/2025\/10\/AGROSAR_360_SL_1L_glifosat.jpg-150x150.webp",150,150,true],"medium":["https:\/\/gardenersfriend.eu\/wp-content\/uploads\/2025\/10\/AGROSAR_360_SL_1L_glifosat.jpg-300x300.webp",300,300,true],"medium_large":["https:\/\/gardenersfriend.eu\/wp-content\/uploads\/2025\/10\/AGROSAR_360_SL_1L_glifosat.jpg-768x768.webp",768,768,true],"large":["https:\/\/gardenersfriend.eu\/wp-content\/uploads\/2025\/10\/AGROSAR_360_SL_1L_glifosat.jpg-1024x1024.webp",1024,1024,true],"1536x1536":["https:\/\/gardenersfriend.eu\/wp-content\/uploads\/2025\/10\/AGROSAR_360_SL_1L_glifosat.jpg.webp",1200,1200,false],"2048x2048":["https:\/\/gardenersfriend.eu\/wp-content\/uploads\/2025\/10\/AGROSAR_360_SL_1L_glifosat.jpg.webp",1200,1200,false],"woocommerce_thumbnail":["https:\/\/gardenersfriend.eu\/wp-content\/uploads\/2025\/10\/AGROSAR_360_SL_1L_glifosat.jpg-300x300.webp",300,300,true],"woocommerce_single":["https:\/\/gardenersfriend.eu\/wp-content\/uploads\/2025\/10\/AGROSAR_360_SL_1L_glifosat.jpg-600x600.webp",600,600,true],"woocommerce_gallery_thumbnail":["https:\/\/gardenersfriend.eu\/wp-content\/uploads\/2025\/10\/AGROSAR_360_SL_1L_glifosat.jpg-100x100.webp",100,100,true]},"uagb_author_info":{"display_name":"admin","author_link":"https:\/\/gardenersfriend.eu\/nl\/author\/"},"uagb_comment_info":0,"uagb_excerpt":"Dood onkruid snel met Agrosar 360 SL Glyfosaat Herbicide. Effectief op taai onkruid, inclusief kweekgras en veldpapaver, met zichtbare resultaten in dagen.","jetpack_sharing_enabled":true,"_links":{"self":[{"href":"https:\/\/gardenersfriend.eu\/nl\/wp-json\/wp\/v2\/product\/7992","targetHints":{"allow":["GET"]}}],"collection":[{"href":"https:\/\/gardenersfriend.eu\/nl\/wp-json\/wp\/v2\/product"}],"about":[{"href":"https:\/\/gardenersfriend.eu\/nl\/wp-json\/wp\/v2\/types\/product"}],"replies":[{"embeddable":true,"href":"https:\/\/gardenersfriend.eu\/nl\/wp-json\/wp\/v2\/comments?post=7992"}],"wp:featuredmedia":[{"embeddable":true,"href":"https:\/\/gardenersfriend.eu\/nl\/wp-json\/wp\/v2\/media\/7928"}],"wp:attachment":[{"href":"https:\/\/gardenersfriend.eu\/nl\/wp-json\/wp\/v2\/media?parent=7992"}],"wp:term":[{"taxonomy":"product_brand","embeddable":true,"href":"https:\/\/gardenersfriend.eu\/nl\/wp-json\/wp\/v2\/product_brand?post=7992"},{"taxonomy":"product_cat","embeddable":true,"href":"https:\/\/gardenersfriend.eu\/nl\/wp-json\/wp\/v2\/product_cat?post=7992"},{"taxonomy":"product_tag","embeddable":true,"href":"https:\/\/gardenersfriend.eu\/nl\/wp-json\/wp\/v2\/product_tag?post=7992"}],"curies":[{"name":"wp","href":"https:\/\/api.w.org\/{rel}","templated":true}]}}