{"id":2256,"date":"2024-09-17T19:31:14","date_gmt":"2024-09-17T17:31:14","guid":{"rendered":"https:\/\/gardenersfriend.eu\/om-oss\/"},"modified":"2025-02-18T05:13:46","modified_gmt":"2025-02-18T04:13:46","slug":"om-oss","status":"publish","type":"page","link":"https:\/\/gardenersfriend.eu\/sv\/om-oss\/","title":{"rendered":"Om oss"},"content":{"rendered":"\n<div class=\"wp-block-uagb-container uagb-block-c69ea5a4 alignfull uagb-is-root-container\"><div class=\"uagb-container-inner-blocks-wrap\">\n<h2 class=\"wp-block-heading has-text-align-center\">\n          <strong>Om oss<\/strong>\n        <\/h2>\n<\/div><\/div>\n\n<div class=\"wp-block-uagb-container uagb-block-569d153c alignfull uagb-is-root-container\"><div class=\"uagb-container-inner-blocks-wrap\">\n<div class=\"wp-block-uagb-container uagb-layout-grid uagb-block-08bcd5b3 alignfull uagb-is-root-container\"><div class=\"uagb-container-inner-blocks-wrap\">\n          \n\n          <div class=\"wp-block-uagb-image alignleft uagb-block-85bc0136 wp-block-uagb-image--layout-default wp-block-uagb-image--effect-static wp-block-uagb-image--align-left\">\n            <figure class=\"wp-block-uagb-image__figure\">\n              <img decoding=\"async\" srcset=\"https:\/\/gardenersfriend.eu\/wp-content\/uploads\/2022\/02\/unique-image.jpg ,https:\/\/gardenersfriend.eu\/wp-content\/uploads\/2022\/02\/unique-image.jpg 780w\" sizes=\"auto, (max-width: 480px) 150px\" src=\"https:\/\/gardenersfriend.eu\/wp-content\/uploads\/2022\/02\/unique-image.jpg\" alt=\"\" class=\"uag-image-137\" width=\"486\" height=\"497\" title=\"\" loading=\"lazy\" role=\"img\">\n            <\/figure>\n          <\/div>\n          \n\n        \n\n\n\n<div class=\"wp-block-uagb-info-box uagb-block-229f40af uagb-infobox__content-wrap  uagb-infobox-icon-above-title uagb-infobox-image-valign-top\"><div class=\"uagb-ifb-content\"><div class=\"uagb-ifb-title-wrap\"><h2 class=\"uagb-ifb-title\">Vilka vi \u00e4r<\/h2><\/div><p class=\"uagb-ifb-desc\">Lite om oss. Vi \u00e4r ett f\u00f6retag som grundades 2023 i Polen som s\u00e4ljer allt som beh\u00f6vs i tr\u00e4dg\u00e5rden. Vi \u00e4r bara en onlinebutik. Vi s\u00e4ljer endast fullt v\u00e4rdefulla produkter som vi tar fullt ansvar f\u00f6r. V\u00e5ra kunder f\u00e5r alltid gratis expressfrakt och deras ink\u00f6p skyddas av betalningsprocessorer som Paypal och Stipe etc. Vi pratar g\u00e4rna med varje kund och hur man kontaktar oss beskrivs p\u00e5 fliken &#8221;Kontakt&#8221;. Alla v\u00e5ra policyer \u00e4r offentliga och l\u00e4nkar till dem finns i sidfoten      <\/p><\/div><\/div>\n<\/div><\/div>\n\n\n\n<div class=\"wp-block-uagb-container uagb-layout-flex uagb-block-9d5f4720 alignfull uagb-is-root-container\"><div class=\"uagb-container-inner-blocks-wrap\">\n<div class=\"wp-block-uagb-container uagb-block-4cd0912d\">\n<div class=\"wp-block-uagb-info-box uagb-block-e5a06a9b uagb-infobox__content-wrap  uagb-infobox-icon-above-title uagb-infobox-image-valign-top\"><div class=\"uagb-ifb-content\"><div class=\"uagb-ifb-title-wrap\"><h2 class=\"uagb-ifb-title\">V\u00e5rt uppdrag<\/h2><\/div><p class=\"uagb-ifb-desc\">Vi vill leverera fullv\u00e4rdiga produkter till v\u00e5ra kunder fr\u00e5n hela Europa p\u00e5 kortast m\u00f6jliga tid. Och goda omd\u00f6men om v\u00e5ra tj\u00e4nster \u00e4r motivation f\u00f6r att utvecklas. <\/p><\/div><\/div>\n<\/div>\n\n\n\n          \n\n          <div class=\"wp-block-uagb-image alignright uagb-block-9dc3bcaa wp-block-uagb-image--layout-default wp-block-uagb-image--effect-static wp-block-uagb-image--align-right\">\n            <figure class=\"wp-block-uagb-image__figure\">\n              <img decoding=\"async\" srcset=\"https:\/\/gardenersfriend.eu\/wp-content\/uploads\/2022\/02\/outdoor-bg.jpg ,https:\/\/gardenersfriend.eu\/wp-content\/uploads\/2022\/02\/outdoor-bg.jpg 780w, https:\/\/gardenersfriend.eu\/wp-content\/uploads\/2022\/02\/outdoor-bg.jpg 360w\" sizes=\"auto, (max-width: 480px) 150px\" src=\"https:\/\/gardenersfriend.eu\/wp-content\/uploads\/2022\/02\/outdoor-bg.jpg\" alt=\"\" class=\"uag-image-78\" width=\"486\" height=\"497\" title=\"utomhus-bg\" loading=\"lazy\" role=\"img\">\n            <\/figure>\n          <\/div>\n          \n\n        \n<\/div><\/div>\n<\/div><\/div>\n\n<div class=\"wp-block-uagb-container uagb-layout-grid uagb-block-b1581bca alignfull uagb-is-root-container\"><div class=\"uagb-container-inner-blocks-wrap\">\n          \n\n          <div class=\"wp-block-uagb-image uagb-block-263bd894 wp-block-uagb-image--layout-default wp-block-uagb-image--effect-static wp-block-uagb-image--align-none\">\n            <figure class=\"wp-block-uagb-image__figure\">\n              <img decoding=\"async\" srcset=\"https:\/\/gardenersfriend.eu\/wp-content\/uploads\/2024\/09\/DSCF8578-kopia-783x1024.jpg ,https:\/\/gardenersfriend.eu\/wp-content\/uploads\/2024\/09\/DSCF8578-kopia-scaled.jpg 780w, https:\/\/gardenersfriend.eu\/wp-content\/uploads\/2024\/09\/DSCF8578-kopia-scaled.jpg 360w\" sizes=\"auto, (max-width: 480px) 150px\" src=\"https:\/\/gardenersfriend.eu\/wp-content\/uploads\/2024\/09\/DSCF8578-kopia-783x1024.jpg\" alt=\"\" class=\"uag-image-1564\" width=\"534\" height=\"673\" title=\"DSCF8578 kopia\" loading=\"lazy\" role=\"img\">\n            <\/figure>\n          <\/div>\n          \n\n        \n\n\n\n<div class=\"wp-block-uagb-container uagb-block-e0f446b1\">\n<div class=\"wp-block-uagb-info-box uagb-block-72064f7b uagb-infobox__content-wrap  uagb-infobox-icon-above-title uagb-infobox-image-valign-top\"><div class=\"uagb-ifb-content\"><div class=\"uagb-ifb-title-wrap\"><span class=\"uagb-ifb-title-prefix\">Grundare<\/span><h2 class=\"uagb-ifb-title\">Marek Cejrowski<\/h2><\/div><\/div><\/div>\n<\/div>\n<\/div><\/div>\n\n<div class=\"wp-block-uagb-container uagb-block-1fc74e82 alignfull uagb-is-root-container\">\n<div class=\"wp-block-uagb-info-box uagb-block-6f4011ff uagb-infobox__content-wrap  uagb-infobox-icon-above-title uagb-infobox-image-valign-top\"><div class=\"uagb-ifb-content\"><div class=\"uagb-ifb-icon-wrap\"><svg xmlns=\"https:\/\/www.w3.org\/2000\/svg\" viewbox=\"0 0 448 512\"><path d=\"M224.1 141c-63.6 0-114.9 51.3-114.9 114.9s51.3 114.9 114.9 114.9S339 319.5 339 255.9 287.7 141 224.1 141zm0 189.6c-41.1 0-74.7-33.5-74.7-74.7s33.5-74.7 74.7-74.7 74.7 33.5 74.7 74.7-33.6 74.7-74.7 74.7zm146.4-194.3c0 14.9-12 26.8-26.8 26.8-14.9 0-26.8-12-26.8-26.8s12-26.8 26.8-26.8 26.8 12 26.8 26.8zm76.1 27.2c-1.7-35.9-9.9-67.7-36.2-93.9-26.2-26.2-58-34.4-93.9-36.2-37-2.1-147.9-2.1-184.9 0-35.8 1.7-67.6 9.9-93.9 36.1s-34.4 58-36.2 93.9c-2.1 37-2.1 147.9 0 184.9 1.7 35.9 9.9 67.7 36.2 93.9s58 34.4 93.9 36.2c37 2.1 147.9 2.1 184.9 0 35.9-1.7 67.7-9.9 93.9-36.2 26.2-26.2 34.4-58 36.2-93.9 2.1-37 2.1-147.8 0-184.8zM398.8 388c-7.8 19.6-22.9 34.7-42.6 42.6-29.5 11.7-99.5 9-132.1 9s-102.7 2.6-132.1-9c-19.6-7.8-34.7-22.9-42.6-42.6-11.7-29.5-9-99.5-9-132.1s-2.6-102.7 9-132.1c7.8-19.6 22.9-34.7 42.6-42.6 29.5-11.7 99.5-9 132.1-9s102.7-2.6 132.1 9c19.6 7.8 34.7 22.9 42.6 42.6 11.7 29.5 9 99.5 9 132.1s2.7 102.7-9 132.1z\"><\/path><\/svg><\/div><div class=\"uagb-ifb-title-wrap\"><h3 class=\"uagb-ifb-title\">F\u00f6lj <a href=\"https:\/\/www.instagram.com\/gardeners_friend_store\" data-type=\"link\" data-id=\"https:\/\/www.instagram.com\/gardeners_friend_store\">Gardeners Friend<\/a><\/h3><\/div><\/div><\/div>\n\n\n\n          \n\n          <div class=\"wp-block-uagb-image uagb-block-cb4ed534 wp-block-uagb-image--layout-default wp-block-uagb-image--effect-static wp-block-uagb-image--align-none\">\n            <figure class=\"wp-block-uagb-image__figure\">\n              <img decoding=\"async\" srcset=\"https:\/\/gardenersfriend.eu\/wp-content\/uploads\/2022\/02\/instafeed-image.jpg\n \" sizes=\"auto, (max-width: 480px) 150px\" src=\"https:\/\/gardenersfriend.eu\/wp-content\/uploads\/2022\/02\/instafeed-image.jpg\" alt=\"\" class=\"uag-image-147\" width=\"1920\" height=\"384\" title=\"\" loading=\"lazy\" role=\"img\">\n            <\/figure>\n          <\/div>\n          \n\n        \n<\/div>\n\n<p><\/p>\n","protected":false},"excerpt":{"rendered":"<p>Om oss<\/p>\n","protected":false},"author":1,"featured_media":0,"parent":0,"menu_order":0,"comment_status":"closed","ping_status":"closed","template":"","meta":{"_uag_custom_page_level_css":"","site-sidebar-layout":"no-sidebar","site-content-layout":"plain-container","ast-site-content-layout":"normal-width-container","site-content-style":"unboxed","site-sidebar-style":"unboxed","ast-global-header-display":"","ast-banner-title-visibility":"","ast-main-header-display":"","ast-hfb-above-header-display":"","ast-hfb-below-header-display":"","ast-hfb-mobile-header-display":"","site-post-title":"disabled","ast-breadcrumbs-content":"","ast-featured-img":"disabled","footer-sml-layout":"","ast-disable-related-posts":"","theme-transparent-header-meta":"default","adv-header-id-meta":"","stick-header-meta":"","header-above-stick-meta":"","header-main-stick-meta":"","header-below-stick-meta":"","astra-migrate-meta-layouts":"default","ast-page-background-enabled":"default","ast-page-background-meta":{"desktop":{"background-color":"var(--ast-global-color-4)","background-image":"","background-repeat":"repeat","background-position":"center center","background-size":"auto","background-attachment":"scroll","background-type":"","background-media":"","overlay-type":"","overlay-color":"","overlay-opacity":"","overlay-gradient":""},"tablet":{"background-color":"","background-image":"","background-repeat":"repeat","background-position":"center center","background-size":"auto","background-attachment":"scroll","background-type":"","background-media":"","overlay-type":"","overlay-color":"","overlay-opacity":"","overlay-gradient":""},"mobile":{"background-color":"","background-image":"","background-repeat":"repeat","background-position":"center center","background-size":"auto","background-attachment":"scroll","background-type":"","background-media":"","overlay-type":"","overlay-color":"","overlay-opacity":"","overlay-gradient":""}},"ast-content-background-meta":{"desktop":{"background-color":"var(--ast-global-color-5)","background-image":"","background-repeat":"repeat","background-position":"center center","background-size":"auto","background-attachment":"scroll","background-type":"","background-media":"","overlay-type":"","overlay-color":"","overlay-opacity":"","overlay-gradient":""},"tablet":{"background-color":"var(--ast-global-color-5)","background-image":"","background-repeat":"repeat","background-position":"center center","background-size":"auto","background-attachment":"scroll","background-type":"","background-media":"","overlay-type":"","overlay-color":"","overlay-opacity":"","overlay-gradient":""},"mobile":{"background-color":"var(--ast-global-color-5)","background-image":"","background-repeat":"repeat","background-position":"center center","background-size":"auto","background-attachment":"scroll","background-type":"","background-media":"","overlay-type":"","overlay-color":"","overlay-opacity":"","overlay-gradient":""}},"footnotes":""},"class_list":["post-2256","page","type-page","status-publish","hentry"],"yoast_head":"<!-- This site is optimized with the Yoast SEO plugin v27.4 - https:\/\/yoast.com\/product\/yoast-seo-wordpress\/ -->\n<title>Om oss - Gardeners Friend<\/title>\n<meta name=\"description\" content=\"Den h\u00e4r sidan beskriver allt om oss och vilka vi \u00e4r. Du kan ta reda p\u00e5 vilka vi \u00e4r och varf\u00f6r vi vill arbeta f\u00f6r dig\" \/>\n<meta name=\"robots\" content=\"index, follow, max-snippet:-1, max-image-preview:large, max-video-preview:-1\" \/>\n<link rel=\"canonical\" href=\"https:\/\/gardenersfriend.eu\/sv\/om-oss\/\" \/>\n<meta property=\"og:locale\" content=\"sv_SE\" \/>\n<meta property=\"og:type\" content=\"article\" \/>\n<meta property=\"og:title\" content=\"Om oss - Gardeners Friend\" \/>\n<meta property=\"og:description\" content=\"Den h\u00e4r sidan beskriver allt om oss och vilka vi \u00e4r. Du kan ta reda p\u00e5 vilka vi \u00e4r och varf\u00f6r vi vill arbeta f\u00f6r dig\" \/>\n<meta property=\"og:url\" content=\"https:\/\/gardenersfriend.eu\/sv\/om-oss\/\" \/>\n<meta property=\"og:site_name\" content=\"Gardeners Friend\" \/>\n<meta property=\"article:publisher\" content=\"https:\/\/www.facebook.com\/people\/Gardeners-Friend-Store\/61566268054378\/\" \/>\n<meta property=\"article:modified_time\" content=\"2025-02-18T04:13:46+00:00\" \/>\n<meta property=\"og:image\" content=\"http:\/\/gardenersfriend.eu\/wp-content\/uploads\/2022\/02\/unique-image.jpg\" \/>\n<meta name=\"twitter:card\" content=\"summary_large_image\" \/>\n<meta name=\"twitter:label1\" content=\"Ber\u00e4knad l\u00e4stid\" \/>\n\t<meta name=\"twitter:data1\" content=\"1 minut\" \/>\n<script type=\"application\/ld+json\" class=\"yoast-schema-graph\">{\"@context\":\"https:\\\/\\\/schema.org\",\"@graph\":[{\"@type\":\"WebPage\",\"@id\":\"https:\\\/\\\/gardenersfriend.eu\\\/sv\\\/om-oss\\\/\",\"url\":\"https:\\\/\\\/gardenersfriend.eu\\\/sv\\\/om-oss\\\/\",\"name\":\"Om oss - Gardeners Friend\",\"isPartOf\":{\"@id\":\"https:\\\/\\\/gardenersfriend.eu\\\/sv\\\/#website\"},\"primaryImageOfPage\":{\"@id\":\"https:\\\/\\\/gardenersfriend.eu\\\/sv\\\/om-oss\\\/#primaryimage\"},\"image\":{\"@id\":\"https:\\\/\\\/gardenersfriend.eu\\\/sv\\\/om-oss\\\/#primaryimage\"},\"thumbnailUrl\":\"http:\\\/\\\/gardenersfriend.eu\\\/wp-content\\\/uploads\\\/2022\\\/02\\\/unique-image.jpg\",\"datePublished\":\"2024-09-17T17:31:14+00:00\",\"dateModified\":\"2025-02-18T04:13:46+00:00\",\"description\":\"Den h\u00e4r sidan beskriver allt om oss och vilka vi \u00e4r. Du kan ta reda p\u00e5 vilka vi \u00e4r och varf\u00f6r vi vill arbeta f\u00f6r dig\",\"breadcrumb\":{\"@id\":\"https:\\\/\\\/gardenersfriend.eu\\\/sv\\\/om-oss\\\/#breadcrumb\"},\"inLanguage\":\"sv-SE\",\"potentialAction\":[{\"@type\":\"ReadAction\",\"target\":[\"https:\\\/\\\/gardenersfriend.eu\\\/sv\\\/om-oss\\\/\"]}]},{\"@type\":\"ImageObject\",\"inLanguage\":\"sv-SE\",\"@id\":\"https:\\\/\\\/gardenersfriend.eu\\\/sv\\\/om-oss\\\/#primaryimage\",\"url\":\"http:\\\/\\\/gardenersfriend.eu\\\/wp-content\\\/uploads\\\/2022\\\/02\\\/unique-image.jpg\",\"contentUrl\":\"http:\\\/\\\/gardenersfriend.eu\\\/wp-content\\\/uploads\\\/2022\\\/02\\\/unique-image.jpg\"},{\"@type\":\"BreadcrumbList\",\"@id\":\"https:\\\/\\\/gardenersfriend.eu\\\/sv\\\/om-oss\\\/#breadcrumb\",\"itemListElement\":[{\"@type\":\"ListItem\",\"position\":1,\"name\":\"Strona g\u0142\u00f3wna\",\"item\":\"https:\\\/\\\/gardenersfriend.eu\\\/sv\\\/\"},{\"@type\":\"ListItem\",\"position\":2,\"name\":\"Om oss\"}]},{\"@type\":\"WebSite\",\"@id\":\"https:\\\/\\\/gardenersfriend.eu\\\/sv\\\/#website\",\"url\":\"https:\\\/\\\/gardenersfriend.eu\\\/sv\\\/\",\"name\":\"Gardeners Friend\",\"description\":\"herbicides, fertilisers, roundup\",\"publisher\":{\"@id\":\"https:\\\/\\\/gardenersfriend.eu\\\/sv\\\/#organization\"},\"potentialAction\":[{\"@type\":\"SearchAction\",\"target\":{\"@type\":\"EntryPoint\",\"urlTemplate\":\"https:\\\/\\\/gardenersfriend.eu\\\/sv\\\/?s={search_term_string}\"},\"query-input\":{\"@type\":\"PropertyValueSpecification\",\"valueRequired\":true,\"valueName\":\"search_term_string\"}}],\"inLanguage\":\"sv-SE\"},{\"@type\":\"Organization\",\"@id\":\"https:\\\/\\\/gardenersfriend.eu\\\/sv\\\/#organization\",\"name\":\"Gardeners Friend\",\"url\":\"https:\\\/\\\/gardenersfriend.eu\\\/sv\\\/\",\"logo\":{\"@type\":\"ImageObject\",\"inLanguage\":\"sv-SE\",\"@id\":\"https:\\\/\\\/gardenersfriend.eu\\\/sv\\\/#\\\/schema\\\/logo\\\/image\\\/\",\"url\":\"https:\\\/\\\/gardenersfriend.eu\\\/wp-content\\\/uploads\\\/2025\\\/09\\\/gf_accepted_big_logo.png\",\"contentUrl\":\"https:\\\/\\\/gardenersfriend.eu\\\/wp-content\\\/uploads\\\/2025\\\/09\\\/gf_accepted_big_logo.png\",\"width\":2000,\"height\":1000,\"caption\":\"Gardeners Friend\"},\"image\":{\"@id\":\"https:\\\/\\\/gardenersfriend.eu\\\/sv\\\/#\\\/schema\\\/logo\\\/image\\\/\"},\"sameAs\":[\"https:\\\/\\\/www.facebook.com\\\/people\\\/Gardeners-Friend-Store\\\/61566268054378\\\/\",\"https:\\\/\\\/www.instagram.com\\\/gardeners_friend_store\\\/\"]}]}<\/script>\n<!-- \/ Yoast SEO plugin. -->","yoast_head_json":{"title":"Om oss - Gardeners Friend","description":"Den h\u00e4r sidan beskriver allt om oss och vilka vi \u00e4r. Du kan ta reda p\u00e5 vilka vi \u00e4r och varf\u00f6r vi vill arbeta f\u00f6r dig","robots":{"index":"index","follow":"follow","max-snippet":"max-snippet:-1","max-image-preview":"max-image-preview:large","max-video-preview":"max-video-preview:-1"},"canonical":"https:\/\/gardenersfriend.eu\/sv\/om-oss\/","og_locale":"sv_SE","og_type":"article","og_title":"Om oss - Gardeners Friend","og_description":"Den h\u00e4r sidan beskriver allt om oss och vilka vi \u00e4r. Du kan ta reda p\u00e5 vilka vi \u00e4r och varf\u00f6r vi vill arbeta f\u00f6r dig","og_url":"https:\/\/gardenersfriend.eu\/sv\/om-oss\/","og_site_name":"Gardeners Friend","article_publisher":"https:\/\/www.facebook.com\/people\/Gardeners-Friend-Store\/61566268054378\/","article_modified_time":"2025-02-18T04:13:46+00:00","og_image":[{"url":"http:\/\/gardenersfriend.eu\/wp-content\/uploads\/2022\/02\/unique-image.jpg","type":"","width":"","height":""}],"twitter_card":"summary_large_image","twitter_misc":{"Ber\u00e4knad l\u00e4stid":"1 minut"},"schema":{"@context":"https:\/\/schema.org","@graph":[{"@type":"WebPage","@id":"https:\/\/gardenersfriend.eu\/sv\/om-oss\/","url":"https:\/\/gardenersfriend.eu\/sv\/om-oss\/","name":"Om oss - Gardeners Friend","isPartOf":{"@id":"https:\/\/gardenersfriend.eu\/sv\/#website"},"primaryImageOfPage":{"@id":"https:\/\/gardenersfriend.eu\/sv\/om-oss\/#primaryimage"},"image":{"@id":"https:\/\/gardenersfriend.eu\/sv\/om-oss\/#primaryimage"},"thumbnailUrl":"http:\/\/gardenersfriend.eu\/wp-content\/uploads\/2022\/02\/unique-image.jpg","datePublished":"2024-09-17T17:31:14+00:00","dateModified":"2025-02-18T04:13:46+00:00","description":"Den h\u00e4r sidan beskriver allt om oss och vilka vi \u00e4r. Du kan ta reda p\u00e5 vilka vi \u00e4r och varf\u00f6r vi vill arbeta f\u00f6r dig","breadcrumb":{"@id":"https:\/\/gardenersfriend.eu\/sv\/om-oss\/#breadcrumb"},"inLanguage":"sv-SE","potentialAction":[{"@type":"ReadAction","target":["https:\/\/gardenersfriend.eu\/sv\/om-oss\/"]}]},{"@type":"ImageObject","inLanguage":"sv-SE","@id":"https:\/\/gardenersfriend.eu\/sv\/om-oss\/#primaryimage","url":"http:\/\/gardenersfriend.eu\/wp-content\/uploads\/2022\/02\/unique-image.jpg","contentUrl":"http:\/\/gardenersfriend.eu\/wp-content\/uploads\/2022\/02\/unique-image.jpg"},{"@type":"BreadcrumbList","@id":"https:\/\/gardenersfriend.eu\/sv\/om-oss\/#breadcrumb","itemListElement":[{"@type":"ListItem","position":1,"name":"Strona g\u0142\u00f3wna","item":"https:\/\/gardenersfriend.eu\/sv\/"},{"@type":"ListItem","position":2,"name":"Om oss"}]},{"@type":"WebSite","@id":"https:\/\/gardenersfriend.eu\/sv\/#website","url":"https:\/\/gardenersfriend.eu\/sv\/","name":"Gardeners Friend","description":"herbicides, fertilisers, roundup","publisher":{"@id":"https:\/\/gardenersfriend.eu\/sv\/#organization"},"potentialAction":[{"@type":"SearchAction","target":{"@type":"EntryPoint","urlTemplate":"https:\/\/gardenersfriend.eu\/sv\/?s={search_term_string}"},"query-input":{"@type":"PropertyValueSpecification","valueRequired":true,"valueName":"search_term_string"}}],"inLanguage":"sv-SE"},{"@type":"Organization","@id":"https:\/\/gardenersfriend.eu\/sv\/#organization","name":"Gardeners Friend","url":"https:\/\/gardenersfriend.eu\/sv\/","logo":{"@type":"ImageObject","inLanguage":"sv-SE","@id":"https:\/\/gardenersfriend.eu\/sv\/#\/schema\/logo\/image\/","url":"https:\/\/gardenersfriend.eu\/wp-content\/uploads\/2025\/09\/gf_accepted_big_logo.png","contentUrl":"https:\/\/gardenersfriend.eu\/wp-content\/uploads\/2025\/09\/gf_accepted_big_logo.png","width":2000,"height":1000,"caption":"Gardeners Friend"},"image":{"@id":"https:\/\/gardenersfriend.eu\/sv\/#\/schema\/logo\/image\/"},"sameAs":["https:\/\/www.facebook.com\/people\/Gardeners-Friend-Store\/61566268054378\/","https:\/\/www.instagram.com\/gardeners_friend_store\/"]}]}},"uagb_featured_image_src":{"full":false,"thumbnail":false,"medium":false,"medium_large":false,"large":false,"1536x1536":false,"2048x2048":false,"woocommerce_thumbnail":false,"woocommerce_single":false,"woocommerce_gallery_thumbnail":false},"uagb_author_info":{"display_name":"admin","author_link":"https:\/\/gardenersfriend.eu\/sv\/author\/admin\/"},"uagb_comment_info":0,"uagb_excerpt":"Om oss","jetpack_sharing_enabled":true,"_links":{"self":[{"href":"https:\/\/gardenersfriend.eu\/sv\/wp-json\/wp\/v2\/pages\/2256","targetHints":{"allow":["GET"]}}],"collection":[{"href":"https:\/\/gardenersfriend.eu\/sv\/wp-json\/wp\/v2\/pages"}],"about":[{"href":"https:\/\/gardenersfriend.eu\/sv\/wp-json\/wp\/v2\/types\/page"}],"author":[{"embeddable":true,"href":"https:\/\/gardenersfriend.eu\/sv\/wp-json\/wp\/v2\/users\/1"}],"replies":[{"embeddable":true,"href":"https:\/\/gardenersfriend.eu\/sv\/wp-json\/wp\/v2\/comments?post=2256"}],"version-history":[{"count":0,"href":"https:\/\/gardenersfriend.eu\/sv\/wp-json\/wp\/v2\/pages\/2256\/revisions"}],"wp:attachment":[{"href":"https:\/\/gardenersfriend.eu\/sv\/wp-json\/wp\/v2\/media?parent=2256"}],"curies":[{"name":"wp","href":"https:\/\/api.w.org\/{rel}","templated":true}]}}