{"id":2289,"date":"2024-09-18T02:00:25","date_gmt":"2024-09-18T00:00:25","guid":{"rendered":"https:\/\/gardenersfriend.eu\/aterbetalningspolicy\/"},"modified":"2024-11-12T03:17:44","modified_gmt":"2024-11-12T02:17:44","slug":"aterbetalningspolicy","status":"publish","type":"page","link":"https:\/\/gardenersfriend.eu\/sv\/aterbetalningspolicy\/","title":{"rendered":"\u00c5terbetalningspolicy"},"content":{"rendered":"\n<h2 class=\"wp-block-heading has-text-align-center\">\u00c5terbetalningspolicy<\/h2>\n\n<h4 class=\"wp-block-heading\">\u00d6versikt<\/h4>\n\n<p>Vi har en 60-dagars returpolicy, vilket inneb\u00e4r att du har 60 dagar p\u00e5 dig att beg\u00e4ra en retur efter att du har mottagit din vara.<br\/><br\/>F\u00f6r att du ska kunna returnera en vara m\u00e5ste den vara i samma skick som du fick den, oanv\u00e4nd, med taggar och i originalf\u00f6rpackning.\nDu beh\u00f6ver ocks\u00e5 kvittot eller ink\u00f6psbeviset. <br\/><br\/>F\u00f6r att p\u00e5b\u00f6rja en retur kan du kontakta oss p\u00e5 <a href=\"mailto:friendofgardeners@gmail.com\">store@gardenersfriend.eu <\/a> Observera att returer m\u00e5ste skickas till f\u00f6ljande adress:  <br\/><br\/>Gardeners Friend<br\/>ul.\nPrzegali\u0144ska 163\/6<br\/>80-680 Gda\u0144sk<br\/> Polen <\/p>\n\n<p>Om din retur accepteras skickar vi dig en returfraktsedel samt instruktioner om hur och vart du ska skicka ditt paket.\nVaror som skickas tillbaka till oss utan att vi f\u00f6rst har beg\u00e4rt en retur kommer inte att accepteras. <br\/><br\/>Du kan alltid kontakta oss f\u00f6r eventuella returfr\u00e5gor p\u00e5 <a href=\"mailto:friendofgardeners@gmail.com\">store@gardenersfriend.eu<\/a><\/p>\n\n<h4 class=\"wp-block-heading\"><strong>Skadest\u00e5nd och fr\u00e5gor<\/strong><\/h4>\n\n<p>Kontrollera din best\u00e4llning vid mottagandet och kontakta oss omedelbart om varan \u00e4r defekt, skadad eller om du f\u00e5r fel vara, s\u00e5 att vi kan utv\u00e4rdera problemet och r\u00e4tta till det.<\/p>\n\n<h4 class=\"wp-block-heading\"><strong>Undantag \/ ej \u00e5terl\u00e4mningsbara artiklar<\/strong><\/h4>\n\n<p>Vissa typer av varor kan inte returneras, t.ex. f\u00e4rskvaror (t.ex. livsmedel, blommor eller v\u00e4xter), specialbest\u00e4llda varor (t.ex. specialorder eller personliga varor) och varor f\u00f6r personlig v\u00e5rd (t.ex. sk\u00f6nhetsprodukter).\nVi tar inte heller emot returer av farliga material, brandfarliga v\u00e4tskor eller gaser.\nV\u00e4nligen kontakta oss om du har fr\u00e5gor eller funderingar kring din specifika vara.  <\/p>\n\n<p>Tyv\u00e4rr kan vi inte ta emot returer p\u00e5 reavaror eller presentkort.<\/p>\n\n<h4 class=\"wp-block-heading\"><strong>Utbyten<\/strong><\/h4>\n\n<p>Det snabbaste s\u00e4ttet att se till att du f\u00e5r det du vill ha \u00e4r att returnera den vara du har, och n\u00e4r returen har accepterats g\u00f6r du ett separat k\u00f6p av den nya varan.<\/p>\n\n<h4 class=\"wp-block-heading\"><strong>Europeiska unionen 14 dagars \u00e5ngerr\u00e4tt<\/strong><\/h4>\n\n<p>Trots ovanst\u00e5ende, om varan skickas till Europeiska unionen, har du r\u00e4tt att annullera eller returnera din best\u00e4llning inom 14 dagar, oavsett anledning och utan motivering.\nSom ovan m\u00e5ste din vara vara i samma skick som du fick den, oanv\u00e4nd eller oanv\u00e4nd, med taggar och i originalf\u00f6rpackningen.\nDu beh\u00f6ver ocks\u00e5 kvittot eller ink\u00f6psbeviset.  <\/p>\n\n<h4 class=\"wp-block-heading\"><strong>\u00c5terbetalning<\/strong><\/h4>\n\n<p>Vi meddelar dig n\u00e4r vi har tagit emot och kontrollerat din retur och meddelar dig om \u00e5terbetalningen har godk\u00e4nts eller inte.\nOm \u00e5terbetalningen godk\u00e4nns f\u00e5r du en automatisk \u00e5terbetalning till din ursprungliga betalningsmetod inom 10 arbetsdagar.\nKom ih\u00e5g att det kan ta lite tid f\u00f6r din bank eller ditt kreditkortsf\u00f6retag att behandla och posta \u00e5terbetalningen ocks\u00e5.<br\/>Om mer \u00e4n 15 arbetsdagar har g\u00e5tt sedan vi godk\u00e4nde din retur, v\u00e4nligen kontakta oss p\u00e5 <a href=\"mailto:friendofgardeners@gmail.com\">store@gardenersfriend.eu<\/a>  <\/p>\n\n<p><\/p>\n","protected":false},"excerpt":{"rendered":"<p>\u00c5terbetalningspolicy \u00d6versikt Vi har en 60-dagars returpolicy, vilket inneb\u00e4r att du har 60 dagar p\u00e5 dig att beg\u00e4ra en retur efter att du har mottagit din vara. F\u00f6r att du ska kunna returnera en vara m\u00e5ste den vara i samma skick som du fick den, oanv\u00e4nd, med taggar och i originalf\u00f6rpackning. Du beh\u00f6ver ocks\u00e5 kvittot [&hellip;]<\/p>\n","protected":false},"author":1,"featured_media":0,"parent":0,"menu_order":0,"comment_status":"closed","ping_status":"closed","template":"","meta":{"_uag_custom_page_level_css":"","site-sidebar-layout":"default","site-content-layout":"","ast-site-content-layout":"default","site-content-style":"default","site-sidebar-style":"default","ast-global-header-display":"","ast-banner-title-visibility":"","ast-main-header-display":"","ast-hfb-above-header-display":"","ast-hfb-below-header-display":"","ast-hfb-mobile-header-display":"","site-post-title":"disabled","ast-breadcrumbs-content":"","ast-featured-img":"","footer-sml-layout":"","ast-disable-related-posts":"","theme-transparent-header-meta":"","adv-header-id-meta":"","stick-header-meta":"","header-above-stick-meta":"","header-main-stick-meta":"","header-below-stick-meta":"","astra-migrate-meta-layouts":"default","ast-page-background-enabled":"default","ast-page-background-meta":{"desktop":{"background-color":"var(--ast-global-color-4)","background-image":"","background-repeat":"repeat","background-position":"center center","background-size":"auto","background-attachment":"scroll","background-type":"","background-media":"","overlay-type":"","overlay-color":"","overlay-opacity":"","overlay-gradient":""},"tablet":{"background-color":"","background-image":"","background-repeat":"repeat","background-position":"center center","background-size":"auto","background-attachment":"scroll","background-type":"","background-media":"","overlay-type":"","overlay-color":"","overlay-opacity":"","overlay-gradient":""},"mobile":{"background-color":"","background-image":"","background-repeat":"repeat","background-position":"center center","background-size":"auto","background-attachment":"scroll","background-type":"","background-media":"","overlay-type":"","overlay-color":"","overlay-opacity":"","overlay-gradient":""}},"ast-content-background-meta":{"desktop":{"background-color":"var(--ast-global-color-5)","background-image":"","background-repeat":"repeat","background-position":"center center","background-size":"auto","background-attachment":"scroll","background-type":"","background-media":"","overlay-type":"","overlay-color":"","overlay-opacity":"","overlay-gradient":""},"tablet":{"background-color":"var(--ast-global-color-5)","background-image":"","background-repeat":"repeat","background-position":"center center","background-size":"auto","background-attachment":"scroll","background-type":"","background-media":"","overlay-type":"","overlay-color":"","overlay-opacity":"","overlay-gradient":""},"mobile":{"background-color":"var(--ast-global-color-5)","background-image":"","background-repeat":"repeat","background-position":"center center","background-size":"auto","background-attachment":"scroll","background-type":"","background-media":"","overlay-type":"","overlay-color":"","overlay-opacity":"","overlay-gradient":""}},"footnotes":""},"class_list":["post-2289","page","type-page","status-publish","hentry"],"yoast_head":"<!-- This site is optimized with the Yoast SEO plugin v27.4 - https:\/\/yoast.com\/product\/yoast-seo-wordpress\/ -->\n<title>\u00c5terbetalningspolicy - Gardeners Friend<\/title>\n<meta name=\"robots\" content=\"index, follow, max-snippet:-1, max-image-preview:large, max-video-preview:-1\" \/>\n<link rel=\"canonical\" href=\"https:\/\/gardenersfriend.eu\/sv\/aterbetalningspolicy\/\" \/>\n<meta property=\"og:locale\" content=\"sv_SE\" \/>\n<meta property=\"og:type\" content=\"article\" \/>\n<meta property=\"og:title\" content=\"\u00c5terbetalningspolicy - Gardeners Friend\" \/>\n<meta property=\"og:description\" content=\"\u00c5terbetalningspolicy \u00d6versikt Vi har en 60-dagars returpolicy, vilket inneb\u00e4r att du har 60 dagar p\u00e5 dig att beg\u00e4ra en retur efter att du har mottagit din vara. F\u00f6r att du ska kunna returnera en vara m\u00e5ste den vara i samma skick som du fick den, oanv\u00e4nd, med taggar och i originalf\u00f6rpackning. Du beh\u00f6ver ocks\u00e5 kvittot [&hellip;]\" \/>\n<meta property=\"og:url\" content=\"https:\/\/gardenersfriend.eu\/sv\/aterbetalningspolicy\/\" \/>\n<meta property=\"og:site_name\" content=\"Gardeners Friend\" \/>\n<meta property=\"article:publisher\" content=\"https:\/\/www.facebook.com\/people\/Gardeners-Friend-Store\/61566268054378\/\" \/>\n<meta property=\"article:modified_time\" content=\"2024-11-12T02:17:44+00:00\" \/>\n<meta name=\"twitter:card\" content=\"summary_large_image\" \/>\n<meta name=\"twitter:label1\" content=\"Ber\u00e4knad l\u00e4stid\" \/>\n\t<meta name=\"twitter:data1\" content=\"2 minuter\" \/>\n<script type=\"application\/ld+json\" class=\"yoast-schema-graph\">{\"@context\":\"https:\\\/\\\/schema.org\",\"@graph\":[{\"@type\":\"WebPage\",\"@id\":\"https:\\\/\\\/gardenersfriend.eu\\\/sv\\\/aterbetalningspolicy\\\/\",\"url\":\"https:\\\/\\\/gardenersfriend.eu\\\/sv\\\/aterbetalningspolicy\\\/\",\"name\":\"\u00c5terbetalningspolicy - Gardeners Friend\",\"isPartOf\":{\"@id\":\"https:\\\/\\\/gardenersfriend.eu\\\/sv\\\/#website\"},\"datePublished\":\"2024-09-18T00:00:25+00:00\",\"dateModified\":\"2024-11-12T02:17:44+00:00\",\"breadcrumb\":{\"@id\":\"https:\\\/\\\/gardenersfriend.eu\\\/sv\\\/aterbetalningspolicy\\\/#breadcrumb\"},\"inLanguage\":\"sv-SE\",\"potentialAction\":[{\"@type\":\"ReadAction\",\"target\":[\"https:\\\/\\\/gardenersfriend.eu\\\/sv\\\/aterbetalningspolicy\\\/\"]}]},{\"@type\":\"BreadcrumbList\",\"@id\":\"https:\\\/\\\/gardenersfriend.eu\\\/sv\\\/aterbetalningspolicy\\\/#breadcrumb\",\"itemListElement\":[{\"@type\":\"ListItem\",\"position\":1,\"name\":\"Strona g\u0142\u00f3wna\",\"item\":\"https:\\\/\\\/gardenersfriend.eu\\\/sv\\\/\"},{\"@type\":\"ListItem\",\"position\":2,\"name\":\"\u00c5terbetalningspolicy\"}]},{\"@type\":\"WebSite\",\"@id\":\"https:\\\/\\\/gardenersfriend.eu\\\/sv\\\/#website\",\"url\":\"https:\\\/\\\/gardenersfriend.eu\\\/sv\\\/\",\"name\":\"Gardeners Friend\",\"description\":\"herbicides, fertilisers, roundup\",\"publisher\":{\"@id\":\"https:\\\/\\\/gardenersfriend.eu\\\/sv\\\/#organization\"},\"potentialAction\":[{\"@type\":\"SearchAction\",\"target\":{\"@type\":\"EntryPoint\",\"urlTemplate\":\"https:\\\/\\\/gardenersfriend.eu\\\/sv\\\/?s={search_term_string}\"},\"query-input\":{\"@type\":\"PropertyValueSpecification\",\"valueRequired\":true,\"valueName\":\"search_term_string\"}}],\"inLanguage\":\"sv-SE\"},{\"@type\":\"Organization\",\"@id\":\"https:\\\/\\\/gardenersfriend.eu\\\/sv\\\/#organization\",\"name\":\"Gardeners Friend\",\"url\":\"https:\\\/\\\/gardenersfriend.eu\\\/sv\\\/\",\"logo\":{\"@type\":\"ImageObject\",\"inLanguage\":\"sv-SE\",\"@id\":\"https:\\\/\\\/gardenersfriend.eu\\\/sv\\\/#\\\/schema\\\/logo\\\/image\\\/\",\"url\":\"https:\\\/\\\/gardenersfriend.eu\\\/wp-content\\\/uploads\\\/2025\\\/09\\\/gf_accepted_big_logo.png\",\"contentUrl\":\"https:\\\/\\\/gardenersfriend.eu\\\/wp-content\\\/uploads\\\/2025\\\/09\\\/gf_accepted_big_logo.png\",\"width\":2000,\"height\":1000,\"caption\":\"Gardeners Friend\"},\"image\":{\"@id\":\"https:\\\/\\\/gardenersfriend.eu\\\/sv\\\/#\\\/schema\\\/logo\\\/image\\\/\"},\"sameAs\":[\"https:\\\/\\\/www.facebook.com\\\/people\\\/Gardeners-Friend-Store\\\/61566268054378\\\/\",\"https:\\\/\\\/www.instagram.com\\\/gardeners_friend_store\\\/\"]}]}<\/script>\n<!-- \/ Yoast SEO plugin. -->","yoast_head_json":{"title":"\u00c5terbetalningspolicy - Gardeners Friend","robots":{"index":"index","follow":"follow","max-snippet":"max-snippet:-1","max-image-preview":"max-image-preview:large","max-video-preview":"max-video-preview:-1"},"canonical":"https:\/\/gardenersfriend.eu\/sv\/aterbetalningspolicy\/","og_locale":"sv_SE","og_type":"article","og_title":"\u00c5terbetalningspolicy - Gardeners Friend","og_description":"\u00c5terbetalningspolicy \u00d6versikt Vi har en 60-dagars returpolicy, vilket inneb\u00e4r att du har 60 dagar p\u00e5 dig att beg\u00e4ra en retur efter att du har mottagit din vara. F\u00f6r att du ska kunna returnera en vara m\u00e5ste den vara i samma skick som du fick den, oanv\u00e4nd, med taggar och i originalf\u00f6rpackning. Du beh\u00f6ver ocks\u00e5 kvittot [&hellip;]","og_url":"https:\/\/gardenersfriend.eu\/sv\/aterbetalningspolicy\/","og_site_name":"Gardeners Friend","article_publisher":"https:\/\/www.facebook.com\/people\/Gardeners-Friend-Store\/61566268054378\/","article_modified_time":"2024-11-12T02:17:44+00:00","twitter_card":"summary_large_image","twitter_misc":{"Ber\u00e4knad l\u00e4stid":"2 minuter"},"schema":{"@context":"https:\/\/schema.org","@graph":[{"@type":"WebPage","@id":"https:\/\/gardenersfriend.eu\/sv\/aterbetalningspolicy\/","url":"https:\/\/gardenersfriend.eu\/sv\/aterbetalningspolicy\/","name":"\u00c5terbetalningspolicy - Gardeners Friend","isPartOf":{"@id":"https:\/\/gardenersfriend.eu\/sv\/#website"},"datePublished":"2024-09-18T00:00:25+00:00","dateModified":"2024-11-12T02:17:44+00:00","breadcrumb":{"@id":"https:\/\/gardenersfriend.eu\/sv\/aterbetalningspolicy\/#breadcrumb"},"inLanguage":"sv-SE","potentialAction":[{"@type":"ReadAction","target":["https:\/\/gardenersfriend.eu\/sv\/aterbetalningspolicy\/"]}]},{"@type":"BreadcrumbList","@id":"https:\/\/gardenersfriend.eu\/sv\/aterbetalningspolicy\/#breadcrumb","itemListElement":[{"@type":"ListItem","position":1,"name":"Strona g\u0142\u00f3wna","item":"https:\/\/gardenersfriend.eu\/sv\/"},{"@type":"ListItem","position":2,"name":"\u00c5terbetalningspolicy"}]},{"@type":"WebSite","@id":"https:\/\/gardenersfriend.eu\/sv\/#website","url":"https:\/\/gardenersfriend.eu\/sv\/","name":"Gardeners Friend","description":"herbicides, fertilisers, roundup","publisher":{"@id":"https:\/\/gardenersfriend.eu\/sv\/#organization"},"potentialAction":[{"@type":"SearchAction","target":{"@type":"EntryPoint","urlTemplate":"https:\/\/gardenersfriend.eu\/sv\/?s={search_term_string}"},"query-input":{"@type":"PropertyValueSpecification","valueRequired":true,"valueName":"search_term_string"}}],"inLanguage":"sv-SE"},{"@type":"Organization","@id":"https:\/\/gardenersfriend.eu\/sv\/#organization","name":"Gardeners Friend","url":"https:\/\/gardenersfriend.eu\/sv\/","logo":{"@type":"ImageObject","inLanguage":"sv-SE","@id":"https:\/\/gardenersfriend.eu\/sv\/#\/schema\/logo\/image\/","url":"https:\/\/gardenersfriend.eu\/wp-content\/uploads\/2025\/09\/gf_accepted_big_logo.png","contentUrl":"https:\/\/gardenersfriend.eu\/wp-content\/uploads\/2025\/09\/gf_accepted_big_logo.png","width":2000,"height":1000,"caption":"Gardeners Friend"},"image":{"@id":"https:\/\/gardenersfriend.eu\/sv\/#\/schema\/logo\/image\/"},"sameAs":["https:\/\/www.facebook.com\/people\/Gardeners-Friend-Store\/61566268054378\/","https:\/\/www.instagram.com\/gardeners_friend_store\/"]}]}},"uagb_featured_image_src":{"full":false,"thumbnail":false,"medium":false,"medium_large":false,"large":false,"1536x1536":false,"2048x2048":false,"woocommerce_thumbnail":false,"woocommerce_single":false,"woocommerce_gallery_thumbnail":false},"uagb_author_info":{"display_name":"admin","author_link":"https:\/\/gardenersfriend.eu\/sv\/author\/admin\/"},"uagb_comment_info":0,"uagb_excerpt":"\u00c5terbetalningspolicy \u00d6versikt Vi har en 60-dagars returpolicy, vilket inneb\u00e4r att du har 60 dagar p\u00e5 dig att beg\u00e4ra en retur efter att du har mottagit din vara. F\u00f6r att du ska kunna returnera en vara m\u00e5ste den vara i samma skick som du fick den, oanv\u00e4nd, med taggar och i originalf\u00f6rpackning. Du beh\u00f6ver ocks\u00e5 kvittot&hellip;","jetpack_sharing_enabled":true,"_links":{"self":[{"href":"https:\/\/gardenersfriend.eu\/sv\/wp-json\/wp\/v2\/pages\/2289","targetHints":{"allow":["GET"]}}],"collection":[{"href":"https:\/\/gardenersfriend.eu\/sv\/wp-json\/wp\/v2\/pages"}],"about":[{"href":"https:\/\/gardenersfriend.eu\/sv\/wp-json\/wp\/v2\/types\/page"}],"author":[{"embeddable":true,"href":"https:\/\/gardenersfriend.eu\/sv\/wp-json\/wp\/v2\/users\/1"}],"replies":[{"embeddable":true,"href":"https:\/\/gardenersfriend.eu\/sv\/wp-json\/wp\/v2\/comments?post=2289"}],"version-history":[{"count":0,"href":"https:\/\/gardenersfriend.eu\/sv\/wp-json\/wp\/v2\/pages\/2289\/revisions"}],"wp:attachment":[{"href":"https:\/\/gardenersfriend.eu\/sv\/wp-json\/wp\/v2\/media?parent=2289"}],"curies":[{"name":"wp","href":"https:\/\/api.w.org\/{rel}","templated":true}]}}