{"id":2317,"date":"2024-09-18T02:13:52","date_gmt":"2024-09-18T00:13:52","guid":{"rendered":"https:\/\/gardenersfriend.eu\/leveranspolicy\/"},"modified":"2025-08-21T16:10:42","modified_gmt":"2025-08-21T14:10:42","slug":"leveranspolicy","status":"publish","type":"page","link":"https:\/\/gardenersfriend.eu\/sv\/leveranspolicy\/","title":{"rendered":"Leveranspolicy"},"content":{"rendered":"\n<h2 class=\"wp-block-heading has-text-align-center\">Leveranspolicy<\/h2>\n\n<p>Tack f\u00f6r att du bes\u00f6ker och handlar p\u00e5 gardenersfriend.eu F\u00f6ljande \u00e4r de villkor som utg\u00f6r v\u00e5r leveranspolicy.<\/p>\n\n<h4 class=\"wp-block-heading\"><strong>Bearbetningstid f\u00f6r s\u00e4ndning<\/strong><\/h4>\n\n<p>Alla best\u00e4llningar behandlas inom 1-3 arbetsdagar. Best\u00e4llningar skickas eller levereras inte p\u00e5 helger eller helgdagar. Om vi har en h\u00f6g volym av best\u00e4llningar kan leveranserna f\u00f6rsenas med n\u00e5gra dagar. V\u00e4nligen r\u00e4kna med ytterligare dagar i transit f\u00f6r leverans. Om det blir en betydande f\u00f6rsening i leveransen av din best\u00e4llning kommer vi att kontakta dig via e-post.    <\/p>\n\n<h4 class=\"wp-block-heading\"><strong>Fraktpriser &amp; leveransuppskattningar<\/strong><\/h4>\n\n<p>Vi skickar via GLS, ibland DPD och erbjuder gratis leverans.<br\/>Ber\u00e4knad leveranstid \u00e4r 1-4 arbetsdagar. <br\/>Leveransf\u00f6rseningar kan ibland f\u00f6rekomma.<\/p>\n\n<h4 class=\"wp-block-heading\"><strong>Leveransbekr\u00e4ftelse &amp; Ordersp\u00e5rning<\/strong><\/h4>\n\n<p>Du kommer att f\u00e5 en leveransbekr\u00e4ftelse via e-post n\u00e4r din best\u00e4llning har skickats, med ditt\/dina sp\u00e5rningsnummer.  <\/p>\n\n<h4 class=\"wp-block-heading\"><strong>Skadest\u00e5nd<\/strong><\/h4>\n\n<p>gardenersfriend.eu ansvarar inte f\u00f6r produkter som skadas eller f\u00f6rsvinner under leveransen. Om du m\u00e4rker n\u00e5gra skador n\u00e4r du tar emot leveransen, v\u00e4nligen rapportera det till leveransmannen. Om du fick din best\u00e4llning skadad, v\u00e4nligen kontakta oss via e-post och beskriv situationen. Vi kommer att g\u00f6ra en reklamation hos budfirman.   <br\/><\/p>\n\n<p><\/p>\n","protected":false},"excerpt":{"rendered":"<p>Leveranspolicy Tack f\u00f6r att du bes\u00f6ker och handlar p\u00e5 gardenersfriend.eu F\u00f6ljande \u00e4r de villkor som utg\u00f6r v\u00e5r leveranspolicy. Bearbetningstid f\u00f6r s\u00e4ndning Alla best\u00e4llningar behandlas inom 1-3 arbetsdagar. Best\u00e4llningar skickas eller levereras inte p\u00e5 helger eller helgdagar. Om vi har en h\u00f6g volym av best\u00e4llningar kan leveranserna f\u00f6rsenas med n\u00e5gra dagar. V\u00e4nligen r\u00e4kna med ytterligare dagar [&hellip;]<\/p>\n","protected":false},"author":1,"featured_media":0,"parent":0,"menu_order":0,"comment_status":"closed","ping_status":"closed","template":"","meta":{"_uag_custom_page_level_css":"","site-sidebar-layout":"default","site-content-layout":"","ast-site-content-layout":"default","site-content-style":"default","site-sidebar-style":"default","ast-global-header-display":"","ast-banner-title-visibility":"","ast-main-header-display":"","ast-hfb-above-header-display":"","ast-hfb-below-header-display":"","ast-hfb-mobile-header-display":"","site-post-title":"disabled","ast-breadcrumbs-content":"","ast-featured-img":"","footer-sml-layout":"","ast-disable-related-posts":"","theme-transparent-header-meta":"","adv-header-id-meta":"","stick-header-meta":"","header-above-stick-meta":"","header-main-stick-meta":"","header-below-stick-meta":"","astra-migrate-meta-layouts":"default","ast-page-background-enabled":"default","ast-page-background-meta":{"desktop":{"background-color":"var(--ast-global-color-4)","background-image":"","background-repeat":"repeat","background-position":"center center","background-size":"auto","background-attachment":"scroll","background-type":"","background-media":"","overlay-type":"","overlay-color":"","overlay-opacity":"","overlay-gradient":""},"tablet":{"background-color":"","background-image":"","background-repeat":"repeat","background-position":"center center","background-size":"auto","background-attachment":"scroll","background-type":"","background-media":"","overlay-type":"","overlay-color":"","overlay-opacity":"","overlay-gradient":""},"mobile":{"background-color":"","background-image":"","background-repeat":"repeat","background-position":"center center","background-size":"auto","background-attachment":"scroll","background-type":"","background-media":"","overlay-type":"","overlay-color":"","overlay-opacity":"","overlay-gradient":""}},"ast-content-background-meta":{"desktop":{"background-color":"var(--ast-global-color-5)","background-image":"","background-repeat":"repeat","background-position":"center center","background-size":"auto","background-attachment":"scroll","background-type":"","background-media":"","overlay-type":"","overlay-color":"","overlay-opacity":"","overlay-gradient":""},"tablet":{"background-color":"var(--ast-global-color-5)","background-image":"","background-repeat":"repeat","background-position":"center center","background-size":"auto","background-attachment":"scroll","background-type":"","background-media":"","overlay-type":"","overlay-color":"","overlay-opacity":"","overlay-gradient":""},"mobile":{"background-color":"var(--ast-global-color-5)","background-image":"","background-repeat":"repeat","background-position":"center center","background-size":"auto","background-attachment":"scroll","background-type":"","background-media":"","overlay-type":"","overlay-color":"","overlay-opacity":"","overlay-gradient":""}},"footnotes":""},"class_list":["post-2317","page","type-page","status-publish","hentry"],"yoast_head":"<!-- This site is optimized with the Yoast SEO plugin v27.4 - https:\/\/yoast.com\/product\/yoast-seo-wordpress\/ -->\n<title>Leveranspolicy - Gardeners Friend<\/title>\n<meta name=\"robots\" content=\"index, follow, max-snippet:-1, max-image-preview:large, max-video-preview:-1\" \/>\n<link rel=\"canonical\" href=\"https:\/\/gardenersfriend.eu\/sv\/leveranspolicy\/\" \/>\n<meta property=\"og:locale\" content=\"sv_SE\" \/>\n<meta property=\"og:type\" content=\"article\" \/>\n<meta property=\"og:title\" content=\"Leveranspolicy - Gardeners Friend\" \/>\n<meta property=\"og:description\" content=\"Leveranspolicy Tack f\u00f6r att du bes\u00f6ker och handlar p\u00e5 gardenersfriend.eu F\u00f6ljande \u00e4r de villkor som utg\u00f6r v\u00e5r leveranspolicy. Bearbetningstid f\u00f6r s\u00e4ndning Alla best\u00e4llningar behandlas inom 1-3 arbetsdagar. Best\u00e4llningar skickas eller levereras inte p\u00e5 helger eller helgdagar. Om vi har en h\u00f6g volym av best\u00e4llningar kan leveranserna f\u00f6rsenas med n\u00e5gra dagar. V\u00e4nligen r\u00e4kna med ytterligare dagar [&hellip;]\" \/>\n<meta property=\"og:url\" content=\"https:\/\/gardenersfriend.eu\/sv\/leveranspolicy\/\" \/>\n<meta property=\"og:site_name\" content=\"Gardeners Friend\" \/>\n<meta property=\"article:publisher\" content=\"https:\/\/www.facebook.com\/people\/Gardeners-Friend-Store\/61566268054378\/\" \/>\n<meta property=\"article:modified_time\" content=\"2025-08-21T14:10:42+00:00\" \/>\n<meta name=\"twitter:card\" content=\"summary_large_image\" \/>\n<meta name=\"twitter:label1\" content=\"Ber\u00e4knad l\u00e4stid\" \/>\n\t<meta name=\"twitter:data1\" content=\"1 minut\" \/>\n<script type=\"application\/ld+json\" class=\"yoast-schema-graph\">{\"@context\":\"https:\\\/\\\/schema.org\",\"@graph\":[{\"@type\":\"WebPage\",\"@id\":\"https:\\\/\\\/gardenersfriend.eu\\\/sv\\\/leveranspolicy\\\/\",\"url\":\"https:\\\/\\\/gardenersfriend.eu\\\/sv\\\/leveranspolicy\\\/\",\"name\":\"Leveranspolicy - Gardeners Friend\",\"isPartOf\":{\"@id\":\"https:\\\/\\\/gardenersfriend.eu\\\/sv\\\/#website\"},\"datePublished\":\"2024-09-18T00:13:52+00:00\",\"dateModified\":\"2025-08-21T14:10:42+00:00\",\"breadcrumb\":{\"@id\":\"https:\\\/\\\/gardenersfriend.eu\\\/sv\\\/leveranspolicy\\\/#breadcrumb\"},\"inLanguage\":\"sv-SE\",\"potentialAction\":[{\"@type\":\"ReadAction\",\"target\":[\"https:\\\/\\\/gardenersfriend.eu\\\/sv\\\/leveranspolicy\\\/\"]}]},{\"@type\":\"BreadcrumbList\",\"@id\":\"https:\\\/\\\/gardenersfriend.eu\\\/sv\\\/leveranspolicy\\\/#breadcrumb\",\"itemListElement\":[{\"@type\":\"ListItem\",\"position\":1,\"name\":\"Strona g\u0142\u00f3wna\",\"item\":\"https:\\\/\\\/gardenersfriend.eu\\\/sv\\\/\"},{\"@type\":\"ListItem\",\"position\":2,\"name\":\"Leveranspolicy\"}]},{\"@type\":\"WebSite\",\"@id\":\"https:\\\/\\\/gardenersfriend.eu\\\/sv\\\/#website\",\"url\":\"https:\\\/\\\/gardenersfriend.eu\\\/sv\\\/\",\"name\":\"Gardeners Friend\",\"description\":\"herbicides, fertilisers, roundup\",\"publisher\":{\"@id\":\"https:\\\/\\\/gardenersfriend.eu\\\/sv\\\/#organization\"},\"potentialAction\":[{\"@type\":\"SearchAction\",\"target\":{\"@type\":\"EntryPoint\",\"urlTemplate\":\"https:\\\/\\\/gardenersfriend.eu\\\/sv\\\/?s={search_term_string}\"},\"query-input\":{\"@type\":\"PropertyValueSpecification\",\"valueRequired\":true,\"valueName\":\"search_term_string\"}}],\"inLanguage\":\"sv-SE\"},{\"@type\":\"Organization\",\"@id\":\"https:\\\/\\\/gardenersfriend.eu\\\/sv\\\/#organization\",\"name\":\"Gardeners Friend\",\"url\":\"https:\\\/\\\/gardenersfriend.eu\\\/sv\\\/\",\"logo\":{\"@type\":\"ImageObject\",\"inLanguage\":\"sv-SE\",\"@id\":\"https:\\\/\\\/gardenersfriend.eu\\\/sv\\\/#\\\/schema\\\/logo\\\/image\\\/\",\"url\":\"https:\\\/\\\/gardenersfriend.eu\\\/wp-content\\\/uploads\\\/2025\\\/09\\\/gf_accepted_big_logo.png\",\"contentUrl\":\"https:\\\/\\\/gardenersfriend.eu\\\/wp-content\\\/uploads\\\/2025\\\/09\\\/gf_accepted_big_logo.png\",\"width\":2000,\"height\":1000,\"caption\":\"Gardeners Friend\"},\"image\":{\"@id\":\"https:\\\/\\\/gardenersfriend.eu\\\/sv\\\/#\\\/schema\\\/logo\\\/image\\\/\"},\"sameAs\":[\"https:\\\/\\\/www.facebook.com\\\/people\\\/Gardeners-Friend-Store\\\/61566268054378\\\/\",\"https:\\\/\\\/www.instagram.com\\\/gardeners_friend_store\\\/\"]}]}<\/script>\n<!-- \/ Yoast SEO plugin. -->","yoast_head_json":{"title":"Leveranspolicy - Gardeners Friend","robots":{"index":"index","follow":"follow","max-snippet":"max-snippet:-1","max-image-preview":"max-image-preview:large","max-video-preview":"max-video-preview:-1"},"canonical":"https:\/\/gardenersfriend.eu\/sv\/leveranspolicy\/","og_locale":"sv_SE","og_type":"article","og_title":"Leveranspolicy - Gardeners Friend","og_description":"Leveranspolicy Tack f\u00f6r att du bes\u00f6ker och handlar p\u00e5 gardenersfriend.eu F\u00f6ljande \u00e4r de villkor som utg\u00f6r v\u00e5r leveranspolicy. Bearbetningstid f\u00f6r s\u00e4ndning Alla best\u00e4llningar behandlas inom 1-3 arbetsdagar. Best\u00e4llningar skickas eller levereras inte p\u00e5 helger eller helgdagar. Om vi har en h\u00f6g volym av best\u00e4llningar kan leveranserna f\u00f6rsenas med n\u00e5gra dagar. V\u00e4nligen r\u00e4kna med ytterligare dagar [&hellip;]","og_url":"https:\/\/gardenersfriend.eu\/sv\/leveranspolicy\/","og_site_name":"Gardeners Friend","article_publisher":"https:\/\/www.facebook.com\/people\/Gardeners-Friend-Store\/61566268054378\/","article_modified_time":"2025-08-21T14:10:42+00:00","twitter_card":"summary_large_image","twitter_misc":{"Ber\u00e4knad l\u00e4stid":"1 minut"},"schema":{"@context":"https:\/\/schema.org","@graph":[{"@type":"WebPage","@id":"https:\/\/gardenersfriend.eu\/sv\/leveranspolicy\/","url":"https:\/\/gardenersfriend.eu\/sv\/leveranspolicy\/","name":"Leveranspolicy - Gardeners Friend","isPartOf":{"@id":"https:\/\/gardenersfriend.eu\/sv\/#website"},"datePublished":"2024-09-18T00:13:52+00:00","dateModified":"2025-08-21T14:10:42+00:00","breadcrumb":{"@id":"https:\/\/gardenersfriend.eu\/sv\/leveranspolicy\/#breadcrumb"},"inLanguage":"sv-SE","potentialAction":[{"@type":"ReadAction","target":["https:\/\/gardenersfriend.eu\/sv\/leveranspolicy\/"]}]},{"@type":"BreadcrumbList","@id":"https:\/\/gardenersfriend.eu\/sv\/leveranspolicy\/#breadcrumb","itemListElement":[{"@type":"ListItem","position":1,"name":"Strona g\u0142\u00f3wna","item":"https:\/\/gardenersfriend.eu\/sv\/"},{"@type":"ListItem","position":2,"name":"Leveranspolicy"}]},{"@type":"WebSite","@id":"https:\/\/gardenersfriend.eu\/sv\/#website","url":"https:\/\/gardenersfriend.eu\/sv\/","name":"Gardeners Friend","description":"herbicides, fertilisers, roundup","publisher":{"@id":"https:\/\/gardenersfriend.eu\/sv\/#organization"},"potentialAction":[{"@type":"SearchAction","target":{"@type":"EntryPoint","urlTemplate":"https:\/\/gardenersfriend.eu\/sv\/?s={search_term_string}"},"query-input":{"@type":"PropertyValueSpecification","valueRequired":true,"valueName":"search_term_string"}}],"inLanguage":"sv-SE"},{"@type":"Organization","@id":"https:\/\/gardenersfriend.eu\/sv\/#organization","name":"Gardeners Friend","url":"https:\/\/gardenersfriend.eu\/sv\/","logo":{"@type":"ImageObject","inLanguage":"sv-SE","@id":"https:\/\/gardenersfriend.eu\/sv\/#\/schema\/logo\/image\/","url":"https:\/\/gardenersfriend.eu\/wp-content\/uploads\/2025\/09\/gf_accepted_big_logo.png","contentUrl":"https:\/\/gardenersfriend.eu\/wp-content\/uploads\/2025\/09\/gf_accepted_big_logo.png","width":2000,"height":1000,"caption":"Gardeners Friend"},"image":{"@id":"https:\/\/gardenersfriend.eu\/sv\/#\/schema\/logo\/image\/"},"sameAs":["https:\/\/www.facebook.com\/people\/Gardeners-Friend-Store\/61566268054378\/","https:\/\/www.instagram.com\/gardeners_friend_store\/"]}]}},"uagb_featured_image_src":{"full":false,"thumbnail":false,"medium":false,"medium_large":false,"large":false,"1536x1536":false,"2048x2048":false,"woocommerce_thumbnail":false,"woocommerce_single":false,"woocommerce_gallery_thumbnail":false},"uagb_author_info":{"display_name":"admin","author_link":"https:\/\/gardenersfriend.eu\/sv\/author\/admin\/"},"uagb_comment_info":0,"uagb_excerpt":"Leveranspolicy Tack f\u00f6r att du bes\u00f6ker och handlar p\u00e5 gardenersfriend.eu F\u00f6ljande \u00e4r de villkor som utg\u00f6r v\u00e5r leveranspolicy. Bearbetningstid f\u00f6r s\u00e4ndning Alla best\u00e4llningar behandlas inom 1-3 arbetsdagar. Best\u00e4llningar skickas eller levereras inte p\u00e5 helger eller helgdagar. Om vi har en h\u00f6g volym av best\u00e4llningar kan leveranserna f\u00f6rsenas med n\u00e5gra dagar. V\u00e4nligen r\u00e4kna med ytterligare dagar&hellip;","jetpack_sharing_enabled":true,"_links":{"self":[{"href":"https:\/\/gardenersfriend.eu\/sv\/wp-json\/wp\/v2\/pages\/2317","targetHints":{"allow":["GET"]}}],"collection":[{"href":"https:\/\/gardenersfriend.eu\/sv\/wp-json\/wp\/v2\/pages"}],"about":[{"href":"https:\/\/gardenersfriend.eu\/sv\/wp-json\/wp\/v2\/types\/page"}],"author":[{"embeddable":true,"href":"https:\/\/gardenersfriend.eu\/sv\/wp-json\/wp\/v2\/users\/1"}],"replies":[{"embeddable":true,"href":"https:\/\/gardenersfriend.eu\/sv\/wp-json\/wp\/v2\/comments?post=2317"}],"version-history":[{"count":2,"href":"https:\/\/gardenersfriend.eu\/sv\/wp-json\/wp\/v2\/pages\/2317\/revisions"}],"predecessor-version":[{"id":6366,"href":"https:\/\/gardenersfriend.eu\/sv\/wp-json\/wp\/v2\/pages\/2317\/revisions\/6366"}],"wp:attachment":[{"href":"https:\/\/gardenersfriend.eu\/sv\/wp-json\/wp\/v2\/media?parent=2317"}],"curies":[{"name":"wp","href":"https:\/\/api.w.org\/{rel}","templated":true}]}}