{"id":2385,"date":"2024-09-17T13:24:42","date_gmt":"2024-09-17T11:24:42","guid":{"rendered":"https:\/\/gardenersfriend.eu\/product\/roundup-360-plus-glyfosat-herbicid-1l\/"},"modified":"2026-04-23T15:19:48","modified_gmt":"2026-04-23T13:19:48","slug":"roundup-360-plus-glyfosat-herbicid-1l","status":"publish","type":"product","link":"https:\/\/gardenersfriend.eu\/sv\/produkt\/roundup-360-plus-glyfosat-herbicid-1l\/","title":{"rendered":"Roundup 360 1L Plus Glyfosat Herbicid"},"content":{"rendered":"<h5>Allm\u00e4n information:<\/h5>\n<p><span style=\"font-size: 1.4em;\">Roundup 360 1L en herbicid i form av ett koncentrat f\u00f6r beredning av en vattenl\u00f6sning, applicerad p\u00e5 blad, avsedd att bek\u00e4mpa kvickrot samt ett\u00e5riga och fler\u00e5riga en- och tv\u00e5hj\u00e4rtbladiga ogr\u00e4s p\u00e5 \u00e5kermark.<\/span><\/p>\n<h5><strong><i>ROUNDUP\u00ae 360 PLUS 1L<\/i><\/strong><\/h5>\n<p><span lang=\"en-us\" xml:lang=\"en-us\"><strong>Typ av produkt:<\/strong> Herbicid (Herbicid)<\/span><\/p>\n<p><span lang=\"en-us\" xml:lang=\"en-us\"><strong>Producent:<\/strong> Bayer-koncernen<\/span><\/p>\n<p><span lang=\"en-us\" xml:lang=\"en-us\"><strong>Kapacitet:<\/strong> 1L \/ 5L \/ 20L \/ 200L<\/span><\/p>\n<p><span lang=\"en-us\" xml:lang=\"en-us\"><strong><u>Aktiv substans:<\/u> <\/strong>glyfosat en f\u00f6rening fr\u00e5n gruppen amino-fosforsyror i form av ett kaliumsalt &#8211; 360 g \/ l (28,77%)<\/span><\/p>\n<p><span lang=\"en-us\" xml:lang=\"en-us\"><strong>Form:<\/strong> Koncentrat<\/span><\/p>\n<p><strong><span lang=\"en-us\">Verkningsmekanism: <\/span><\/strong><span lang=\"en-us\">R<\/span><span lang=\"en-us\">oundup 360 1L a<\/span><span lang=\"en-us\"> herbicid i koncentratform f\u00f6r framst\u00e4llning av en vattenl\u00f6sning f\u00f6r bladapplicering med f\u00e4lt- och handsprutor<\/span><\/p>\n<p><span lang=\"en-us\" xml:lang=\"en-us\"><strong>Odling av:<\/strong> majs, potatis, mor\u00f6tter, persilja, l\u00f6k, purjol\u00f6k (fr\u00e5n uts\u00e4de), sockerbetor, h\u00f6stvete f\u00f6re sk\u00f6rd, vintertriticale, r\u00e5g, v\u00e5rvete, v\u00e5rkorn och h\u00f6straps, p\u00e5 stubb, tr\u00e4da och mark i tr\u00e4da samt jordbruksavfall<\/span><\/p>\n<p><span lang=\"en-us\" xml:lang=\"en-us\"><strong>Bek\u00e4mpar:<\/strong> hund\u00e4xing, ett\u00e5riga och fler\u00e5riga en- och tv\u00e5hj\u00e4rtbladiga ogr\u00e4s<\/span> <span lang=\"en-us\" xml:lang=\"en-us\">I. P\u00e5 v\u00e5ren, efter s\u00e5dd eller plantering och f\u00f6re gr\u00f6dans uppkomst f\u00f6r att bek\u00e4mpa uppv\u00e4xande ogr\u00e4s. <\/span><\/p>\n<p><strong>L\u00e4s om s\u00e4kerhet:<\/strong>  <a href=\"https:\/\/www.bayer.com\/en\/is-glyphosate-safe\">https:\/\/www.bayer.com\/en\/is-glyphosate-safe<\/a><\/p>\n<p>Kanske \u00e4r du intresserad av en annan storlek p\u00e5 produkten?<\/p>\n<p><strong>V\u00e4nligen klicka:<\/strong>  <a href=\"https:\/\/gardenersfriend.eu\/sv\/produkt\/roundup-360-plus-glyfosat-herbicid-5l\/\">Roundup 360 Plus Glyfosat Herbicid 5L<\/a><\/p>\n<p><strong>Etikett: <\/strong><a title=\"Roundup 360 plus etikett sv\" href=\"https:\/\/gardenersfriend.eu\/wp-content\/uploads\/2026\/02\/roundup_360_plus_label_SV.pdf\" target=\"_blank\" rel=\"noopener\">Roundup_360_Plus_SV<\/a><\/p>\n\n<h5>Juridisk information<\/h5>\n<p>\nTips! Anv\u00e4nd bek\u00e4mpningsmedel f\u00f6rsiktigt. L\u00e4s etiketten och produktinformationen f\u00f6re anv\u00e4ndning. Anv\u00e4ndning av icke-professionella anv\u00e4ndare till\u00e5ten. Undantag: K\u00f6paren fr\u00e5n Belgien f\u00f6rs\u00e4krar att han\nvid k\u00f6ptillf\u00e4llet har full r\u00e4ttshandlingsf\u00f6rm\u00e5ga\noch har de l\u00e4mpliga kvalifikationer som kr\u00e4vs av\npersoner som k\u00f6per v\u00e4xtskyddsmedel.\n\nEnligt art. 28 i lagen av den 8 mars 2013 om v\u00e4xtskyddsmedel (Juridik 2020, punkt 2097), fr\u00e5n och med den 26 november 2015 f\u00e5r v\u00e4xtskyddsmedel avsedda f\u00f6r professionella anv\u00e4ndare s\u00e4ljas till personer som:\n\nPunkt 1 - har genomg\u00e5tt utbildning i anv\u00e4ndning av v\u00e4xtskyddsmedel i Republiken Polen, bekr\u00e4ftad med ett intyg om fullbordad utbildning, eller\n\nPunkt 2 - har genomg\u00e5tt utbildning i r\u00e5dgivning om v\u00e4xtskyddsmedel i Republiken Polen, bekr\u00e4ftad med ett intyg om fullbordad utbildning, eller\n\nPunkt 3 - har genomg\u00e5tt utbildning i integrerad gr\u00f6doproduktion, bekr\u00e4ftad med ett intyg om fullbordad utbildning, eller\n\nPunkt 4 - tidigast 5 \u00e5r, f\u00f6re k\u00f6pet av dessa medel, har genomg\u00e5tt den utbildning som kr\u00e4vs av professionella anv\u00e4ndare i en annan medlemsstat i Europeiska unionen eller i ett land som \u00e4r part i avtalet om Europeiska ekonomiska samarbetsomr\u00e5det, p\u00e5 grundval av de best\u00e4mmelser som g\u00e4ller i det landet, bekr\u00e4ftad med ett dokument om fullbordad utbildning, eller de har uppvisat ett annat dokument som utf\u00e4rdats enligt de best\u00e4mmelser som g\u00e4ller i det landet, vilket bekr\u00e4ftar att de har f\u00e5tt tillst\u00e5nd att k\u00f6pa v\u00e4xtskyddsmedel avsedda f\u00f6r professionella anv\u00e4ndare.\n\nViktigt!\nEndast personer \u00f6ver 18 \u00e5r f\u00e5r anv\u00e4nda v\u00e4xtskyddsmedel.\nV\u00e4xtskyddsmedel ska anv\u00e4ndas p\u00e5 ett s\u00e4kert s\u00e4tt. L\u00e4s informationen p\u00e5 etiketten och produktinformationen f\u00f6re varje anv\u00e4ndning.\n<\/p>\n","protected":false},"excerpt":{"rendered":"<p>Roundup 360 1L &#8211; En herbicid i form av ett koncentrat f\u00f6r beredning av en vattenl\u00f6sning, applicerad p\u00e5 blad, avsedd att bek\u00e4mpa kvickrot samt ett\u00e5riga och fler\u00e5riga en- och tv\u00e5hj\u00e4rtbladiga ogr\u00e4s p\u00e5 \u00e5kermark.<\/p>\n","protected":false},"featured_media":2098,"comment_status":"open","ping_status":"closed","template":"","meta":{"_uag_custom_page_level_css":"","site-sidebar-layout":"default","site-content-layout":"","ast-site-content-layout":"default","site-content-style":"default","site-sidebar-style":"default","ast-global-header-display":"","ast-banner-title-visibility":"","ast-main-header-display":"","ast-hfb-above-header-display":"","ast-hfb-below-header-display":"","ast-hfb-mobile-header-display":"","site-post-title":"","ast-breadcrumbs-content":"","ast-featured-img":"","footer-sml-layout":"","ast-disable-related-posts":"","theme-transparent-header-meta":"default","adv-header-id-meta":"","stick-header-meta":"","header-above-stick-meta":"","header-main-stick-meta":"","header-below-stick-meta":"","astra-migrate-meta-layouts":"default","ast-page-background-enabled":"default","ast-page-background-meta":{"desktop":{"background-color":"var(--ast-global-color-4)","background-image":"","background-repeat":"repeat","background-position":"center center","background-size":"auto","background-attachment":"scroll","background-type":"","background-media":"","overlay-type":"","overlay-color":"","overlay-opacity":"","overlay-gradient":""},"tablet":{"background-color":"","background-image":"","background-repeat":"repeat","background-position":"center center","background-size":"auto","background-attachment":"scroll","background-type":"","background-media":"","overlay-type":"","overlay-color":"","overlay-opacity":"","overlay-gradient":""},"mobile":{"background-color":"","background-image":"","background-repeat":"repeat","background-position":"center center","background-size":"auto","background-attachment":"scroll","background-type":"","background-media":"","overlay-type":"","overlay-color":"","overlay-opacity":"","overlay-gradient":""}},"ast-content-background-meta":{"desktop":{"background-color":"var(--ast-global-color-5)","background-image":"","background-repeat":"repeat","background-position":"center center","background-size":"auto","background-attachment":"scroll","background-type":"","background-media":"","overlay-type":"","overlay-color":"","overlay-opacity":"","overlay-gradient":""},"tablet":{"background-color":"var(--ast-global-color-5)","background-image":"","background-repeat":"repeat","background-position":"center center","background-size":"auto","background-attachment":"scroll","background-type":"","background-media":"","overlay-type":"","overlay-color":"","overlay-opacity":"","overlay-gradient":""},"mobile":{"background-color":"var(--ast-global-color-5)","background-image":"","background-repeat":"repeat","background-position":"center center","background-size":"auto","background-attachment":"scroll","background-type":"","background-media":"","overlay-type":"","overlay-color":"","overlay-opacity":"","overlay-gradient":""}}},"product_brand":[],"product_cat":[91,182,92,93],"product_tag":[],"class_list":{"0":"post-2385","1":"product","2":"type-product","3":"status-publish","4":"has-post-thumbnail","6":"product_cat-alla-produkter","7":"product_cat-herbicid","8":"product_cat-mest-populara","9":"product_cat-nyanland","10":"product_shipping_class-alla","11":"desktop-align-left","12":"tablet-align-left","13":"mobile-align-left","15":"first","16":"instock","17":"featured","18":"taxable","19":"shipping-taxable","20":"purchasable","21":"product-type-simple"},"yoast_head":"<!-- This site is optimized with the Yoast SEO plugin v27.4 - https:\/\/yoast.com\/product\/yoast-seo-wordpress\/ -->\n<title>Roundup 360 1L Plus Glyfosat Herbicid - Gardeners Friend<\/title>\n<meta name=\"description\" content=\"Roundup 360 1L - En herbicid i form av ett koncentrat f\u00f6r beredning av en vattenl\u00f6sning, applicerad p\u00e5 bladapplicering\" \/>\n<meta name=\"robots\" content=\"index, follow, max-snippet:-1, max-image-preview:large, max-video-preview:-1\" \/>\n<link rel=\"canonical\" href=\"https:\/\/gardenersfriend.eu\/sv\/produkt\/roundup-360-plus-glyfosat-herbicid-1l\/\" \/>\n<meta property=\"og:locale\" content=\"sv_SE\" \/>\n<meta property=\"og:type\" content=\"article\" \/>\n<meta property=\"og:title\" content=\"Roundup 360 1L Plus Glyfosat Herbicid - Gardeners Friend\" \/>\n<meta property=\"og:description\" content=\"Roundup 360 1L - En herbicid i form av ett koncentrat f\u00f6r beredning av en vattenl\u00f6sning, applicerad p\u00e5 bladapplicering\" \/>\n<meta property=\"og:url\" content=\"https:\/\/gardenersfriend.eu\/sv\/produkt\/roundup-360-plus-glyfosat-herbicid-1l\/\" \/>\n<meta property=\"og:site_name\" content=\"Gardeners Friend\" \/>\n<meta property=\"article:publisher\" content=\"https:\/\/www.facebook.com\/people\/Gardeners-Friend-Store\/61566268054378\/\" \/>\n<meta property=\"article:modified_time\" content=\"2026-04-23T13:19:48+00:00\" \/>\n<meta property=\"og:image\" content=\"https:\/\/gardenersfriend.eu\/wp-content\/uploads\/2024\/09\/360-1-1-kopia-scaled.jpg\" \/>\n\t<meta property=\"og:image:width\" content=\"1920\" \/>\n\t<meta property=\"og:image:height\" content=\"2560\" \/>\n\t<meta property=\"og:image:type\" content=\"image\/jpeg\" \/>\n<meta name=\"twitter:card\" content=\"summary_large_image\" \/>\n<meta name=\"twitter:label1\" content=\"Ber\u00e4knad l\u00e4stid\" \/>\n\t<meta name=\"twitter:data1\" content=\"1 minut\" \/>\n<script type=\"application\/ld+json\" class=\"yoast-schema-graph\">{\"@context\":\"https:\\\/\\\/schema.org\",\"@graph\":[{\"@type\":\"WebPage\",\"@id\":\"https:\\\/\\\/gardenersfriend.eu\\\/sv\\\/produkt\\\/roundup-360-plus-glyfosat-herbicid-1l\\\/\",\"url\":\"https:\\\/\\\/gardenersfriend.eu\\\/sv\\\/produkt\\\/roundup-360-plus-glyfosat-herbicid-1l\\\/\",\"name\":\"Roundup 360 1L Plus Glyfosat Herbicid - Gardeners Friend\",\"isPartOf\":{\"@id\":\"https:\\\/\\\/gardenersfriend.eu\\\/sv\\\/#website\"},\"primaryImageOfPage\":{\"@id\":\"https:\\\/\\\/gardenersfriend.eu\\\/sv\\\/produkt\\\/roundup-360-plus-glyfosat-herbicid-1l\\\/#primaryimage\"},\"image\":{\"@id\":\"https:\\\/\\\/gardenersfriend.eu\\\/sv\\\/produkt\\\/roundup-360-plus-glyfosat-herbicid-1l\\\/#primaryimage\"},\"thumbnailUrl\":\"https:\\\/\\\/gardenersfriend.eu\\\/wp-content\\\/uploads\\\/2024\\\/09\\\/360-1-1-kopia-scaled.jpg\",\"datePublished\":\"2024-09-17T11:24:42+00:00\",\"dateModified\":\"2026-04-23T13:19:48+00:00\",\"description\":\"Roundup 360 1L - En herbicid i form av ett koncentrat f\u00f6r beredning av en vattenl\u00f6sning, applicerad p\u00e5 bladapplicering\",\"breadcrumb\":{\"@id\":\"https:\\\/\\\/gardenersfriend.eu\\\/sv\\\/produkt\\\/roundup-360-plus-glyfosat-herbicid-1l\\\/#breadcrumb\"},\"inLanguage\":\"sv-SE\",\"potentialAction\":[{\"@type\":\"ReadAction\",\"target\":[\"https:\\\/\\\/gardenersfriend.eu\\\/sv\\\/produkt\\\/roundup-360-plus-glyfosat-herbicid-1l\\\/\"]}]},{\"@type\":\"ImageObject\",\"inLanguage\":\"sv-SE\",\"@id\":\"https:\\\/\\\/gardenersfriend.eu\\\/sv\\\/produkt\\\/roundup-360-plus-glyfosat-herbicid-1l\\\/#primaryimage\",\"url\":\"https:\\\/\\\/gardenersfriend.eu\\\/wp-content\\\/uploads\\\/2024\\\/09\\\/360-1-1-kopia-scaled.jpg\",\"contentUrl\":\"https:\\\/\\\/gardenersfriend.eu\\\/wp-content\\\/uploads\\\/2024\\\/09\\\/360-1-1-kopia-scaled.jpg\",\"width\":1920,\"height\":2560,\"caption\":\"roundup 360 1L b\u00e4sta herbiciden\"},{\"@type\":\"BreadcrumbList\",\"@id\":\"https:\\\/\\\/gardenersfriend.eu\\\/sv\\\/produkt\\\/roundup-360-plus-glyfosat-herbicid-1l\\\/#breadcrumb\",\"itemListElement\":[{\"@type\":\"ListItem\",\"position\":1,\"name\":\"Strona g\u0142\u00f3wna\",\"item\":\"https:\\\/\\\/gardenersfriend.eu\\\/sv\\\/\"},{\"@type\":\"ListItem\",\"position\":2,\"name\":\"Butik\",\"item\":\"https:\\\/\\\/gardenersfriend.eu\\\/shop\\\/\"},{\"@type\":\"ListItem\",\"position\":3,\"name\":\"Roundup 360 1L Plus Glyfosat Herbicid\"}]},{\"@type\":\"WebSite\",\"@id\":\"https:\\\/\\\/gardenersfriend.eu\\\/sv\\\/#website\",\"url\":\"https:\\\/\\\/gardenersfriend.eu\\\/sv\\\/\",\"name\":\"Gardeners Friend\",\"description\":\"herbicides, fertilisers, roundup\",\"publisher\":{\"@id\":\"https:\\\/\\\/gardenersfriend.eu\\\/sv\\\/#organization\"},\"potentialAction\":[{\"@type\":\"SearchAction\",\"target\":{\"@type\":\"EntryPoint\",\"urlTemplate\":\"https:\\\/\\\/gardenersfriend.eu\\\/sv\\\/?s={search_term_string}\"},\"query-input\":{\"@type\":\"PropertyValueSpecification\",\"valueRequired\":true,\"valueName\":\"search_term_string\"}}],\"inLanguage\":\"sv-SE\"},{\"@type\":\"Organization\",\"@id\":\"https:\\\/\\\/gardenersfriend.eu\\\/sv\\\/#organization\",\"name\":\"Gardeners Friend\",\"url\":\"https:\\\/\\\/gardenersfriend.eu\\\/sv\\\/\",\"logo\":{\"@type\":\"ImageObject\",\"inLanguage\":\"sv-SE\",\"@id\":\"https:\\\/\\\/gardenersfriend.eu\\\/sv\\\/#\\\/schema\\\/logo\\\/image\\\/\",\"url\":\"https:\\\/\\\/gardenersfriend.eu\\\/wp-content\\\/uploads\\\/2025\\\/09\\\/gf_accepted_big_logo.png\",\"contentUrl\":\"https:\\\/\\\/gardenersfriend.eu\\\/wp-content\\\/uploads\\\/2025\\\/09\\\/gf_accepted_big_logo.png\",\"width\":2000,\"height\":1000,\"caption\":\"Gardeners Friend\"},\"image\":{\"@id\":\"https:\\\/\\\/gardenersfriend.eu\\\/sv\\\/#\\\/schema\\\/logo\\\/image\\\/\"},\"sameAs\":[\"https:\\\/\\\/www.facebook.com\\\/people\\\/Gardeners-Friend-Store\\\/61566268054378\\\/\",\"https:\\\/\\\/www.instagram.com\\\/gardeners_friend_store\\\/\"]}]}<\/script>\n<!-- \/ Yoast SEO plugin. -->","yoast_head_json":{"title":"Roundup 360 1L Plus Glyfosat Herbicid - Gardeners Friend","description":"Roundup 360 1L - En herbicid i form av ett koncentrat f\u00f6r beredning av en vattenl\u00f6sning, applicerad p\u00e5 bladapplicering","robots":{"index":"index","follow":"follow","max-snippet":"max-snippet:-1","max-image-preview":"max-image-preview:large","max-video-preview":"max-video-preview:-1"},"canonical":"https:\/\/gardenersfriend.eu\/sv\/produkt\/roundup-360-plus-glyfosat-herbicid-1l\/","og_locale":"sv_SE","og_type":"article","og_title":"Roundup 360 1L Plus Glyfosat Herbicid - Gardeners Friend","og_description":"Roundup 360 1L - En herbicid i form av ett koncentrat f\u00f6r beredning av en vattenl\u00f6sning, applicerad p\u00e5 bladapplicering","og_url":"https:\/\/gardenersfriend.eu\/sv\/produkt\/roundup-360-plus-glyfosat-herbicid-1l\/","og_site_name":"Gardeners Friend","article_publisher":"https:\/\/www.facebook.com\/people\/Gardeners-Friend-Store\/61566268054378\/","article_modified_time":"2026-04-23T13:19:48+00:00","og_image":[{"width":1920,"height":2560,"url":"https:\/\/gardenersfriend.eu\/wp-content\/uploads\/2024\/09\/360-1-1-kopia-scaled.jpg","type":"image\/jpeg"}],"twitter_card":"summary_large_image","twitter_misc":{"Ber\u00e4knad l\u00e4stid":"1 minut"},"schema":{"@context":"https:\/\/schema.org","@graph":[{"@type":"WebPage","@id":"https:\/\/gardenersfriend.eu\/sv\/produkt\/roundup-360-plus-glyfosat-herbicid-1l\/","url":"https:\/\/gardenersfriend.eu\/sv\/produkt\/roundup-360-plus-glyfosat-herbicid-1l\/","name":"Roundup 360 1L Plus Glyfosat Herbicid - Gardeners Friend","isPartOf":{"@id":"https:\/\/gardenersfriend.eu\/sv\/#website"},"primaryImageOfPage":{"@id":"https:\/\/gardenersfriend.eu\/sv\/produkt\/roundup-360-plus-glyfosat-herbicid-1l\/#primaryimage"},"image":{"@id":"https:\/\/gardenersfriend.eu\/sv\/produkt\/roundup-360-plus-glyfosat-herbicid-1l\/#primaryimage"},"thumbnailUrl":"https:\/\/gardenersfriend.eu\/wp-content\/uploads\/2024\/09\/360-1-1-kopia-scaled.jpg","datePublished":"2024-09-17T11:24:42+00:00","dateModified":"2026-04-23T13:19:48+00:00","description":"Roundup 360 1L - En herbicid i form av ett koncentrat f\u00f6r beredning av en vattenl\u00f6sning, applicerad p\u00e5 bladapplicering","breadcrumb":{"@id":"https:\/\/gardenersfriend.eu\/sv\/produkt\/roundup-360-plus-glyfosat-herbicid-1l\/#breadcrumb"},"inLanguage":"sv-SE","potentialAction":[{"@type":"ReadAction","target":["https:\/\/gardenersfriend.eu\/sv\/produkt\/roundup-360-plus-glyfosat-herbicid-1l\/"]}]},{"@type":"ImageObject","inLanguage":"sv-SE","@id":"https:\/\/gardenersfriend.eu\/sv\/produkt\/roundup-360-plus-glyfosat-herbicid-1l\/#primaryimage","url":"https:\/\/gardenersfriend.eu\/wp-content\/uploads\/2024\/09\/360-1-1-kopia-scaled.jpg","contentUrl":"https:\/\/gardenersfriend.eu\/wp-content\/uploads\/2024\/09\/360-1-1-kopia-scaled.jpg","width":1920,"height":2560,"caption":"roundup 360 1L b\u00e4sta herbiciden"},{"@type":"BreadcrumbList","@id":"https:\/\/gardenersfriend.eu\/sv\/produkt\/roundup-360-plus-glyfosat-herbicid-1l\/#breadcrumb","itemListElement":[{"@type":"ListItem","position":1,"name":"Strona g\u0142\u00f3wna","item":"https:\/\/gardenersfriend.eu\/sv\/"},{"@type":"ListItem","position":2,"name":"Butik","item":"https:\/\/gardenersfriend.eu\/shop\/"},{"@type":"ListItem","position":3,"name":"Roundup 360 1L Plus Glyfosat Herbicid"}]},{"@type":"WebSite","@id":"https:\/\/gardenersfriend.eu\/sv\/#website","url":"https:\/\/gardenersfriend.eu\/sv\/","name":"Gardeners Friend","description":"herbicides, fertilisers, roundup","publisher":{"@id":"https:\/\/gardenersfriend.eu\/sv\/#organization"},"potentialAction":[{"@type":"SearchAction","target":{"@type":"EntryPoint","urlTemplate":"https:\/\/gardenersfriend.eu\/sv\/?s={search_term_string}"},"query-input":{"@type":"PropertyValueSpecification","valueRequired":true,"valueName":"search_term_string"}}],"inLanguage":"sv-SE"},{"@type":"Organization","@id":"https:\/\/gardenersfriend.eu\/sv\/#organization","name":"Gardeners Friend","url":"https:\/\/gardenersfriend.eu\/sv\/","logo":{"@type":"ImageObject","inLanguage":"sv-SE","@id":"https:\/\/gardenersfriend.eu\/sv\/#\/schema\/logo\/image\/","url":"https:\/\/gardenersfriend.eu\/wp-content\/uploads\/2025\/09\/gf_accepted_big_logo.png","contentUrl":"https:\/\/gardenersfriend.eu\/wp-content\/uploads\/2025\/09\/gf_accepted_big_logo.png","width":2000,"height":1000,"caption":"Gardeners Friend"},"image":{"@id":"https:\/\/gardenersfriend.eu\/sv\/#\/schema\/logo\/image\/"},"sameAs":["https:\/\/www.facebook.com\/people\/Gardeners-Friend-Store\/61566268054378\/","https:\/\/www.instagram.com\/gardeners_friend_store\/"]}]}},"uagb_featured_image_src":{"full":["https:\/\/gardenersfriend.eu\/wp-content\/uploads\/2024\/09\/360-1-1-kopia-scaled.jpg",1920,2560,false],"thumbnail":["https:\/\/gardenersfriend.eu\/wp-content\/uploads\/2024\/09\/360-1-1-kopia-150x150.jpg",150,150,true],"medium":["https:\/\/gardenersfriend.eu\/wp-content\/uploads\/2024\/09\/360-1-1-kopia-225x300.jpg",225,300,true],"medium_large":["https:\/\/gardenersfriend.eu\/wp-content\/uploads\/2024\/09\/360-1-1-kopia-768x1024.jpg",768,1024,true],"large":["https:\/\/gardenersfriend.eu\/wp-content\/uploads\/2024\/09\/360-1-1-kopia-768x1024.jpg",768,1024,true],"1536x1536":["https:\/\/gardenersfriend.eu\/wp-content\/uploads\/2024\/09\/360-1-1-kopia-1152x1536.jpg",1152,1536,true],"2048x2048":["https:\/\/gardenersfriend.eu\/wp-content\/uploads\/2024\/09\/360-1-1-kopia-1536x2048.jpg",1536,2048,true],"woocommerce_thumbnail":["https:\/\/gardenersfriend.eu\/wp-content\/uploads\/2024\/09\/360-1-1-kopia-scaled-300x300.jpg",300,300,true],"woocommerce_single":["https:\/\/gardenersfriend.eu\/wp-content\/uploads\/2024\/09\/360-1-1-kopia-scaled-600x800.jpg",600,800,true],"woocommerce_gallery_thumbnail":["https:\/\/gardenersfriend.eu\/wp-content\/uploads\/2024\/09\/360-1-1-kopia-scaled-100x100.jpg",100,100,true]},"uagb_author_info":{"display_name":"admin","author_link":"https:\/\/gardenersfriend.eu\/sv\/author\/"},"uagb_comment_info":0,"uagb_excerpt":"Roundup 360 1L - En herbicid i form av ett koncentrat f\u00f6r beredning av en vattenl\u00f6sning, applicerad p\u00e5 blad, avsedd att bek\u00e4mpa kvickrot samt ett\u00e5riga och fler\u00e5riga en- och tv\u00e5hj\u00e4rtbladiga ogr\u00e4s p\u00e5 \u00e5kermark.","jetpack_sharing_enabled":true,"_links":{"self":[{"href":"https:\/\/gardenersfriend.eu\/sv\/wp-json\/wp\/v2\/product\/2385","targetHints":{"allow":["GET"]}}],"collection":[{"href":"https:\/\/gardenersfriend.eu\/sv\/wp-json\/wp\/v2\/product"}],"about":[{"href":"https:\/\/gardenersfriend.eu\/sv\/wp-json\/wp\/v2\/types\/product"}],"replies":[{"embeddable":true,"href":"https:\/\/gardenersfriend.eu\/sv\/wp-json\/wp\/v2\/comments?post=2385"}],"wp:featuredmedia":[{"embeddable":true,"href":"https:\/\/gardenersfriend.eu\/sv\/wp-json\/wp\/v2\/media\/2098"}],"wp:attachment":[{"href":"https:\/\/gardenersfriend.eu\/sv\/wp-json\/wp\/v2\/media?parent=2385"}],"wp:term":[{"taxonomy":"product_brand","embeddable":true,"href":"https:\/\/gardenersfriend.eu\/sv\/wp-json\/wp\/v2\/product_brand?post=2385"},{"taxonomy":"product_cat","embeddable":true,"href":"https:\/\/gardenersfriend.eu\/sv\/wp-json\/wp\/v2\/product_cat?post=2385"},{"taxonomy":"product_tag","embeddable":true,"href":"https:\/\/gardenersfriend.eu\/sv\/wp-json\/wp\/v2\/product_tag?post=2385"}],"curies":[{"name":"wp","href":"https:\/\/api.w.org\/{rel}","templated":true}]}}