{"id":4512,"date":"2025-06-04T23:11:52","date_gmt":"2025-06-04T21:11:52","guid":{"rendered":"https:\/\/gardenersfriend.eu\/product\/inex-a-adjuvans\/"},"modified":"2026-02-19T16:27:47","modified_gmt":"2026-02-19T15:27:47","slug":"inex-a-adjuvans","status":"publish","type":"product","link":"https:\/\/gardenersfriend.eu\/sv\/produkt\/inex-a-adjuvans\/","title":{"rendered":"Inex-A Adjuvant"},"content":{"rendered":"<h2>Inex-A Adjuvant &#8211; <b>\u00f6kar effektiviteten vid bladbehandlingar inom jordbruksproduktionen<\/b><\/h2>\n<p>Adjuvans, icke-joniskt ytaktivt \u00e4mne som \u00f6kar effektiviteten hos \u00e4mnen som anv\u00e4nds vid bladbehandlingar. Det har en v\u00e4tande och penetrerande effekt, f\u00f6rb\u00e4ttrar f\u00f6rdelningen och f\u00f6rdelningen av \u00e4mnen p\u00e5 v\u00e4xternas yta och i deras v\u00e4vnader. Anv\u00e4ndningen av INEX-A \u00f6kar effektiviteten hos bladbehandlingar, vars syfte \u00e4r att skydda och mata v\u00e4xter.skumd\u00e4mpande effekt.  <\/p>\n<h2>Hur fungerar Inex-A?<\/h2>\n<p>P\u00e5 grund av sin icke-joniska natur \u00e4ndrar INEX-A inte de kemiska parametrarna f\u00f6r de produkter som anv\u00e4nds med den, samtidigt som den minskar vattnets ytsp\u00e4nning och g\u00f6r det l\u00e4ttare f\u00f6r arbetsv\u00e4tskan att t\u00e4cka en st\u00f6rre yta av v\u00e4xten. Det \u00f6kar absorptionen av \u00e4mnen i v\u00e4xten och g\u00f6r det m\u00f6jligt att skapa mer stabila och enhetliga l\u00f6sningar eller emulsioner. Adjuvansen f\u00f6rb\u00e4ttrar effektiviteten hos de jordbrukskemikalier som anv\u00e4nds och d\u00e4rmed kvaliteten p\u00e5 behandlingen.  <\/p>\n<p>&nbsp;<\/p>\n<table style=\"height: 35.5957px; width: 99.9973%;\" width=\"100%\">\n<tbody>\n<tr style=\"height: 35.5957px;\">\n<td style=\"height: 35.5957px; width: 46.6566%;\">  Produktens sammans\u00e4ttning (% m\/m):<\/td>\n<td style=\"width: 52.9938%;\"><\/td>\n<\/tr>\n<tr>\n<td style=\"width: 46.6566%;\">Etoxilerad fettalkohol<\/td>\n<td style=\"width: 52.9938%;\">\n<table class=\"table table-bordered table-striped\">\n<tbody>\n<tr>\n<td>20,2<\/td>\n<\/tr>\n<tr>\n<td><\/td>\n<\/tr>\n<\/tbody>\n<\/table>\n<\/td>\n<\/tr>\n<tr>\n<td style=\"width: 46.6566%;\">Polydimetylsiloxan<\/td>\n<td style=\"width: 52.9938%;\">1,0<\/td>\n<\/tr>\n<\/tbody>\n<\/table>\n<h2><\/h2>\n<h2>Dosering &#8211; hur man anv\u00e4nder Inex-A?<\/h2>\n<ol>\n<li>Tills\u00e4tt f\u00f6rst produkten i sprutan som \u00e4r fylld med vatten till 3\/4 av sin kapacitet.<\/li>\n<li>Tills\u00e4tt de \u00e5terst\u00e5ende produkterna i tanken med mixern p\u00e5slagen.<\/li>\n<li>Fyll sedan p\u00e5 med vatten till \u00f6nskad m\u00e4ngd.<\/li>\n<\/ol>\n<table style=\"width: 99.9973%; height: 74.7949px;\" width=\"100%\">\n<tbody>\n<tr style=\"height: 39.1992px;\">\n<td style=\"width: 26.9704%; height: 39.1992px;\">  Produkt<\/td>\n<td style=\"width: 12.9598%; height: 39.1992px;\">Insekticid<\/td>\n<td style=\"width: 13.1578%; height: 39.1992px;\">Fungicyd<\/td>\n<td style=\"width: 13.4624%; height: 39.1992px;\">Herbicyd<\/td>\n<td style=\"width: 14.1857%; height: 39.1992px;\">Bladg\u00f6dselmedel<\/td>\n<td style=\"width: 17.6884%; height: 39.1992px;\">Biostimulator<\/td>\n<\/tr>\n<tr style=\"height: 35.5957px;\">\n<td style=\"width: 26.9704%; height: 35.5957px;\">Dos per 100 liter vatten<\/td>\n<td style=\"width: 12.9598%; height: 35.5957px;\">50 ml<\/td>\n<td style=\"width: 13.1578%; height: 35.5957px;\">50 ml<\/td>\n<td style=\"width: 13.4624%; height: 35.5957px;\">50 ml<\/td>\n<td style=\"width: 14.1857%; height: 35.5957px;\">50 ml<\/td>\n<td style=\"width: 17.6884%; height: 35.5957px;\">50 ml<\/td>\n<\/tr>\n<\/tbody>\n<\/table>\n<p>&nbsp;<\/p>\n<h2>F\u00f6rdelar med Inex-A Adjuvant &#8211; F\u00f6rdelar med att anv\u00e4nda ett adjuvans:<\/h2>\n<ul>\n<li>st\u00f6djande funktion vid anv\u00e4ndning av bladpreparat som anv\u00e4nds inom jordbruket,<\/li>\n<li>\u00d6kad effektivitet hos aktiva substanser som anv\u00e4nds inom jordbruket,<\/li>\n<li>v\u00e4tande och penetrerande effekt p\u00e5 v\u00e4xternas yta,<\/li>\n<li>\u00f6kat upptag av aktiva substanser i v\u00e4xten,<\/li>\n<li>begr\u00e4nsad avrinning av \u00e4mnen,<\/li>\n<li>ingen reaktion med de medel som anv\u00e4nds i tankblandningen,<\/li>\n<li>f\u00f6rb\u00e4ttrad l\u00f6slighet och blandbarhet hos de preparat som anv\u00e4nds,<\/li>\n<li>mer stabila och enhetliga l\u00f6sningar eller emulsioner och l\u00f6sningar,<\/li>\n<li>Skumd\u00e4mpande effekt.<\/li>\n<\/ul>\n<h2>Vilka \u00e4r f\u00f6rdelarna med en st\u00f6rre kontaktyta mellan anl\u00e4ggningen och arbetsv\u00e4tskan?<\/h2>\n<ul>\n<li>mer effektiv introduktion av de fungerande v\u00e4tskekomponenterna i v\u00e4vnaderna,<\/li>\n<li>j\u00e4mn t\u00e4ckning av besprutade ytor med bladapplicerade medel,<\/li>\n<li>begr\u00e4nsad avrinning av v\u00e4tska fr\u00e5n v\u00e4xter,<\/li>\n<li>F\u00f6rl\u00e4ngd verkningstid f\u00f6r aktiva substanser.<\/li>\n<\/ul>\n<p><strong>Etikett: <\/strong><a title=\"Inex-A SV\" href=\"https:\/\/gardenersfriend.eu\/wp-content\/uploads\/2026\/02\/inex_a_SV.pdf\" target=\"_blank\" rel=\"noopener\">Inex_A_SV<\/a><\/p>\n<p><strong>Producent webbplats:<\/strong> <a title=\"Cosmocel-sidan\" href=\"https:\/\/www.cosmocel.com\/\" target=\"_blank\" rel=\"noopener\">Qemetica<\/a><\/p>\n","protected":false},"excerpt":{"rendered":"<p>INEX-A Adjuvans &#8211; Det har en v\u00e4tande och penetrerande effekt, f\u00f6rb\u00e4ttrar distributionen och distributionen av \u00e4mnen p\u00e5 v\u00e4xternas yta och i deras v\u00e4vnader.<\/p>\n","protected":false},"featured_media":5007,"comment_status":"open","ping_status":"closed","template":"","meta":{"_uag_custom_page_level_css":"","site-sidebar-layout":"default","site-content-layout":"","ast-site-content-layout":"default","site-content-style":"default","site-sidebar-style":"default","ast-global-header-display":"","ast-banner-title-visibility":"","ast-main-header-display":"","ast-hfb-above-header-display":"","ast-hfb-below-header-display":"","ast-hfb-mobile-header-display":"","site-post-title":"","ast-breadcrumbs-content":"","ast-featured-img":"","footer-sml-layout":"","ast-disable-related-posts":"","theme-transparent-header-meta":"default","adv-header-id-meta":"","stick-header-meta":"","header-above-stick-meta":"","header-main-stick-meta":"","header-below-stick-meta":"","astra-migrate-meta-layouts":"default","ast-page-background-enabled":"default","ast-page-background-meta":{"desktop":{"background-color":"var(--ast-global-color-4)","background-image":"","background-repeat":"repeat","background-position":"center center","background-size":"auto","background-attachment":"scroll","background-type":"","background-media":"","overlay-type":"","overlay-color":"","overlay-opacity":"","overlay-gradient":""},"tablet":{"background-color":"","background-image":"","background-repeat":"repeat","background-position":"center center","background-size":"auto","background-attachment":"scroll","background-type":"","background-media":"","overlay-type":"","overlay-color":"","overlay-opacity":"","overlay-gradient":""},"mobile":{"background-color":"","background-image":"","background-repeat":"repeat","background-position":"center center","background-size":"auto","background-attachment":"scroll","background-type":"","background-media":"","overlay-type":"","overlay-color":"","overlay-opacity":"","overlay-gradient":""}},"ast-content-background-meta":{"desktop":{"background-color":"var(--ast-global-color-5)","background-image":"","background-repeat":"repeat","background-position":"center center","background-size":"auto","background-attachment":"scroll","background-type":"","background-media":"","overlay-type":"","overlay-color":"","overlay-opacity":"","overlay-gradient":""},"tablet":{"background-color":"var(--ast-global-color-5)","background-image":"","background-repeat":"repeat","background-position":"center center","background-size":"auto","background-attachment":"scroll","background-type":"","background-media":"","overlay-type":"","overlay-color":"","overlay-opacity":"","overlay-gradient":""},"mobile":{"background-color":"var(--ast-global-color-5)","background-image":"","background-repeat":"repeat","background-position":"center center","background-size":"auto","background-attachment":"scroll","background-type":"","background-media":"","overlay-type":"","overlay-color":"","overlay-opacity":"","overlay-gradient":""}}},"product_brand":[162],"product_cat":[195,91],"product_tag":[],"class_list":{"0":"post-4512","1":"product","2":"type-product","3":"status-publish","4":"has-post-thumbnail","6":"product_brand-cosmocel","7":"product_cat-adjuvant","8":"product_cat-alla-produkter","9":"product_shipping_class-alla","10":"desktop-align-left","11":"tablet-align-left","12":"mobile-align-left","14":"first","15":"instock","16":"taxable","17":"shipping-taxable","18":"purchasable","19":"product-type-variable","20":"has-default-attributes"},"yoast_head":"<!-- This site is optimized with the Yoast SEO plugin v27.4 - https:\/\/yoast.com\/product\/yoast-seo-wordpress\/ -->\n<title>Inex-A Adjuvant - Gardeners Friend<\/title>\n<meta name=\"description\" content=\"INEX-A Adjuvant har en v\u00e4tande och penetrerande effekt, f\u00f6rb\u00e4ttrar f\u00f6rdelningen och f\u00f6rdelningen av \u00e4mnen p\u00e5 v\u00e4xternas yta och i deras v\u00e4vnader\" \/>\n<meta name=\"robots\" content=\"index, follow, max-snippet:-1, max-image-preview:large, max-video-preview:-1\" \/>\n<link rel=\"canonical\" href=\"https:\/\/gardenersfriend.eu\/sv\/produkt\/inex-a-adjuvans\/\" \/>\n<meta property=\"og:locale\" content=\"sv_SE\" \/>\n<meta property=\"og:type\" content=\"article\" \/>\n<meta property=\"og:title\" content=\"Inex-A Adjuvant - Gardeners Friend\" \/>\n<meta property=\"og:description\" content=\"INEX-A Adjuvant har en v\u00e4tande och penetrerande effekt, f\u00f6rb\u00e4ttrar f\u00f6rdelningen och f\u00f6rdelningen av \u00e4mnen p\u00e5 v\u00e4xternas yta och i deras v\u00e4vnader\" \/>\n<meta property=\"og:url\" content=\"https:\/\/gardenersfriend.eu\/sv\/produkt\/inex-a-adjuvans\/\" \/>\n<meta property=\"og:site_name\" content=\"Gardeners Friend\" \/>\n<meta property=\"article:publisher\" content=\"https:\/\/www.facebook.com\/people\/Gardeners-Friend-Store\/61566268054378\/\" \/>\n<meta property=\"article:modified_time\" content=\"2026-02-19T15:27:47+00:00\" \/>\n<meta property=\"og:image\" content=\"https:\/\/gardenersfriend.eu\/wp-content\/uploads\/2025\/06\/Inex-A-330mlWebp-2.webp\" \/>\n\t<meta property=\"og:image:width\" content=\"2048\" \/>\n\t<meta property=\"og:image:height\" content=\"2048\" \/>\n\t<meta property=\"og:image:type\" content=\"image\/webp\" \/>\n<meta name=\"twitter:card\" content=\"summary_large_image\" \/>\n<meta name=\"twitter:label1\" content=\"Ber\u00e4knad l\u00e4stid\" \/>\n\t<meta name=\"twitter:data1\" content=\"2 minuter\" \/>\n<script type=\"application\/ld+json\" class=\"yoast-schema-graph\">{\"@context\":\"https:\\\/\\\/schema.org\",\"@graph\":[{\"@type\":\"WebPage\",\"@id\":\"https:\\\/\\\/gardenersfriend.eu\\\/sv\\\/produkt\\\/inex-a-adjuvans\\\/\",\"url\":\"https:\\\/\\\/gardenersfriend.eu\\\/sv\\\/produkt\\\/inex-a-adjuvans\\\/\",\"name\":\"Inex-A Adjuvant - Gardeners Friend\",\"isPartOf\":{\"@id\":\"https:\\\/\\\/gardenersfriend.eu\\\/sv\\\/#website\"},\"primaryImageOfPage\":{\"@id\":\"https:\\\/\\\/gardenersfriend.eu\\\/sv\\\/produkt\\\/inex-a-adjuvans\\\/#primaryimage\"},\"image\":{\"@id\":\"https:\\\/\\\/gardenersfriend.eu\\\/sv\\\/produkt\\\/inex-a-adjuvans\\\/#primaryimage\"},\"thumbnailUrl\":\"https:\\\/\\\/gardenersfriend.eu\\\/wp-content\\\/uploads\\\/2025\\\/06\\\/Inex-A-330mlWebp-2.webp\",\"datePublished\":\"2025-06-04T21:11:52+00:00\",\"dateModified\":\"2026-02-19T15:27:47+00:00\",\"description\":\"INEX-A Adjuvant har en v\u00e4tande och penetrerande effekt, f\u00f6rb\u00e4ttrar f\u00f6rdelningen och f\u00f6rdelningen av \u00e4mnen p\u00e5 v\u00e4xternas yta och i deras v\u00e4vnader\",\"breadcrumb\":{\"@id\":\"https:\\\/\\\/gardenersfriend.eu\\\/sv\\\/produkt\\\/inex-a-adjuvans\\\/#breadcrumb\"},\"inLanguage\":\"sv-SE\",\"potentialAction\":[{\"@type\":\"ReadAction\",\"target\":[\"https:\\\/\\\/gardenersfriend.eu\\\/sv\\\/produkt\\\/inex-a-adjuvans\\\/\"]}]},{\"@type\":\"ImageObject\",\"inLanguage\":\"sv-SE\",\"@id\":\"https:\\\/\\\/gardenersfriend.eu\\\/sv\\\/produkt\\\/inex-a-adjuvans\\\/#primaryimage\",\"url\":\"https:\\\/\\\/gardenersfriend.eu\\\/wp-content\\\/uploads\\\/2025\\\/06\\\/Inex-A-330mlWebp-2.webp\",\"contentUrl\":\"https:\\\/\\\/gardenersfriend.eu\\\/wp-content\\\/uploads\\\/2025\\\/06\\\/Inex-A-330mlWebp-2.webp\",\"width\":2048,\"height\":2048,\"caption\":\"Inex-A 330ml\"},{\"@type\":\"BreadcrumbList\",\"@id\":\"https:\\\/\\\/gardenersfriend.eu\\\/sv\\\/produkt\\\/inex-a-adjuvans\\\/#breadcrumb\",\"itemListElement\":[{\"@type\":\"ListItem\",\"position\":1,\"name\":\"Strona g\u0142\u00f3wna\",\"item\":\"https:\\\/\\\/gardenersfriend.eu\\\/sv\\\/\"},{\"@type\":\"ListItem\",\"position\":2,\"name\":\"Butik\",\"item\":\"https:\\\/\\\/gardenersfriend.eu\\\/shop\\\/\"},{\"@type\":\"ListItem\",\"position\":3,\"name\":\"Inex-A Adjuvant\"}]},{\"@type\":\"WebSite\",\"@id\":\"https:\\\/\\\/gardenersfriend.eu\\\/sv\\\/#website\",\"url\":\"https:\\\/\\\/gardenersfriend.eu\\\/sv\\\/\",\"name\":\"Gardeners Friend\",\"description\":\"herbicides, fertilisers, roundup\",\"publisher\":{\"@id\":\"https:\\\/\\\/gardenersfriend.eu\\\/sv\\\/#organization\"},\"potentialAction\":[{\"@type\":\"SearchAction\",\"target\":{\"@type\":\"EntryPoint\",\"urlTemplate\":\"https:\\\/\\\/gardenersfriend.eu\\\/sv\\\/?s={search_term_string}\"},\"query-input\":{\"@type\":\"PropertyValueSpecification\",\"valueRequired\":true,\"valueName\":\"search_term_string\"}}],\"inLanguage\":\"sv-SE\"},{\"@type\":\"Organization\",\"@id\":\"https:\\\/\\\/gardenersfriend.eu\\\/sv\\\/#organization\",\"name\":\"Gardeners Friend\",\"url\":\"https:\\\/\\\/gardenersfriend.eu\\\/sv\\\/\",\"logo\":{\"@type\":\"ImageObject\",\"inLanguage\":\"sv-SE\",\"@id\":\"https:\\\/\\\/gardenersfriend.eu\\\/sv\\\/#\\\/schema\\\/logo\\\/image\\\/\",\"url\":\"https:\\\/\\\/gardenersfriend.eu\\\/wp-content\\\/uploads\\\/2025\\\/09\\\/gf_accepted_big_logo.png\",\"contentUrl\":\"https:\\\/\\\/gardenersfriend.eu\\\/wp-content\\\/uploads\\\/2025\\\/09\\\/gf_accepted_big_logo.png\",\"width\":2000,\"height\":1000,\"caption\":\"Gardeners Friend\"},\"image\":{\"@id\":\"https:\\\/\\\/gardenersfriend.eu\\\/sv\\\/#\\\/schema\\\/logo\\\/image\\\/\"},\"sameAs\":[\"https:\\\/\\\/www.facebook.com\\\/people\\\/Gardeners-Friend-Store\\\/61566268054378\\\/\",\"https:\\\/\\\/www.instagram.com\\\/gardeners_friend_store\\\/\"]}]}<\/script>\n<!-- \/ Yoast SEO plugin. -->","yoast_head_json":{"title":"Inex-A Adjuvant - Gardeners Friend","description":"INEX-A Adjuvant har en v\u00e4tande och penetrerande effekt, f\u00f6rb\u00e4ttrar f\u00f6rdelningen och f\u00f6rdelningen av \u00e4mnen p\u00e5 v\u00e4xternas yta och i deras v\u00e4vnader","robots":{"index":"index","follow":"follow","max-snippet":"max-snippet:-1","max-image-preview":"max-image-preview:large","max-video-preview":"max-video-preview:-1"},"canonical":"https:\/\/gardenersfriend.eu\/sv\/produkt\/inex-a-adjuvans\/","og_locale":"sv_SE","og_type":"article","og_title":"Inex-A Adjuvant - Gardeners Friend","og_description":"INEX-A Adjuvant har en v\u00e4tande och penetrerande effekt, f\u00f6rb\u00e4ttrar f\u00f6rdelningen och f\u00f6rdelningen av \u00e4mnen p\u00e5 v\u00e4xternas yta och i deras v\u00e4vnader","og_url":"https:\/\/gardenersfriend.eu\/sv\/produkt\/inex-a-adjuvans\/","og_site_name":"Gardeners Friend","article_publisher":"https:\/\/www.facebook.com\/people\/Gardeners-Friend-Store\/61566268054378\/","article_modified_time":"2026-02-19T15:27:47+00:00","og_image":[{"width":2048,"height":2048,"url":"https:\/\/gardenersfriend.eu\/wp-content\/uploads\/2025\/06\/Inex-A-330mlWebp-2.webp","type":"image\/webp"}],"twitter_card":"summary_large_image","twitter_misc":{"Ber\u00e4knad l\u00e4stid":"2 minuter"},"schema":{"@context":"https:\/\/schema.org","@graph":[{"@type":"WebPage","@id":"https:\/\/gardenersfriend.eu\/sv\/produkt\/inex-a-adjuvans\/","url":"https:\/\/gardenersfriend.eu\/sv\/produkt\/inex-a-adjuvans\/","name":"Inex-A Adjuvant - Gardeners Friend","isPartOf":{"@id":"https:\/\/gardenersfriend.eu\/sv\/#website"},"primaryImageOfPage":{"@id":"https:\/\/gardenersfriend.eu\/sv\/produkt\/inex-a-adjuvans\/#primaryimage"},"image":{"@id":"https:\/\/gardenersfriend.eu\/sv\/produkt\/inex-a-adjuvans\/#primaryimage"},"thumbnailUrl":"https:\/\/gardenersfriend.eu\/wp-content\/uploads\/2025\/06\/Inex-A-330mlWebp-2.webp","datePublished":"2025-06-04T21:11:52+00:00","dateModified":"2026-02-19T15:27:47+00:00","description":"INEX-A Adjuvant har en v\u00e4tande och penetrerande effekt, f\u00f6rb\u00e4ttrar f\u00f6rdelningen och f\u00f6rdelningen av \u00e4mnen p\u00e5 v\u00e4xternas yta och i deras v\u00e4vnader","breadcrumb":{"@id":"https:\/\/gardenersfriend.eu\/sv\/produkt\/inex-a-adjuvans\/#breadcrumb"},"inLanguage":"sv-SE","potentialAction":[{"@type":"ReadAction","target":["https:\/\/gardenersfriend.eu\/sv\/produkt\/inex-a-adjuvans\/"]}]},{"@type":"ImageObject","inLanguage":"sv-SE","@id":"https:\/\/gardenersfriend.eu\/sv\/produkt\/inex-a-adjuvans\/#primaryimage","url":"https:\/\/gardenersfriend.eu\/wp-content\/uploads\/2025\/06\/Inex-A-330mlWebp-2.webp","contentUrl":"https:\/\/gardenersfriend.eu\/wp-content\/uploads\/2025\/06\/Inex-A-330mlWebp-2.webp","width":2048,"height":2048,"caption":"Inex-A 330ml"},{"@type":"BreadcrumbList","@id":"https:\/\/gardenersfriend.eu\/sv\/produkt\/inex-a-adjuvans\/#breadcrumb","itemListElement":[{"@type":"ListItem","position":1,"name":"Strona g\u0142\u00f3wna","item":"https:\/\/gardenersfriend.eu\/sv\/"},{"@type":"ListItem","position":2,"name":"Butik","item":"https:\/\/gardenersfriend.eu\/shop\/"},{"@type":"ListItem","position":3,"name":"Inex-A Adjuvant"}]},{"@type":"WebSite","@id":"https:\/\/gardenersfriend.eu\/sv\/#website","url":"https:\/\/gardenersfriend.eu\/sv\/","name":"Gardeners Friend","description":"herbicides, fertilisers, roundup","publisher":{"@id":"https:\/\/gardenersfriend.eu\/sv\/#organization"},"potentialAction":[{"@type":"SearchAction","target":{"@type":"EntryPoint","urlTemplate":"https:\/\/gardenersfriend.eu\/sv\/?s={search_term_string}"},"query-input":{"@type":"PropertyValueSpecification","valueRequired":true,"valueName":"search_term_string"}}],"inLanguage":"sv-SE"},{"@type":"Organization","@id":"https:\/\/gardenersfriend.eu\/sv\/#organization","name":"Gardeners Friend","url":"https:\/\/gardenersfriend.eu\/sv\/","logo":{"@type":"ImageObject","inLanguage":"sv-SE","@id":"https:\/\/gardenersfriend.eu\/sv\/#\/schema\/logo\/image\/","url":"https:\/\/gardenersfriend.eu\/wp-content\/uploads\/2025\/09\/gf_accepted_big_logo.png","contentUrl":"https:\/\/gardenersfriend.eu\/wp-content\/uploads\/2025\/09\/gf_accepted_big_logo.png","width":2000,"height":1000,"caption":"Gardeners Friend"},"image":{"@id":"https:\/\/gardenersfriend.eu\/sv\/#\/schema\/logo\/image\/"},"sameAs":["https:\/\/www.facebook.com\/people\/Gardeners-Friend-Store\/61566268054378\/","https:\/\/www.instagram.com\/gardeners_friend_store\/"]}]}},"uagb_featured_image_src":{"full":["https:\/\/gardenersfriend.eu\/wp-content\/uploads\/2025\/06\/Inex-A-330mlWebp-2.webp",2048,2048,false],"thumbnail":["https:\/\/gardenersfriend.eu\/wp-content\/uploads\/2025\/06\/Inex-A-330mlWebp-2-150x150.webp",150,150,true],"medium":["https:\/\/gardenersfriend.eu\/wp-content\/uploads\/2025\/06\/Inex-A-330mlWebp-2-300x300.webp",300,300,true],"medium_large":["https:\/\/gardenersfriend.eu\/wp-content\/uploads\/2025\/06\/Inex-A-330mlWebp-2-768x768.webp",768,768,true],"large":["https:\/\/gardenersfriend.eu\/wp-content\/uploads\/2025\/06\/Inex-A-330mlWebp-2-1024x1024.webp",1024,1024,true],"1536x1536":["https:\/\/gardenersfriend.eu\/wp-content\/uploads\/2025\/06\/Inex-A-330mlWebp-2-1536x1536.webp",1536,1536,true],"2048x2048":["https:\/\/gardenersfriend.eu\/wp-content\/uploads\/2025\/06\/Inex-A-330mlWebp-2.webp",2048,2048,false],"woocommerce_thumbnail":["https:\/\/gardenersfriend.eu\/wp-content\/uploads\/2025\/06\/Inex-A-330mlWebp-2-300x300.webp",300,300,true],"woocommerce_single":["https:\/\/gardenersfriend.eu\/wp-content\/uploads\/2025\/06\/Inex-A-330mlWebp-2-600x600.webp",600,600,true],"woocommerce_gallery_thumbnail":["https:\/\/gardenersfriend.eu\/wp-content\/uploads\/2025\/06\/Inex-A-330mlWebp-2-100x100.webp",100,100,true]},"uagb_author_info":{"display_name":"admin","author_link":"https:\/\/gardenersfriend.eu\/sv\/author\/"},"uagb_comment_info":0,"uagb_excerpt":"INEX-A Adjuvans - Det har en v\u00e4tande och penetrerande effekt, f\u00f6rb\u00e4ttrar distributionen och distributionen av \u00e4mnen p\u00e5 v\u00e4xternas yta och i deras v\u00e4vnader.","jetpack_sharing_enabled":true,"_links":{"self":[{"href":"https:\/\/gardenersfriend.eu\/sv\/wp-json\/wp\/v2\/product\/4512","targetHints":{"allow":["GET"]}}],"collection":[{"href":"https:\/\/gardenersfriend.eu\/sv\/wp-json\/wp\/v2\/product"}],"about":[{"href":"https:\/\/gardenersfriend.eu\/sv\/wp-json\/wp\/v2\/types\/product"}],"replies":[{"embeddable":true,"href":"https:\/\/gardenersfriend.eu\/sv\/wp-json\/wp\/v2\/comments?post=4512"}],"wp:featuredmedia":[{"embeddable":true,"href":"https:\/\/gardenersfriend.eu\/sv\/wp-json\/wp\/v2\/media\/5007"}],"wp:attachment":[{"href":"https:\/\/gardenersfriend.eu\/sv\/wp-json\/wp\/v2\/media?parent=4512"}],"wp:term":[{"taxonomy":"product_brand","embeddable":true,"href":"https:\/\/gardenersfriend.eu\/sv\/wp-json\/wp\/v2\/product_brand?post=4512"},{"taxonomy":"product_cat","embeddable":true,"href":"https:\/\/gardenersfriend.eu\/sv\/wp-json\/wp\/v2\/product_cat?post=4512"},{"taxonomy":"product_tag","embeddable":true,"href":"https:\/\/gardenersfriend.eu\/sv\/wp-json\/wp\/v2\/product_tag?post=4512"}],"curies":[{"name":"wp","href":"https:\/\/api.w.org\/{rel}","templated":true}]}}