{"id":4548,"date":"2025-06-04T22:34:12","date_gmt":"2025-06-04T20:34:12","guid":{"rendered":"https:\/\/gardenersfriend.eu\/product\/chwastox-390-trio-sl-herbicid\/"},"modified":"2026-03-19T20:58:42","modified_gmt":"2026-03-19T19:58:42","slug":"chwastox-390-trio-sl-herbicid","status":"publish","type":"product","link":"https:\/\/gardenersfriend.eu\/sv\/produkt\/chwastox-390-trio-sl-herbicid\/","title":{"rendered":"Chwastox 390 Trio SL Herbicid"},"content":{"rendered":"<p><strong>Chwastox Trio 390 SL<\/strong> \u00e4r en trekomponents herbicid fr\u00e5n Chwastox-familjen som bek\u00e4mpar bredbladiga ogr\u00e4s vid odling av vinter- och v\u00e5rspannm\u00e5l. Produkten kan ocks\u00e5 anv\u00e4ndas p\u00e5 gr\u00e4smarker. Under optimala v\u00e4derf\u00f6rh\u00e5llanden \u00e4r effekten av medlet synlig kort efter applicering.  <\/p>\n<h2>Vilka \u00e4r f\u00f6rdelarna med att anv\u00e4nda produkten?<\/h2>\n<ul>\n<li>eliminering av ett brett spektrum av ogr\u00e4s i v\u00e5r- och vinterspannm\u00e5l<\/li>\n<li>en kombination av aktiva substanser fr\u00e5n gruppen s.k. tillv\u00e4xtreglerande medel som minskar risken f\u00f6r ogr\u00e4sresistens<\/li>\n<li>en snabb visuell herbicid effekt &#8211; bekr\u00e4ftar h\u00f6g effektivitet<\/li>\n<\/ul>\n<h2>Chwastox Trio 390 SL &#8211; vad \u00e4r produktens sammans\u00e4ttning?<\/h2>\n<p>V\u00e4xtskyddsmedlet inneh\u00e5ller tre aktiva substanser:<\/p>\n<ul>\n<li>MCPA<\/li>\n<li>mekoprop-P<\/li>\n<li>Dicamba<\/li>\n<\/ul>\n<p>De har klassificerats av HRAC i grupp 4 (tidigare grupp O), vilket inneb\u00e4r att de har samma verkningsmekanism.<\/p>\n<p>Produkten absorberas av ogr\u00e4sens blad och verkar systemiskt. Den f\u00f6rsta visuella effekten av produkten \u00e4r deformation av ogr\u00e4s, vilket leder till h\u00e4mning av tillv\u00e4xt och deras d\u00f6d. <\/p>\n<p>Produkten \u00e4r i form av en v\u00e4tska f\u00f6r beredning av en vattenl\u00f6sning &#8211; SL-form.<\/p>\n<h2>Vilka ogr\u00e4s bek\u00e4mpar herbiciden?<\/h2>\n<p>Antalet ogr\u00e4sarter som bek\u00e4mpas med v\u00e4xtskyddsmedlet varierar beroende p\u00e5 produktdos och antal appliceringar. Under registreringsprocessen uppn\u00e5ddes h\u00f6g effektivitet f\u00f6r Chwastox Nowy Trio 390 SL i f\u00f6rh\u00e5llande till de viktigaste ogr\u00e4s som f\u00f6rekommer i en viss gr\u00f6da. <\/p>\n<p><strong>H\u00f6stvete, vintertriticale, r\u00e5g, vinterkorn &#8211; dos 2,0 l\/ha<\/strong><\/p>\n<ul>\n<li><strong>K\u00e4nsliga og <\/strong>r\u00e4s: bl\u00e5klint, \u00e5kerfr\u00e4ken, \u00e5kersenap, \u00e5kertistel, \u00e5kerfr\u00e4ken, vit g\u00e5s\u00f6rt, \u00e5kervallmo, doftskinn, \u00e5kerf\u00f6rg\u00e4tmigej, k\u00e4rrkaprifol, kl\u00e4tt, v\u00e4ddklint (convolvulus), \u00e5kerkamomill, \u00e5kerkamomill, \u00e5kerraps, \u00e5kerv\u00e4dd, \u00e5kerbr\u00e4ken<\/li>\n<li><strong>m\u00e5ttligt k\u00e4nsliga ogr\u00e4s: <\/strong>liten storrams, f\u00e4ltviol, murgr\u00f6na<\/li>\n<\/ul>\n<p><strong>V\u00e5rkorn, v\u00e5rvete, havre, v\u00e5rtriticale &#8211; dos 1,5 l\/ha<\/strong><\/p>\n<ul>\n<li><strong>K\u00e4nsliga ogr\u00e4s: <\/strong>\u00e5kerfr\u00e4ken, \u00e5kersenap, \u00e5kertistel, purpurbr\u00e4cka, vit g\u00e5s\u00f6rt, \u00e5kervallmo, doftl\u00f6s m\u00e5lla, \u00e5kerhyacint, kl\u00e4tt, kn\u00f6lsm\u00f6rblomma, \u00e5kerkamomill, \u00e5keramarant, \u00e5kerv\u00e4dd, \u00e5kerbr\u00e4ken, sm\u00e5blommig galla<\/li>\n<li><strong>Medelk\u00e4nsliga ogr\u00e4s:<\/strong> liten pelargon, bl\u00e5klint, f\u00e4ltviol, f\u00e4ltf\u00f6rg\u00e4tmigej, spillraps<\/li>\n<\/ul>\n<p><strong>Gr\u00e4sytor f\u00f6r fritidsbruk (gr\u00e4smattor, idrottsplatser, golfbanor) &#8211; dos 2,0 l\/ha<\/strong><\/p>\n<ul>\n<li><strong>K\u00e4nsliga ogr\u00e4s:<\/strong> krypande sm\u00f6rblomma, vanlig maskros, gr\u00f6nkulla, vanlig horn\u00f6rt, vanlig \u00e4ngssyra<\/li>\n<li><strong>m\u00e5ttligt k\u00e4nsliga ogr\u00e4s: <\/strong>\u00e5kerv\u00e4dd, vanlig groblad, vanlig r\u00f6lleka<\/li>\n<li><strong>resistenta ogr\u00e4s: <\/strong>liten storrams, vitkl\u00f6ver, \u00e5kerv\u00e4dd, \u00e5kerfr\u00e4ken<\/li>\n<\/ul>\n<p><strong>Gr\u00e4sytor f\u00f6r fritidsbruk (gr\u00e4smattor, sportf\u00e4lt, golfbanor) &#8211; dos 2,0 l\/ha appliceras tv\u00e5 g\u00e5nger<\/strong><\/p>\n<ul>\n<li><strong>K\u00e4nsliga ogr\u00e4s: <\/strong>\u00e5kerv\u00e4dd, vanlig groblad, liten bl\u00e5klocka, krypande sm\u00f6rblomma, vitkl\u00f6ver, r\u00f6lleka, maskros, gr\u00f6nkulla, \u00e5kerv\u00e4dd, stor bl\u00e5klocka, \u00e4ngssyra<\/li>\n<li><strong>resistenta ogr\u00e4s:<\/strong> groddkrassing<\/li>\n<\/ul>\n<h2>Dosering<\/h2>\n<h3>H\u00f6stvete, h\u00f6sttriticale, r\u00e5g, vinterkorn<\/h3>\n<p>Rekommenderad dos f\u00f6r en enda applicering: 2,0 l\/ha<br \/>\nMaximalt antal behandlingar under v\u00e4xts\u00e4songen: 1<\/p>\n<p>Datum f\u00f6r ans\u00f6kan:<\/p>\n<p>applicera medlet p\u00e5 v\u00e5ren efter vegetationens b\u00f6rjan fr\u00e5n b\u00f6rjan av spannm\u00e5lens bestockningsfas till dess slut (BBCH 21-29)<\/p>\n<h3>V\u00e5rkorn, v\u00e5rvete, havre, v\u00e5rtriticale<\/h3>\n<p>Rekommenderad dos f\u00f6r en enda applicering: 1,5 l\/ha<\/p>\n<p>Datum f\u00f6r ans\u00f6kan:<\/p>\n<p>applicera medlet fr\u00e5n b\u00f6rjan av spannm\u00e5lens bestockningsfas till dess slut (BBCH 21-29)<\/p>\n<h3>Gr\u00e4sytor f\u00f6r rekreation (gr\u00e4smattor, idrottsplatser, golfbanor)<\/h3>\n<p>Rekommenderad dos f\u00f6r en enda applicering: 2,0 l\/ha<br \/>\nIntervall mellan behandlingar: minst 56 dagar<br \/>\nMaximalt antal behandlingar under v\u00e4xts\u00e4songen: 2<\/p>\n<p>Datum f\u00f6r anv\u00e4ndning:<\/p>\n<p>applicera produkten fr\u00e5n v\u00e5ren till tidig h\u00f6st, f\u00f6r ogr\u00e4s fr\u00e5n stadiet med flera blad till blomningsstadiet (BBCH 14-40) p\u00e5 hela ytan av gr\u00e4smattan, idrottsplatsen, golfbanan eller endast p\u00e5 ogr\u00e4sbevuxna platser &#8211; vid kraftig ogr\u00e4srensning kan det vara n\u00f6dv\u00e4ndigt att utf\u00f6ra en andra behandling<\/p>\n<p class=\"p1\"><strong>Etikett: <\/strong><a title=\"Chwastox Trio 390 SL\" href=\"https:\/\/gardenersfriend.eu\/wp-content\/uploads\/2026\/02\/Chwastox_Trio_390_SL_SV.pdf\" target=\"_blank\" rel=\"noopener\">Chwastox Trio 390 SL_SV<\/a><\/p>\n<p class=\"p1\"><strong>Producent webbplats:<\/strong> <a title=\"Qemetica Sida\" href=\"https:\/\/qemetica-agro.pl\/pl\" target=\"_blank\" rel=\"noopener\">Qemetica<\/a><\/p>\n<h5 style=\"color: #bcbcbc;\">Legal Information<\/h5>\n<p style=\"color: #bcbcbc;\">\nHints! Use pesticides carefully. \nBefore use read the label and product information.\nUse by non-professional users permitted.\nException: The buyer from Belgium declares that\nat the time of purchase he has full legal capacity\nand has the appropriate qualifications required from\npersons purchasing plant protection products.\n\nPursuant to Art. 28 of the Act of March 8, 2013 on plant protection products (Journal of Laws 2020, item 2097), from November 26, 2015, plant protection products intended for professional users may be sold to people who:\n\nPoint 1 - have completed training in the use of plant protection products in the Republic of Poland confirmed by a certificate of completion of this training, or\n\nPoint 2 - have completed training in advising on plant protection products in the Republic of Poland confirmed by a certificate of completion of this training, or\n\nPoint 3 - have completed training in integrated crop production confirmed by a certificate of completion of this training, or\n\nPoint 4 - not earlier than 5 years, prior to the purchase of these funds, have completed the training required from professional users in another Member State of the European Union or in a country being a party to the Agreement on the European Economic Area, on the basis of the provisions in force in that country, confirmed by a document of completion of this training, or they have presented another document issued under the regulations in force in that country, confirming that they obtained authorization to purchase plant protection products intended for professional users.\n\nImportent!\n\nOnly people over 18 years of age can use plant protection products.\n\nPlant protection products should be used safely.\n\nBefore each use, read the information provided on the label and product information.\n\n\n<\/p>\n","protected":false},"excerpt":{"rendered":"<p>Chwastox Triuo 390 SL \u00e4r en herbicid i form av ett koncentrat f\u00f6r beredning av en vattenl\u00f6sning som appliceras p\u00e5 blad och \u00e4r avsedd f\u00f6r bek\u00e4mpning efter uppkomst av ett\u00e5riga tv\u00e5hj\u00e4rtbladiga ogr\u00e4s<\/p>\n","protected":false},"featured_media":4469,"comment_status":"open","ping_status":"closed","template":"","meta":{"_uag_custom_page_level_css":"","site-sidebar-layout":"default","site-content-layout":"","ast-site-content-layout":"default","site-content-style":"default","site-sidebar-style":"default","ast-global-header-display":"","ast-banner-title-visibility":"","ast-main-header-display":"","ast-hfb-above-header-display":"","ast-hfb-below-header-display":"","ast-hfb-mobile-header-display":"","site-post-title":"","ast-breadcrumbs-content":"","ast-featured-img":"","footer-sml-layout":"","ast-disable-related-posts":"","theme-transparent-header-meta":"default","adv-header-id-meta":"","stick-header-meta":"","header-above-stick-meta":"","header-main-stick-meta":"","header-below-stick-meta":"","astra-migrate-meta-layouts":"default","ast-page-background-enabled":"default","ast-page-background-meta":{"desktop":{"background-color":"var(--ast-global-color-4)","background-image":"","background-repeat":"repeat","background-position":"center center","background-size":"auto","background-attachment":"scroll","background-type":"","background-media":"","overlay-type":"","overlay-color":"","overlay-opacity":"","overlay-gradient":""},"tablet":{"background-color":"","background-image":"","background-repeat":"repeat","background-position":"center center","background-size":"auto","background-attachment":"scroll","background-type":"","background-media":"","overlay-type":"","overlay-color":"","overlay-opacity":"","overlay-gradient":""},"mobile":{"background-color":"","background-image":"","background-repeat":"repeat","background-position":"center center","background-size":"auto","background-attachment":"scroll","background-type":"","background-media":"","overlay-type":"","overlay-color":"","overlay-opacity":"","overlay-gradient":""}},"ast-content-background-meta":{"desktop":{"background-color":"var(--ast-global-color-5)","background-image":"","background-repeat":"repeat","background-position":"center center","background-size":"auto","background-attachment":"scroll","background-type":"","background-media":"","overlay-type":"","overlay-color":"","overlay-opacity":"","overlay-gradient":""},"tablet":{"background-color":"var(--ast-global-color-5)","background-image":"","background-repeat":"repeat","background-position":"center center","background-size":"auto","background-attachment":"scroll","background-type":"","background-media":"","overlay-type":"","overlay-color":"","overlay-opacity":"","overlay-gradient":""},"mobile":{"background-color":"var(--ast-global-color-5)","background-image":"","background-repeat":"repeat","background-position":"center center","background-size":"auto","background-attachment":"scroll","background-type":"","background-media":"","overlay-type":"","overlay-color":"","overlay-opacity":"","overlay-gradient":""}}},"product_brand":[],"product_cat":[91,182,92],"product_tag":[],"class_list":{"0":"post-4548","1":"product","2":"type-product","3":"status-publish","4":"has-post-thumbnail","6":"product_cat-alla-produkter","7":"product_cat-herbicid","8":"product_cat-mest-populara","9":"product_shipping_class-alla","10":"desktop-align-left","11":"tablet-align-left","12":"mobile-align-left","14":"first","15":"instock","16":"taxable","17":"shipping-taxable","18":"purchasable","19":"product-type-variable","20":"has-default-attributes"},"yoast_head":"<!-- This site is optimized with the Yoast SEO plugin v27.4 - https:\/\/yoast.com\/product\/yoast-seo-wordpress\/ -->\n<title>Chwastox 390 Trio SL Herbicid - Gardeners Friend<\/title>\n<meta name=\"description\" content=\"Chwastox Trio 390 \u00e4r en herbicid i form av ett koncentrat som appliceras bladvis och \u00e4r avsedd f\u00f6r bek\u00e4mpning efter uppkomst av ett\u00e5riga tv\u00e5hj\u00e4rtbladiga ogr\u00e4s\" \/>\n<meta name=\"robots\" content=\"index, follow, max-snippet:-1, max-image-preview:large, max-video-preview:-1\" \/>\n<link rel=\"canonical\" href=\"https:\/\/gardenersfriend.eu\/sv\/produkt\/chwastox-390-trio-sl-herbicid\/\" \/>\n<meta property=\"og:locale\" content=\"sv_SE\" \/>\n<meta property=\"og:type\" content=\"article\" \/>\n<meta property=\"og:title\" content=\"Chwastox 390 Trio SL Herbicid - Gardeners Friend\" \/>\n<meta property=\"og:description\" content=\"Chwastox Trio 390 \u00e4r en herbicid i form av ett koncentrat som appliceras bladvis och \u00e4r avsedd f\u00f6r bek\u00e4mpning efter uppkomst av ett\u00e5riga tv\u00e5hj\u00e4rtbladiga ogr\u00e4s\" \/>\n<meta property=\"og:url\" content=\"https:\/\/gardenersfriend.eu\/sv\/produkt\/chwastox-390-trio-sl-herbicid\/\" \/>\n<meta property=\"og:site_name\" content=\"Gardeners Friend\" \/>\n<meta property=\"article:publisher\" content=\"https:\/\/www.facebook.com\/people\/Gardeners-Friend-Store\/61566268054378\/\" \/>\n<meta property=\"article:modified_time\" content=\"2026-03-19T19:58:42+00:00\" \/>\n<meta property=\"og:image\" content=\"https:\/\/gardenersfriend.eu\/wp-content\/uploads\/2025\/06\/chwastox390Trio1L-1.png\" \/>\n\t<meta property=\"og:image:width\" content=\"2048\" \/>\n\t<meta property=\"og:image:height\" content=\"2048\" \/>\n\t<meta property=\"og:image:type\" content=\"image\/png\" \/>\n<meta name=\"twitter:card\" content=\"summary_large_image\" \/>\n<meta name=\"twitter:label1\" content=\"Ber\u00e4knad l\u00e4stid\" \/>\n\t<meta name=\"twitter:data1\" content=\"3 minuter\" \/>\n<script type=\"application\/ld+json\" class=\"yoast-schema-graph\">{\"@context\":\"https:\\\/\\\/schema.org\",\"@graph\":[{\"@type\":\"WebPage\",\"@id\":\"https:\\\/\\\/gardenersfriend.eu\\\/sv\\\/produkt\\\/chwastox-390-trio-sl-herbicid\\\/\",\"url\":\"https:\\\/\\\/gardenersfriend.eu\\\/sv\\\/produkt\\\/chwastox-390-trio-sl-herbicid\\\/\",\"name\":\"Chwastox 390 Trio SL Herbicid - Gardeners Friend\",\"isPartOf\":{\"@id\":\"https:\\\/\\\/gardenersfriend.eu\\\/sv\\\/#website\"},\"primaryImageOfPage\":{\"@id\":\"https:\\\/\\\/gardenersfriend.eu\\\/sv\\\/produkt\\\/chwastox-390-trio-sl-herbicid\\\/#primaryimage\"},\"image\":{\"@id\":\"https:\\\/\\\/gardenersfriend.eu\\\/sv\\\/produkt\\\/chwastox-390-trio-sl-herbicid\\\/#primaryimage\"},\"thumbnailUrl\":\"https:\\\/\\\/gardenersfriend.eu\\\/wp-content\\\/uploads\\\/2025\\\/06\\\/chwastox390Trio1L-1.png\",\"datePublished\":\"2025-06-04T20:34:12+00:00\",\"dateModified\":\"2026-03-19T19:58:42+00:00\",\"description\":\"Chwastox Trio 390 \u00e4r en herbicid i form av ett koncentrat som appliceras bladvis och \u00e4r avsedd f\u00f6r bek\u00e4mpning efter uppkomst av ett\u00e5riga tv\u00e5hj\u00e4rtbladiga ogr\u00e4s\",\"breadcrumb\":{\"@id\":\"https:\\\/\\\/gardenersfriend.eu\\\/sv\\\/produkt\\\/chwastox-390-trio-sl-herbicid\\\/#breadcrumb\"},\"inLanguage\":\"sv-SE\",\"potentialAction\":[{\"@type\":\"ReadAction\",\"target\":[\"https:\\\/\\\/gardenersfriend.eu\\\/sv\\\/produkt\\\/chwastox-390-trio-sl-herbicid\\\/\"]}]},{\"@type\":\"ImageObject\",\"inLanguage\":\"sv-SE\",\"@id\":\"https:\\\/\\\/gardenersfriend.eu\\\/sv\\\/produkt\\\/chwastox-390-trio-sl-herbicid\\\/#primaryimage\",\"url\":\"https:\\\/\\\/gardenersfriend.eu\\\/wp-content\\\/uploads\\\/2025\\\/06\\\/chwastox390Trio1L-1.png\",\"contentUrl\":\"https:\\\/\\\/gardenersfriend.eu\\\/wp-content\\\/uploads\\\/2025\\\/06\\\/chwastox390Trio1L-1.png\",\"width\":2048,\"height\":2048,\"caption\":\"Chwastox 390 Trio 1L\"},{\"@type\":\"BreadcrumbList\",\"@id\":\"https:\\\/\\\/gardenersfriend.eu\\\/sv\\\/produkt\\\/chwastox-390-trio-sl-herbicid\\\/#breadcrumb\",\"itemListElement\":[{\"@type\":\"ListItem\",\"position\":1,\"name\":\"Strona g\u0142\u00f3wna\",\"item\":\"https:\\\/\\\/gardenersfriend.eu\\\/sv\\\/\"},{\"@type\":\"ListItem\",\"position\":2,\"name\":\"Butik\",\"item\":\"https:\\\/\\\/gardenersfriend.eu\\\/shop\\\/\"},{\"@type\":\"ListItem\",\"position\":3,\"name\":\"Chwastox 390 Trio SL Herbicid\"}]},{\"@type\":\"WebSite\",\"@id\":\"https:\\\/\\\/gardenersfriend.eu\\\/sv\\\/#website\",\"url\":\"https:\\\/\\\/gardenersfriend.eu\\\/sv\\\/\",\"name\":\"Gardeners Friend\",\"description\":\"herbicides, fertilisers, roundup\",\"publisher\":{\"@id\":\"https:\\\/\\\/gardenersfriend.eu\\\/sv\\\/#organization\"},\"potentialAction\":[{\"@type\":\"SearchAction\",\"target\":{\"@type\":\"EntryPoint\",\"urlTemplate\":\"https:\\\/\\\/gardenersfriend.eu\\\/sv\\\/?s={search_term_string}\"},\"query-input\":{\"@type\":\"PropertyValueSpecification\",\"valueRequired\":true,\"valueName\":\"search_term_string\"}}],\"inLanguage\":\"sv-SE\"},{\"@type\":\"Organization\",\"@id\":\"https:\\\/\\\/gardenersfriend.eu\\\/sv\\\/#organization\",\"name\":\"Gardeners Friend\",\"url\":\"https:\\\/\\\/gardenersfriend.eu\\\/sv\\\/\",\"logo\":{\"@type\":\"ImageObject\",\"inLanguage\":\"sv-SE\",\"@id\":\"https:\\\/\\\/gardenersfriend.eu\\\/sv\\\/#\\\/schema\\\/logo\\\/image\\\/\",\"url\":\"https:\\\/\\\/gardenersfriend.eu\\\/wp-content\\\/uploads\\\/2025\\\/09\\\/gf_accepted_big_logo.png\",\"contentUrl\":\"https:\\\/\\\/gardenersfriend.eu\\\/wp-content\\\/uploads\\\/2025\\\/09\\\/gf_accepted_big_logo.png\",\"width\":2000,\"height\":1000,\"caption\":\"Gardeners Friend\"},\"image\":{\"@id\":\"https:\\\/\\\/gardenersfriend.eu\\\/sv\\\/#\\\/schema\\\/logo\\\/image\\\/\"},\"sameAs\":[\"https:\\\/\\\/www.facebook.com\\\/people\\\/Gardeners-Friend-Store\\\/61566268054378\\\/\",\"https:\\\/\\\/www.instagram.com\\\/gardeners_friend_store\\\/\"]}]}<\/script>\n<!-- \/ Yoast SEO plugin. -->","yoast_head_json":{"title":"Chwastox 390 Trio SL Herbicid - Gardeners Friend","description":"Chwastox Trio 390 \u00e4r en herbicid i form av ett koncentrat som appliceras bladvis och \u00e4r avsedd f\u00f6r bek\u00e4mpning efter uppkomst av ett\u00e5riga tv\u00e5hj\u00e4rtbladiga ogr\u00e4s","robots":{"index":"index","follow":"follow","max-snippet":"max-snippet:-1","max-image-preview":"max-image-preview:large","max-video-preview":"max-video-preview:-1"},"canonical":"https:\/\/gardenersfriend.eu\/sv\/produkt\/chwastox-390-trio-sl-herbicid\/","og_locale":"sv_SE","og_type":"article","og_title":"Chwastox 390 Trio SL Herbicid - Gardeners Friend","og_description":"Chwastox Trio 390 \u00e4r en herbicid i form av ett koncentrat som appliceras bladvis och \u00e4r avsedd f\u00f6r bek\u00e4mpning efter uppkomst av ett\u00e5riga tv\u00e5hj\u00e4rtbladiga ogr\u00e4s","og_url":"https:\/\/gardenersfriend.eu\/sv\/produkt\/chwastox-390-trio-sl-herbicid\/","og_site_name":"Gardeners Friend","article_publisher":"https:\/\/www.facebook.com\/people\/Gardeners-Friend-Store\/61566268054378\/","article_modified_time":"2026-03-19T19:58:42+00:00","og_image":[{"width":2048,"height":2048,"url":"https:\/\/gardenersfriend.eu\/wp-content\/uploads\/2025\/06\/chwastox390Trio1L-1.png","type":"image\/png"}],"twitter_card":"summary_large_image","twitter_misc":{"Ber\u00e4knad l\u00e4stid":"3 minuter"},"schema":{"@context":"https:\/\/schema.org","@graph":[{"@type":"WebPage","@id":"https:\/\/gardenersfriend.eu\/sv\/produkt\/chwastox-390-trio-sl-herbicid\/","url":"https:\/\/gardenersfriend.eu\/sv\/produkt\/chwastox-390-trio-sl-herbicid\/","name":"Chwastox 390 Trio SL Herbicid - Gardeners Friend","isPartOf":{"@id":"https:\/\/gardenersfriend.eu\/sv\/#website"},"primaryImageOfPage":{"@id":"https:\/\/gardenersfriend.eu\/sv\/produkt\/chwastox-390-trio-sl-herbicid\/#primaryimage"},"image":{"@id":"https:\/\/gardenersfriend.eu\/sv\/produkt\/chwastox-390-trio-sl-herbicid\/#primaryimage"},"thumbnailUrl":"https:\/\/gardenersfriend.eu\/wp-content\/uploads\/2025\/06\/chwastox390Trio1L-1.png","datePublished":"2025-06-04T20:34:12+00:00","dateModified":"2026-03-19T19:58:42+00:00","description":"Chwastox Trio 390 \u00e4r en herbicid i form av ett koncentrat som appliceras bladvis och \u00e4r avsedd f\u00f6r bek\u00e4mpning efter uppkomst av ett\u00e5riga tv\u00e5hj\u00e4rtbladiga ogr\u00e4s","breadcrumb":{"@id":"https:\/\/gardenersfriend.eu\/sv\/produkt\/chwastox-390-trio-sl-herbicid\/#breadcrumb"},"inLanguage":"sv-SE","potentialAction":[{"@type":"ReadAction","target":["https:\/\/gardenersfriend.eu\/sv\/produkt\/chwastox-390-trio-sl-herbicid\/"]}]},{"@type":"ImageObject","inLanguage":"sv-SE","@id":"https:\/\/gardenersfriend.eu\/sv\/produkt\/chwastox-390-trio-sl-herbicid\/#primaryimage","url":"https:\/\/gardenersfriend.eu\/wp-content\/uploads\/2025\/06\/chwastox390Trio1L-1.png","contentUrl":"https:\/\/gardenersfriend.eu\/wp-content\/uploads\/2025\/06\/chwastox390Trio1L-1.png","width":2048,"height":2048,"caption":"Chwastox 390 Trio 1L"},{"@type":"BreadcrumbList","@id":"https:\/\/gardenersfriend.eu\/sv\/produkt\/chwastox-390-trio-sl-herbicid\/#breadcrumb","itemListElement":[{"@type":"ListItem","position":1,"name":"Strona g\u0142\u00f3wna","item":"https:\/\/gardenersfriend.eu\/sv\/"},{"@type":"ListItem","position":2,"name":"Butik","item":"https:\/\/gardenersfriend.eu\/shop\/"},{"@type":"ListItem","position":3,"name":"Chwastox 390 Trio SL Herbicid"}]},{"@type":"WebSite","@id":"https:\/\/gardenersfriend.eu\/sv\/#website","url":"https:\/\/gardenersfriend.eu\/sv\/","name":"Gardeners Friend","description":"herbicides, fertilisers, roundup","publisher":{"@id":"https:\/\/gardenersfriend.eu\/sv\/#organization"},"potentialAction":[{"@type":"SearchAction","target":{"@type":"EntryPoint","urlTemplate":"https:\/\/gardenersfriend.eu\/sv\/?s={search_term_string}"},"query-input":{"@type":"PropertyValueSpecification","valueRequired":true,"valueName":"search_term_string"}}],"inLanguage":"sv-SE"},{"@type":"Organization","@id":"https:\/\/gardenersfriend.eu\/sv\/#organization","name":"Gardeners Friend","url":"https:\/\/gardenersfriend.eu\/sv\/","logo":{"@type":"ImageObject","inLanguage":"sv-SE","@id":"https:\/\/gardenersfriend.eu\/sv\/#\/schema\/logo\/image\/","url":"https:\/\/gardenersfriend.eu\/wp-content\/uploads\/2025\/09\/gf_accepted_big_logo.png","contentUrl":"https:\/\/gardenersfriend.eu\/wp-content\/uploads\/2025\/09\/gf_accepted_big_logo.png","width":2000,"height":1000,"caption":"Gardeners Friend"},"image":{"@id":"https:\/\/gardenersfriend.eu\/sv\/#\/schema\/logo\/image\/"},"sameAs":["https:\/\/www.facebook.com\/people\/Gardeners-Friend-Store\/61566268054378\/","https:\/\/www.instagram.com\/gardeners_friend_store\/"]}]}},"uagb_featured_image_src":{"full":["https:\/\/gardenersfriend.eu\/wp-content\/uploads\/2025\/06\/chwastox390Trio1L-1.png",2048,2048,false],"thumbnail":["https:\/\/gardenersfriend.eu\/wp-content\/uploads\/2025\/06\/chwastox390Trio1L-1-150x150.png",150,150,true],"medium":["https:\/\/gardenersfriend.eu\/wp-content\/uploads\/2025\/06\/chwastox390Trio1L-1-300x300.png",300,300,true],"medium_large":["https:\/\/gardenersfriend.eu\/wp-content\/uploads\/2025\/06\/chwastox390Trio1L-1-768x768.png",768,768,true],"large":["https:\/\/gardenersfriend.eu\/wp-content\/uploads\/2025\/06\/chwastox390Trio1L-1-1024x1024.png",1024,1024,true],"1536x1536":["https:\/\/gardenersfriend.eu\/wp-content\/uploads\/2025\/06\/chwastox390Trio1L-1-1536x1536.png",1536,1536,true],"2048x2048":["https:\/\/gardenersfriend.eu\/wp-content\/uploads\/2025\/06\/chwastox390Trio1L-1.png",2048,2048,false],"woocommerce_thumbnail":["https:\/\/gardenersfriend.eu\/wp-content\/uploads\/2025\/06\/chwastox390Trio1L-1-300x300.png",300,300,true],"woocommerce_single":["https:\/\/gardenersfriend.eu\/wp-content\/uploads\/2025\/06\/chwastox390Trio1L-1-600x600.png",600,600,true],"woocommerce_gallery_thumbnail":["https:\/\/gardenersfriend.eu\/wp-content\/uploads\/2025\/06\/chwastox390Trio1L-1-100x100.png",100,100,true]},"uagb_author_info":{"display_name":"admin","author_link":"https:\/\/gardenersfriend.eu\/sv\/author\/"},"uagb_comment_info":0,"uagb_excerpt":"Chwastox Triuo 390 SL \u00e4r en herbicid i form av ett koncentrat f\u00f6r beredning av en vattenl\u00f6sning som appliceras p\u00e5 blad och \u00e4r avsedd f\u00f6r bek\u00e4mpning efter uppkomst av ett\u00e5riga tv\u00e5hj\u00e4rtbladiga ogr\u00e4s","jetpack_sharing_enabled":true,"_links":{"self":[{"href":"https:\/\/gardenersfriend.eu\/sv\/wp-json\/wp\/v2\/product\/4548","targetHints":{"allow":["GET"]}}],"collection":[{"href":"https:\/\/gardenersfriend.eu\/sv\/wp-json\/wp\/v2\/product"}],"about":[{"href":"https:\/\/gardenersfriend.eu\/sv\/wp-json\/wp\/v2\/types\/product"}],"replies":[{"embeddable":true,"href":"https:\/\/gardenersfriend.eu\/sv\/wp-json\/wp\/v2\/comments?post=4548"}],"wp:featuredmedia":[{"embeddable":true,"href":"https:\/\/gardenersfriend.eu\/sv\/wp-json\/wp\/v2\/media\/4469"}],"wp:attachment":[{"href":"https:\/\/gardenersfriend.eu\/sv\/wp-json\/wp\/v2\/media?parent=4548"}],"wp:term":[{"taxonomy":"product_brand","embeddable":true,"href":"https:\/\/gardenersfriend.eu\/sv\/wp-json\/wp\/v2\/product_brand?post=4548"},{"taxonomy":"product_cat","embeddable":true,"href":"https:\/\/gardenersfriend.eu\/sv\/wp-json\/wp\/v2\/product_cat?post=4548"},{"taxonomy":"product_tag","embeddable":true,"href":"https:\/\/gardenersfriend.eu\/sv\/wp-json\/wp\/v2\/product_tag?post=4548"}],"curies":[{"name":"wp","href":"https:\/\/api.w.org\/{rel}","templated":true}]}}