{"id":4571,"date":"2025-06-04T21:55:27","date_gmt":"2025-06-04T19:55:27","guid":{"rendered":"https:\/\/gardenersfriend.eu\/product\/chwastox-extra-300-sl-herbicid\/"},"modified":"2026-03-19T20:58:30","modified_gmt":"2026-03-19T19:58:30","slug":"chwastox-extra-300-sl-herbicid","status":"publish","type":"product","link":"https:\/\/gardenersfriend.eu\/sv\/produkt\/chwastox-extra-300-sl-herbicid\/","title":{"rendered":"Chwastox Extra 300 SL Herbicid"},"content":{"rendered":"<h2>Chwastox Extra 300 SL &#8211; produktbeskrivning<\/h2>\n<p>Chwastox Extra 300 SL \u00e4r en herbicid f\u00f6r bek\u00e4mpning av vit gourmosa, f\u00e4ltpigment, f\u00e4ltbubblor och andra ogr\u00e4s i v\u00e5r- och vinterspannm\u00e5l, och i blandning med bland annat herbiciden agrosar 360 sl &#8211; \u00e4ven i \u00e4ppeltr\u00e4d<\/p>\n<p><strong>En selektiv herbicid med systemisk verkan f\u00f6r bladapplicering, i form av en v\u00e4tska f\u00f6r beredning av en vattenl\u00f6sning<\/strong>. Vid \u00e4ppelodling kontrollerar Chwastox 300 SL som anv\u00e4nds i en blandning med den icke-selektiva herbiciden Agrosar 360 SL bland annat. besv\u00e4rliga fler\u00e5riga ogr\u00e4s som h\u00e4stsvans och soffgr\u00e4s.  <\/p>\n<h2>Hur fungerar Chwastox Extra 300?<\/h2>\n<p>Medlet absorberas huvudsakligen av ogr\u00e4sblad, vilket orsakar deformation och sedan inhibering av tillv\u00e4xt och d\u00f6d av v\u00e4xter. Det f\u00f6rst\u00f6r ogr\u00e4s mest effektivt i 2-6 bladfasen. <\/p>\n<h2>Vilken aktiv ingrediens inneh\u00e5ller Chwastox Extra 300?<\/h2>\n<ul>\n<li>MCPA (fenoxisyraf\u00f6rening) &#8211; 300 g\/l (26,5%)<\/li>\n<\/ul>\n<h2>Dosering &#8211; hur man anv\u00e4nder Chwastox Extra 300?<\/h2>\n<ul>\n<li>Rekommenderad dos f\u00f6r eng\u00e5ngsbruk: 3,0 l\/ha<\/li>\n<li>I kombination med Agrosar 360 SL: Chwastox Extra 300 i en dos av 2,5 l\/ha + Agrosar 360 SL i en dos av 5,0 l\/ha<\/li>\n<\/ul>\n<h2>I vilka gr\u00f6dor kan Chwastox Extra 300 anv\u00e4ndas?<\/h2>\n<ul>\n<li>V\u00e5r- och h\u00f6stvete,<\/li>\n<li>v\u00e5r- och vintertriticale,<\/li>\n<li>havre<\/li>\n<li>r\u00e5g<\/li>\n<li>\u00e4ppeltr\u00e4d.<\/li>\n<\/ul>\n<h2>Vad anv\u00e4nds Chwastox Extra 300 mot?<\/h2>\n<ul>\n<li><strong>K\u00e4nsliga ogr\u00e4s<\/strong>: \u00e5kerfr\u00e4ken, \u00e5kersenap, vit g\u00e5sfot, \u00e5kerfr\u00e4ken, \u00e5kerfr\u00e4ken, grov fasan\u00f6rt, hund\u00e4xing, k\u00e4ringtand, \u00e5kerfr\u00e4ken, \u00e5kerfr\u00e4ken, spurre.<\/li>\n<li><strong>Medelk\u00e4nsliga ogr\u00e4s<\/strong>: bl\u00e5klint, f\u00e4ltvallmo.<\/li>\n<li><strong>Medelresistenta ogr\u00e4s<\/strong>: k\u00e4ringtand, \u00e5kerf\u00f6rg\u00e4tmigej, v\u00e4ddklint (syn. v\u00e4ddklint), grov amarant.<\/li>\n<li><strong>K\u00e4nsliga<\/strong> ogr\u00e4s: storrams, luddhavre, k\u00e4rrfibbla, vitm\u00e5ra, maskros, hund\u00e4xing, kanadensisk emmer, kn\u00f6lsm\u00f6rblomma, gammelgr\u00f6nkulla, \u00e5kerfr\u00e4ken, k\u00e4rrfibbla, vitgr\u00f6e, vitgr\u00f6e, k\u00f6rvelvicker.<\/li>\n<\/ul>\n<h2>Rekommendationer f\u00f6r anv\u00e4ndning av Chwastox Extra 300 SL<\/h2>\n<p>Anv\u00e4nd produkten fr\u00e5n v\u00e5r till h\u00f6st p\u00e5 gr\u00f6nt ogr\u00e4s under dess intensiva tillv\u00e4xt.<\/p>\n<h2>F\u00f6rdelar med att anv\u00e4nda Chwastox Extra 300 SL<\/h2>\n<p>begr\u00e4nsar f\u00f6rekomsten av vanliga ogr\u00e4sarter,<br \/>\nregistrerad i de viktigaste spannm\u00e5lsarterna,<br \/>\nf\u00f6rl\u00e4nger och f\u00f6rst\u00e4rker den herbicida effekten i sprutblandningar,<br \/>\nkan anv\u00e4ndas i kombination med den icke-selektiva herbiciden Agrosar 360 SL.<\/p>\n<p class=\"p1\"><strong>Etikett: <\/strong><a title=\"Chwastox 300 SL\" href=\"https:\/\/gardenersfriend.eu\/wp-content\/uploads\/2026\/02\/Chwastox_Extra_300_SL_SV.pdf\" target=\"_blank\" rel=\"noopener\">Chwastox 300 SL_SV<\/a><\/p>\n<p class=\"p1\"><strong>Producent webbplats:<\/strong> <a title=\"Qemetica Sida\" href=\"https:\/\/qemetica-agro.pl\/pl\" target=\"_blank\" rel=\"noopener\">Qemetica<\/a><\/p>\n<h5 style=\"color: #bcbcbc;\">Legal Information<\/h5>\n<p style=\"color: #bcbcbc;\">\nHints! Use pesticides carefully. \nBefore use read the label and product information.\nUse by non-professional users permitted.\nException: The buyer from Belgium declares that\nat the time of purchase he has full legal capacity\nand has the appropriate qualifications required from\npersons purchasing plant protection products.\n\nPursuant to Art. 28 of the Act of March 8, 2013 on plant protection products (Journal of Laws 2020, item 2097), from November 26, 2015, plant protection products intended for professional users may be sold to people who:\n\nPoint 1 - have completed training in the use of plant protection products in the Republic of Poland confirmed by a certificate of completion of this training, or\n\nPoint 2 - have completed training in advising on plant protection products in the Republic of Poland confirmed by a certificate of completion of this training, or\n\nPoint 3 - have completed training in integrated crop production confirmed by a certificate of completion of this training, or\n\nPoint 4 - not earlier than 5 years, prior to the purchase of these funds, have completed the training required from professional users in another Member State of the European Union or in a country being a party to the Agreement on the European Economic Area, on the basis of the provisions in force in that country, confirmed by a document of completion of this training, or they have presented another document issued under the regulations in force in that country, confirming that they obtained authorization to purchase plant protection products intended for professional users.\n\nImportent!\n\nOnly people over 18 years of age can use plant protection products.\n\nPlant protection products should be used safely.\n\nBefore each use, read the information provided on the label and product information.\n\n\n<\/p>\n","protected":false},"excerpt":{"rendered":"<p class=\"p1\">Chwastox Extra 300 SL &#8211; herbicid f\u00f6r bek\u00e4mpning av vit gourmosa, f\u00e4ltpigment, f\u00e4ltbubblor och andra ogr\u00e4s i v\u00e5r- och vinterspannm\u00e5l<\/p>\n","protected":false},"featured_media":4418,"comment_status":"open","ping_status":"closed","template":"","meta":{"_uag_custom_page_level_css":"","site-sidebar-layout":"default","site-content-layout":"","ast-site-content-layout":"default","site-content-style":"default","site-sidebar-style":"default","ast-global-header-display":"","ast-banner-title-visibility":"","ast-main-header-display":"","ast-hfb-above-header-display":"","ast-hfb-below-header-display":"","ast-hfb-mobile-header-display":"","site-post-title":"","ast-breadcrumbs-content":"","ast-featured-img":"","footer-sml-layout":"","ast-disable-related-posts":"","theme-transparent-header-meta":"default","adv-header-id-meta":"","stick-header-meta":"","header-above-stick-meta":"","header-main-stick-meta":"","header-below-stick-meta":"","astra-migrate-meta-layouts":"default","ast-page-background-enabled":"default","ast-page-background-meta":{"desktop":{"background-color":"var(--ast-global-color-4)","background-image":"","background-repeat":"repeat","background-position":"center center","background-size":"auto","background-attachment":"scroll","background-type":"","background-media":"","overlay-type":"","overlay-color":"","overlay-opacity":"","overlay-gradient":""},"tablet":{"background-color":"","background-image":"","background-repeat":"repeat","background-position":"center center","background-size":"auto","background-attachment":"scroll","background-type":"","background-media":"","overlay-type":"","overlay-color":"","overlay-opacity":"","overlay-gradient":""},"mobile":{"background-color":"","background-image":"","background-repeat":"repeat","background-position":"center center","background-size":"auto","background-attachment":"scroll","background-type":"","background-media":"","overlay-type":"","overlay-color":"","overlay-opacity":"","overlay-gradient":""}},"ast-content-background-meta":{"desktop":{"background-color":"var(--ast-global-color-5)","background-image":"","background-repeat":"repeat","background-position":"center center","background-size":"auto","background-attachment":"scroll","background-type":"","background-media":"","overlay-type":"","overlay-color":"","overlay-opacity":"","overlay-gradient":""},"tablet":{"background-color":"var(--ast-global-color-5)","background-image":"","background-repeat":"repeat","background-position":"center center","background-size":"auto","background-attachment":"scroll","background-type":"","background-media":"","overlay-type":"","overlay-color":"","overlay-opacity":"","overlay-gradient":""},"mobile":{"background-color":"var(--ast-global-color-5)","background-image":"","background-repeat":"repeat","background-position":"center center","background-size":"auto","background-attachment":"scroll","background-type":"","background-media":"","overlay-type":"","overlay-color":"","overlay-opacity":"","overlay-gradient":""}}},"product_brand":[],"product_cat":[91,182,92],"product_tag":[],"class_list":{"0":"post-4571","1":"product","2":"type-product","3":"status-publish","4":"has-post-thumbnail","6":"product_cat-alla-produkter","7":"product_cat-herbicid","8":"product_cat-mest-populara","9":"product_shipping_class-alla","10":"desktop-align-left","11":"tablet-align-left","12":"mobile-align-left","14":"first","15":"instock","16":"taxable","17":"shipping-taxable","18":"purchasable","19":"product-type-variable","20":"has-default-attributes"},"yoast_head":"<!-- This site is optimized with the Yoast SEO plugin v27.4 - https:\/\/yoast.com\/product\/yoast-seo-wordpress\/ -->\n<title>Chwastox Extra 300 SL Herbicid - Gardeners Friend<\/title>\n<meta name=\"description\" content=\"Chwastox Extra 300 SL - Herbicid f\u00f6r bek\u00e4mpning av vit gurmosa, f\u00e4ltkrassing, f\u00e4ltkn\u00f6lar och andra ogr\u00e4s i v\u00e5r- och vinterspannm\u00e5l\" \/>\n<meta name=\"robots\" content=\"index, follow, max-snippet:-1, max-image-preview:large, max-video-preview:-1\" \/>\n<link rel=\"canonical\" href=\"https:\/\/gardenersfriend.eu\/sv\/produkt\/chwastox-extra-300-sl-herbicid\/\" \/>\n<meta property=\"og:locale\" content=\"sv_SE\" \/>\n<meta property=\"og:type\" content=\"article\" \/>\n<meta property=\"og:title\" content=\"Chwastox Extra 300 SL Herbicid - Gardeners Friend\" \/>\n<meta property=\"og:description\" content=\"Chwastox Extra 300 SL - Herbicid f\u00f6r bek\u00e4mpning av vit gurmosa, f\u00e4ltkrassing, f\u00e4ltkn\u00f6lar och andra ogr\u00e4s i v\u00e5r- och vinterspannm\u00e5l\" \/>\n<meta property=\"og:url\" content=\"https:\/\/gardenersfriend.eu\/sv\/produkt\/chwastox-extra-300-sl-herbicid\/\" \/>\n<meta property=\"og:site_name\" content=\"Gardeners Friend\" \/>\n<meta property=\"article:publisher\" content=\"https:\/\/www.facebook.com\/people\/Gardeners-Friend-Store\/61566268054378\/\" \/>\n<meta property=\"article:modified_time\" content=\"2026-03-19T19:58:30+00:00\" \/>\n<meta property=\"og:image\" content=\"https:\/\/gardenersfriend.eu\/wp-content\/uploads\/2025\/06\/Chwastox-300-1L-1.png\" \/>\n\t<meta property=\"og:image:width\" content=\"2048\" \/>\n\t<meta property=\"og:image:height\" content=\"2048\" \/>\n\t<meta property=\"og:image:type\" content=\"image\/png\" \/>\n<meta name=\"twitter:card\" content=\"summary_large_image\" \/>\n<meta name=\"twitter:label1\" content=\"Ber\u00e4knad l\u00e4stid\" \/>\n\t<meta name=\"twitter:data1\" content=\"2 minuter\" \/>\n<script type=\"application\/ld+json\" class=\"yoast-schema-graph\">{\"@context\":\"https:\\\/\\\/schema.org\",\"@graph\":[{\"@type\":\"WebPage\",\"@id\":\"https:\\\/\\\/gardenersfriend.eu\\\/sv\\\/produkt\\\/chwastox-extra-300-sl-herbicid\\\/\",\"url\":\"https:\\\/\\\/gardenersfriend.eu\\\/sv\\\/produkt\\\/chwastox-extra-300-sl-herbicid\\\/\",\"name\":\"Chwastox Extra 300 SL Herbicid - Gardeners Friend\",\"isPartOf\":{\"@id\":\"https:\\\/\\\/gardenersfriend.eu\\\/sv\\\/#website\"},\"primaryImageOfPage\":{\"@id\":\"https:\\\/\\\/gardenersfriend.eu\\\/sv\\\/produkt\\\/chwastox-extra-300-sl-herbicid\\\/#primaryimage\"},\"image\":{\"@id\":\"https:\\\/\\\/gardenersfriend.eu\\\/sv\\\/produkt\\\/chwastox-extra-300-sl-herbicid\\\/#primaryimage\"},\"thumbnailUrl\":\"https:\\\/\\\/gardenersfriend.eu\\\/wp-content\\\/uploads\\\/2025\\\/06\\\/Chwastox-300-1L-1.png\",\"datePublished\":\"2025-06-04T19:55:27+00:00\",\"dateModified\":\"2026-03-19T19:58:30+00:00\",\"description\":\"Chwastox Extra 300 SL - Herbicid f\u00f6r bek\u00e4mpning av vit gurmosa, f\u00e4ltkrassing, f\u00e4ltkn\u00f6lar och andra ogr\u00e4s i v\u00e5r- och vinterspannm\u00e5l\",\"breadcrumb\":{\"@id\":\"https:\\\/\\\/gardenersfriend.eu\\\/sv\\\/produkt\\\/chwastox-extra-300-sl-herbicid\\\/#breadcrumb\"},\"inLanguage\":\"sv-SE\",\"potentialAction\":[{\"@type\":\"ReadAction\",\"target\":[\"https:\\\/\\\/gardenersfriend.eu\\\/sv\\\/produkt\\\/chwastox-extra-300-sl-herbicid\\\/\"]}]},{\"@type\":\"ImageObject\",\"inLanguage\":\"sv-SE\",\"@id\":\"https:\\\/\\\/gardenersfriend.eu\\\/sv\\\/produkt\\\/chwastox-extra-300-sl-herbicid\\\/#primaryimage\",\"url\":\"https:\\\/\\\/gardenersfriend.eu\\\/wp-content\\\/uploads\\\/2025\\\/06\\\/Chwastox-300-1L-1.png\",\"contentUrl\":\"https:\\\/\\\/gardenersfriend.eu\\\/wp-content\\\/uploads\\\/2025\\\/06\\\/Chwastox-300-1L-1.png\",\"width\":2048,\"height\":2048,\"caption\":\"Chwastox 300 1L\"},{\"@type\":\"BreadcrumbList\",\"@id\":\"https:\\\/\\\/gardenersfriend.eu\\\/sv\\\/produkt\\\/chwastox-extra-300-sl-herbicid\\\/#breadcrumb\",\"itemListElement\":[{\"@type\":\"ListItem\",\"position\":1,\"name\":\"Strona g\u0142\u00f3wna\",\"item\":\"https:\\\/\\\/gardenersfriend.eu\\\/sv\\\/\"},{\"@type\":\"ListItem\",\"position\":2,\"name\":\"Butik\",\"item\":\"https:\\\/\\\/gardenersfriend.eu\\\/shop\\\/\"},{\"@type\":\"ListItem\",\"position\":3,\"name\":\"Chwastox Extra 300 SL Herbicid\"}]},{\"@type\":\"WebSite\",\"@id\":\"https:\\\/\\\/gardenersfriend.eu\\\/sv\\\/#website\",\"url\":\"https:\\\/\\\/gardenersfriend.eu\\\/sv\\\/\",\"name\":\"Gardeners Friend\",\"description\":\"herbicides, fertilisers, roundup\",\"publisher\":{\"@id\":\"https:\\\/\\\/gardenersfriend.eu\\\/sv\\\/#organization\"},\"potentialAction\":[{\"@type\":\"SearchAction\",\"target\":{\"@type\":\"EntryPoint\",\"urlTemplate\":\"https:\\\/\\\/gardenersfriend.eu\\\/sv\\\/?s={search_term_string}\"},\"query-input\":{\"@type\":\"PropertyValueSpecification\",\"valueRequired\":true,\"valueName\":\"search_term_string\"}}],\"inLanguage\":\"sv-SE\"},{\"@type\":\"Organization\",\"@id\":\"https:\\\/\\\/gardenersfriend.eu\\\/sv\\\/#organization\",\"name\":\"Gardeners Friend\",\"url\":\"https:\\\/\\\/gardenersfriend.eu\\\/sv\\\/\",\"logo\":{\"@type\":\"ImageObject\",\"inLanguage\":\"sv-SE\",\"@id\":\"https:\\\/\\\/gardenersfriend.eu\\\/sv\\\/#\\\/schema\\\/logo\\\/image\\\/\",\"url\":\"https:\\\/\\\/gardenersfriend.eu\\\/wp-content\\\/uploads\\\/2025\\\/09\\\/gf_accepted_big_logo.png\",\"contentUrl\":\"https:\\\/\\\/gardenersfriend.eu\\\/wp-content\\\/uploads\\\/2025\\\/09\\\/gf_accepted_big_logo.png\",\"width\":2000,\"height\":1000,\"caption\":\"Gardeners Friend\"},\"image\":{\"@id\":\"https:\\\/\\\/gardenersfriend.eu\\\/sv\\\/#\\\/schema\\\/logo\\\/image\\\/\"},\"sameAs\":[\"https:\\\/\\\/www.facebook.com\\\/people\\\/Gardeners-Friend-Store\\\/61566268054378\\\/\",\"https:\\\/\\\/www.instagram.com\\\/gardeners_friend_store\\\/\"]}]}<\/script>\n<!-- \/ Yoast SEO plugin. -->","yoast_head_json":{"title":"Chwastox Extra 300 SL Herbicid - Gardeners Friend","description":"Chwastox Extra 300 SL - Herbicid f\u00f6r bek\u00e4mpning av vit gurmosa, f\u00e4ltkrassing, f\u00e4ltkn\u00f6lar och andra ogr\u00e4s i v\u00e5r- och vinterspannm\u00e5l","robots":{"index":"index","follow":"follow","max-snippet":"max-snippet:-1","max-image-preview":"max-image-preview:large","max-video-preview":"max-video-preview:-1"},"canonical":"https:\/\/gardenersfriend.eu\/sv\/produkt\/chwastox-extra-300-sl-herbicid\/","og_locale":"sv_SE","og_type":"article","og_title":"Chwastox Extra 300 SL Herbicid - Gardeners Friend","og_description":"Chwastox Extra 300 SL - Herbicid f\u00f6r bek\u00e4mpning av vit gurmosa, f\u00e4ltkrassing, f\u00e4ltkn\u00f6lar och andra ogr\u00e4s i v\u00e5r- och vinterspannm\u00e5l","og_url":"https:\/\/gardenersfriend.eu\/sv\/produkt\/chwastox-extra-300-sl-herbicid\/","og_site_name":"Gardeners Friend","article_publisher":"https:\/\/www.facebook.com\/people\/Gardeners-Friend-Store\/61566268054378\/","article_modified_time":"2026-03-19T19:58:30+00:00","og_image":[{"width":2048,"height":2048,"url":"https:\/\/gardenersfriend.eu\/wp-content\/uploads\/2025\/06\/Chwastox-300-1L-1.png","type":"image\/png"}],"twitter_card":"summary_large_image","twitter_misc":{"Ber\u00e4knad l\u00e4stid":"2 minuter"},"schema":{"@context":"https:\/\/schema.org","@graph":[{"@type":"WebPage","@id":"https:\/\/gardenersfriend.eu\/sv\/produkt\/chwastox-extra-300-sl-herbicid\/","url":"https:\/\/gardenersfriend.eu\/sv\/produkt\/chwastox-extra-300-sl-herbicid\/","name":"Chwastox Extra 300 SL Herbicid - Gardeners Friend","isPartOf":{"@id":"https:\/\/gardenersfriend.eu\/sv\/#website"},"primaryImageOfPage":{"@id":"https:\/\/gardenersfriend.eu\/sv\/produkt\/chwastox-extra-300-sl-herbicid\/#primaryimage"},"image":{"@id":"https:\/\/gardenersfriend.eu\/sv\/produkt\/chwastox-extra-300-sl-herbicid\/#primaryimage"},"thumbnailUrl":"https:\/\/gardenersfriend.eu\/wp-content\/uploads\/2025\/06\/Chwastox-300-1L-1.png","datePublished":"2025-06-04T19:55:27+00:00","dateModified":"2026-03-19T19:58:30+00:00","description":"Chwastox Extra 300 SL - Herbicid f\u00f6r bek\u00e4mpning av vit gurmosa, f\u00e4ltkrassing, f\u00e4ltkn\u00f6lar och andra ogr\u00e4s i v\u00e5r- och vinterspannm\u00e5l","breadcrumb":{"@id":"https:\/\/gardenersfriend.eu\/sv\/produkt\/chwastox-extra-300-sl-herbicid\/#breadcrumb"},"inLanguage":"sv-SE","potentialAction":[{"@type":"ReadAction","target":["https:\/\/gardenersfriend.eu\/sv\/produkt\/chwastox-extra-300-sl-herbicid\/"]}]},{"@type":"ImageObject","inLanguage":"sv-SE","@id":"https:\/\/gardenersfriend.eu\/sv\/produkt\/chwastox-extra-300-sl-herbicid\/#primaryimage","url":"https:\/\/gardenersfriend.eu\/wp-content\/uploads\/2025\/06\/Chwastox-300-1L-1.png","contentUrl":"https:\/\/gardenersfriend.eu\/wp-content\/uploads\/2025\/06\/Chwastox-300-1L-1.png","width":2048,"height":2048,"caption":"Chwastox 300 1L"},{"@type":"BreadcrumbList","@id":"https:\/\/gardenersfriend.eu\/sv\/produkt\/chwastox-extra-300-sl-herbicid\/#breadcrumb","itemListElement":[{"@type":"ListItem","position":1,"name":"Strona g\u0142\u00f3wna","item":"https:\/\/gardenersfriend.eu\/sv\/"},{"@type":"ListItem","position":2,"name":"Butik","item":"https:\/\/gardenersfriend.eu\/shop\/"},{"@type":"ListItem","position":3,"name":"Chwastox Extra 300 SL Herbicid"}]},{"@type":"WebSite","@id":"https:\/\/gardenersfriend.eu\/sv\/#website","url":"https:\/\/gardenersfriend.eu\/sv\/","name":"Gardeners Friend","description":"herbicides, fertilisers, roundup","publisher":{"@id":"https:\/\/gardenersfriend.eu\/sv\/#organization"},"potentialAction":[{"@type":"SearchAction","target":{"@type":"EntryPoint","urlTemplate":"https:\/\/gardenersfriend.eu\/sv\/?s={search_term_string}"},"query-input":{"@type":"PropertyValueSpecification","valueRequired":true,"valueName":"search_term_string"}}],"inLanguage":"sv-SE"},{"@type":"Organization","@id":"https:\/\/gardenersfriend.eu\/sv\/#organization","name":"Gardeners Friend","url":"https:\/\/gardenersfriend.eu\/sv\/","logo":{"@type":"ImageObject","inLanguage":"sv-SE","@id":"https:\/\/gardenersfriend.eu\/sv\/#\/schema\/logo\/image\/","url":"https:\/\/gardenersfriend.eu\/wp-content\/uploads\/2025\/09\/gf_accepted_big_logo.png","contentUrl":"https:\/\/gardenersfriend.eu\/wp-content\/uploads\/2025\/09\/gf_accepted_big_logo.png","width":2000,"height":1000,"caption":"Gardeners Friend"},"image":{"@id":"https:\/\/gardenersfriend.eu\/sv\/#\/schema\/logo\/image\/"},"sameAs":["https:\/\/www.facebook.com\/people\/Gardeners-Friend-Store\/61566268054378\/","https:\/\/www.instagram.com\/gardeners_friend_store\/"]}]}},"uagb_featured_image_src":{"full":["https:\/\/gardenersfriend.eu\/wp-content\/uploads\/2025\/06\/Chwastox-300-1L-1.png",2048,2048,false],"thumbnail":["https:\/\/gardenersfriend.eu\/wp-content\/uploads\/2025\/06\/Chwastox-300-1L-1-150x150.png",150,150,true],"medium":["https:\/\/gardenersfriend.eu\/wp-content\/uploads\/2025\/06\/Chwastox-300-1L-1-300x300.png",300,300,true],"medium_large":["https:\/\/gardenersfriend.eu\/wp-content\/uploads\/2025\/06\/Chwastox-300-1L-1-768x768.png",768,768,true],"large":["https:\/\/gardenersfriend.eu\/wp-content\/uploads\/2025\/06\/Chwastox-300-1L-1-1024x1024.png",1024,1024,true],"1536x1536":["https:\/\/gardenersfriend.eu\/wp-content\/uploads\/2025\/06\/Chwastox-300-1L-1-1536x1536.png",1536,1536,true],"2048x2048":["https:\/\/gardenersfriend.eu\/wp-content\/uploads\/2025\/06\/Chwastox-300-1L-1.png",2048,2048,false],"woocommerce_thumbnail":["https:\/\/gardenersfriend.eu\/wp-content\/uploads\/2025\/06\/Chwastox-300-1L-1-300x300.png",300,300,true],"woocommerce_single":["https:\/\/gardenersfriend.eu\/wp-content\/uploads\/2025\/06\/Chwastox-300-1L-1-600x600.png",600,600,true],"woocommerce_gallery_thumbnail":["https:\/\/gardenersfriend.eu\/wp-content\/uploads\/2025\/06\/Chwastox-300-1L-1-100x100.png",100,100,true]},"uagb_author_info":{"display_name":"admin","author_link":"https:\/\/gardenersfriend.eu\/sv\/author\/"},"uagb_comment_info":0,"uagb_excerpt":"Chwastox Extra 300 SL - herbicid f\u00f6r bek\u00e4mpning av vit gourmosa, f\u00e4ltpigment, f\u00e4ltbubblor och andra ogr\u00e4s i v\u00e5r- och vinterspannm\u00e5l","jetpack_sharing_enabled":true,"_links":{"self":[{"href":"https:\/\/gardenersfriend.eu\/sv\/wp-json\/wp\/v2\/product\/4571","targetHints":{"allow":["GET"]}}],"collection":[{"href":"https:\/\/gardenersfriend.eu\/sv\/wp-json\/wp\/v2\/product"}],"about":[{"href":"https:\/\/gardenersfriend.eu\/sv\/wp-json\/wp\/v2\/types\/product"}],"replies":[{"embeddable":true,"href":"https:\/\/gardenersfriend.eu\/sv\/wp-json\/wp\/v2\/comments?post=4571"}],"wp:featuredmedia":[{"embeddable":true,"href":"https:\/\/gardenersfriend.eu\/sv\/wp-json\/wp\/v2\/media\/4418"}],"wp:attachment":[{"href":"https:\/\/gardenersfriend.eu\/sv\/wp-json\/wp\/v2\/media?parent=4571"}],"wp:term":[{"taxonomy":"product_brand","embeddable":true,"href":"https:\/\/gardenersfriend.eu\/sv\/wp-json\/wp\/v2\/product_brand?post=4571"},{"taxonomy":"product_cat","embeddable":true,"href":"https:\/\/gardenersfriend.eu\/sv\/wp-json\/wp\/v2\/product_cat?post=4571"},{"taxonomy":"product_tag","embeddable":true,"href":"https:\/\/gardenersfriend.eu\/sv\/wp-json\/wp\/v2\/product_tag?post=4571"}],"curies":[{"name":"wp","href":"https:\/\/api.w.org\/{rel}","templated":true}]}}