{"id":4572,"date":"2025-06-04T21:35:45","date_gmt":"2025-06-04T19:35:45","guid":{"rendered":"https:\/\/gardenersfriend.eu\/product\/chwastox-complex-260-ew-herbicid\/"},"modified":"2026-03-19T20:58:29","modified_gmt":"2026-03-19T19:58:29","slug":"chwastox-complex-260-ew-herbicid","status":"publish","type":"product","link":"https:\/\/gardenersfriend.eu\/sv\/produkt\/chwastox-complex-260-ew-herbicid\/","title":{"rendered":"Chwastox Complex 260 EW Herbicid"},"content":{"rendered":"<p><strong>Chwastox Complex 260 EW<\/strong> \u00e4r en herbicid i form av en v\u00e4tska f\u00f6r beredning av en vattenemulsion (emulsion, olja i vatten), som appliceras p\u00e5 blad, avsedd f\u00f6r bek\u00e4mpning av tv\u00e5hj\u00e4rtbladiga ogr\u00e4s i h\u00f6stvete och p\u00e5 gr\u00e4smattor, sportf\u00e4lt och golfbanor. Enligt HRAC klassificeringen \u00e4r de aktiva substanserna klassificerade i grupp O. Medlet \u00e4r avsett att anv\u00e4ndas med sj\u00e4lvg\u00e5ende eller traktormonterade f\u00e4ltsprutor och handh\u00e5llna sprutor (inklusive ryggs\u00e4ckar). <\/p>\n<h2>\u00c5tg\u00e4rder mot ogr\u00e4s:<\/h2>\n<p><strong>Chwastox Complex 260 EW <\/strong>\u00e4r ett selektivt medel med systemisk verkan. Det tas upp av l\u00f6v och flyttas till ogr\u00e4sens r\u00f6tter, vilket orsakar deras deformation och sedan h\u00e4mning av tillv\u00e4xt och d\u00f6d. De f\u00f6rsta symptomen p\u00e5 k\u00e4nsliga ogr\u00e4s upptr\u00e4der efter 1-2 dagar efter sprutning. Ogr\u00e4stillv\u00e4xten h\u00e4mmas och ogr\u00e4set d\u00f6r efter ca 3-4 veckor. Medlet bek\u00e4mpar ogr\u00e4s i de tidiga utvecklingsstadierna mest effektivt. V\u00e4der som \u00e4r gynnsamt f\u00f6r v\u00e4xtutveckling f\u00f6rb\u00e4ttrar medlets herbicida effekt.      <\/p>\n<ul>\n<li><strong>K\u00e4nsliga ogr\u00e4s<\/strong> (dos 2,0 &#8211; 3,0 l\/ha): \u00e5kertistel, bl\u00e5sippa, vitsippa, \u00e5kermolke, \u00e5kertistel, \u00e5kertistel, \u00e5kerv\u00e4dd, kl\u00e4tt, kn\u00f6lsm\u00f6rblomma, \u00e5kerkamomill, kamomill, herdestarr.<\/li>\n<li><strong>Medelk\u00e4nsliga<\/strong> ogr\u00e4s: f\u00e4ltviol.<\/li>\n<li><strong>K\u00e4nsliga ogr\u00e4s<\/strong> (dos 2.5 l\/ha): \u00e5kerv\u00e4dd, vanlig backglim, stor bl\u00e5klocka, \u00e5kerfr\u00e4ken, skarp backglim, h\u00e5rginst, vitkl\u00f6ver, sm\u00e5finger\u00f6rt, r\u00f6dkl\u00f6ver, \u00e5kertistel, gr\u00f6nk\u00e4mpar, \u00e5kerfr\u00e4ken, kanadensisk emmer, kl\u00f6ver, bl\u00e5klocka, \u00e5kerfr\u00e4ken, krusskr\u00e4ppa, \u00e5kerfr\u00e4ken, stumpsk\u00f6rsb\u00e4r, \u00e4ngssyra, \u00e4ngssyra, \u00e4ngshavre, smalbladig vicker.<br \/>\nM\u00e5ttligt k\u00e4nsliga ogr\u00e4s: vanlig groblad, vanlig gr\u00e5bo, purpurknipprot, maskros.<\/li>\n<li><strong>Resistenta ogr\u00e4s:<\/strong> murgr\u00f6na, r\u00f6lleka, br\u00e4nn\u00e4ssla, \u00e5kerbinda, \u00e5kerfibbla, persisk fibbla, germanderfibbla.<\/li>\n<li><strong>K\u00e4nsliga ogr\u00e4s<\/strong> (dos 3.5 l\/ha): backnejlika, vanlig groblad, vanlig gr\u00e5bo, vanlig brudbr\u00f6d, stor bl\u00e5klocka, \u00e5kerfr\u00e4ken, skarp bl\u00e5klocka, purpurbr\u00e4cka, h\u00e5rginst, vitkl\u00f6ver, sm\u00e5kl\u00f6ver, r\u00f6dkl\u00f6ver, maskros, \u00e5kertistel, gr\u00f6nkulla, br\u00e4nn\u00e4ssla, k\u00e4rrfibbla, \u00e5kerfr\u00e4ken, kanadensisk emmer, kl\u00f6ver, horns\u00e4rv, \u00e5kerfr\u00e4ken, \u00e4ngssyra, \u00e5kerfr\u00e4ken, trubbig \u00e4ngssyra, \u00e4ngssyra, k\u00e4ringtand, smalbladig vicker.<\/li>\n<li><strong>Medelresistenta ogr\u00e4s<\/strong>: vanlig r\u00f6lleka, persisk backsippa.<\/li>\n<li><strong>Resistenta og <\/strong>r\u00e4s: murgr\u00f6na, \u00e5kerv\u00e4dd, \u00e5kerv\u00e4dd.<\/li>\n<\/ul>\n<p><strong>OBS<\/strong>! K\u00e4nsliga ogr\u00e4s efter applicering av medlet i en dos av 3,5 l\/ha och 2 behandlingar under v\u00e4xts\u00e4songen: murgr\u00f6na, storrams och \u00e5kerbinda.<\/p>\n<h2>Ans\u00f6kan av agenten:<\/h2>\n<h3>H\u00f6stvete<\/h3>\n<ul>\n<li><strong>Datum f\u00f6r applicering:<\/strong> Applicera p\u00e5 v\u00e5ren efter vegetationens start fr\u00e5n b\u00f6rjan av bestockningsfasen till den andra nodfasen (BBCH 21-32).<\/li>\n<li><strong>Maximal dos f\u00f6r en enda applicering:<\/strong> 3,0 l\/ha.<\/li>\n<li><strong>Rekommenderad dos f\u00f6r en enda applicering<\/strong>: 2,0 &#8211; 3,0 l\/ha.<\/li>\n<li><strong>Rekommenderad vattenm\u00e4ngd<\/strong>: 200 &#8211; 300 l\/ha.<\/li>\n<li><strong>Rekommenderad sprutning<\/strong>: medeldroppe.<\/li>\n<li><strong>Maximalt antal behandlingar under v\u00e4xts\u00e4songen<\/strong>: 1.<\/li>\n<\/ul>\n<h3>Gr\u00e4smattor, idrottsplatser, golfbanor<\/h3>\n<ul>\n<li><strong>Datum f\u00f6r applicering:<\/strong> Anv\u00e4nd produkten under v\u00e4derf\u00f6rh\u00e5llanden som \u00e4r gynnsamma f\u00f6r v\u00e4xternas tillv\u00e4xt, fr\u00e5n v\u00e5ren till tidig h\u00f6st, n\u00e4r lufttemperaturen \u00e4r h\u00f6gre \u00e4n 10\u00b0C. Applicera produkten p\u00e5 hela gr\u00e4smattan eller endast p\u00e5 ogr\u00e4sbevuxna omr\u00e5den. <\/li>\n<li><strong>Maximal dos f\u00f6r eng\u00e5ngsbruk: <\/strong>3,5 l\/ha.<\/li>\n<li><strong>Rekommenderad dos f\u00f6r eng\u00e5ngsbruk:<\/strong> 2,5 &#8211; 3,5 l\/ha.<\/li>\n<\/ul>\n<p>Anv\u00e4nd den h\u00f6gre av de rekommenderade doserna av medlet p\u00e5 ogr\u00e4s i \u00e4ldre utvecklingsstadier och vid kraftiga ogr\u00e4sangrepp, s\u00e4rskilt p\u00e5 ogr\u00e4s som: groblad, liten bl\u00e5klocka, gr\u00e5bo, purpurbr\u00e4cka, br\u00e4nn\u00e4ssla, \u00e5kerfr\u00e4ken och \u00e5kertistel. Vid kraftiga ogr\u00e4sangrepp kan det vara n\u00f6dv\u00e4ndigt att utf\u00f6ra en andra behandling. <\/p>\n<p><strong>Maximalt antal behandlingar under v\u00e4xts\u00e4songen<\/strong>: 2.<br \/>\n<strong>Intervall mellan behandlingarna<\/strong>: minst 56 dagar.<br \/>\n<strong>Rekommenderad vattenm\u00e4ngd <\/strong>: 200 &#8211; 500 l\/ha.<br \/>\n<strong>Rekommenderad sprutning <\/strong>: medium-droppar.<\/p>\n<p class=\"p1\"><strong>Etikett: <\/strong><a title=\"Chwastox 260 EW\" href=\"https:\/\/gardenersfriend.eu\/wp-content\/uploads\/2026\/02\/Chwastox_Complex_260_EW._SV.pdf\" target=\"_blank\" rel=\"noopener\">Chwastox 260 EW_SV<\/a><\/p>\n<p class=\"p1\"><strong>Producent webbplats:<\/strong> <a title=\"Qemetica Sida\" href=\"https:\/\/qemetica-agro.pl\/pl\" target=\"_blank\" rel=\"noopener\">Qemetica<\/a><\/p>\n<h5 style=\"color: #bcbcbc;\">Legal Information<\/h5>\n<p style=\"color: #bcbcbc;\">\nHints! Use pesticides carefully. \nBefore use read the label and product information.\nUse by non-professional users permitted.\nException: The buyer from Belgium declares that\nat the time of purchase he has full legal capacity\nand has the appropriate qualifications required from\npersons purchasing plant protection products.\n\nPursuant to Art. 28 of the Act of March 8, 2013 on plant protection products (Journal of Laws 2020, item 2097), from November 26, 2015, plant protection products intended for professional users may be sold to people who:\n\nPoint 1 - have completed training in the use of plant protection products in the Republic of Poland confirmed by a certificate of completion of this training, or\n\nPoint 2 - have completed training in advising on plant protection products in the Republic of Poland confirmed by a certificate of completion of this training, or\n\nPoint 3 - have completed training in integrated crop production confirmed by a certificate of completion of this training, or\n\nPoint 4 - not earlier than 5 years, prior to the purchase of these funds, have completed the training required from professional users in another Member State of the European Union or in a country being a party to the Agreement on the European Economic Area, on the basis of the provisions in force in that country, confirmed by a document of completion of this training, or they have presented another document issued under the regulations in force in that country, confirming that they obtained authorization to purchase plant protection products intended for professional users.\n\nImportent!\n\nOnly people over 18 years of age can use plant protection products.\n\nPlant protection products should be used safely.\n\nBefore each use, read the information provided on the label and product information.\n\n\n<\/p>\n","protected":false},"excerpt":{"rendered":"<p>Chwastox Complex 260 EW \u00e4r en flytande herbicid som appliceras bladvis och \u00e4r avsedd f\u00f6r bek\u00e4mpning av bredbladiga ogr\u00e4s i vete och p\u00e5 gr\u00e4smattor, sportf\u00e4lt och golfbanor.<\/p>\n","protected":false},"featured_media":4393,"comment_status":"open","ping_status":"closed","template":"","meta":{"_uag_custom_page_level_css":"","site-sidebar-layout":"default","site-content-layout":"","ast-site-content-layout":"default","site-content-style":"default","site-sidebar-style":"default","ast-global-header-display":"","ast-banner-title-visibility":"","ast-main-header-display":"","ast-hfb-above-header-display":"","ast-hfb-below-header-display":"","ast-hfb-mobile-header-display":"","site-post-title":"","ast-breadcrumbs-content":"","ast-featured-img":"","footer-sml-layout":"","ast-disable-related-posts":"","theme-transparent-header-meta":"default","adv-header-id-meta":"","stick-header-meta":"","header-above-stick-meta":"","header-main-stick-meta":"","header-below-stick-meta":"","astra-migrate-meta-layouts":"default","ast-page-background-enabled":"default","ast-page-background-meta":{"desktop":{"background-color":"var(--ast-global-color-4)","background-image":"","background-repeat":"repeat","background-position":"center center","background-size":"auto","background-attachment":"scroll","background-type":"","background-media":"","overlay-type":"","overlay-color":"","overlay-opacity":"","overlay-gradient":""},"tablet":{"background-color":"","background-image":"","background-repeat":"repeat","background-position":"center center","background-size":"auto","background-attachment":"scroll","background-type":"","background-media":"","overlay-type":"","overlay-color":"","overlay-opacity":"","overlay-gradient":""},"mobile":{"background-color":"","background-image":"","background-repeat":"repeat","background-position":"center center","background-size":"auto","background-attachment":"scroll","background-type":"","background-media":"","overlay-type":"","overlay-color":"","overlay-opacity":"","overlay-gradient":""}},"ast-content-background-meta":{"desktop":{"background-color":"var(--ast-global-color-5)","background-image":"","background-repeat":"repeat","background-position":"center center","background-size":"auto","background-attachment":"scroll","background-type":"","background-media":"","overlay-type":"","overlay-color":"","overlay-opacity":"","overlay-gradient":""},"tablet":{"background-color":"var(--ast-global-color-5)","background-image":"","background-repeat":"repeat","background-position":"center center","background-size":"auto","background-attachment":"scroll","background-type":"","background-media":"","overlay-type":"","overlay-color":"","overlay-opacity":"","overlay-gradient":""},"mobile":{"background-color":"var(--ast-global-color-5)","background-image":"","background-repeat":"repeat","background-position":"center center","background-size":"auto","background-attachment":"scroll","background-type":"","background-media":"","overlay-type":"","overlay-color":"","overlay-opacity":"","overlay-gradient":""}}},"product_brand":[],"product_cat":[91,182,92],"product_tag":[],"class_list":{"0":"post-4572","1":"product","2":"type-product","3":"status-publish","4":"has-post-thumbnail","6":"product_cat-alla-produkter","7":"product_cat-herbicid","8":"product_cat-mest-populara","9":"product_shipping_class-alla","10":"desktop-align-left","11":"tablet-align-left","12":"mobile-align-left","14":"first","15":"instock","16":"taxable","17":"shipping-taxable","18":"purchasable","19":"product-type-variable","20":"has-default-attributes"},"yoast_head":"<!-- This site is optimized with the Yoast SEO plugin v27.4 - https:\/\/yoast.com\/product\/yoast-seo-wordpress\/ -->\n<title>Chwastox Complex 260 EW Herbicid - Gardeners Friend<\/title>\n<meta name=\"description\" content=\"Chwastox Complex 260 \u00e4r en flytande herbicid som appliceras bladvis och \u00e4r avsedd f\u00f6r bek\u00e4mpning av bredbladiga ogr\u00e4s i vete och p\u00e5 gr\u00e4smattor, sportf\u00e4lt och golfbanor.\" \/>\n<meta name=\"robots\" content=\"index, follow, max-snippet:-1, max-image-preview:large, max-video-preview:-1\" \/>\n<link rel=\"canonical\" href=\"https:\/\/gardenersfriend.eu\/sv\/produkt\/chwastox-complex-260-ew-herbicid\/\" \/>\n<meta property=\"og:locale\" content=\"sv_SE\" \/>\n<meta property=\"og:type\" content=\"article\" \/>\n<meta property=\"og:title\" content=\"Chwastox Complex 260 EW Herbicid - Gardeners Friend\" \/>\n<meta property=\"og:description\" content=\"Chwastox Complex 260 \u00e4r en flytande herbicid som appliceras bladvis och \u00e4r avsedd f\u00f6r bek\u00e4mpning av bredbladiga ogr\u00e4s i vete och p\u00e5 gr\u00e4smattor, sportf\u00e4lt och golfbanor.\" \/>\n<meta property=\"og:url\" content=\"https:\/\/gardenersfriend.eu\/sv\/produkt\/chwastox-complex-260-ew-herbicid\/\" \/>\n<meta property=\"og:site_name\" content=\"Gardeners Friend\" \/>\n<meta property=\"article:publisher\" content=\"https:\/\/www.facebook.com\/people\/Gardeners-Friend-Store\/61566268054378\/\" \/>\n<meta property=\"article:modified_time\" content=\"2026-03-19T19:58:29+00:00\" \/>\n<meta property=\"og:image\" content=\"https:\/\/gardenersfriend.eu\/wp-content\/uploads\/2025\/06\/Chwastox-260-Complex-1L.png\" \/>\n\t<meta property=\"og:image:width\" content=\"2048\" \/>\n\t<meta property=\"og:image:height\" content=\"2048\" \/>\n\t<meta property=\"og:image:type\" content=\"image\/png\" \/>\n<meta name=\"twitter:card\" content=\"summary_large_image\" \/>\n<meta name=\"twitter:label1\" content=\"Ber\u00e4knad l\u00e4stid\" \/>\n\t<meta name=\"twitter:data1\" content=\"3 minuter\" \/>\n<script type=\"application\/ld+json\" class=\"yoast-schema-graph\">{\"@context\":\"https:\\\/\\\/schema.org\",\"@graph\":[{\"@type\":\"WebPage\",\"@id\":\"https:\\\/\\\/gardenersfriend.eu\\\/sv\\\/produkt\\\/chwastox-complex-260-ew-herbicid\\\/\",\"url\":\"https:\\\/\\\/gardenersfriend.eu\\\/sv\\\/produkt\\\/chwastox-complex-260-ew-herbicid\\\/\",\"name\":\"Chwastox Complex 260 EW Herbicid - Gardeners Friend\",\"isPartOf\":{\"@id\":\"https:\\\/\\\/gardenersfriend.eu\\\/sv\\\/#website\"},\"primaryImageOfPage\":{\"@id\":\"https:\\\/\\\/gardenersfriend.eu\\\/sv\\\/produkt\\\/chwastox-complex-260-ew-herbicid\\\/#primaryimage\"},\"image\":{\"@id\":\"https:\\\/\\\/gardenersfriend.eu\\\/sv\\\/produkt\\\/chwastox-complex-260-ew-herbicid\\\/#primaryimage\"},\"thumbnailUrl\":\"https:\\\/\\\/gardenersfriend.eu\\\/wp-content\\\/uploads\\\/2025\\\/06\\\/Chwastox-260-Complex-1L.png\",\"datePublished\":\"2025-06-04T19:35:45+00:00\",\"dateModified\":\"2026-03-19T19:58:29+00:00\",\"description\":\"Chwastox Complex 260 \u00e4r en flytande herbicid som appliceras bladvis och \u00e4r avsedd f\u00f6r bek\u00e4mpning av bredbladiga ogr\u00e4s i vete och p\u00e5 gr\u00e4smattor, sportf\u00e4lt och golfbanor.\",\"breadcrumb\":{\"@id\":\"https:\\\/\\\/gardenersfriend.eu\\\/sv\\\/produkt\\\/chwastox-complex-260-ew-herbicid\\\/#breadcrumb\"},\"inLanguage\":\"sv-SE\",\"potentialAction\":[{\"@type\":\"ReadAction\",\"target\":[\"https:\\\/\\\/gardenersfriend.eu\\\/sv\\\/produkt\\\/chwastox-complex-260-ew-herbicid\\\/\"]}]},{\"@type\":\"ImageObject\",\"inLanguage\":\"sv-SE\",\"@id\":\"https:\\\/\\\/gardenersfriend.eu\\\/sv\\\/produkt\\\/chwastox-complex-260-ew-herbicid\\\/#primaryimage\",\"url\":\"https:\\\/\\\/gardenersfriend.eu\\\/wp-content\\\/uploads\\\/2025\\\/06\\\/Chwastox-260-Complex-1L.png\",\"contentUrl\":\"https:\\\/\\\/gardenersfriend.eu\\\/wp-content\\\/uploads\\\/2025\\\/06\\\/Chwastox-260-Complex-1L.png\",\"width\":2048,\"height\":2048,\"caption\":\"Chwastox-260-Complex-1L\"},{\"@type\":\"BreadcrumbList\",\"@id\":\"https:\\\/\\\/gardenersfriend.eu\\\/sv\\\/produkt\\\/chwastox-complex-260-ew-herbicid\\\/#breadcrumb\",\"itemListElement\":[{\"@type\":\"ListItem\",\"position\":1,\"name\":\"Strona g\u0142\u00f3wna\",\"item\":\"https:\\\/\\\/gardenersfriend.eu\\\/sv\\\/\"},{\"@type\":\"ListItem\",\"position\":2,\"name\":\"Butik\",\"item\":\"https:\\\/\\\/gardenersfriend.eu\\\/shop\\\/\"},{\"@type\":\"ListItem\",\"position\":3,\"name\":\"Chwastox Complex 260 EW Herbicid\"}]},{\"@type\":\"WebSite\",\"@id\":\"https:\\\/\\\/gardenersfriend.eu\\\/sv\\\/#website\",\"url\":\"https:\\\/\\\/gardenersfriend.eu\\\/sv\\\/\",\"name\":\"Gardeners Friend\",\"description\":\"herbicides, fertilisers, roundup\",\"publisher\":{\"@id\":\"https:\\\/\\\/gardenersfriend.eu\\\/sv\\\/#organization\"},\"potentialAction\":[{\"@type\":\"SearchAction\",\"target\":{\"@type\":\"EntryPoint\",\"urlTemplate\":\"https:\\\/\\\/gardenersfriend.eu\\\/sv\\\/?s={search_term_string}\"},\"query-input\":{\"@type\":\"PropertyValueSpecification\",\"valueRequired\":true,\"valueName\":\"search_term_string\"}}],\"inLanguage\":\"sv-SE\"},{\"@type\":\"Organization\",\"@id\":\"https:\\\/\\\/gardenersfriend.eu\\\/sv\\\/#organization\",\"name\":\"Gardeners Friend\",\"url\":\"https:\\\/\\\/gardenersfriend.eu\\\/sv\\\/\",\"logo\":{\"@type\":\"ImageObject\",\"inLanguage\":\"sv-SE\",\"@id\":\"https:\\\/\\\/gardenersfriend.eu\\\/sv\\\/#\\\/schema\\\/logo\\\/image\\\/\",\"url\":\"https:\\\/\\\/gardenersfriend.eu\\\/wp-content\\\/uploads\\\/2025\\\/09\\\/gf_accepted_big_logo.png\",\"contentUrl\":\"https:\\\/\\\/gardenersfriend.eu\\\/wp-content\\\/uploads\\\/2025\\\/09\\\/gf_accepted_big_logo.png\",\"width\":2000,\"height\":1000,\"caption\":\"Gardeners Friend\"},\"image\":{\"@id\":\"https:\\\/\\\/gardenersfriend.eu\\\/sv\\\/#\\\/schema\\\/logo\\\/image\\\/\"},\"sameAs\":[\"https:\\\/\\\/www.facebook.com\\\/people\\\/Gardeners-Friend-Store\\\/61566268054378\\\/\",\"https:\\\/\\\/www.instagram.com\\\/gardeners_friend_store\\\/\"]}]}<\/script>\n<!-- \/ Yoast SEO plugin. -->","yoast_head_json":{"title":"Chwastox Complex 260 EW Herbicid - Gardeners Friend","description":"Chwastox Complex 260 \u00e4r en flytande herbicid som appliceras bladvis och \u00e4r avsedd f\u00f6r bek\u00e4mpning av bredbladiga ogr\u00e4s i vete och p\u00e5 gr\u00e4smattor, sportf\u00e4lt och golfbanor.","robots":{"index":"index","follow":"follow","max-snippet":"max-snippet:-1","max-image-preview":"max-image-preview:large","max-video-preview":"max-video-preview:-1"},"canonical":"https:\/\/gardenersfriend.eu\/sv\/produkt\/chwastox-complex-260-ew-herbicid\/","og_locale":"sv_SE","og_type":"article","og_title":"Chwastox Complex 260 EW Herbicid - Gardeners Friend","og_description":"Chwastox Complex 260 \u00e4r en flytande herbicid som appliceras bladvis och \u00e4r avsedd f\u00f6r bek\u00e4mpning av bredbladiga ogr\u00e4s i vete och p\u00e5 gr\u00e4smattor, sportf\u00e4lt och golfbanor.","og_url":"https:\/\/gardenersfriend.eu\/sv\/produkt\/chwastox-complex-260-ew-herbicid\/","og_site_name":"Gardeners Friend","article_publisher":"https:\/\/www.facebook.com\/people\/Gardeners-Friend-Store\/61566268054378\/","article_modified_time":"2026-03-19T19:58:29+00:00","og_image":[{"width":2048,"height":2048,"url":"https:\/\/gardenersfriend.eu\/wp-content\/uploads\/2025\/06\/Chwastox-260-Complex-1L.png","type":"image\/png"}],"twitter_card":"summary_large_image","twitter_misc":{"Ber\u00e4knad l\u00e4stid":"3 minuter"},"schema":{"@context":"https:\/\/schema.org","@graph":[{"@type":"WebPage","@id":"https:\/\/gardenersfriend.eu\/sv\/produkt\/chwastox-complex-260-ew-herbicid\/","url":"https:\/\/gardenersfriend.eu\/sv\/produkt\/chwastox-complex-260-ew-herbicid\/","name":"Chwastox Complex 260 EW Herbicid - Gardeners Friend","isPartOf":{"@id":"https:\/\/gardenersfriend.eu\/sv\/#website"},"primaryImageOfPage":{"@id":"https:\/\/gardenersfriend.eu\/sv\/produkt\/chwastox-complex-260-ew-herbicid\/#primaryimage"},"image":{"@id":"https:\/\/gardenersfriend.eu\/sv\/produkt\/chwastox-complex-260-ew-herbicid\/#primaryimage"},"thumbnailUrl":"https:\/\/gardenersfriend.eu\/wp-content\/uploads\/2025\/06\/Chwastox-260-Complex-1L.png","datePublished":"2025-06-04T19:35:45+00:00","dateModified":"2026-03-19T19:58:29+00:00","description":"Chwastox Complex 260 \u00e4r en flytande herbicid som appliceras bladvis och \u00e4r avsedd f\u00f6r bek\u00e4mpning av bredbladiga ogr\u00e4s i vete och p\u00e5 gr\u00e4smattor, sportf\u00e4lt och golfbanor.","breadcrumb":{"@id":"https:\/\/gardenersfriend.eu\/sv\/produkt\/chwastox-complex-260-ew-herbicid\/#breadcrumb"},"inLanguage":"sv-SE","potentialAction":[{"@type":"ReadAction","target":["https:\/\/gardenersfriend.eu\/sv\/produkt\/chwastox-complex-260-ew-herbicid\/"]}]},{"@type":"ImageObject","inLanguage":"sv-SE","@id":"https:\/\/gardenersfriend.eu\/sv\/produkt\/chwastox-complex-260-ew-herbicid\/#primaryimage","url":"https:\/\/gardenersfriend.eu\/wp-content\/uploads\/2025\/06\/Chwastox-260-Complex-1L.png","contentUrl":"https:\/\/gardenersfriend.eu\/wp-content\/uploads\/2025\/06\/Chwastox-260-Complex-1L.png","width":2048,"height":2048,"caption":"Chwastox-260-Complex-1L"},{"@type":"BreadcrumbList","@id":"https:\/\/gardenersfriend.eu\/sv\/produkt\/chwastox-complex-260-ew-herbicid\/#breadcrumb","itemListElement":[{"@type":"ListItem","position":1,"name":"Strona g\u0142\u00f3wna","item":"https:\/\/gardenersfriend.eu\/sv\/"},{"@type":"ListItem","position":2,"name":"Butik","item":"https:\/\/gardenersfriend.eu\/shop\/"},{"@type":"ListItem","position":3,"name":"Chwastox Complex 260 EW Herbicid"}]},{"@type":"WebSite","@id":"https:\/\/gardenersfriend.eu\/sv\/#website","url":"https:\/\/gardenersfriend.eu\/sv\/","name":"Gardeners Friend","description":"herbicides, fertilisers, roundup","publisher":{"@id":"https:\/\/gardenersfriend.eu\/sv\/#organization"},"potentialAction":[{"@type":"SearchAction","target":{"@type":"EntryPoint","urlTemplate":"https:\/\/gardenersfriend.eu\/sv\/?s={search_term_string}"},"query-input":{"@type":"PropertyValueSpecification","valueRequired":true,"valueName":"search_term_string"}}],"inLanguage":"sv-SE"},{"@type":"Organization","@id":"https:\/\/gardenersfriend.eu\/sv\/#organization","name":"Gardeners Friend","url":"https:\/\/gardenersfriend.eu\/sv\/","logo":{"@type":"ImageObject","inLanguage":"sv-SE","@id":"https:\/\/gardenersfriend.eu\/sv\/#\/schema\/logo\/image\/","url":"https:\/\/gardenersfriend.eu\/wp-content\/uploads\/2025\/09\/gf_accepted_big_logo.png","contentUrl":"https:\/\/gardenersfriend.eu\/wp-content\/uploads\/2025\/09\/gf_accepted_big_logo.png","width":2000,"height":1000,"caption":"Gardeners Friend"},"image":{"@id":"https:\/\/gardenersfriend.eu\/sv\/#\/schema\/logo\/image\/"},"sameAs":["https:\/\/www.facebook.com\/people\/Gardeners-Friend-Store\/61566268054378\/","https:\/\/www.instagram.com\/gardeners_friend_store\/"]}]}},"uagb_featured_image_src":{"full":["https:\/\/gardenersfriend.eu\/wp-content\/uploads\/2025\/06\/Chwastox-260-Complex-1L.png",2048,2048,false],"thumbnail":["https:\/\/gardenersfriend.eu\/wp-content\/uploads\/2025\/06\/Chwastox-260-Complex-1L-150x150.png",150,150,true],"medium":["https:\/\/gardenersfriend.eu\/wp-content\/uploads\/2025\/06\/Chwastox-260-Complex-1L-300x300.png",300,300,true],"medium_large":["https:\/\/gardenersfriend.eu\/wp-content\/uploads\/2025\/06\/Chwastox-260-Complex-1L-768x768.png",768,768,true],"large":["https:\/\/gardenersfriend.eu\/wp-content\/uploads\/2025\/06\/Chwastox-260-Complex-1L-1024x1024.png",1024,1024,true],"1536x1536":["https:\/\/gardenersfriend.eu\/wp-content\/uploads\/2025\/06\/Chwastox-260-Complex-1L-1536x1536.png",1536,1536,true],"2048x2048":["https:\/\/gardenersfriend.eu\/wp-content\/uploads\/2025\/06\/Chwastox-260-Complex-1L.png",2048,2048,false],"woocommerce_thumbnail":["https:\/\/gardenersfriend.eu\/wp-content\/uploads\/2025\/06\/Chwastox-260-Complex-1L-300x300.png",300,300,true],"woocommerce_single":["https:\/\/gardenersfriend.eu\/wp-content\/uploads\/2025\/06\/Chwastox-260-Complex-1L-600x600.png",600,600,true],"woocommerce_gallery_thumbnail":["https:\/\/gardenersfriend.eu\/wp-content\/uploads\/2025\/06\/Chwastox-260-Complex-1L-100x100.png",100,100,true]},"uagb_author_info":{"display_name":"admin","author_link":"https:\/\/gardenersfriend.eu\/sv\/author\/"},"uagb_comment_info":0,"uagb_excerpt":"Chwastox Complex 260 EW \u00e4r en flytande herbicid som appliceras bladvis och \u00e4r avsedd f\u00f6r bek\u00e4mpning av bredbladiga ogr\u00e4s i vete och p\u00e5 gr\u00e4smattor, sportf\u00e4lt och golfbanor.","jetpack_sharing_enabled":true,"_links":{"self":[{"href":"https:\/\/gardenersfriend.eu\/sv\/wp-json\/wp\/v2\/product\/4572","targetHints":{"allow":["GET"]}}],"collection":[{"href":"https:\/\/gardenersfriend.eu\/sv\/wp-json\/wp\/v2\/product"}],"about":[{"href":"https:\/\/gardenersfriend.eu\/sv\/wp-json\/wp\/v2\/types\/product"}],"replies":[{"embeddable":true,"href":"https:\/\/gardenersfriend.eu\/sv\/wp-json\/wp\/v2\/comments?post=4572"}],"wp:featuredmedia":[{"embeddable":true,"href":"https:\/\/gardenersfriend.eu\/sv\/wp-json\/wp\/v2\/media\/4393"}],"wp:attachment":[{"href":"https:\/\/gardenersfriend.eu\/sv\/wp-json\/wp\/v2\/media?parent=4572"}],"wp:term":[{"taxonomy":"product_brand","embeddable":true,"href":"https:\/\/gardenersfriend.eu\/sv\/wp-json\/wp\/v2\/product_brand?post=4572"},{"taxonomy":"product_cat","embeddable":true,"href":"https:\/\/gardenersfriend.eu\/sv\/wp-json\/wp\/v2\/product_cat?post=4572"},{"taxonomy":"product_tag","embeddable":true,"href":"https:\/\/gardenersfriend.eu\/sv\/wp-json\/wp\/v2\/product_tag?post=4572"}],"curies":[{"name":"wp","href":"https:\/\/api.w.org\/{rel}","templated":true}]}}