{"id":4595,"date":"2025-06-04T22:18:08","date_gmt":"2025-06-04T20:18:08","guid":{"rendered":"https:\/\/gardenersfriend.eu\/product\/chwastox-turbo-340-sl-herbicid\/"},"modified":"2026-03-19T20:58:41","modified_gmt":"2026-03-19T19:58:41","slug":"chwastox-turbo-340-sl-herbicid","status":"publish","type":"product","link":"https:\/\/gardenersfriend.eu\/sv\/produkt\/chwastox-turbo-340-sl-herbicid\/","title":{"rendered":"Chwastox Turbo 340 SL Herbicid"},"content":{"rendered":"<p><strong>Chwastox Turbo 340 SL<\/strong> &#8211; \u00e4r en herbicid i form av ett koncentrat f\u00f6r beredning av en vattenl\u00f6sning, applicerad foli\u00e4rt, avsedd f\u00f6r bek\u00e4mpning efter uppkomst av \u00e5rliga dikotyledon\u00f6sa ogr\u00e4s.<\/p>\n<p><strong>Chwastox Turbo 340 SL<\/strong> &#8211; \u00e4r ett selektivt medel med en systemisk effekt, absorberas huvudsakligen genom ogr\u00e4sens l\u00f6v och flyttas sedan snabbt in i v\u00e4xten och orsakar dess deformation, h\u00e4mning av tillv\u00e4xt och d\u00f6d. Det bek\u00e4mpar mest effektivt ogr\u00e4s i de tidigare utvecklingsstadierna &#8211; plantor, rosetter. Varmt v\u00e4der och gynnsamt f\u00f6r v\u00e4xtutveckling f\u00f6rb\u00e4ttrar medlets herbicida effekt.  <\/p>\n<h2>Effekt p\u00e5 ogr\u00e4s:<\/h2>\n<h3>Spannm\u00e5l f\u00f6r vinterbruk:<\/h3>\n<ul>\n<li><strong>K\u00e4nsliga ogr\u00e4s:<\/strong> bl\u00e5klint, k\u00e4ringtand, vit g\u00e5s\u00f6rt, f\u00e4ltvallmo, doftl\u00f6s m\u00e5lla, kl\u00e4tt, raps, k\u00e4ringtand, \u00e5kerfr\u00e4ken, \u00e5kerbr\u00e4ken.<\/li>\n<li><strong>M\u00e5ttligt k\u00e4nsliga ogr\u00e4s:<\/strong> f\u00e4ltviol<\/li>\n<\/ul>\n<h3>V\u00e5rspannm\u00e5l:<\/h3>\n<ul>\n<li><strong>K\u00e4nsliga ogr\u00e4s:<\/strong> k\u00e4ringtand, vit g\u00e5sfot, \u00e5kervallmo, doftl\u00f6s m\u00e5lla, kl\u00f6ver, \u00e5kerkamomill, \u00e5kerbr\u00e4ken,<\/li>\n<li><strong>M\u00e5ttligt k\u00e4nsliga ogr\u00e4s: <\/strong>purpurbr\u00e4cka, \u00e5kerfr\u00e4ken, persisk \u00e5kerfr\u00e4ken, grov amarant.<\/li>\n<li><strong>M\u00e5ttligt resistenta ogr\u00e4s:<\/strong> f\u00e4ltviol<\/li>\n<\/ul>\n<h2>Ans\u00f6kan av agenten:<\/h2>\n<h3>V\u00e5rkorn, havre<\/h3>\n<ul>\n<li><strong>Maximal\/rekommenderad dos f\u00f6r eng\u00e5ngsapplicering:<\/strong> 2,0 l\/ha<\/li>\n<li><strong>Datum f\u00f6r <\/strong>applicering: applicera medlet fr\u00e5n b\u00f6rjan till slutet av spannm\u00e5lens bestockningsfas (BBCH 21-29).F\u00f6r att ut\u00f6ka antalet ogr\u00e4s som bek\u00e4mpas i v\u00e5rkorn till att \u00e4ven omfatta \u00e5kersenap kan Chwastox 340 SL anv\u00e4ndas under ovanst\u00e5ende period i en blandning med Chwastox MP 600 SL i f\u00f6ljande doser: Chwastox 340 SL 1,5 l\/ha + Chwastox MP 600 SL 0,5 l\/ha<\/li>\n<li><strong>Rekommenderad vattenm\u00e4ngd<\/strong>: 200-300 l\/ha.<\/li>\n<li><strong>Rekommenderad sprutning <\/strong>: medium-droppar<\/li>\n<li><strong>Maximalt antal behandlingar under v\u00e4xts\u00e4songen:<\/strong> 1<\/li>\n<\/ul>\n<h2>H\u00f6stvete, h\u00f6sttriticale, r\u00e5g<\/h2>\n<ul>\n<li><strong>Maximal\/rekommenderad dos f\u00f6r eng\u00e5ngsapplicering: <\/strong>2,5 l\/ha<\/li>\n<li><strong>Datum f\u00f6r applicering:<\/strong> Applicera p\u00e5 v\u00e5ren fr\u00e5n b\u00f6rjan till slutet av spannm\u00e5lens bestockningsfas (BBCH 21-29).F\u00f6r att ut\u00f6ka antalet ogr\u00e4s som bek\u00e4mpas i h\u00f6stvete till att omfatta f\u00e4ltkamomill och f\u00e4ltm\u00e5lla, kan Chwastox Turbo 340 SL anv\u00e4ndas under ovanst\u00e5ende period i en blandning med Chwastox MP 600 SL i f\u00f6ljande doser: Chwastox Turbo 340 SL 1,5 l\/ha + Chwastox MP 600 SL 0,5 l\/ha.<br \/>\nF\u00f6r att ut\u00f6ka utbudet av ogr\u00e4s som bek\u00e4mpas i h\u00f6stvete till att \u00e4ven omfatta purpurknipprot, \u00e5kerbinda och \u00e5kersenap kan Chwastox Turbo 340 SL anv\u00e4ndas i ovanst\u00e5ende i blandning med Ambasador 75.<\/li>\n<\/ul>\n<p class=\"p1\"><strong>Etikett: <\/strong><a title=\"Chwastox Turbo 340 SL\" href=\"https:\/\/gardenersfriend.eu\/wp-content\/uploads\/2026\/02\/Chwastox_Turbo_340_SL_SV.pdf\" target=\"_blank\" rel=\"noopener\">Chwastox 340 SL_SV<\/a><\/p>\n<p class=\"p1\"><strong>Producent webbplats:<\/strong> <a title=\"Qemetica Sida\" href=\"https:\/\/qemetica-agro.pl\/pl\" target=\"_blank\" rel=\"noopener\">Qemetica<\/a><\/p>\n<h5 style=\"color: #bcbcbc;\">Legal Information<\/h5>\n<p style=\"color: #bcbcbc;\">\nHints! Use pesticides carefully. \nBefore use read the label and product information.\nUse by non-professional users permitted.\nException: The buyer from Belgium declares that\nat the time of purchase he has full legal capacity\nand has the appropriate qualifications required from\npersons purchasing plant protection products.\n\nPursuant to Art. 28 of the Act of March 8, 2013 on plant protection products (Journal of Laws 2020, item 2097), from November 26, 2015, plant protection products intended for professional users may be sold to people who:\n\nPoint 1 - have completed training in the use of plant protection products in the Republic of Poland confirmed by a certificate of completion of this training, or\n\nPoint 2 - have completed training in advising on plant protection products in the Republic of Poland confirmed by a certificate of completion of this training, or\n\nPoint 3 - have completed training in integrated crop production confirmed by a certificate of completion of this training, or\n\nPoint 4 - not earlier than 5 years, prior to the purchase of these funds, have completed the training required from professional users in another Member State of the European Union or in a country being a party to the Agreement on the European Economic Area, on the basis of the provisions in force in that country, confirmed by a document of completion of this training, or they have presented another document issued under the regulations in force in that country, confirming that they obtained authorization to purchase plant protection products intended for professional users.\n\nImportent!\n\nOnly people over 18 years of age can use plant protection products.\n\nPlant protection products should be used safely.\n\nBefore each use, read the information provided on the label and product information.\n\n\n<\/p>\n","protected":false},"excerpt":{"rendered":"<p>Chwastox Turbo 340 SL \u00e4r en herbicid i form av ett koncentrat f\u00f6r beredning av en vattenl\u00f6sning som appliceras p\u00e5 blad och \u00e4r avsedd f\u00f6r bek\u00e4mpning efter uppkomst av ett\u00e5riga tv\u00e5hj\u00e4rtbladiga ogr\u00e4s<\/p>\n","protected":false},"featured_media":4444,"comment_status":"open","ping_status":"closed","template":"","meta":{"_uag_custom_page_level_css":"","site-sidebar-layout":"default","site-content-layout":"","ast-site-content-layout":"default","site-content-style":"default","site-sidebar-style":"default","ast-global-header-display":"","ast-banner-title-visibility":"","ast-main-header-display":"","ast-hfb-above-header-display":"","ast-hfb-below-header-display":"","ast-hfb-mobile-header-display":"","site-post-title":"","ast-breadcrumbs-content":"","ast-featured-img":"","footer-sml-layout":"","ast-disable-related-posts":"","theme-transparent-header-meta":"default","adv-header-id-meta":"","stick-header-meta":"","header-above-stick-meta":"","header-main-stick-meta":"","header-below-stick-meta":"","astra-migrate-meta-layouts":"default","ast-page-background-enabled":"default","ast-page-background-meta":{"desktop":{"background-color":"var(--ast-global-color-4)","background-image":"","background-repeat":"repeat","background-position":"center center","background-size":"auto","background-attachment":"scroll","background-type":"","background-media":"","overlay-type":"","overlay-color":"","overlay-opacity":"","overlay-gradient":""},"tablet":{"background-color":"","background-image":"","background-repeat":"repeat","background-position":"center center","background-size":"auto","background-attachment":"scroll","background-type":"","background-media":"","overlay-type":"","overlay-color":"","overlay-opacity":"","overlay-gradient":""},"mobile":{"background-color":"","background-image":"","background-repeat":"repeat","background-position":"center center","background-size":"auto","background-attachment":"scroll","background-type":"","background-media":"","overlay-type":"","overlay-color":"","overlay-opacity":"","overlay-gradient":""}},"ast-content-background-meta":{"desktop":{"background-color":"var(--ast-global-color-5)","background-image":"","background-repeat":"repeat","background-position":"center center","background-size":"auto","background-attachment":"scroll","background-type":"","background-media":"","overlay-type":"","overlay-color":"","overlay-opacity":"","overlay-gradient":""},"tablet":{"background-color":"var(--ast-global-color-5)","background-image":"","background-repeat":"repeat","background-position":"center center","background-size":"auto","background-attachment":"scroll","background-type":"","background-media":"","overlay-type":"","overlay-color":"","overlay-opacity":"","overlay-gradient":""},"mobile":{"background-color":"var(--ast-global-color-5)","background-image":"","background-repeat":"repeat","background-position":"center center","background-size":"auto","background-attachment":"scroll","background-type":"","background-media":"","overlay-type":"","overlay-color":"","overlay-opacity":"","overlay-gradient":""}}},"product_brand":[],"product_cat":[91,182,92],"product_tag":[],"class_list":{"0":"post-4595","1":"product","2":"type-product","3":"status-publish","4":"has-post-thumbnail","6":"product_cat-alla-produkter","7":"product_cat-herbicid","8":"product_cat-mest-populara","9":"product_shipping_class-alla","10":"desktop-align-left","11":"tablet-align-left","12":"mobile-align-left","14":"first","15":"instock","16":"taxable","17":"shipping-taxable","18":"purchasable","19":"product-type-variable","20":"has-default-attributes"},"yoast_head":"<!-- This site is optimized with the Yoast SEO plugin v27.4 - https:\/\/yoast.com\/product\/yoast-seo-wordpress\/ -->\n<title>Chwastox Turbo 340 SL Herbicid - Gardeners Friend<\/title>\n<meta name=\"description\" content=\"CHWASTOX TURBO 340 \u00e4r en herbicid i form av koncentrat, avsedd f\u00f6r bek\u00e4mpning efter uppkomst av ett\u00e5riga tv\u00e5hj\u00e4rtbladiga ogr\u00e4s\" \/>\n<meta name=\"robots\" content=\"index, follow, max-snippet:-1, max-image-preview:large, max-video-preview:-1\" \/>\n<link rel=\"canonical\" href=\"https:\/\/gardenersfriend.eu\/sv\/produkt\/chwastox-turbo-340-sl-herbicid\/\" \/>\n<meta property=\"og:locale\" content=\"sv_SE\" \/>\n<meta property=\"og:type\" content=\"article\" \/>\n<meta property=\"og:title\" content=\"Chwastox Turbo 340 SL Herbicid - Gardeners Friend\" \/>\n<meta property=\"og:description\" content=\"CHWASTOX TURBO 340 \u00e4r en herbicid i form av koncentrat, avsedd f\u00f6r bek\u00e4mpning efter uppkomst av ett\u00e5riga tv\u00e5hj\u00e4rtbladiga ogr\u00e4s\" \/>\n<meta property=\"og:url\" content=\"https:\/\/gardenersfriend.eu\/sv\/produkt\/chwastox-turbo-340-sl-herbicid\/\" \/>\n<meta property=\"og:site_name\" content=\"Gardeners Friend\" \/>\n<meta property=\"article:publisher\" content=\"https:\/\/www.facebook.com\/people\/Gardeners-Friend-Store\/61566268054378\/\" \/>\n<meta property=\"article:modified_time\" content=\"2026-03-19T19:58:41+00:00\" \/>\n<meta property=\"og:image\" content=\"https:\/\/gardenersfriend.eu\/wp-content\/uploads\/2025\/06\/Chwastox-turbo-340sl-1L-1.png\" \/>\n\t<meta property=\"og:image:width\" content=\"2048\" \/>\n\t<meta property=\"og:image:height\" content=\"2048\" \/>\n\t<meta property=\"og:image:type\" content=\"image\/png\" \/>\n<meta name=\"twitter:card\" content=\"summary_large_image\" \/>\n<meta name=\"twitter:label1\" content=\"Ber\u00e4knad l\u00e4stid\" \/>\n\t<meta name=\"twitter:data1\" content=\"2 minuter\" \/>\n<script type=\"application\/ld+json\" class=\"yoast-schema-graph\">{\"@context\":\"https:\\\/\\\/schema.org\",\"@graph\":[{\"@type\":\"WebPage\",\"@id\":\"https:\\\/\\\/gardenersfriend.eu\\\/sv\\\/produkt\\\/chwastox-turbo-340-sl-herbicid\\\/\",\"url\":\"https:\\\/\\\/gardenersfriend.eu\\\/sv\\\/produkt\\\/chwastox-turbo-340-sl-herbicid\\\/\",\"name\":\"Chwastox Turbo 340 SL Herbicid - Gardeners Friend\",\"isPartOf\":{\"@id\":\"https:\\\/\\\/gardenersfriend.eu\\\/sv\\\/#website\"},\"primaryImageOfPage\":{\"@id\":\"https:\\\/\\\/gardenersfriend.eu\\\/sv\\\/produkt\\\/chwastox-turbo-340-sl-herbicid\\\/#primaryimage\"},\"image\":{\"@id\":\"https:\\\/\\\/gardenersfriend.eu\\\/sv\\\/produkt\\\/chwastox-turbo-340-sl-herbicid\\\/#primaryimage\"},\"thumbnailUrl\":\"https:\\\/\\\/gardenersfriend.eu\\\/wp-content\\\/uploads\\\/2025\\\/06\\\/Chwastox-turbo-340sl-1L-1.png\",\"datePublished\":\"2025-06-04T20:18:08+00:00\",\"dateModified\":\"2026-03-19T19:58:41+00:00\",\"description\":\"CHWASTOX TURBO 340 \u00e4r en herbicid i form av koncentrat, avsedd f\u00f6r bek\u00e4mpning efter uppkomst av ett\u00e5riga tv\u00e5hj\u00e4rtbladiga ogr\u00e4s\",\"breadcrumb\":{\"@id\":\"https:\\\/\\\/gardenersfriend.eu\\\/sv\\\/produkt\\\/chwastox-turbo-340-sl-herbicid\\\/#breadcrumb\"},\"inLanguage\":\"sv-SE\",\"potentialAction\":[{\"@type\":\"ReadAction\",\"target\":[\"https:\\\/\\\/gardenersfriend.eu\\\/sv\\\/produkt\\\/chwastox-turbo-340-sl-herbicid\\\/\"]}]},{\"@type\":\"ImageObject\",\"inLanguage\":\"sv-SE\",\"@id\":\"https:\\\/\\\/gardenersfriend.eu\\\/sv\\\/produkt\\\/chwastox-turbo-340-sl-herbicid\\\/#primaryimage\",\"url\":\"https:\\\/\\\/gardenersfriend.eu\\\/wp-content\\\/uploads\\\/2025\\\/06\\\/Chwastox-turbo-340sl-1L-1.png\",\"contentUrl\":\"https:\\\/\\\/gardenersfriend.eu\\\/wp-content\\\/uploads\\\/2025\\\/06\\\/Chwastox-turbo-340sl-1L-1.png\",\"width\":2048,\"height\":2048,\"caption\":\"Chwastox turbo 340 sl 1L\"},{\"@type\":\"BreadcrumbList\",\"@id\":\"https:\\\/\\\/gardenersfriend.eu\\\/sv\\\/produkt\\\/chwastox-turbo-340-sl-herbicid\\\/#breadcrumb\",\"itemListElement\":[{\"@type\":\"ListItem\",\"position\":1,\"name\":\"Strona g\u0142\u00f3wna\",\"item\":\"https:\\\/\\\/gardenersfriend.eu\\\/sv\\\/\"},{\"@type\":\"ListItem\",\"position\":2,\"name\":\"Butik\",\"item\":\"https:\\\/\\\/gardenersfriend.eu\\\/shop\\\/\"},{\"@type\":\"ListItem\",\"position\":3,\"name\":\"Chwastox Turbo 340 SL Herbicid\"}]},{\"@type\":\"WebSite\",\"@id\":\"https:\\\/\\\/gardenersfriend.eu\\\/sv\\\/#website\",\"url\":\"https:\\\/\\\/gardenersfriend.eu\\\/sv\\\/\",\"name\":\"Gardeners Friend\",\"description\":\"herbicides, fertilisers, roundup\",\"publisher\":{\"@id\":\"https:\\\/\\\/gardenersfriend.eu\\\/sv\\\/#organization\"},\"potentialAction\":[{\"@type\":\"SearchAction\",\"target\":{\"@type\":\"EntryPoint\",\"urlTemplate\":\"https:\\\/\\\/gardenersfriend.eu\\\/sv\\\/?s={search_term_string}\"},\"query-input\":{\"@type\":\"PropertyValueSpecification\",\"valueRequired\":true,\"valueName\":\"search_term_string\"}}],\"inLanguage\":\"sv-SE\"},{\"@type\":\"Organization\",\"@id\":\"https:\\\/\\\/gardenersfriend.eu\\\/sv\\\/#organization\",\"name\":\"Gardeners Friend\",\"url\":\"https:\\\/\\\/gardenersfriend.eu\\\/sv\\\/\",\"logo\":{\"@type\":\"ImageObject\",\"inLanguage\":\"sv-SE\",\"@id\":\"https:\\\/\\\/gardenersfriend.eu\\\/sv\\\/#\\\/schema\\\/logo\\\/image\\\/\",\"url\":\"https:\\\/\\\/gardenersfriend.eu\\\/wp-content\\\/uploads\\\/2025\\\/09\\\/gf_accepted_big_logo.png\",\"contentUrl\":\"https:\\\/\\\/gardenersfriend.eu\\\/wp-content\\\/uploads\\\/2025\\\/09\\\/gf_accepted_big_logo.png\",\"width\":2000,\"height\":1000,\"caption\":\"Gardeners Friend\"},\"image\":{\"@id\":\"https:\\\/\\\/gardenersfriend.eu\\\/sv\\\/#\\\/schema\\\/logo\\\/image\\\/\"},\"sameAs\":[\"https:\\\/\\\/www.facebook.com\\\/people\\\/Gardeners-Friend-Store\\\/61566268054378\\\/\",\"https:\\\/\\\/www.instagram.com\\\/gardeners_friend_store\\\/\"]}]}<\/script>\n<!-- \/ Yoast SEO plugin. -->","yoast_head_json":{"title":"Chwastox Turbo 340 SL Herbicid - Gardeners Friend","description":"CHWASTOX TURBO 340 \u00e4r en herbicid i form av koncentrat, avsedd f\u00f6r bek\u00e4mpning efter uppkomst av ett\u00e5riga tv\u00e5hj\u00e4rtbladiga ogr\u00e4s","robots":{"index":"index","follow":"follow","max-snippet":"max-snippet:-1","max-image-preview":"max-image-preview:large","max-video-preview":"max-video-preview:-1"},"canonical":"https:\/\/gardenersfriend.eu\/sv\/produkt\/chwastox-turbo-340-sl-herbicid\/","og_locale":"sv_SE","og_type":"article","og_title":"Chwastox Turbo 340 SL Herbicid - Gardeners Friend","og_description":"CHWASTOX TURBO 340 \u00e4r en herbicid i form av koncentrat, avsedd f\u00f6r bek\u00e4mpning efter uppkomst av ett\u00e5riga tv\u00e5hj\u00e4rtbladiga ogr\u00e4s","og_url":"https:\/\/gardenersfriend.eu\/sv\/produkt\/chwastox-turbo-340-sl-herbicid\/","og_site_name":"Gardeners Friend","article_publisher":"https:\/\/www.facebook.com\/people\/Gardeners-Friend-Store\/61566268054378\/","article_modified_time":"2026-03-19T19:58:41+00:00","og_image":[{"width":2048,"height":2048,"url":"https:\/\/gardenersfriend.eu\/wp-content\/uploads\/2025\/06\/Chwastox-turbo-340sl-1L-1.png","type":"image\/png"}],"twitter_card":"summary_large_image","twitter_misc":{"Ber\u00e4knad l\u00e4stid":"2 minuter"},"schema":{"@context":"https:\/\/schema.org","@graph":[{"@type":"WebPage","@id":"https:\/\/gardenersfriend.eu\/sv\/produkt\/chwastox-turbo-340-sl-herbicid\/","url":"https:\/\/gardenersfriend.eu\/sv\/produkt\/chwastox-turbo-340-sl-herbicid\/","name":"Chwastox Turbo 340 SL Herbicid - Gardeners Friend","isPartOf":{"@id":"https:\/\/gardenersfriend.eu\/sv\/#website"},"primaryImageOfPage":{"@id":"https:\/\/gardenersfriend.eu\/sv\/produkt\/chwastox-turbo-340-sl-herbicid\/#primaryimage"},"image":{"@id":"https:\/\/gardenersfriend.eu\/sv\/produkt\/chwastox-turbo-340-sl-herbicid\/#primaryimage"},"thumbnailUrl":"https:\/\/gardenersfriend.eu\/wp-content\/uploads\/2025\/06\/Chwastox-turbo-340sl-1L-1.png","datePublished":"2025-06-04T20:18:08+00:00","dateModified":"2026-03-19T19:58:41+00:00","description":"CHWASTOX TURBO 340 \u00e4r en herbicid i form av koncentrat, avsedd f\u00f6r bek\u00e4mpning efter uppkomst av ett\u00e5riga tv\u00e5hj\u00e4rtbladiga ogr\u00e4s","breadcrumb":{"@id":"https:\/\/gardenersfriend.eu\/sv\/produkt\/chwastox-turbo-340-sl-herbicid\/#breadcrumb"},"inLanguage":"sv-SE","potentialAction":[{"@type":"ReadAction","target":["https:\/\/gardenersfriend.eu\/sv\/produkt\/chwastox-turbo-340-sl-herbicid\/"]}]},{"@type":"ImageObject","inLanguage":"sv-SE","@id":"https:\/\/gardenersfriend.eu\/sv\/produkt\/chwastox-turbo-340-sl-herbicid\/#primaryimage","url":"https:\/\/gardenersfriend.eu\/wp-content\/uploads\/2025\/06\/Chwastox-turbo-340sl-1L-1.png","contentUrl":"https:\/\/gardenersfriend.eu\/wp-content\/uploads\/2025\/06\/Chwastox-turbo-340sl-1L-1.png","width":2048,"height":2048,"caption":"Chwastox turbo 340 sl 1L"},{"@type":"BreadcrumbList","@id":"https:\/\/gardenersfriend.eu\/sv\/produkt\/chwastox-turbo-340-sl-herbicid\/#breadcrumb","itemListElement":[{"@type":"ListItem","position":1,"name":"Strona g\u0142\u00f3wna","item":"https:\/\/gardenersfriend.eu\/sv\/"},{"@type":"ListItem","position":2,"name":"Butik","item":"https:\/\/gardenersfriend.eu\/shop\/"},{"@type":"ListItem","position":3,"name":"Chwastox Turbo 340 SL Herbicid"}]},{"@type":"WebSite","@id":"https:\/\/gardenersfriend.eu\/sv\/#website","url":"https:\/\/gardenersfriend.eu\/sv\/","name":"Gardeners Friend","description":"herbicides, fertilisers, roundup","publisher":{"@id":"https:\/\/gardenersfriend.eu\/sv\/#organization"},"potentialAction":[{"@type":"SearchAction","target":{"@type":"EntryPoint","urlTemplate":"https:\/\/gardenersfriend.eu\/sv\/?s={search_term_string}"},"query-input":{"@type":"PropertyValueSpecification","valueRequired":true,"valueName":"search_term_string"}}],"inLanguage":"sv-SE"},{"@type":"Organization","@id":"https:\/\/gardenersfriend.eu\/sv\/#organization","name":"Gardeners Friend","url":"https:\/\/gardenersfriend.eu\/sv\/","logo":{"@type":"ImageObject","inLanguage":"sv-SE","@id":"https:\/\/gardenersfriend.eu\/sv\/#\/schema\/logo\/image\/","url":"https:\/\/gardenersfriend.eu\/wp-content\/uploads\/2025\/09\/gf_accepted_big_logo.png","contentUrl":"https:\/\/gardenersfriend.eu\/wp-content\/uploads\/2025\/09\/gf_accepted_big_logo.png","width":2000,"height":1000,"caption":"Gardeners Friend"},"image":{"@id":"https:\/\/gardenersfriend.eu\/sv\/#\/schema\/logo\/image\/"},"sameAs":["https:\/\/www.facebook.com\/people\/Gardeners-Friend-Store\/61566268054378\/","https:\/\/www.instagram.com\/gardeners_friend_store\/"]}]}},"uagb_featured_image_src":{"full":["https:\/\/gardenersfriend.eu\/wp-content\/uploads\/2025\/06\/Chwastox-turbo-340sl-1L-1.png",2048,2048,false],"thumbnail":["https:\/\/gardenersfriend.eu\/wp-content\/uploads\/2025\/06\/Chwastox-turbo-340sl-1L-1-150x150.png",150,150,true],"medium":["https:\/\/gardenersfriend.eu\/wp-content\/uploads\/2025\/06\/Chwastox-turbo-340sl-1L-1-300x300.png",300,300,true],"medium_large":["https:\/\/gardenersfriend.eu\/wp-content\/uploads\/2025\/06\/Chwastox-turbo-340sl-1L-1-768x768.png",768,768,true],"large":["https:\/\/gardenersfriend.eu\/wp-content\/uploads\/2025\/06\/Chwastox-turbo-340sl-1L-1-1024x1024.png",1024,1024,true],"1536x1536":["https:\/\/gardenersfriend.eu\/wp-content\/uploads\/2025\/06\/Chwastox-turbo-340sl-1L-1-1536x1536.png",1536,1536,true],"2048x2048":["https:\/\/gardenersfriend.eu\/wp-content\/uploads\/2025\/06\/Chwastox-turbo-340sl-1L-1.png",2048,2048,false],"woocommerce_thumbnail":["https:\/\/gardenersfriend.eu\/wp-content\/uploads\/2025\/06\/Chwastox-turbo-340sl-1L-1-300x300.png",300,300,true],"woocommerce_single":["https:\/\/gardenersfriend.eu\/wp-content\/uploads\/2025\/06\/Chwastox-turbo-340sl-1L-1-600x600.png",600,600,true],"woocommerce_gallery_thumbnail":["https:\/\/gardenersfriend.eu\/wp-content\/uploads\/2025\/06\/Chwastox-turbo-340sl-1L-1-100x100.png",100,100,true]},"uagb_author_info":{"display_name":"admin","author_link":"https:\/\/gardenersfriend.eu\/sv\/author\/"},"uagb_comment_info":0,"uagb_excerpt":"Chwastox Turbo 340 SL \u00e4r en herbicid i form av ett koncentrat f\u00f6r beredning av en vattenl\u00f6sning som appliceras p\u00e5 blad och \u00e4r avsedd f\u00f6r bek\u00e4mpning efter uppkomst av ett\u00e5riga tv\u00e5hj\u00e4rtbladiga ogr\u00e4s","jetpack_sharing_enabled":true,"_links":{"self":[{"href":"https:\/\/gardenersfriend.eu\/sv\/wp-json\/wp\/v2\/product\/4595","targetHints":{"allow":["GET"]}}],"collection":[{"href":"https:\/\/gardenersfriend.eu\/sv\/wp-json\/wp\/v2\/product"}],"about":[{"href":"https:\/\/gardenersfriend.eu\/sv\/wp-json\/wp\/v2\/types\/product"}],"replies":[{"embeddable":true,"href":"https:\/\/gardenersfriend.eu\/sv\/wp-json\/wp\/v2\/comments?post=4595"}],"wp:featuredmedia":[{"embeddable":true,"href":"https:\/\/gardenersfriend.eu\/sv\/wp-json\/wp\/v2\/media\/4444"}],"wp:attachment":[{"href":"https:\/\/gardenersfriend.eu\/sv\/wp-json\/wp\/v2\/media?parent=4595"}],"wp:term":[{"taxonomy":"product_brand","embeddable":true,"href":"https:\/\/gardenersfriend.eu\/sv\/wp-json\/wp\/v2\/product_brand?post=4595"},{"taxonomy":"product_cat","embeddable":true,"href":"https:\/\/gardenersfriend.eu\/sv\/wp-json\/wp\/v2\/product_cat?post=4595"},{"taxonomy":"product_tag","embeddable":true,"href":"https:\/\/gardenersfriend.eu\/sv\/wp-json\/wp\/v2\/product_tag?post=4595"}],"curies":[{"name":"wp","href":"https:\/\/api.w.org\/{rel}","templated":true}]}}