{"id":7059,"date":"2025-09-16T12:57:17","date_gmt":"2025-09-16T10:57:17","guid":{"rendered":"https:\/\/gardenersfriend.eu\/?post_type=product&#038;p=7059"},"modified":"2026-02-19T09:16:16","modified_gmt":"2026-02-19T08:16:16","slug":"hostgodselmedel-for-grasmattor-for-en-saker-vinter","status":"publish","type":"product","link":"https:\/\/gardenersfriend.eu\/sv\/produkt\/hostgodselmedel-for-grasmattor-for-en-saker-vinter\/","title":{"rendered":"H\u00f6stg\u00f6dselmedel f\u00f6r gr\u00e4smattor f\u00f6r en s\u00e4ker vinter"},"content":{"rendered":"<h2><strong>H\u00f6stg\u00f6dsel f\u00f6r gr\u00e4smattan f\u00f6r en s\u00e4ker vinter &#8211; Mr. Green Grass<\/strong><\/h2>\n<p>&nbsp;<\/p>\n<p>&#x2714;&#xfe0f; <strong>Skyddar din gr\u00e4smatta under hela vintern<\/strong><\/p>\n<p>&#x2714;&#xfe0f; <strong>St\u00e4rker gr\u00e4smattan mot sv\u00e5r frost<\/strong><\/p>\n<p>&#x2714;&#xfe0f; <strong>Fr\u00e4mjar v\u00e5rens tillv\u00e4xt<\/strong><\/p>\n<p>&#x2714;&#xfe0f; <strong>\u00c4r milj\u00f6v\u00e4nlig<\/strong><\/p>\n<p>&#x2714;&#xfe0f; <strong>H\u00f6gt v\u00e4rderad av anv\u00e4ndarna<\/strong><\/p>\n<p>Mr. Green Grass\u00ae Long-Lasting Autumn Lawn Fertilizer &#8211; Safe Winter &#8211; erbjuder omfattande st\u00f6d f\u00f6r din gr\u00e4smatta under h\u00f6sten och f\u00f6rbereder den f\u00f6r den kommande vintern. Denna produkt skyddar inte bara gr\u00e4smattan fr\u00e5n de kommande vinterm\u00e5naderna utan st\u00e4rker ocks\u00e5 gr\u00e4smattan och \u00f6kar dess motst\u00e5ndskraft mot extrem frost. <\/p>\n<p>Det stimulerar ocks\u00e5 f\u00f6rgrening, vilket bidrar till frodig och h\u00e4lsosam gr\u00e4sv\u00e4xt p\u00e5 v\u00e5ren. Viktiga ingredienser som kalium och fosfor \u00f6kar inte bara motst\u00e5ndskraften mot kyla och sjukdomar utan bidrar ocks\u00e5 till en milj\u00f6v\u00e4nlig sk\u00f6tsel av gr\u00e4smattan. <\/p>\n<p>Den f\u00f6rb\u00e4ttrade GRF-tekniken (Gradual Release Fertilizer) som anv\u00e4nds i v\u00e5r h\u00f6stg\u00f6dsel garanterar en l\u00e5ngvarig, kontrollerad fris\u00e4ttning av n\u00e4rings\u00e4mnen, vilket s\u00e4kerst\u00e4ller att de \u00e4r tillg\u00e4ngliga vid den mest optimala tiden. Denna process regleras av markfuktighet och temperatur, oavsett andra f\u00f6rh\u00e5llanden som pH eller mikrobiell aktivitet. Den bygger p\u00e5 ett polymermembran som g\u00f6r att vatten kan tr\u00e4nga in och l\u00f6sa upp n\u00e4rings\u00e4mnena, vilket g\u00f6r att bel\u00e4ggningen bryts ned biologiskt i jorden n\u00e4r n\u00e4rings\u00e4mnena \u00e4r f\u00f6rbrukade.  <\/p>\n<p>&#x26a0;&#xfe0f; Traditionella g\u00f6dningsmedel l\u00e4cker ofta ut snabbt, vilket kan leda till n\u00e4ringsbrist under perioder med intensiv gr\u00e4stillv\u00e4xt. V\u00e5r produkt eliminerar detta problem genom att kontinuerligt tillf\u00f6ra n\u00e4rings\u00e4mnen. Den f\u00f6rb\u00e4ttrade GRF-tekniken g\u00f6r g\u00f6dselmedlet &#8221;Safe Winter&#8221; exceptionellt effektivt och \u00e4ndam\u00e5lsenligt och anpassar det perfekt till din gr\u00e4smattas behov.  <\/p>\n<h3><\/h3>\n<h3>&#x23f0; <strong>Ans\u00f6kan<\/strong><\/h3>\n<p>H\u00f6stg\u00f6dsel &#8211; S\u00e4ker vinter &#8211; Mr Green Grass\u00ae \u00e4r det fj\u00e4rde steget i sk\u00f6tseln. Applicera det en g\u00e5ng fr\u00e5n september till november, helst omedelbart efter klippning, till en h\u00f6jd av 5 cm. <\/p>\n<p>Sprid ut det j\u00e4mnt med en rotationss\u00e5maskin i en m\u00e4ngd av 3-4 kg per 100 m\u00b2 (30-40 g\/m\u00b2). Obs: Sprid aldrig g\u00f6dselmedlet f\u00f6r hand, eftersom det kan orsaka oj\u00e4mn tillv\u00e4xt eller till och med br\u00e4nna gr\u00e4set! <\/p>\n<p>Vattna gr\u00e4smattan ordentligt efter appliceringen. Kom ih\u00e5g att en del av granulerna kommer att f\u00f6rbli synliga &#8211; dessa kommer att frig\u00f6ra n\u00e4rings\u00e4mnen under hela vintern. N\u00e4r v\u00e5ren kommer, f\u00f6r att forts\u00e4tta sk\u00f6tseln, forts\u00e4tt till steg ett och applicera Early Spring Fertilizer &#8211; Quick Regeneration &#8211; Mr Green Grass\u00ae.  <\/p>\n<p>&nbsp;<\/p>\n<h3><strong>&#x2696;&#xfe0f; Hur mycket g\u00f6dselmedel du ska k\u00f6pa  <\/strong><\/h3>\n<h3><strong>Gr\u00e4smatta &#8211; Krav<\/strong><\/h3>\n<p>&#x2733;&#xfe0f; Yta 60 till 120 m\u00b2 &#8211; 3 kg<\/p>\n<p>&#x2733;&#xfe0f; Yta 120 till 180 m\u00b2 &#8211; 5 kg<\/p>\n<p>&#x2733;&#xfe0f; Yta 180 till 250 m\u00b2 &#8211; 8 kg<\/p>\n<p>&#x2733;&#xfe0f; Yta 250 till 300 m\u00b2 &#8211; 10 kg<\/p>\n<p>&#x2733;&#xfe0f; Yta 300 till 350 m\u00b2 &#8211; 13 kg<\/p>\n<p>&#x2733;&#xfe0f; Yta 350 till 400 m\u00b2 &#8211; 15 kg<\/p>\n<p>&nbsp;<\/p>\n<h3><strong>Parametrar:<\/strong><\/h3>\n<p><strong>Anv\u00e4ndning<\/strong><br \/>\nSeptember \/ oktober \/ november<\/p>\n<p><strong>F\u00f6rpackning<\/strong><br \/>\n3 kg, 5 kg, 10 kg<\/p>\n<p><strong>Kv\u00e4ve [N]<\/strong><br \/>\n12% (6,3% nitratkv\u00e4ve, 5,7% ammoniumkv\u00e4ve)<\/p>\n<p><strong>Vattenl\u00f6slig fosfor [P2O5]<\/strong><br \/>\n10%.<\/p>\n<p><strong>Vattenl\u00f6sligt kalium [K2O]<\/strong><br \/>\n15%.<\/p>\n<p><strong>Totalt magnesium [MgO]<\/strong><br \/>\n2,2%.<\/p>\n<p><strong>Bor [B]<\/strong><br \/>\n0,002%.<\/p>\n<p><strong>Koppar [Cu]<\/strong><br \/>\n0,08%.<\/p>\n<p><strong>J\u00e4rn [Fe]<\/strong><br \/>\n0,32%.<\/p>\n<p>&nbsp;<\/p>\n<p><strong>Kundrecensioner fr\u00e5n Polen:<\/strong><br \/>\n<a title=\"https:\/\/mrgreengrass.pl\/nawoz-jesienny-do-trawy\/#opinie\" href=\"https:\/\/mrgreengrass.pl\/nawoz-jesienny-do-trawy\/#opinie\">https:\/\/mrgreengrass.pl\/nawoz-jesienny-do-trawy\/#opinie<\/a><\/p>\n<p><strong>Se \u00e4ven: herbicid f\u00f6r tv\u00e5hj\u00e4rtbladiga v\u00e4xter:<\/strong><\/p>\n<p><a title=\"Chwastox Trio\" href=\"https:\/\/gardenersfriend.eu\/sv\/produkt\/chwastox-390-trio-sl-herbicid\/\">Chwastox 390 Trio<\/a><\/p>\n","protected":false},"excerpt":{"rendered":"<p>L\u00e5ngtidsverkande h\u00f6stg\u00f6dsel f\u00f6r gr\u00e4smattor &#8211; Safe Winter &#8211; Mr. Green Grass\u00ae \u00e4r ett omfattande st\u00f6d f\u00f6r din gr\u00e4smatta under h\u00f6sten och f\u00f6rbereder den f\u00f6r vinterns ankomst.<\/p>\n","protected":false},"featured_media":7034,"comment_status":"open","ping_status":"closed","template":"","meta":{"_uag_custom_page_level_css":"","site-sidebar-layout":"default","site-content-layout":"","ast-site-content-layout":"default","site-content-style":"default","site-sidebar-style":"default","ast-global-header-display":"","ast-banner-title-visibility":"","ast-main-header-display":"","ast-hfb-above-header-display":"","ast-hfb-below-header-display":"","ast-hfb-mobile-header-display":"","site-post-title":"","ast-breadcrumbs-content":"","ast-featured-img":"","footer-sml-layout":"","ast-disable-related-posts":"","theme-transparent-header-meta":"default","adv-header-id-meta":"","stick-header-meta":"","header-above-stick-meta":"","header-main-stick-meta":"","header-below-stick-meta":"","astra-migrate-meta-layouts":"set","ast-page-background-enabled":"default","ast-page-background-meta":{"desktop":{"background-color":"var(--ast-global-color-4)","background-image":"","background-repeat":"repeat","background-position":"center center","background-size":"auto","background-attachment":"scroll","background-type":"","background-media":"","overlay-type":"","overlay-color":"","overlay-opacity":"","overlay-gradient":""},"tablet":{"background-color":"","background-image":"","background-repeat":"repeat","background-position":"center center","background-size":"auto","background-attachment":"scroll","background-type":"","background-media":"","overlay-type":"","overlay-color":"","overlay-opacity":"","overlay-gradient":""},"mobile":{"background-color":"","background-image":"","background-repeat":"repeat","background-position":"center center","background-size":"auto","background-attachment":"scroll","background-type":"","background-media":"","overlay-type":"","overlay-color":"","overlay-opacity":"","overlay-gradient":""}},"ast-content-background-meta":{"desktop":{"background-color":"var(--ast-global-color-5)","background-image":"","background-repeat":"repeat","background-position":"center center","background-size":"auto","background-attachment":"scroll","background-type":"","background-media":"","overlay-type":"","overlay-color":"","overlay-opacity":"","overlay-gradient":""},"tablet":{"background-color":"var(--ast-global-color-5)","background-image":"","background-repeat":"repeat","background-position":"center center","background-size":"auto","background-attachment":"scroll","background-type":"","background-media":"","overlay-type":"","overlay-color":"","overlay-opacity":"","overlay-gradient":""},"mobile":{"background-color":"var(--ast-global-color-5)","background-image":"","background-repeat":"repeat","background-position":"center center","background-size":"auto","background-attachment":"scroll","background-type":"","background-media":"","overlay-type":"","overlay-color":"","overlay-opacity":"","overlay-gradient":""}}},"product_brand":[173],"product_cat":[91,170],"product_tag":[],"class_list":{"0":"post-7059","1":"product","2":"type-product","3":"status-publish","4":"has-post-thumbnail","6":"product_brand-mr-green-grass","7":"product_cat-alla-produkter","8":"product_cat-godselmedel","9":"product_shipping_class-alla","10":"desktop-align-left","11":"tablet-align-left","12":"mobile-align-left","14":"first","15":"instock","16":"taxable","17":"shipping-taxable","18":"purchasable","19":"product-type-variable","20":"has-default-attributes"},"yoast_head":"<!-- This site is optimized with the Yoast SEO plugin v27.4 - https:\/\/yoast.com\/product\/yoast-seo-wordpress\/ -->\n<title>H\u00f6stg\u00f6dselmedel f\u00f6r gr\u00e4smattor f\u00f6r en s\u00e4ker vinter - Gardeners Friend<\/title>\n<meta name=\"description\" content=\"L\u00e5ngtidsverkande h\u00f6stg\u00f6dselmedel f\u00f6r gr\u00e4smattor - Safe Winter \u00e4r ett omfattande st\u00f6d f\u00f6r din gr\u00e4smatta under h\u00f6sten och f\u00f6rbereder den f\u00f6r vinterns ankomst.\" \/>\n<meta name=\"robots\" content=\"index, follow, max-snippet:-1, max-image-preview:large, max-video-preview:-1\" \/>\n<link rel=\"canonical\" href=\"https:\/\/gardenersfriend.eu\/sv\/produkt\/hostgodselmedel-for-grasmattor-for-en-saker-vinter\/\" \/>\n<meta property=\"og:locale\" content=\"sv_SE\" \/>\n<meta property=\"og:type\" content=\"article\" \/>\n<meta property=\"og:title\" content=\"H\u00f6stg\u00f6dselmedel f\u00f6r gr\u00e4smattor f\u00f6r en s\u00e4ker vinter - Gardeners Friend\" \/>\n<meta property=\"og:description\" content=\"L\u00e5ngtidsverkande h\u00f6stg\u00f6dselmedel f\u00f6r gr\u00e4smattor - Safe Winter \u00e4r ett omfattande st\u00f6d f\u00f6r din gr\u00e4smatta under h\u00f6sten och f\u00f6rbereder den f\u00f6r vinterns ankomst.\" \/>\n<meta property=\"og:url\" content=\"https:\/\/gardenersfriend.eu\/sv\/produkt\/hostgodselmedel-for-grasmattor-for-en-saker-vinter\/\" \/>\n<meta property=\"og:site_name\" content=\"Gardeners Friend\" \/>\n<meta property=\"article:publisher\" content=\"https:\/\/www.facebook.com\/people\/Gardeners-Friend-Store\/61566268054378\/\" \/>\n<meta property=\"article:modified_time\" content=\"2026-02-19T08:16:16+00:00\" \/>\n<meta property=\"og:image\" content=\"https:\/\/gardenersfriend.eu\/wp-content\/uploads\/2025\/09\/mr_green_grass_1.jpg\" \/>\n\t<meta property=\"og:image:width\" content=\"1100\" \/>\n\t<meta property=\"og:image:height\" content=\"1100\" \/>\n\t<meta property=\"og:image:type\" content=\"image\/jpeg\" \/>\n<meta name=\"twitter:card\" content=\"summary_large_image\" \/>\n<meta name=\"twitter:label1\" content=\"Ber\u00e4knad l\u00e4stid\" \/>\n\t<meta name=\"twitter:data1\" content=\"3 minuter\" \/>\n<script type=\"application\/ld+json\" class=\"yoast-schema-graph\">{\"@context\":\"https:\\\/\\\/schema.org\",\"@graph\":[{\"@type\":\"WebPage\",\"@id\":\"https:\\\/\\\/gardenersfriend.eu\\\/sv\\\/produkt\\\/hostgodselmedel-for-grasmattor-for-en-saker-vinter\\\/\",\"url\":\"https:\\\/\\\/gardenersfriend.eu\\\/sv\\\/produkt\\\/hostgodselmedel-for-grasmattor-for-en-saker-vinter\\\/\",\"name\":\"H\u00f6stg\u00f6dselmedel f\u00f6r gr\u00e4smattor f\u00f6r en s\u00e4ker vinter - Gardeners Friend\",\"isPartOf\":{\"@id\":\"https:\\\/\\\/gardenersfriend.eu\\\/sv\\\/#website\"},\"primaryImageOfPage\":{\"@id\":\"https:\\\/\\\/gardenersfriend.eu\\\/sv\\\/produkt\\\/hostgodselmedel-for-grasmattor-for-en-saker-vinter\\\/#primaryimage\"},\"image\":{\"@id\":\"https:\\\/\\\/gardenersfriend.eu\\\/sv\\\/produkt\\\/hostgodselmedel-for-grasmattor-for-en-saker-vinter\\\/#primaryimage\"},\"thumbnailUrl\":\"https:\\\/\\\/gardenersfriend.eu\\\/wp-content\\\/uploads\\\/2025\\\/09\\\/mr_green_grass_1.jpg\",\"datePublished\":\"2025-09-16T10:57:17+00:00\",\"dateModified\":\"2026-02-19T08:16:16+00:00\",\"description\":\"L\u00e5ngtidsverkande h\u00f6stg\u00f6dselmedel f\u00f6r gr\u00e4smattor - Safe Winter \u00e4r ett omfattande st\u00f6d f\u00f6r din gr\u00e4smatta under h\u00f6sten och f\u00f6rbereder den f\u00f6r vinterns ankomst.\",\"breadcrumb\":{\"@id\":\"https:\\\/\\\/gardenersfriend.eu\\\/sv\\\/produkt\\\/hostgodselmedel-for-grasmattor-for-en-saker-vinter\\\/#breadcrumb\"},\"inLanguage\":\"sv-SE\",\"potentialAction\":[{\"@type\":\"ReadAction\",\"target\":[\"https:\\\/\\\/gardenersfriend.eu\\\/sv\\\/produkt\\\/hostgodselmedel-for-grasmattor-for-en-saker-vinter\\\/\"]}]},{\"@type\":\"ImageObject\",\"inLanguage\":\"sv-SE\",\"@id\":\"https:\\\/\\\/gardenersfriend.eu\\\/sv\\\/produkt\\\/hostgodselmedel-for-grasmattor-for-en-saker-vinter\\\/#primaryimage\",\"url\":\"https:\\\/\\\/gardenersfriend.eu\\\/wp-content\\\/uploads\\\/2025\\\/09\\\/mr_green_grass_1.jpg\",\"contentUrl\":\"https:\\\/\\\/gardenersfriend.eu\\\/wp-content\\\/uploads\\\/2025\\\/09\\\/mr_green_grass_1.jpg\",\"width\":1100,\"height\":1100,\"caption\":\"H\u00f6stg\u00f6dselmedel f\u00f6r gr\u00e4smattor f\u00f6r en s\u00e4ker vinter\"},{\"@type\":\"BreadcrumbList\",\"@id\":\"https:\\\/\\\/gardenersfriend.eu\\\/sv\\\/produkt\\\/hostgodselmedel-for-grasmattor-for-en-saker-vinter\\\/#breadcrumb\",\"itemListElement\":[{\"@type\":\"ListItem\",\"position\":1,\"name\":\"Strona g\u0142\u00f3wna\",\"item\":\"https:\\\/\\\/gardenersfriend.eu\\\/sv\\\/\"},{\"@type\":\"ListItem\",\"position\":2,\"name\":\"Butik\",\"item\":\"https:\\\/\\\/gardenersfriend.eu\\\/shop\\\/\"},{\"@type\":\"ListItem\",\"position\":3,\"name\":\"H\u00f6stg\u00f6dselmedel f\u00f6r gr\u00e4smattor f\u00f6r en s\u00e4ker vinter\"}]},{\"@type\":\"WebSite\",\"@id\":\"https:\\\/\\\/gardenersfriend.eu\\\/sv\\\/#website\",\"url\":\"https:\\\/\\\/gardenersfriend.eu\\\/sv\\\/\",\"name\":\"Gardeners Friend\",\"description\":\"herbicides, fertilisers, roundup\",\"publisher\":{\"@id\":\"https:\\\/\\\/gardenersfriend.eu\\\/sv\\\/#organization\"},\"potentialAction\":[{\"@type\":\"SearchAction\",\"target\":{\"@type\":\"EntryPoint\",\"urlTemplate\":\"https:\\\/\\\/gardenersfriend.eu\\\/sv\\\/?s={search_term_string}\"},\"query-input\":{\"@type\":\"PropertyValueSpecification\",\"valueRequired\":true,\"valueName\":\"search_term_string\"}}],\"inLanguage\":\"sv-SE\"},{\"@type\":\"Organization\",\"@id\":\"https:\\\/\\\/gardenersfriend.eu\\\/sv\\\/#organization\",\"name\":\"Gardeners Friend\",\"url\":\"https:\\\/\\\/gardenersfriend.eu\\\/sv\\\/\",\"logo\":{\"@type\":\"ImageObject\",\"inLanguage\":\"sv-SE\",\"@id\":\"https:\\\/\\\/gardenersfriend.eu\\\/sv\\\/#\\\/schema\\\/logo\\\/image\\\/\",\"url\":\"https:\\\/\\\/gardenersfriend.eu\\\/wp-content\\\/uploads\\\/2025\\\/09\\\/gf_accepted_big_logo.png\",\"contentUrl\":\"https:\\\/\\\/gardenersfriend.eu\\\/wp-content\\\/uploads\\\/2025\\\/09\\\/gf_accepted_big_logo.png\",\"width\":2000,\"height\":1000,\"caption\":\"Gardeners Friend\"},\"image\":{\"@id\":\"https:\\\/\\\/gardenersfriend.eu\\\/sv\\\/#\\\/schema\\\/logo\\\/image\\\/\"},\"sameAs\":[\"https:\\\/\\\/www.facebook.com\\\/people\\\/Gardeners-Friend-Store\\\/61566268054378\\\/\",\"https:\\\/\\\/www.instagram.com\\\/gardeners_friend_store\\\/\"]}]}<\/script>\n<!-- \/ Yoast SEO plugin. -->","yoast_head_json":{"title":"H\u00f6stg\u00f6dselmedel f\u00f6r gr\u00e4smattor f\u00f6r en s\u00e4ker vinter - Gardeners Friend","description":"L\u00e5ngtidsverkande h\u00f6stg\u00f6dselmedel f\u00f6r gr\u00e4smattor - Safe Winter \u00e4r ett omfattande st\u00f6d f\u00f6r din gr\u00e4smatta under h\u00f6sten och f\u00f6rbereder den f\u00f6r vinterns ankomst.","robots":{"index":"index","follow":"follow","max-snippet":"max-snippet:-1","max-image-preview":"max-image-preview:large","max-video-preview":"max-video-preview:-1"},"canonical":"https:\/\/gardenersfriend.eu\/sv\/produkt\/hostgodselmedel-for-grasmattor-for-en-saker-vinter\/","og_locale":"sv_SE","og_type":"article","og_title":"H\u00f6stg\u00f6dselmedel f\u00f6r gr\u00e4smattor f\u00f6r en s\u00e4ker vinter - Gardeners Friend","og_description":"L\u00e5ngtidsverkande h\u00f6stg\u00f6dselmedel f\u00f6r gr\u00e4smattor - Safe Winter \u00e4r ett omfattande st\u00f6d f\u00f6r din gr\u00e4smatta under h\u00f6sten och f\u00f6rbereder den f\u00f6r vinterns ankomst.","og_url":"https:\/\/gardenersfriend.eu\/sv\/produkt\/hostgodselmedel-for-grasmattor-for-en-saker-vinter\/","og_site_name":"Gardeners Friend","article_publisher":"https:\/\/www.facebook.com\/people\/Gardeners-Friend-Store\/61566268054378\/","article_modified_time":"2026-02-19T08:16:16+00:00","og_image":[{"width":1100,"height":1100,"url":"https:\/\/gardenersfriend.eu\/wp-content\/uploads\/2025\/09\/mr_green_grass_1.jpg","type":"image\/jpeg"}],"twitter_card":"summary_large_image","twitter_misc":{"Ber\u00e4knad l\u00e4stid":"3 minuter"},"schema":{"@context":"https:\/\/schema.org","@graph":[{"@type":"WebPage","@id":"https:\/\/gardenersfriend.eu\/sv\/produkt\/hostgodselmedel-for-grasmattor-for-en-saker-vinter\/","url":"https:\/\/gardenersfriend.eu\/sv\/produkt\/hostgodselmedel-for-grasmattor-for-en-saker-vinter\/","name":"H\u00f6stg\u00f6dselmedel f\u00f6r gr\u00e4smattor f\u00f6r en s\u00e4ker vinter - Gardeners Friend","isPartOf":{"@id":"https:\/\/gardenersfriend.eu\/sv\/#website"},"primaryImageOfPage":{"@id":"https:\/\/gardenersfriend.eu\/sv\/produkt\/hostgodselmedel-for-grasmattor-for-en-saker-vinter\/#primaryimage"},"image":{"@id":"https:\/\/gardenersfriend.eu\/sv\/produkt\/hostgodselmedel-for-grasmattor-for-en-saker-vinter\/#primaryimage"},"thumbnailUrl":"https:\/\/gardenersfriend.eu\/wp-content\/uploads\/2025\/09\/mr_green_grass_1.jpg","datePublished":"2025-09-16T10:57:17+00:00","dateModified":"2026-02-19T08:16:16+00:00","description":"L\u00e5ngtidsverkande h\u00f6stg\u00f6dselmedel f\u00f6r gr\u00e4smattor - Safe Winter \u00e4r ett omfattande st\u00f6d f\u00f6r din gr\u00e4smatta under h\u00f6sten och f\u00f6rbereder den f\u00f6r vinterns ankomst.","breadcrumb":{"@id":"https:\/\/gardenersfriend.eu\/sv\/produkt\/hostgodselmedel-for-grasmattor-for-en-saker-vinter\/#breadcrumb"},"inLanguage":"sv-SE","potentialAction":[{"@type":"ReadAction","target":["https:\/\/gardenersfriend.eu\/sv\/produkt\/hostgodselmedel-for-grasmattor-for-en-saker-vinter\/"]}]},{"@type":"ImageObject","inLanguage":"sv-SE","@id":"https:\/\/gardenersfriend.eu\/sv\/produkt\/hostgodselmedel-for-grasmattor-for-en-saker-vinter\/#primaryimage","url":"https:\/\/gardenersfriend.eu\/wp-content\/uploads\/2025\/09\/mr_green_grass_1.jpg","contentUrl":"https:\/\/gardenersfriend.eu\/wp-content\/uploads\/2025\/09\/mr_green_grass_1.jpg","width":1100,"height":1100,"caption":"H\u00f6stg\u00f6dselmedel f\u00f6r gr\u00e4smattor f\u00f6r en s\u00e4ker vinter"},{"@type":"BreadcrumbList","@id":"https:\/\/gardenersfriend.eu\/sv\/produkt\/hostgodselmedel-for-grasmattor-for-en-saker-vinter\/#breadcrumb","itemListElement":[{"@type":"ListItem","position":1,"name":"Strona g\u0142\u00f3wna","item":"https:\/\/gardenersfriend.eu\/sv\/"},{"@type":"ListItem","position":2,"name":"Butik","item":"https:\/\/gardenersfriend.eu\/shop\/"},{"@type":"ListItem","position":3,"name":"H\u00f6stg\u00f6dselmedel f\u00f6r gr\u00e4smattor f\u00f6r en s\u00e4ker vinter"}]},{"@type":"WebSite","@id":"https:\/\/gardenersfriend.eu\/sv\/#website","url":"https:\/\/gardenersfriend.eu\/sv\/","name":"Gardeners Friend","description":"herbicides, fertilisers, roundup","publisher":{"@id":"https:\/\/gardenersfriend.eu\/sv\/#organization"},"potentialAction":[{"@type":"SearchAction","target":{"@type":"EntryPoint","urlTemplate":"https:\/\/gardenersfriend.eu\/sv\/?s={search_term_string}"},"query-input":{"@type":"PropertyValueSpecification","valueRequired":true,"valueName":"search_term_string"}}],"inLanguage":"sv-SE"},{"@type":"Organization","@id":"https:\/\/gardenersfriend.eu\/sv\/#organization","name":"Gardeners Friend","url":"https:\/\/gardenersfriend.eu\/sv\/","logo":{"@type":"ImageObject","inLanguage":"sv-SE","@id":"https:\/\/gardenersfriend.eu\/sv\/#\/schema\/logo\/image\/","url":"https:\/\/gardenersfriend.eu\/wp-content\/uploads\/2025\/09\/gf_accepted_big_logo.png","contentUrl":"https:\/\/gardenersfriend.eu\/wp-content\/uploads\/2025\/09\/gf_accepted_big_logo.png","width":2000,"height":1000,"caption":"Gardeners Friend"},"image":{"@id":"https:\/\/gardenersfriend.eu\/sv\/#\/schema\/logo\/image\/"},"sameAs":["https:\/\/www.facebook.com\/people\/Gardeners-Friend-Store\/61566268054378\/","https:\/\/www.instagram.com\/gardeners_friend_store\/"]}]}},"uagb_featured_image_src":{"full":["https:\/\/gardenersfriend.eu\/wp-content\/uploads\/2025\/09\/mr_green_grass_1.jpg",1100,1100,false],"thumbnail":["https:\/\/gardenersfriend.eu\/wp-content\/uploads\/2025\/09\/mr_green_grass_1-150x150.jpg",150,150,true],"medium":["https:\/\/gardenersfriend.eu\/wp-content\/uploads\/2025\/09\/mr_green_grass_1-300x300.jpg",300,300,true],"medium_large":["https:\/\/gardenersfriend.eu\/wp-content\/uploads\/2025\/09\/mr_green_grass_1-768x768.jpg",768,768,true],"large":["https:\/\/gardenersfriend.eu\/wp-content\/uploads\/2025\/09\/mr_green_grass_1-1024x1024.jpg",1024,1024,true],"1536x1536":["https:\/\/gardenersfriend.eu\/wp-content\/uploads\/2025\/09\/mr_green_grass_1.jpg",1100,1100,false],"2048x2048":["https:\/\/gardenersfriend.eu\/wp-content\/uploads\/2025\/09\/mr_green_grass_1.jpg",1100,1100,false],"woocommerce_thumbnail":["https:\/\/gardenersfriend.eu\/wp-content\/uploads\/2025\/09\/mr_green_grass_1-300x300.jpg",300,300,true],"woocommerce_single":["https:\/\/gardenersfriend.eu\/wp-content\/uploads\/2025\/09\/mr_green_grass_1-600x600.jpg",600,600,true],"woocommerce_gallery_thumbnail":["https:\/\/gardenersfriend.eu\/wp-content\/uploads\/2025\/09\/mr_green_grass_1-100x100.jpg",100,100,true]},"uagb_author_info":{"display_name":"admin","author_link":"https:\/\/gardenersfriend.eu\/sv\/author\/"},"uagb_comment_info":0,"uagb_excerpt":"L\u00e5ngtidsverkande h\u00f6stg\u00f6dsel f\u00f6r gr\u00e4smattor - Safe Winter - Mr. Green Grass\u00ae \u00e4r ett omfattande st\u00f6d f\u00f6r din gr\u00e4smatta under h\u00f6sten och f\u00f6rbereder den f\u00f6r vinterns ankomst.","jetpack_sharing_enabled":true,"_links":{"self":[{"href":"https:\/\/gardenersfriend.eu\/sv\/wp-json\/wp\/v2\/product\/7059","targetHints":{"allow":["GET"]}}],"collection":[{"href":"https:\/\/gardenersfriend.eu\/sv\/wp-json\/wp\/v2\/product"}],"about":[{"href":"https:\/\/gardenersfriend.eu\/sv\/wp-json\/wp\/v2\/types\/product"}],"replies":[{"embeddable":true,"href":"https:\/\/gardenersfriend.eu\/sv\/wp-json\/wp\/v2\/comments?post=7059"}],"wp:featuredmedia":[{"embeddable":true,"href":"https:\/\/gardenersfriend.eu\/sv\/wp-json\/wp\/v2\/media\/7034"}],"wp:attachment":[{"href":"https:\/\/gardenersfriend.eu\/sv\/wp-json\/wp\/v2\/media?parent=7059"}],"wp:term":[{"taxonomy":"product_brand","embeddable":true,"href":"https:\/\/gardenersfriend.eu\/sv\/wp-json\/wp\/v2\/product_brand?post=7059"},{"taxonomy":"product_cat","embeddable":true,"href":"https:\/\/gardenersfriend.eu\/sv\/wp-json\/wp\/v2\/product_cat?post=7059"},{"taxonomy":"product_tag","embeddable":true,"href":"https:\/\/gardenersfriend.eu\/sv\/wp-json\/wp\/v2\/product_tag?post=7059"}],"curies":[{"name":"wp","href":"https:\/\/api.w.org\/{rel}","templated":true}]}}