{"id":7249,"date":"2025-09-19T22:41:07","date_gmt":"2025-09-19T20:41:07","guid":{"rendered":"https:\/\/gardenersfriend.eu\/?post_type=product&#038;p=7249"},"modified":"2026-03-19T21:18:20","modified_gmt":"2026-03-19T20:18:20","slug":"fantasia-800-ec-herbicid","status":"publish","type":"product","link":"https:\/\/gardenersfriend.eu\/sv\/produkt\/fantasia-800-ec-herbicid\/","title":{"rendered":"Fantasia 800 EC Herbicid"},"content":{"rendered":"<h2 class=\"Polaris-Text--root Polaris-Text--headingLg Polaris-Text--semibold Polaris-Text--base\" tabindex=\"-1\">Fantasia 800 EC<\/h2>\n<p>Fantasia 800 \u00e4r en selektiv herbicid med systemisk verkan, f\u00f6r jord- och bladapplicering, i form av ett emulgerbart koncentrat (EC). Enligt HRAC klassificeringen \u00e4r det verksamma \u00e4mnet prosulfokarb klassificerat i grupp 15 (tidigare grupp K3\/N). <\/p>\n<h3>Beskrivning av \u00e5tg\u00e4rden<\/h3>\n<p>Denna herbicid, i form av ett vattenhaltigt emulsionskoncentrat (EC), appliceras p\u00e5 jord och bladverk och \u00e4r avsedd f\u00f6r selektiv bek\u00e4mpning av vissa ett\u00e5riga en- och tv\u00e5hj\u00e4rtbladiga ogr\u00e4s.<\/p>\n<h3>\u00c5tg\u00e4rder mot ogr\u00e4s<\/h3>\n<p>Produkten tas upp av ogr\u00e4set inom 1 timme efter applicering. Regn efter denna tid minskar inte produktens effektivitet. Den optimala appliceringsperioden \u00e4r f\u00f6re och strax efter ogr\u00e4sets uppkomst, i de tidiga utvecklingsstadierna.  <\/p>\n<p><strong>K\u00e4nsliga ogr\u00e4s:<\/strong> bl\u00e5klocka, purpurbr\u00e4cka, vit g\u00e5sfot, kornkvast, murgr\u00f6na, persisk bl\u00e5klocka, kl\u00f6ver.<\/p>\n<p><strong>Medelk\u00e4nsliga ogr\u00e4s: \u00e5kerfr\u00e4ken<\/strong>, \u00e5kervallmo, \u00e5kerbinda, vanlig kamomill, vitgr\u00f6e.<\/p>\n<p><strong>Resistenta ogr\u00e4s:<\/strong> Vanligt ogr\u00e4s<\/p>\n<h3>Fantasia 800 Ans\u00f6kan<\/h3>\n<p>Denna produkt \u00e4r avsedd att anv\u00e4ndas med sj\u00e4lvg\u00e5ende eller traktormonterade f\u00e4ltsprutor.<\/p>\n<h3>Du hittar alla detaljer i etiketten nedan!<\/h3>\n<p>Klicka h\u00e4r:<span style=\"color: #f10d0d;\"> <a title=\"Etikett_Fantasia800_SV\" href=\"https:\/\/gardenersfriend.eu\/wp-content\/uploads\/2026\/02\/Fantasia_800_SV.pdf\">Etikett_Fantasia800_SV<\/a><\/span><\/p>\n<p>Se v\u00e5ra \u00f6vriga produkter: <a href=\"https:\/\/gardenersfriend.eu\/sv\/butik\/\">Alla produkter<\/a><\/p>\n<h5 style=\"color: #bcbcbc;\">Legal Information<\/h5>\n<p style=\"color: #bcbcbc;\">\nHints! Use pesticides carefully. \nBefore use read the label and product information.\nUse by non-professional users permitted.\nException: The buyer from Belgium declares that\nat the time of purchase he has full legal capacity\nand has the appropriate qualifications required from\npersons purchasing plant protection products.\n\nPursuant to Art. 28 of the Act of March 8, 2013 on plant protection products (Journal of Laws 2020, item 2097), from November 26, 2015, plant protection products intended for professional users may be sold to people who:\n\nPoint 1 - have completed training in the use of plant protection products in the Republic of Poland confirmed by a certificate of completion of this training, or\n\nPoint 2 - have completed training in advising on plant protection products in the Republic of Poland confirmed by a certificate of completion of this training, or\n\nPoint 3 - have completed training in integrated crop production confirmed by a certificate of completion of this training, or\n\nPoint 4 - not earlier than 5 years, prior to the purchase of these funds, have completed the training required from professional users in another Member State of the European Union or in a country being a party to the Agreement on the European Economic Area, on the basis of the provisions in force in that country, confirmed by a document of completion of this training, or they have presented another document issued under the regulations in force in that country, confirming that they obtained authorization to purchase plant protection products intended for professional users.\n\nImportent!\n\nOnly people over 18 years of age can use plant protection products.\n\nPlant protection products should be used safely.\n\nBefore each use, read the information provided on the label and product information.\n\n\n<\/p>\n","protected":false},"excerpt":{"rendered":"<p>Fantasia 800 EC Fantasia 800 \u00e4r en selektiv herbicid med systemisk verkan, f\u00f6r jord- och bladapplicering, i form av ett emulgerbart koncentrat (EC). Enligt HRAC klassificeringen \u00e4r det verksamma \u00e4mnet prosulfokarb klassificerat i grupp 15 (tidigare grupp K3\/N). Beskrivning av \u00e5tg\u00e4rden Denna herbicid, i form av ett vattenhaltigt emulsionskoncentrat (EC), appliceras p\u00e5 jord och bladverk [&hellip;]<\/p>\n","protected":false},"featured_media":7158,"comment_status":"open","ping_status":"closed","template":"","meta":{"_uag_custom_page_level_css":"","site-sidebar-layout":"default","site-content-layout":"","ast-site-content-layout":"default","site-content-style":"default","site-sidebar-style":"default","ast-global-header-display":"","ast-banner-title-visibility":"","ast-main-header-display":"","ast-hfb-above-header-display":"","ast-hfb-below-header-display":"","ast-hfb-mobile-header-display":"","site-post-title":"","ast-breadcrumbs-content":"","ast-featured-img":"","footer-sml-layout":"","ast-disable-related-posts":"","theme-transparent-header-meta":"default","adv-header-id-meta":"","stick-header-meta":"","header-above-stick-meta":"","header-main-stick-meta":"","header-below-stick-meta":"","astra-migrate-meta-layouts":"set","ast-page-background-enabled":"default","ast-page-background-meta":{"desktop":{"background-color":"var(--ast-global-color-4)","background-image":"","background-repeat":"repeat","background-position":"center center","background-size":"auto","background-attachment":"scroll","background-type":"","background-media":"","overlay-type":"","overlay-color":"","overlay-opacity":"","overlay-gradient":""},"tablet":{"background-color":"","background-image":"","background-repeat":"repeat","background-position":"center center","background-size":"auto","background-attachment":"scroll","background-type":"","background-media":"","overlay-type":"","overlay-color":"","overlay-opacity":"","overlay-gradient":""},"mobile":{"background-color":"","background-image":"","background-repeat":"repeat","background-position":"center center","background-size":"auto","background-attachment":"scroll","background-type":"","background-media":"","overlay-type":"","overlay-color":"","overlay-opacity":"","overlay-gradient":""}},"ast-content-background-meta":{"desktop":{"background-color":"var(--ast-global-color-5)","background-image":"","background-repeat":"repeat","background-position":"center center","background-size":"auto","background-attachment":"scroll","background-type":"","background-media":"","overlay-type":"","overlay-color":"","overlay-opacity":"","overlay-gradient":""},"tablet":{"background-color":"var(--ast-global-color-5)","background-image":"","background-repeat":"repeat","background-position":"center center","background-size":"auto","background-attachment":"scroll","background-type":"","background-media":"","overlay-type":"","overlay-color":"","overlay-opacity":"","overlay-gradient":""},"mobile":{"background-color":"var(--ast-global-color-5)","background-image":"","background-repeat":"repeat","background-position":"center center","background-size":"auto","background-attachment":"scroll","background-type":"","background-media":"","overlay-type":"","overlay-color":"","overlay-opacity":"","overlay-gradient":""}}},"product_brand":[],"product_cat":[91,182],"product_tag":[],"class_list":{"0":"post-7249","1":"product","2":"type-product","3":"status-publish","4":"has-post-thumbnail","6":"product_cat-alla-produkter","7":"product_cat-herbicid","8":"product_shipping_class-alla","9":"desktop-align-left","10":"tablet-align-left","11":"mobile-align-left","13":"first","14":"instock","15":"taxable","16":"shipping-taxable","17":"purchasable","18":"product-type-variable","19":"has-default-attributes"},"yoast_head":"<!-- This site is optimized with the Yoast SEO plugin v27.4 - https:\/\/yoast.com\/product\/yoast-seo-wordpress\/ -->\n<title>Fantasia 800 EC Herbicid - Gardeners Friend<\/title>\n<meta name=\"description\" content=\"Fantasia 800 EC \u00e4r en selektiv herbicid med systemisk verkan, f\u00f6r jord- och bladapplicering, i form av ett emulgerbart koncentrat\" \/>\n<meta name=\"robots\" content=\"index, follow, max-snippet:-1, max-image-preview:large, max-video-preview:-1\" \/>\n<link rel=\"canonical\" href=\"https:\/\/gardenersfriend.eu\/sv\/produkt\/fantasia-800-ec-herbicid\/\" \/>\n<meta property=\"og:locale\" content=\"sv_SE\" \/>\n<meta property=\"og:type\" content=\"article\" \/>\n<meta property=\"og:title\" content=\"Fantasia 800 EC Herbicid - Gardeners Friend\" \/>\n<meta property=\"og:description\" content=\"Fantasia 800 EC \u00e4r en selektiv herbicid med systemisk verkan, f\u00f6r jord- och bladapplicering, i form av ett emulgerbart koncentrat\" \/>\n<meta property=\"og:url\" content=\"https:\/\/gardenersfriend.eu\/sv\/produkt\/fantasia-800-ec-herbicid\/\" \/>\n<meta property=\"og:site_name\" content=\"Gardeners Friend\" \/>\n<meta property=\"article:publisher\" content=\"https:\/\/www.facebook.com\/people\/Gardeners-Friend-Store\/61566268054378\/\" \/>\n<meta property=\"article:modified_time\" content=\"2026-03-19T20:18:20+00:00\" \/>\n<meta property=\"og:image\" content=\"https:\/\/gardenersfriend.eu\/wp-content\/uploads\/2025\/09\/fantasia800ec-1l.jpg\" \/>\n\t<meta property=\"og:image:width\" content=\"482\" \/>\n\t<meta property=\"og:image:height\" content=\"482\" \/>\n\t<meta property=\"og:image:type\" content=\"image\/jpeg\" \/>\n<meta name=\"twitter:card\" content=\"summary_large_image\" \/>\n<meta name=\"twitter:label1\" content=\"Ber\u00e4knad l\u00e4stid\" \/>\n\t<meta name=\"twitter:data1\" content=\"1 minut\" \/>\n<script type=\"application\/ld+json\" class=\"yoast-schema-graph\">{\"@context\":\"https:\\\/\\\/schema.org\",\"@graph\":[{\"@type\":\"WebPage\",\"@id\":\"https:\\\/\\\/gardenersfriend.eu\\\/sv\\\/produkt\\\/fantasia-800-ec-herbicid\\\/\",\"url\":\"https:\\\/\\\/gardenersfriend.eu\\\/sv\\\/produkt\\\/fantasia-800-ec-herbicid\\\/\",\"name\":\"Fantasia 800 EC Herbicid - Gardeners Friend\",\"isPartOf\":{\"@id\":\"https:\\\/\\\/gardenersfriend.eu\\\/sv\\\/#website\"},\"primaryImageOfPage\":{\"@id\":\"https:\\\/\\\/gardenersfriend.eu\\\/sv\\\/produkt\\\/fantasia-800-ec-herbicid\\\/#primaryimage\"},\"image\":{\"@id\":\"https:\\\/\\\/gardenersfriend.eu\\\/sv\\\/produkt\\\/fantasia-800-ec-herbicid\\\/#primaryimage\"},\"thumbnailUrl\":\"https:\\\/\\\/gardenersfriend.eu\\\/wp-content\\\/uploads\\\/2025\\\/09\\\/fantasia800ec-1l.jpg\",\"datePublished\":\"2025-09-19T20:41:07+00:00\",\"dateModified\":\"2026-03-19T20:18:20+00:00\",\"description\":\"Fantasia 800 EC \u00e4r en selektiv herbicid med systemisk verkan, f\u00f6r jord- och bladapplicering, i form av ett emulgerbart koncentrat\",\"breadcrumb\":{\"@id\":\"https:\\\/\\\/gardenersfriend.eu\\\/sv\\\/produkt\\\/fantasia-800-ec-herbicid\\\/#breadcrumb\"},\"inLanguage\":\"sv-SE\",\"potentialAction\":[{\"@type\":\"ReadAction\",\"target\":[\"https:\\\/\\\/gardenersfriend.eu\\\/sv\\\/produkt\\\/fantasia-800-ec-herbicid\\\/\"]}]},{\"@type\":\"ImageObject\",\"inLanguage\":\"sv-SE\",\"@id\":\"https:\\\/\\\/gardenersfriend.eu\\\/sv\\\/produkt\\\/fantasia-800-ec-herbicid\\\/#primaryimage\",\"url\":\"https:\\\/\\\/gardenersfriend.eu\\\/wp-content\\\/uploads\\\/2025\\\/09\\\/fantasia800ec-1l.jpg\",\"contentUrl\":\"https:\\\/\\\/gardenersfriend.eu\\\/wp-content\\\/uploads\\\/2025\\\/09\\\/fantasia800ec-1l.jpg\",\"width\":482,\"height\":482,\"caption\":\"Fantasia 800 1L Gardeners Friend\"},{\"@type\":\"BreadcrumbList\",\"@id\":\"https:\\\/\\\/gardenersfriend.eu\\\/sv\\\/produkt\\\/fantasia-800-ec-herbicid\\\/#breadcrumb\",\"itemListElement\":[{\"@type\":\"ListItem\",\"position\":1,\"name\":\"Strona g\u0142\u00f3wna\",\"item\":\"https:\\\/\\\/gardenersfriend.eu\\\/sv\\\/\"},{\"@type\":\"ListItem\",\"position\":2,\"name\":\"Butik\",\"item\":\"https:\\\/\\\/gardenersfriend.eu\\\/shop\\\/\"},{\"@type\":\"ListItem\",\"position\":3,\"name\":\"Fantasia 800 EC Herbicid\"}]},{\"@type\":\"WebSite\",\"@id\":\"https:\\\/\\\/gardenersfriend.eu\\\/sv\\\/#website\",\"url\":\"https:\\\/\\\/gardenersfriend.eu\\\/sv\\\/\",\"name\":\"Gardeners Friend\",\"description\":\"herbicides, fertilisers, roundup\",\"publisher\":{\"@id\":\"https:\\\/\\\/gardenersfriend.eu\\\/sv\\\/#organization\"},\"potentialAction\":[{\"@type\":\"SearchAction\",\"target\":{\"@type\":\"EntryPoint\",\"urlTemplate\":\"https:\\\/\\\/gardenersfriend.eu\\\/sv\\\/?s={search_term_string}\"},\"query-input\":{\"@type\":\"PropertyValueSpecification\",\"valueRequired\":true,\"valueName\":\"search_term_string\"}}],\"inLanguage\":\"sv-SE\"},{\"@type\":\"Organization\",\"@id\":\"https:\\\/\\\/gardenersfriend.eu\\\/sv\\\/#organization\",\"name\":\"Gardeners Friend\",\"url\":\"https:\\\/\\\/gardenersfriend.eu\\\/sv\\\/\",\"logo\":{\"@type\":\"ImageObject\",\"inLanguage\":\"sv-SE\",\"@id\":\"https:\\\/\\\/gardenersfriend.eu\\\/sv\\\/#\\\/schema\\\/logo\\\/image\\\/\",\"url\":\"https:\\\/\\\/gardenersfriend.eu\\\/wp-content\\\/uploads\\\/2025\\\/09\\\/gf_accepted_big_logo.png\",\"contentUrl\":\"https:\\\/\\\/gardenersfriend.eu\\\/wp-content\\\/uploads\\\/2025\\\/09\\\/gf_accepted_big_logo.png\",\"width\":2000,\"height\":1000,\"caption\":\"Gardeners Friend\"},\"image\":{\"@id\":\"https:\\\/\\\/gardenersfriend.eu\\\/sv\\\/#\\\/schema\\\/logo\\\/image\\\/\"},\"sameAs\":[\"https:\\\/\\\/www.facebook.com\\\/people\\\/Gardeners-Friend-Store\\\/61566268054378\\\/\",\"https:\\\/\\\/www.instagram.com\\\/gardeners_friend_store\\\/\"]}]}<\/script>\n<!-- \/ Yoast SEO plugin. -->","yoast_head_json":{"title":"Fantasia 800 EC Herbicid - Gardeners Friend","description":"Fantasia 800 EC \u00e4r en selektiv herbicid med systemisk verkan, f\u00f6r jord- och bladapplicering, i form av ett emulgerbart koncentrat","robots":{"index":"index","follow":"follow","max-snippet":"max-snippet:-1","max-image-preview":"max-image-preview:large","max-video-preview":"max-video-preview:-1"},"canonical":"https:\/\/gardenersfriend.eu\/sv\/produkt\/fantasia-800-ec-herbicid\/","og_locale":"sv_SE","og_type":"article","og_title":"Fantasia 800 EC Herbicid - Gardeners Friend","og_description":"Fantasia 800 EC \u00e4r en selektiv herbicid med systemisk verkan, f\u00f6r jord- och bladapplicering, i form av ett emulgerbart koncentrat","og_url":"https:\/\/gardenersfriend.eu\/sv\/produkt\/fantasia-800-ec-herbicid\/","og_site_name":"Gardeners Friend","article_publisher":"https:\/\/www.facebook.com\/people\/Gardeners-Friend-Store\/61566268054378\/","article_modified_time":"2026-03-19T20:18:20+00:00","og_image":[{"width":482,"height":482,"url":"https:\/\/gardenersfriend.eu\/wp-content\/uploads\/2025\/09\/fantasia800ec-1l.jpg","type":"image\/jpeg"}],"twitter_card":"summary_large_image","twitter_misc":{"Ber\u00e4knad l\u00e4stid":"1 minut"},"schema":{"@context":"https:\/\/schema.org","@graph":[{"@type":"WebPage","@id":"https:\/\/gardenersfriend.eu\/sv\/produkt\/fantasia-800-ec-herbicid\/","url":"https:\/\/gardenersfriend.eu\/sv\/produkt\/fantasia-800-ec-herbicid\/","name":"Fantasia 800 EC Herbicid - Gardeners Friend","isPartOf":{"@id":"https:\/\/gardenersfriend.eu\/sv\/#website"},"primaryImageOfPage":{"@id":"https:\/\/gardenersfriend.eu\/sv\/produkt\/fantasia-800-ec-herbicid\/#primaryimage"},"image":{"@id":"https:\/\/gardenersfriend.eu\/sv\/produkt\/fantasia-800-ec-herbicid\/#primaryimage"},"thumbnailUrl":"https:\/\/gardenersfriend.eu\/wp-content\/uploads\/2025\/09\/fantasia800ec-1l.jpg","datePublished":"2025-09-19T20:41:07+00:00","dateModified":"2026-03-19T20:18:20+00:00","description":"Fantasia 800 EC \u00e4r en selektiv herbicid med systemisk verkan, f\u00f6r jord- och bladapplicering, i form av ett emulgerbart koncentrat","breadcrumb":{"@id":"https:\/\/gardenersfriend.eu\/sv\/produkt\/fantasia-800-ec-herbicid\/#breadcrumb"},"inLanguage":"sv-SE","potentialAction":[{"@type":"ReadAction","target":["https:\/\/gardenersfriend.eu\/sv\/produkt\/fantasia-800-ec-herbicid\/"]}]},{"@type":"ImageObject","inLanguage":"sv-SE","@id":"https:\/\/gardenersfriend.eu\/sv\/produkt\/fantasia-800-ec-herbicid\/#primaryimage","url":"https:\/\/gardenersfriend.eu\/wp-content\/uploads\/2025\/09\/fantasia800ec-1l.jpg","contentUrl":"https:\/\/gardenersfriend.eu\/wp-content\/uploads\/2025\/09\/fantasia800ec-1l.jpg","width":482,"height":482,"caption":"Fantasia 800 1L Gardeners Friend"},{"@type":"BreadcrumbList","@id":"https:\/\/gardenersfriend.eu\/sv\/produkt\/fantasia-800-ec-herbicid\/#breadcrumb","itemListElement":[{"@type":"ListItem","position":1,"name":"Strona g\u0142\u00f3wna","item":"https:\/\/gardenersfriend.eu\/sv\/"},{"@type":"ListItem","position":2,"name":"Butik","item":"https:\/\/gardenersfriend.eu\/shop\/"},{"@type":"ListItem","position":3,"name":"Fantasia 800 EC Herbicid"}]},{"@type":"WebSite","@id":"https:\/\/gardenersfriend.eu\/sv\/#website","url":"https:\/\/gardenersfriend.eu\/sv\/","name":"Gardeners Friend","description":"herbicides, fertilisers, roundup","publisher":{"@id":"https:\/\/gardenersfriend.eu\/sv\/#organization"},"potentialAction":[{"@type":"SearchAction","target":{"@type":"EntryPoint","urlTemplate":"https:\/\/gardenersfriend.eu\/sv\/?s={search_term_string}"},"query-input":{"@type":"PropertyValueSpecification","valueRequired":true,"valueName":"search_term_string"}}],"inLanguage":"sv-SE"},{"@type":"Organization","@id":"https:\/\/gardenersfriend.eu\/sv\/#organization","name":"Gardeners Friend","url":"https:\/\/gardenersfriend.eu\/sv\/","logo":{"@type":"ImageObject","inLanguage":"sv-SE","@id":"https:\/\/gardenersfriend.eu\/sv\/#\/schema\/logo\/image\/","url":"https:\/\/gardenersfriend.eu\/wp-content\/uploads\/2025\/09\/gf_accepted_big_logo.png","contentUrl":"https:\/\/gardenersfriend.eu\/wp-content\/uploads\/2025\/09\/gf_accepted_big_logo.png","width":2000,"height":1000,"caption":"Gardeners Friend"},"image":{"@id":"https:\/\/gardenersfriend.eu\/sv\/#\/schema\/logo\/image\/"},"sameAs":["https:\/\/www.facebook.com\/people\/Gardeners-Friend-Store\/61566268054378\/","https:\/\/www.instagram.com\/gardeners_friend_store\/"]}]}},"uagb_featured_image_src":{"full":["https:\/\/gardenersfriend.eu\/wp-content\/uploads\/2025\/09\/fantasia800ec-1l.jpg",482,482,false],"thumbnail":["https:\/\/gardenersfriend.eu\/wp-content\/uploads\/2025\/09\/fantasia800ec-1l-150x150.jpg",150,150,true],"medium":["https:\/\/gardenersfriend.eu\/wp-content\/uploads\/2025\/09\/fantasia800ec-1l-300x300.jpg",300,300,true],"medium_large":["https:\/\/gardenersfriend.eu\/wp-content\/uploads\/2025\/09\/fantasia800ec-1l.jpg",482,482,false],"large":["https:\/\/gardenersfriend.eu\/wp-content\/uploads\/2025\/09\/fantasia800ec-1l.jpg",482,482,false],"1536x1536":["https:\/\/gardenersfriend.eu\/wp-content\/uploads\/2025\/09\/fantasia800ec-1l.jpg",482,482,false],"2048x2048":["https:\/\/gardenersfriend.eu\/wp-content\/uploads\/2025\/09\/fantasia800ec-1l.jpg",482,482,false],"woocommerce_thumbnail":["https:\/\/gardenersfriend.eu\/wp-content\/uploads\/2025\/09\/fantasia800ec-1l-300x300.jpg",300,300,true],"woocommerce_single":["https:\/\/gardenersfriend.eu\/wp-content\/uploads\/2025\/09\/fantasia800ec-1l.jpg",482,482,false],"woocommerce_gallery_thumbnail":["https:\/\/gardenersfriend.eu\/wp-content\/uploads\/2025\/09\/fantasia800ec-1l-100x100.jpg",100,100,true]},"uagb_author_info":{"display_name":"admin","author_link":"https:\/\/gardenersfriend.eu\/sv\/author\/"},"uagb_comment_info":0,"uagb_excerpt":"Fantasia 800 EC Fantasia 800 \u00e4r en selektiv herbicid med systemisk verkan, f\u00f6r jord- och bladapplicering, i form av ett emulgerbart koncentrat (EC). Enligt HRAC klassificeringen \u00e4r det verksamma \u00e4mnet prosulfokarb klassificerat i grupp 15 (tidigare grupp K3\/N). Beskrivning av \u00e5tg\u00e4rden Denna herbicid, i form av ett vattenhaltigt emulsionskoncentrat (EC), appliceras p\u00e5 jord och bladverk&hellip;","jetpack_sharing_enabled":true,"_links":{"self":[{"href":"https:\/\/gardenersfriend.eu\/sv\/wp-json\/wp\/v2\/product\/7249","targetHints":{"allow":["GET"]}}],"collection":[{"href":"https:\/\/gardenersfriend.eu\/sv\/wp-json\/wp\/v2\/product"}],"about":[{"href":"https:\/\/gardenersfriend.eu\/sv\/wp-json\/wp\/v2\/types\/product"}],"replies":[{"embeddable":true,"href":"https:\/\/gardenersfriend.eu\/sv\/wp-json\/wp\/v2\/comments?post=7249"}],"wp:featuredmedia":[{"embeddable":true,"href":"https:\/\/gardenersfriend.eu\/sv\/wp-json\/wp\/v2\/media\/7158"}],"wp:attachment":[{"href":"https:\/\/gardenersfriend.eu\/sv\/wp-json\/wp\/v2\/media?parent=7249"}],"wp:term":[{"taxonomy":"product_brand","embeddable":true,"href":"https:\/\/gardenersfriend.eu\/sv\/wp-json\/wp\/v2\/product_brand?post=7249"},{"taxonomy":"product_cat","embeddable":true,"href":"https:\/\/gardenersfriend.eu\/sv\/wp-json\/wp\/v2\/product_cat?post=7249"},{"taxonomy":"product_tag","embeddable":true,"href":"https:\/\/gardenersfriend.eu\/sv\/wp-json\/wp\/v2\/product_tag?post=7249"}],"curies":[{"name":"wp","href":"https:\/\/api.w.org\/{rel}","templated":true}]}}