{"id":7276,"date":"2025-09-18T00:09:21","date_gmt":"2025-09-17T22:09:21","guid":{"rendered":"https:\/\/gardenersfriend.eu\/product\/karate-zeon-050-cs-insekticid\/"},"modified":"2026-03-20T10:12:53","modified_gmt":"2026-03-20T09:12:53","slug":"karate-zeon-050-cs-insekticid","status":"publish","type":"product","link":"https:\/\/gardenersfriend.eu\/sv\/produkt\/karate-zeon-050-cs-insekticid\/","title":{"rendered":"Karate Zeon 050 CS Insekticid"},"content":{"rendered":"<h2>Karate Zeon 050 CS<\/h2>\n<p>Karate Zeon 050 CS \u00e4r en insekticid i form av en kapsel-i-v\u00e4tskesuspension (CS) som anv\u00e4nds f\u00f6r att skydda jordbruks-, fruktodlings- och gr\u00f6nsaksgr\u00f6dor fr\u00e5n bitande och sugande skadedjur. Medlet har kontakt- och magverkan och bek\u00e4mpar effektivt skadedjur som larver och skalbaggar av Colorado-potatisbaggen, bladl\u00f6ss, vivlar, pollenbaggar och andra. Det \u00e4r avsett f\u00f6r anv\u00e4ndning p\u00e5 potatis, h\u00f6straps, h\u00f6stvete, v\u00e5rkorn, majs, l\u00f6k, k\u00e5l, aronia, humle, lin och hampa. Den aktiva ingrediensen \u00e4r lambda-cyhalotrin (50 g\/l). Karate Zeon appliceras med f\u00e4lt-, fruktodlings- eller handsprutor. V\u00e4ntetiden varierar fr\u00e5n 7 till 28 dagar, beroende p\u00e5 gr\u00f6da.     <\/p>\n<h3><\/h3>\n<h3>Produktbeskrivning och specifikationer<\/h3>\n<p>&nbsp;<\/p>\n<h4>Karate Zeon 050 CS &#8211; Insekticid f\u00f6r jordbruks-, frukt- och gr\u00f6nsaksv\u00e4xter<br \/>\nVilka \u00e4r f\u00f6rdelarna med att anv\u00e4nda Karate Zeon 050 CS insekticid?<\/h4>\n<p>&#x2714;&#xfe0f; F\u00f6r bek\u00e4mpning av bitande och sugande skadedjur.<br \/>\n&#x2714;&#xfe0f; Det har ett brett verkningsspektrum, b\u00e5de p\u00e5 gr\u00f6dor och p\u00e5 de insekter som bek\u00e4mpas.<br \/>\n&#x2714;&#xfe0f; Den uppvisar kontakt och magk\u00e4nsla.<br \/>\n&#x2714;&#xfe0f; Eliminerar effektivt o\u00f6nskade insekter.<\/p>\n<p><strong>Karate Zeon CS<\/strong> \u00e4r en v\u00e4xtskyddsprodukt fr\u00e5n insekticidgruppen. Det kommer i form av en suspension av kapslar i en vattenl\u00f6slig v\u00e4tska (CS). <\/p>\n<p>Karate Zeon \u00e4r avsedd f\u00f6r bek\u00e4mpning av bitande och sugande skadedjur i potatis, h\u00f6straps, h\u00f6stvete, v\u00e5rkorn, majs, sockermajs, sockerbetor, l\u00f6k, k\u00e5l, aronia, humle, lin (en gr\u00f6da som uteslutande \u00e4r avsedd f\u00f6r textilindustrin) och hampa (en gr\u00f6da som uteslutande \u00e4r avsedd f\u00f6r textilindustrin).<\/p>\n<p>Karate Zeon insekticid \u00e4r avsedd att anv\u00e4ndas med sj\u00e4lvg\u00e5ende eller traktormonterade f\u00e4ltsprutor, sj\u00e4lvg\u00e5ende eller traktormonterade fruktodlingssprutor eller handh\u00e5llna sprutor.<\/p>\n<h4>Vad \u00e4r inneh\u00e5llet av aktiva substanser i insektsmedlet Karate Zeon?<\/h4>\n<p>&#x2714;&#xfe0f; Lambda-cyhalothrin (en f\u00f6rening fr\u00e5n pyretroidgruppen) &#8211; 50 g\/l (4,81%)<\/p>\n<h4>Hur fungerar v\u00e4xtskyddsmedlet Karate Zeon 050 CS?<\/h4>\n<p>Det uppvisar kontakt- och magverkan. Det verkar p\u00e5 v\u00e4xtens yta. <\/p>\n<h4>P\u00e5 vilka gr\u00f6dor kan Karate Zeon insekticid anv\u00e4ndas?<\/h4>\n<p>&#x2714;&#xfe0f;potatoes<\/p>\n<p>&#x2714;&#xfe0f;winter rapsfr\u00f6<\/p>\n<p>&#x2714;&#xfe0f;winter rapsfr\u00f6<\/p>\n<p>&#x2714;&#xfe0f;winter vete<\/p>\n<p>&#x2714;&#xfe0f;spring korn<\/p>\n<p>&#x2714;&#xfe0f;corn<\/p>\n<p>&#x2714;&#xfe0f;sweet majs<\/p>\n<p>&#x2714;&#xfe0f;sugar betor<\/p>\n<p>&#x2714;&#xfe0f;onions<\/p>\n<p>&#x2714;&#xfe0f;head k\u00e5l<\/p>\n<p>&#x2714;&#xfe0f;chokeberry<\/p>\n<p>&#x2714;&#xfe0f;hops<\/p>\n<p>&#x2714;&#xfe0f;common lin (odlas uteslutande f\u00f6r textilindustrin)<\/p>\n<p>&#x2714;&#xfe0f;hemp (odlas uteslutande f\u00f6r textilindustrin)<\/p>\n<h4><\/h4>\n<h4>Vilka insekter bek\u00e4mpar Karate Zeon?<\/h4>\n<p>&#x2714;&#xfe0f;Colorado larver och skalbaggar av potatisskalbagge<\/p>\n<p>&#x2714;&#xfe0f;Aphids<\/p>\n<p>&#x2714;&#xfe0f;Weevils &#8211; k\u00e5lrotsvivlar<\/p>\n<p>&#x2714;&#xfe0f;lily snytbagge<\/p>\n<p>&#x2714;&#xfe0f;Rapeseed pollenbagge<\/p>\n<p>&#x2714;&#xfe0f;Cabbage fj\u00e4dermygga<\/p>\n<p>&#x2714;&#xfe0f;Flea skalbaggar: jordl\u00f6pare, rapsjordl\u00f6pare, humlel\u00f6pare, linjordl\u00f6pare<\/p>\n<p>&#x2714;&#xfe0f;flax l\u00e5ngfotad skalbagge<\/p>\n<p>&#x2714;&#xfe0f;Rapeseed skorvbagge<\/p>\n<p>&#x2714;&#xfe0f;Equestrian skalbaggar<\/p>\n<p>&#x2714;&#xfe0f;European majsborrar<\/p>\n<p>&#x2714;&#xfe0f;rowan borrare<\/p>\n<p>&#x2714;&#xfe0f;Gray skalbagge<\/p>\n<p>&#x2714;&#xfe0f;Onion rotmask<\/p>\n<p>&#x2714;&#xfe0f;cabbage rotmask<\/p>\n<p>&#x2714;&#xfe0f;Cabbage vita skalbaggslarver<\/p>\n<p>&#x2714;&#xfe0f; k\u00e5lrotsbagge<\/p>\n<p>&#x2714;&#xfe0f;diamondback nattfj\u00e4ril<\/p>\n<p>&#x2714;&#xfe0f;Rose bladvals<\/p>\n<p>&#x2714;&#xfe0f; liljeblad rulle<\/p>\n<p>&#x2714;&#xfe0f;Thrips &#8211; linstrips, k\u00e5lrabbitrips, tobakstrips.<\/p>\n<h4>Hur anv\u00e4nder man Karate Zeon 050 CS insekticid?<\/h4>\n<p>Detaljerad information om dosering och anv\u00e4ndning av v\u00e4xtskyddsmedlet Karate Zeon 050 CS finns i avsnittet &#8221;Dosering&#8221; och i etiketten f\u00f6r v\u00e4xtskyddsmedlet som bifogas i de nedladdningsbara filerna<\/p>\n<h4>Vad \u00e4r f\u00f6rebyggande och v\u00e4ntetid vid anv\u00e4ndning av Karate Zeon 050 CS skyddsprodukt?<\/h4>\n<p>Under den f\u00f6rebyggande perioden, dvs. fr\u00e5n appliceringen av medlet till den dag d\u00e5 m\u00e4nniskor och djur f\u00e5r betr\u00e4da det omr\u00e5de d\u00e4r medlet applicerades, f\u00e5r de inte g\u00e5 in f\u00f6rr\u00e4n v\u00e4tskan har torkat helt p\u00e5 v\u00e4xtytan.<\/p>\n<p>V\u00e4ntetiden, dvs. perioden fr\u00e5n den sista appliceringen av medlet till dagen f\u00f6r sk\u00f6rd av gr\u00f6dan:<\/p>\n<p>&#8211; Vinterraps, h\u00f6stvete, v\u00e5rkorn &#8211; 28 dagar,<br \/>\n&#8211; Humle, sockerbetor &#8211; 14 dagar,<br \/>\n&#8211; Potatis, majs, sockermajs, aronia, \u00e4ppeltr\u00e4d, l\u00f6k, k\u00e5l &#8211; 7 dagar,<br \/>\n&#8211; Lin och hampa &#8211; ej till\u00e4mpligt (gr\u00f6dor som uteslutande \u00e4r avsedda f\u00f6r textilindustrin).<\/p>\n<p>Uttagsperioden f\u00f6r foder g\u00e4ller inte f\u00f6r Karate Zeon 050 CS.<\/p>\n<h4>Vilken \u00e4r effekten p\u00e5 v\u00e4xter vid anv\u00e4ndning av Karate Zeon insekticid?<\/h4>\n<p>Om plantagen avvecklas i f\u00f6rtid f\u00e5r efterf\u00f6ljande gr\u00f6dor s\u00e5s eller planteras 30 dagar efter den sista behandlingen med Karate Zeon 050 CS.<\/p>\n<h4>Vilka \u00e4r rekommendationerna f\u00f6r att anv\u00e4nda arbetsv\u00e4tskan med Karate Zeon 050 CS?<\/h4>\n<p>&#x2714;&#xfe0f; Produkten \u00e4r mer effektiv vid temperaturer under 20\u00b0C. Vid h\u00f6gre temperaturer b\u00f6r produkten appliceras i slutet av dagen. <\/p>\n<p>&#x2714;&#xfe0f; Vid besprutning av v\u00e4xter (t.ex. k\u00e5l, l\u00f6k) eller skadedjur (t.ex. k\u00e5lbladlus) som \u00e4r t\u00e4ckta med en vaxartad bel\u00e4ggning, tills\u00e4tt ett v\u00e4tmedel till sprutl\u00f6sningen.<\/p>\n<p>&#x2714;&#xfe0f; Vid applicering av produkten mot skadedjur (s\u00e4rskilt sugande skadedjur) ska sprutl\u00f6sningen appliceras noggrant f\u00f6r att s\u00e4kerst\u00e4lla att alla v\u00e4xtdelar t\u00e4cks av sprutl\u00f6sningen.<\/p>\n<p>&#x2714;&#xfe0f; Vid applicering av produkten, undvik:<br \/>\n&#8211; avdrift av sprutl\u00f6sningen till intilliggande gr\u00f6dor,<br \/>\n&#8211; \u00f6verlappning av sprutl\u00f6sningen vid korsningar av behandlingsremsor och v\u00e4ndtegar.<\/p>\n<p><strong>F\u00f6r mer information, se etiketten som bifogas nedladdningsfilerna: <a title=\"Etikett Karate Zeon 050 CS\" href=\"https:\/\/gardenersfriend.eu\/wp-content\/uploads\/2026\/02\/label_karate_zeon_SV.pdf\">Label_Karate_Zeon_050_CS_SV<\/a><\/strong><\/p>\n<p><strong>Se fler av v\u00e5ra produkter: <a title=\"Tr\u00e4dg\u00e5rdsm\u00e4starnas v\u00e4n Alla produkter\" href=\"https:\/\/gardenersfriend.eu\/sv\/butik\/\">Alla produkter<\/a><\/strong><\/p>\n<h5 style=\"color: #bcbcbc;\">Legal Information<\/h5>\n<p style=\"color: #bcbcbc;\">\nHints! Use pesticides carefully. \nBefore use read the label and product information.\nUse by non-professional users permitted.\nException: The buyer from Belgium declares that\nat the time of purchase he has full legal capacity\nand has the appropriate qualifications required from\npersons purchasing plant protection products.\n\nPursuant to Art. 28 of the Act of March 8, 2013 on plant protection products (Journal of Laws 2020, item 2097), from November 26, 2015, plant protection products intended for professional users may be sold to people who:\n\nPoint 1 - have completed training in the use of plant protection products in the Republic of Poland confirmed by a certificate of completion of this training, or\n\nPoint 2 - have completed training in advising on plant protection products in the Republic of Poland confirmed by a certificate of completion of this training, or\n\nPoint 3 - have completed training in integrated crop production confirmed by a certificate of completion of this training, or\n\nPoint 4 - not earlier than 5 years, prior to the purchase of these funds, have completed the training required from professional users in another Member State of the European Union or in a country being a party to the Agreement on the European Economic Area, on the basis of the provisions in force in that country, confirmed by a document of completion of this training, or they have presented another document issued under the regulations in force in that country, confirming that they obtained authorization to purchase plant protection products intended for professional users.\n\nImportent!\n\nOnly people over 18 years of age can use plant protection products.\n\nPlant protection products should be used safely.\n\nBefore each use, read the information provided on the label and product information.\n\n\n<\/p>\n","protected":false},"excerpt":{"rendered":"<p>Karate Zeon \u00e4r en insekticid i form av en flytande suspension som anv\u00e4nds f\u00f6r att skydda jordbruks-, frukt- och gr\u00f6nsaksv\u00e4xter mot bitande och sugande skadedjur<\/p>\n","protected":false},"featured_media":7222,"comment_status":"open","ping_status":"closed","template":"","meta":{"_uag_custom_page_level_css":"","site-sidebar-layout":"default","site-content-layout":"","ast-site-content-layout":"default","site-content-style":"default","site-sidebar-style":"default","ast-global-header-display":"","ast-banner-title-visibility":"","ast-main-header-display":"","ast-hfb-above-header-display":"","ast-hfb-below-header-display":"","ast-hfb-mobile-header-display":"","site-post-title":"","ast-breadcrumbs-content":"","ast-featured-img":"","footer-sml-layout":"","ast-disable-related-posts":"","theme-transparent-header-meta":"default","adv-header-id-meta":"","stick-header-meta":"","header-above-stick-meta":"","header-main-stick-meta":"","header-below-stick-meta":"","astra-migrate-meta-layouts":"default","ast-page-background-enabled":"default","ast-page-background-meta":{"desktop":{"background-color":"var(--ast-global-color-4)","background-image":"","background-repeat":"repeat","background-position":"center center","background-size":"auto","background-attachment":"scroll","background-type":"","background-media":"","overlay-type":"","overlay-color":"","overlay-opacity":"","overlay-gradient":""},"tablet":{"background-color":"","background-image":"","background-repeat":"repeat","background-position":"center center","background-size":"auto","background-attachment":"scroll","background-type":"","background-media":"","overlay-type":"","overlay-color":"","overlay-opacity":"","overlay-gradient":""},"mobile":{"background-color":"","background-image":"","background-repeat":"repeat","background-position":"center center","background-size":"auto","background-attachment":"scroll","background-type":"","background-media":"","overlay-type":"","overlay-color":"","overlay-opacity":"","overlay-gradient":""}},"ast-content-background-meta":{"desktop":{"background-color":"var(--ast-global-color-5)","background-image":"","background-repeat":"repeat","background-position":"center center","background-size":"auto","background-attachment":"scroll","background-type":"","background-media":"","overlay-type":"","overlay-color":"","overlay-opacity":"","overlay-gradient":""},"tablet":{"background-color":"var(--ast-global-color-5)","background-image":"","background-repeat":"repeat","background-position":"center center","background-size":"auto","background-attachment":"scroll","background-type":"","background-media":"","overlay-type":"","overlay-color":"","overlay-opacity":"","overlay-gradient":""},"mobile":{"background-color":"var(--ast-global-color-5)","background-image":"","background-repeat":"repeat","background-position":"center center","background-size":"auto","background-attachment":"scroll","background-type":"","background-media":"","overlay-type":"","overlay-color":"","overlay-opacity":"","overlay-gradient":""}}},"product_brand":[],"product_cat":[188],"product_tag":[],"class_list":{"0":"post-7276","1":"product","2":"type-product","3":"status-publish","4":"has-post-thumbnail","6":"product_cat-insekticid","7":"product_shipping_class-alla","8":"desktop-align-left","9":"tablet-align-left","10":"mobile-align-left","12":"first","13":"instock","14":"taxable","15":"shipping-taxable","16":"purchasable","17":"product-type-variable","18":"has-default-attributes"},"yoast_head":"<!-- This site is optimized with the Yoast SEO plugin v27.4 - https:\/\/yoast.com\/product\/yoast-seo-wordpress\/ -->\n<title>Karate Zeon 050 CS Insekticid - Gardeners Friend<\/title>\n<meta name=\"description\" content=\"Karate Zeon \u00e4r en insekticid i form av en flytande suspension som anv\u00e4nds f\u00f6r att skydda jordbruks-, frukt- och gr\u00f6nsaksv\u00e4xter mot bitande och sugande skadedjur.\" \/>\n<meta name=\"robots\" content=\"index, follow, max-snippet:-1, max-image-preview:large, max-video-preview:-1\" \/>\n<link rel=\"canonical\" href=\"https:\/\/gardenersfriend.eu\/sv\/produkt\/karate-zeon-050-cs-insekticid\/\" \/>\n<meta property=\"og:locale\" content=\"sv_SE\" \/>\n<meta property=\"og:type\" content=\"article\" \/>\n<meta property=\"og:title\" content=\"Karate Zeon 050 CS Insekticid - Gardeners Friend\" \/>\n<meta property=\"og:description\" content=\"Karate Zeon \u00e4r en insekticid i form av en flytande suspension som anv\u00e4nds f\u00f6r att skydda jordbruks-, frukt- och gr\u00f6nsaksv\u00e4xter mot bitande och sugande skadedjur.\" \/>\n<meta property=\"og:url\" content=\"https:\/\/gardenersfriend.eu\/sv\/produkt\/karate-zeon-050-cs-insekticid\/\" \/>\n<meta property=\"og:site_name\" content=\"Gardeners Friend\" \/>\n<meta property=\"article:publisher\" content=\"https:\/\/www.facebook.com\/people\/Gardeners-Friend-Store\/61566268054378\/\" \/>\n<meta property=\"article:modified_time\" content=\"2026-03-20T09:12:53+00:00\" \/>\n<meta property=\"og:image\" content=\"https:\/\/gardenersfriend.eu\/wp-content\/uploads\/2025\/09\/karate_zeon_05_cs_250ml.jpg\" \/>\n\t<meta property=\"og:image:width\" content=\"250\" \/>\n\t<meta property=\"og:image:height\" content=\"250\" \/>\n\t<meta property=\"og:image:type\" content=\"image\/jpeg\" \/>\n<meta name=\"twitter:card\" content=\"summary_large_image\" \/>\n<meta name=\"twitter:label1\" content=\"Ber\u00e4knad l\u00e4stid\" \/>\n\t<meta name=\"twitter:data1\" content=\"5 minuter\" \/>\n<script type=\"application\/ld+json\" class=\"yoast-schema-graph\">{\"@context\":\"https:\\\/\\\/schema.org\",\"@graph\":[{\"@type\":\"WebPage\",\"@id\":\"https:\\\/\\\/gardenersfriend.eu\\\/sv\\\/produkt\\\/karate-zeon-050-cs-insekticid\\\/\",\"url\":\"https:\\\/\\\/gardenersfriend.eu\\\/sv\\\/produkt\\\/karate-zeon-050-cs-insekticid\\\/\",\"name\":\"Karate Zeon 050 CS Insekticid - Gardeners Friend\",\"isPartOf\":{\"@id\":\"https:\\\/\\\/gardenersfriend.eu\\\/sv\\\/#website\"},\"primaryImageOfPage\":{\"@id\":\"https:\\\/\\\/gardenersfriend.eu\\\/sv\\\/produkt\\\/karate-zeon-050-cs-insekticid\\\/#primaryimage\"},\"image\":{\"@id\":\"https:\\\/\\\/gardenersfriend.eu\\\/sv\\\/produkt\\\/karate-zeon-050-cs-insekticid\\\/#primaryimage\"},\"thumbnailUrl\":\"https:\\\/\\\/gardenersfriend.eu\\\/wp-content\\\/uploads\\\/2025\\\/09\\\/karate_zeon_05_cs_250ml.jpg\",\"datePublished\":\"2025-09-17T22:09:21+00:00\",\"dateModified\":\"2026-03-20T09:12:53+00:00\",\"description\":\"Karate Zeon \u00e4r en insekticid i form av en flytande suspension som anv\u00e4nds f\u00f6r att skydda jordbruks-, frukt- och gr\u00f6nsaksv\u00e4xter mot bitande och sugande skadedjur.\",\"breadcrumb\":{\"@id\":\"https:\\\/\\\/gardenersfriend.eu\\\/sv\\\/produkt\\\/karate-zeon-050-cs-insekticid\\\/#breadcrumb\"},\"inLanguage\":\"sv-SE\",\"potentialAction\":[{\"@type\":\"ReadAction\",\"target\":[\"https:\\\/\\\/gardenersfriend.eu\\\/sv\\\/produkt\\\/karate-zeon-050-cs-insekticid\\\/\"]}]},{\"@type\":\"ImageObject\",\"inLanguage\":\"sv-SE\",\"@id\":\"https:\\\/\\\/gardenersfriend.eu\\\/sv\\\/produkt\\\/karate-zeon-050-cs-insekticid\\\/#primaryimage\",\"url\":\"https:\\\/\\\/gardenersfriend.eu\\\/wp-content\\\/uploads\\\/2025\\\/09\\\/karate_zeon_05_cs_250ml.jpg\",\"contentUrl\":\"https:\\\/\\\/gardenersfriend.eu\\\/wp-content\\\/uploads\\\/2025\\\/09\\\/karate_zeon_05_cs_250ml.jpg\",\"width\":250,\"height\":250,\"caption\":\"Karate Zeon 05 CS 250ML Gardeners Friend\"},{\"@type\":\"BreadcrumbList\",\"@id\":\"https:\\\/\\\/gardenersfriend.eu\\\/sv\\\/produkt\\\/karate-zeon-050-cs-insekticid\\\/#breadcrumb\",\"itemListElement\":[{\"@type\":\"ListItem\",\"position\":1,\"name\":\"Strona g\u0142\u00f3wna\",\"item\":\"https:\\\/\\\/gardenersfriend.eu\\\/sv\\\/\"},{\"@type\":\"ListItem\",\"position\":2,\"name\":\"Butik\",\"item\":\"https:\\\/\\\/gardenersfriend.eu\\\/shop\\\/\"},{\"@type\":\"ListItem\",\"position\":3,\"name\":\"Karate Zeon 050 CS Insekticid\"}]},{\"@type\":\"WebSite\",\"@id\":\"https:\\\/\\\/gardenersfriend.eu\\\/sv\\\/#website\",\"url\":\"https:\\\/\\\/gardenersfriend.eu\\\/sv\\\/\",\"name\":\"Gardeners Friend\",\"description\":\"herbicides, fertilisers, roundup\",\"publisher\":{\"@id\":\"https:\\\/\\\/gardenersfriend.eu\\\/sv\\\/#organization\"},\"potentialAction\":[{\"@type\":\"SearchAction\",\"target\":{\"@type\":\"EntryPoint\",\"urlTemplate\":\"https:\\\/\\\/gardenersfriend.eu\\\/sv\\\/?s={search_term_string}\"},\"query-input\":{\"@type\":\"PropertyValueSpecification\",\"valueRequired\":true,\"valueName\":\"search_term_string\"}}],\"inLanguage\":\"sv-SE\"},{\"@type\":\"Organization\",\"@id\":\"https:\\\/\\\/gardenersfriend.eu\\\/sv\\\/#organization\",\"name\":\"Gardeners Friend\",\"url\":\"https:\\\/\\\/gardenersfriend.eu\\\/sv\\\/\",\"logo\":{\"@type\":\"ImageObject\",\"inLanguage\":\"sv-SE\",\"@id\":\"https:\\\/\\\/gardenersfriend.eu\\\/sv\\\/#\\\/schema\\\/logo\\\/image\\\/\",\"url\":\"https:\\\/\\\/gardenersfriend.eu\\\/wp-content\\\/uploads\\\/2025\\\/09\\\/gf_accepted_big_logo.png\",\"contentUrl\":\"https:\\\/\\\/gardenersfriend.eu\\\/wp-content\\\/uploads\\\/2025\\\/09\\\/gf_accepted_big_logo.png\",\"width\":2000,\"height\":1000,\"caption\":\"Gardeners Friend\"},\"image\":{\"@id\":\"https:\\\/\\\/gardenersfriend.eu\\\/sv\\\/#\\\/schema\\\/logo\\\/image\\\/\"},\"sameAs\":[\"https:\\\/\\\/www.facebook.com\\\/people\\\/Gardeners-Friend-Store\\\/61566268054378\\\/\",\"https:\\\/\\\/www.instagram.com\\\/gardeners_friend_store\\\/\"]}]}<\/script>\n<!-- \/ Yoast SEO plugin. -->","yoast_head_json":{"title":"Karate Zeon 050 CS Insekticid - Gardeners Friend","description":"Karate Zeon \u00e4r en insekticid i form av en flytande suspension som anv\u00e4nds f\u00f6r att skydda jordbruks-, frukt- och gr\u00f6nsaksv\u00e4xter mot bitande och sugande skadedjur.","robots":{"index":"index","follow":"follow","max-snippet":"max-snippet:-1","max-image-preview":"max-image-preview:large","max-video-preview":"max-video-preview:-1"},"canonical":"https:\/\/gardenersfriend.eu\/sv\/produkt\/karate-zeon-050-cs-insekticid\/","og_locale":"sv_SE","og_type":"article","og_title":"Karate Zeon 050 CS Insekticid - Gardeners Friend","og_description":"Karate Zeon \u00e4r en insekticid i form av en flytande suspension som anv\u00e4nds f\u00f6r att skydda jordbruks-, frukt- och gr\u00f6nsaksv\u00e4xter mot bitande och sugande skadedjur.","og_url":"https:\/\/gardenersfriend.eu\/sv\/produkt\/karate-zeon-050-cs-insekticid\/","og_site_name":"Gardeners Friend","article_publisher":"https:\/\/www.facebook.com\/people\/Gardeners-Friend-Store\/61566268054378\/","article_modified_time":"2026-03-20T09:12:53+00:00","og_image":[{"width":250,"height":250,"url":"https:\/\/gardenersfriend.eu\/wp-content\/uploads\/2025\/09\/karate_zeon_05_cs_250ml.jpg","type":"image\/jpeg"}],"twitter_card":"summary_large_image","twitter_misc":{"Ber\u00e4knad l\u00e4stid":"5 minuter"},"schema":{"@context":"https:\/\/schema.org","@graph":[{"@type":"WebPage","@id":"https:\/\/gardenersfriend.eu\/sv\/produkt\/karate-zeon-050-cs-insekticid\/","url":"https:\/\/gardenersfriend.eu\/sv\/produkt\/karate-zeon-050-cs-insekticid\/","name":"Karate Zeon 050 CS Insekticid - Gardeners Friend","isPartOf":{"@id":"https:\/\/gardenersfriend.eu\/sv\/#website"},"primaryImageOfPage":{"@id":"https:\/\/gardenersfriend.eu\/sv\/produkt\/karate-zeon-050-cs-insekticid\/#primaryimage"},"image":{"@id":"https:\/\/gardenersfriend.eu\/sv\/produkt\/karate-zeon-050-cs-insekticid\/#primaryimage"},"thumbnailUrl":"https:\/\/gardenersfriend.eu\/wp-content\/uploads\/2025\/09\/karate_zeon_05_cs_250ml.jpg","datePublished":"2025-09-17T22:09:21+00:00","dateModified":"2026-03-20T09:12:53+00:00","description":"Karate Zeon \u00e4r en insekticid i form av en flytande suspension som anv\u00e4nds f\u00f6r att skydda jordbruks-, frukt- och gr\u00f6nsaksv\u00e4xter mot bitande och sugande skadedjur.","breadcrumb":{"@id":"https:\/\/gardenersfriend.eu\/sv\/produkt\/karate-zeon-050-cs-insekticid\/#breadcrumb"},"inLanguage":"sv-SE","potentialAction":[{"@type":"ReadAction","target":["https:\/\/gardenersfriend.eu\/sv\/produkt\/karate-zeon-050-cs-insekticid\/"]}]},{"@type":"ImageObject","inLanguage":"sv-SE","@id":"https:\/\/gardenersfriend.eu\/sv\/produkt\/karate-zeon-050-cs-insekticid\/#primaryimage","url":"https:\/\/gardenersfriend.eu\/wp-content\/uploads\/2025\/09\/karate_zeon_05_cs_250ml.jpg","contentUrl":"https:\/\/gardenersfriend.eu\/wp-content\/uploads\/2025\/09\/karate_zeon_05_cs_250ml.jpg","width":250,"height":250,"caption":"Karate Zeon 05 CS 250ML Gardeners Friend"},{"@type":"BreadcrumbList","@id":"https:\/\/gardenersfriend.eu\/sv\/produkt\/karate-zeon-050-cs-insekticid\/#breadcrumb","itemListElement":[{"@type":"ListItem","position":1,"name":"Strona g\u0142\u00f3wna","item":"https:\/\/gardenersfriend.eu\/sv\/"},{"@type":"ListItem","position":2,"name":"Butik","item":"https:\/\/gardenersfriend.eu\/shop\/"},{"@type":"ListItem","position":3,"name":"Karate Zeon 050 CS Insekticid"}]},{"@type":"WebSite","@id":"https:\/\/gardenersfriend.eu\/sv\/#website","url":"https:\/\/gardenersfriend.eu\/sv\/","name":"Gardeners Friend","description":"herbicides, fertilisers, roundup","publisher":{"@id":"https:\/\/gardenersfriend.eu\/sv\/#organization"},"potentialAction":[{"@type":"SearchAction","target":{"@type":"EntryPoint","urlTemplate":"https:\/\/gardenersfriend.eu\/sv\/?s={search_term_string}"},"query-input":{"@type":"PropertyValueSpecification","valueRequired":true,"valueName":"search_term_string"}}],"inLanguage":"sv-SE"},{"@type":"Organization","@id":"https:\/\/gardenersfriend.eu\/sv\/#organization","name":"Gardeners Friend","url":"https:\/\/gardenersfriend.eu\/sv\/","logo":{"@type":"ImageObject","inLanguage":"sv-SE","@id":"https:\/\/gardenersfriend.eu\/sv\/#\/schema\/logo\/image\/","url":"https:\/\/gardenersfriend.eu\/wp-content\/uploads\/2025\/09\/gf_accepted_big_logo.png","contentUrl":"https:\/\/gardenersfriend.eu\/wp-content\/uploads\/2025\/09\/gf_accepted_big_logo.png","width":2000,"height":1000,"caption":"Gardeners Friend"},"image":{"@id":"https:\/\/gardenersfriend.eu\/sv\/#\/schema\/logo\/image\/"},"sameAs":["https:\/\/www.facebook.com\/people\/Gardeners-Friend-Store\/61566268054378\/","https:\/\/www.instagram.com\/gardeners_friend_store\/"]}]}},"uagb_featured_image_src":{"full":["https:\/\/gardenersfriend.eu\/wp-content\/uploads\/2025\/09\/karate_zeon_05_cs_250ml.jpg",250,250,false],"thumbnail":["https:\/\/gardenersfriend.eu\/wp-content\/uploads\/2025\/09\/karate_zeon_05_cs_250ml-150x150.jpg",150,150,true],"medium":["https:\/\/gardenersfriend.eu\/wp-content\/uploads\/2025\/09\/karate_zeon_05_cs_250ml.jpg",250,250,false],"medium_large":["https:\/\/gardenersfriend.eu\/wp-content\/uploads\/2025\/09\/karate_zeon_05_cs_250ml.jpg",250,250,false],"large":["https:\/\/gardenersfriend.eu\/wp-content\/uploads\/2025\/09\/karate_zeon_05_cs_250ml.jpg",250,250,false],"1536x1536":["https:\/\/gardenersfriend.eu\/wp-content\/uploads\/2025\/09\/karate_zeon_05_cs_250ml.jpg",250,250,false],"2048x2048":["https:\/\/gardenersfriend.eu\/wp-content\/uploads\/2025\/09\/karate_zeon_05_cs_250ml.jpg",250,250,false],"woocommerce_thumbnail":["https:\/\/gardenersfriend.eu\/wp-content\/uploads\/2025\/09\/karate_zeon_05_cs_250ml.jpg",250,250,false],"woocommerce_single":["https:\/\/gardenersfriend.eu\/wp-content\/uploads\/2025\/09\/karate_zeon_05_cs_250ml.jpg",250,250,false],"woocommerce_gallery_thumbnail":["https:\/\/gardenersfriend.eu\/wp-content\/uploads\/2025\/09\/karate_zeon_05_cs_250ml-100x100.jpg",100,100,true]},"uagb_author_info":{"display_name":"admin","author_link":"https:\/\/gardenersfriend.eu\/sv\/author\/"},"uagb_comment_info":0,"uagb_excerpt":"Karate Zeon \u00e4r en insekticid i form av en flytande suspension som anv\u00e4nds f\u00f6r att skydda jordbruks-, frukt- och gr\u00f6nsaksv\u00e4xter mot bitande och sugande skadedjur","jetpack_sharing_enabled":true,"_links":{"self":[{"href":"https:\/\/gardenersfriend.eu\/sv\/wp-json\/wp\/v2\/product\/7276","targetHints":{"allow":["GET"]}}],"collection":[{"href":"https:\/\/gardenersfriend.eu\/sv\/wp-json\/wp\/v2\/product"}],"about":[{"href":"https:\/\/gardenersfriend.eu\/sv\/wp-json\/wp\/v2\/types\/product"}],"replies":[{"embeddable":true,"href":"https:\/\/gardenersfriend.eu\/sv\/wp-json\/wp\/v2\/comments?post=7276"}],"wp:featuredmedia":[{"embeddable":true,"href":"https:\/\/gardenersfriend.eu\/sv\/wp-json\/wp\/v2\/media\/7222"}],"wp:attachment":[{"href":"https:\/\/gardenersfriend.eu\/sv\/wp-json\/wp\/v2\/media?parent=7276"}],"wp:term":[{"taxonomy":"product_brand","embeddable":true,"href":"https:\/\/gardenersfriend.eu\/sv\/wp-json\/wp\/v2\/product_brand?post=7276"},{"taxonomy":"product_cat","embeddable":true,"href":"https:\/\/gardenersfriend.eu\/sv\/wp-json\/wp\/v2\/product_cat?post=7276"},{"taxonomy":"product_tag","embeddable":true,"href":"https:\/\/gardenersfriend.eu\/sv\/wp-json\/wp\/v2\/product_tag?post=7276"}],"curies":[{"name":"wp","href":"https:\/\/api.w.org\/{rel}","templated":true}]}}