{"id":7479,"date":"2025-09-26T22:29:07","date_gmt":"2025-09-26T20:29:07","guid":{"rendered":"https:\/\/gardenersfriend.eu\/product\/toxan-flytande-gift-for-moss-och-rattor\/"},"modified":"2026-03-19T21:18:21","modified_gmt":"2026-03-19T20:18:21","slug":"toxan-flytande-gift-for-moss-och-rattor","status":"publish","type":"product","link":"https:\/\/gardenersfriend.eu\/sv\/produkt\/toxan-flytande-gift-for-moss-och-rattor\/","title":{"rendered":"Toxan &#8211; flytande gift f\u00f6r m\u00f6ss och r\u00e5ttor"},"content":{"rendered":"<h2>Toxan<\/h2>\n<p><strong>Toxan<\/strong> \u00e4r ett flytande bek\u00e4mpningsgift f\u00f6r gnagare som inneh\u00e5ller 0,005% bromadiolon, ett antikoagulerande medel av andra generationen i eng\u00e5ngsdos, och en bitter substans som minskar risken f\u00f6r att o\u00f6nskade organismer f\u00e5r i sig giftet. Det \u00e4r avsett att anv\u00e4ndas d\u00e4r tillg\u00e5ngen till vatten \u00e4r begr\u00e4nsad och d\u00e4r gnagarnas naturliga f\u00f6da konkurrerar med fasta beten. Det \u00e4r effektivt mot m\u00f6ss och r\u00e5ttor och \u00e4r l\u00e4mpligt f\u00f6r anv\u00e4ndning i bost\u00e4der, lantbruk, lager, boskap, produktions- och bagerilokaler. Dosering: 100 ml i speciella vattenbeh\u00e5llare som placeras i betesstationer var 3-4:e meter f\u00f6r m\u00f6ss och var 15:e meter f\u00f6r r\u00e5ttor. Produkten b\u00f6r eliminera gnagare inom 35 dagar. Obs: Detta \u00e4r en biocidprodukt &#8211; anv\u00e4nd med extrem f\u00f6rsiktighet.     <\/p>\n<h3>Produktbeskrivning och specifikation &#8211; Toxan P\u0142yn Fregata &#8211; rodenticid f\u00f6r r\u00e5ttor och m\u00f6ss<\/h3>\n<h3>Toxan flytande<\/h3>\n<p><strong>Verksam best<\/strong> \u00e5ndsdel: 0,005% bromadiolon (andra generationens antikoagulerande medel f\u00f6r eng\u00e5ngsdosering). Produkten inneh\u00e5ller ocks\u00e5 ett starkt bittert \u00e4mne som minskar risken f\u00f6r intag av icke-m\u00e5lorganismer. <\/p>\n<p><strong>Liquid Toxan<\/strong> &#8211; Ett flytande medel f\u00f6r bek\u00e4mpning av gnagare. Liquid Toxan anv\u00e4nds b\u00e4st i omr\u00e5den med begr\u00e4nsad vattentillg\u00e5ng och d\u00e4r deras naturliga f\u00f6da \u00e4r f\u00f6r konkurrenskraftig f\u00f6r fasta beten i form av granulat, flingor, pasta eller kuber. <\/p>\n<h3>Liquid Toxan riktar in sig p\u00e5 skadedjur:<\/h3>\n<p>&#x2714;&#xfe0f; M\u00f6ss<br \/>\n&#x2714;&#xfe0f; R\u00e5ttor<\/p>\n<h3>Flytande Toxan Anv\u00e4ndning:<\/h3>\n<p>&#x2714;&#xfe0f; i bost\u00e4der,<br \/>\n&#x2714;&#xfe0f; bondg\u00e5rd,<br \/>\n&#x2714;&#xfe0f; lager,<br \/>\n&#x2714;&#xfe0f; boskap,<br \/>\n&#x2714;&#xfe0f; produktion,<br \/>\n&#x2714;&#xfe0f; bagerier<\/p>\n<h3>Dosering av Liquid Toxan:<\/h3>\n<p>Produkten f\u00e5r endast placeras i 100 ml beh\u00e5llare, som s\u00e4tts in i f\u00f6rseglade, s\u00e4kra och manipuleringss\u00e4kra betesstationer avsedda f\u00f6r flytande beredningar.<\/p>\n<p>Matare b\u00f6r placeras var 3-4:e meter f\u00f6r m\u00f6ss och var 15:e meter f\u00f6r r\u00e5ttor. Vid anv\u00e4ndning av produkten i och runt byggnader ska betesstationer placeras l\u00e4ngs byggnadens v\u00e4ggar och i omr\u00e5den d\u00e4r gnagare r\u00f6r sig. <\/p>\n<h3>Anv\u00e4ndning av denna produkt b\u00f6r eliminera gnagare inom 35 dagar.<\/h3>\n<p><strong>VARNING!!! <\/strong>Denna biocidprodukt ska anv\u00e4ndas med yttersta f\u00f6rsiktighet. L\u00e4s etiketten och bipacksedeln f\u00f6re anv\u00e4ndning. <\/p>\n<p><strong>F\u00f6r mer information, se etiketten som bifogas nedladdningsfilerna: <a title=\"Toxan_EN\" href=\"https:\/\/gardenersfriend.eu\/wp-content\/uploads\/2026\/02\/TOXAN-SV.pdf\">Toxan_SV<\/a><\/strong><\/p>\n<p><strong>Se fler av v\u00e5ra produkter: <a title=\"Tr\u00e4dg\u00e5rdsm\u00e4starnas v\u00e4n Alla produkter\" href=\"https:\/\/gardenersfriend.eu\/sv\/butik\/\">Alla produkter<\/a><\/strong><\/p>\n<h5 style=\"color: #bcbcbc;\">Legal Information<\/h5>\n<p style=\"color: #bcbcbc;\">\nHints! Use pesticides carefully. \nBefore use read the label and product information.\nUse by non-professional users permitted.\nException: The buyer from Belgium declares that\nat the time of purchase he has full legal capacity\nand has the appropriate qualifications required from\npersons purchasing plant protection products.\n\nPursuant to Art. 28 of the Act of March 8, 2013 on plant protection products (Journal of Laws 2020, item 2097), from November 26, 2015, plant protection products intended for professional users may be sold to people who:\n\nPoint 1 - have completed training in the use of plant protection products in the Republic of Poland confirmed by a certificate of completion of this training, or\n\nPoint 2 - have completed training in advising on plant protection products in the Republic of Poland confirmed by a certificate of completion of this training, or\n\nPoint 3 - have completed training in integrated crop production confirmed by a certificate of completion of this training, or\n\nPoint 4 - not earlier than 5 years, prior to the purchase of these funds, have completed the training required from professional users in another Member State of the European Union or in a country being a party to the Agreement on the European Economic Area, on the basis of the provisions in force in that country, confirmed by a document of completion of this training, or they have presented another document issued under the regulations in force in that country, confirming that they obtained authorization to purchase plant protection products intended for professional users.\n\nImportent!\n\nOnly people over 18 years of age can use plant protection products.\n\nPlant protection products should be used safely.\n\nBefore each use, read the information provided on the label and product information.\n\n\n<\/p>\n","protected":false},"excerpt":{"rendered":"<p>Toxan \u00e4r ett flytande gnagargift som inneh\u00e5ller 0,005% bromadiolon, ett antikoagulerande medel av andra generationen f\u00f6r eng\u00e5ngsbruk och en bitter substans som minskar risken f\u00f6r att o\u00f6nskade organismer ska f\u00e5 i sig giftet<\/p>\n","protected":false},"featured_media":7466,"comment_status":"open","ping_status":"closed","template":"","meta":{"_uag_custom_page_level_css":"","site-sidebar-layout":"default","site-content-layout":"","ast-site-content-layout":"default","site-content-style":"default","site-sidebar-style":"default","ast-global-header-display":"","ast-banner-title-visibility":"","ast-main-header-display":"","ast-hfb-above-header-display":"","ast-hfb-below-header-display":"","ast-hfb-mobile-header-display":"","site-post-title":"","ast-breadcrumbs-content":"","ast-featured-img":"","footer-sml-layout":"","ast-disable-related-posts":"","theme-transparent-header-meta":"default","adv-header-id-meta":"","stick-header-meta":"","header-above-stick-meta":"","header-main-stick-meta":"","header-below-stick-meta":"","astra-migrate-meta-layouts":"default","ast-page-background-enabled":"default","ast-page-background-meta":{"desktop":{"background-color":"var(--ast-global-color-4)","background-image":"","background-repeat":"repeat","background-position":"center center","background-size":"auto","background-attachment":"scroll","background-type":"","background-media":"","overlay-type":"","overlay-color":"","overlay-opacity":"","overlay-gradient":""},"tablet":{"background-color":"","background-image":"","background-repeat":"repeat","background-position":"center center","background-size":"auto","background-attachment":"scroll","background-type":"","background-media":"","overlay-type":"","overlay-color":"","overlay-opacity":"","overlay-gradient":""},"mobile":{"background-color":"","background-image":"","background-repeat":"repeat","background-position":"center center","background-size":"auto","background-attachment":"scroll","background-type":"","background-media":"","overlay-type":"","overlay-color":"","overlay-opacity":"","overlay-gradient":""}},"ast-content-background-meta":{"desktop":{"background-color":"var(--ast-global-color-5)","background-image":"","background-repeat":"repeat","background-position":"center center","background-size":"auto","background-attachment":"scroll","background-type":"","background-media":"","overlay-type":"","overlay-color":"","overlay-opacity":"","overlay-gradient":""},"tablet":{"background-color":"var(--ast-global-color-5)","background-image":"","background-repeat":"repeat","background-position":"center center","background-size":"auto","background-attachment":"scroll","background-type":"","background-media":"","overlay-type":"","overlay-color":"","overlay-opacity":"","overlay-gradient":""},"mobile":{"background-color":"var(--ast-global-color-5)","background-image":"","background-repeat":"repeat","background-position":"center center","background-size":"auto","background-attachment":"scroll","background-type":"","background-media":"","overlay-type":"","overlay-color":"","overlay-opacity":"","overlay-gradient":""}}},"product_brand":[],"product_cat":[212],"product_tag":[213],"class_list":{"0":"post-7479","1":"product","2":"type-product","3":"status-publish","4":"has-post-thumbnail","6":"product_cat-bekampningsmedel","7":"product_tag-bekampningsmedel","8":"desktop-align-left","9":"tablet-align-left","10":"mobile-align-left","12":"first","13":"instock","14":"taxable","15":"shipping-taxable","16":"purchasable","17":"product-type-variable","18":"has-default-attributes"},"yoast_head":"<!-- This site is optimized with the Yoast SEO plugin v27.4 - https:\/\/yoast.com\/product\/yoast-seo-wordpress\/ -->\n<title>Toxan - flytande gift f\u00f6r m\u00f6ss och r\u00e5ttor - Gardeners Friend<\/title>\n<meta name=\"description\" content=\"Toxan \u00e4r ett flytande gnagargift som inneh\u00e5ller 0,005% bromadiolon, ett antikoagulerande medel av andra generationen f\u00f6r eng\u00e5ngsbruk och en bitter substans som minskar risken f\u00f6r att o\u00f6nskade organismer ska f\u00e5 i sig giftet\" \/>\n<meta name=\"robots\" content=\"index, follow, max-snippet:-1, max-image-preview:large, max-video-preview:-1\" \/>\n<link rel=\"canonical\" href=\"https:\/\/gardenersfriend.eu\/sv\/produkt\/toxan-flytande-gift-for-moss-och-rattor\/\" \/>\n<meta property=\"og:locale\" content=\"sv_SE\" \/>\n<meta property=\"og:type\" content=\"article\" \/>\n<meta property=\"og:title\" content=\"Toxan - flytande gift f\u00f6r m\u00f6ss och r\u00e5ttor - Gardeners Friend\" \/>\n<meta property=\"og:description\" content=\"Toxan \u00e4r ett flytande gnagargift som inneh\u00e5ller 0,005% bromadiolon, ett antikoagulerande medel av andra generationen f\u00f6r eng\u00e5ngsbruk och en bitter substans som minskar risken f\u00f6r att o\u00f6nskade organismer ska f\u00e5 i sig giftet\" \/>\n<meta property=\"og:url\" content=\"https:\/\/gardenersfriend.eu\/sv\/produkt\/toxan-flytande-gift-for-moss-och-rattor\/\" \/>\n<meta property=\"og:site_name\" content=\"Gardeners Friend\" \/>\n<meta property=\"article:publisher\" content=\"https:\/\/www.facebook.com\/people\/Gardeners-Friend-Store\/61566268054378\/\" \/>\n<meta property=\"article:modified_time\" content=\"2026-03-19T20:18:21+00:00\" \/>\n<meta property=\"og:image\" content=\"https:\/\/gardenersfriend.eu\/wp-content\/uploads\/2025\/09\/Toxan-1L.jpg\" \/>\n\t<meta property=\"og:image:width\" content=\"680\" \/>\n\t<meta property=\"og:image:height\" content=\"680\" \/>\n\t<meta property=\"og:image:type\" content=\"image\/jpeg\" \/>\n<meta name=\"twitter:card\" content=\"summary_large_image\" \/>\n<meta name=\"twitter:label1\" content=\"Ber\u00e4knad l\u00e4stid\" \/>\n\t<meta name=\"twitter:data1\" content=\"2 minuter\" \/>\n<script type=\"application\/ld+json\" class=\"yoast-schema-graph\">{\"@context\":\"https:\\\/\\\/schema.org\",\"@graph\":[{\"@type\":\"WebPage\",\"@id\":\"https:\\\/\\\/gardenersfriend.eu\\\/sv\\\/produkt\\\/toxan-flytande-gift-for-moss-och-rattor\\\/\",\"url\":\"https:\\\/\\\/gardenersfriend.eu\\\/sv\\\/produkt\\\/toxan-flytande-gift-for-moss-och-rattor\\\/\",\"name\":\"Toxan - flytande gift f\u00f6r m\u00f6ss och r\u00e5ttor - Gardeners Friend\",\"isPartOf\":{\"@id\":\"https:\\\/\\\/gardenersfriend.eu\\\/sv\\\/#website\"},\"primaryImageOfPage\":{\"@id\":\"https:\\\/\\\/gardenersfriend.eu\\\/sv\\\/produkt\\\/toxan-flytande-gift-for-moss-och-rattor\\\/#primaryimage\"},\"image\":{\"@id\":\"https:\\\/\\\/gardenersfriend.eu\\\/sv\\\/produkt\\\/toxan-flytande-gift-for-moss-och-rattor\\\/#primaryimage\"},\"thumbnailUrl\":\"https:\\\/\\\/gardenersfriend.eu\\\/wp-content\\\/uploads\\\/2025\\\/09\\\/Toxan-1L.jpg\",\"datePublished\":\"2025-09-26T20:29:07+00:00\",\"dateModified\":\"2026-03-19T20:18:21+00:00\",\"description\":\"Toxan \u00e4r ett flytande gnagargift som inneh\u00e5ller 0,005% bromadiolon, ett antikoagulerande medel av andra generationen f\u00f6r eng\u00e5ngsbruk och en bitter substans som minskar risken f\u00f6r att o\u00f6nskade organismer ska f\u00e5 i sig giftet\",\"breadcrumb\":{\"@id\":\"https:\\\/\\\/gardenersfriend.eu\\\/sv\\\/produkt\\\/toxan-flytande-gift-for-moss-och-rattor\\\/#breadcrumb\"},\"inLanguage\":\"sv-SE\",\"potentialAction\":[{\"@type\":\"ReadAction\",\"target\":[\"https:\\\/\\\/gardenersfriend.eu\\\/sv\\\/produkt\\\/toxan-flytande-gift-for-moss-och-rattor\\\/\"]}]},{\"@type\":\"ImageObject\",\"inLanguage\":\"sv-SE\",\"@id\":\"https:\\\/\\\/gardenersfriend.eu\\\/sv\\\/produkt\\\/toxan-flytande-gift-for-moss-och-rattor\\\/#primaryimage\",\"url\":\"https:\\\/\\\/gardenersfriend.eu\\\/wp-content\\\/uploads\\\/2025\\\/09\\\/Toxan-1L.jpg\",\"contentUrl\":\"https:\\\/\\\/gardenersfriend.eu\\\/wp-content\\\/uploads\\\/2025\\\/09\\\/Toxan-1L.jpg\",\"width\":680,\"height\":680,\"caption\":\"Toxan 1L\"},{\"@type\":\"BreadcrumbList\",\"@id\":\"https:\\\/\\\/gardenersfriend.eu\\\/sv\\\/produkt\\\/toxan-flytande-gift-for-moss-och-rattor\\\/#breadcrumb\",\"itemListElement\":[{\"@type\":\"ListItem\",\"position\":1,\"name\":\"Strona g\u0142\u00f3wna\",\"item\":\"https:\\\/\\\/gardenersfriend.eu\\\/sv\\\/\"},{\"@type\":\"ListItem\",\"position\":2,\"name\":\"Butik\",\"item\":\"https:\\\/\\\/gardenersfriend.eu\\\/shop\\\/\"},{\"@type\":\"ListItem\",\"position\":3,\"name\":\"Toxan &#8211; flytande gift f\u00f6r m\u00f6ss och r\u00e5ttor\"}]},{\"@type\":\"WebSite\",\"@id\":\"https:\\\/\\\/gardenersfriend.eu\\\/sv\\\/#website\",\"url\":\"https:\\\/\\\/gardenersfriend.eu\\\/sv\\\/\",\"name\":\"Gardeners Friend\",\"description\":\"herbicides, fertilisers, roundup\",\"publisher\":{\"@id\":\"https:\\\/\\\/gardenersfriend.eu\\\/sv\\\/#organization\"},\"potentialAction\":[{\"@type\":\"SearchAction\",\"target\":{\"@type\":\"EntryPoint\",\"urlTemplate\":\"https:\\\/\\\/gardenersfriend.eu\\\/sv\\\/?s={search_term_string}\"},\"query-input\":{\"@type\":\"PropertyValueSpecification\",\"valueRequired\":true,\"valueName\":\"search_term_string\"}}],\"inLanguage\":\"sv-SE\"},{\"@type\":\"Organization\",\"@id\":\"https:\\\/\\\/gardenersfriend.eu\\\/sv\\\/#organization\",\"name\":\"Gardeners Friend\",\"url\":\"https:\\\/\\\/gardenersfriend.eu\\\/sv\\\/\",\"logo\":{\"@type\":\"ImageObject\",\"inLanguage\":\"sv-SE\",\"@id\":\"https:\\\/\\\/gardenersfriend.eu\\\/sv\\\/#\\\/schema\\\/logo\\\/image\\\/\",\"url\":\"https:\\\/\\\/gardenersfriend.eu\\\/wp-content\\\/uploads\\\/2025\\\/09\\\/gf_accepted_big_logo.png\",\"contentUrl\":\"https:\\\/\\\/gardenersfriend.eu\\\/wp-content\\\/uploads\\\/2025\\\/09\\\/gf_accepted_big_logo.png\",\"width\":2000,\"height\":1000,\"caption\":\"Gardeners Friend\"},\"image\":{\"@id\":\"https:\\\/\\\/gardenersfriend.eu\\\/sv\\\/#\\\/schema\\\/logo\\\/image\\\/\"},\"sameAs\":[\"https:\\\/\\\/www.facebook.com\\\/people\\\/Gardeners-Friend-Store\\\/61566268054378\\\/\",\"https:\\\/\\\/www.instagram.com\\\/gardeners_friend_store\\\/\"]}]}<\/script>\n<!-- \/ Yoast SEO plugin. -->","yoast_head_json":{"title":"Toxan - flytande gift f\u00f6r m\u00f6ss och r\u00e5ttor - Gardeners Friend","description":"Toxan \u00e4r ett flytande gnagargift som inneh\u00e5ller 0,005% bromadiolon, ett antikoagulerande medel av andra generationen f\u00f6r eng\u00e5ngsbruk och en bitter substans som minskar risken f\u00f6r att o\u00f6nskade organismer ska f\u00e5 i sig giftet","robots":{"index":"index","follow":"follow","max-snippet":"max-snippet:-1","max-image-preview":"max-image-preview:large","max-video-preview":"max-video-preview:-1"},"canonical":"https:\/\/gardenersfriend.eu\/sv\/produkt\/toxan-flytande-gift-for-moss-och-rattor\/","og_locale":"sv_SE","og_type":"article","og_title":"Toxan - flytande gift f\u00f6r m\u00f6ss och r\u00e5ttor - Gardeners Friend","og_description":"Toxan \u00e4r ett flytande gnagargift som inneh\u00e5ller 0,005% bromadiolon, ett antikoagulerande medel av andra generationen f\u00f6r eng\u00e5ngsbruk och en bitter substans som minskar risken f\u00f6r att o\u00f6nskade organismer ska f\u00e5 i sig giftet","og_url":"https:\/\/gardenersfriend.eu\/sv\/produkt\/toxan-flytande-gift-for-moss-och-rattor\/","og_site_name":"Gardeners Friend","article_publisher":"https:\/\/www.facebook.com\/people\/Gardeners-Friend-Store\/61566268054378\/","article_modified_time":"2026-03-19T20:18:21+00:00","og_image":[{"width":680,"height":680,"url":"https:\/\/gardenersfriend.eu\/wp-content\/uploads\/2025\/09\/Toxan-1L.jpg","type":"image\/jpeg"}],"twitter_card":"summary_large_image","twitter_misc":{"Ber\u00e4knad l\u00e4stid":"2 minuter"},"schema":{"@context":"https:\/\/schema.org","@graph":[{"@type":"WebPage","@id":"https:\/\/gardenersfriend.eu\/sv\/produkt\/toxan-flytande-gift-for-moss-och-rattor\/","url":"https:\/\/gardenersfriend.eu\/sv\/produkt\/toxan-flytande-gift-for-moss-och-rattor\/","name":"Toxan - flytande gift f\u00f6r m\u00f6ss och r\u00e5ttor - Gardeners Friend","isPartOf":{"@id":"https:\/\/gardenersfriend.eu\/sv\/#website"},"primaryImageOfPage":{"@id":"https:\/\/gardenersfriend.eu\/sv\/produkt\/toxan-flytande-gift-for-moss-och-rattor\/#primaryimage"},"image":{"@id":"https:\/\/gardenersfriend.eu\/sv\/produkt\/toxan-flytande-gift-for-moss-och-rattor\/#primaryimage"},"thumbnailUrl":"https:\/\/gardenersfriend.eu\/wp-content\/uploads\/2025\/09\/Toxan-1L.jpg","datePublished":"2025-09-26T20:29:07+00:00","dateModified":"2026-03-19T20:18:21+00:00","description":"Toxan \u00e4r ett flytande gnagargift som inneh\u00e5ller 0,005% bromadiolon, ett antikoagulerande medel av andra generationen f\u00f6r eng\u00e5ngsbruk och en bitter substans som minskar risken f\u00f6r att o\u00f6nskade organismer ska f\u00e5 i sig giftet","breadcrumb":{"@id":"https:\/\/gardenersfriend.eu\/sv\/produkt\/toxan-flytande-gift-for-moss-och-rattor\/#breadcrumb"},"inLanguage":"sv-SE","potentialAction":[{"@type":"ReadAction","target":["https:\/\/gardenersfriend.eu\/sv\/produkt\/toxan-flytande-gift-for-moss-och-rattor\/"]}]},{"@type":"ImageObject","inLanguage":"sv-SE","@id":"https:\/\/gardenersfriend.eu\/sv\/produkt\/toxan-flytande-gift-for-moss-och-rattor\/#primaryimage","url":"https:\/\/gardenersfriend.eu\/wp-content\/uploads\/2025\/09\/Toxan-1L.jpg","contentUrl":"https:\/\/gardenersfriend.eu\/wp-content\/uploads\/2025\/09\/Toxan-1L.jpg","width":680,"height":680,"caption":"Toxan 1L"},{"@type":"BreadcrumbList","@id":"https:\/\/gardenersfriend.eu\/sv\/produkt\/toxan-flytande-gift-for-moss-och-rattor\/#breadcrumb","itemListElement":[{"@type":"ListItem","position":1,"name":"Strona g\u0142\u00f3wna","item":"https:\/\/gardenersfriend.eu\/sv\/"},{"@type":"ListItem","position":2,"name":"Butik","item":"https:\/\/gardenersfriend.eu\/shop\/"},{"@type":"ListItem","position":3,"name":"Toxan &#8211; flytande gift f\u00f6r m\u00f6ss och r\u00e5ttor"}]},{"@type":"WebSite","@id":"https:\/\/gardenersfriend.eu\/sv\/#website","url":"https:\/\/gardenersfriend.eu\/sv\/","name":"Gardeners Friend","description":"herbicides, fertilisers, roundup","publisher":{"@id":"https:\/\/gardenersfriend.eu\/sv\/#organization"},"potentialAction":[{"@type":"SearchAction","target":{"@type":"EntryPoint","urlTemplate":"https:\/\/gardenersfriend.eu\/sv\/?s={search_term_string}"},"query-input":{"@type":"PropertyValueSpecification","valueRequired":true,"valueName":"search_term_string"}}],"inLanguage":"sv-SE"},{"@type":"Organization","@id":"https:\/\/gardenersfriend.eu\/sv\/#organization","name":"Gardeners Friend","url":"https:\/\/gardenersfriend.eu\/sv\/","logo":{"@type":"ImageObject","inLanguage":"sv-SE","@id":"https:\/\/gardenersfriend.eu\/sv\/#\/schema\/logo\/image\/","url":"https:\/\/gardenersfriend.eu\/wp-content\/uploads\/2025\/09\/gf_accepted_big_logo.png","contentUrl":"https:\/\/gardenersfriend.eu\/wp-content\/uploads\/2025\/09\/gf_accepted_big_logo.png","width":2000,"height":1000,"caption":"Gardeners Friend"},"image":{"@id":"https:\/\/gardenersfriend.eu\/sv\/#\/schema\/logo\/image\/"},"sameAs":["https:\/\/www.facebook.com\/people\/Gardeners-Friend-Store\/61566268054378\/","https:\/\/www.instagram.com\/gardeners_friend_store\/"]}]}},"uagb_featured_image_src":{"full":["https:\/\/gardenersfriend.eu\/wp-content\/uploads\/2025\/09\/Toxan-1L.jpg",680,680,false],"thumbnail":["https:\/\/gardenersfriend.eu\/wp-content\/uploads\/2025\/09\/Toxan-1L-150x150.jpg",150,150,true],"medium":["https:\/\/gardenersfriend.eu\/wp-content\/uploads\/2025\/09\/Toxan-1L-300x300.jpg",300,300,true],"medium_large":["https:\/\/gardenersfriend.eu\/wp-content\/uploads\/2025\/09\/Toxan-1L.jpg",680,680,false],"large":["https:\/\/gardenersfriend.eu\/wp-content\/uploads\/2025\/09\/Toxan-1L.jpg",680,680,false],"1536x1536":["https:\/\/gardenersfriend.eu\/wp-content\/uploads\/2025\/09\/Toxan-1L.jpg",680,680,false],"2048x2048":["https:\/\/gardenersfriend.eu\/wp-content\/uploads\/2025\/09\/Toxan-1L.jpg",680,680,false],"woocommerce_thumbnail":["https:\/\/gardenersfriend.eu\/wp-content\/uploads\/2025\/09\/Toxan-1L-300x300.jpg",300,300,true],"woocommerce_single":["https:\/\/gardenersfriend.eu\/wp-content\/uploads\/2025\/09\/Toxan-1L-600x600.jpg",600,600,true],"woocommerce_gallery_thumbnail":["https:\/\/gardenersfriend.eu\/wp-content\/uploads\/2025\/09\/Toxan-1L-100x100.jpg",100,100,true]},"uagb_author_info":{"display_name":"admin","author_link":"https:\/\/gardenersfriend.eu\/sv\/author\/"},"uagb_comment_info":0,"uagb_excerpt":"Toxan \u00e4r ett flytande gnagargift som inneh\u00e5ller 0,005% bromadiolon, ett antikoagulerande medel av andra generationen f\u00f6r eng\u00e5ngsbruk och en bitter substans som minskar risken f\u00f6r att o\u00f6nskade organismer ska f\u00e5 i sig giftet","jetpack_sharing_enabled":true,"_links":{"self":[{"href":"https:\/\/gardenersfriend.eu\/sv\/wp-json\/wp\/v2\/product\/7479","targetHints":{"allow":["GET"]}}],"collection":[{"href":"https:\/\/gardenersfriend.eu\/sv\/wp-json\/wp\/v2\/product"}],"about":[{"href":"https:\/\/gardenersfriend.eu\/sv\/wp-json\/wp\/v2\/types\/product"}],"replies":[{"embeddable":true,"href":"https:\/\/gardenersfriend.eu\/sv\/wp-json\/wp\/v2\/comments?post=7479"}],"wp:featuredmedia":[{"embeddable":true,"href":"https:\/\/gardenersfriend.eu\/sv\/wp-json\/wp\/v2\/media\/7466"}],"wp:attachment":[{"href":"https:\/\/gardenersfriend.eu\/sv\/wp-json\/wp\/v2\/media?parent=7479"}],"wp:term":[{"taxonomy":"product_brand","embeddable":true,"href":"https:\/\/gardenersfriend.eu\/sv\/wp-json\/wp\/v2\/product_brand?post=7479"},{"taxonomy":"product_cat","embeddable":true,"href":"https:\/\/gardenersfriend.eu\/sv\/wp-json\/wp\/v2\/product_cat?post=7479"},{"taxonomy":"product_tag","embeddable":true,"href":"https:\/\/gardenersfriend.eu\/sv\/wp-json\/wp\/v2\/product_tag?post=7479"}],"curies":[{"name":"wp","href":"https:\/\/api.w.org\/{rel}","templated":true}]}}