{"id":7979,"date":"2025-10-29T19:21:15","date_gmt":"2025-10-29T18:21:15","guid":{"rendered":"https:\/\/gardenersfriend.eu\/product\/rodeo-plus-360-sl-herbicid-med-glyfosat\/"},"modified":"2026-03-19T20:50:39","modified_gmt":"2026-03-19T19:50:39","slug":"rodeo-plus-360-sl-herbicid-med-glyfosat","status":"publish","type":"product","link":"https:\/\/gardenersfriend.eu\/sv\/produkt\/rodeo-plus-360-sl-herbicid-med-glyfosat\/","title":{"rendered":"Rodeo Plus 360 SL Herbicid med glyfosat"},"content":{"rendered":"<h2>Rodeo Plus 360 SL (ers\u00e4ttare f\u00f6r Roundup 360)<\/h2>\n<p>Rodeo Plus 360 SL \u00e4r en icke-selektiv herbicid med systemisk verkan, f\u00f6r bladapplicering, i form av ett koncentrat f\u00f6r beredning av en vattenl\u00f6sning (SL).<\/p>\n<h3>Inneh\u00e5ll av aktiv substans i Rodeo Plus 360 SL:<\/h3>\n<ul>\n<li>glyfosat (en f\u00f6rening fr\u00e5n aminofosfonatgruppen) i form av kaliumsalt &#8211; 360 g\/l (28,7%)<\/li>\n<\/ul>\n<h3>F\u00f6rdelar med att anv\u00e4nda Rodeo Plus 360 SL spruta:<\/h3>\n<ul>\n<li>Ett v\u00e4xtskyddsmedel som \u00e4r avsett att anv\u00e4ndas i m\u00e5nga odlingsgrupper.<\/li>\n<li>En flytande produkt f\u00f6r bladapplicering.<\/li>\n<li>Det absorberas genom de gr\u00f6na delarna av v\u00e4xten.<\/li>\n<li>De f\u00f6rsta symptomen p\u00e5 produktens effekter \u00e4r synliga efter 7-10 dagar.<\/li>\n<\/ul>\n<h3>Vilka ogr\u00e4s fungerar det p\u00e5?<\/h3>\n<p>Produkten inneh\u00e5ller den aktiva ingrediensen glyfosat, som h\u00e4mmar verkan av enzymet EPSPS-syntas, ett nyckelenzym i shikiminsyrans metaboliska v\u00e4g som \u00e4r involverad i biosyntesen av aromatiska aminosyror. I v\u00e4xten h\u00e4mmar det syntesen av proteiner som \u00e4r viktiga f\u00f6r v\u00e4xtens tillv\u00e4xt. Produkten absorberas genom v\u00e4xtens gr\u00f6na delar (blad, gr\u00f6na skott och bark som inte \u00e4r vedartad), f\u00f6rflyttar sig sedan genom v\u00e4xten och n\u00e5r de underjordiska delarna (r\u00f6tter, utl\u00f6pare etc.), vilket g\u00f6r att de d\u00f6r. De f\u00f6rsta symptomen p\u00e5 produktens verkan (gulf\u00e4rgning och vissnande) syns 7-10 dagar efter appliceringen. Fullst\u00e4ndig v\u00e4xtd\u00f6d intr\u00e4ffar efter cirka 3 veckor. H\u00f6g temperatur och luftfuktighet samt starkt solljus p\u00e5skyndar produktens effekt.     <\/p>\n<p><strong>V\u00e4xtskyddsdos: 1,5-2,0 l\/ha (ogr\u00e4s i plantstadiet):<\/strong><\/p>\n<p><strong>Medelsv\u00e5rt mottagliga ogr\u00e4s: gr\u00e4s.<\/strong><\/p>\n<p><strong>K\u00e4nsliga ogr\u00e4s: \u00e5 <\/strong>kersenap, k\u00e4ringtand, vit svinm\u00e5lla, fl\u00e4ckig kn\u00f6lsm\u00f6rblomma, herdesm\u00f6rblomma, \u00e5kerv\u00e4dd.<\/p>\n<p><strong>Dosering av v\u00e4xtskyddsmedel 3,0 l\/ha:<\/strong><br \/>\n<strong>Medelk\u00e4nsliga ogr\u00e4s:<\/strong> purpurbr\u00e4cka, vit svinm\u00e5lla, hund\u00e4xing, \u00e5kerbinda, \u00e5kerfr\u00e4ken.<br \/>\n<strong>K\u00e4nsliga ogr\u00e4s: <\/strong>liten bl\u00e5klocka, luddhavre, stor bl\u00e5klocka, persisk stormhatt, kanadensisk emmer, fl\u00e4ckig kn\u00f6lsm\u00f6rblomma, vanlig rajgr\u00e4s, vanlig k\u00e4ringtand, \u00e4ngsgr\u00f6e, vitgr\u00f6e.<\/p>\n<p class=\"p1\"><strong>Etikett: <\/strong><a title=\"RODEO PLUS 360 SL\" href=\"https:\/\/gardenersfriend.eu\/wp-content\/uploads\/2026\/02\/Rodeo-Plus-360-sl-EN.pdf\" target=\"_blank\" rel=\"noopener\">RODEO PLUS 360 SL<\/a><\/p>\n<p class=\"p1\"><strong>Producent webbplats:<\/strong> <a title=\"Bayer-sida\" href=\"https:\/\/www.bayer.com\/\" target=\"_blank\" rel=\"noopener\">Bayer<\/a><\/p>\n<p><strong>Annan herbicid: <\/strong><a href=\"https:\/\/gardenersfriend.eu\/sv\/product-category\/alla-produkter\/herbicid\/\">Herbicid<\/a><\/p>\n<h5 style=\"color: #bcbcbc;\">Legal Information<\/h5>\n<p style=\"color: #bcbcbc;\">\nHints! Use pesticides carefully. \nBefore use read the label and product information.\nUse by non-professional users permitted.\nException: The buyer from Belgium declares that\nat the time of purchase he has full legal capacity\nand has the appropriate qualifications required from\npersons purchasing plant protection products.\n\nPursuant to Art. 28 of the Act of March 8, 2013 on plant protection products (Journal of Laws 2020, item 2097), from November 26, 2015, plant protection products intended for professional users may be sold to people who:\n\nPoint 1 - have completed training in the use of plant protection products in the Republic of Poland confirmed by a certificate of completion of this training, or\n\nPoint 2 - have completed training in advising on plant protection products in the Republic of Poland confirmed by a certificate of completion of this training, or\n\nPoint 3 - have completed training in integrated crop production confirmed by a certificate of completion of this training, or\n\nPoint 4 - not earlier than 5 years, prior to the purchase of these funds, have completed the training required from professional users in another Member State of the European Union or in a country being a party to the Agreement on the European Economic Area, on the basis of the provisions in force in that country, confirmed by a document of completion of this training, or they have presented another document issued under the regulations in force in that country, confirming that they obtained authorization to purchase plant protection products intended for professional users.\n\nImportent!\n\nOnly people over 18 years of age can use plant protection products.\n\nPlant protection products should be used safely.\n\nBefore each use, read the information provided on the label and product information.\n\n\n<\/p>\n","protected":false},"excerpt":{"rendered":"<p>Rodeo 360 SL \u00e4r en icke-selektiv herbicid f\u00f6r bladapplicering. Bereds i form av ett koncentrat f\u00f6r beredning av en vattenl\u00f6sning (SL). Aktiv substans: glyfosat  <\/p>\n","protected":false},"featured_media":7960,"comment_status":"open","ping_status":"closed","template":"","meta":{"_uag_custom_page_level_css":"","site-sidebar-layout":"default","site-content-layout":"","ast-site-content-layout":"default","site-content-style":"default","site-sidebar-style":"default","ast-global-header-display":"","ast-banner-title-visibility":"","ast-main-header-display":"","ast-hfb-above-header-display":"","ast-hfb-below-header-display":"","ast-hfb-mobile-header-display":"","site-post-title":"","ast-breadcrumbs-content":"","ast-featured-img":"","footer-sml-layout":"","ast-disable-related-posts":"","theme-transparent-header-meta":"default","adv-header-id-meta":"","stick-header-meta":"","header-above-stick-meta":"","header-main-stick-meta":"","header-below-stick-meta":"","astra-migrate-meta-layouts":"default","ast-page-background-enabled":"default","ast-page-background-meta":{"desktop":{"background-color":"var(--ast-global-color-4)","background-image":"","background-repeat":"repeat","background-position":"center center","background-size":"auto","background-attachment":"scroll","background-type":"","background-media":"","overlay-type":"","overlay-color":"","overlay-opacity":"","overlay-gradient":""},"tablet":{"background-color":"","background-image":"","background-repeat":"repeat","background-position":"center center","background-size":"auto","background-attachment":"scroll","background-type":"","background-media":"","overlay-type":"","overlay-color":"","overlay-opacity":"","overlay-gradient":""},"mobile":{"background-color":"","background-image":"","background-repeat":"repeat","background-position":"center center","background-size":"auto","background-attachment":"scroll","background-type":"","background-media":"","overlay-type":"","overlay-color":"","overlay-opacity":"","overlay-gradient":""}},"ast-content-background-meta":{"desktop":{"background-color":"var(--ast-global-color-5)","background-image":"","background-repeat":"repeat","background-position":"center center","background-size":"auto","background-attachment":"scroll","background-type":"","background-media":"","overlay-type":"","overlay-color":"","overlay-opacity":"","overlay-gradient":""},"tablet":{"background-color":"var(--ast-global-color-5)","background-image":"","background-repeat":"repeat","background-position":"center center","background-size":"auto","background-attachment":"scroll","background-type":"","background-media":"","overlay-type":"","overlay-color":"","overlay-opacity":"","overlay-gradient":""},"mobile":{"background-color":"var(--ast-global-color-5)","background-image":"","background-repeat":"repeat","background-position":"center center","background-size":"auto","background-attachment":"scroll","background-type":"","background-media":"","overlay-type":"","overlay-color":"","overlay-opacity":"","overlay-gradient":""}}},"product_brand":[],"product_cat":[91,182],"product_tag":[],"class_list":{"0":"post-7979","1":"product","2":"type-product","3":"status-publish","4":"has-post-thumbnail","6":"product_cat-alla-produkter","7":"product_cat-herbicid","8":"desktop-align-left","9":"tablet-align-left","10":"mobile-align-left","12":"first","13":"instock","14":"taxable","15":"shipping-taxable","16":"purchasable","17":"product-type-variable","18":"has-default-attributes"},"yoast_head":"<!-- This site is optimized with the Yoast SEO plugin v27.4 - https:\/\/yoast.com\/product\/yoast-seo-wordpress\/ -->\n<title>Rodeo Plus 360 SL Herbicid med glyfosat - Gardeners Friend<\/title>\n<meta name=\"description\" content=\"Rodeo Plus 360 - icke-selektiv herbicid bladapplikation. Form av ett koncentrat f\u00f6r beredning av en vattenl\u00f6sning (SL). Aktiv substans: glyfosat\" \/>\n<meta name=\"robots\" content=\"index, follow, max-snippet:-1, max-image-preview:large, max-video-preview:-1\" \/>\n<link rel=\"canonical\" href=\"https:\/\/gardenersfriend.eu\/sv\/produkt\/rodeo-plus-360-sl-herbicid-med-glyfosat\/\" \/>\n<meta property=\"og:locale\" content=\"sv_SE\" \/>\n<meta property=\"og:type\" content=\"article\" \/>\n<meta property=\"og:title\" content=\"Rodeo Plus 360 SL Herbicid med glyfosat - Gardeners Friend\" \/>\n<meta property=\"og:description\" content=\"Rodeo Plus 360 - icke-selektiv herbicid bladapplikation. Form av ett koncentrat f\u00f6r beredning av en vattenl\u00f6sning (SL). Aktiv substans: glyfosat\" \/>\n<meta property=\"og:url\" content=\"https:\/\/gardenersfriend.eu\/sv\/produkt\/rodeo-plus-360-sl-herbicid-med-glyfosat\/\" \/>\n<meta property=\"og:site_name\" content=\"Gardeners Friend\" \/>\n<meta property=\"article:publisher\" content=\"https:\/\/www.facebook.com\/people\/Gardeners-Friend-Store\/61566268054378\/\" \/>\n<meta property=\"article:modified_time\" content=\"2026-03-19T19:50:39+00:00\" \/>\n<meta property=\"og:image\" content=\"https:\/\/gardenersfriend.eu\/wp-content\/uploads\/2025\/10\/rodeo_360_plus_5l.jpg\" \/>\n\t<meta property=\"og:image:width\" content=\"600\" \/>\n\t<meta property=\"og:image:height\" content=\"600\" \/>\n\t<meta property=\"og:image:type\" content=\"image\/jpeg\" \/>\n<meta name=\"twitter:card\" content=\"summary_large_image\" \/>\n<meta name=\"twitter:label1\" content=\"Ber\u00e4knad l\u00e4stid\" \/>\n\t<meta name=\"twitter:data1\" content=\"2 minuter\" \/>\n<script type=\"application\/ld+json\" class=\"yoast-schema-graph\">{\"@context\":\"https:\\\/\\\/schema.org\",\"@graph\":[{\"@type\":\"WebPage\",\"@id\":\"https:\\\/\\\/gardenersfriend.eu\\\/sv\\\/produkt\\\/rodeo-plus-360-sl-herbicid-med-glyfosat\\\/\",\"url\":\"https:\\\/\\\/gardenersfriend.eu\\\/sv\\\/produkt\\\/rodeo-plus-360-sl-herbicid-med-glyfosat\\\/\",\"name\":\"Rodeo Plus 360 SL Herbicid med glyfosat - Gardeners Friend\",\"isPartOf\":{\"@id\":\"https:\\\/\\\/gardenersfriend.eu\\\/sv\\\/#website\"},\"primaryImageOfPage\":{\"@id\":\"https:\\\/\\\/gardenersfriend.eu\\\/sv\\\/produkt\\\/rodeo-plus-360-sl-herbicid-med-glyfosat\\\/#primaryimage\"},\"image\":{\"@id\":\"https:\\\/\\\/gardenersfriend.eu\\\/sv\\\/produkt\\\/rodeo-plus-360-sl-herbicid-med-glyfosat\\\/#primaryimage\"},\"thumbnailUrl\":\"https:\\\/\\\/gardenersfriend.eu\\\/wp-content\\\/uploads\\\/2025\\\/10\\\/rodeo_360_plus_5l.jpg\",\"datePublished\":\"2025-10-29T18:21:15+00:00\",\"dateModified\":\"2026-03-19T19:50:39+00:00\",\"description\":\"Rodeo Plus 360 - icke-selektiv herbicid bladapplikation. Form av ett koncentrat f\u00f6r beredning av en vattenl\u00f6sning (SL). Aktiv substans: glyfosat\",\"breadcrumb\":{\"@id\":\"https:\\\/\\\/gardenersfriend.eu\\\/sv\\\/produkt\\\/rodeo-plus-360-sl-herbicid-med-glyfosat\\\/#breadcrumb\"},\"inLanguage\":\"sv-SE\",\"potentialAction\":[{\"@type\":\"ReadAction\",\"target\":[\"https:\\\/\\\/gardenersfriend.eu\\\/sv\\\/produkt\\\/rodeo-plus-360-sl-herbicid-med-glyfosat\\\/\"]}]},{\"@type\":\"ImageObject\",\"inLanguage\":\"sv-SE\",\"@id\":\"https:\\\/\\\/gardenersfriend.eu\\\/sv\\\/produkt\\\/rodeo-plus-360-sl-herbicid-med-glyfosat\\\/#primaryimage\",\"url\":\"https:\\\/\\\/gardenersfriend.eu\\\/wp-content\\\/uploads\\\/2025\\\/10\\\/rodeo_360_plus_5l.jpg\",\"contentUrl\":\"https:\\\/\\\/gardenersfriend.eu\\\/wp-content\\\/uploads\\\/2025\\\/10\\\/rodeo_360_plus_5l.jpg\",\"width\":600,\"height\":600,\"caption\":\"Rodeo 360 Plus 5L\"},{\"@type\":\"BreadcrumbList\",\"@id\":\"https:\\\/\\\/gardenersfriend.eu\\\/sv\\\/produkt\\\/rodeo-plus-360-sl-herbicid-med-glyfosat\\\/#breadcrumb\",\"itemListElement\":[{\"@type\":\"ListItem\",\"position\":1,\"name\":\"Strona g\u0142\u00f3wna\",\"item\":\"https:\\\/\\\/gardenersfriend.eu\\\/sv\\\/\"},{\"@type\":\"ListItem\",\"position\":2,\"name\":\"Butik\",\"item\":\"https:\\\/\\\/gardenersfriend.eu\\\/shop\\\/\"},{\"@type\":\"ListItem\",\"position\":3,\"name\":\"Rodeo Plus 360 SL Herbicid med glyfosat\"}]},{\"@type\":\"WebSite\",\"@id\":\"https:\\\/\\\/gardenersfriend.eu\\\/sv\\\/#website\",\"url\":\"https:\\\/\\\/gardenersfriend.eu\\\/sv\\\/\",\"name\":\"Gardeners Friend\",\"description\":\"herbicides, fertilisers, roundup\",\"publisher\":{\"@id\":\"https:\\\/\\\/gardenersfriend.eu\\\/sv\\\/#organization\"},\"potentialAction\":[{\"@type\":\"SearchAction\",\"target\":{\"@type\":\"EntryPoint\",\"urlTemplate\":\"https:\\\/\\\/gardenersfriend.eu\\\/sv\\\/?s={search_term_string}\"},\"query-input\":{\"@type\":\"PropertyValueSpecification\",\"valueRequired\":true,\"valueName\":\"search_term_string\"}}],\"inLanguage\":\"sv-SE\"},{\"@type\":\"Organization\",\"@id\":\"https:\\\/\\\/gardenersfriend.eu\\\/sv\\\/#organization\",\"name\":\"Gardeners Friend\",\"url\":\"https:\\\/\\\/gardenersfriend.eu\\\/sv\\\/\",\"logo\":{\"@type\":\"ImageObject\",\"inLanguage\":\"sv-SE\",\"@id\":\"https:\\\/\\\/gardenersfriend.eu\\\/sv\\\/#\\\/schema\\\/logo\\\/image\\\/\",\"url\":\"https:\\\/\\\/gardenersfriend.eu\\\/wp-content\\\/uploads\\\/2025\\\/09\\\/gf_accepted_big_logo.png\",\"contentUrl\":\"https:\\\/\\\/gardenersfriend.eu\\\/wp-content\\\/uploads\\\/2025\\\/09\\\/gf_accepted_big_logo.png\",\"width\":2000,\"height\":1000,\"caption\":\"Gardeners Friend\"},\"image\":{\"@id\":\"https:\\\/\\\/gardenersfriend.eu\\\/sv\\\/#\\\/schema\\\/logo\\\/image\\\/\"},\"sameAs\":[\"https:\\\/\\\/www.facebook.com\\\/people\\\/Gardeners-Friend-Store\\\/61566268054378\\\/\",\"https:\\\/\\\/www.instagram.com\\\/gardeners_friend_store\\\/\"]}]}<\/script>\n<!-- \/ Yoast SEO plugin. -->","yoast_head_json":{"title":"Rodeo Plus 360 SL Herbicid med glyfosat - Gardeners Friend","description":"Rodeo Plus 360 - icke-selektiv herbicid bladapplikation. Form av ett koncentrat f\u00f6r beredning av en vattenl\u00f6sning (SL). Aktiv substans: glyfosat","robots":{"index":"index","follow":"follow","max-snippet":"max-snippet:-1","max-image-preview":"max-image-preview:large","max-video-preview":"max-video-preview:-1"},"canonical":"https:\/\/gardenersfriend.eu\/sv\/produkt\/rodeo-plus-360-sl-herbicid-med-glyfosat\/","og_locale":"sv_SE","og_type":"article","og_title":"Rodeo Plus 360 SL Herbicid med glyfosat - Gardeners Friend","og_description":"Rodeo Plus 360 - icke-selektiv herbicid bladapplikation. Form av ett koncentrat f\u00f6r beredning av en vattenl\u00f6sning (SL). Aktiv substans: glyfosat","og_url":"https:\/\/gardenersfriend.eu\/sv\/produkt\/rodeo-plus-360-sl-herbicid-med-glyfosat\/","og_site_name":"Gardeners Friend","article_publisher":"https:\/\/www.facebook.com\/people\/Gardeners-Friend-Store\/61566268054378\/","article_modified_time":"2026-03-19T19:50:39+00:00","og_image":[{"width":600,"height":600,"url":"https:\/\/gardenersfriend.eu\/wp-content\/uploads\/2025\/10\/rodeo_360_plus_5l.jpg","type":"image\/jpeg"}],"twitter_card":"summary_large_image","twitter_misc":{"Ber\u00e4knad l\u00e4stid":"2 minuter"},"schema":{"@context":"https:\/\/schema.org","@graph":[{"@type":"WebPage","@id":"https:\/\/gardenersfriend.eu\/sv\/produkt\/rodeo-plus-360-sl-herbicid-med-glyfosat\/","url":"https:\/\/gardenersfriend.eu\/sv\/produkt\/rodeo-plus-360-sl-herbicid-med-glyfosat\/","name":"Rodeo Plus 360 SL Herbicid med glyfosat - Gardeners Friend","isPartOf":{"@id":"https:\/\/gardenersfriend.eu\/sv\/#website"},"primaryImageOfPage":{"@id":"https:\/\/gardenersfriend.eu\/sv\/produkt\/rodeo-plus-360-sl-herbicid-med-glyfosat\/#primaryimage"},"image":{"@id":"https:\/\/gardenersfriend.eu\/sv\/produkt\/rodeo-plus-360-sl-herbicid-med-glyfosat\/#primaryimage"},"thumbnailUrl":"https:\/\/gardenersfriend.eu\/wp-content\/uploads\/2025\/10\/rodeo_360_plus_5l.jpg","datePublished":"2025-10-29T18:21:15+00:00","dateModified":"2026-03-19T19:50:39+00:00","description":"Rodeo Plus 360 - icke-selektiv herbicid bladapplikation. Form av ett koncentrat f\u00f6r beredning av en vattenl\u00f6sning (SL). Aktiv substans: glyfosat","breadcrumb":{"@id":"https:\/\/gardenersfriend.eu\/sv\/produkt\/rodeo-plus-360-sl-herbicid-med-glyfosat\/#breadcrumb"},"inLanguage":"sv-SE","potentialAction":[{"@type":"ReadAction","target":["https:\/\/gardenersfriend.eu\/sv\/produkt\/rodeo-plus-360-sl-herbicid-med-glyfosat\/"]}]},{"@type":"ImageObject","inLanguage":"sv-SE","@id":"https:\/\/gardenersfriend.eu\/sv\/produkt\/rodeo-plus-360-sl-herbicid-med-glyfosat\/#primaryimage","url":"https:\/\/gardenersfriend.eu\/wp-content\/uploads\/2025\/10\/rodeo_360_plus_5l.jpg","contentUrl":"https:\/\/gardenersfriend.eu\/wp-content\/uploads\/2025\/10\/rodeo_360_plus_5l.jpg","width":600,"height":600,"caption":"Rodeo 360 Plus 5L"},{"@type":"BreadcrumbList","@id":"https:\/\/gardenersfriend.eu\/sv\/produkt\/rodeo-plus-360-sl-herbicid-med-glyfosat\/#breadcrumb","itemListElement":[{"@type":"ListItem","position":1,"name":"Strona g\u0142\u00f3wna","item":"https:\/\/gardenersfriend.eu\/sv\/"},{"@type":"ListItem","position":2,"name":"Butik","item":"https:\/\/gardenersfriend.eu\/shop\/"},{"@type":"ListItem","position":3,"name":"Rodeo Plus 360 SL Herbicid med glyfosat"}]},{"@type":"WebSite","@id":"https:\/\/gardenersfriend.eu\/sv\/#website","url":"https:\/\/gardenersfriend.eu\/sv\/","name":"Gardeners Friend","description":"herbicides, fertilisers, roundup","publisher":{"@id":"https:\/\/gardenersfriend.eu\/sv\/#organization"},"potentialAction":[{"@type":"SearchAction","target":{"@type":"EntryPoint","urlTemplate":"https:\/\/gardenersfriend.eu\/sv\/?s={search_term_string}"},"query-input":{"@type":"PropertyValueSpecification","valueRequired":true,"valueName":"search_term_string"}}],"inLanguage":"sv-SE"},{"@type":"Organization","@id":"https:\/\/gardenersfriend.eu\/sv\/#organization","name":"Gardeners Friend","url":"https:\/\/gardenersfriend.eu\/sv\/","logo":{"@type":"ImageObject","inLanguage":"sv-SE","@id":"https:\/\/gardenersfriend.eu\/sv\/#\/schema\/logo\/image\/","url":"https:\/\/gardenersfriend.eu\/wp-content\/uploads\/2025\/09\/gf_accepted_big_logo.png","contentUrl":"https:\/\/gardenersfriend.eu\/wp-content\/uploads\/2025\/09\/gf_accepted_big_logo.png","width":2000,"height":1000,"caption":"Gardeners Friend"},"image":{"@id":"https:\/\/gardenersfriend.eu\/sv\/#\/schema\/logo\/image\/"},"sameAs":["https:\/\/www.facebook.com\/people\/Gardeners-Friend-Store\/61566268054378\/","https:\/\/www.instagram.com\/gardeners_friend_store\/"]}]}},"uagb_featured_image_src":{"full":["https:\/\/gardenersfriend.eu\/wp-content\/uploads\/2025\/10\/rodeo_360_plus_5l.jpg",600,600,false],"thumbnail":["https:\/\/gardenersfriend.eu\/wp-content\/uploads\/2025\/10\/rodeo_360_plus_5l-150x150.jpg",150,150,true],"medium":["https:\/\/gardenersfriend.eu\/wp-content\/uploads\/2025\/10\/rodeo_360_plus_5l-300x300.jpg",300,300,true],"medium_large":["https:\/\/gardenersfriend.eu\/wp-content\/uploads\/2025\/10\/rodeo_360_plus_5l.jpg",600,600,false],"large":["https:\/\/gardenersfriend.eu\/wp-content\/uploads\/2025\/10\/rodeo_360_plus_5l.jpg",600,600,false],"1536x1536":["https:\/\/gardenersfriend.eu\/wp-content\/uploads\/2025\/10\/rodeo_360_plus_5l.jpg",600,600,false],"2048x2048":["https:\/\/gardenersfriend.eu\/wp-content\/uploads\/2025\/10\/rodeo_360_plus_5l.jpg",600,600,false],"woocommerce_thumbnail":["https:\/\/gardenersfriend.eu\/wp-content\/uploads\/2025\/10\/rodeo_360_plus_5l-300x300.jpg",300,300,true],"woocommerce_single":["https:\/\/gardenersfriend.eu\/wp-content\/uploads\/2025\/10\/rodeo_360_plus_5l.jpg",600,600,false],"woocommerce_gallery_thumbnail":["https:\/\/gardenersfriend.eu\/wp-content\/uploads\/2025\/10\/rodeo_360_plus_5l-100x100.jpg",100,100,true]},"uagb_author_info":{"display_name":"admin","author_link":"https:\/\/gardenersfriend.eu\/sv\/author\/"},"uagb_comment_info":0,"uagb_excerpt":"Rodeo 360 SL \u00e4r en icke-selektiv herbicid f\u00f6r bladapplicering. Bereds i form av ett koncentrat f\u00f6r beredning av en vattenl\u00f6sning (SL). Aktiv substans: glyfosat","jetpack_sharing_enabled":true,"_links":{"self":[{"href":"https:\/\/gardenersfriend.eu\/sv\/wp-json\/wp\/v2\/product\/7979","targetHints":{"allow":["GET"]}}],"collection":[{"href":"https:\/\/gardenersfriend.eu\/sv\/wp-json\/wp\/v2\/product"}],"about":[{"href":"https:\/\/gardenersfriend.eu\/sv\/wp-json\/wp\/v2\/types\/product"}],"replies":[{"embeddable":true,"href":"https:\/\/gardenersfriend.eu\/sv\/wp-json\/wp\/v2\/comments?post=7979"}],"wp:featuredmedia":[{"embeddable":true,"href":"https:\/\/gardenersfriend.eu\/sv\/wp-json\/wp\/v2\/media\/7960"}],"wp:attachment":[{"href":"https:\/\/gardenersfriend.eu\/sv\/wp-json\/wp\/v2\/media?parent=7979"}],"wp:term":[{"taxonomy":"product_brand","embeddable":true,"href":"https:\/\/gardenersfriend.eu\/sv\/wp-json\/wp\/v2\/product_brand?post=7979"},{"taxonomy":"product_cat","embeddable":true,"href":"https:\/\/gardenersfriend.eu\/sv\/wp-json\/wp\/v2\/product_cat?post=7979"},{"taxonomy":"product_tag","embeddable":true,"href":"https:\/\/gardenersfriend.eu\/sv\/wp-json\/wp\/v2\/product_tag?post=7979"}],"curies":[{"name":"wp","href":"https:\/\/api.w.org\/{rel}","templated":true}]}}