{"id":8008,"date":"2025-10-28T02:15:40","date_gmt":"2025-10-28T01:15:40","guid":{"rendered":"https:\/\/gardenersfriend.eu\/product\/agrosar-360-sl-glyfosat-herbicid\/"},"modified":"2026-03-19T21:18:33","modified_gmt":"2026-03-19T20:18:33","slug":"agrosar-360-sl-glyfosat-herbicid","status":"publish","type":"product","link":"https:\/\/gardenersfriend.eu\/sv\/produkt\/agrosar-360-sl-glyfosat-herbicid\/","title":{"rendered":"Agrosar 360 SL Glyfosat Herbicid"},"content":{"rendered":"<h2 class=\"p1\">Agrosar 360 SL<\/h2>\n<p class=\"p1\">Agrosar 360 SL \u00e4r en effektiv herbicid f\u00f6r bek\u00e4mpning av kvickrot, \u00e5kervallmo, \u00e5kerb\u00f6na och andra skadeg\u00f6rande mono- och dikotylata ogr\u00e4s med ett brett anv\u00e4ndningsomr\u00e5de. Agrosar \u00e4r en icke-selektiv, systemisk herbicid f\u00f6r bladapplicering. Den \u00e4r mycket effektiv f\u00f6r att bek\u00e4mpa b\u00e5de enhj\u00e4rtbladiga och tv\u00e5hj\u00e4rtbladiga ogr\u00e4s och har ett brett anv\u00e4ndningsomr\u00e5de: p\u00e5 stubb\u00e5krar, f\u00f6re odling f\u00f6r att bek\u00e4mpa ogr\u00e4s och f\u00f6re sk\u00f6rd f\u00f6r att underl\u00e4tta sk\u00f6rden. Produkten finns som ett koncentrat f\u00f6r beredning av en vattenl\u00f6sning.   <\/p>\n<h4 class=\"p1\">Agrosar 360 SL verkar mot ogr\u00e4s<\/h4>\n<p>Medlet absorberas genom v\u00e4xtens gr\u00f6na delar (blad, gr\u00f6na skott och icke-korroderad bark), f\u00e4rdas sedan genom v\u00e4xten och n\u00e5r de underjordiska delarna (r\u00f6tter, utl\u00f6pare etc.), vilket g\u00f6r att de d\u00f6r. De f\u00f6rsta symptomen p\u00e5 medlets verkan (gulf\u00e4rgning och vissnande) blir synliga 7-10 dagar efter appliceringen. Efter 2-3 veckor intr\u00e4ffar fullst\u00e4ndig v\u00e4xtd\u00f6d. Faktorer som h\u00f6g temperatur, luftfuktighet och starkt solljus p\u00e5skyndar medlets verkan.   <\/p>\n<h4>Aktiv substans:<\/h4>\n<ul>\n<li>glyfosat (en f\u00f6rening fr\u00e5n aminofosfonatgruppen) &#8211; 360 g\/l (30,9 %)<\/li>\n<\/ul>\n<h4>Agrosar 360 SL anv\u00e4nds f\u00f6r ogr\u00e4sbek\u00e4mpning<\/h4>\n<ul>\n<li>h\u00f6straps, h\u00f6stvete, \u00e4ppeltr\u00e4d, krusb\u00e4r, aronia, svarta, r\u00f6da och vita vinb\u00e4r, p\u00e4ron, persikor, k\u00f6rsb\u00e4r, aprikoser, plommon, k\u00f6rsb\u00e4r<\/li>\n<li>skogsplantskolor &#8211; plantor av barr- och l\u00f6vtr\u00e4d<\/li>\n<li>f\u00f6ryngring, skogsplantering &#8211; tall, skogsarter av l\u00f6vtr\u00e4d<\/li>\n<li>Tr\u00e4dg\u00e5rdar och tomter<\/li>\n<\/ul>\n<h4>Agrosar 360 SL &#8211; ogr\u00e4sbek\u00e4mpning:<\/h4>\n<p>vitm\u00e5ra, vit g\u00e5s\u00f6rt, f\u00e4ltvallmo, doftl\u00f6s majviva, kanadensisk emmer, v\u00e4ddklint (syn. v\u00e4ddklint), k\u00e4rrfibbla, k\u00e4rrfibbla, \u00e4ngsv\u00e4dd, f\u00e4ltviol, \u00e4ngsskallra, kl\u00f6ver, styvmorsviol, vanlig groblad, vanlig groblad, bl\u00e5klint, f\u00e4ltsenap, n\u00e5l\u00f6rt, purpurbr\u00e4cka, vitkl\u00f6ver, tussilago, kanadagullris, vildhavre, blodrot, gr\u00f6nkulla, vanlig kamomill, vanlig stinkn\u00e4va, grov amarant, stumpd\u00e5n, \u00e4ngssyra, gul oxalis, \u00e5kerbr\u00e4ken, gr\u00f6nfibbla, f\u00e5gelvicker, smalbladig vicker, \u00e5kermj\u00f6lke, maskros, hund\u00e4xing, trebladig johannes\u00f6rt, kn\u00f6lsm\u00f6rblomma, horn\u00f6rt, \u00e5kersyra, liten storrams, r\u00f6d storrams, stor bl\u00e5klocka, krypande sm\u00f6rblomma, \u00e5kerkl\u00f6ver, r\u00f6lleka, \u00e5kertistel, jordtistel, br\u00e4nn\u00e4ssla, \u00e5kerbinda, persisk stormhatt, k\u00f6rvelvicker.<\/p>\n<h4>Agrosar 360 SL anst\u00e5ndstid:<\/h4>\n<p>\u00c4pple, krusb\u00e4r, aronia, svarta vinb\u00e4r, r\u00f6da vinb\u00e4r, vita vinb\u00e4r, p\u00e4ron, persika, k\u00f6rsb\u00e4r, aprikos, plommon, surk\u00f6rsb\u00e4r &#8211; 7 dagar<\/p>\n<p>V\u00e4xtskyddsmedel ska anv\u00e4ndas p\u00e5 ett s\u00e4kert s\u00e4tt. L\u00e4s etiketten och produktbeskrivningen f\u00f6re anv\u00e4ndning. V\u00e4xtskyddsmedel f\u00f6r yrkesm\u00e4ssig anv\u00e4ndning f\u00e5r endast k\u00f6pas av vuxna personer och personer med de kvalifikationer som kr\u00e4vs f\u00f6r k\u00f6pare av v\u00e4xtskyddsmedel, enligt definitionen i lagen om v\u00e4xtskyddsmedel. Underl\u00e5tenhet att uppfylla dessa krav utg\u00f6r en \u00f6vertr\u00e4delse av butikens f\u00f6reskrifter.  <\/p>\n<p class=\"p1\"><strong>Etikett: <\/strong><a title=\"Agrosar 360 SL\" href=\"https:\/\/gardenersfriend.eu\/wp-content\/uploads\/2026\/02\/etykieta_agrosar_360_sl_SE.pdf\" target=\"_blank\" rel=\"noopener\">Agrosar 360 SL_SE<\/a><\/p>\n<p class=\"p1\"><strong>Producent webbplats:<\/strong> <a title=\"Qemetica Sida\" href=\"https:\/\/qemetica-agro.pl\/pl\" target=\"_blank\" rel=\"noopener\">Qemetica<\/a><\/p>\n<p><strong>Annan herbicid: <\/strong><a href=\"https:\/\/gardenersfriend.eu\/sv\/product-category\/alla-produkter\/herbicid\/\">Herbicid<\/a><\/p>\n<h5 style=\"color: #bcbcbc;\">Legal Information<\/h5>\n<p style=\"color: #bcbcbc;\">\nHints! Use pesticides carefully. \nBefore use read the label and product information.\nUse by non-professional users permitted.\nException: The buyer from Belgium declares that\nat the time of purchase he has full legal capacity\nand has the appropriate qualifications required from\npersons purchasing plant protection products.\n\nPursuant to Art. 28 of the Act of March 8, 2013 on plant protection products (Journal of Laws 2020, item 2097), from November 26, 2015, plant protection products intended for professional users may be sold to people who:\n\nPoint 1 - have completed training in the use of plant protection products in the Republic of Poland confirmed by a certificate of completion of this training, or\n\nPoint 2 - have completed training in advising on plant protection products in the Republic of Poland confirmed by a certificate of completion of this training, or\n\nPoint 3 - have completed training in integrated crop production confirmed by a certificate of completion of this training, or\n\nPoint 4 - not earlier than 5 years, prior to the purchase of these funds, have completed the training required from professional users in another Member State of the European Union or in a country being a party to the Agreement on the European Economic Area, on the basis of the provisions in force in that country, confirmed by a document of completion of this training, or they have presented another document issued under the regulations in force in that country, confirming that they obtained authorization to purchase plant protection products intended for professional users.\n\nImportent!\n\nOnly people over 18 years of age can use plant protection products.\n\nPlant protection products should be used safely.\n\nBefore each use, read the information provided on the label and product information.\n\n\n<\/p>\n","protected":false},"excerpt":{"rendered":"<p>D\u00f6da ogr\u00e4s snabbt med Agrosar 360 SL Glyfosat Herbicid. Effektivt mot sv\u00e5ra ogr\u00e4s, inklusive kvickrot och \u00e5kervallmo, med synliga resultat inom n\u00e5gra dagar. <\/p>\n","protected":false},"featured_media":7932,"comment_status":"open","ping_status":"closed","template":"","meta":{"_uag_custom_page_level_css":"","site-sidebar-layout":"default","site-content-layout":"","ast-site-content-layout":"default","site-content-style":"default","site-sidebar-style":"default","ast-global-header-display":"","ast-banner-title-visibility":"","ast-main-header-display":"","ast-hfb-above-header-display":"","ast-hfb-below-header-display":"","ast-hfb-mobile-header-display":"","site-post-title":"","ast-breadcrumbs-content":"","ast-featured-img":"","footer-sml-layout":"","ast-disable-related-posts":"","theme-transparent-header-meta":"default","adv-header-id-meta":"","stick-header-meta":"","header-above-stick-meta":"","header-main-stick-meta":"","header-below-stick-meta":"","astra-migrate-meta-layouts":"default","ast-page-background-enabled":"default","ast-page-background-meta":{"desktop":{"background-color":"var(--ast-global-color-4)","background-image":"","background-repeat":"repeat","background-position":"center center","background-size":"auto","background-attachment":"scroll","background-type":"","background-media":"","overlay-type":"","overlay-color":"","overlay-opacity":"","overlay-gradient":""},"tablet":{"background-color":"","background-image":"","background-repeat":"repeat","background-position":"center center","background-size":"auto","background-attachment":"scroll","background-type":"","background-media":"","overlay-type":"","overlay-color":"","overlay-opacity":"","overlay-gradient":""},"mobile":{"background-color":"","background-image":"","background-repeat":"repeat","background-position":"center center","background-size":"auto","background-attachment":"scroll","background-type":"","background-media":"","overlay-type":"","overlay-color":"","overlay-opacity":"","overlay-gradient":""}},"ast-content-background-meta":{"desktop":{"background-color":"var(--ast-global-color-5)","background-image":"","background-repeat":"repeat","background-position":"center center","background-size":"auto","background-attachment":"scroll","background-type":"","background-media":"","overlay-type":"","overlay-color":"","overlay-opacity":"","overlay-gradient":""},"tablet":{"background-color":"var(--ast-global-color-5)","background-image":"","background-repeat":"repeat","background-position":"center center","background-size":"auto","background-attachment":"scroll","background-type":"","background-media":"","overlay-type":"","overlay-color":"","overlay-opacity":"","overlay-gradient":""},"mobile":{"background-color":"var(--ast-global-color-5)","background-image":"","background-repeat":"repeat","background-position":"center center","background-size":"auto","background-attachment":"scroll","background-type":"","background-media":"","overlay-type":"","overlay-color":"","overlay-opacity":"","overlay-gradient":""}}},"product_brand":[],"product_cat":[91,182],"product_tag":[],"class_list":{"0":"post-8008","1":"product","2":"type-product","3":"status-publish","4":"has-post-thumbnail","6":"product_cat-alla-produkter","7":"product_cat-herbicid","8":"desktop-align-left","9":"tablet-align-left","10":"mobile-align-left","12":"first","13":"instock","14":"taxable","15":"shipping-taxable","16":"purchasable","17":"product-type-variable","18":"has-default-attributes"},"yoast_head":"<!-- This site is optimized with the Yoast SEO plugin v27.4 - https:\/\/yoast.com\/product\/yoast-seo-wordpress\/ -->\n<title>Agrosar 360 SL Glyfosat Herbicid - Gardeners Friend<\/title>\n<meta name=\"description\" content=\"D\u00f6da ogr\u00e4s snabbt med Agrosar 360 SL Glyfosat Herbicid. Effektivt mot sv\u00e5ra ogr\u00e4s, inklusive kvickrot och \u00e5kervallmo, med synliga resultat inom n\u00e5gra dagar.\" \/>\n<meta name=\"robots\" content=\"index, follow, max-snippet:-1, max-image-preview:large, max-video-preview:-1\" \/>\n<link rel=\"canonical\" href=\"https:\/\/gardenersfriend.eu\/sv\/produkt\/agrosar-360-sl-glyfosat-herbicid\/\" \/>\n<meta property=\"og:locale\" content=\"sv_SE\" \/>\n<meta property=\"og:type\" content=\"article\" \/>\n<meta property=\"og:title\" content=\"Agrosar 360 SL Glyfosat Herbicid - Gardeners Friend\" \/>\n<meta property=\"og:description\" content=\"D\u00f6da ogr\u00e4s snabbt med Agrosar 360 SL Glyfosat Herbicid. Effektivt mot sv\u00e5ra ogr\u00e4s, inklusive kvickrot och \u00e5kervallmo, med synliga resultat inom n\u00e5gra dagar.\" \/>\n<meta property=\"og:url\" content=\"https:\/\/gardenersfriend.eu\/sv\/produkt\/agrosar-360-sl-glyfosat-herbicid\/\" \/>\n<meta property=\"og:site_name\" content=\"Gardeners Friend\" \/>\n<meta property=\"article:publisher\" content=\"https:\/\/www.facebook.com\/people\/Gardeners-Friend-Store\/61566268054378\/\" \/>\n<meta property=\"article:modified_time\" content=\"2026-03-19T20:18:33+00:00\" \/>\n<meta property=\"og:image\" content=\"https:\/\/gardenersfriend.eu\/wp-content\/uploads\/2025\/10\/AGROSAR_360_SL_1L_glifosat.jpg.webp\" \/>\n\t<meta property=\"og:image:width\" content=\"1200\" \/>\n\t<meta property=\"og:image:height\" content=\"1200\" \/>\n\t<meta property=\"og:image:type\" content=\"image\/webp\" \/>\n<meta name=\"twitter:card\" content=\"summary_large_image\" \/>\n<meta name=\"twitter:label1\" content=\"Ber\u00e4knad l\u00e4stid\" \/>\n\t<meta name=\"twitter:data1\" content=\"2 minuter\" \/>\n<script type=\"application\/ld+json\" class=\"yoast-schema-graph\">{\"@context\":\"https:\\\/\\\/schema.org\",\"@graph\":[{\"@type\":\"WebPage\",\"@id\":\"https:\\\/\\\/gardenersfriend.eu\\\/sv\\\/produkt\\\/agrosar-360-sl-glyfosat-herbicid\\\/\",\"url\":\"https:\\\/\\\/gardenersfriend.eu\\\/sv\\\/produkt\\\/agrosar-360-sl-glyfosat-herbicid\\\/\",\"name\":\"Agrosar 360 SL Glyfosat Herbicid - Gardeners Friend\",\"isPartOf\":{\"@id\":\"https:\\\/\\\/gardenersfriend.eu\\\/sv\\\/#website\"},\"primaryImageOfPage\":{\"@id\":\"https:\\\/\\\/gardenersfriend.eu\\\/sv\\\/produkt\\\/agrosar-360-sl-glyfosat-herbicid\\\/#primaryimage\"},\"image\":{\"@id\":\"https:\\\/\\\/gardenersfriend.eu\\\/sv\\\/produkt\\\/agrosar-360-sl-glyfosat-herbicid\\\/#primaryimage\"},\"thumbnailUrl\":\"https:\\\/\\\/gardenersfriend.eu\\\/wp-content\\\/uploads\\\/2025\\\/10\\\/AGROSAR_360_SL_1L_glifosat.jpg.webp\",\"datePublished\":\"2025-10-28T01:15:40+00:00\",\"dateModified\":\"2026-03-19T20:18:33+00:00\",\"description\":\"D\u00f6da ogr\u00e4s snabbt med Agrosar 360 SL Glyfosat Herbicid. Effektivt mot sv\u00e5ra ogr\u00e4s, inklusive kvickrot och \u00e5kervallmo, med synliga resultat inom n\u00e5gra dagar.\",\"breadcrumb\":{\"@id\":\"https:\\\/\\\/gardenersfriend.eu\\\/sv\\\/produkt\\\/agrosar-360-sl-glyfosat-herbicid\\\/#breadcrumb\"},\"inLanguage\":\"sv-SE\",\"potentialAction\":[{\"@type\":\"ReadAction\",\"target\":[\"https:\\\/\\\/gardenersfriend.eu\\\/sv\\\/produkt\\\/agrosar-360-sl-glyfosat-herbicid\\\/\"]}]},{\"@type\":\"ImageObject\",\"inLanguage\":\"sv-SE\",\"@id\":\"https:\\\/\\\/gardenersfriend.eu\\\/sv\\\/produkt\\\/agrosar-360-sl-glyfosat-herbicid\\\/#primaryimage\",\"url\":\"https:\\\/\\\/gardenersfriend.eu\\\/wp-content\\\/uploads\\\/2025\\\/10\\\/AGROSAR_360_SL_1L_glifosat.jpg.webp\",\"contentUrl\":\"https:\\\/\\\/gardenersfriend.eu\\\/wp-content\\\/uploads\\\/2025\\\/10\\\/AGROSAR_360_SL_1L_glifosat.jpg.webp\",\"width\":1200,\"height\":1200,\"caption\":\"AGROSAR 360 SL 1L\"},{\"@type\":\"BreadcrumbList\",\"@id\":\"https:\\\/\\\/gardenersfriend.eu\\\/sv\\\/produkt\\\/agrosar-360-sl-glyfosat-herbicid\\\/#breadcrumb\",\"itemListElement\":[{\"@type\":\"ListItem\",\"position\":1,\"name\":\"Strona g\u0142\u00f3wna\",\"item\":\"https:\\\/\\\/gardenersfriend.eu\\\/sv\\\/\"},{\"@type\":\"ListItem\",\"position\":2,\"name\":\"Butik\",\"item\":\"https:\\\/\\\/gardenersfriend.eu\\\/shop\\\/\"},{\"@type\":\"ListItem\",\"position\":3,\"name\":\"Agrosar 360 SL Glyfosat Herbicid\"}]},{\"@type\":\"WebSite\",\"@id\":\"https:\\\/\\\/gardenersfriend.eu\\\/sv\\\/#website\",\"url\":\"https:\\\/\\\/gardenersfriend.eu\\\/sv\\\/\",\"name\":\"Gardeners Friend\",\"description\":\"herbicides, fertilisers, roundup\",\"publisher\":{\"@id\":\"https:\\\/\\\/gardenersfriend.eu\\\/sv\\\/#organization\"},\"potentialAction\":[{\"@type\":\"SearchAction\",\"target\":{\"@type\":\"EntryPoint\",\"urlTemplate\":\"https:\\\/\\\/gardenersfriend.eu\\\/sv\\\/?s={search_term_string}\"},\"query-input\":{\"@type\":\"PropertyValueSpecification\",\"valueRequired\":true,\"valueName\":\"search_term_string\"}}],\"inLanguage\":\"sv-SE\"},{\"@type\":\"Organization\",\"@id\":\"https:\\\/\\\/gardenersfriend.eu\\\/sv\\\/#organization\",\"name\":\"Gardeners Friend\",\"url\":\"https:\\\/\\\/gardenersfriend.eu\\\/sv\\\/\",\"logo\":{\"@type\":\"ImageObject\",\"inLanguage\":\"sv-SE\",\"@id\":\"https:\\\/\\\/gardenersfriend.eu\\\/sv\\\/#\\\/schema\\\/logo\\\/image\\\/\",\"url\":\"https:\\\/\\\/gardenersfriend.eu\\\/wp-content\\\/uploads\\\/2025\\\/09\\\/gf_accepted_big_logo.png\",\"contentUrl\":\"https:\\\/\\\/gardenersfriend.eu\\\/wp-content\\\/uploads\\\/2025\\\/09\\\/gf_accepted_big_logo.png\",\"width\":2000,\"height\":1000,\"caption\":\"Gardeners Friend\"},\"image\":{\"@id\":\"https:\\\/\\\/gardenersfriend.eu\\\/sv\\\/#\\\/schema\\\/logo\\\/image\\\/\"},\"sameAs\":[\"https:\\\/\\\/www.facebook.com\\\/people\\\/Gardeners-Friend-Store\\\/61566268054378\\\/\",\"https:\\\/\\\/www.instagram.com\\\/gardeners_friend_store\\\/\"]}]}<\/script>\n<!-- \/ Yoast SEO plugin. -->","yoast_head_json":{"title":"Agrosar 360 SL Glyfosat Herbicid - Gardeners Friend","description":"D\u00f6da ogr\u00e4s snabbt med Agrosar 360 SL Glyfosat Herbicid. Effektivt mot sv\u00e5ra ogr\u00e4s, inklusive kvickrot och \u00e5kervallmo, med synliga resultat inom n\u00e5gra dagar.","robots":{"index":"index","follow":"follow","max-snippet":"max-snippet:-1","max-image-preview":"max-image-preview:large","max-video-preview":"max-video-preview:-1"},"canonical":"https:\/\/gardenersfriend.eu\/sv\/produkt\/agrosar-360-sl-glyfosat-herbicid\/","og_locale":"sv_SE","og_type":"article","og_title":"Agrosar 360 SL Glyfosat Herbicid - Gardeners Friend","og_description":"D\u00f6da ogr\u00e4s snabbt med Agrosar 360 SL Glyfosat Herbicid. Effektivt mot sv\u00e5ra ogr\u00e4s, inklusive kvickrot och \u00e5kervallmo, med synliga resultat inom n\u00e5gra dagar.","og_url":"https:\/\/gardenersfriend.eu\/sv\/produkt\/agrosar-360-sl-glyfosat-herbicid\/","og_site_name":"Gardeners Friend","article_publisher":"https:\/\/www.facebook.com\/people\/Gardeners-Friend-Store\/61566268054378\/","article_modified_time":"2026-03-19T20:18:33+00:00","og_image":[{"width":1200,"height":1200,"url":"https:\/\/gardenersfriend.eu\/wp-content\/uploads\/2025\/10\/AGROSAR_360_SL_1L_glifosat.jpg.webp","type":"image\/webp"}],"twitter_card":"summary_large_image","twitter_misc":{"Ber\u00e4knad l\u00e4stid":"2 minuter"},"schema":{"@context":"https:\/\/schema.org","@graph":[{"@type":"WebPage","@id":"https:\/\/gardenersfriend.eu\/sv\/produkt\/agrosar-360-sl-glyfosat-herbicid\/","url":"https:\/\/gardenersfriend.eu\/sv\/produkt\/agrosar-360-sl-glyfosat-herbicid\/","name":"Agrosar 360 SL Glyfosat Herbicid - Gardeners Friend","isPartOf":{"@id":"https:\/\/gardenersfriend.eu\/sv\/#website"},"primaryImageOfPage":{"@id":"https:\/\/gardenersfriend.eu\/sv\/produkt\/agrosar-360-sl-glyfosat-herbicid\/#primaryimage"},"image":{"@id":"https:\/\/gardenersfriend.eu\/sv\/produkt\/agrosar-360-sl-glyfosat-herbicid\/#primaryimage"},"thumbnailUrl":"https:\/\/gardenersfriend.eu\/wp-content\/uploads\/2025\/10\/AGROSAR_360_SL_1L_glifosat.jpg.webp","datePublished":"2025-10-28T01:15:40+00:00","dateModified":"2026-03-19T20:18:33+00:00","description":"D\u00f6da ogr\u00e4s snabbt med Agrosar 360 SL Glyfosat Herbicid. Effektivt mot sv\u00e5ra ogr\u00e4s, inklusive kvickrot och \u00e5kervallmo, med synliga resultat inom n\u00e5gra dagar.","breadcrumb":{"@id":"https:\/\/gardenersfriend.eu\/sv\/produkt\/agrosar-360-sl-glyfosat-herbicid\/#breadcrumb"},"inLanguage":"sv-SE","potentialAction":[{"@type":"ReadAction","target":["https:\/\/gardenersfriend.eu\/sv\/produkt\/agrosar-360-sl-glyfosat-herbicid\/"]}]},{"@type":"ImageObject","inLanguage":"sv-SE","@id":"https:\/\/gardenersfriend.eu\/sv\/produkt\/agrosar-360-sl-glyfosat-herbicid\/#primaryimage","url":"https:\/\/gardenersfriend.eu\/wp-content\/uploads\/2025\/10\/AGROSAR_360_SL_1L_glifosat.jpg.webp","contentUrl":"https:\/\/gardenersfriend.eu\/wp-content\/uploads\/2025\/10\/AGROSAR_360_SL_1L_glifosat.jpg.webp","width":1200,"height":1200,"caption":"AGROSAR 360 SL 1L"},{"@type":"BreadcrumbList","@id":"https:\/\/gardenersfriend.eu\/sv\/produkt\/agrosar-360-sl-glyfosat-herbicid\/#breadcrumb","itemListElement":[{"@type":"ListItem","position":1,"name":"Strona g\u0142\u00f3wna","item":"https:\/\/gardenersfriend.eu\/sv\/"},{"@type":"ListItem","position":2,"name":"Butik","item":"https:\/\/gardenersfriend.eu\/shop\/"},{"@type":"ListItem","position":3,"name":"Agrosar 360 SL Glyfosat Herbicid"}]},{"@type":"WebSite","@id":"https:\/\/gardenersfriend.eu\/sv\/#website","url":"https:\/\/gardenersfriend.eu\/sv\/","name":"Gardeners Friend","description":"herbicides, fertilisers, roundup","publisher":{"@id":"https:\/\/gardenersfriend.eu\/sv\/#organization"},"potentialAction":[{"@type":"SearchAction","target":{"@type":"EntryPoint","urlTemplate":"https:\/\/gardenersfriend.eu\/sv\/?s={search_term_string}"},"query-input":{"@type":"PropertyValueSpecification","valueRequired":true,"valueName":"search_term_string"}}],"inLanguage":"sv-SE"},{"@type":"Organization","@id":"https:\/\/gardenersfriend.eu\/sv\/#organization","name":"Gardeners Friend","url":"https:\/\/gardenersfriend.eu\/sv\/","logo":{"@type":"ImageObject","inLanguage":"sv-SE","@id":"https:\/\/gardenersfriend.eu\/sv\/#\/schema\/logo\/image\/","url":"https:\/\/gardenersfriend.eu\/wp-content\/uploads\/2025\/09\/gf_accepted_big_logo.png","contentUrl":"https:\/\/gardenersfriend.eu\/wp-content\/uploads\/2025\/09\/gf_accepted_big_logo.png","width":2000,"height":1000,"caption":"Gardeners Friend"},"image":{"@id":"https:\/\/gardenersfriend.eu\/sv\/#\/schema\/logo\/image\/"},"sameAs":["https:\/\/www.facebook.com\/people\/Gardeners-Friend-Store\/61566268054378\/","https:\/\/www.instagram.com\/gardeners_friend_store\/"]}]}},"uagb_featured_image_src":{"full":["https:\/\/gardenersfriend.eu\/wp-content\/uploads\/2025\/10\/AGROSAR_360_SL_1L_glifosat.jpg.webp",1200,1200,false],"thumbnail":["https:\/\/gardenersfriend.eu\/wp-content\/uploads\/2025\/10\/AGROSAR_360_SL_1L_glifosat.jpg-150x150.webp",150,150,true],"medium":["https:\/\/gardenersfriend.eu\/wp-content\/uploads\/2025\/10\/AGROSAR_360_SL_1L_glifosat.jpg-300x300.webp",300,300,true],"medium_large":["https:\/\/gardenersfriend.eu\/wp-content\/uploads\/2025\/10\/AGROSAR_360_SL_1L_glifosat.jpg-768x768.webp",768,768,true],"large":["https:\/\/gardenersfriend.eu\/wp-content\/uploads\/2025\/10\/AGROSAR_360_SL_1L_glifosat.jpg-1024x1024.webp",1024,1024,true],"1536x1536":["https:\/\/gardenersfriend.eu\/wp-content\/uploads\/2025\/10\/AGROSAR_360_SL_1L_glifosat.jpg.webp",1200,1200,false],"2048x2048":["https:\/\/gardenersfriend.eu\/wp-content\/uploads\/2025\/10\/AGROSAR_360_SL_1L_glifosat.jpg.webp",1200,1200,false],"woocommerce_thumbnail":["https:\/\/gardenersfriend.eu\/wp-content\/uploads\/2025\/10\/AGROSAR_360_SL_1L_glifosat.jpg-300x300.webp",300,300,true],"woocommerce_single":["https:\/\/gardenersfriend.eu\/wp-content\/uploads\/2025\/10\/AGROSAR_360_SL_1L_glifosat.jpg-600x600.webp",600,600,true],"woocommerce_gallery_thumbnail":["https:\/\/gardenersfriend.eu\/wp-content\/uploads\/2025\/10\/AGROSAR_360_SL_1L_glifosat.jpg-100x100.webp",100,100,true]},"uagb_author_info":{"display_name":"admin","author_link":"https:\/\/gardenersfriend.eu\/sv\/author\/"},"uagb_comment_info":0,"uagb_excerpt":"D\u00f6da ogr\u00e4s snabbt med Agrosar 360 SL Glyfosat Herbicid. Effektivt mot sv\u00e5ra ogr\u00e4s, inklusive kvickrot och \u00e5kervallmo, med synliga resultat inom n\u00e5gra dagar.","jetpack_sharing_enabled":true,"_links":{"self":[{"href":"https:\/\/gardenersfriend.eu\/sv\/wp-json\/wp\/v2\/product\/8008","targetHints":{"allow":["GET"]}}],"collection":[{"href":"https:\/\/gardenersfriend.eu\/sv\/wp-json\/wp\/v2\/product"}],"about":[{"href":"https:\/\/gardenersfriend.eu\/sv\/wp-json\/wp\/v2\/types\/product"}],"replies":[{"embeddable":true,"href":"https:\/\/gardenersfriend.eu\/sv\/wp-json\/wp\/v2\/comments?post=8008"}],"wp:featuredmedia":[{"embeddable":true,"href":"https:\/\/gardenersfriend.eu\/sv\/wp-json\/wp\/v2\/media\/7932"}],"wp:attachment":[{"href":"https:\/\/gardenersfriend.eu\/sv\/wp-json\/wp\/v2\/media?parent=8008"}],"wp:term":[{"taxonomy":"product_brand","embeddable":true,"href":"https:\/\/gardenersfriend.eu\/sv\/wp-json\/wp\/v2\/product_brand?post=8008"},{"taxonomy":"product_cat","embeddable":true,"href":"https:\/\/gardenersfriend.eu\/sv\/wp-json\/wp\/v2\/product_cat?post=8008"},{"taxonomy":"product_tag","embeddable":true,"href":"https:\/\/gardenersfriend.eu\/sv\/wp-json\/wp\/v2\/product_tag?post=8008"}],"curies":[{"name":"wp","href":"https:\/\/api.w.org\/{rel}","templated":true}]}}