{"id":8542,"date":"2026-01-21T10:12:17","date_gmt":"2026-01-21T09:12:17","guid":{"rendered":"https:\/\/gardenersfriend.eu\/product\/gallup-special-360-sl\/"},"modified":"2026-04-23T15:18:14","modified_gmt":"2026-04-23T13:18:14","slug":"gallup-special-360-sl","status":"publish","type":"product","link":"https:\/\/gardenersfriend.eu\/sv\/produkt\/gallup-special-360-sl\/","title":{"rendered":"Gallup Special 360 SL"},"content":{"rendered":"<h2 class=\"p1\">Gallup Special 360 SL<\/h2>\n<p class=\"p1\">Gallup Special 360 \u00e4r en selektiv herbicid med systemisk verkan i form av ett koncentrat som bek\u00e4mpar alla gr\u00f6na v\u00e4xter.<\/p>\n<p class=\"p1\"><strong>Gallup Special<\/strong> \u00e4r en selektiv herbicid med systemisk verkan som appliceras p\u00e5 blad i form av ett koncentrat till vattenl\u00f6sning (SL). Enligt HRAC:s klassificering tillh\u00f6r den aktiva ingrediensen glyfosat grupp 9, som \u00e4r ett nyckelenzym i shikiminsyrans metaboliska v\u00e4g som \u00e4r involverad i biosyntesen av aromatiska aminosyror. I v\u00e4xten h\u00e4mmar det syntesen av proteiner som \u00e4r viktiga f\u00f6r v\u00e4xtens tillv\u00e4xt. Gallup Special 360 SL appliceras efter sk\u00f6rd, f\u00f6re odling efter sk\u00f6rd, i \u00e4ppelodlingar och i oanv\u00e4nda omr\u00e5den. Produkten \u00e4r avsedd att anv\u00e4ndas med sj\u00e4lvg\u00e5ende eller traktormonterade f\u00e4ltsprutor och handh\u00e5llna sprutor. De f\u00f6rsta symptomen p\u00e5 produktens verkan (gulf\u00e4rgning och vissnande) syns 7-10 dagar efter applicering. Fullst\u00e4ndig v\u00e4xtd\u00f6d intr\u00e4ffar efter cirka 3 veckor. H\u00f6g temperatur, luftfuktighet och starkt solljus p\u00e5skyndar effekten av produkten.       <\/p>\n<p class=\"p1\">N\u00e4r man anv\u00e4nder en glyfosatbaserad produkt \u00e4r det v\u00e4rt att t\u00e4nka p\u00e5 de l\u00e5ngsiktiga effekterna av behandlingen. AS Premium, ett s\u00e4rskilt glyfosatadjuvans, minskar ogr\u00e4sets \u00e5terv\u00e4xt avsev\u00e4rt. Produkten f\u00f6rb\u00e4ttrar den aktiva ingrediensens penetration och transport in i v\u00e4xterna.<br \/>\n<strong>AS Premium uppvisar vattenkonditionerande egenskaper genom att:<\/strong><\/p>\n<ul>\n<li>p\u00e5verkan p\u00e5 \u00f6kad droppadhesion,<\/li>\n<li>v\u00e4tningsegenskaper,<\/li>\n<li>minska vattnets h\u00e5rdhet,<\/li>\n<li>reglering av sprutv\u00e4tskans pH-v\u00e4rde<\/li>\n<\/ul>\n<h3>Inneh\u00e5ll av aktiva substanser i v\u00e4xtskyddsmedlet Gallup Special 360 SL:<\/h3>\n<ul>\n<li>glyfosat (en f\u00f6rening fr\u00e5n aminofosfonatgruppen) &#8211; 360 g\/l (31 %) i form av isopropylaminsalt.<\/li>\n<\/ul>\n<h3>F\u00f6rdelar med att anv\u00e4nda Gallup Special spraying:<\/h3>\n<ul>\n<li>Mycket effektiv,<\/li>\n<li>snabba \u00e5tg\u00e4rder,<\/li>\n<li>det b\u00e4sta s\u00e4ttet att bek\u00e4mpa ogr\u00e4s,<\/li>\n<li>f\u00f6rst\u00f6r alla ett- och fler\u00e5riga ogr\u00e4sarter, inklusive det mycket besv\u00e4rliga kvickroten,<\/li>\n<li>Effektivt avskaffande av tr\u00e4da och obrukad mark,<\/li>\n<li>enkelt och brett anv\u00e4ndningsomr\u00e5de<\/li>\n<\/ul>\n<h3>Gallup Special &#8211; vilka ogr\u00e4s fungerar den p\u00e5?<\/h3>\n<p>Enligt HRAC:s klassificering klassificeras den aktiva ingrediensen glyfosat som grupp 9, ett nyckelenzym i shikiminsyrans metaboliska v\u00e4g som \u00e4r involverad i biosyntesen av aromatiska aminosyror. I v\u00e4xten h\u00e4mmar det syntesen av proteiner som \u00e4r viktiga f\u00f6r v\u00e4xtens tillv\u00e4xt. Medlet absorberas av v\u00e4xtens gr\u00f6na delar (blad, gr\u00f6na skott och bark som inte \u00e4r vedartad), f\u00f6rflyttar sig sedan genom v\u00e4xten och n\u00e5r dess underjordiska delar (r\u00f6tter, stoloner etc.) och orsakar deras d\u00f6d. De f\u00f6rsta symptomen p\u00e5 medlets verkan (gulf\u00e4rgning och vissnande) \u00e4r synliga 7-10 dagar efter appliceringen. Fullst\u00e4ndig v\u00e4xtd\u00f6d intr\u00e4ffar efter cirka 3 veckor. H\u00f6g temperatur och luftfuktighet samt starkt solljus p\u00e5skyndar medlets verkan.     <\/p>\n<p class=\"p1\"><strong>Etikett: <\/strong><a title=\"Gallup Special 360 SL\" href=\"https:\/\/gardenersfriend.eu\/wp-content\/uploads\/2026\/02\/Gallup_Special_360_SV.pdf\" target=\"_blank\" rel=\"noopener\">Gallup Special 360 SL_SV<\/a><\/p>\n<p class=\"p1\"><strong>Producent webbplats:<\/strong> <a title=\"Barclay V\u00e4xtskydd\" href=\"https:\/\/www.barclay.ie\/\" target=\"_blank\" rel=\"noopener\">Barclay v\u00e4xtskydd<\/a><\/p>\n\n<h5>Juridisk information<\/h5>\n<p>\nTips! Anv\u00e4nd bek\u00e4mpningsmedel f\u00f6rsiktigt. L\u00e4s etiketten och produktinformationen f\u00f6re anv\u00e4ndning. Anv\u00e4ndning av icke-professionella anv\u00e4ndare till\u00e5ten. Undantag: K\u00f6paren fr\u00e5n Belgien f\u00f6rs\u00e4krar att han\nvid k\u00f6ptillf\u00e4llet har full r\u00e4ttshandlingsf\u00f6rm\u00e5ga\noch har de l\u00e4mpliga kvalifikationer som kr\u00e4vs av\npersoner som k\u00f6per v\u00e4xtskyddsmedel.\n\nEnligt art. 28 i lagen av den 8 mars 2013 om v\u00e4xtskyddsmedel (Juridik 2020, punkt 2097), fr\u00e5n och med den 26 november 2015 f\u00e5r v\u00e4xtskyddsmedel avsedda f\u00f6r professionella anv\u00e4ndare s\u00e4ljas till personer som:\n\nPunkt 1 - har genomg\u00e5tt utbildning i anv\u00e4ndning av v\u00e4xtskyddsmedel i Republiken Polen, bekr\u00e4ftad med ett intyg om fullbordad utbildning, eller\n\nPunkt 2 - har genomg\u00e5tt utbildning i r\u00e5dgivning om v\u00e4xtskyddsmedel i Republiken Polen, bekr\u00e4ftad med ett intyg om fullbordad utbildning, eller\n\nPunkt 3 - har genomg\u00e5tt utbildning i integrerad gr\u00f6doproduktion, bekr\u00e4ftad med ett intyg om fullbordad utbildning, eller\n\nPunkt 4 - tidigast 5 \u00e5r, f\u00f6re k\u00f6pet av dessa medel, har genomg\u00e5tt den utbildning som kr\u00e4vs av professionella anv\u00e4ndare i en annan medlemsstat i Europeiska unionen eller i ett land som \u00e4r part i avtalet om Europeiska ekonomiska samarbetsomr\u00e5det, p\u00e5 grundval av de best\u00e4mmelser som g\u00e4ller i det landet, bekr\u00e4ftad med ett dokument om fullbordad utbildning, eller de har uppvisat ett annat dokument som utf\u00e4rdats enligt de best\u00e4mmelser som g\u00e4ller i det landet, vilket bekr\u00e4ftar att de har f\u00e5tt tillst\u00e5nd att k\u00f6pa v\u00e4xtskyddsmedel avsedda f\u00f6r professionella anv\u00e4ndare.\n\nViktigt!\nEndast personer \u00f6ver 18 \u00e5r f\u00e5r anv\u00e4nda v\u00e4xtskyddsmedel.\nV\u00e4xtskyddsmedel ska anv\u00e4ndas p\u00e5 ett s\u00e4kert s\u00e4tt. L\u00e4s informationen p\u00e5 etiketten och produktinformationen f\u00f6re varje anv\u00e4ndning.\n<\/p>\n","protected":false},"excerpt":{"rendered":"<p>Gallup Special 360 SL Selektiv herbicid med systemisk verkan i form av ett koncentrat som bek\u00e4mpar alla gr\u00f6na v\u00e4xter.<\/p>\n","protected":false},"featured_media":8416,"comment_status":"open","ping_status":"closed","template":"","meta":{"_uag_custom_page_level_css":"","site-sidebar-layout":"default","site-content-layout":"","ast-site-content-layout":"default","site-content-style":"default","site-sidebar-style":"default","ast-global-header-display":"","ast-banner-title-visibility":"","ast-main-header-display":"","ast-hfb-above-header-display":"","ast-hfb-below-header-display":"","ast-hfb-mobile-header-display":"","site-post-title":"","ast-breadcrumbs-content":"","ast-featured-img":"","footer-sml-layout":"","ast-disable-related-posts":"","theme-transparent-header-meta":"default","adv-header-id-meta":"","stick-header-meta":"","header-above-stick-meta":"","header-main-stick-meta":"","header-below-stick-meta":"","astra-migrate-meta-layouts":"default","ast-page-background-enabled":"default","ast-page-background-meta":{"desktop":{"background-color":"var(--ast-global-color-4)","background-image":"","background-repeat":"repeat","background-position":"center center","background-size":"auto","background-attachment":"scroll","background-type":"","background-media":"","overlay-type":"","overlay-color":"","overlay-opacity":"","overlay-gradient":""},"tablet":{"background-color":"","background-image":"","background-repeat":"repeat","background-position":"center center","background-size":"auto","background-attachment":"scroll","background-type":"","background-media":"","overlay-type":"","overlay-color":"","overlay-opacity":"","overlay-gradient":""},"mobile":{"background-color":"","background-image":"","background-repeat":"repeat","background-position":"center center","background-size":"auto","background-attachment":"scroll","background-type":"","background-media":"","overlay-type":"","overlay-color":"","overlay-opacity":"","overlay-gradient":""}},"ast-content-background-meta":{"desktop":{"background-color":"var(--ast-global-color-5)","background-image":"","background-repeat":"repeat","background-position":"center center","background-size":"auto","background-attachment":"scroll","background-type":"","background-media":"","overlay-type":"","overlay-color":"","overlay-opacity":"","overlay-gradient":""},"tablet":{"background-color":"var(--ast-global-color-5)","background-image":"","background-repeat":"repeat","background-position":"center center","background-size":"auto","background-attachment":"scroll","background-type":"","background-media":"","overlay-type":"","overlay-color":"","overlay-opacity":"","overlay-gradient":""},"mobile":{"background-color":"var(--ast-global-color-5)","background-image":"","background-repeat":"repeat","background-position":"center center","background-size":"auto","background-attachment":"scroll","background-type":"","background-media":"","overlay-type":"","overlay-color":"","overlay-opacity":"","overlay-gradient":""}}},"product_brand":[],"product_cat":[28,160],"product_tag":[],"class_list":{"0":"post-8542","1":"product","2":"type-product","3":"status-publish","4":"has-post-thumbnail","6":"product_cat-all-products","7":"product_cat-herbicide","8":"desktop-align-left","9":"tablet-align-left","10":"mobile-align-left","12":"first","13":"instock","14":"taxable","15":"shipping-taxable","16":"purchasable","17":"product-type-variable","18":"has-default-attributes"},"yoast_head":"<!-- This site is optimized with the Yoast SEO plugin v27.4 - https:\/\/yoast.com\/product\/yoast-seo-wordpress\/ -->\n<title>Gallup Special 360 SL - Gardeners Friend<\/title>\n<meta name=\"description\" content=\"Gallup Special 360 SL Selektiv herbicid med systemisk verkan i form av ett koncentrat som bek\u00e4mpar alla gr\u00f6na v\u00e4xter.\" \/>\n<meta name=\"robots\" content=\"index, follow, max-snippet:-1, max-image-preview:large, max-video-preview:-1\" \/>\n<link rel=\"canonical\" href=\"https:\/\/gardenersfriend.eu\/sv\/produkt\/gallup-special-360-sl\/\" \/>\n<meta property=\"og:locale\" content=\"sv_SE\" \/>\n<meta property=\"og:type\" content=\"article\" \/>\n<meta property=\"og:title\" content=\"Gallup Special 360 SL - Gardeners Friend\" \/>\n<meta property=\"og:description\" content=\"Gallup Special 360 SL Selektiv herbicid med systemisk verkan i form av ett koncentrat som bek\u00e4mpar alla gr\u00f6na v\u00e4xter.\" \/>\n<meta property=\"og:url\" content=\"https:\/\/gardenersfriend.eu\/sv\/produkt\/gallup-special-360-sl\/\" \/>\n<meta property=\"og:site_name\" content=\"Gardeners Friend\" \/>\n<meta property=\"article:publisher\" content=\"https:\/\/www.facebook.com\/people\/Gardeners-Friend-Store\/61566268054378\/\" \/>\n<meta property=\"article:modified_time\" content=\"2026-04-23T13:18:14+00:00\" \/>\n<meta property=\"og:image\" content=\"https:\/\/gardenersfriend.eu\/wp-content\/uploads\/2026\/01\/gallup_special_360_5L.jpg\" \/>\n\t<meta property=\"og:image:width\" content=\"600\" \/>\n\t<meta property=\"og:image:height\" content=\"600\" \/>\n\t<meta property=\"og:image:type\" content=\"image\/jpeg\" \/>\n<meta name=\"twitter:card\" content=\"summary_large_image\" \/>\n<meta name=\"twitter:label1\" content=\"Ber\u00e4knad l\u00e4stid\" \/>\n\t<meta name=\"twitter:data1\" content=\"2 minuter\" \/>\n<script type=\"application\/ld+json\" class=\"yoast-schema-graph\">{\"@context\":\"https:\\\/\\\/schema.org\",\"@graph\":[{\"@type\":\"WebPage\",\"@id\":\"https:\\\/\\\/gardenersfriend.eu\\\/sv\\\/produkt\\\/gallup-special-360-sl\\\/\",\"url\":\"https:\\\/\\\/gardenersfriend.eu\\\/sv\\\/produkt\\\/gallup-special-360-sl\\\/\",\"name\":\"Gallup Special 360 SL - Gardeners Friend\",\"isPartOf\":{\"@id\":\"https:\\\/\\\/gardenersfriend.eu\\\/sv\\\/#website\"},\"primaryImageOfPage\":{\"@id\":\"https:\\\/\\\/gardenersfriend.eu\\\/sv\\\/produkt\\\/gallup-special-360-sl\\\/#primaryimage\"},\"image\":{\"@id\":\"https:\\\/\\\/gardenersfriend.eu\\\/sv\\\/produkt\\\/gallup-special-360-sl\\\/#primaryimage\"},\"thumbnailUrl\":\"https:\\\/\\\/gardenersfriend.eu\\\/wp-content\\\/uploads\\\/2026\\\/01\\\/gallup_special_360_5L.jpg\",\"datePublished\":\"2026-01-21T09:12:17+00:00\",\"dateModified\":\"2026-04-23T13:18:14+00:00\",\"description\":\"Gallup Special 360 SL Selektiv herbicid med systemisk verkan i form av ett koncentrat som bek\u00e4mpar alla gr\u00f6na v\u00e4xter.\",\"breadcrumb\":{\"@id\":\"https:\\\/\\\/gardenersfriend.eu\\\/sv\\\/produkt\\\/gallup-special-360-sl\\\/#breadcrumb\"},\"inLanguage\":\"sv-SE\",\"potentialAction\":[{\"@type\":\"ReadAction\",\"target\":[\"https:\\\/\\\/gardenersfriend.eu\\\/sv\\\/produkt\\\/gallup-special-360-sl\\\/\"]}]},{\"@type\":\"ImageObject\",\"inLanguage\":\"sv-SE\",\"@id\":\"https:\\\/\\\/gardenersfriend.eu\\\/sv\\\/produkt\\\/gallup-special-360-sl\\\/#primaryimage\",\"url\":\"https:\\\/\\\/gardenersfriend.eu\\\/wp-content\\\/uploads\\\/2026\\\/01\\\/gallup_special_360_5L.jpg\",\"contentUrl\":\"https:\\\/\\\/gardenersfriend.eu\\\/wp-content\\\/uploads\\\/2026\\\/01\\\/gallup_special_360_5L.jpg\",\"width\":600,\"height\":600,\"caption\":\"Gallup Special 360 SL 5L\"},{\"@type\":\"BreadcrumbList\",\"@id\":\"https:\\\/\\\/gardenersfriend.eu\\\/sv\\\/produkt\\\/gallup-special-360-sl\\\/#breadcrumb\",\"itemListElement\":[{\"@type\":\"ListItem\",\"position\":1,\"name\":\"Strona g\u0142\u00f3wna\",\"item\":\"https:\\\/\\\/gardenersfriend.eu\\\/sv\\\/\"},{\"@type\":\"ListItem\",\"position\":2,\"name\":\"Butik\",\"item\":\"https:\\\/\\\/gardenersfriend.eu\\\/shop\\\/\"},{\"@type\":\"ListItem\",\"position\":3,\"name\":\"Gallup Special 360 SL\"}]},{\"@type\":\"WebSite\",\"@id\":\"https:\\\/\\\/gardenersfriend.eu\\\/sv\\\/#website\",\"url\":\"https:\\\/\\\/gardenersfriend.eu\\\/sv\\\/\",\"name\":\"Gardeners Friend\",\"description\":\"herbicides, fertilisers, roundup\",\"publisher\":{\"@id\":\"https:\\\/\\\/gardenersfriend.eu\\\/sv\\\/#organization\"},\"potentialAction\":[{\"@type\":\"SearchAction\",\"target\":{\"@type\":\"EntryPoint\",\"urlTemplate\":\"https:\\\/\\\/gardenersfriend.eu\\\/sv\\\/?s={search_term_string}\"},\"query-input\":{\"@type\":\"PropertyValueSpecification\",\"valueRequired\":true,\"valueName\":\"search_term_string\"}}],\"inLanguage\":\"sv-SE\"},{\"@type\":\"Organization\",\"@id\":\"https:\\\/\\\/gardenersfriend.eu\\\/sv\\\/#organization\",\"name\":\"Gardeners Friend\",\"url\":\"https:\\\/\\\/gardenersfriend.eu\\\/sv\\\/\",\"logo\":{\"@type\":\"ImageObject\",\"inLanguage\":\"sv-SE\",\"@id\":\"https:\\\/\\\/gardenersfriend.eu\\\/sv\\\/#\\\/schema\\\/logo\\\/image\\\/\",\"url\":\"https:\\\/\\\/gardenersfriend.eu\\\/wp-content\\\/uploads\\\/2025\\\/09\\\/gf_accepted_big_logo.png\",\"contentUrl\":\"https:\\\/\\\/gardenersfriend.eu\\\/wp-content\\\/uploads\\\/2025\\\/09\\\/gf_accepted_big_logo.png\",\"width\":2000,\"height\":1000,\"caption\":\"Gardeners Friend\"},\"image\":{\"@id\":\"https:\\\/\\\/gardenersfriend.eu\\\/sv\\\/#\\\/schema\\\/logo\\\/image\\\/\"},\"sameAs\":[\"https:\\\/\\\/www.facebook.com\\\/people\\\/Gardeners-Friend-Store\\\/61566268054378\\\/\",\"https:\\\/\\\/www.instagram.com\\\/gardeners_friend_store\\\/\"]}]}<\/script>\n<!-- \/ Yoast SEO plugin. -->","yoast_head_json":{"title":"Gallup Special 360 SL - Gardeners Friend","description":"Gallup Special 360 SL Selektiv herbicid med systemisk verkan i form av ett koncentrat som bek\u00e4mpar alla gr\u00f6na v\u00e4xter.","robots":{"index":"index","follow":"follow","max-snippet":"max-snippet:-1","max-image-preview":"max-image-preview:large","max-video-preview":"max-video-preview:-1"},"canonical":"https:\/\/gardenersfriend.eu\/sv\/produkt\/gallup-special-360-sl\/","og_locale":"sv_SE","og_type":"article","og_title":"Gallup Special 360 SL - Gardeners Friend","og_description":"Gallup Special 360 SL Selektiv herbicid med systemisk verkan i form av ett koncentrat som bek\u00e4mpar alla gr\u00f6na v\u00e4xter.","og_url":"https:\/\/gardenersfriend.eu\/sv\/produkt\/gallup-special-360-sl\/","og_site_name":"Gardeners Friend","article_publisher":"https:\/\/www.facebook.com\/people\/Gardeners-Friend-Store\/61566268054378\/","article_modified_time":"2026-04-23T13:18:14+00:00","og_image":[{"width":600,"height":600,"url":"https:\/\/gardenersfriend.eu\/wp-content\/uploads\/2026\/01\/gallup_special_360_5L.jpg","type":"image\/jpeg"}],"twitter_card":"summary_large_image","twitter_misc":{"Ber\u00e4knad l\u00e4stid":"2 minuter"},"schema":{"@context":"https:\/\/schema.org","@graph":[{"@type":"WebPage","@id":"https:\/\/gardenersfriend.eu\/sv\/produkt\/gallup-special-360-sl\/","url":"https:\/\/gardenersfriend.eu\/sv\/produkt\/gallup-special-360-sl\/","name":"Gallup Special 360 SL - Gardeners Friend","isPartOf":{"@id":"https:\/\/gardenersfriend.eu\/sv\/#website"},"primaryImageOfPage":{"@id":"https:\/\/gardenersfriend.eu\/sv\/produkt\/gallup-special-360-sl\/#primaryimage"},"image":{"@id":"https:\/\/gardenersfriend.eu\/sv\/produkt\/gallup-special-360-sl\/#primaryimage"},"thumbnailUrl":"https:\/\/gardenersfriend.eu\/wp-content\/uploads\/2026\/01\/gallup_special_360_5L.jpg","datePublished":"2026-01-21T09:12:17+00:00","dateModified":"2026-04-23T13:18:14+00:00","description":"Gallup Special 360 SL Selektiv herbicid med systemisk verkan i form av ett koncentrat som bek\u00e4mpar alla gr\u00f6na v\u00e4xter.","breadcrumb":{"@id":"https:\/\/gardenersfriend.eu\/sv\/produkt\/gallup-special-360-sl\/#breadcrumb"},"inLanguage":"sv-SE","potentialAction":[{"@type":"ReadAction","target":["https:\/\/gardenersfriend.eu\/sv\/produkt\/gallup-special-360-sl\/"]}]},{"@type":"ImageObject","inLanguage":"sv-SE","@id":"https:\/\/gardenersfriend.eu\/sv\/produkt\/gallup-special-360-sl\/#primaryimage","url":"https:\/\/gardenersfriend.eu\/wp-content\/uploads\/2026\/01\/gallup_special_360_5L.jpg","contentUrl":"https:\/\/gardenersfriend.eu\/wp-content\/uploads\/2026\/01\/gallup_special_360_5L.jpg","width":600,"height":600,"caption":"Gallup Special 360 SL 5L"},{"@type":"BreadcrumbList","@id":"https:\/\/gardenersfriend.eu\/sv\/produkt\/gallup-special-360-sl\/#breadcrumb","itemListElement":[{"@type":"ListItem","position":1,"name":"Strona g\u0142\u00f3wna","item":"https:\/\/gardenersfriend.eu\/sv\/"},{"@type":"ListItem","position":2,"name":"Butik","item":"https:\/\/gardenersfriend.eu\/shop\/"},{"@type":"ListItem","position":3,"name":"Gallup Special 360 SL"}]},{"@type":"WebSite","@id":"https:\/\/gardenersfriend.eu\/sv\/#website","url":"https:\/\/gardenersfriend.eu\/sv\/","name":"Gardeners Friend","description":"herbicides, fertilisers, roundup","publisher":{"@id":"https:\/\/gardenersfriend.eu\/sv\/#organization"},"potentialAction":[{"@type":"SearchAction","target":{"@type":"EntryPoint","urlTemplate":"https:\/\/gardenersfriend.eu\/sv\/?s={search_term_string}"},"query-input":{"@type":"PropertyValueSpecification","valueRequired":true,"valueName":"search_term_string"}}],"inLanguage":"sv-SE"},{"@type":"Organization","@id":"https:\/\/gardenersfriend.eu\/sv\/#organization","name":"Gardeners Friend","url":"https:\/\/gardenersfriend.eu\/sv\/","logo":{"@type":"ImageObject","inLanguage":"sv-SE","@id":"https:\/\/gardenersfriend.eu\/sv\/#\/schema\/logo\/image\/","url":"https:\/\/gardenersfriend.eu\/wp-content\/uploads\/2025\/09\/gf_accepted_big_logo.png","contentUrl":"https:\/\/gardenersfriend.eu\/wp-content\/uploads\/2025\/09\/gf_accepted_big_logo.png","width":2000,"height":1000,"caption":"Gardeners Friend"},"image":{"@id":"https:\/\/gardenersfriend.eu\/sv\/#\/schema\/logo\/image\/"},"sameAs":["https:\/\/www.facebook.com\/people\/Gardeners-Friend-Store\/61566268054378\/","https:\/\/www.instagram.com\/gardeners_friend_store\/"]}]}},"uagb_featured_image_src":{"full":["https:\/\/gardenersfriend.eu\/wp-content\/uploads\/2026\/01\/gallup_special_360_5L.jpg",600,600,false],"thumbnail":["https:\/\/gardenersfriend.eu\/wp-content\/uploads\/2026\/01\/gallup_special_360_5L-150x150.jpg",150,150,true],"medium":["https:\/\/gardenersfriend.eu\/wp-content\/uploads\/2026\/01\/gallup_special_360_5L-300x300.jpg",300,300,true],"medium_large":["https:\/\/gardenersfriend.eu\/wp-content\/uploads\/2026\/01\/gallup_special_360_5L.jpg",600,600,false],"large":["https:\/\/gardenersfriend.eu\/wp-content\/uploads\/2026\/01\/gallup_special_360_5L.jpg",600,600,false],"1536x1536":["https:\/\/gardenersfriend.eu\/wp-content\/uploads\/2026\/01\/gallup_special_360_5L.jpg",600,600,false],"2048x2048":["https:\/\/gardenersfriend.eu\/wp-content\/uploads\/2026\/01\/gallup_special_360_5L.jpg",600,600,false],"woocommerce_thumbnail":["https:\/\/gardenersfriend.eu\/wp-content\/uploads\/2026\/01\/gallup_special_360_5L-300x300.jpg",300,300,true],"woocommerce_single":["https:\/\/gardenersfriend.eu\/wp-content\/uploads\/2026\/01\/gallup_special_360_5L.jpg",600,600,false],"woocommerce_gallery_thumbnail":["https:\/\/gardenersfriend.eu\/wp-content\/uploads\/2026\/01\/gallup_special_360_5L-100x100.jpg",100,100,true]},"uagb_author_info":{"display_name":"admin","author_link":"https:\/\/gardenersfriend.eu\/sv\/author\/"},"uagb_comment_info":0,"uagb_excerpt":"Gallup Special 360 SL Selektiv herbicid med systemisk verkan i form av ett koncentrat som bek\u00e4mpar alla gr\u00f6na v\u00e4xter.","jetpack_sharing_enabled":true,"_links":{"self":[{"href":"https:\/\/gardenersfriend.eu\/sv\/wp-json\/wp\/v2\/product\/8542","targetHints":{"allow":["GET"]}}],"collection":[{"href":"https:\/\/gardenersfriend.eu\/sv\/wp-json\/wp\/v2\/product"}],"about":[{"href":"https:\/\/gardenersfriend.eu\/sv\/wp-json\/wp\/v2\/types\/product"}],"replies":[{"embeddable":true,"href":"https:\/\/gardenersfriend.eu\/sv\/wp-json\/wp\/v2\/comments?post=8542"}],"wp:featuredmedia":[{"embeddable":true,"href":"https:\/\/gardenersfriend.eu\/sv\/wp-json\/wp\/v2\/media\/8416"}],"wp:attachment":[{"href":"https:\/\/gardenersfriend.eu\/sv\/wp-json\/wp\/v2\/media?parent=8542"}],"wp:term":[{"taxonomy":"product_brand","embeddable":true,"href":"https:\/\/gardenersfriend.eu\/sv\/wp-json\/wp\/v2\/product_brand?post=8542"},{"taxonomy":"product_cat","embeddable":true,"href":"https:\/\/gardenersfriend.eu\/sv\/wp-json\/wp\/v2\/product_cat?post=8542"},{"taxonomy":"product_tag","embeddable":true,"href":"https:\/\/gardenersfriend.eu\/sv\/wp-json\/wp\/v2\/product_tag?post=8542"}],"curies":[{"name":"wp","href":"https:\/\/api.w.org\/{rel}","templated":true}]}}