{"id":8549,"date":"2026-01-30T01:39:33","date_gmt":"2026-01-30T00:39:33","guid":{"rendered":"https:\/\/gardenersfriend.eu\/product\/decis-mega-50-ew\/"},"modified":"2026-04-23T15:18:25","modified_gmt":"2026-04-23T13:18:25","slug":"decis-mega-50-ew","status":"publish","type":"product","link":"https:\/\/gardenersfriend.eu\/sv\/produkt\/decis-mega-50-ew\/","title":{"rendered":"Decis Mega 50 EW"},"content":{"rendered":"<h2>Decis Mega 50 EW insekticid<\/h2>\n<h3>Ans\u00f6kan:<\/h3>\n<p>Decis Mega 50 EW \u00e4r en mag- och kontaktinsekticid som anv\u00e4nds f\u00f6r att bek\u00e4mpa bitande och piercande-sugande skadedjur. Den har en neutral effekt p\u00e5 odlade v\u00e4xter och verkar endast p\u00e5 ytan. <\/p>\n<p>Enligt etiketten kan du anv\u00e4nda produkten f\u00f6r att eliminera insekter i jordbruksgr\u00f6dor, frukttr\u00e4dg\u00e5rdar och gr\u00f6nsaker och blomsterb\u00e4ddar i hemmet. Det \u00e4r effektivt f\u00f6r att skydda v\u00e4xtarter som: <\/p>\n<ul>\n<li>Vinterraps<\/li>\n<li>svarta vinb\u00e4r<\/li>\n<li>sockerbetor<\/li>\n<li>v\u00e5rkorn<\/li>\n<li>huvudk\u00e5l<\/li>\n<li>jordgubbar<\/li>\n<\/ul>\n<h3>Action Decis Mega 50 EW:<\/h3>\n<p>V\u00e4xtskyddsmedlet Decis Mega 50 EW levereras med en etikett som b\u00f6r l\u00e4sas f\u00f6re anv\u00e4ndning. Du kan ocks\u00e5 hitta den p\u00e5 produktsidan i v\u00e5r tr\u00e4dg\u00e5rdsbutik. Deltametrin, en organisk kemikalie fr\u00e5n den syntetiska pyretroidgruppen, \u00e4r ansvarig f\u00f6r produktens insekticidverkan. Den aktiva ingrediensen \u00e4r utformad f\u00f6r att kontrollera bitande-sugande skadedjur. Den tr\u00e4nger igenom cellmembranet i skadedjursneuroner och blockerar deras natriumkanaler. Deltametrin blockerar neurotransmittorenzymer, vilket leder till fullst\u00e4ndig f\u00f6rlamning av de insekter som bek\u00e4mpas.     <\/p>\n<h3>F\u00f6rbereda Decis Mega 50 EW f\u00f6r anv\u00e4ndning:<\/h3>\n<p>F\u00f6r att s\u00e4kerst\u00e4lla ett effektivt skydd f\u00f6r dina v\u00e4xter ska du f\u00f6rbereda insekticiden ordentligt f\u00f6re anv\u00e4ndning. Enligt etiketten \u00e4r dosen Decis Mega 50 EW per 100 liter vatten 15 till 25 milliliter. Denna dos b\u00f6r vara tillr\u00e4cklig f\u00f6r att bespruta ett f\u00e4lt p\u00e5 en hektar. Efter att ha m\u00e4tt koncentratet h\u00e4ller du det i sprutans tank med omr\u00f6raren inkopplad, som har fyllts ungef\u00e4r halvv\u00e4gs med vatten. Du hittar den n\u00f6dv\u00e4ndiga utrustningen p\u00e5 Agro Garden Center.    <\/p>\n<p>Sk\u00f6lj insekticidbeh\u00e5llaren med vatten (helst tre g\u00e5nger) innan du kastar den och h\u00e4ll den resulterande blandningen i den tidigare beredda appliceringsl\u00f6sningen. N\u00e4r gr\u00f6dan besprutas med Decis Mega 50 EW m\u00e5ste sprutans omr\u00f6rare vara ig\u00e5ng hela tiden. Om din spruta inte har en automatisk omr\u00f6rare ska du blanda blandningen mekaniskt. Om du inte g\u00f6r det kan det resultera i en l\u00f6sning med reducerad aktivitet. Om du \u00e4r os\u00e4ker p\u00e5 hur du ska anv\u00e4nda produkten, kontrollera tillverkarens etikett, som ocks\u00e5 finns tillg\u00e4nglig p\u00e5 v\u00e5r webbplats f\u00f6r tr\u00e4dg\u00e5rdsbutiker.    <\/p>\n<h3>Decis Mega 50 EW i v\u00e4xtskydd:<\/h3>\n<p>Med specialiserade insekticider kan du avsev\u00e4rt f\u00f6rb\u00e4ttra kvaliteten p\u00e5 dina gr\u00f6dor och \u00f6ka avkastningen! Decis Mega 50 EW \u00e4r effektivt f\u00f6r att skydda de arter som anges p\u00e5 etiketten mot skadedjur som \u00e4r vanliga i Polen. De vanligaste av dessa \u00e4r bladl\u00f6ss, coloradobaggar och spinnkvalster, som b\u00e5de professionella odlare och amat\u00f6rer regelbundet k\u00e4mpar med. Att anv\u00e4nda en Bayer-produkt, som vi erbjuder i v\u00e5rt tr\u00e4dg\u00e5rdscenter, \u00e4r det b\u00e4sta s\u00e4ttet att bek\u00e4mpa dem.   <\/p>\n<p>Decis Mega 50 EW \u00e4r endast avsedd f\u00f6r yrkesm\u00e4ssiga anv\u00e4ndare. Underl\u00e5tenhet att f\u00f6lja etiketten p\u00e5 det v\u00e4xtskyddsmedel som anv\u00e4nds kan leda till skador p\u00e5 v\u00e4xterna. F\u00f6rvara f\u00f6rpackningen p\u00e5 en skuggig plats i rumstemperatur, utom r\u00e4ckh\u00e5ll f\u00f6r barn. Koncentratet \u00e4r irriterande f\u00f6r huden, var d\u00e4rf\u00f6r ytterst f\u00f6rsiktig vid beredning av l\u00f6sningen. V\u00e5rt garden center erbjuder ett brett sortiment av professionella insektsmedel samt en rad olika tillbeh\u00f6r f\u00f6r odlare.    <\/p>\n<p><strong>Etikett: <a title=\"Decis_Mega_50\" href=\"https:\/\/gardenersfriend.eu\/wp-content\/uploads\/2026\/02\/Decis_Mega_50_EW_SV.pdf\">Decis_Mega_50_SV<\/a><\/strong><\/p>\n<p><strong>Se fler av v\u00e5ra produkter: <a title=\"Tr\u00e4dg\u00e5rdsm\u00e4starnas v\u00e4n Alla produkter\" href=\"https:\/\/gardenersfriend.eu\/sv\/alla-produkter\/\">Alla produkter<\/a><\/strong><\/p>\n\n<h5>Juridisk information<\/h5>\n<p>\nTips! Anv\u00e4nd bek\u00e4mpningsmedel f\u00f6rsiktigt. L\u00e4s etiketten och produktinformationen f\u00f6re anv\u00e4ndning. Anv\u00e4ndning av icke-professionella anv\u00e4ndare till\u00e5ten. Undantag: K\u00f6paren fr\u00e5n Belgien f\u00f6rs\u00e4krar att han\nvid k\u00f6ptillf\u00e4llet har full r\u00e4ttshandlingsf\u00f6rm\u00e5ga\noch har de l\u00e4mpliga kvalifikationer som kr\u00e4vs av\npersoner som k\u00f6per v\u00e4xtskyddsmedel.\n\nEnligt art. 28 i lagen av den 8 mars 2013 om v\u00e4xtskyddsmedel (Juridik 2020, punkt 2097), fr\u00e5n och med den 26 november 2015 f\u00e5r v\u00e4xtskyddsmedel avsedda f\u00f6r professionella anv\u00e4ndare s\u00e4ljas till personer som:\n\nPunkt 1 - har genomg\u00e5tt utbildning i anv\u00e4ndning av v\u00e4xtskyddsmedel i Republiken Polen, bekr\u00e4ftad med ett intyg om fullbordad utbildning, eller\n\nPunkt 2 - har genomg\u00e5tt utbildning i r\u00e5dgivning om v\u00e4xtskyddsmedel i Republiken Polen, bekr\u00e4ftad med ett intyg om fullbordad utbildning, eller\n\nPunkt 3 - har genomg\u00e5tt utbildning i integrerad gr\u00f6doproduktion, bekr\u00e4ftad med ett intyg om fullbordad utbildning, eller\n\nPunkt 4 - tidigast 5 \u00e5r, f\u00f6re k\u00f6pet av dessa medel, har genomg\u00e5tt den utbildning som kr\u00e4vs av professionella anv\u00e4ndare i en annan medlemsstat i Europeiska unionen eller i ett land som \u00e4r part i avtalet om Europeiska ekonomiska samarbetsomr\u00e5det, p\u00e5 grundval av de best\u00e4mmelser som g\u00e4ller i det landet, bekr\u00e4ftad med ett dokument om fullbordad utbildning, eller de har uppvisat ett annat dokument som utf\u00e4rdats enligt de best\u00e4mmelser som g\u00e4ller i det landet, vilket bekr\u00e4ftar att de har f\u00e5tt tillst\u00e5nd att k\u00f6pa v\u00e4xtskyddsmedel avsedda f\u00f6r professionella anv\u00e4ndare.\n\nViktigt!\nEndast personer \u00f6ver 18 \u00e5r f\u00e5r anv\u00e4nda v\u00e4xtskyddsmedel.\nV\u00e4xtskyddsmedel ska anv\u00e4ndas p\u00e5 ett s\u00e4kert s\u00e4tt. L\u00e4s informationen p\u00e5 etiketten och produktinformationen f\u00f6re varje anv\u00e4ndning.\n<\/p>\n","protected":false},"excerpt":{"rendered":"<p>Decis Mega 50 \u00e4r en mag- och kontaktinsekticid som anv\u00e4nds f\u00f6r att bek\u00e4mpa bitande och piercande-sugande skadedjur. Den har en neutral effekt p\u00e5 odlade v\u00e4xter och verkar endast p\u00e5 ytan <\/p>\n","protected":false},"featured_media":8514,"comment_status":"open","ping_status":"closed","template":"","meta":{"_uag_custom_page_level_css":"","site-sidebar-layout":"default","site-content-layout":"","ast-site-content-layout":"default","site-content-style":"default","site-sidebar-style":"default","ast-global-header-display":"","ast-banner-title-visibility":"","ast-main-header-display":"","ast-hfb-above-header-display":"","ast-hfb-below-header-display":"","ast-hfb-mobile-header-display":"","site-post-title":"","ast-breadcrumbs-content":"","ast-featured-img":"","footer-sml-layout":"","ast-disable-related-posts":"","theme-transparent-header-meta":"default","adv-header-id-meta":"","stick-header-meta":"","header-above-stick-meta":"","header-main-stick-meta":"","header-below-stick-meta":"","astra-migrate-meta-layouts":"default","ast-page-background-enabled":"default","ast-page-background-meta":{"desktop":{"background-color":"var(--ast-global-color-4)","background-image":"","background-repeat":"repeat","background-position":"center center","background-size":"auto","background-attachment":"scroll","background-type":"","background-media":"","overlay-type":"","overlay-color":"","overlay-opacity":"","overlay-gradient":""},"tablet":{"background-color":"","background-image":"","background-repeat":"repeat","background-position":"center center","background-size":"auto","background-attachment":"scroll","background-type":"","background-media":"","overlay-type":"","overlay-color":"","overlay-opacity":"","overlay-gradient":""},"mobile":{"background-color":"","background-image":"","background-repeat":"repeat","background-position":"center center","background-size":"auto","background-attachment":"scroll","background-type":"","background-media":"","overlay-type":"","overlay-color":"","overlay-opacity":"","overlay-gradient":""}},"ast-content-background-meta":{"desktop":{"background-color":"var(--ast-global-color-5)","background-image":"","background-repeat":"repeat","background-position":"center center","background-size":"auto","background-attachment":"scroll","background-type":"","background-media":"","overlay-type":"","overlay-color":"","overlay-opacity":"","overlay-gradient":""},"tablet":{"background-color":"var(--ast-global-color-5)","background-image":"","background-repeat":"repeat","background-position":"center center","background-size":"auto","background-attachment":"scroll","background-type":"","background-media":"","overlay-type":"","overlay-color":"","overlay-opacity":"","overlay-gradient":""},"mobile":{"background-color":"var(--ast-global-color-5)","background-image":"","background-repeat":"repeat","background-position":"center center","background-size":"auto","background-attachment":"scroll","background-type":"","background-media":"","overlay-type":"","overlay-color":"","overlay-opacity":"","overlay-gradient":""}}},"product_brand":[],"product_cat":[28,180],"product_tag":[],"class_list":{"0":"post-8549","1":"product","2":"type-product","3":"status-publish","4":"has-post-thumbnail","6":"product_cat-all-products","7":"product_cat-insecticide","8":"desktop-align-left","9":"tablet-align-left","10":"mobile-align-left","12":"first","13":"instock","14":"taxable","15":"shipping-taxable","16":"purchasable","17":"product-type-variable","18":"has-default-attributes"},"yoast_head":"<!-- This site is optimized with the Yoast SEO plugin v27.4 - https:\/\/yoast.com\/product\/yoast-seo-wordpress\/ -->\n<title>Decis Mega 50 EW - Gardeners Friend<\/title>\n<meta name=\"description\" content=\"Decis Mega 50 \u00e4r en mag- och kontaktinsekticid som anv\u00e4nds f\u00f6r att bek\u00e4mpa bitande och piercande-sugande skadedjur. Den har en neutral effekt p\u00e5 odlade v\u00e4xter och verkar endast p\u00e5 ytan\" \/>\n<meta name=\"robots\" content=\"index, follow, max-snippet:-1, max-image-preview:large, max-video-preview:-1\" \/>\n<link rel=\"canonical\" href=\"https:\/\/gardenersfriend.eu\/sv\/produkt\/decis-mega-50-ew\/\" \/>\n<meta property=\"og:locale\" content=\"sv_SE\" \/>\n<meta property=\"og:type\" content=\"article\" \/>\n<meta property=\"og:title\" content=\"Decis Mega 50 EW - Gardeners Friend\" \/>\n<meta property=\"og:description\" content=\"Decis Mega 50 \u00e4r en mag- och kontaktinsekticid som anv\u00e4nds f\u00f6r att bek\u00e4mpa bitande och piercande-sugande skadedjur. Den har en neutral effekt p\u00e5 odlade v\u00e4xter och verkar endast p\u00e5 ytan\" \/>\n<meta property=\"og:url\" content=\"https:\/\/gardenersfriend.eu\/sv\/produkt\/decis-mega-50-ew\/\" \/>\n<meta property=\"og:site_name\" content=\"Gardeners Friend\" \/>\n<meta property=\"article:publisher\" content=\"https:\/\/www.facebook.com\/people\/Gardeners-Friend-Store\/61566268054378\/\" \/>\n<meta property=\"article:modified_time\" content=\"2026-04-23T13:18:25+00:00\" \/>\n<meta property=\"og:image\" content=\"https:\/\/gardenersfriend.eu\/wp-content\/uploads\/2026\/01\/Decis-Mega-50-ew-1l.jpg\" \/>\n\t<meta property=\"og:image:width\" content=\"787\" \/>\n\t<meta property=\"og:image:height\" content=\"1181\" \/>\n\t<meta property=\"og:image:type\" content=\"image\/jpeg\" \/>\n<meta name=\"twitter:card\" content=\"summary_large_image\" \/>\n<meta name=\"twitter:label1\" content=\"Ber\u00e4knad l\u00e4stid\" \/>\n\t<meta name=\"twitter:data1\" content=\"3 minuter\" \/>\n<script type=\"application\/ld+json\" class=\"yoast-schema-graph\">{\"@context\":\"https:\\\/\\\/schema.org\",\"@graph\":[{\"@type\":\"WebPage\",\"@id\":\"https:\\\/\\\/gardenersfriend.eu\\\/sv\\\/produkt\\\/decis-mega-50-ew\\\/\",\"url\":\"https:\\\/\\\/gardenersfriend.eu\\\/sv\\\/produkt\\\/decis-mega-50-ew\\\/\",\"name\":\"Decis Mega 50 EW - Gardeners Friend\",\"isPartOf\":{\"@id\":\"https:\\\/\\\/gardenersfriend.eu\\\/sv\\\/#website\"},\"primaryImageOfPage\":{\"@id\":\"https:\\\/\\\/gardenersfriend.eu\\\/sv\\\/produkt\\\/decis-mega-50-ew\\\/#primaryimage\"},\"image\":{\"@id\":\"https:\\\/\\\/gardenersfriend.eu\\\/sv\\\/produkt\\\/decis-mega-50-ew\\\/#primaryimage\"},\"thumbnailUrl\":\"https:\\\/\\\/gardenersfriend.eu\\\/wp-content\\\/uploads\\\/2026\\\/01\\\/Decis-Mega-50-ew-1l.jpg\",\"datePublished\":\"2026-01-30T00:39:33+00:00\",\"dateModified\":\"2026-04-23T13:18:25+00:00\",\"description\":\"Decis Mega 50 \u00e4r en mag- och kontaktinsekticid som anv\u00e4nds f\u00f6r att bek\u00e4mpa bitande och piercande-sugande skadedjur. Den har en neutral effekt p\u00e5 odlade v\u00e4xter och verkar endast p\u00e5 ytan\",\"breadcrumb\":{\"@id\":\"https:\\\/\\\/gardenersfriend.eu\\\/sv\\\/produkt\\\/decis-mega-50-ew\\\/#breadcrumb\"},\"inLanguage\":\"sv-SE\",\"potentialAction\":[{\"@type\":\"ReadAction\",\"target\":[\"https:\\\/\\\/gardenersfriend.eu\\\/sv\\\/produkt\\\/decis-mega-50-ew\\\/\"]}]},{\"@type\":\"ImageObject\",\"inLanguage\":\"sv-SE\",\"@id\":\"https:\\\/\\\/gardenersfriend.eu\\\/sv\\\/produkt\\\/decis-mega-50-ew\\\/#primaryimage\",\"url\":\"https:\\\/\\\/gardenersfriend.eu\\\/wp-content\\\/uploads\\\/2026\\\/01\\\/Decis-Mega-50-ew-1l.jpg\",\"contentUrl\":\"https:\\\/\\\/gardenersfriend.eu\\\/wp-content\\\/uploads\\\/2026\\\/01\\\/Decis-Mega-50-ew-1l.jpg\",\"width\":787,\"height\":1181,\"caption\":\"Decis Mega 50\"},{\"@type\":\"BreadcrumbList\",\"@id\":\"https:\\\/\\\/gardenersfriend.eu\\\/sv\\\/produkt\\\/decis-mega-50-ew\\\/#breadcrumb\",\"itemListElement\":[{\"@type\":\"ListItem\",\"position\":1,\"name\":\"Strona g\u0142\u00f3wna\",\"item\":\"https:\\\/\\\/gardenersfriend.eu\\\/sv\\\/\"},{\"@type\":\"ListItem\",\"position\":2,\"name\":\"Butik\",\"item\":\"https:\\\/\\\/gardenersfriend.eu\\\/shop\\\/\"},{\"@type\":\"ListItem\",\"position\":3,\"name\":\"Decis Mega 50 EW\"}]},{\"@type\":\"WebSite\",\"@id\":\"https:\\\/\\\/gardenersfriend.eu\\\/sv\\\/#website\",\"url\":\"https:\\\/\\\/gardenersfriend.eu\\\/sv\\\/\",\"name\":\"Gardeners Friend\",\"description\":\"herbicides, fertilisers, roundup\",\"publisher\":{\"@id\":\"https:\\\/\\\/gardenersfriend.eu\\\/sv\\\/#organization\"},\"potentialAction\":[{\"@type\":\"SearchAction\",\"target\":{\"@type\":\"EntryPoint\",\"urlTemplate\":\"https:\\\/\\\/gardenersfriend.eu\\\/sv\\\/?s={search_term_string}\"},\"query-input\":{\"@type\":\"PropertyValueSpecification\",\"valueRequired\":true,\"valueName\":\"search_term_string\"}}],\"inLanguage\":\"sv-SE\"},{\"@type\":\"Organization\",\"@id\":\"https:\\\/\\\/gardenersfriend.eu\\\/sv\\\/#organization\",\"name\":\"Gardeners Friend\",\"url\":\"https:\\\/\\\/gardenersfriend.eu\\\/sv\\\/\",\"logo\":{\"@type\":\"ImageObject\",\"inLanguage\":\"sv-SE\",\"@id\":\"https:\\\/\\\/gardenersfriend.eu\\\/sv\\\/#\\\/schema\\\/logo\\\/image\\\/\",\"url\":\"https:\\\/\\\/gardenersfriend.eu\\\/wp-content\\\/uploads\\\/2025\\\/09\\\/gf_accepted_big_logo.png\",\"contentUrl\":\"https:\\\/\\\/gardenersfriend.eu\\\/wp-content\\\/uploads\\\/2025\\\/09\\\/gf_accepted_big_logo.png\",\"width\":2000,\"height\":1000,\"caption\":\"Gardeners Friend\"},\"image\":{\"@id\":\"https:\\\/\\\/gardenersfriend.eu\\\/sv\\\/#\\\/schema\\\/logo\\\/image\\\/\"},\"sameAs\":[\"https:\\\/\\\/www.facebook.com\\\/people\\\/Gardeners-Friend-Store\\\/61566268054378\\\/\",\"https:\\\/\\\/www.instagram.com\\\/gardeners_friend_store\\\/\"]}]}<\/script>\n<!-- \/ Yoast SEO plugin. -->","yoast_head_json":{"title":"Decis Mega 50 EW - Gardeners Friend","description":"Decis Mega 50 \u00e4r en mag- och kontaktinsekticid som anv\u00e4nds f\u00f6r att bek\u00e4mpa bitande och piercande-sugande skadedjur. Den har en neutral effekt p\u00e5 odlade v\u00e4xter och verkar endast p\u00e5 ytan","robots":{"index":"index","follow":"follow","max-snippet":"max-snippet:-1","max-image-preview":"max-image-preview:large","max-video-preview":"max-video-preview:-1"},"canonical":"https:\/\/gardenersfriend.eu\/sv\/produkt\/decis-mega-50-ew\/","og_locale":"sv_SE","og_type":"article","og_title":"Decis Mega 50 EW - Gardeners Friend","og_description":"Decis Mega 50 \u00e4r en mag- och kontaktinsekticid som anv\u00e4nds f\u00f6r att bek\u00e4mpa bitande och piercande-sugande skadedjur. Den har en neutral effekt p\u00e5 odlade v\u00e4xter och verkar endast p\u00e5 ytan","og_url":"https:\/\/gardenersfriend.eu\/sv\/produkt\/decis-mega-50-ew\/","og_site_name":"Gardeners Friend","article_publisher":"https:\/\/www.facebook.com\/people\/Gardeners-Friend-Store\/61566268054378\/","article_modified_time":"2026-04-23T13:18:25+00:00","og_image":[{"width":787,"height":1181,"url":"https:\/\/gardenersfriend.eu\/wp-content\/uploads\/2026\/01\/Decis-Mega-50-ew-1l.jpg","type":"image\/jpeg"}],"twitter_card":"summary_large_image","twitter_misc":{"Ber\u00e4knad l\u00e4stid":"3 minuter"},"schema":{"@context":"https:\/\/schema.org","@graph":[{"@type":"WebPage","@id":"https:\/\/gardenersfriend.eu\/sv\/produkt\/decis-mega-50-ew\/","url":"https:\/\/gardenersfriend.eu\/sv\/produkt\/decis-mega-50-ew\/","name":"Decis Mega 50 EW - Gardeners Friend","isPartOf":{"@id":"https:\/\/gardenersfriend.eu\/sv\/#website"},"primaryImageOfPage":{"@id":"https:\/\/gardenersfriend.eu\/sv\/produkt\/decis-mega-50-ew\/#primaryimage"},"image":{"@id":"https:\/\/gardenersfriend.eu\/sv\/produkt\/decis-mega-50-ew\/#primaryimage"},"thumbnailUrl":"https:\/\/gardenersfriend.eu\/wp-content\/uploads\/2026\/01\/Decis-Mega-50-ew-1l.jpg","datePublished":"2026-01-30T00:39:33+00:00","dateModified":"2026-04-23T13:18:25+00:00","description":"Decis Mega 50 \u00e4r en mag- och kontaktinsekticid som anv\u00e4nds f\u00f6r att bek\u00e4mpa bitande och piercande-sugande skadedjur. Den har en neutral effekt p\u00e5 odlade v\u00e4xter och verkar endast p\u00e5 ytan","breadcrumb":{"@id":"https:\/\/gardenersfriend.eu\/sv\/produkt\/decis-mega-50-ew\/#breadcrumb"},"inLanguage":"sv-SE","potentialAction":[{"@type":"ReadAction","target":["https:\/\/gardenersfriend.eu\/sv\/produkt\/decis-mega-50-ew\/"]}]},{"@type":"ImageObject","inLanguage":"sv-SE","@id":"https:\/\/gardenersfriend.eu\/sv\/produkt\/decis-mega-50-ew\/#primaryimage","url":"https:\/\/gardenersfriend.eu\/wp-content\/uploads\/2026\/01\/Decis-Mega-50-ew-1l.jpg","contentUrl":"https:\/\/gardenersfriend.eu\/wp-content\/uploads\/2026\/01\/Decis-Mega-50-ew-1l.jpg","width":787,"height":1181,"caption":"Decis Mega 50"},{"@type":"BreadcrumbList","@id":"https:\/\/gardenersfriend.eu\/sv\/produkt\/decis-mega-50-ew\/#breadcrumb","itemListElement":[{"@type":"ListItem","position":1,"name":"Strona g\u0142\u00f3wna","item":"https:\/\/gardenersfriend.eu\/sv\/"},{"@type":"ListItem","position":2,"name":"Butik","item":"https:\/\/gardenersfriend.eu\/shop\/"},{"@type":"ListItem","position":3,"name":"Decis Mega 50 EW"}]},{"@type":"WebSite","@id":"https:\/\/gardenersfriend.eu\/sv\/#website","url":"https:\/\/gardenersfriend.eu\/sv\/","name":"Gardeners Friend","description":"herbicides, fertilisers, roundup","publisher":{"@id":"https:\/\/gardenersfriend.eu\/sv\/#organization"},"potentialAction":[{"@type":"SearchAction","target":{"@type":"EntryPoint","urlTemplate":"https:\/\/gardenersfriend.eu\/sv\/?s={search_term_string}"},"query-input":{"@type":"PropertyValueSpecification","valueRequired":true,"valueName":"search_term_string"}}],"inLanguage":"sv-SE"},{"@type":"Organization","@id":"https:\/\/gardenersfriend.eu\/sv\/#organization","name":"Gardeners Friend","url":"https:\/\/gardenersfriend.eu\/sv\/","logo":{"@type":"ImageObject","inLanguage":"sv-SE","@id":"https:\/\/gardenersfriend.eu\/sv\/#\/schema\/logo\/image\/","url":"https:\/\/gardenersfriend.eu\/wp-content\/uploads\/2025\/09\/gf_accepted_big_logo.png","contentUrl":"https:\/\/gardenersfriend.eu\/wp-content\/uploads\/2025\/09\/gf_accepted_big_logo.png","width":2000,"height":1000,"caption":"Gardeners Friend"},"image":{"@id":"https:\/\/gardenersfriend.eu\/sv\/#\/schema\/logo\/image\/"},"sameAs":["https:\/\/www.facebook.com\/people\/Gardeners-Friend-Store\/61566268054378\/","https:\/\/www.instagram.com\/gardeners_friend_store\/"]}]}},"uagb_featured_image_src":{"full":["https:\/\/gardenersfriend.eu\/wp-content\/uploads\/2026\/01\/Decis-Mega-50-ew-1l.jpg",787,1181,false],"thumbnail":["https:\/\/gardenersfriend.eu\/wp-content\/uploads\/2026\/01\/Decis-Mega-50-ew-1l-150x150.jpg",150,150,true],"medium":["https:\/\/gardenersfriend.eu\/wp-content\/uploads\/2026\/01\/Decis-Mega-50-ew-1l-200x300.jpg",200,300,true],"medium_large":["https:\/\/gardenersfriend.eu\/wp-content\/uploads\/2026\/01\/Decis-Mega-50-ew-1l-768x1152.jpg",768,1152,true],"large":["https:\/\/gardenersfriend.eu\/wp-content\/uploads\/2026\/01\/Decis-Mega-50-ew-1l-682x1024.jpg",682,1024,true],"1536x1536":["https:\/\/gardenersfriend.eu\/wp-content\/uploads\/2026\/01\/Decis-Mega-50-ew-1l.jpg",787,1181,false],"2048x2048":["https:\/\/gardenersfriend.eu\/wp-content\/uploads\/2026\/01\/Decis-Mega-50-ew-1l.jpg",787,1181,false],"woocommerce_thumbnail":["https:\/\/gardenersfriend.eu\/wp-content\/uploads\/2026\/01\/Decis-Mega-50-ew-1l-300x300.jpg",300,300,true],"woocommerce_single":["https:\/\/gardenersfriend.eu\/wp-content\/uploads\/2026\/01\/Decis-Mega-50-ew-1l-600x900.jpg",600,900,true],"woocommerce_gallery_thumbnail":["https:\/\/gardenersfriend.eu\/wp-content\/uploads\/2026\/01\/Decis-Mega-50-ew-1l-100x100.jpg",100,100,true]},"uagb_author_info":{"display_name":"admin","author_link":"https:\/\/gardenersfriend.eu\/sv\/author\/"},"uagb_comment_info":0,"uagb_excerpt":"Decis Mega 50 \u00e4r en mag- och kontaktinsekticid som anv\u00e4nds f\u00f6r att bek\u00e4mpa bitande och piercande-sugande skadedjur. Den har en neutral effekt p\u00e5 odlade v\u00e4xter och verkar endast p\u00e5 ytan","jetpack_sharing_enabled":true,"_links":{"self":[{"href":"https:\/\/gardenersfriend.eu\/sv\/wp-json\/wp\/v2\/product\/8549","targetHints":{"allow":["GET"]}}],"collection":[{"href":"https:\/\/gardenersfriend.eu\/sv\/wp-json\/wp\/v2\/product"}],"about":[{"href":"https:\/\/gardenersfriend.eu\/sv\/wp-json\/wp\/v2\/types\/product"}],"replies":[{"embeddable":true,"href":"https:\/\/gardenersfriend.eu\/sv\/wp-json\/wp\/v2\/comments?post=8549"}],"wp:featuredmedia":[{"embeddable":true,"href":"https:\/\/gardenersfriend.eu\/sv\/wp-json\/wp\/v2\/media\/8514"}],"wp:attachment":[{"href":"https:\/\/gardenersfriend.eu\/sv\/wp-json\/wp\/v2\/media?parent=8549"}],"wp:term":[{"taxonomy":"product_brand","embeddable":true,"href":"https:\/\/gardenersfriend.eu\/sv\/wp-json\/wp\/v2\/product_brand?post=8549"},{"taxonomy":"product_cat","embeddable":true,"href":"https:\/\/gardenersfriend.eu\/sv\/wp-json\/wp\/v2\/product_cat?post=8549"},{"taxonomy":"product_tag","embeddable":true,"href":"https:\/\/gardenersfriend.eu\/sv\/wp-json\/wp\/v2\/product_tag?post=8549"}],"curies":[{"name":"wp","href":"https:\/\/api.w.org\/{rel}","templated":true}]}}