{"id":8648,"date":"2026-02-02T21:26:38","date_gmt":"2026-02-02T20:26:38","guid":{"rendered":"https:\/\/gardenersfriend.eu\/product\/toxan-granulerat-gift-for-moss-och-rattor\/"},"modified":"2026-04-23T15:18:26","modified_gmt":"2026-04-23T13:18:26","slug":"toxan-granulerat-gift-for-moss-och-rattor","status":"publish","type":"product","link":"https:\/\/gardenersfriend.eu\/sv\/produkt\/toxan-granulerat-gift-for-moss-och-rattor\/","title":{"rendered":"Toxan &#8211; granulerat gift f\u00f6r m\u00f6ss och r\u00e5ttor"},"content":{"rendered":"<h2>Toxan granulat<\/h2>\n<h3>Beskrivning av \u00e5tg\u00e4rden:<\/h3>\n<p>Toxan \u00e4r en granulerad rodenticid avsedd f\u00f6r bek\u00e4mpning av m\u00f6ss och r\u00e5ttor.<\/p>\n<p>Produkten \u00e4r f\u00e4rdig att anv\u00e4nda. Den inneh\u00e5ller ett mycket attraktivt bete och mumifierande \u00e4mnen som hindrar d\u00f6da gnagare fr\u00e5n att f\u00f6rmultna. Det bittra \u00e4mnet denatoniumbensoat som ing\u00e5r i produkten f\u00f6rhindrar att m\u00e4nniskor eller husdjur r\u00e5kar f\u00e5 i sig det.  <\/p>\n<h3>Hur man anv\u00e4nder den:<\/h3>\n<p>Toxan-bete ska placeras i omr\u00e5den d\u00e4r det finns gnagare. H\u00e4ll 100 g av produkten i en grund beh\u00e5llare f\u00f6r bek\u00e4mpning av r\u00e5ttor eller 25 g f\u00f6r m\u00f6ss. Forts\u00e4tt att anv\u00e4nda produkten tills skadedjuren \u00e4r helt eliminerade. Upprepa behandlingen om gnagare dyker upp igen.   <\/p>\n<p>Effekterna m\u00e4rks efter 4-6 dagar.<\/p>\n<p><strong>F\u00f6rsiktighets\u00e5tg\u00e4rder:<\/strong><\/p>\n<p>Toxan granulat kan vara skadligt f\u00f6r m\u00e4nniskor och djur om det konsumeras i stora m\u00e4ngder. F\u00f6rvaras o\u00e5tkomligt f\u00f6r barn och husdjur. F\u00f6rvara inte produkten tillsammans med kemikalier som kan f\u00f6r\u00e4ndra betets lukt.  <\/p>\n<p><strong>Aktiv ingrediens:<\/strong><\/p>\n<p>0,004% (0,04g\/kg) bromadiolon<\/p>\n<p><strong>F\u00f6r mer information, se etiketten som bifogas nedladdningsfilerna: <a title=\"Toxan_EN\" href=\"https:\/\/gardenersfriend.eu\/wp-content\/uploads\/2026\/02\/Toxan-granulate-label-sv.pdf\">Toxan_granulat_SV<\/a><\/strong><\/p>\n<p><strong>Se fler av v\u00e5ra produkter: <a title=\"Tr\u00e4dg\u00e5rdsm\u00e4starnas v\u00e4n Alla produkter\" href=\"https:\/\/gardenersfriend.eu\/sv\/butik\/\">Alla produkter<\/a><\/strong><\/p>\n<p><strong>Producent webbplats: <a title=\"Fregata F\u00f6retagets webbplats\" href=\"https:\/\/www.fregata.gda.pl\/\" target=\"_blank\" rel=\"noopener\">Fregata<\/a><\/strong><\/p>\n\n<h5>Juridisk information<\/h5>\n<p>\nTips! Anv\u00e4nd bek\u00e4mpningsmedel f\u00f6rsiktigt. L\u00e4s etiketten och produktinformationen f\u00f6re anv\u00e4ndning. Anv\u00e4ndning av icke-professionella anv\u00e4ndare till\u00e5ten. Undantag: K\u00f6paren fr\u00e5n Belgien f\u00f6rs\u00e4krar att han\nvid k\u00f6ptillf\u00e4llet har full r\u00e4ttshandlingsf\u00f6rm\u00e5ga\noch har de l\u00e4mpliga kvalifikationer som kr\u00e4vs av\npersoner som k\u00f6per v\u00e4xtskyddsmedel.\n\nEnligt art. 28 i lagen av den 8 mars 2013 om v\u00e4xtskyddsmedel (Juridik 2020, punkt 2097), fr\u00e5n och med den 26 november 2015 f\u00e5r v\u00e4xtskyddsmedel avsedda f\u00f6r professionella anv\u00e4ndare s\u00e4ljas till personer som:\n\nPunkt 1 - har genomg\u00e5tt utbildning i anv\u00e4ndning av v\u00e4xtskyddsmedel i Republiken Polen, bekr\u00e4ftad med ett intyg om fullbordad utbildning, eller\n\nPunkt 2 - har genomg\u00e5tt utbildning i r\u00e5dgivning om v\u00e4xtskyddsmedel i Republiken Polen, bekr\u00e4ftad med ett intyg om fullbordad utbildning, eller\n\nPunkt 3 - har genomg\u00e5tt utbildning i integrerad gr\u00f6doproduktion, bekr\u00e4ftad med ett intyg om fullbordad utbildning, eller\n\nPunkt 4 - tidigast 5 \u00e5r, f\u00f6re k\u00f6pet av dessa medel, har genomg\u00e5tt den utbildning som kr\u00e4vs av professionella anv\u00e4ndare i en annan medlemsstat i Europeiska unionen eller i ett land som \u00e4r part i avtalet om Europeiska ekonomiska samarbetsomr\u00e5det, p\u00e5 grundval av de best\u00e4mmelser som g\u00e4ller i det landet, bekr\u00e4ftad med ett dokument om fullbordad utbildning, eller de har uppvisat ett annat dokument som utf\u00e4rdats enligt de best\u00e4mmelser som g\u00e4ller i det landet, vilket bekr\u00e4ftar att de har f\u00e5tt tillst\u00e5nd att k\u00f6pa v\u00e4xtskyddsmedel avsedda f\u00f6r professionella anv\u00e4ndare.\n\nViktigt!\nEndast personer \u00f6ver 18 \u00e5r f\u00e5r anv\u00e4nda v\u00e4xtskyddsmedel.\nV\u00e4xtskyddsmedel ska anv\u00e4ndas p\u00e5 ett s\u00e4kert s\u00e4tt. L\u00e4s informationen p\u00e5 etiketten och produktinformationen f\u00f6re varje anv\u00e4ndning.\n<\/p>\n","protected":false},"excerpt":{"rendered":"<p>Toxan granulat \u00e4r en granulerad rodenticid avsedd f\u00f6r bek\u00e4mpning av m\u00f6ss och r\u00e5ttor.<\/p>\n","protected":false},"featured_media":8620,"comment_status":"open","ping_status":"closed","template":"","meta":{"_uag_custom_page_level_css":"","site-sidebar-layout":"default","site-content-layout":"","ast-site-content-layout":"default","site-content-style":"default","site-sidebar-style":"default","ast-global-header-display":"","ast-banner-title-visibility":"","ast-main-header-display":"","ast-hfb-above-header-display":"","ast-hfb-below-header-display":"","ast-hfb-mobile-header-display":"","site-post-title":"","ast-breadcrumbs-content":"","ast-featured-img":"","footer-sml-layout":"","ast-disable-related-posts":"","theme-transparent-header-meta":"default","adv-header-id-meta":"","stick-header-meta":"","header-above-stick-meta":"","header-main-stick-meta":"","header-below-stick-meta":"","astra-migrate-meta-layouts":"default","ast-page-background-enabled":"default","ast-page-background-meta":{"desktop":{"background-color":"var(--ast-global-color-4)","background-image":"","background-repeat":"repeat","background-position":"center center","background-size":"auto","background-attachment":"scroll","background-type":"","background-media":"","overlay-type":"","overlay-color":"","overlay-opacity":"","overlay-gradient":""},"tablet":{"background-color":"","background-image":"","background-repeat":"repeat","background-position":"center center","background-size":"auto","background-attachment":"scroll","background-type":"","background-media":"","overlay-type":"","overlay-color":"","overlay-opacity":"","overlay-gradient":""},"mobile":{"background-color":"","background-image":"","background-repeat":"repeat","background-position":"center center","background-size":"auto","background-attachment":"scroll","background-type":"","background-media":"","overlay-type":"","overlay-color":"","overlay-opacity":"","overlay-gradient":""}},"ast-content-background-meta":{"desktop":{"background-color":"var(--ast-global-color-5)","background-image":"","background-repeat":"repeat","background-position":"center center","background-size":"auto","background-attachment":"scroll","background-type":"","background-media":"","overlay-type":"","overlay-color":"","overlay-opacity":"","overlay-gradient":""},"tablet":{"background-color":"var(--ast-global-color-5)","background-image":"","background-repeat":"repeat","background-position":"center center","background-size":"auto","background-attachment":"scroll","background-type":"","background-media":"","overlay-type":"","overlay-color":"","overlay-opacity":"","overlay-gradient":""},"mobile":{"background-color":"var(--ast-global-color-5)","background-image":"","background-repeat":"repeat","background-position":"center center","background-size":"auto","background-attachment":"scroll","background-type":"","background-media":"","overlay-type":"","overlay-color":"","overlay-opacity":"","overlay-gradient":""}}},"product_brand":[],"product_cat":[28,201],"product_tag":[],"class_list":{"0":"post-8648","1":"product","2":"type-product","3":"status-publish","4":"has-post-thumbnail","6":"product_cat-all-products","7":"product_cat-pesticides","8":"desktop-align-left","9":"tablet-align-left","10":"mobile-align-left","12":"first","13":"instock","14":"taxable","15":"shipping-taxable","16":"purchasable","17":"product-type-variable","18":"has-default-attributes"},"yoast_head":"<!-- This site is optimized with the Yoast SEO plugin v27.4 - https:\/\/yoast.com\/product\/yoast-seo-wordpress\/ -->\n<title>Toxan - granulerat gift f\u00f6r m\u00f6ss och r\u00e5ttor - Gardeners Friend<\/title>\n<meta name=\"description\" content=\"Toxan granulat \u00e4r en granulerad rodenticid avsedd f\u00f6r bek\u00e4mpning av m\u00f6ss och r\u00e5ttor\" \/>\n<meta name=\"robots\" content=\"index, follow, max-snippet:-1, max-image-preview:large, max-video-preview:-1\" \/>\n<link rel=\"canonical\" href=\"https:\/\/gardenersfriend.eu\/sv\/produkt\/toxan-granulerat-gift-for-moss-och-rattor\/\" \/>\n<meta property=\"og:locale\" content=\"sv_SE\" \/>\n<meta property=\"og:type\" content=\"article\" \/>\n<meta property=\"og:title\" content=\"Toxan - granulerat gift f\u00f6r m\u00f6ss och r\u00e5ttor - Gardeners Friend\" \/>\n<meta property=\"og:description\" content=\"Toxan granulat \u00e4r en granulerad rodenticid avsedd f\u00f6r bek\u00e4mpning av m\u00f6ss och r\u00e5ttor\" \/>\n<meta property=\"og:url\" content=\"https:\/\/gardenersfriend.eu\/sv\/produkt\/toxan-granulerat-gift-for-moss-och-rattor\/\" \/>\n<meta property=\"og:site_name\" content=\"Gardeners Friend\" \/>\n<meta property=\"article:publisher\" content=\"https:\/\/www.facebook.com\/people\/Gardeners-Friend-Store\/61566268054378\/\" \/>\n<meta property=\"article:modified_time\" content=\"2026-04-23T13:18:26+00:00\" \/>\n<meta property=\"og:image\" content=\"https:\/\/gardenersfriend.eu\/wp-content\/uploads\/2026\/02\/TOXAN_GRANULAT_1KG.png\" \/>\n\t<meta property=\"og:image:width\" content=\"433\" \/>\n\t<meta property=\"og:image:height\" content=\"577\" \/>\n\t<meta property=\"og:image:type\" content=\"image\/png\" \/>\n<meta name=\"twitter:card\" content=\"summary_large_image\" \/>\n<meta name=\"twitter:label1\" content=\"Ber\u00e4knad l\u00e4stid\" \/>\n\t<meta name=\"twitter:data1\" content=\"1 minut\" \/>\n<script type=\"application\/ld+json\" class=\"yoast-schema-graph\">{\"@context\":\"https:\\\/\\\/schema.org\",\"@graph\":[{\"@type\":\"WebPage\",\"@id\":\"https:\\\/\\\/gardenersfriend.eu\\\/sv\\\/produkt\\\/toxan-granulerat-gift-for-moss-och-rattor\\\/\",\"url\":\"https:\\\/\\\/gardenersfriend.eu\\\/sv\\\/produkt\\\/toxan-granulerat-gift-for-moss-och-rattor\\\/\",\"name\":\"Toxan - granulerat gift f\u00f6r m\u00f6ss och r\u00e5ttor - Gardeners Friend\",\"isPartOf\":{\"@id\":\"https:\\\/\\\/gardenersfriend.eu\\\/sv\\\/#website\"},\"primaryImageOfPage\":{\"@id\":\"https:\\\/\\\/gardenersfriend.eu\\\/sv\\\/produkt\\\/toxan-granulerat-gift-for-moss-och-rattor\\\/#primaryimage\"},\"image\":{\"@id\":\"https:\\\/\\\/gardenersfriend.eu\\\/sv\\\/produkt\\\/toxan-granulerat-gift-for-moss-och-rattor\\\/#primaryimage\"},\"thumbnailUrl\":\"https:\\\/\\\/gardenersfriend.eu\\\/wp-content\\\/uploads\\\/2026\\\/02\\\/TOXAN_GRANULAT_1KG.png\",\"datePublished\":\"2026-02-02T20:26:38+00:00\",\"dateModified\":\"2026-04-23T13:18:26+00:00\",\"description\":\"Toxan granulat \u00e4r en granulerad rodenticid avsedd f\u00f6r bek\u00e4mpning av m\u00f6ss och r\u00e5ttor\",\"breadcrumb\":{\"@id\":\"https:\\\/\\\/gardenersfriend.eu\\\/sv\\\/produkt\\\/toxan-granulerat-gift-for-moss-och-rattor\\\/#breadcrumb\"},\"inLanguage\":\"sv-SE\",\"potentialAction\":[{\"@type\":\"ReadAction\",\"target\":[\"https:\\\/\\\/gardenersfriend.eu\\\/sv\\\/produkt\\\/toxan-granulerat-gift-for-moss-och-rattor\\\/\"]}]},{\"@type\":\"ImageObject\",\"inLanguage\":\"sv-SE\",\"@id\":\"https:\\\/\\\/gardenersfriend.eu\\\/sv\\\/produkt\\\/toxan-granulerat-gift-for-moss-och-rattor\\\/#primaryimage\",\"url\":\"https:\\\/\\\/gardenersfriend.eu\\\/wp-content\\\/uploads\\\/2026\\\/02\\\/TOXAN_GRANULAT_1KG.png\",\"contentUrl\":\"https:\\\/\\\/gardenersfriend.eu\\\/wp-content\\\/uploads\\\/2026\\\/02\\\/TOXAN_GRANULAT_1KG.png\",\"width\":433,\"height\":577,\"caption\":\"TOXAN GRANULAT 1KG\"},{\"@type\":\"BreadcrumbList\",\"@id\":\"https:\\\/\\\/gardenersfriend.eu\\\/sv\\\/produkt\\\/toxan-granulerat-gift-for-moss-och-rattor\\\/#breadcrumb\",\"itemListElement\":[{\"@type\":\"ListItem\",\"position\":1,\"name\":\"Strona g\u0142\u00f3wna\",\"item\":\"https:\\\/\\\/gardenersfriend.eu\\\/sv\\\/\"},{\"@type\":\"ListItem\",\"position\":2,\"name\":\"Butik\",\"item\":\"https:\\\/\\\/gardenersfriend.eu\\\/shop\\\/\"},{\"@type\":\"ListItem\",\"position\":3,\"name\":\"Toxan &#8211; granulerat gift f\u00f6r m\u00f6ss och r\u00e5ttor\"}]},{\"@type\":\"WebSite\",\"@id\":\"https:\\\/\\\/gardenersfriend.eu\\\/sv\\\/#website\",\"url\":\"https:\\\/\\\/gardenersfriend.eu\\\/sv\\\/\",\"name\":\"Gardeners Friend\",\"description\":\"herbicides, fertilisers, roundup\",\"publisher\":{\"@id\":\"https:\\\/\\\/gardenersfriend.eu\\\/sv\\\/#organization\"},\"potentialAction\":[{\"@type\":\"SearchAction\",\"target\":{\"@type\":\"EntryPoint\",\"urlTemplate\":\"https:\\\/\\\/gardenersfriend.eu\\\/sv\\\/?s={search_term_string}\"},\"query-input\":{\"@type\":\"PropertyValueSpecification\",\"valueRequired\":true,\"valueName\":\"search_term_string\"}}],\"inLanguage\":\"sv-SE\"},{\"@type\":\"Organization\",\"@id\":\"https:\\\/\\\/gardenersfriend.eu\\\/sv\\\/#organization\",\"name\":\"Gardeners Friend\",\"url\":\"https:\\\/\\\/gardenersfriend.eu\\\/sv\\\/\",\"logo\":{\"@type\":\"ImageObject\",\"inLanguage\":\"sv-SE\",\"@id\":\"https:\\\/\\\/gardenersfriend.eu\\\/sv\\\/#\\\/schema\\\/logo\\\/image\\\/\",\"url\":\"https:\\\/\\\/gardenersfriend.eu\\\/wp-content\\\/uploads\\\/2025\\\/09\\\/gf_accepted_big_logo.png\",\"contentUrl\":\"https:\\\/\\\/gardenersfriend.eu\\\/wp-content\\\/uploads\\\/2025\\\/09\\\/gf_accepted_big_logo.png\",\"width\":2000,\"height\":1000,\"caption\":\"Gardeners Friend\"},\"image\":{\"@id\":\"https:\\\/\\\/gardenersfriend.eu\\\/sv\\\/#\\\/schema\\\/logo\\\/image\\\/\"},\"sameAs\":[\"https:\\\/\\\/www.facebook.com\\\/people\\\/Gardeners-Friend-Store\\\/61566268054378\\\/\",\"https:\\\/\\\/www.instagram.com\\\/gardeners_friend_store\\\/\"]}]}<\/script>\n<!-- \/ Yoast SEO plugin. -->","yoast_head_json":{"title":"Toxan - granulerat gift f\u00f6r m\u00f6ss och r\u00e5ttor - Gardeners Friend","description":"Toxan granulat \u00e4r en granulerad rodenticid avsedd f\u00f6r bek\u00e4mpning av m\u00f6ss och r\u00e5ttor","robots":{"index":"index","follow":"follow","max-snippet":"max-snippet:-1","max-image-preview":"max-image-preview:large","max-video-preview":"max-video-preview:-1"},"canonical":"https:\/\/gardenersfriend.eu\/sv\/produkt\/toxan-granulerat-gift-for-moss-och-rattor\/","og_locale":"sv_SE","og_type":"article","og_title":"Toxan - granulerat gift f\u00f6r m\u00f6ss och r\u00e5ttor - Gardeners Friend","og_description":"Toxan granulat \u00e4r en granulerad rodenticid avsedd f\u00f6r bek\u00e4mpning av m\u00f6ss och r\u00e5ttor","og_url":"https:\/\/gardenersfriend.eu\/sv\/produkt\/toxan-granulerat-gift-for-moss-och-rattor\/","og_site_name":"Gardeners Friend","article_publisher":"https:\/\/www.facebook.com\/people\/Gardeners-Friend-Store\/61566268054378\/","article_modified_time":"2026-04-23T13:18:26+00:00","og_image":[{"width":433,"height":577,"url":"https:\/\/gardenersfriend.eu\/wp-content\/uploads\/2026\/02\/TOXAN_GRANULAT_1KG.png","type":"image\/png"}],"twitter_card":"summary_large_image","twitter_misc":{"Ber\u00e4knad l\u00e4stid":"1 minut"},"schema":{"@context":"https:\/\/schema.org","@graph":[{"@type":"WebPage","@id":"https:\/\/gardenersfriend.eu\/sv\/produkt\/toxan-granulerat-gift-for-moss-och-rattor\/","url":"https:\/\/gardenersfriend.eu\/sv\/produkt\/toxan-granulerat-gift-for-moss-och-rattor\/","name":"Toxan - granulerat gift f\u00f6r m\u00f6ss och r\u00e5ttor - Gardeners Friend","isPartOf":{"@id":"https:\/\/gardenersfriend.eu\/sv\/#website"},"primaryImageOfPage":{"@id":"https:\/\/gardenersfriend.eu\/sv\/produkt\/toxan-granulerat-gift-for-moss-och-rattor\/#primaryimage"},"image":{"@id":"https:\/\/gardenersfriend.eu\/sv\/produkt\/toxan-granulerat-gift-for-moss-och-rattor\/#primaryimage"},"thumbnailUrl":"https:\/\/gardenersfriend.eu\/wp-content\/uploads\/2026\/02\/TOXAN_GRANULAT_1KG.png","datePublished":"2026-02-02T20:26:38+00:00","dateModified":"2026-04-23T13:18:26+00:00","description":"Toxan granulat \u00e4r en granulerad rodenticid avsedd f\u00f6r bek\u00e4mpning av m\u00f6ss och r\u00e5ttor","breadcrumb":{"@id":"https:\/\/gardenersfriend.eu\/sv\/produkt\/toxan-granulerat-gift-for-moss-och-rattor\/#breadcrumb"},"inLanguage":"sv-SE","potentialAction":[{"@type":"ReadAction","target":["https:\/\/gardenersfriend.eu\/sv\/produkt\/toxan-granulerat-gift-for-moss-och-rattor\/"]}]},{"@type":"ImageObject","inLanguage":"sv-SE","@id":"https:\/\/gardenersfriend.eu\/sv\/produkt\/toxan-granulerat-gift-for-moss-och-rattor\/#primaryimage","url":"https:\/\/gardenersfriend.eu\/wp-content\/uploads\/2026\/02\/TOXAN_GRANULAT_1KG.png","contentUrl":"https:\/\/gardenersfriend.eu\/wp-content\/uploads\/2026\/02\/TOXAN_GRANULAT_1KG.png","width":433,"height":577,"caption":"TOXAN GRANULAT 1KG"},{"@type":"BreadcrumbList","@id":"https:\/\/gardenersfriend.eu\/sv\/produkt\/toxan-granulerat-gift-for-moss-och-rattor\/#breadcrumb","itemListElement":[{"@type":"ListItem","position":1,"name":"Strona g\u0142\u00f3wna","item":"https:\/\/gardenersfriend.eu\/sv\/"},{"@type":"ListItem","position":2,"name":"Butik","item":"https:\/\/gardenersfriend.eu\/shop\/"},{"@type":"ListItem","position":3,"name":"Toxan &#8211; granulerat gift f\u00f6r m\u00f6ss och r\u00e5ttor"}]},{"@type":"WebSite","@id":"https:\/\/gardenersfriend.eu\/sv\/#website","url":"https:\/\/gardenersfriend.eu\/sv\/","name":"Gardeners Friend","description":"herbicides, fertilisers, roundup","publisher":{"@id":"https:\/\/gardenersfriend.eu\/sv\/#organization"},"potentialAction":[{"@type":"SearchAction","target":{"@type":"EntryPoint","urlTemplate":"https:\/\/gardenersfriend.eu\/sv\/?s={search_term_string}"},"query-input":{"@type":"PropertyValueSpecification","valueRequired":true,"valueName":"search_term_string"}}],"inLanguage":"sv-SE"},{"@type":"Organization","@id":"https:\/\/gardenersfriend.eu\/sv\/#organization","name":"Gardeners Friend","url":"https:\/\/gardenersfriend.eu\/sv\/","logo":{"@type":"ImageObject","inLanguage":"sv-SE","@id":"https:\/\/gardenersfriend.eu\/sv\/#\/schema\/logo\/image\/","url":"https:\/\/gardenersfriend.eu\/wp-content\/uploads\/2025\/09\/gf_accepted_big_logo.png","contentUrl":"https:\/\/gardenersfriend.eu\/wp-content\/uploads\/2025\/09\/gf_accepted_big_logo.png","width":2000,"height":1000,"caption":"Gardeners Friend"},"image":{"@id":"https:\/\/gardenersfriend.eu\/sv\/#\/schema\/logo\/image\/"},"sameAs":["https:\/\/www.facebook.com\/people\/Gardeners-Friend-Store\/61566268054378\/","https:\/\/www.instagram.com\/gardeners_friend_store\/"]}]}},"uagb_featured_image_src":{"full":["https:\/\/gardenersfriend.eu\/wp-content\/uploads\/2026\/02\/TOXAN_GRANULAT_1KG.png",433,577,false],"thumbnail":["https:\/\/gardenersfriend.eu\/wp-content\/uploads\/2026\/02\/TOXAN_GRANULAT_1KG-150x150.png",150,150,true],"medium":["https:\/\/gardenersfriend.eu\/wp-content\/uploads\/2026\/02\/TOXAN_GRANULAT_1KG-225x300.png",225,300,true],"medium_large":["https:\/\/gardenersfriend.eu\/wp-content\/uploads\/2026\/02\/TOXAN_GRANULAT_1KG.png",433,577,false],"large":["https:\/\/gardenersfriend.eu\/wp-content\/uploads\/2026\/02\/TOXAN_GRANULAT_1KG.png",433,577,false],"1536x1536":["https:\/\/gardenersfriend.eu\/wp-content\/uploads\/2026\/02\/TOXAN_GRANULAT_1KG.png",433,577,false],"2048x2048":["https:\/\/gardenersfriend.eu\/wp-content\/uploads\/2026\/02\/TOXAN_GRANULAT_1KG.png",433,577,false],"woocommerce_thumbnail":["https:\/\/gardenersfriend.eu\/wp-content\/uploads\/2026\/02\/TOXAN_GRANULAT_1KG-300x300.png",300,300,true],"woocommerce_single":["https:\/\/gardenersfriend.eu\/wp-content\/uploads\/2026\/02\/TOXAN_GRANULAT_1KG.png",433,577,false],"woocommerce_gallery_thumbnail":["https:\/\/gardenersfriend.eu\/wp-content\/uploads\/2026\/02\/TOXAN_GRANULAT_1KG-100x100.png",100,100,true]},"uagb_author_info":{"display_name":"admin","author_link":"https:\/\/gardenersfriend.eu\/sv\/author\/"},"uagb_comment_info":0,"uagb_excerpt":"Toxan granulat \u00e4r en granulerad rodenticid avsedd f\u00f6r bek\u00e4mpning av m\u00f6ss och r\u00e5ttor.","jetpack_sharing_enabled":true,"_links":{"self":[{"href":"https:\/\/gardenersfriend.eu\/sv\/wp-json\/wp\/v2\/product\/8648","targetHints":{"allow":["GET"]}}],"collection":[{"href":"https:\/\/gardenersfriend.eu\/sv\/wp-json\/wp\/v2\/product"}],"about":[{"href":"https:\/\/gardenersfriend.eu\/sv\/wp-json\/wp\/v2\/types\/product"}],"replies":[{"embeddable":true,"href":"https:\/\/gardenersfriend.eu\/sv\/wp-json\/wp\/v2\/comments?post=8648"}],"wp:featuredmedia":[{"embeddable":true,"href":"https:\/\/gardenersfriend.eu\/sv\/wp-json\/wp\/v2\/media\/8620"}],"wp:attachment":[{"href":"https:\/\/gardenersfriend.eu\/sv\/wp-json\/wp\/v2\/media?parent=8648"}],"wp:term":[{"taxonomy":"product_brand","embeddable":true,"href":"https:\/\/gardenersfriend.eu\/sv\/wp-json\/wp\/v2\/product_brand?post=8648"},{"taxonomy":"product_cat","embeddable":true,"href":"https:\/\/gardenersfriend.eu\/sv\/wp-json\/wp\/v2\/product_cat?post=8648"},{"taxonomy":"product_tag","embeddable":true,"href":"https:\/\/gardenersfriend.eu\/sv\/wp-json\/wp\/v2\/product_tag?post=8648"}],"curies":[{"name":"wp","href":"https:\/\/api.w.org\/{rel}","templated":true}]}}