{"id":8830,"date":"2026-02-19T04:57:39","date_gmt":"2026-02-19T03:57:39","guid":{"rendered":"https:\/\/gardenersfriend.eu\/product\/mus-och-rattfalla-starkt-lim-10-delar\/"},"modified":"2026-04-15T05:37:10","modified_gmt":"2026-04-15T03:37:10","slug":"mus-och-rattfalla-starkt-lim-10-delar","status":"publish","type":"product","link":"https:\/\/gardenersfriend.eu\/sv\/produkt\/mus-och-rattfalla-starkt-lim-10-delar\/","title":{"rendered":"Mus- och r\u00e5ttf\u00e4lla starkt lim &#8211; 10 delar"},"content":{"rendered":"<h2>Mus- och r\u00e5ttf\u00e4lla<\/h2>\n<p>Tre g\u00e5nger s\u00e5 mycket lim &#8211; 32 g! V\u00e5ra f\u00e4llor f\u00e5ngar gnagare, inte flugor. <\/p>\n<h3>Effektiv och s\u00e4ker bek\u00e4mpning av sm\u00e5gnagare:<\/h3>\n<ul>\n<li>Mousetrap \u00e4r en innovativ l\u00f6sning f\u00f6r att f\u00e5nga sm\u00e5gnagare som m\u00f6ss och r\u00e5ttor. Den unika limformeln ger h\u00f6g viskositet, vilket effektivt lockar till sig och h\u00e5ller kvar gnagare. <\/li>\n<li>F\u00e4llan \u00e4r giftfri och inneh\u00e5ller inga d\u00f6dliga \u00e4mnen, vilket g\u00f6r den s\u00e4ker f\u00f6r m\u00e4nniskor och husdjur, och kan \u00e4ven anv\u00e4ndas p\u00e5 platser d\u00e4r anv\u00e4ndning av gifter inte rekommenderas.<\/li>\n<\/ul>\n<h3>Olika konfigurationer av f\u00e4llor:<\/h3>\n<p>Musf\u00e4llan kan vikas ihop till olika former f\u00f6r att passa olika behov. Detta g\u00f6r att den kan anv\u00e4ndas p\u00e5 en m\u00e4ngd olika platser och i olika situationer, vilket \u00f6kar dess effektivitet n\u00e4r det g\u00e4ller att f\u00e5nga gnagare. <\/p>\n<h3>Hur fungerar det?<\/h3>\n<ul>\n<li>Musf\u00e4llan fungerar genom att man applicerar ett lim med en lockande doft som drar till sig gnagare. N\u00e4r de landar p\u00e5 den sj\u00e4lvh\u00e4ftande ytan immobiliseras gnagarna och hindras fr\u00e5n att r\u00f6ra sig vidare. <\/li>\n<li>Denna metod \u00e4r extremt effektiv eftersom den inte kr\u00e4ver anv\u00e4ndning av gifter eller mekaniska f\u00e4llor som kan utg\u00f6ra en risk f\u00f6r andra djur eller barn.<\/li>\n<\/ul>\n<h3>Motst\u00e5ndskraft mot v\u00e4derf\u00f6rh\u00e5llanden:<\/h3>\n<p>Tack vare den speciella limformeln \u00e4r f\u00e4llan v\u00e4derbest\u00e4ndig, vilket inneb\u00e4r att den kan anv\u00e4ndas b\u00e5de inomhus och utomhus. Limmet torkar inte ut snabbt, vilket garanterar l\u00e5ngvarig effektivitet, \u00e4ven i omr\u00e5den med h\u00f6g luftfuktighet eller varierande temperaturer. <\/p>\n<h3>M\u00e5tt p\u00e5 den utf\u00e4llda f\u00e4llan:<\/h3>\n<ul>\n<li><strong>L\u00e4ngd<\/strong>: 25 cm<\/li>\n<li><strong>Bredd<\/strong>: 17 cm<\/li>\n<\/ul>\n<h3>Utsl\u00e4pp av gnagare:<\/h3>\n<ul>\n<li>F\u00f6r att sl\u00e4ppa ut gnagaren h\u00e4ller du helt enkelt vegetabilisk olja \u00f6ver kontaktytan f\u00f6r limmet. Oljan l\u00f6ser upp limmet och g\u00f6r att gnagaren kan sl\u00e4ppas ut p\u00e5 ett s\u00e4kert s\u00e4tt. <\/li>\n<li>Det rekommenderas att gnagaren sl\u00e4pps ut p\u00e5 avst\u00e5nd fr\u00e5n f\u00e5ngstplatsen f\u00f6r att f\u00f6rhindra att den \u00e5terv\u00e4nder. Skyddshandskar ska b\u00e4ras under hela processen f\u00f6r att garantera s\u00e4kerhet och hygien. <\/li>\n<\/ul>\n<h3>Brett utbud av applikationer:<\/h3>\n<p>Musf\u00e4llan \u00e4r m\u00e5ngsidig och kan anv\u00e4ndas p\u00e5 en m\u00e4ngd olika platser, t.ex. i bost\u00e4der, lagerlokaler, kontor och tv\u00e4ttstugor. Det \u00e4r en idealisk l\u00f6sning f\u00f6r gnagarbek\u00e4mpning i omr\u00e5den d\u00e4r kemiska eller mekaniska f\u00e4llor inte \u00e4r l\u00e4mpliga. <\/p>\n<p><strong>V\u00e5ra andra bek\u00e4mpningsmedel:<\/strong> <a title=\"V\u00e4n av tr\u00e4dg\u00e5rdsm\u00e4stare - Pesticides Collection\" href=\"https:\/\/gardenersfriend.eu\/sv\/product-category\/alla-produkter\/bekampningsmedel\/\">V\u00e5ra bek\u00e4mpningsmedel<\/a><\/p>\n","protected":false},"excerpt":{"rendered":"<p>Mus- och r\u00e5ttf\u00e4lla Tre g\u00e5nger s\u00e5 stor m\u00e4ngd lim &#8211; 32 g. V\u00e5ra f\u00e4llor f\u00e5ngar gnagare, inte flugor. Effektiv och s\u00e4ker kontroll av sm\u00e5gnagare  <\/p>\n","protected":false},"featured_media":8808,"comment_status":"open","ping_status":"closed","template":"","meta":{"_uag_custom_page_level_css":"","site-sidebar-layout":"default","site-content-layout":"","ast-site-content-layout":"default","site-content-style":"default","site-sidebar-style":"default","ast-global-header-display":"","ast-banner-title-visibility":"","ast-main-header-display":"","ast-hfb-above-header-display":"","ast-hfb-below-header-display":"","ast-hfb-mobile-header-display":"","site-post-title":"","ast-breadcrumbs-content":"","ast-featured-img":"","footer-sml-layout":"","ast-disable-related-posts":"","theme-transparent-header-meta":"default","adv-header-id-meta":"","stick-header-meta":"","header-above-stick-meta":"","header-main-stick-meta":"","header-below-stick-meta":"","astra-migrate-meta-layouts":"default","ast-page-background-enabled":"default","ast-page-background-meta":{"desktop":{"background-color":"var(--ast-global-color-4)","background-image":"","background-repeat":"repeat","background-position":"center center","background-size":"auto","background-attachment":"scroll","background-type":"","background-media":"","overlay-type":"","overlay-color":"","overlay-opacity":"","overlay-gradient":""},"tablet":{"background-color":"","background-image":"","background-repeat":"repeat","background-position":"center center","background-size":"auto","background-attachment":"scroll","background-type":"","background-media":"","overlay-type":"","overlay-color":"","overlay-opacity":"","overlay-gradient":""},"mobile":{"background-color":"","background-image":"","background-repeat":"repeat","background-position":"center center","background-size":"auto","background-attachment":"scroll","background-type":"","background-media":"","overlay-type":"","overlay-color":"","overlay-opacity":"","overlay-gradient":""}},"ast-content-background-meta":{"desktop":{"background-color":"var(--ast-global-color-5)","background-image":"","background-repeat":"repeat","background-position":"center center","background-size":"auto","background-attachment":"scroll","background-type":"","background-media":"","overlay-type":"","overlay-color":"","overlay-opacity":"","overlay-gradient":""},"tablet":{"background-color":"var(--ast-global-color-5)","background-image":"","background-repeat":"repeat","background-position":"center center","background-size":"auto","background-attachment":"scroll","background-type":"","background-media":"","overlay-type":"","overlay-color":"","overlay-opacity":"","overlay-gradient":""},"mobile":{"background-color":"var(--ast-global-color-5)","background-image":"","background-repeat":"repeat","background-position":"center center","background-size":"auto","background-attachment":"scroll","background-type":"","background-media":"","overlay-type":"","overlay-color":"","overlay-opacity":"","overlay-gradient":""}}},"product_brand":[],"product_cat":[91,212],"product_tag":[],"class_list":{"0":"post-8830","1":"product","2":"type-product","3":"status-publish","4":"has-post-thumbnail","6":"product_cat-alla-produkter","7":"product_cat-bekampningsmedel","8":"product_shipping_class-alla","9":"desktop-align-left","10":"tablet-align-left","11":"mobile-align-left","13":"first","14":"instock","15":"taxable","16":"shipping-taxable","17":"purchasable","18":"product-type-simple"},"yoast_head":"<!-- This site is optimized with the Yoast SEO plugin v27.4 - https:\/\/yoast.com\/product\/yoast-seo-wordpress\/ -->\n<title>Mus- och r\u00e5ttf\u00e4lla starkt lim - 10 delar - Gardeners Friend<\/title>\n<meta name=\"description\" content=\"Mus- och r\u00e5ttf\u00e4lla Tre g\u00e5nger s\u00e5 stor m\u00e4ngd lim - 32 g. V\u00e5ra f\u00e4llor f\u00e5ngar gnagare, inte flugor. Effektiv och s\u00e4ker kontroll av sm\u00e5gnagare\" \/>\n<meta name=\"robots\" content=\"index, follow, max-snippet:-1, max-image-preview:large, max-video-preview:-1\" \/>\n<link rel=\"canonical\" href=\"https:\/\/gardenersfriend.eu\/sv\/produkt\/mus-och-rattfalla-starkt-lim-10-delar\/\" \/>\n<meta property=\"og:locale\" content=\"sv_SE\" \/>\n<meta property=\"og:type\" content=\"article\" \/>\n<meta property=\"og:title\" content=\"Mus- och r\u00e5ttf\u00e4lla starkt lim - 10 delar - Gardeners Friend\" \/>\n<meta property=\"og:description\" content=\"Mus- och r\u00e5ttf\u00e4lla Tre g\u00e5nger s\u00e5 stor m\u00e4ngd lim - 32 g. V\u00e5ra f\u00e4llor f\u00e5ngar gnagare, inte flugor. Effektiv och s\u00e4ker kontroll av sm\u00e5gnagare\" \/>\n<meta property=\"og:url\" content=\"https:\/\/gardenersfriend.eu\/sv\/produkt\/mus-och-rattfalla-starkt-lim-10-delar\/\" \/>\n<meta property=\"og:site_name\" content=\"Gardeners Friend\" \/>\n<meta property=\"article:publisher\" content=\"https:\/\/www.facebook.com\/people\/Gardeners-Friend-Store\/61566268054378\/\" \/>\n<meta property=\"article:modified_time\" content=\"2026-04-15T03:37:10+00:00\" \/>\n<meta property=\"og:image\" content=\"https:\/\/gardenersfriend.eu\/wp-content\/uploads\/2026\/02\/MouseAndRatTrapGlue1.jpg\" \/>\n\t<meta property=\"og:image:width\" content=\"993\" \/>\n\t<meta property=\"og:image:height\" content=\"997\" \/>\n\t<meta property=\"og:image:type\" content=\"image\/jpeg\" \/>\n<meta name=\"twitter:card\" content=\"summary_large_image\" \/>\n<meta name=\"twitter:label1\" content=\"Ber\u00e4knad l\u00e4stid\" \/>\n\t<meta name=\"twitter:data1\" content=\"2 minuter\" \/>\n<script type=\"application\/ld+json\" class=\"yoast-schema-graph\">{\"@context\":\"https:\\\/\\\/schema.org\",\"@graph\":[{\"@type\":\"WebPage\",\"@id\":\"https:\\\/\\\/gardenersfriend.eu\\\/sv\\\/produkt\\\/mus-och-rattfalla-starkt-lim-10-delar\\\/\",\"url\":\"https:\\\/\\\/gardenersfriend.eu\\\/sv\\\/produkt\\\/mus-och-rattfalla-starkt-lim-10-delar\\\/\",\"name\":\"Mus- och r\u00e5ttf\u00e4lla starkt lim - 10 delar - Gardeners Friend\",\"isPartOf\":{\"@id\":\"https:\\\/\\\/gardenersfriend.eu\\\/sv\\\/#website\"},\"primaryImageOfPage\":{\"@id\":\"https:\\\/\\\/gardenersfriend.eu\\\/sv\\\/produkt\\\/mus-och-rattfalla-starkt-lim-10-delar\\\/#primaryimage\"},\"image\":{\"@id\":\"https:\\\/\\\/gardenersfriend.eu\\\/sv\\\/produkt\\\/mus-och-rattfalla-starkt-lim-10-delar\\\/#primaryimage\"},\"thumbnailUrl\":\"https:\\\/\\\/gardenersfriend.eu\\\/wp-content\\\/uploads\\\/2026\\\/02\\\/MouseAndRatTrapGlue1.jpg\",\"datePublished\":\"2026-02-19T03:57:39+00:00\",\"dateModified\":\"2026-04-15T03:37:10+00:00\",\"description\":\"Mus- och r\u00e5ttf\u00e4lla Tre g\u00e5nger s\u00e5 stor m\u00e4ngd lim - 32 g. V\u00e5ra f\u00e4llor f\u00e5ngar gnagare, inte flugor. Effektiv och s\u00e4ker kontroll av sm\u00e5gnagare\",\"breadcrumb\":{\"@id\":\"https:\\\/\\\/gardenersfriend.eu\\\/sv\\\/produkt\\\/mus-och-rattfalla-starkt-lim-10-delar\\\/#breadcrumb\"},\"inLanguage\":\"sv-SE\",\"potentialAction\":[{\"@type\":\"ReadAction\",\"target\":[\"https:\\\/\\\/gardenersfriend.eu\\\/sv\\\/produkt\\\/mus-och-rattfalla-starkt-lim-10-delar\\\/\"]}]},{\"@type\":\"ImageObject\",\"inLanguage\":\"sv-SE\",\"@id\":\"https:\\\/\\\/gardenersfriend.eu\\\/sv\\\/produkt\\\/mus-och-rattfalla-starkt-lim-10-delar\\\/#primaryimage\",\"url\":\"https:\\\/\\\/gardenersfriend.eu\\\/wp-content\\\/uploads\\\/2026\\\/02\\\/MouseAndRatTrapGlue1.jpg\",\"contentUrl\":\"https:\\\/\\\/gardenersfriend.eu\\\/wp-content\\\/uploads\\\/2026\\\/02\\\/MouseAndRatTrapGlue1.jpg\",\"width\":993,\"height\":997,\"caption\":\"Mus- och r\u00e5ttf\u00e4lla Lim\"},{\"@type\":\"BreadcrumbList\",\"@id\":\"https:\\\/\\\/gardenersfriend.eu\\\/sv\\\/produkt\\\/mus-och-rattfalla-starkt-lim-10-delar\\\/#breadcrumb\",\"itemListElement\":[{\"@type\":\"ListItem\",\"position\":1,\"name\":\"Strona g\u0142\u00f3wna\",\"item\":\"https:\\\/\\\/gardenersfriend.eu\\\/sv\\\/\"},{\"@type\":\"ListItem\",\"position\":2,\"name\":\"Butik\",\"item\":\"https:\\\/\\\/gardenersfriend.eu\\\/shop\\\/\"},{\"@type\":\"ListItem\",\"position\":3,\"name\":\"Mus- och r\u00e5ttf\u00e4lla starkt lim &#8211; 10 delar\"}]},{\"@type\":\"WebSite\",\"@id\":\"https:\\\/\\\/gardenersfriend.eu\\\/sv\\\/#website\",\"url\":\"https:\\\/\\\/gardenersfriend.eu\\\/sv\\\/\",\"name\":\"Gardeners Friend\",\"description\":\"herbicides, fertilisers, roundup\",\"publisher\":{\"@id\":\"https:\\\/\\\/gardenersfriend.eu\\\/sv\\\/#organization\"},\"potentialAction\":[{\"@type\":\"SearchAction\",\"target\":{\"@type\":\"EntryPoint\",\"urlTemplate\":\"https:\\\/\\\/gardenersfriend.eu\\\/sv\\\/?s={search_term_string}\"},\"query-input\":{\"@type\":\"PropertyValueSpecification\",\"valueRequired\":true,\"valueName\":\"search_term_string\"}}],\"inLanguage\":\"sv-SE\"},{\"@type\":\"Organization\",\"@id\":\"https:\\\/\\\/gardenersfriend.eu\\\/sv\\\/#organization\",\"name\":\"Gardeners Friend\",\"url\":\"https:\\\/\\\/gardenersfriend.eu\\\/sv\\\/\",\"logo\":{\"@type\":\"ImageObject\",\"inLanguage\":\"sv-SE\",\"@id\":\"https:\\\/\\\/gardenersfriend.eu\\\/sv\\\/#\\\/schema\\\/logo\\\/image\\\/\",\"url\":\"https:\\\/\\\/gardenersfriend.eu\\\/wp-content\\\/uploads\\\/2025\\\/09\\\/gf_accepted_big_logo.png\",\"contentUrl\":\"https:\\\/\\\/gardenersfriend.eu\\\/wp-content\\\/uploads\\\/2025\\\/09\\\/gf_accepted_big_logo.png\",\"width\":2000,\"height\":1000,\"caption\":\"Gardeners Friend\"},\"image\":{\"@id\":\"https:\\\/\\\/gardenersfriend.eu\\\/sv\\\/#\\\/schema\\\/logo\\\/image\\\/\"},\"sameAs\":[\"https:\\\/\\\/www.facebook.com\\\/people\\\/Gardeners-Friend-Store\\\/61566268054378\\\/\",\"https:\\\/\\\/www.instagram.com\\\/gardeners_friend_store\\\/\"]}]}<\/script>\n<!-- \/ Yoast SEO plugin. -->","yoast_head_json":{"title":"Mus- och r\u00e5ttf\u00e4lla starkt lim - 10 delar - Gardeners Friend","description":"Mus- och r\u00e5ttf\u00e4lla Tre g\u00e5nger s\u00e5 stor m\u00e4ngd lim - 32 g. V\u00e5ra f\u00e4llor f\u00e5ngar gnagare, inte flugor. Effektiv och s\u00e4ker kontroll av sm\u00e5gnagare","robots":{"index":"index","follow":"follow","max-snippet":"max-snippet:-1","max-image-preview":"max-image-preview:large","max-video-preview":"max-video-preview:-1"},"canonical":"https:\/\/gardenersfriend.eu\/sv\/produkt\/mus-och-rattfalla-starkt-lim-10-delar\/","og_locale":"sv_SE","og_type":"article","og_title":"Mus- och r\u00e5ttf\u00e4lla starkt lim - 10 delar - Gardeners Friend","og_description":"Mus- och r\u00e5ttf\u00e4lla Tre g\u00e5nger s\u00e5 stor m\u00e4ngd lim - 32 g. V\u00e5ra f\u00e4llor f\u00e5ngar gnagare, inte flugor. Effektiv och s\u00e4ker kontroll av sm\u00e5gnagare","og_url":"https:\/\/gardenersfriend.eu\/sv\/produkt\/mus-och-rattfalla-starkt-lim-10-delar\/","og_site_name":"Gardeners Friend","article_publisher":"https:\/\/www.facebook.com\/people\/Gardeners-Friend-Store\/61566268054378\/","article_modified_time":"2026-04-15T03:37:10+00:00","og_image":[{"width":993,"height":997,"url":"https:\/\/gardenersfriend.eu\/wp-content\/uploads\/2026\/02\/MouseAndRatTrapGlue1.jpg","type":"image\/jpeg"}],"twitter_card":"summary_large_image","twitter_misc":{"Ber\u00e4knad l\u00e4stid":"2 minuter"},"schema":{"@context":"https:\/\/schema.org","@graph":[{"@type":"WebPage","@id":"https:\/\/gardenersfriend.eu\/sv\/produkt\/mus-och-rattfalla-starkt-lim-10-delar\/","url":"https:\/\/gardenersfriend.eu\/sv\/produkt\/mus-och-rattfalla-starkt-lim-10-delar\/","name":"Mus- och r\u00e5ttf\u00e4lla starkt lim - 10 delar - Gardeners Friend","isPartOf":{"@id":"https:\/\/gardenersfriend.eu\/sv\/#website"},"primaryImageOfPage":{"@id":"https:\/\/gardenersfriend.eu\/sv\/produkt\/mus-och-rattfalla-starkt-lim-10-delar\/#primaryimage"},"image":{"@id":"https:\/\/gardenersfriend.eu\/sv\/produkt\/mus-och-rattfalla-starkt-lim-10-delar\/#primaryimage"},"thumbnailUrl":"https:\/\/gardenersfriend.eu\/wp-content\/uploads\/2026\/02\/MouseAndRatTrapGlue1.jpg","datePublished":"2026-02-19T03:57:39+00:00","dateModified":"2026-04-15T03:37:10+00:00","description":"Mus- och r\u00e5ttf\u00e4lla Tre g\u00e5nger s\u00e5 stor m\u00e4ngd lim - 32 g. V\u00e5ra f\u00e4llor f\u00e5ngar gnagare, inte flugor. Effektiv och s\u00e4ker kontroll av sm\u00e5gnagare","breadcrumb":{"@id":"https:\/\/gardenersfriend.eu\/sv\/produkt\/mus-och-rattfalla-starkt-lim-10-delar\/#breadcrumb"},"inLanguage":"sv-SE","potentialAction":[{"@type":"ReadAction","target":["https:\/\/gardenersfriend.eu\/sv\/produkt\/mus-och-rattfalla-starkt-lim-10-delar\/"]}]},{"@type":"ImageObject","inLanguage":"sv-SE","@id":"https:\/\/gardenersfriend.eu\/sv\/produkt\/mus-och-rattfalla-starkt-lim-10-delar\/#primaryimage","url":"https:\/\/gardenersfriend.eu\/wp-content\/uploads\/2026\/02\/MouseAndRatTrapGlue1.jpg","contentUrl":"https:\/\/gardenersfriend.eu\/wp-content\/uploads\/2026\/02\/MouseAndRatTrapGlue1.jpg","width":993,"height":997,"caption":"Mus- och r\u00e5ttf\u00e4lla Lim"},{"@type":"BreadcrumbList","@id":"https:\/\/gardenersfriend.eu\/sv\/produkt\/mus-och-rattfalla-starkt-lim-10-delar\/#breadcrumb","itemListElement":[{"@type":"ListItem","position":1,"name":"Strona g\u0142\u00f3wna","item":"https:\/\/gardenersfriend.eu\/sv\/"},{"@type":"ListItem","position":2,"name":"Butik","item":"https:\/\/gardenersfriend.eu\/shop\/"},{"@type":"ListItem","position":3,"name":"Mus- och r\u00e5ttf\u00e4lla starkt lim &#8211; 10 delar"}]},{"@type":"WebSite","@id":"https:\/\/gardenersfriend.eu\/sv\/#website","url":"https:\/\/gardenersfriend.eu\/sv\/","name":"Gardeners Friend","description":"herbicides, fertilisers, roundup","publisher":{"@id":"https:\/\/gardenersfriend.eu\/sv\/#organization"},"potentialAction":[{"@type":"SearchAction","target":{"@type":"EntryPoint","urlTemplate":"https:\/\/gardenersfriend.eu\/sv\/?s={search_term_string}"},"query-input":{"@type":"PropertyValueSpecification","valueRequired":true,"valueName":"search_term_string"}}],"inLanguage":"sv-SE"},{"@type":"Organization","@id":"https:\/\/gardenersfriend.eu\/sv\/#organization","name":"Gardeners Friend","url":"https:\/\/gardenersfriend.eu\/sv\/","logo":{"@type":"ImageObject","inLanguage":"sv-SE","@id":"https:\/\/gardenersfriend.eu\/sv\/#\/schema\/logo\/image\/","url":"https:\/\/gardenersfriend.eu\/wp-content\/uploads\/2025\/09\/gf_accepted_big_logo.png","contentUrl":"https:\/\/gardenersfriend.eu\/wp-content\/uploads\/2025\/09\/gf_accepted_big_logo.png","width":2000,"height":1000,"caption":"Gardeners Friend"},"image":{"@id":"https:\/\/gardenersfriend.eu\/sv\/#\/schema\/logo\/image\/"},"sameAs":["https:\/\/www.facebook.com\/people\/Gardeners-Friend-Store\/61566268054378\/","https:\/\/www.instagram.com\/gardeners_friend_store\/"]}]}},"uagb_featured_image_src":{"full":["https:\/\/gardenersfriend.eu\/wp-content\/uploads\/2026\/02\/MouseAndRatTrapGlue1.jpg",993,997,false],"thumbnail":["https:\/\/gardenersfriend.eu\/wp-content\/uploads\/2026\/02\/MouseAndRatTrapGlue1-150x150.jpg",150,150,true],"medium":["https:\/\/gardenersfriend.eu\/wp-content\/uploads\/2026\/02\/MouseAndRatTrapGlue1-300x300.jpg",300,300,true],"medium_large":["https:\/\/gardenersfriend.eu\/wp-content\/uploads\/2026\/02\/MouseAndRatTrapGlue1-768x771.jpg",768,771,true],"large":["https:\/\/gardenersfriend.eu\/wp-content\/uploads\/2026\/02\/MouseAndRatTrapGlue1.jpg",993,997,false],"1536x1536":["https:\/\/gardenersfriend.eu\/wp-content\/uploads\/2026\/02\/MouseAndRatTrapGlue1.jpg",993,997,false],"2048x2048":["https:\/\/gardenersfriend.eu\/wp-content\/uploads\/2026\/02\/MouseAndRatTrapGlue1.jpg",993,997,false],"woocommerce_thumbnail":["https:\/\/gardenersfriend.eu\/wp-content\/uploads\/2026\/02\/MouseAndRatTrapGlue1-300x300.jpg",300,300,true],"woocommerce_single":["https:\/\/gardenersfriend.eu\/wp-content\/uploads\/2026\/02\/MouseAndRatTrapGlue1-600x602.jpg",600,602,true],"woocommerce_gallery_thumbnail":["https:\/\/gardenersfriend.eu\/wp-content\/uploads\/2026\/02\/MouseAndRatTrapGlue1-100x100.jpg",100,100,true]},"uagb_author_info":{"display_name":"admin","author_link":"https:\/\/gardenersfriend.eu\/sv\/author\/"},"uagb_comment_info":0,"uagb_excerpt":"Mus- och r\u00e5ttf\u00e4lla Tre g\u00e5nger s\u00e5 stor m\u00e4ngd lim - 32 g. V\u00e5ra f\u00e4llor f\u00e5ngar gnagare, inte flugor. Effektiv och s\u00e4ker kontroll av sm\u00e5gnagare","jetpack_sharing_enabled":true,"_links":{"self":[{"href":"https:\/\/gardenersfriend.eu\/sv\/wp-json\/wp\/v2\/product\/8830","targetHints":{"allow":["GET"]}}],"collection":[{"href":"https:\/\/gardenersfriend.eu\/sv\/wp-json\/wp\/v2\/product"}],"about":[{"href":"https:\/\/gardenersfriend.eu\/sv\/wp-json\/wp\/v2\/types\/product"}],"replies":[{"embeddable":true,"href":"https:\/\/gardenersfriend.eu\/sv\/wp-json\/wp\/v2\/comments?post=8830"}],"wp:featuredmedia":[{"embeddable":true,"href":"https:\/\/gardenersfriend.eu\/sv\/wp-json\/wp\/v2\/media\/8808"}],"wp:attachment":[{"href":"https:\/\/gardenersfriend.eu\/sv\/wp-json\/wp\/v2\/media?parent=8830"}],"wp:term":[{"taxonomy":"product_brand","embeddable":true,"href":"https:\/\/gardenersfriend.eu\/sv\/wp-json\/wp\/v2\/product_brand?post=8830"},{"taxonomy":"product_cat","embeddable":true,"href":"https:\/\/gardenersfriend.eu\/sv\/wp-json\/wp\/v2\/product_cat?post=8830"},{"taxonomy":"product_tag","embeddable":true,"href":"https:\/\/gardenersfriend.eu\/sv\/wp-json\/wp\/v2\/product_tag?post=8830"}],"curies":[{"name":"wp","href":"https:\/\/api.w.org\/{rel}","templated":true}]}}